{"id":43906,"date":"2025-10-01T02:13:21","date_gmt":"2025-10-01T02:13:21","guid":{"rendered":"https:\/\/lovme.pt\/?post_type=product&p=43906"},"modified":"2026-02-19T20:18:52","modified_gmt":"2026-02-19T20:18:52","slug":"pretty-love-van-anal-balls-10-vibraoes-silicone-recarregvel","status":"publish","type":"product","link":"https:\/\/lovme.pt\/index.php\/produto\/pretty-love-van-anal-balls-10-vibraoes-silicone-recarregvel\/","title":{"rendered":"PRETTY LOVE &#8211; VAN ANAL BALLS 10 VIBRA\u00d5ES SILICONE RECARREGVEL"},"content":{"rendered":"<p>Se voc\u00ea deseja sondar seu ponto P ou pegar a porta dos fundos de seu ponto G, v\u00e1 ao fundo de seus desejos com o vibrador anal com contas de 10 fun\u00e7\u00f5es Pretty Love! Perfeito para brincar sozinho ou com parceiro, descubra sensa\u00e7\u00f5es de tremer os joelhos enquanto seu esp\u00f3lio cumprimenta cada conta com 10 intensidades e padr\u00f5es de vibra\u00e7\u00e3o poderosos. Feito de silicone, acabamento higi\u00eanico, adicione um pouco de lubrificante \u00e0 base de \u00e1gua para um deslizamento glorioso. A al\u00e7a \u00e9 f\u00e1cil de segurar pelos usu\u00e1rios. Sempre que voc\u00ea estiver, este elegante vibrador anal carrega por USB para estimula\u00e7\u00e3o r\u00e1pida e conveniente.<\/p>\n<ul>\n<li> <strong>Fun\u00e7\u00e3o:<\/strong> 10 fun\u00e7\u00f5es de vibra\u00e7\u00e3o<\/li>\n<li> <strong>\u00c0 prova d\u00e1gua:<\/strong> Sim<\/li>\n<li> <strong>Alimenta\u00e7\u00e3o:<\/strong> USB recarreg\u00e1vel<\/li>\n<li> <strong>Material:<\/strong> silicone<\/li>\n<li> <strong>Cor:<\/strong> 0801S Preto<\/li>\n<li> <strong>Tamanho da embalagem mm:<\/strong> 270*90*50<\/li>\n<\/ul>\n","protected":false},"excerpt":{"rendered":"<p>PRETTY LOVE &#8211; VAN ANAL BALLS 10 VIBRA\u00d5ES SILICONE RECARREGVEL<\/p>\n","protected":false},"featured_media":95543,"template":"","meta":{"_acf_changed":false},"product_brand":[],"product_cat":[54,17,61,62,63],"product_tag":[],"class_list":{"0":"post-43906","1":"product","2":"type-product","3":"status-publish","4":"has-post-thumbnail","6":"product_cat-bolas-chinesas","7":"product_cat-brinquedos-de-bem-estar-sexual","8":"product_cat-para-elas","9":"product_cat-plugues-e-correntes-anais","10":"product_cat-sexo-anal","11":"yith_product_brand-pretty-love","13":"first","14":"instock","15":"taxable","16":"shipping-taxable","17":"purchasable","18":"product-type-simple"},"acf":[],"yoast_head":"<!-- This site is optimized with the Yoast SEO plugin v27.3 - https:\/\/yoast.com\/product\/yoast-seo-wordpress\/ -->\n<title>PRETTY LOVE - VAN ANAL BALLS 10 VIBRA\u00d5ES SILICONE RECARREGVEL - Lovme<\/title>\n<meta name=\"robots\" content=\"index, follow, max-snippet:-1, max-image-preview:large, max-video-preview:-1\" \/>\n<link rel=\"canonical\" href=\"https:\/\/lovme.pt\/index.php\/produto\/pretty-love-van-anal-balls-10-vibraoes-silicone-recarregvel\/\" \/>\n<meta property=\"og:locale\" content=\"pt_PT\" \/>\n<meta property=\"og:type\" content=\"article\" \/>\n<meta property=\"og:title\" content=\"PRETTY LOVE - VAN ANAL BALLS 10 VIBRA\u00d5ES SILICONE RECARREGVEL - Lovme\" \/>\n<meta property=\"og:description\" content=\"PRETTY LOVE - VAN ANAL BALLS 10 VIBRA\u00d5ES SILICONE RECARREGVEL\" \/>\n<meta property=\"og:url\" content=\"https:\/\/lovme.pt\/index.php\/produto\/pretty-love-van-anal-balls-10-vibraoes-silicone-recarregvel\/\" \/>\n<meta property=\"og:site_name\" content=\"Lovme\" \/>\n<meta property=\"article:modified_time\" content=\"2026-02-19T20:18:52+00:00\" \/>\n<meta property=\"og:image\" content=\"https:\/\/erki24nd3ub.exactdn.com\/wp-content\/uploads\/dream\/img\/img_148328_9cd2a2535a336991dd49f90f91bbf1e8_1.jpg?strip=all\" \/>\n\t<meta property=\"og:image:width\" content=\"800\" \/>\n\t<meta property=\"og:image:height\" content=\"800\" \/>\n\t<meta property=\"og:image:type\" content=\"image\/jpeg\" \/>\n<meta name=\"twitter:card\" content=\"summary_large_image\" \/>\n<meta name=\"twitter:label1\" content=\"Tempo estimado de leitura\" \/>\n\t<meta name=\"twitter:data1\" content=\"1 minuto\" \/>\n<script type=\"application\/ld+json\" class=\"yoast-schema-graph\">{\"@context\":\"https:\\\/\\\/schema.org\",\"@graph\":[{\"@type\":\"WebPage\",\"@id\":\"https:\\\/\\\/lovme.pt\\\/index.php\\\/produto\\\/pretty-love-van-anal-balls-10-vibraoes-silicone-recarregvel\\\/\",\"url\":\"https:\\\/\\\/lovme.pt\\\/index.php\\\/produto\\\/pretty-love-van-anal-balls-10-vibraoes-silicone-recarregvel\\\/\",\"name\":\"PRETTY LOVE - VAN ANAL BALLS 10 VIBRA\u00d5ES SILICONE RECARREGVEL - Lovme\",\"isPartOf\":{\"@id\":\"https:\\\/\\\/lovme.pt\\\/#website\"},\"primaryImageOfPage\":{\"@id\":\"https:\\\/\\\/lovme.pt\\\/index.php\\\/produto\\\/pretty-love-van-anal-balls-10-vibraoes-silicone-recarregvel\\\/#primaryimage\"},\"image\":{\"@id\":\"https:\\\/\\\/lovme.pt\\\/index.php\\\/produto\\\/pretty-love-van-anal-balls-10-vibraoes-silicone-recarregvel\\\/#primaryimage\"},\"thumbnailUrl\":\"https:\\\/\\\/erki24nd3ub.exactdn.com\\\/wp-content\\\/uploads\\\/dream\\\/img\\\/img_148328_9cd2a2535a336991dd49f90f91bbf1e8_1.jpg?strip=all\",\"datePublished\":\"2025-10-01T02:13:21+00:00\",\"dateModified\":\"2026-02-19T20:18:52+00:00\",\"breadcrumb\":{\"@id\":\"https:\\\/\\\/lovme.pt\\\/index.php\\\/produto\\\/pretty-love-van-anal-balls-10-vibraoes-silicone-recarregvel\\\/#breadcrumb\"},\"inLanguage\":\"pt-PT\",\"potentialAction\":[{\"@type\":\"ReadAction\",\"target\":[\"https:\\\/\\\/lovme.pt\\\/index.php\\\/produto\\\/pretty-love-van-anal-balls-10-vibraoes-silicone-recarregvel\\\/\"]}]},{\"@type\":\"ImageObject\",\"inLanguage\":\"pt-PT\",\"@id\":\"https:\\\/\\\/lovme.pt\\\/index.php\\\/produto\\\/pretty-love-van-anal-balls-10-vibraoes-silicone-recarregvel\\\/#primaryimage\",\"url\":\"https:\\\/\\\/erki24nd3ub.exactdn.com\\\/wp-content\\\/uploads\\\/dream\\\/img\\\/img_148328_9cd2a2535a336991dd49f90f91bbf1e8_1.jpg?strip=all\",\"contentUrl\":\"https:\\\/\\\/erki24nd3ub.exactdn.com\\\/wp-content\\\/uploads\\\/dream\\\/img\\\/img_148328_9cd2a2535a336991dd49f90f91bbf1e8_1.jpg?strip=all\",\"width\":800,\"height\":800},{\"@type\":\"BreadcrumbList\",\"@id\":\"https:\\\/\\\/lovme.pt\\\/index.php\\\/produto\\\/pretty-love-van-anal-balls-10-vibraoes-silicone-recarregvel\\\/#breadcrumb\",\"itemListElement\":[{\"@type\":\"ListItem\",\"position\":1,\"name\":\"In\u00edcio\",\"item\":\"https:\\\/\\\/lovme.pt\\\/\"},{\"@type\":\"ListItem\",\"position\":2,\"name\":\"Loja\",\"item\":\"https:\\\/\\\/lovme.pt\\\/index.php\\\/loja\\\/\"},{\"@type\":\"ListItem\",\"position\":3,\"name\":\"PRETTY LOVE &#8211; VAN ANAL BALLS 10 VIBRA\u00d5ES SILICONE RECARREGVEL\"}]},{\"@type\":\"WebSite\",\"@id\":\"https:\\\/\\\/lovme.pt\\\/#website\",\"url\":\"https:\\\/\\\/lovme.pt\\\/\",\"name\":\"Lovme Loja Er\u00f3tica N\u00ba1 em Portugal\",\"description\":\"A melhor loja er\u00f3tica de Portugal.\",\"alternateName\":\"Loja Er\u00f3tica Lovme\",\"potentialAction\":[{\"@type\":\"SearchAction\",\"target\":{\"@type\":\"EntryPoint\",\"urlTemplate\":\"https:\\\/\\\/lovme.pt\\\/?s={search_term_string}\"},\"query-input\":{\"@type\":\"PropertyValueSpecification\",\"valueRequired\":true,\"valueName\":\"search_term_string\"}}],\"inLanguage\":\"pt-PT\"}]}<\/script>\n<!-- \/ Yoast SEO plugin. -->","yoast_head_json":{"title":"PRETTY LOVE - VAN ANAL BALLS 10 VIBRA\u00d5ES SILICONE RECARREGVEL - Lovme","robots":{"index":"index","follow":"follow","max-snippet":"max-snippet:-1","max-image-preview":"max-image-preview:large","max-video-preview":"max-video-preview:-1"},"canonical":"https:\/\/lovme.pt\/index.php\/produto\/pretty-love-van-anal-balls-10-vibraoes-silicone-recarregvel\/","og_locale":"pt_PT","og_type":"article","og_title":"PRETTY LOVE - VAN ANAL BALLS 10 VIBRA\u00d5ES SILICONE RECARREGVEL - Lovme","og_description":"PRETTY LOVE - VAN ANAL BALLS 10 VIBRA\u00d5ES SILICONE RECARREGVEL","og_url":"https:\/\/lovme.pt\/index.php\/produto\/pretty-love-van-anal-balls-10-vibraoes-silicone-recarregvel\/","og_site_name":"Lovme","article_modified_time":"2026-02-19T20:18:52+00:00","og_image":[{"width":800,"height":800,"url":"https:\/\/erki24nd3ub.exactdn.com\/wp-content\/uploads\/dream\/img\/img_148328_9cd2a2535a336991dd49f90f91bbf1e8_1.jpg?strip=all","type":"image\/jpeg"}],"twitter_card":"summary_large_image","twitter_misc":{"Tempo estimado de leitura":"1 minuto"},"schema":{"@context":"https:\/\/schema.org","@graph":[{"@type":"WebPage","@id":"https:\/\/lovme.pt\/index.php\/produto\/pretty-love-van-anal-balls-10-vibraoes-silicone-recarregvel\/","url":"https:\/\/lovme.pt\/index.php\/produto\/pretty-love-van-anal-balls-10-vibraoes-silicone-recarregvel\/","name":"PRETTY LOVE - VAN ANAL BALLS 10 VIBRA\u00d5ES SILICONE RECARREGVEL - Lovme","isPartOf":{"@id":"https:\/\/lovme.pt\/#website"},"primaryImageOfPage":{"@id":"https:\/\/lovme.pt\/index.php\/produto\/pretty-love-van-anal-balls-10-vibraoes-silicone-recarregvel\/#primaryimage"},"image":{"@id":"https:\/\/lovme.pt\/index.php\/produto\/pretty-love-van-anal-balls-10-vibraoes-silicone-recarregvel\/#primaryimage"},"thumbnailUrl":"https:\/\/erki24nd3ub.exactdn.com\/wp-content\/uploads\/dream\/img\/img_148328_9cd2a2535a336991dd49f90f91bbf1e8_1.jpg?strip=all","datePublished":"2025-10-01T02:13:21+00:00","dateModified":"2026-02-19T20:18:52+00:00","breadcrumb":{"@id":"https:\/\/lovme.pt\/index.php\/produto\/pretty-love-van-anal-balls-10-vibraoes-silicone-recarregvel\/#breadcrumb"},"inLanguage":"pt-PT","potentialAction":[{"@type":"ReadAction","target":["https:\/\/lovme.pt\/index.php\/produto\/pretty-love-van-anal-balls-10-vibraoes-silicone-recarregvel\/"]}]},{"@type":"ImageObject","inLanguage":"pt-PT","@id":"https:\/\/lovme.pt\/index.php\/produto\/pretty-love-van-anal-balls-10-vibraoes-silicone-recarregvel\/#primaryimage","url":"https:\/\/erki24nd3ub.exactdn.com\/wp-content\/uploads\/dream\/img\/img_148328_9cd2a2535a336991dd49f90f91bbf1e8_1.jpg?strip=all","contentUrl":"https:\/\/erki24nd3ub.exactdn.com\/wp-content\/uploads\/dream\/img\/img_148328_9cd2a2535a336991dd49f90f91bbf1e8_1.jpg?strip=all","width":800,"height":800},{"@type":"BreadcrumbList","@id":"https:\/\/lovme.pt\/index.php\/produto\/pretty-love-van-anal-balls-10-vibraoes-silicone-recarregvel\/#breadcrumb","itemListElement":[{"@type":"ListItem","position":1,"name":"In\u00edcio","item":"https:\/\/lovme.pt\/"},{"@type":"ListItem","position":2,"name":"Loja","item":"https:\/\/lovme.pt\/index.php\/loja\/"},{"@type":"ListItem","position":3,"name":"PRETTY LOVE &#8211; VAN ANAL BALLS 10 VIBRA\u00d5ES SILICONE RECARREGVEL"}]},{"@type":"WebSite","@id":"https:\/\/lovme.pt\/#website","url":"https:\/\/lovme.pt\/","name":"Lovme Loja Er\u00f3tica N\u00ba1 em Portugal","description":"A melhor loja er\u00f3tica de Portugal.","alternateName":"Loja Er\u00f3tica Lovme","potentialAction":[{"@type":"SearchAction","target":{"@type":"EntryPoint","urlTemplate":"https:\/\/lovme.pt\/?s={search_term_string}"},"query-input":{"@type":"PropertyValueSpecification","valueRequired":true,"valueName":"search_term_string"}}],"inLanguage":"pt-PT"}]}},"_links":{"self":[{"href":"https:\/\/lovme.pt\/index.php\/wp-json\/wp\/v2\/product\/43906","targetHints":{"allow":["GET"]}}],"collection":[{"href":"https:\/\/lovme.pt\/index.php\/wp-json\/wp\/v2\/product"}],"about":[{"href":"https:\/\/lovme.pt\/index.php\/wp-json\/wp\/v2\/types\/product"}],"wp:featuredmedia":[{"embeddable":true,"href":"https:\/\/lovme.pt\/index.php\/wp-json\/wp\/v2\/media\/95543"}],"wp:attachment":[{"href":"https:\/\/lovme.pt\/index.php\/wp-json\/wp\/v2\/media?parent=43906"}],"wp:term":[{"taxonomy":"product_brand","embeddable":true,"href":"https:\/\/lovme.pt\/index.php\/wp-json\/wp\/v2\/product_brand?post=43906"},{"taxonomy":"product_cat","embeddable":true,"href":"https:\/\/lovme.pt\/index.php\/wp-json\/wp\/v2\/product_cat?post=43906"},{"taxonomy":"product_tag","embeddable":true,"href":"https:\/\/lovme.pt\/index.php\/wp-json\/wp\/v2\/product_tag?post=43906"}],"curies":[{"name":"wp","href":"https:\/\/api.w.org\/{rel}","templated":true}]}}