{"id":43904,"date":"2025-09-30T09:59:21","date_gmt":"2025-09-30T09:59:21","guid":{"rendered":"https:\/\/lovme.pt\/?post_type=product&p=43904"},"modified":"2026-02-19T20:06:10","modified_gmt":"2026-02-19T20:06:10","slug":"pretty-love-banana-knight-super-power-7-vibraoes-de-silicone","status":"publish","type":"product","link":"https:\/\/lovme.pt\/index.php\/produto\/pretty-love-banana-knight-super-power-7-vibraoes-de-silicone\/","title":{"rendered":"PRETTY LOVE &#8211; BANANA KNIGHT SUPER POWER 7 VIBRA\u00d5ES DE SILICONE"},"content":{"rendered":"<p>Uma fonte saud\u00e1vel de orgasmos, o vibrador de silicone Pretty Love Banana Knight tem tudo a ver com divers\u00e3o e bem-estar! Para um poderoso prazer clitoriano e vaginal, com sete modos de vibra\u00e7\u00e3o satisfat\u00f3rios, este lindo vibrador fornece toda a nutri\u00e7\u00e3o impertinente que voc\u00ea precisa. Com um fiozinho de lubrificante \u00e0 base de \u00e1gua, o corpo largo e curvil\u00edneo de Banana Knight concentra suas fortes vibra\u00e7\u00f5es para estimula\u00e7\u00e3o intensificada, exatamente no seu ponto ideal. Feito de silicone sedoso para um deslizamento sensacional, tamb\u00e9m \u00e9 muito f\u00e1cil de manter limpo e \u00e9 recarreg\u00e1vel por USB.<\/p>\n<ul>\n<li><strong>Fun\u00e7\u00e3o:<\/strong> 7 fun\u00e7\u00f5es de vibra\u00e7\u00e3o<\/li>\n<li><strong>Alimenta\u00e7\u00e3o:<\/strong> USB recarreg\u00e1vel<\/li>\n<li><strong>Material:<\/strong> silicone<\/li>\n<li><strong>Cor:<\/strong> 0402S Verde Claro<\/li>\n<li><strong>Tamanho da embalagem mm:<\/strong> 220*110*55<\/li>\n<\/ul>\n","protected":false},"excerpt":{"rendered":"<p>PRETTY LOVE &#8211; BANANA KNIGHT SUPER POWER 7 VIBRA\u00d5ES DE SILICONE<\/p>\n","protected":false},"featured_media":60539,"template":"","meta":{"_acf_changed":false},"product_brand":[],"product_cat":[17,63,76],"product_tag":[],"class_list":{"0":"post-43904","1":"product","2":"type-product","3":"status-publish","4":"has-post-thumbnail","6":"product_cat-brinquedos-de-bem-estar-sexual","7":"product_cat-sexo-anal","8":"product_cat-vibradores","9":"yith_product_brand-pretty-love","11":"first","12":"instock","13":"taxable","14":"shipping-taxable","15":"purchasable","16":"product-type-simple"},"acf":[],"yoast_head":"<!-- This site is optimized with the Yoast SEO plugin v27.4 - https:\/\/yoast.com\/product\/yoast-seo-wordpress\/ -->\n<title>PRETTY LOVE - BANANA KNIGHT SUPER POWER 7 VIBRA\u00d5ES DE SILICONE - Lovme<\/title>\n<meta name=\"robots\" content=\"index, follow, max-snippet:-1, max-image-preview:large, max-video-preview:-1\" \/>\n<link rel=\"canonical\" href=\"https:\/\/lovme.pt\/index.php\/produto\/pretty-love-banana-knight-super-power-7-vibraoes-de-silicone\/\" \/>\n<meta property=\"og:locale\" content=\"pt_PT\" \/>\n<meta property=\"og:type\" content=\"article\" \/>\n<meta property=\"og:title\" content=\"PRETTY LOVE - BANANA KNIGHT SUPER POWER 7 VIBRA\u00d5ES DE SILICONE - Lovme\" \/>\n<meta property=\"og:description\" content=\"PRETTY LOVE - BANANA KNIGHT SUPER POWER 7 VIBRA\u00d5ES DE SILICONE\" \/>\n<meta property=\"og:url\" content=\"https:\/\/lovme.pt\/index.php\/produto\/pretty-love-banana-knight-super-power-7-vibraoes-de-silicone\/\" \/>\n<meta property=\"og:site_name\" content=\"Lovme\" \/>\n<meta property=\"article:modified_time\" content=\"2026-02-19T20:06:10+00:00\" \/>\n<meta property=\"og:image\" content=\"https:\/\/erki24nd3ub.exactdn.com\/wp-content\/uploads\/dream\/img\/img_148280_add9a97f2b2a8fd6391cc70e47c43d1b_1.jpg?strip=all\" \/>\n\t<meta property=\"og:image:width\" content=\"800\" \/>\n\t<meta property=\"og:image:height\" content=\"800\" \/>\n\t<meta property=\"og:image:type\" content=\"image\/jpeg\" \/>\n<meta name=\"twitter:card\" content=\"summary_large_image\" \/>\n<meta name=\"twitter:label1\" content=\"Tempo estimado de leitura\" \/>\n\t<meta name=\"twitter:data1\" content=\"1 minuto\" \/>\n<script type=\"application\/ld+json\" class=\"yoast-schema-graph\">{\"@context\":\"https:\\\/\\\/schema.org\",\"@graph\":[{\"@type\":\"WebPage\",\"@id\":\"https:\\\/\\\/lovme.pt\\\/index.php\\\/produto\\\/pretty-love-banana-knight-super-power-7-vibraoes-de-silicone\\\/\",\"url\":\"https:\\\/\\\/lovme.pt\\\/index.php\\\/produto\\\/pretty-love-banana-knight-super-power-7-vibraoes-de-silicone\\\/\",\"name\":\"PRETTY LOVE - BANANA KNIGHT SUPER POWER 7 VIBRA\u00d5ES DE SILICONE - Lovme\",\"isPartOf\":{\"@id\":\"https:\\\/\\\/lovme.pt\\\/#website\"},\"primaryImageOfPage\":{\"@id\":\"https:\\\/\\\/lovme.pt\\\/index.php\\\/produto\\\/pretty-love-banana-knight-super-power-7-vibraoes-de-silicone\\\/#primaryimage\"},\"image\":{\"@id\":\"https:\\\/\\\/lovme.pt\\\/index.php\\\/produto\\\/pretty-love-banana-knight-super-power-7-vibraoes-de-silicone\\\/#primaryimage\"},\"thumbnailUrl\":\"https:\\\/\\\/erki24nd3ub.exactdn.com\\\/wp-content\\\/uploads\\\/dream\\\/img\\\/img_148280_add9a97f2b2a8fd6391cc70e47c43d1b_1.jpg?strip=all\",\"datePublished\":\"2025-09-30T09:59:21+00:00\",\"dateModified\":\"2026-02-19T20:06:10+00:00\",\"breadcrumb\":{\"@id\":\"https:\\\/\\\/lovme.pt\\\/index.php\\\/produto\\\/pretty-love-banana-knight-super-power-7-vibraoes-de-silicone\\\/#breadcrumb\"},\"inLanguage\":\"pt-PT\",\"potentialAction\":[{\"@type\":\"ReadAction\",\"target\":[\"https:\\\/\\\/lovme.pt\\\/index.php\\\/produto\\\/pretty-love-banana-knight-super-power-7-vibraoes-de-silicone\\\/\"]}]},{\"@type\":\"ImageObject\",\"inLanguage\":\"pt-PT\",\"@id\":\"https:\\\/\\\/lovme.pt\\\/index.php\\\/produto\\\/pretty-love-banana-knight-super-power-7-vibraoes-de-silicone\\\/#primaryimage\",\"url\":\"https:\\\/\\\/erki24nd3ub.exactdn.com\\\/wp-content\\\/uploads\\\/dream\\\/img\\\/img_148280_add9a97f2b2a8fd6391cc70e47c43d1b_1.jpg?strip=all\",\"contentUrl\":\"https:\\\/\\\/erki24nd3ub.exactdn.com\\\/wp-content\\\/uploads\\\/dream\\\/img\\\/img_148280_add9a97f2b2a8fd6391cc70e47c43d1b_1.jpg?strip=all\",\"width\":800,\"height\":800},{\"@type\":\"BreadcrumbList\",\"@id\":\"https:\\\/\\\/lovme.pt\\\/index.php\\\/produto\\\/pretty-love-banana-knight-super-power-7-vibraoes-de-silicone\\\/#breadcrumb\",\"itemListElement\":[{\"@type\":\"ListItem\",\"position\":1,\"name\":\"In\u00edcio\",\"item\":\"https:\\\/\\\/lovme.pt\\\/\"},{\"@type\":\"ListItem\",\"position\":2,\"name\":\"Loja\",\"item\":\"https:\\\/\\\/lovme.pt\\\/index.php\\\/loja\\\/\"},{\"@type\":\"ListItem\",\"position\":3,\"name\":\"PRETTY LOVE &#8211; BANANA KNIGHT SUPER POWER 7 VIBRA\u00d5ES DE SILICONE\"}]},{\"@type\":\"WebSite\",\"@id\":\"https:\\\/\\\/lovme.pt\\\/#website\",\"url\":\"https:\\\/\\\/lovme.pt\\\/\",\"name\":\"Lovme Loja Er\u00f3tica N\u00ba1 em Portugal\",\"description\":\"A melhor loja er\u00f3tica de Portugal.\",\"alternateName\":\"Loja Er\u00f3tica Lovme\",\"potentialAction\":[{\"@type\":\"SearchAction\",\"target\":{\"@type\":\"EntryPoint\",\"urlTemplate\":\"https:\\\/\\\/lovme.pt\\\/?s={search_term_string}\"},\"query-input\":{\"@type\":\"PropertyValueSpecification\",\"valueRequired\":true,\"valueName\":\"search_term_string\"}}],\"inLanguage\":\"pt-PT\"}]}<\/script>\n<!-- \/ Yoast SEO plugin. -->","yoast_head_json":{"title":"PRETTY LOVE - BANANA KNIGHT SUPER POWER 7 VIBRA\u00d5ES DE SILICONE - Lovme","robots":{"index":"index","follow":"follow","max-snippet":"max-snippet:-1","max-image-preview":"max-image-preview:large","max-video-preview":"max-video-preview:-1"},"canonical":"https:\/\/lovme.pt\/index.php\/produto\/pretty-love-banana-knight-super-power-7-vibraoes-de-silicone\/","og_locale":"pt_PT","og_type":"article","og_title":"PRETTY LOVE - BANANA KNIGHT SUPER POWER 7 VIBRA\u00d5ES DE SILICONE - Lovme","og_description":"PRETTY LOVE - BANANA KNIGHT SUPER POWER 7 VIBRA\u00d5ES DE SILICONE","og_url":"https:\/\/lovme.pt\/index.php\/produto\/pretty-love-banana-knight-super-power-7-vibraoes-de-silicone\/","og_site_name":"Lovme","article_modified_time":"2026-02-19T20:06:10+00:00","og_image":[{"width":800,"height":800,"url":"https:\/\/erki24nd3ub.exactdn.com\/wp-content\/uploads\/dream\/img\/img_148280_add9a97f2b2a8fd6391cc70e47c43d1b_1.jpg?strip=all","type":"image\/jpeg"}],"twitter_card":"summary_large_image","twitter_misc":{"Tempo estimado de leitura":"1 minuto"},"schema":{"@context":"https:\/\/schema.org","@graph":[{"@type":"WebPage","@id":"https:\/\/lovme.pt\/index.php\/produto\/pretty-love-banana-knight-super-power-7-vibraoes-de-silicone\/","url":"https:\/\/lovme.pt\/index.php\/produto\/pretty-love-banana-knight-super-power-7-vibraoes-de-silicone\/","name":"PRETTY LOVE - BANANA KNIGHT SUPER POWER 7 VIBRA\u00d5ES DE SILICONE - Lovme","isPartOf":{"@id":"https:\/\/lovme.pt\/#website"},"primaryImageOfPage":{"@id":"https:\/\/lovme.pt\/index.php\/produto\/pretty-love-banana-knight-super-power-7-vibraoes-de-silicone\/#primaryimage"},"image":{"@id":"https:\/\/lovme.pt\/index.php\/produto\/pretty-love-banana-knight-super-power-7-vibraoes-de-silicone\/#primaryimage"},"thumbnailUrl":"https:\/\/erki24nd3ub.exactdn.com\/wp-content\/uploads\/dream\/img\/img_148280_add9a97f2b2a8fd6391cc70e47c43d1b_1.jpg?strip=all","datePublished":"2025-09-30T09:59:21+00:00","dateModified":"2026-02-19T20:06:10+00:00","breadcrumb":{"@id":"https:\/\/lovme.pt\/index.php\/produto\/pretty-love-banana-knight-super-power-7-vibraoes-de-silicone\/#breadcrumb"},"inLanguage":"pt-PT","potentialAction":[{"@type":"ReadAction","target":["https:\/\/lovme.pt\/index.php\/produto\/pretty-love-banana-knight-super-power-7-vibraoes-de-silicone\/"]}]},{"@type":"ImageObject","inLanguage":"pt-PT","@id":"https:\/\/lovme.pt\/index.php\/produto\/pretty-love-banana-knight-super-power-7-vibraoes-de-silicone\/#primaryimage","url":"https:\/\/erki24nd3ub.exactdn.com\/wp-content\/uploads\/dream\/img\/img_148280_add9a97f2b2a8fd6391cc70e47c43d1b_1.jpg?strip=all","contentUrl":"https:\/\/erki24nd3ub.exactdn.com\/wp-content\/uploads\/dream\/img\/img_148280_add9a97f2b2a8fd6391cc70e47c43d1b_1.jpg?strip=all","width":800,"height":800},{"@type":"BreadcrumbList","@id":"https:\/\/lovme.pt\/index.php\/produto\/pretty-love-banana-knight-super-power-7-vibraoes-de-silicone\/#breadcrumb","itemListElement":[{"@type":"ListItem","position":1,"name":"In\u00edcio","item":"https:\/\/lovme.pt\/"},{"@type":"ListItem","position":2,"name":"Loja","item":"https:\/\/lovme.pt\/index.php\/loja\/"},{"@type":"ListItem","position":3,"name":"PRETTY LOVE &#8211; BANANA KNIGHT SUPER POWER 7 VIBRA\u00d5ES DE SILICONE"}]},{"@type":"WebSite","@id":"https:\/\/lovme.pt\/#website","url":"https:\/\/lovme.pt\/","name":"Lovme Loja Er\u00f3tica N\u00ba1 em Portugal","description":"A melhor loja er\u00f3tica de Portugal.","alternateName":"Loja Er\u00f3tica Lovme","potentialAction":[{"@type":"SearchAction","target":{"@type":"EntryPoint","urlTemplate":"https:\/\/lovme.pt\/?s={search_term_string}"},"query-input":{"@type":"PropertyValueSpecification","valueRequired":true,"valueName":"search_term_string"}}],"inLanguage":"pt-PT"}]}},"_links":{"self":[{"href":"https:\/\/lovme.pt\/index.php\/wp-json\/wp\/v2\/product\/43904","targetHints":{"allow":["GET"]}}],"collection":[{"href":"https:\/\/lovme.pt\/index.php\/wp-json\/wp\/v2\/product"}],"about":[{"href":"https:\/\/lovme.pt\/index.php\/wp-json\/wp\/v2\/types\/product"}],"wp:featuredmedia":[{"embeddable":true,"href":"https:\/\/lovme.pt\/index.php\/wp-json\/wp\/v2\/media\/60539"}],"wp:attachment":[{"href":"https:\/\/lovme.pt\/index.php\/wp-json\/wp\/v2\/media?parent=43904"}],"wp:term":[{"taxonomy":"product_brand","embeddable":true,"href":"https:\/\/lovme.pt\/index.php\/wp-json\/wp\/v2\/product_brand?post=43904"},{"taxonomy":"product_cat","embeddable":true,"href":"https:\/\/lovme.pt\/index.php\/wp-json\/wp\/v2\/product_cat?post=43904"},{"taxonomy":"product_tag","embeddable":true,"href":"https:\/\/lovme.pt\/index.php\/wp-json\/wp\/v2\/product_tag?post=43904"}],"curies":[{"name":"wp","href":"https:\/\/api.w.org\/{rel}","templated":true}]}}