{"id":43869,"date":"2025-10-01T03:16:48","date_gmt":"2025-10-01T03:16:48","guid":{"rendered":"https:\/\/lovme.pt\/?post_type=product&p=43869"},"modified":"2026-02-19T20:22:47","modified_gmt":"2026-02-19T20:22:47","slug":"fleshlight-boost-blast-lm-flesh-rp","status":"publish","type":"product","link":"https:\/\/lovme.pt\/index.php\/produto\/fleshlight-boost-blast-lm-flesh-rp\/","title":{"rendered":"FLESHLIGHT BOOST &#8211; BLAST LM FLESH RP"},"content":{"rendered":"<p>Certamente ele nunca penetrou em uma bunda t\u00e3o real. Insira seu p\u00eanis no Fleshlight anal mais apertado e realista de todos os tempos. Os an\u00e9is flutuantes &#8220;Turbo Tech&#8221; do Boost Blast abra\u00e7am seu membro, proporcionando uma sensa\u00e7\u00e3o de conforto em todos os momentos. Mais \u00e0 frente, um cone com nervuras invertido leva voc\u00ea mais fundo em um beco anal sinuoso alinhado com um aglomerado de protuber\u00e2ncias densas e intensas projetadas para acariciar sua ere\u00e7\u00e3o com perfei\u00e7\u00e3o.<\/p>\n<p> Fleshlight Boost leva tudo o que voc\u00ea adora nos produtos Fleshlight e leva para o pr\u00f3ximo n\u00edvel. A linha de brinquedos Boost apresenta mais novidades do que qualquer outro produto desde a vers\u00e3o original.<\/p>\n<p> Al\u00e9m das novas cores e tons de pele, os furos est\u00e3o mais detalhados e realistas do que nunca. Cada brinquedo tamb\u00e9m apresenta nosso inovador limite de controle de suc\u00e7\u00e3o, permitindo aos usu\u00e1rios escolher o n\u00edvel de tens\u00e3o desejado.<\/p>\n<p> Prepare-se! Estamos prestes a lev\u00e1-lo a um n\u00edvel totalmente novo de satisfa\u00e7\u00e3o sexual!<\/p>\n<p> Inclui:<\/p>\n<p> Aqui est\u00e1 o que voc\u00ea receber\u00e1 com seu Boost Blast:<\/p>\n<\/p>\n<ul>\n<li> Estojo Boost Azul Met\u00e1lico<\/li>\n<li> Orif\u00edcio de Explos\u00e3o<\/li>\n<li> Textura Explosiva<\/li>\n<li> Plugue de controle de suc\u00e7\u00e3o<\/li>\n<li> Instru\u00e7\u00f5es de uso e manuten\u00e7\u00e3o<\/li>\n<\/ul>\n","protected":false},"excerpt":{"rendered":"<p>FLESHLIGHT BOOST &#8211; BLAST LM FLESH RP<\/p>\n","protected":false},"featured_media":102453,"template":"","meta":{"_acf_changed":false},"product_brand":[],"product_cat":[17,60,63],"product_tag":[],"class_list":{"0":"post-43869","1":"product","2":"type-product","3":"status-publish","4":"has-post-thumbnail","6":"product_cat-brinquedos-de-bem-estar-sexual","7":"product_cat-para-eles","8":"product_cat-sexo-anal","9":"yith_product_brand-fleshlight","10":"yith_product_brand-fleshlightfleshlight-boost","12":"first","13":"instock","14":"taxable","15":"shipping-taxable","16":"purchasable","17":"product-type-simple"},"acf":[],"yoast_head":"<!-- This site is optimized with the Yoast SEO plugin v27.4 - https:\/\/yoast.com\/product\/yoast-seo-wordpress\/ -->\n<title>FLESHLIGHT BOOST - BLAST LM FLESH RP - Lovme<\/title>\n<meta name=\"robots\" content=\"index, follow, max-snippet:-1, max-image-preview:large, max-video-preview:-1\" \/>\n<link rel=\"canonical\" href=\"https:\/\/lovme.pt\/index.php\/produto\/fleshlight-boost-blast-lm-flesh-rp\/\" \/>\n<meta property=\"og:locale\" content=\"pt_PT\" \/>\n<meta property=\"og:type\" content=\"article\" \/>\n<meta property=\"og:title\" content=\"FLESHLIGHT BOOST - BLAST LM FLESH RP - Lovme\" \/>\n<meta property=\"og:description\" content=\"FLESHLIGHT BOOST - BLAST LM FLESH RP\" \/>\n<meta property=\"og:url\" content=\"https:\/\/lovme.pt\/index.php\/produto\/fleshlight-boost-blast-lm-flesh-rp\/\" \/>\n<meta property=\"og:site_name\" content=\"Lovme\" \/>\n<meta property=\"article:modified_time\" content=\"2026-02-19T20:22:47+00:00\" \/>\n<meta property=\"og:image\" content=\"https:\/\/erki24nd3ub.exactdn.com\/wp-content\/uploads\/dream\/img\/img_147939_358a3524d9d150169548efec9331345b_1.jpg?strip=all\" \/>\n\t<meta property=\"og:image:width\" content=\"800\" \/>\n\t<meta property=\"og:image:height\" content=\"800\" \/>\n\t<meta property=\"og:image:type\" content=\"image\/jpeg\" \/>\n<meta name=\"twitter:card\" content=\"summary_large_image\" \/>\n<meta name=\"twitter:label1\" content=\"Tempo estimado de leitura\" \/>\n\t<meta name=\"twitter:data1\" content=\"1 minuto\" \/>\n<script type=\"application\/ld+json\" class=\"yoast-schema-graph\">{\"@context\":\"https:\\\/\\\/schema.org\",\"@graph\":[{\"@type\":\"WebPage\",\"@id\":\"https:\\\/\\\/lovme.pt\\\/index.php\\\/produto\\\/fleshlight-boost-blast-lm-flesh-rp\\\/\",\"url\":\"https:\\\/\\\/lovme.pt\\\/index.php\\\/produto\\\/fleshlight-boost-blast-lm-flesh-rp\\\/\",\"name\":\"FLESHLIGHT BOOST - BLAST LM FLESH RP - Lovme\",\"isPartOf\":{\"@id\":\"https:\\\/\\\/lovme.pt\\\/#website\"},\"primaryImageOfPage\":{\"@id\":\"https:\\\/\\\/lovme.pt\\\/index.php\\\/produto\\\/fleshlight-boost-blast-lm-flesh-rp\\\/#primaryimage\"},\"image\":{\"@id\":\"https:\\\/\\\/lovme.pt\\\/index.php\\\/produto\\\/fleshlight-boost-blast-lm-flesh-rp\\\/#primaryimage\"},\"thumbnailUrl\":\"https:\\\/\\\/erki24nd3ub.exactdn.com\\\/wp-content\\\/uploads\\\/dream\\\/img\\\/img_147939_358a3524d9d150169548efec9331345b_1.jpg?strip=all\",\"datePublished\":\"2025-10-01T03:16:48+00:00\",\"dateModified\":\"2026-02-19T20:22:47+00:00\",\"breadcrumb\":{\"@id\":\"https:\\\/\\\/lovme.pt\\\/index.php\\\/produto\\\/fleshlight-boost-blast-lm-flesh-rp\\\/#breadcrumb\"},\"inLanguage\":\"pt-PT\",\"potentialAction\":[{\"@type\":\"ReadAction\",\"target\":[\"https:\\\/\\\/lovme.pt\\\/index.php\\\/produto\\\/fleshlight-boost-blast-lm-flesh-rp\\\/\"]}]},{\"@type\":\"ImageObject\",\"inLanguage\":\"pt-PT\",\"@id\":\"https:\\\/\\\/lovme.pt\\\/index.php\\\/produto\\\/fleshlight-boost-blast-lm-flesh-rp\\\/#primaryimage\",\"url\":\"https:\\\/\\\/erki24nd3ub.exactdn.com\\\/wp-content\\\/uploads\\\/dream\\\/img\\\/img_147939_358a3524d9d150169548efec9331345b_1.jpg?strip=all\",\"contentUrl\":\"https:\\\/\\\/erki24nd3ub.exactdn.com\\\/wp-content\\\/uploads\\\/dream\\\/img\\\/img_147939_358a3524d9d150169548efec9331345b_1.jpg?strip=all\",\"width\":800,\"height\":800},{\"@type\":\"BreadcrumbList\",\"@id\":\"https:\\\/\\\/lovme.pt\\\/index.php\\\/produto\\\/fleshlight-boost-blast-lm-flesh-rp\\\/#breadcrumb\",\"itemListElement\":[{\"@type\":\"ListItem\",\"position\":1,\"name\":\"In\u00edcio\",\"item\":\"https:\\\/\\\/lovme.pt\\\/\"},{\"@type\":\"ListItem\",\"position\":2,\"name\":\"Loja\",\"item\":\"https:\\\/\\\/lovme.pt\\\/index.php\\\/loja\\\/\"},{\"@type\":\"ListItem\",\"position\":3,\"name\":\"FLESHLIGHT BOOST &#8211; BLAST LM FLESH RP\"}]},{\"@type\":\"WebSite\",\"@id\":\"https:\\\/\\\/lovme.pt\\\/#website\",\"url\":\"https:\\\/\\\/lovme.pt\\\/\",\"name\":\"Lovme Loja Er\u00f3tica N\u00ba1 em Portugal\",\"description\":\"A melhor loja er\u00f3tica de Portugal.\",\"alternateName\":\"Loja Er\u00f3tica Lovme\",\"potentialAction\":[{\"@type\":\"SearchAction\",\"target\":{\"@type\":\"EntryPoint\",\"urlTemplate\":\"https:\\\/\\\/lovme.pt\\\/?s={search_term_string}\"},\"query-input\":{\"@type\":\"PropertyValueSpecification\",\"valueRequired\":true,\"valueName\":\"search_term_string\"}}],\"inLanguage\":\"pt-PT\"}]}<\/script>\n<!-- \/ Yoast SEO plugin. -->","yoast_head_json":{"title":"FLESHLIGHT BOOST - BLAST LM FLESH RP - Lovme","robots":{"index":"index","follow":"follow","max-snippet":"max-snippet:-1","max-image-preview":"max-image-preview:large","max-video-preview":"max-video-preview:-1"},"canonical":"https:\/\/lovme.pt\/index.php\/produto\/fleshlight-boost-blast-lm-flesh-rp\/","og_locale":"pt_PT","og_type":"article","og_title":"FLESHLIGHT BOOST - BLAST LM FLESH RP - Lovme","og_description":"FLESHLIGHT BOOST - BLAST LM FLESH RP","og_url":"https:\/\/lovme.pt\/index.php\/produto\/fleshlight-boost-blast-lm-flesh-rp\/","og_site_name":"Lovme","article_modified_time":"2026-02-19T20:22:47+00:00","og_image":[{"width":800,"height":800,"url":"https:\/\/erki24nd3ub.exactdn.com\/wp-content\/uploads\/dream\/img\/img_147939_358a3524d9d150169548efec9331345b_1.jpg?strip=all","type":"image\/jpeg"}],"twitter_card":"summary_large_image","twitter_misc":{"Tempo estimado de leitura":"1 minuto"},"schema":{"@context":"https:\/\/schema.org","@graph":[{"@type":"WebPage","@id":"https:\/\/lovme.pt\/index.php\/produto\/fleshlight-boost-blast-lm-flesh-rp\/","url":"https:\/\/lovme.pt\/index.php\/produto\/fleshlight-boost-blast-lm-flesh-rp\/","name":"FLESHLIGHT BOOST - BLAST LM FLESH RP - Lovme","isPartOf":{"@id":"https:\/\/lovme.pt\/#website"},"primaryImageOfPage":{"@id":"https:\/\/lovme.pt\/index.php\/produto\/fleshlight-boost-blast-lm-flesh-rp\/#primaryimage"},"image":{"@id":"https:\/\/lovme.pt\/index.php\/produto\/fleshlight-boost-blast-lm-flesh-rp\/#primaryimage"},"thumbnailUrl":"https:\/\/erki24nd3ub.exactdn.com\/wp-content\/uploads\/dream\/img\/img_147939_358a3524d9d150169548efec9331345b_1.jpg?strip=all","datePublished":"2025-10-01T03:16:48+00:00","dateModified":"2026-02-19T20:22:47+00:00","breadcrumb":{"@id":"https:\/\/lovme.pt\/index.php\/produto\/fleshlight-boost-blast-lm-flesh-rp\/#breadcrumb"},"inLanguage":"pt-PT","potentialAction":[{"@type":"ReadAction","target":["https:\/\/lovme.pt\/index.php\/produto\/fleshlight-boost-blast-lm-flesh-rp\/"]}]},{"@type":"ImageObject","inLanguage":"pt-PT","@id":"https:\/\/lovme.pt\/index.php\/produto\/fleshlight-boost-blast-lm-flesh-rp\/#primaryimage","url":"https:\/\/erki24nd3ub.exactdn.com\/wp-content\/uploads\/dream\/img\/img_147939_358a3524d9d150169548efec9331345b_1.jpg?strip=all","contentUrl":"https:\/\/erki24nd3ub.exactdn.com\/wp-content\/uploads\/dream\/img\/img_147939_358a3524d9d150169548efec9331345b_1.jpg?strip=all","width":800,"height":800},{"@type":"BreadcrumbList","@id":"https:\/\/lovme.pt\/index.php\/produto\/fleshlight-boost-blast-lm-flesh-rp\/#breadcrumb","itemListElement":[{"@type":"ListItem","position":1,"name":"In\u00edcio","item":"https:\/\/lovme.pt\/"},{"@type":"ListItem","position":2,"name":"Loja","item":"https:\/\/lovme.pt\/index.php\/loja\/"},{"@type":"ListItem","position":3,"name":"FLESHLIGHT BOOST &#8211; BLAST LM FLESH RP"}]},{"@type":"WebSite","@id":"https:\/\/lovme.pt\/#website","url":"https:\/\/lovme.pt\/","name":"Lovme Loja Er\u00f3tica N\u00ba1 em Portugal","description":"A melhor loja er\u00f3tica de Portugal.","alternateName":"Loja Er\u00f3tica Lovme","potentialAction":[{"@type":"SearchAction","target":{"@type":"EntryPoint","urlTemplate":"https:\/\/lovme.pt\/?s={search_term_string}"},"query-input":{"@type":"PropertyValueSpecification","valueRequired":true,"valueName":"search_term_string"}}],"inLanguage":"pt-PT"}]}},"_links":{"self":[{"href":"https:\/\/lovme.pt\/index.php\/wp-json\/wp\/v2\/product\/43869","targetHints":{"allow":["GET"]}}],"collection":[{"href":"https:\/\/lovme.pt\/index.php\/wp-json\/wp\/v2\/product"}],"about":[{"href":"https:\/\/lovme.pt\/index.php\/wp-json\/wp\/v2\/types\/product"}],"wp:featuredmedia":[{"embeddable":true,"href":"https:\/\/lovme.pt\/index.php\/wp-json\/wp\/v2\/media\/102453"}],"wp:attachment":[{"href":"https:\/\/lovme.pt\/index.php\/wp-json\/wp\/v2\/media?parent=43869"}],"wp:term":[{"taxonomy":"product_brand","embeddable":true,"href":"https:\/\/lovme.pt\/index.php\/wp-json\/wp\/v2\/product_brand?post=43869"},{"taxonomy":"product_cat","embeddable":true,"href":"https:\/\/lovme.pt\/index.php\/wp-json\/wp\/v2\/product_cat?post=43869"},{"taxonomy":"product_tag","embeddable":true,"href":"https:\/\/lovme.pt\/index.php\/wp-json\/wp\/v2\/product_tag?post=43869"}],"curies":[{"name":"wp","href":"https:\/\/api.w.org\/{rel}","templated":true}]}}