{"id":43867,"date":"2025-09-30T20:45:17","date_gmt":"2025-09-30T20:45:17","guid":{"rendered":"https:\/\/lovme.pt\/?post_type=product&p=43867"},"modified":"2026-02-19T20:08:50","modified_gmt":"2026-02-19T20:08:50","slug":"control-controle-remoto-sem-fio-do-massager-pessoal","status":"publish","type":"product","link":"https:\/\/lovme.pt\/index.php\/produto\/control-controle-remoto-sem-fio-do-massager-pessoal\/","title":{"rendered":"CONTROL &#8211; CONTROLE REMOTO SEM FIO DO MASSAGER PESSOAL"},"content":{"rendered":"<p>O Vibrador Sem Fio Control Remote \u00e9 um estimulador \u00edntimo. \u00c9 composto por duas partes, massageador e controle remoto.<\/p>\n<p>O Vibrador Controle Remoto Sem Fio permitir\u00e1 que voc\u00ea experimente novas sensa\u00e7\u00f5es e realize suas fantasias. Gra\u00e7as ao seu controlador sem fio voc\u00ea pode jogar sozinho ou com outra pessoa \u00e0 dist\u00e2ncia, dando-lhe o controle dos seus momentos mais emocionantes.<\/p>\n<p>\u00c9 pequeno e discreto e pode ser usado sozinho ou em casal para tornar os momentos \u00edntimos ainda mais intrigantes. Al\u00e9m disso, o vibrador possui 10 n\u00edveis de intensidade diferentes. Para aproveitar ao m\u00e1ximo e ter sensa\u00e7\u00f5es mais intensas, recomenda-se combinar o Remote Wireless com um gel Control.<\/p>\n<p>Fabricado em pl\u00e1stico ABS e poliuretano.<\/p>\n<p><strong>MODO DE EMPREGO<\/strong><\/p>\n<p>Pressione o bot\u00e3o + no controle remoto para iniciar a vibra\u00e7\u00e3o. Ajuste o n\u00edvel de vibra\u00e7\u00e3o desejado com os bot\u00f5es +\/- no controle remoto. A vibra\u00e7\u00e3o durar\u00e1 enquanto as baterias inclu\u00eddas permitirem, antes que acabem. Para interromper a vibra\u00e7\u00e3o, pressione novamente o bot\u00e3o liga\/desliga no controle remoto. Limpe o massageador ap\u00f3s cada uso (consulte as instru\u00e7\u00f5es de limpeza).<\/p>\n<p>Pode ser usado sozinho ou com seu parceiro. Quando usado durante o sexo, n\u00e3o oferece nenhuma prote\u00e7\u00e3o contra doen\u00e7as sexualmente transmiss\u00edveis ou gravidez.<\/p>\n<p><strong>BENEF\u00cdCIOS<\/strong><\/p>\n<ul>\n<li>Prazer m\u00e1ximo<\/li>\n<li>3h de autonomia<\/li>\n<li>Hipoalerg\u00eanico<\/li>\n<li>Silicone<\/li>\n<\/ul>\n","protected":false},"excerpt":{"rendered":"<p>CONTROL &#8211; CONTROLE REMOTO SEM FIO DO MASSAGER PESSOAL<\/p>\n","protected":false},"featured_media":72276,"template":"","meta":{"_acf_changed":false},"product_brand":[],"product_cat":[17,61,76],"product_tag":[],"class_list":{"0":"post-43867","1":"product","2":"type-product","3":"status-publish","4":"has-post-thumbnail","6":"product_cat-brinquedos-de-bem-estar-sexual","7":"product_cat-para-elas","8":"product_cat-vibradores","9":"yith_product_brand-control","10":"yith_product_brand-controlcontrol-toys","12":"first","13":"instock","14":"taxable","15":"shipping-taxable","16":"purchasable","17":"product-type-simple"},"acf":[],"yoast_head":"<!-- This site is optimized with the Yoast SEO plugin v27.4 - https:\/\/yoast.com\/product\/yoast-seo-wordpress\/ -->\n<title>CONTROL - CONTROLE REMOTO SEM FIO DO MASSAGER PESSOAL - Lovme<\/title>\n<meta name=\"robots\" content=\"index, follow, max-snippet:-1, max-image-preview:large, max-video-preview:-1\" \/>\n<link rel=\"canonical\" href=\"https:\/\/lovme.pt\/index.php\/produto\/control-controle-remoto-sem-fio-do-massager-pessoal\/\" \/>\n<meta property=\"og:locale\" content=\"pt_PT\" \/>\n<meta property=\"og:type\" content=\"article\" \/>\n<meta property=\"og:title\" content=\"CONTROL - CONTROLE REMOTO SEM FIO DO MASSAGER PESSOAL - Lovme\" \/>\n<meta property=\"og:description\" content=\"CONTROL - CONTROLE REMOTO SEM FIO DO MASSAGER PESSOAL\" \/>\n<meta property=\"og:url\" content=\"https:\/\/lovme.pt\/index.php\/produto\/control-controle-remoto-sem-fio-do-massager-pessoal\/\" \/>\n<meta property=\"og:site_name\" content=\"Lovme\" \/>\n<meta property=\"article:modified_time\" content=\"2026-02-19T20:08:50+00:00\" \/>\n<meta property=\"og:image\" content=\"https:\/\/erki24nd3ub.exactdn.com\/wp-content\/uploads\/dream\/img\/img_147885_07a4264ca062f4b5408590370e71f28a_1.jpg?strip=all\" \/>\n\t<meta property=\"og:image:width\" content=\"800\" \/>\n\t<meta property=\"og:image:height\" content=\"800\" \/>\n\t<meta property=\"og:image:type\" content=\"image\/jpeg\" \/>\n<meta name=\"twitter:card\" content=\"summary_large_image\" \/>\n<meta name=\"twitter:label1\" content=\"Tempo estimado de leitura\" \/>\n\t<meta name=\"twitter:data1\" content=\"1 minuto\" \/>\n<script type=\"application\/ld+json\" class=\"yoast-schema-graph\">{\"@context\":\"https:\\\/\\\/schema.org\",\"@graph\":[{\"@type\":\"WebPage\",\"@id\":\"https:\\\/\\\/lovme.pt\\\/index.php\\\/produto\\\/control-controle-remoto-sem-fio-do-massager-pessoal\\\/\",\"url\":\"https:\\\/\\\/lovme.pt\\\/index.php\\\/produto\\\/control-controle-remoto-sem-fio-do-massager-pessoal\\\/\",\"name\":\"CONTROL - CONTROLE REMOTO SEM FIO DO MASSAGER PESSOAL - Lovme\",\"isPartOf\":{\"@id\":\"https:\\\/\\\/lovme.pt\\\/#website\"},\"primaryImageOfPage\":{\"@id\":\"https:\\\/\\\/lovme.pt\\\/index.php\\\/produto\\\/control-controle-remoto-sem-fio-do-massager-pessoal\\\/#primaryimage\"},\"image\":{\"@id\":\"https:\\\/\\\/lovme.pt\\\/index.php\\\/produto\\\/control-controle-remoto-sem-fio-do-massager-pessoal\\\/#primaryimage\"},\"thumbnailUrl\":\"https:\\\/\\\/erki24nd3ub.exactdn.com\\\/wp-content\\\/uploads\\\/dream\\\/img\\\/img_147885_07a4264ca062f4b5408590370e71f28a_1.jpg?strip=all\",\"datePublished\":\"2025-09-30T20:45:17+00:00\",\"dateModified\":\"2026-02-19T20:08:50+00:00\",\"breadcrumb\":{\"@id\":\"https:\\\/\\\/lovme.pt\\\/index.php\\\/produto\\\/control-controle-remoto-sem-fio-do-massager-pessoal\\\/#breadcrumb\"},\"inLanguage\":\"pt-PT\",\"potentialAction\":[{\"@type\":\"ReadAction\",\"target\":[\"https:\\\/\\\/lovme.pt\\\/index.php\\\/produto\\\/control-controle-remoto-sem-fio-do-massager-pessoal\\\/\"]}]},{\"@type\":\"ImageObject\",\"inLanguage\":\"pt-PT\",\"@id\":\"https:\\\/\\\/lovme.pt\\\/index.php\\\/produto\\\/control-controle-remoto-sem-fio-do-massager-pessoal\\\/#primaryimage\",\"url\":\"https:\\\/\\\/erki24nd3ub.exactdn.com\\\/wp-content\\\/uploads\\\/dream\\\/img\\\/img_147885_07a4264ca062f4b5408590370e71f28a_1.jpg?strip=all\",\"contentUrl\":\"https:\\\/\\\/erki24nd3ub.exactdn.com\\\/wp-content\\\/uploads\\\/dream\\\/img\\\/img_147885_07a4264ca062f4b5408590370e71f28a_1.jpg?strip=all\",\"width\":800,\"height\":800},{\"@type\":\"BreadcrumbList\",\"@id\":\"https:\\\/\\\/lovme.pt\\\/index.php\\\/produto\\\/control-controle-remoto-sem-fio-do-massager-pessoal\\\/#breadcrumb\",\"itemListElement\":[{\"@type\":\"ListItem\",\"position\":1,\"name\":\"In\u00edcio\",\"item\":\"https:\\\/\\\/lovme.pt\\\/\"},{\"@type\":\"ListItem\",\"position\":2,\"name\":\"Loja\",\"item\":\"https:\\\/\\\/lovme.pt\\\/index.php\\\/loja\\\/\"},{\"@type\":\"ListItem\",\"position\":3,\"name\":\"CONTROL &#8211; CONTROLE REMOTO SEM FIO DO MASSAGER PESSOAL\"}]},{\"@type\":\"WebSite\",\"@id\":\"https:\\\/\\\/lovme.pt\\\/#website\",\"url\":\"https:\\\/\\\/lovme.pt\\\/\",\"name\":\"Lovme Loja Er\u00f3tica N\u00ba1 em Portugal\",\"description\":\"A melhor loja er\u00f3tica de Portugal.\",\"alternateName\":\"Loja Er\u00f3tica Lovme\",\"potentialAction\":[{\"@type\":\"SearchAction\",\"target\":{\"@type\":\"EntryPoint\",\"urlTemplate\":\"https:\\\/\\\/lovme.pt\\\/?s={search_term_string}\"},\"query-input\":{\"@type\":\"PropertyValueSpecification\",\"valueRequired\":true,\"valueName\":\"search_term_string\"}}],\"inLanguage\":\"pt-PT\"}]}<\/script>\n<!-- \/ Yoast SEO plugin. -->","yoast_head_json":{"title":"CONTROL - CONTROLE REMOTO SEM FIO DO MASSAGER PESSOAL - Lovme","robots":{"index":"index","follow":"follow","max-snippet":"max-snippet:-1","max-image-preview":"max-image-preview:large","max-video-preview":"max-video-preview:-1"},"canonical":"https:\/\/lovme.pt\/index.php\/produto\/control-controle-remoto-sem-fio-do-massager-pessoal\/","og_locale":"pt_PT","og_type":"article","og_title":"CONTROL - CONTROLE REMOTO SEM FIO DO MASSAGER PESSOAL - Lovme","og_description":"CONTROL - CONTROLE REMOTO SEM FIO DO MASSAGER PESSOAL","og_url":"https:\/\/lovme.pt\/index.php\/produto\/control-controle-remoto-sem-fio-do-massager-pessoal\/","og_site_name":"Lovme","article_modified_time":"2026-02-19T20:08:50+00:00","og_image":[{"width":800,"height":800,"url":"https:\/\/erki24nd3ub.exactdn.com\/wp-content\/uploads\/dream\/img\/img_147885_07a4264ca062f4b5408590370e71f28a_1.jpg?strip=all","type":"image\/jpeg"}],"twitter_card":"summary_large_image","twitter_misc":{"Tempo estimado de leitura":"1 minuto"},"schema":{"@context":"https:\/\/schema.org","@graph":[{"@type":"WebPage","@id":"https:\/\/lovme.pt\/index.php\/produto\/control-controle-remoto-sem-fio-do-massager-pessoal\/","url":"https:\/\/lovme.pt\/index.php\/produto\/control-controle-remoto-sem-fio-do-massager-pessoal\/","name":"CONTROL - CONTROLE REMOTO SEM FIO DO MASSAGER PESSOAL - Lovme","isPartOf":{"@id":"https:\/\/lovme.pt\/#website"},"primaryImageOfPage":{"@id":"https:\/\/lovme.pt\/index.php\/produto\/control-controle-remoto-sem-fio-do-massager-pessoal\/#primaryimage"},"image":{"@id":"https:\/\/lovme.pt\/index.php\/produto\/control-controle-remoto-sem-fio-do-massager-pessoal\/#primaryimage"},"thumbnailUrl":"https:\/\/erki24nd3ub.exactdn.com\/wp-content\/uploads\/dream\/img\/img_147885_07a4264ca062f4b5408590370e71f28a_1.jpg?strip=all","datePublished":"2025-09-30T20:45:17+00:00","dateModified":"2026-02-19T20:08:50+00:00","breadcrumb":{"@id":"https:\/\/lovme.pt\/index.php\/produto\/control-controle-remoto-sem-fio-do-massager-pessoal\/#breadcrumb"},"inLanguage":"pt-PT","potentialAction":[{"@type":"ReadAction","target":["https:\/\/lovme.pt\/index.php\/produto\/control-controle-remoto-sem-fio-do-massager-pessoal\/"]}]},{"@type":"ImageObject","inLanguage":"pt-PT","@id":"https:\/\/lovme.pt\/index.php\/produto\/control-controle-remoto-sem-fio-do-massager-pessoal\/#primaryimage","url":"https:\/\/erki24nd3ub.exactdn.com\/wp-content\/uploads\/dream\/img\/img_147885_07a4264ca062f4b5408590370e71f28a_1.jpg?strip=all","contentUrl":"https:\/\/erki24nd3ub.exactdn.com\/wp-content\/uploads\/dream\/img\/img_147885_07a4264ca062f4b5408590370e71f28a_1.jpg?strip=all","width":800,"height":800},{"@type":"BreadcrumbList","@id":"https:\/\/lovme.pt\/index.php\/produto\/control-controle-remoto-sem-fio-do-massager-pessoal\/#breadcrumb","itemListElement":[{"@type":"ListItem","position":1,"name":"In\u00edcio","item":"https:\/\/lovme.pt\/"},{"@type":"ListItem","position":2,"name":"Loja","item":"https:\/\/lovme.pt\/index.php\/loja\/"},{"@type":"ListItem","position":3,"name":"CONTROL &#8211; CONTROLE REMOTO SEM FIO DO MASSAGER PESSOAL"}]},{"@type":"WebSite","@id":"https:\/\/lovme.pt\/#website","url":"https:\/\/lovme.pt\/","name":"Lovme Loja Er\u00f3tica N\u00ba1 em Portugal","description":"A melhor loja er\u00f3tica de Portugal.","alternateName":"Loja Er\u00f3tica Lovme","potentialAction":[{"@type":"SearchAction","target":{"@type":"EntryPoint","urlTemplate":"https:\/\/lovme.pt\/?s={search_term_string}"},"query-input":{"@type":"PropertyValueSpecification","valueRequired":true,"valueName":"search_term_string"}}],"inLanguage":"pt-PT"}]}},"_links":{"self":[{"href":"https:\/\/lovme.pt\/index.php\/wp-json\/wp\/v2\/product\/43867","targetHints":{"allow":["GET"]}}],"collection":[{"href":"https:\/\/lovme.pt\/index.php\/wp-json\/wp\/v2\/product"}],"about":[{"href":"https:\/\/lovme.pt\/index.php\/wp-json\/wp\/v2\/types\/product"}],"wp:featuredmedia":[{"embeddable":true,"href":"https:\/\/lovme.pt\/index.php\/wp-json\/wp\/v2\/media\/72276"}],"wp:attachment":[{"href":"https:\/\/lovme.pt\/index.php\/wp-json\/wp\/v2\/media?parent=43867"}],"wp:term":[{"taxonomy":"product_brand","embeddable":true,"href":"https:\/\/lovme.pt\/index.php\/wp-json\/wp\/v2\/product_brand?post=43867"},{"taxonomy":"product_cat","embeddable":true,"href":"https:\/\/lovme.pt\/index.php\/wp-json\/wp\/v2\/product_cat?post=43867"},{"taxonomy":"product_tag","embeddable":true,"href":"https:\/\/lovme.pt\/index.php\/wp-json\/wp\/v2\/product_tag?post=43867"}],"curies":[{"name":"wp","href":"https:\/\/api.w.org\/{rel}","templated":true}]}}