{"id":43866,"date":"2026-01-16T18:01:41","date_gmt":"2026-01-16T18:01:41","guid":{"rendered":"https:\/\/lovme.pt\/?post_type=product&p=43866"},"modified":"2026-02-19T20:08:50","modified_gmt":"2026-02-19T20:08:50","slug":"g-vibe-gcat-mystic-sucker-de-clitoris-preto","status":"publish","type":"product","link":"https:\/\/lovme.pt\/index.php\/produto\/g-vibe-gcat-mystic-sucker-de-clitoris-preto\/","title":{"rendered":"G-VIBE &#8211; GCAT MYSTIC SUCKER DE CLIT\u00d3RIS PRETO"},"content":{"rendered":"<p>Apresentando o sugador de clit\u00f3ris Gcat: o dispositivo de prazer definitivo, projetado para proporcionar sensa\u00e7\u00f5es intensas e satisfat\u00f3rias ao seu corpo.<\/p>\n<p>Desfrute do prazer do sexo oral com a exclusiva tecnologia de orgasmo que permite estimular o clit\u00f3ris e atingir o orgasmo em segundos, desde toques suaves at\u00e9 vibra\u00e7\u00f5es intensas. Com seis n\u00edveis de suc\u00e7\u00e3o, o Gcat oferece uma variedade de op\u00e7\u00f5es personaliz\u00e1veis para aprimorar sua experi\u00eancia.<\/p>\n<p>Tamb\u00e9m \u00e9 perfeito para brincadeiras com os mamilos, tornando-se uma adi\u00e7\u00e3o vers\u00e1til e excitante ao seu quarto. A configura\u00e7\u00e3o de suc\u00e7\u00e3o mais baixa \u00e9 perfeita para uma estimula\u00e7\u00e3o suave, permitindo que voc\u00ea desfrute de orgasmos mais longos e intensos. Esta \u00e9 a combina\u00e7\u00e3o perfeita da avan\u00e7ada tecnologia Smooth Landing e um design exclusivo.<\/p>\n<p><strong>Caracter\u00edsticas<\/strong><\/p>\n<ul>\n<li>Design ergon\u00f4mico.<\/li>\n<li>Controle intuitivo.<\/li>\n<li>Sem cheiro.<\/li>\n<li>100% \u00e0 prova d\u00e1gua.<\/li>\n<li>At\u00e9 4 horas de opera\u00e7\u00e3o com uma \u00fanica carga de bateria.<\/li>\n<li>Carregador magn\u00e9tico. Observe que o tempo de carregamento inicial \u00e9 de 2 horas.<\/li>\n<li>Trava de viagem: para desbloquear, pressione o bot\u00e3o + e segure por dois segundos.<\/li>\n<\/ul>\n","protected":false},"excerpt":{"rendered":"<p>G-VIBE &#8211; GCAT MYSTIC SUCKER DE CLIT\u00d3RIS PRETO<\/p>\n","protected":false},"featured_media":105958,"template":"","meta":{"_acf_changed":false},"product_brand":[],"product_cat":[17,115,61,64],"product_tag":[],"class_list":{"0":"post-43866","1":"product","2":"type-product","3":"status-publish","4":"has-post-thumbnail","6":"product_cat-brinquedos-de-bem-estar-sexual","7":"product_cat-ofertas","8":"product_cat-para-elas","9":"product_cat-sugadores","10":"yith_product_brand-g-vibe","12":"first","13":"instock","14":"taxable","15":"shipping-taxable","16":"purchasable","17":"product-type-simple"},"acf":[],"yoast_head":"<!-- This site is optimized with the Yoast SEO plugin v27.4 - https:\/\/yoast.com\/product\/yoast-seo-wordpress\/ -->\n<title>G-VIBE - GCAT MYSTIC SUCKER DE CLIT\u00d3RIS PRETO - Lovme<\/title>\n<meta name=\"robots\" content=\"index, follow, max-snippet:-1, max-image-preview:large, max-video-preview:-1\" \/>\n<link rel=\"canonical\" href=\"https:\/\/lovme.pt\/index.php\/produto\/g-vibe-gcat-mystic-sucker-de-clitoris-preto\/\" \/>\n<meta property=\"og:locale\" content=\"pt_PT\" \/>\n<meta property=\"og:type\" content=\"article\" \/>\n<meta property=\"og:title\" content=\"G-VIBE - GCAT MYSTIC SUCKER DE CLIT\u00d3RIS PRETO - Lovme\" \/>\n<meta property=\"og:description\" content=\"G-VIBE - GCAT MYSTIC SUCKER DE CLIT\u00d3RIS PRETO\" \/>\n<meta property=\"og:url\" content=\"https:\/\/lovme.pt\/index.php\/produto\/g-vibe-gcat-mystic-sucker-de-clitoris-preto\/\" \/>\n<meta property=\"og:site_name\" content=\"Lovme\" \/>\n<meta property=\"article:modified_time\" content=\"2026-02-19T20:08:50+00:00\" \/>\n<meta property=\"og:image\" content=\"https:\/\/erki24nd3ub.exactdn.com\/wp-content\/uploads\/dream\/img\/img_147938_cbf6c440d197f58128dcecf842245215_1.jpg?strip=all\" \/>\n\t<meta property=\"og:image:width\" content=\"800\" \/>\n\t<meta property=\"og:image:height\" content=\"800\" \/>\n\t<meta property=\"og:image:type\" content=\"image\/jpeg\" \/>\n<meta name=\"twitter:card\" content=\"summary_large_image\" \/>\n<meta name=\"twitter:label1\" content=\"Tempo estimado de leitura\" \/>\n\t<meta name=\"twitter:data1\" content=\"1 minuto\" \/>\n<script type=\"application\/ld+json\" class=\"yoast-schema-graph\">{\"@context\":\"https:\\\/\\\/schema.org\",\"@graph\":[{\"@type\":\"WebPage\",\"@id\":\"https:\\\/\\\/lovme.pt\\\/index.php\\\/produto\\\/g-vibe-gcat-mystic-sucker-de-clitoris-preto\\\/\",\"url\":\"https:\\\/\\\/lovme.pt\\\/index.php\\\/produto\\\/g-vibe-gcat-mystic-sucker-de-clitoris-preto\\\/\",\"name\":\"G-VIBE - GCAT MYSTIC SUCKER DE CLIT\u00d3RIS PRETO - Lovme\",\"isPartOf\":{\"@id\":\"https:\\\/\\\/lovme.pt\\\/#website\"},\"primaryImageOfPage\":{\"@id\":\"https:\\\/\\\/lovme.pt\\\/index.php\\\/produto\\\/g-vibe-gcat-mystic-sucker-de-clitoris-preto\\\/#primaryimage\"},\"image\":{\"@id\":\"https:\\\/\\\/lovme.pt\\\/index.php\\\/produto\\\/g-vibe-gcat-mystic-sucker-de-clitoris-preto\\\/#primaryimage\"},\"thumbnailUrl\":\"https:\\\/\\\/erki24nd3ub.exactdn.com\\\/wp-content\\\/uploads\\\/dream\\\/img\\\/img_147938_cbf6c440d197f58128dcecf842245215_1.jpg?strip=all\",\"datePublished\":\"2026-01-16T18:01:41+00:00\",\"dateModified\":\"2026-02-19T20:08:50+00:00\",\"breadcrumb\":{\"@id\":\"https:\\\/\\\/lovme.pt\\\/index.php\\\/produto\\\/g-vibe-gcat-mystic-sucker-de-clitoris-preto\\\/#breadcrumb\"},\"inLanguage\":\"pt-PT\",\"potentialAction\":[{\"@type\":\"ReadAction\",\"target\":[\"https:\\\/\\\/lovme.pt\\\/index.php\\\/produto\\\/g-vibe-gcat-mystic-sucker-de-clitoris-preto\\\/\"]}]},{\"@type\":\"ImageObject\",\"inLanguage\":\"pt-PT\",\"@id\":\"https:\\\/\\\/lovme.pt\\\/index.php\\\/produto\\\/g-vibe-gcat-mystic-sucker-de-clitoris-preto\\\/#primaryimage\",\"url\":\"https:\\\/\\\/erki24nd3ub.exactdn.com\\\/wp-content\\\/uploads\\\/dream\\\/img\\\/img_147938_cbf6c440d197f58128dcecf842245215_1.jpg?strip=all\",\"contentUrl\":\"https:\\\/\\\/erki24nd3ub.exactdn.com\\\/wp-content\\\/uploads\\\/dream\\\/img\\\/img_147938_cbf6c440d197f58128dcecf842245215_1.jpg?strip=all\",\"width\":800,\"height\":800},{\"@type\":\"BreadcrumbList\",\"@id\":\"https:\\\/\\\/lovme.pt\\\/index.php\\\/produto\\\/g-vibe-gcat-mystic-sucker-de-clitoris-preto\\\/#breadcrumb\",\"itemListElement\":[{\"@type\":\"ListItem\",\"position\":1,\"name\":\"In\u00edcio\",\"item\":\"https:\\\/\\\/lovme.pt\\\/\"},{\"@type\":\"ListItem\",\"position\":2,\"name\":\"Loja\",\"item\":\"https:\\\/\\\/lovme.pt\\\/index.php\\\/loja\\\/\"},{\"@type\":\"ListItem\",\"position\":3,\"name\":\"G-VIBE &#8211; GCAT MYSTIC SUCKER DE CLIT\u00d3RIS PRETO\"}]},{\"@type\":\"WebSite\",\"@id\":\"https:\\\/\\\/lovme.pt\\\/#website\",\"url\":\"https:\\\/\\\/lovme.pt\\\/\",\"name\":\"Lovme Loja Er\u00f3tica N\u00ba1 em Portugal\",\"description\":\"A melhor loja er\u00f3tica de Portugal.\",\"alternateName\":\"Loja Er\u00f3tica Lovme\",\"potentialAction\":[{\"@type\":\"SearchAction\",\"target\":{\"@type\":\"EntryPoint\",\"urlTemplate\":\"https:\\\/\\\/lovme.pt\\\/?s={search_term_string}\"},\"query-input\":{\"@type\":\"PropertyValueSpecification\",\"valueRequired\":true,\"valueName\":\"search_term_string\"}}],\"inLanguage\":\"pt-PT\"}]}<\/script>\n<!-- \/ Yoast SEO plugin. -->","yoast_head_json":{"title":"G-VIBE - GCAT MYSTIC SUCKER DE CLIT\u00d3RIS PRETO - Lovme","robots":{"index":"index","follow":"follow","max-snippet":"max-snippet:-1","max-image-preview":"max-image-preview:large","max-video-preview":"max-video-preview:-1"},"canonical":"https:\/\/lovme.pt\/index.php\/produto\/g-vibe-gcat-mystic-sucker-de-clitoris-preto\/","og_locale":"pt_PT","og_type":"article","og_title":"G-VIBE - GCAT MYSTIC SUCKER DE CLIT\u00d3RIS PRETO - Lovme","og_description":"G-VIBE - GCAT MYSTIC SUCKER DE CLIT\u00d3RIS PRETO","og_url":"https:\/\/lovme.pt\/index.php\/produto\/g-vibe-gcat-mystic-sucker-de-clitoris-preto\/","og_site_name":"Lovme","article_modified_time":"2026-02-19T20:08:50+00:00","og_image":[{"width":800,"height":800,"url":"https:\/\/erki24nd3ub.exactdn.com\/wp-content\/uploads\/dream\/img\/img_147938_cbf6c440d197f58128dcecf842245215_1.jpg?strip=all","type":"image\/jpeg"}],"twitter_card":"summary_large_image","twitter_misc":{"Tempo estimado de leitura":"1 minuto"},"schema":{"@context":"https:\/\/schema.org","@graph":[{"@type":"WebPage","@id":"https:\/\/lovme.pt\/index.php\/produto\/g-vibe-gcat-mystic-sucker-de-clitoris-preto\/","url":"https:\/\/lovme.pt\/index.php\/produto\/g-vibe-gcat-mystic-sucker-de-clitoris-preto\/","name":"G-VIBE - GCAT MYSTIC SUCKER DE CLIT\u00d3RIS PRETO - Lovme","isPartOf":{"@id":"https:\/\/lovme.pt\/#website"},"primaryImageOfPage":{"@id":"https:\/\/lovme.pt\/index.php\/produto\/g-vibe-gcat-mystic-sucker-de-clitoris-preto\/#primaryimage"},"image":{"@id":"https:\/\/lovme.pt\/index.php\/produto\/g-vibe-gcat-mystic-sucker-de-clitoris-preto\/#primaryimage"},"thumbnailUrl":"https:\/\/erki24nd3ub.exactdn.com\/wp-content\/uploads\/dream\/img\/img_147938_cbf6c440d197f58128dcecf842245215_1.jpg?strip=all","datePublished":"2026-01-16T18:01:41+00:00","dateModified":"2026-02-19T20:08:50+00:00","breadcrumb":{"@id":"https:\/\/lovme.pt\/index.php\/produto\/g-vibe-gcat-mystic-sucker-de-clitoris-preto\/#breadcrumb"},"inLanguage":"pt-PT","potentialAction":[{"@type":"ReadAction","target":["https:\/\/lovme.pt\/index.php\/produto\/g-vibe-gcat-mystic-sucker-de-clitoris-preto\/"]}]},{"@type":"ImageObject","inLanguage":"pt-PT","@id":"https:\/\/lovme.pt\/index.php\/produto\/g-vibe-gcat-mystic-sucker-de-clitoris-preto\/#primaryimage","url":"https:\/\/erki24nd3ub.exactdn.com\/wp-content\/uploads\/dream\/img\/img_147938_cbf6c440d197f58128dcecf842245215_1.jpg?strip=all","contentUrl":"https:\/\/erki24nd3ub.exactdn.com\/wp-content\/uploads\/dream\/img\/img_147938_cbf6c440d197f58128dcecf842245215_1.jpg?strip=all","width":800,"height":800},{"@type":"BreadcrumbList","@id":"https:\/\/lovme.pt\/index.php\/produto\/g-vibe-gcat-mystic-sucker-de-clitoris-preto\/#breadcrumb","itemListElement":[{"@type":"ListItem","position":1,"name":"In\u00edcio","item":"https:\/\/lovme.pt\/"},{"@type":"ListItem","position":2,"name":"Loja","item":"https:\/\/lovme.pt\/index.php\/loja\/"},{"@type":"ListItem","position":3,"name":"G-VIBE &#8211; GCAT MYSTIC SUCKER DE CLIT\u00d3RIS PRETO"}]},{"@type":"WebSite","@id":"https:\/\/lovme.pt\/#website","url":"https:\/\/lovme.pt\/","name":"Lovme Loja Er\u00f3tica N\u00ba1 em Portugal","description":"A melhor loja er\u00f3tica de Portugal.","alternateName":"Loja Er\u00f3tica Lovme","potentialAction":[{"@type":"SearchAction","target":{"@type":"EntryPoint","urlTemplate":"https:\/\/lovme.pt\/?s={search_term_string}"},"query-input":{"@type":"PropertyValueSpecification","valueRequired":true,"valueName":"search_term_string"}}],"inLanguage":"pt-PT"}]}},"_links":{"self":[{"href":"https:\/\/lovme.pt\/index.php\/wp-json\/wp\/v2\/product\/43866","targetHints":{"allow":["GET"]}}],"collection":[{"href":"https:\/\/lovme.pt\/index.php\/wp-json\/wp\/v2\/product"}],"about":[{"href":"https:\/\/lovme.pt\/index.php\/wp-json\/wp\/v2\/types\/product"}],"wp:featuredmedia":[{"embeddable":true,"href":"https:\/\/lovme.pt\/index.php\/wp-json\/wp\/v2\/media\/105958"}],"wp:attachment":[{"href":"https:\/\/lovme.pt\/index.php\/wp-json\/wp\/v2\/media?parent=43866"}],"wp:term":[{"taxonomy":"product_brand","embeddable":true,"href":"https:\/\/lovme.pt\/index.php\/wp-json\/wp\/v2\/product_brand?post=43866"},{"taxonomy":"product_cat","embeddable":true,"href":"https:\/\/lovme.pt\/index.php\/wp-json\/wp\/v2\/product_cat?post=43866"},{"taxonomy":"product_tag","embeddable":true,"href":"https:\/\/lovme.pt\/index.php\/wp-json\/wp\/v2\/product_tag?post=43866"}],"curies":[{"name":"wp","href":"https:\/\/api.w.org\/{rel}","templated":true}]}}