{"id":43865,"date":"2025-09-30T20:45:16","date_gmt":"2025-09-30T20:45:16","guid":{"rendered":"https:\/\/lovme.pt\/?post_type=product&p=43865"},"modified":"2026-02-19T20:08:50","modified_gmt":"2026-02-19T20:08:50","slug":"g-vibe-gentley-g-spot-vibe-caribe-azul","status":"publish","type":"product","link":"https:\/\/lovme.pt\/index.php\/produto\/g-vibe-gentley-g-spot-vibe-caribe-azul\/","title":{"rendered":"G-VIBE &#8211; GENTLEY G-SPOT VIBE CARIBE AZUL"},"content":{"rendered":"<p>Apresentamos o mais recente vibrador Gentley: o brinquedo perfeito para mulheres que procuram prazer intenso nas zonas mais sens\u00edveis. O seu formato \u00fanico permite a estimula\u00e7\u00e3o simult\u00e2nea do ponto G, do clit\u00f3ris e da entrada vaginal.<\/p>\n<p> Dois potentes motores localizados no eixo e no clit\u00f3ris, juntamente com seis modos de vibra\u00e7\u00e3o, criam uma combina\u00e7\u00e3o requintada que o levar\u00e1 diretamente ao pico do prazer.<\/p>\n<p> O que torna este vibrador diferente dos outros? Em primeiro lugar, atualiz\u00e1mos a gama Gvibe com motores mais modernos, potentes e silenciosos. Em segundo lugar, a bateria recarreg\u00e1vel deste vibrador de \u00faltima gera\u00e7\u00e3o permite at\u00e9 quatro horas de prazer ininterrupto. E por \u00faltimo, mas n\u00e3o menos importante, a embalagem foi pensada para enfatizar a natureza premium do produto.<\/p>\n<p> Tamb\u00e9m cuidamos dos pequenos detalhes. O vibrador Gentley possui uma al\u00e7a exclusiva em forma de G que n\u00e3o s\u00f3 \u00e9 confort\u00e1vel de segurar, mas tamb\u00e9m pode ser colocada em qualquer lugar.<\/p>\n<p> Seguran\u00e7a e conforto s\u00e3o nossas principais prioridades. \u00c9 por isso que fizemos o vibrador Gentley com silicone macio premium, f\u00e1cil de limpar e totalmente \u00e0 prova d\u00e1gua. Al\u00e9m disso, se voc\u00ea tiver algum problema, oferecemos uma garantia de tr\u00eas anos.<\/p>\n<p> <strong>Caracter\u00edsticas:<\/strong><\/p>\n<ul>\n<li> 6 fun\u00e7\u00f5es de vibra\u00e7\u00e3o<\/li>\n<li> Estimula o ponto G<\/li>\n<li> 2 motores potentes<\/li>\n<li> estimula\u00e7\u00e3o m\u00faltipla<\/li>\n<li> USB magn\u00e9tico recarreg\u00e1vel<\/li>\n<li> Capa de chuva<\/li>\n<li> Com &#8220;bloqueio&#8221; de viagem<\/li>\n<li> Silicone macio premium<\/li>\n<\/ul>\n","protected":false},"excerpt":{"rendered":"<p>G-VIBE &#8211; GENTLEY G-SPOT VIBE CARIBE AZUL<\/p>\n","protected":false},"featured_media":72272,"template":"","meta":{"_acf_changed":false},"product_brand":[],"product_cat":[17,115,61,76],"product_tag":[],"class_list":{"0":"post-43865","1":"product","2":"type-product","3":"status-publish","4":"has-post-thumbnail","6":"product_cat-brinquedos-de-bem-estar-sexual","7":"product_cat-ofertas","8":"product_cat-para-elas","9":"product_cat-vibradores","10":"yith_product_brand-g-vibe","12":"first","13":"instock","14":"taxable","15":"shipping-taxable","16":"purchasable","17":"product-type-simple"},"acf":[],"yoast_head":"<!-- This site is optimized with the Yoast SEO plugin v27.4 - https:\/\/yoast.com\/product\/yoast-seo-wordpress\/ -->\n<title>G-VIBE - GENTLEY G-SPOT VIBE CARIBE AZUL - Lovme<\/title>\n<meta name=\"robots\" content=\"index, follow, max-snippet:-1, max-image-preview:large, max-video-preview:-1\" \/>\n<link rel=\"canonical\" href=\"https:\/\/lovme.pt\/index.php\/produto\/g-vibe-gentley-g-spot-vibe-caribe-azul\/\" \/>\n<meta property=\"og:locale\" content=\"pt_PT\" \/>\n<meta property=\"og:type\" content=\"article\" \/>\n<meta property=\"og:title\" content=\"G-VIBE - GENTLEY G-SPOT VIBE CARIBE AZUL - Lovme\" \/>\n<meta property=\"og:description\" content=\"G-VIBE - GENTLEY G-SPOT VIBE CARIBE AZUL\" \/>\n<meta property=\"og:url\" content=\"https:\/\/lovme.pt\/index.php\/produto\/g-vibe-gentley-g-spot-vibe-caribe-azul\/\" \/>\n<meta property=\"og:site_name\" content=\"Lovme\" \/>\n<meta property=\"article:modified_time\" content=\"2026-02-19T20:08:50+00:00\" \/>\n<meta property=\"og:image\" content=\"https:\/\/erki24nd3ub.exactdn.com\/wp-content\/uploads\/dream\/img\/img_147936_f0984756387d4189f11f997b1d6a6485_1.jpg?strip=all\" \/>\n\t<meta property=\"og:image:width\" content=\"800\" \/>\n\t<meta property=\"og:image:height\" content=\"800\" \/>\n\t<meta property=\"og:image:type\" content=\"image\/jpeg\" \/>\n<meta name=\"twitter:card\" content=\"summary_large_image\" \/>\n<meta name=\"twitter:label1\" content=\"Tempo estimado de leitura\" \/>\n\t<meta name=\"twitter:data1\" content=\"1 minuto\" \/>\n<script type=\"application\/ld+json\" class=\"yoast-schema-graph\">{\"@context\":\"https:\\\/\\\/schema.org\",\"@graph\":[{\"@type\":\"WebPage\",\"@id\":\"https:\\\/\\\/lovme.pt\\\/index.php\\\/produto\\\/g-vibe-gentley-g-spot-vibe-caribe-azul\\\/\",\"url\":\"https:\\\/\\\/lovme.pt\\\/index.php\\\/produto\\\/g-vibe-gentley-g-spot-vibe-caribe-azul\\\/\",\"name\":\"G-VIBE - GENTLEY G-SPOT VIBE CARIBE AZUL - Lovme\",\"isPartOf\":{\"@id\":\"https:\\\/\\\/lovme.pt\\\/#website\"},\"primaryImageOfPage\":{\"@id\":\"https:\\\/\\\/lovme.pt\\\/index.php\\\/produto\\\/g-vibe-gentley-g-spot-vibe-caribe-azul\\\/#primaryimage\"},\"image\":{\"@id\":\"https:\\\/\\\/lovme.pt\\\/index.php\\\/produto\\\/g-vibe-gentley-g-spot-vibe-caribe-azul\\\/#primaryimage\"},\"thumbnailUrl\":\"https:\\\/\\\/erki24nd3ub.exactdn.com\\\/wp-content\\\/uploads\\\/dream\\\/img\\\/img_147936_f0984756387d4189f11f997b1d6a6485_1.jpg?strip=all\",\"datePublished\":\"2025-09-30T20:45:16+00:00\",\"dateModified\":\"2026-02-19T20:08:50+00:00\",\"breadcrumb\":{\"@id\":\"https:\\\/\\\/lovme.pt\\\/index.php\\\/produto\\\/g-vibe-gentley-g-spot-vibe-caribe-azul\\\/#breadcrumb\"},\"inLanguage\":\"pt-PT\",\"potentialAction\":[{\"@type\":\"ReadAction\",\"target\":[\"https:\\\/\\\/lovme.pt\\\/index.php\\\/produto\\\/g-vibe-gentley-g-spot-vibe-caribe-azul\\\/\"]}]},{\"@type\":\"ImageObject\",\"inLanguage\":\"pt-PT\",\"@id\":\"https:\\\/\\\/lovme.pt\\\/index.php\\\/produto\\\/g-vibe-gentley-g-spot-vibe-caribe-azul\\\/#primaryimage\",\"url\":\"https:\\\/\\\/erki24nd3ub.exactdn.com\\\/wp-content\\\/uploads\\\/dream\\\/img\\\/img_147936_f0984756387d4189f11f997b1d6a6485_1.jpg?strip=all\",\"contentUrl\":\"https:\\\/\\\/erki24nd3ub.exactdn.com\\\/wp-content\\\/uploads\\\/dream\\\/img\\\/img_147936_f0984756387d4189f11f997b1d6a6485_1.jpg?strip=all\",\"width\":800,\"height\":800},{\"@type\":\"BreadcrumbList\",\"@id\":\"https:\\\/\\\/lovme.pt\\\/index.php\\\/produto\\\/g-vibe-gentley-g-spot-vibe-caribe-azul\\\/#breadcrumb\",\"itemListElement\":[{\"@type\":\"ListItem\",\"position\":1,\"name\":\"In\u00edcio\",\"item\":\"https:\\\/\\\/lovme.pt\\\/\"},{\"@type\":\"ListItem\",\"position\":2,\"name\":\"Loja\",\"item\":\"https:\\\/\\\/lovme.pt\\\/index.php\\\/loja\\\/\"},{\"@type\":\"ListItem\",\"position\":3,\"name\":\"G-VIBE &#8211; GENTLEY G-SPOT VIBE CARIBE AZUL\"}]},{\"@type\":\"WebSite\",\"@id\":\"https:\\\/\\\/lovme.pt\\\/#website\",\"url\":\"https:\\\/\\\/lovme.pt\\\/\",\"name\":\"Lovme Loja Er\u00f3tica N\u00ba1 em Portugal\",\"description\":\"A melhor loja er\u00f3tica de Portugal.\",\"alternateName\":\"Loja Er\u00f3tica Lovme\",\"potentialAction\":[{\"@type\":\"SearchAction\",\"target\":{\"@type\":\"EntryPoint\",\"urlTemplate\":\"https:\\\/\\\/lovme.pt\\\/?s={search_term_string}\"},\"query-input\":{\"@type\":\"PropertyValueSpecification\",\"valueRequired\":true,\"valueName\":\"search_term_string\"}}],\"inLanguage\":\"pt-PT\"}]}<\/script>\n<!-- \/ Yoast SEO plugin. -->","yoast_head_json":{"title":"G-VIBE - GENTLEY G-SPOT VIBE CARIBE AZUL - Lovme","robots":{"index":"index","follow":"follow","max-snippet":"max-snippet:-1","max-image-preview":"max-image-preview:large","max-video-preview":"max-video-preview:-1"},"canonical":"https:\/\/lovme.pt\/index.php\/produto\/g-vibe-gentley-g-spot-vibe-caribe-azul\/","og_locale":"pt_PT","og_type":"article","og_title":"G-VIBE - GENTLEY G-SPOT VIBE CARIBE AZUL - Lovme","og_description":"G-VIBE - GENTLEY G-SPOT VIBE CARIBE AZUL","og_url":"https:\/\/lovme.pt\/index.php\/produto\/g-vibe-gentley-g-spot-vibe-caribe-azul\/","og_site_name":"Lovme","article_modified_time":"2026-02-19T20:08:50+00:00","og_image":[{"width":800,"height":800,"url":"https:\/\/erki24nd3ub.exactdn.com\/wp-content\/uploads\/dream\/img\/img_147936_f0984756387d4189f11f997b1d6a6485_1.jpg?strip=all","type":"image\/jpeg"}],"twitter_card":"summary_large_image","twitter_misc":{"Tempo estimado de leitura":"1 minuto"},"schema":{"@context":"https:\/\/schema.org","@graph":[{"@type":"WebPage","@id":"https:\/\/lovme.pt\/index.php\/produto\/g-vibe-gentley-g-spot-vibe-caribe-azul\/","url":"https:\/\/lovme.pt\/index.php\/produto\/g-vibe-gentley-g-spot-vibe-caribe-azul\/","name":"G-VIBE - GENTLEY G-SPOT VIBE CARIBE AZUL - Lovme","isPartOf":{"@id":"https:\/\/lovme.pt\/#website"},"primaryImageOfPage":{"@id":"https:\/\/lovme.pt\/index.php\/produto\/g-vibe-gentley-g-spot-vibe-caribe-azul\/#primaryimage"},"image":{"@id":"https:\/\/lovme.pt\/index.php\/produto\/g-vibe-gentley-g-spot-vibe-caribe-azul\/#primaryimage"},"thumbnailUrl":"https:\/\/erki24nd3ub.exactdn.com\/wp-content\/uploads\/dream\/img\/img_147936_f0984756387d4189f11f997b1d6a6485_1.jpg?strip=all","datePublished":"2025-09-30T20:45:16+00:00","dateModified":"2026-02-19T20:08:50+00:00","breadcrumb":{"@id":"https:\/\/lovme.pt\/index.php\/produto\/g-vibe-gentley-g-spot-vibe-caribe-azul\/#breadcrumb"},"inLanguage":"pt-PT","potentialAction":[{"@type":"ReadAction","target":["https:\/\/lovme.pt\/index.php\/produto\/g-vibe-gentley-g-spot-vibe-caribe-azul\/"]}]},{"@type":"ImageObject","inLanguage":"pt-PT","@id":"https:\/\/lovme.pt\/index.php\/produto\/g-vibe-gentley-g-spot-vibe-caribe-azul\/#primaryimage","url":"https:\/\/erki24nd3ub.exactdn.com\/wp-content\/uploads\/dream\/img\/img_147936_f0984756387d4189f11f997b1d6a6485_1.jpg?strip=all","contentUrl":"https:\/\/erki24nd3ub.exactdn.com\/wp-content\/uploads\/dream\/img\/img_147936_f0984756387d4189f11f997b1d6a6485_1.jpg?strip=all","width":800,"height":800},{"@type":"BreadcrumbList","@id":"https:\/\/lovme.pt\/index.php\/produto\/g-vibe-gentley-g-spot-vibe-caribe-azul\/#breadcrumb","itemListElement":[{"@type":"ListItem","position":1,"name":"In\u00edcio","item":"https:\/\/lovme.pt\/"},{"@type":"ListItem","position":2,"name":"Loja","item":"https:\/\/lovme.pt\/index.php\/loja\/"},{"@type":"ListItem","position":3,"name":"G-VIBE &#8211; GENTLEY G-SPOT VIBE CARIBE AZUL"}]},{"@type":"WebSite","@id":"https:\/\/lovme.pt\/#website","url":"https:\/\/lovme.pt\/","name":"Lovme Loja Er\u00f3tica N\u00ba1 em Portugal","description":"A melhor loja er\u00f3tica de Portugal.","alternateName":"Loja Er\u00f3tica Lovme","potentialAction":[{"@type":"SearchAction","target":{"@type":"EntryPoint","urlTemplate":"https:\/\/lovme.pt\/?s={search_term_string}"},"query-input":{"@type":"PropertyValueSpecification","valueRequired":true,"valueName":"search_term_string"}}],"inLanguage":"pt-PT"}]}},"_links":{"self":[{"href":"https:\/\/lovme.pt\/index.php\/wp-json\/wp\/v2\/product\/43865","targetHints":{"allow":["GET"]}}],"collection":[{"href":"https:\/\/lovme.pt\/index.php\/wp-json\/wp\/v2\/product"}],"about":[{"href":"https:\/\/lovme.pt\/index.php\/wp-json\/wp\/v2\/types\/product"}],"wp:featuredmedia":[{"embeddable":true,"href":"https:\/\/lovme.pt\/index.php\/wp-json\/wp\/v2\/media\/72272"}],"wp:attachment":[{"href":"https:\/\/lovme.pt\/index.php\/wp-json\/wp\/v2\/media?parent=43865"}],"wp:term":[{"taxonomy":"product_brand","embeddable":true,"href":"https:\/\/lovme.pt\/index.php\/wp-json\/wp\/v2\/product_brand?post=43865"},{"taxonomy":"product_cat","embeddable":true,"href":"https:\/\/lovme.pt\/index.php\/wp-json\/wp\/v2\/product_cat?post=43865"},{"taxonomy":"product_tag","embeddable":true,"href":"https:\/\/lovme.pt\/index.php\/wp-json\/wp\/v2\/product_tag?post=43865"}],"curies":[{"name":"wp","href":"https:\/\/api.w.org\/{rel}","templated":true}]}}