{"id":43861,"date":"2025-09-30T10:00:07","date_gmt":"2025-09-30T10:00:07","guid":{"rendered":"https:\/\/lovme.pt\/?post_type=product&p=43861"},"modified":"2026-02-19T20:06:14","modified_gmt":"2026-02-19T20:06:14","slug":"intense-juni-up-down-10-vibraoes-vermelhas","status":"publish","type":"product","link":"https:\/\/lovme.pt\/index.php\/produto\/intense-juni-up-down-10-vibraoes-vermelhas\/","title":{"rendered":"INTENSE &#8211; JUNI UP  DOWN 10 VIBRA\u00d5ES VERMELHAS"},"content":{"rendered":"<p><span style=\"font-family: Lato, sans-serif; font-size: 14px;\">Conhe\u00e7a o vibrador INTENSE &#8211; JUNI UP  DOWN 10 VIBRATIONS RED, pensado especialmente para mulheres a partir de 18 anos! Este brinquedo inovador foi projetado para estimular a vagina com seu motor interno que realiza o movimento de entrar e sair automaticamente. Prepare-se para experimentar sensa\u00e7\u00f5es \u00fanicas e prazerosas!<\/span><br style=\"box-sizing: border-box; font-family: Poppins, sans-serif; font-size: 14px;\" \/><br style=\"box-sizing: border-box; font-family: Poppins, sans-serif; font-size: 14px;\" \/><span style=\"font-family: Lato, sans-serif; font-size: 14px;\">Com 10 modos de vibra\u00e7\u00e3o, que variam de intenso a suave, voc\u00ea pode personalizar sua experi\u00eancia de acordo com suas prefer\u00eancias. A divers\u00e3o \u00e9 garantida! Al\u00e9m disso, o seu revolucion\u00e1rio sistema updown torna-o num produto totalmente inovador e surpreendente.<\/span><br style=\"box-sizing: border-box; font-family: Poppins, sans-serif; font-size: 14px;\" \/><br style=\"box-sizing: border-box; font-family: Poppins, sans-serif; font-size: 14px;\" \/><span style=\"font-family: Lato, sans-serif; font-size: 14px;\">O vibrador INTENSE &#8211; JUNI UP  DOWN \u00e9 feito de silicone m\u00e9dico hipoalerg\u00eanico de alta qualidade, garantindo uma experi\u00eancia segura e confort\u00e1vel. Seu bot\u00e3o liga e desliga \u00e9 muito f\u00e1cil de usar, para que voc\u00ea possa controlar seus momentos de prazer com facilidade e sem complica\u00e7\u00f5es.<\/span><br style=\"box-sizing: border-box; font-family: Poppins, sans-serif; font-size: 14px;\" \/><br style=\"box-sizing: border-box; font-family: Poppins, sans-serif; font-size: 14px;\" \/><span style=\"font-family: Lato, sans-serif; font-size: 14px;\">E isso n\u00e3o \u00e9 tudo! Este vibrador \u00e9 facilmente recarregado com um cabo USB, o que permitir\u00e1 us\u00e1-lo por 2 horas com apenas 1 hora de carregamento. Voc\u00ea nunca ficar\u00e1 sem divers\u00e3o! Al\u00e9m disso, inclui baterias recarreg\u00e1veis de longa dura\u00e7\u00e3o, para que possa desfrutar dos seus momentos \u00edntimos sem se preocupar em ficar sem energia.<\/span><br style=\"box-sizing: border-box; font-family: Poppins, sans-serif; font-size: 14px;\" \/><br style=\"box-sizing: border-box; font-family: Poppins, sans-serif; font-size: 14px;\" \/><span style=\"font-family: Lato, sans-serif; font-size: 14px;\">Com 17,3 cm de comprimento e 3,75 cm de di\u00e2metro, o INTENSE &#8211; JUNI UP  DOWN adapta-se perfeitamente ao seu corpo e proporciona-lhe uma estimula\u00e7\u00e3o precisa e prazerosa. Al\u00e9m disso, \u00e9 \u00e0 prova d\u00e1gua, para que voc\u00ea possa desfrut\u00e1-lo no chuveiro ou na banheira, acrescentando um toque extra de divers\u00e3o e relaxamento aos seus momentos \u00edntimos.<\/span><br style=\"box-sizing: border-box; font-family: Poppins, sans-serif; font-size: 14px;\" \/><br style=\"box-sizing: border-box; font-family: Poppins, sans-serif; font-size: 14px;\" \/><span style=\"font-family: Lato, sans-serif; font-size: 14px;\">N\u00e3o perca a oportunidade de experimentar o prazer na sua intensidade m\u00e1xima com o vibrador INTENSE &#8211; JUNI UP  DOWN 10 VIBRATIONS RED. Adquira e descubra um mundo de sensa\u00e7\u00f5es incompar\u00e1veis!<\/span><\/p>\n","protected":false},"excerpt":{"rendered":"<p>INTENSE &#8211; JUNI UP  DOWN 10 VIBRA\u00d5ES VERMELHAS<\/p>\n","protected":false},"featured_media":60790,"template":"","meta":{"_acf_changed":false},"product_brand":[],"product_cat":[17,76],"product_tag":[],"class_list":{"0":"post-43861","1":"product","2":"type-product","3":"status-publish","4":"has-post-thumbnail","6":"product_cat-brinquedos-de-bem-estar-sexual","7":"product_cat-vibradores","8":"yith_product_brand-intense","9":"yith_product_brand-intenseintense-toysintense-fun","10":"yith_product_brand-intenseintense-toys","12":"first","13":"instock","14":"taxable","15":"shipping-taxable","16":"purchasable","17":"product-type-simple"},"acf":[],"yoast_head":"<!-- This site is optimized with the Yoast SEO plugin v27.4 - https:\/\/yoast.com\/product\/yoast-seo-wordpress\/ -->\n<title>INTENSE - JUNI UP DOWN 10 VIBRA\u00d5ES VERMELHAS - Lovme<\/title>\n<meta name=\"robots\" content=\"index, follow, max-snippet:-1, max-image-preview:large, max-video-preview:-1\" \/>\n<link rel=\"canonical\" href=\"https:\/\/lovme.pt\/index.php\/produto\/intense-juni-up-down-10-vibraoes-vermelhas\/\" \/>\n<meta property=\"og:locale\" content=\"pt_PT\" \/>\n<meta property=\"og:type\" content=\"article\" \/>\n<meta property=\"og:title\" content=\"INTENSE - JUNI UP DOWN 10 VIBRA\u00d5ES VERMELHAS - Lovme\" \/>\n<meta property=\"og:description\" content=\"INTENSE - JUNI UP DOWN 10 VIBRA\u00d5ES VERMELHAS\" \/>\n<meta property=\"og:url\" content=\"https:\/\/lovme.pt\/index.php\/produto\/intense-juni-up-down-10-vibraoes-vermelhas\/\" \/>\n<meta property=\"og:site_name\" content=\"Lovme\" \/>\n<meta property=\"article:modified_time\" content=\"2026-02-19T20:06:14+00:00\" \/>\n<meta property=\"og:image\" content=\"https:\/\/erki24nd3ub.exactdn.com\/wp-content\/uploads\/dream\/img\/img_147823_07b714ba8c48d6f966e96ddccd882d3b_1.png?strip=all\" \/>\n\t<meta property=\"og:image:width\" content=\"800\" \/>\n\t<meta property=\"og:image:height\" content=\"800\" \/>\n\t<meta property=\"og:image:type\" content=\"image\/png\" \/>\n<meta name=\"twitter:card\" content=\"summary_large_image\" \/>\n<meta name=\"twitter:label1\" content=\"Tempo estimado de leitura\" \/>\n\t<meta name=\"twitter:data1\" content=\"1 minuto\" \/>\n<script type=\"application\/ld+json\" class=\"yoast-schema-graph\">{\"@context\":\"https:\\\/\\\/schema.org\",\"@graph\":[{\"@type\":\"WebPage\",\"@id\":\"https:\\\/\\\/lovme.pt\\\/index.php\\\/produto\\\/intense-juni-up-down-10-vibraoes-vermelhas\\\/\",\"url\":\"https:\\\/\\\/lovme.pt\\\/index.php\\\/produto\\\/intense-juni-up-down-10-vibraoes-vermelhas\\\/\",\"name\":\"INTENSE - JUNI UP DOWN 10 VIBRA\u00d5ES VERMELHAS - Lovme\",\"isPartOf\":{\"@id\":\"https:\\\/\\\/lovme.pt\\\/#website\"},\"primaryImageOfPage\":{\"@id\":\"https:\\\/\\\/lovme.pt\\\/index.php\\\/produto\\\/intense-juni-up-down-10-vibraoes-vermelhas\\\/#primaryimage\"},\"image\":{\"@id\":\"https:\\\/\\\/lovme.pt\\\/index.php\\\/produto\\\/intense-juni-up-down-10-vibraoes-vermelhas\\\/#primaryimage\"},\"thumbnailUrl\":\"https:\\\/\\\/erki24nd3ub.exactdn.com\\\/wp-content\\\/uploads\\\/dream\\\/img\\\/img_147823_07b714ba8c48d6f966e96ddccd882d3b_1.png?strip=all\",\"datePublished\":\"2025-09-30T10:00:07+00:00\",\"dateModified\":\"2026-02-19T20:06:14+00:00\",\"breadcrumb\":{\"@id\":\"https:\\\/\\\/lovme.pt\\\/index.php\\\/produto\\\/intense-juni-up-down-10-vibraoes-vermelhas\\\/#breadcrumb\"},\"inLanguage\":\"pt-PT\",\"potentialAction\":[{\"@type\":\"ReadAction\",\"target\":[\"https:\\\/\\\/lovme.pt\\\/index.php\\\/produto\\\/intense-juni-up-down-10-vibraoes-vermelhas\\\/\"]}]},{\"@type\":\"ImageObject\",\"inLanguage\":\"pt-PT\",\"@id\":\"https:\\\/\\\/lovme.pt\\\/index.php\\\/produto\\\/intense-juni-up-down-10-vibraoes-vermelhas\\\/#primaryimage\",\"url\":\"https:\\\/\\\/erki24nd3ub.exactdn.com\\\/wp-content\\\/uploads\\\/dream\\\/img\\\/img_147823_07b714ba8c48d6f966e96ddccd882d3b_1.png?strip=all\",\"contentUrl\":\"https:\\\/\\\/erki24nd3ub.exactdn.com\\\/wp-content\\\/uploads\\\/dream\\\/img\\\/img_147823_07b714ba8c48d6f966e96ddccd882d3b_1.png?strip=all\",\"width\":800,\"height\":800},{\"@type\":\"BreadcrumbList\",\"@id\":\"https:\\\/\\\/lovme.pt\\\/index.php\\\/produto\\\/intense-juni-up-down-10-vibraoes-vermelhas\\\/#breadcrumb\",\"itemListElement\":[{\"@type\":\"ListItem\",\"position\":1,\"name\":\"In\u00edcio\",\"item\":\"https:\\\/\\\/lovme.pt\\\/\"},{\"@type\":\"ListItem\",\"position\":2,\"name\":\"Loja\",\"item\":\"https:\\\/\\\/lovme.pt\\\/index.php\\\/loja\\\/\"},{\"@type\":\"ListItem\",\"position\":3,\"name\":\"INTENSE &#8211; JUNI UP DOWN 10 VIBRA\u00d5ES VERMELHAS\"}]},{\"@type\":\"WebSite\",\"@id\":\"https:\\\/\\\/lovme.pt\\\/#website\",\"url\":\"https:\\\/\\\/lovme.pt\\\/\",\"name\":\"Lovme Loja Er\u00f3tica N\u00ba1 em Portugal\",\"description\":\"A melhor loja er\u00f3tica de Portugal.\",\"alternateName\":\"Loja Er\u00f3tica Lovme\",\"potentialAction\":[{\"@type\":\"SearchAction\",\"target\":{\"@type\":\"EntryPoint\",\"urlTemplate\":\"https:\\\/\\\/lovme.pt\\\/?s={search_term_string}\"},\"query-input\":{\"@type\":\"PropertyValueSpecification\",\"valueRequired\":true,\"valueName\":\"search_term_string\"}}],\"inLanguage\":\"pt-PT\"}]}<\/script>\n<!-- \/ Yoast SEO plugin. -->","yoast_head_json":{"title":"INTENSE - JUNI UP DOWN 10 VIBRA\u00d5ES VERMELHAS - Lovme","robots":{"index":"index","follow":"follow","max-snippet":"max-snippet:-1","max-image-preview":"max-image-preview:large","max-video-preview":"max-video-preview:-1"},"canonical":"https:\/\/lovme.pt\/index.php\/produto\/intense-juni-up-down-10-vibraoes-vermelhas\/","og_locale":"pt_PT","og_type":"article","og_title":"INTENSE - JUNI UP DOWN 10 VIBRA\u00d5ES VERMELHAS - Lovme","og_description":"INTENSE - JUNI UP DOWN 10 VIBRA\u00d5ES VERMELHAS","og_url":"https:\/\/lovme.pt\/index.php\/produto\/intense-juni-up-down-10-vibraoes-vermelhas\/","og_site_name":"Lovme","article_modified_time":"2026-02-19T20:06:14+00:00","og_image":[{"width":800,"height":800,"url":"https:\/\/erki24nd3ub.exactdn.com\/wp-content\/uploads\/dream\/img\/img_147823_07b714ba8c48d6f966e96ddccd882d3b_1.png?strip=all","type":"image\/png"}],"twitter_card":"summary_large_image","twitter_misc":{"Tempo estimado de leitura":"1 minuto"},"schema":{"@context":"https:\/\/schema.org","@graph":[{"@type":"WebPage","@id":"https:\/\/lovme.pt\/index.php\/produto\/intense-juni-up-down-10-vibraoes-vermelhas\/","url":"https:\/\/lovme.pt\/index.php\/produto\/intense-juni-up-down-10-vibraoes-vermelhas\/","name":"INTENSE - JUNI UP DOWN 10 VIBRA\u00d5ES VERMELHAS - Lovme","isPartOf":{"@id":"https:\/\/lovme.pt\/#website"},"primaryImageOfPage":{"@id":"https:\/\/lovme.pt\/index.php\/produto\/intense-juni-up-down-10-vibraoes-vermelhas\/#primaryimage"},"image":{"@id":"https:\/\/lovme.pt\/index.php\/produto\/intense-juni-up-down-10-vibraoes-vermelhas\/#primaryimage"},"thumbnailUrl":"https:\/\/erki24nd3ub.exactdn.com\/wp-content\/uploads\/dream\/img\/img_147823_07b714ba8c48d6f966e96ddccd882d3b_1.png?strip=all","datePublished":"2025-09-30T10:00:07+00:00","dateModified":"2026-02-19T20:06:14+00:00","breadcrumb":{"@id":"https:\/\/lovme.pt\/index.php\/produto\/intense-juni-up-down-10-vibraoes-vermelhas\/#breadcrumb"},"inLanguage":"pt-PT","potentialAction":[{"@type":"ReadAction","target":["https:\/\/lovme.pt\/index.php\/produto\/intense-juni-up-down-10-vibraoes-vermelhas\/"]}]},{"@type":"ImageObject","inLanguage":"pt-PT","@id":"https:\/\/lovme.pt\/index.php\/produto\/intense-juni-up-down-10-vibraoes-vermelhas\/#primaryimage","url":"https:\/\/erki24nd3ub.exactdn.com\/wp-content\/uploads\/dream\/img\/img_147823_07b714ba8c48d6f966e96ddccd882d3b_1.png?strip=all","contentUrl":"https:\/\/erki24nd3ub.exactdn.com\/wp-content\/uploads\/dream\/img\/img_147823_07b714ba8c48d6f966e96ddccd882d3b_1.png?strip=all","width":800,"height":800},{"@type":"BreadcrumbList","@id":"https:\/\/lovme.pt\/index.php\/produto\/intense-juni-up-down-10-vibraoes-vermelhas\/#breadcrumb","itemListElement":[{"@type":"ListItem","position":1,"name":"In\u00edcio","item":"https:\/\/lovme.pt\/"},{"@type":"ListItem","position":2,"name":"Loja","item":"https:\/\/lovme.pt\/index.php\/loja\/"},{"@type":"ListItem","position":3,"name":"INTENSE &#8211; JUNI UP DOWN 10 VIBRA\u00d5ES VERMELHAS"}]},{"@type":"WebSite","@id":"https:\/\/lovme.pt\/#website","url":"https:\/\/lovme.pt\/","name":"Lovme Loja Er\u00f3tica N\u00ba1 em Portugal","description":"A melhor loja er\u00f3tica de Portugal.","alternateName":"Loja Er\u00f3tica Lovme","potentialAction":[{"@type":"SearchAction","target":{"@type":"EntryPoint","urlTemplate":"https:\/\/lovme.pt\/?s={search_term_string}"},"query-input":{"@type":"PropertyValueSpecification","valueRequired":true,"valueName":"search_term_string"}}],"inLanguage":"pt-PT"}]}},"_links":{"self":[{"href":"https:\/\/lovme.pt\/index.php\/wp-json\/wp\/v2\/product\/43861","targetHints":{"allow":["GET"]}}],"collection":[{"href":"https:\/\/lovme.pt\/index.php\/wp-json\/wp\/v2\/product"}],"about":[{"href":"https:\/\/lovme.pt\/index.php\/wp-json\/wp\/v2\/types\/product"}],"wp:featuredmedia":[{"embeddable":true,"href":"https:\/\/lovme.pt\/index.php\/wp-json\/wp\/v2\/media\/60790"}],"wp:attachment":[{"href":"https:\/\/lovme.pt\/index.php\/wp-json\/wp\/v2\/media?parent=43861"}],"wp:term":[{"taxonomy":"product_brand","embeddable":true,"href":"https:\/\/lovme.pt\/index.php\/wp-json\/wp\/v2\/product_brand?post=43861"},{"taxonomy":"product_cat","embeddable":true,"href":"https:\/\/lovme.pt\/index.php\/wp-json\/wp\/v2\/product_cat?post=43861"},{"taxonomy":"product_tag","embeddable":true,"href":"https:\/\/lovme.pt\/index.php\/wp-json\/wp\/v2\/product_tag?post=43861"}],"curies":[{"name":"wp","href":"https:\/\/api.w.org\/{rel}","templated":true}]}}