{"id":43809,"date":"2025-09-30T20:45:00","date_gmt":"2025-09-30T20:45:00","guid":{"rendered":"https:\/\/lovme.pt\/?post_type=product&p=43809"},"modified":"2026-05-13T16:34:25","modified_gmt":"2026-05-13T16:34:25","slug":"we-vibe-conjunto-de-noite-de-data","status":"publish","type":"product","link":"https:\/\/lovme.pt\/index.php\/produto\/we-vibe-conjunto-de-noite-de-data\/","title":{"rendered":"WE-VIBE &#8211; CONJUNTO DE NOITE DE DATA"},"content":{"rendered":"<p>\u00c9 um momento, uma noite ou um fim de semana de prazer org\u00e1stico em uma linda caixa de presente. Projetado para aumentar a intimidade e a brincadeira entre casais, o Nova 2 proporciona orgasmos combinados, enquanto o Pivot melhora e prolonga as ere\u00e7\u00f5es para um encontro noturno que realmente dura a noite toda.<\/p>\n<p> Al\u00e9m de um vibrador de coelho cl\u00e1ssico, os recursos do Nova 2 s\u00e3o perfeitos para apimentar suas preliminares. Desfrute do contato constante com o clit\u00f3ris enquanto estimula o ponto G para um prazer ininterrupto.<\/p>\n<p> Macio, el\u00e1stico e confort\u00e1vel de usar, o Pivot proporciona ere\u00e7\u00f5es mais completas e duradouras e vibra\u00e7\u00f5es agrad\u00e1veis que ambos os parceiros podem desfrutar durante o sexo.<\/p>\n<p> Controle seus brinquedos simplesmente conectando-se por meio do aplicativo gratuito inclu\u00eddo  ent\u00e3o v\u00e1 em frente e fa\u00e7a o download para ampliar o jogo com mais possibilidades. Voc\u00ea tamb\u00e9m pode personalizar as vibra\u00e7\u00f5es, alterar a intensidade e enviar vibra\u00e7\u00f5es remotamente. O presente perfeito para qualquer ocasi\u00e3o, compre seu jogo Date Night Special Edition hoje mesmo!<\/p>\n<p> <strong>Principais caracter\u00edsticas:<\/strong><\/p>\n<ul>\n<li> Conjunto de presente<\/li>\n<li> Vibrador de ponto G Nova 2<\/li>\n<li> Anel peniano vibrat\u00f3rio com piv\u00f4<\/li>\n<li> Multifuncional<\/li>\n<li> Silicone<\/li>\n<li> Controlado por aplicativo<\/li>\n<li> Recarreg\u00e1vel<\/li>\n<\/ul>\n","protected":false},"excerpt":{"rendered":"<p>WE-VIBE &#8211; CONJUNTO DE NOITE DE DATA<\/p>\n","protected":false},"featured_media":72237,"template":"","meta":{"_acf_changed":false},"product_brand":[],"product_cat":[17,61,76],"product_tag":[],"class_list":{"0":"post-43809","1":"product","2":"type-product","3":"status-publish","4":"has-post-thumbnail","6":"product_cat-brinquedos-de-bem-estar-sexual","7":"product_cat-para-elas","8":"product_cat-vibradores","9":"yith_product_brand-we-vibe","11":"first","12":"outofstock","13":"taxable","14":"shipping-taxable","15":"purchasable","16":"product-type-simple"},"acf":[],"yoast_head":"<!-- This site is optimized with the Yoast SEO plugin v27.4 - https:\/\/yoast.com\/product\/yoast-seo-wordpress\/ -->\n<title>WE-VIBE - CONJUNTO DE NOITE DE DATA - Lovme<\/title>\n<meta name=\"robots\" content=\"index, follow, max-snippet:-1, max-image-preview:large, max-video-preview:-1\" \/>\n<link rel=\"canonical\" href=\"https:\/\/lovme.pt\/index.php\/produto\/we-vibe-conjunto-de-noite-de-data\/\" \/>\n<meta property=\"og:locale\" content=\"pt_PT\" \/>\n<meta property=\"og:type\" content=\"article\" \/>\n<meta property=\"og:title\" content=\"WE-VIBE - CONJUNTO DE NOITE DE DATA - Lovme\" \/>\n<meta property=\"og:description\" content=\"WE-VIBE - CONJUNTO DE NOITE DE DATA\" \/>\n<meta property=\"og:url\" content=\"https:\/\/lovme.pt\/index.php\/produto\/we-vibe-conjunto-de-noite-de-data\/\" \/>\n<meta property=\"og:site_name\" content=\"Lovme\" \/>\n<meta property=\"article:modified_time\" content=\"2026-05-13T16:34:25+00:00\" \/>\n<meta property=\"og:image\" content=\"https:\/\/erki24nd3ub.exactdn.com\/wp-content\/uploads\/dream\/img\/img_210597_05ec3aa1092386356ebabb6ba3b53a93_1.png?strip=all\" \/>\n\t<meta property=\"og:image:width\" content=\"900\" \/>\n\t<meta property=\"og:image:height\" content=\"900\" \/>\n\t<meta property=\"og:image:type\" content=\"image\/png\" \/>\n<meta name=\"twitter:card\" content=\"summary_large_image\" \/>\n<meta name=\"twitter:label1\" content=\"Tempo estimado de leitura\" \/>\n\t<meta name=\"twitter:data1\" content=\"1 minuto\" \/>\n<script type=\"application\/ld+json\" class=\"yoast-schema-graph\">{\"@context\":\"https:\\\/\\\/schema.org\",\"@graph\":[{\"@type\":\"WebPage\",\"@id\":\"https:\\\/\\\/lovme.pt\\\/index.php\\\/produto\\\/we-vibe-conjunto-de-noite-de-data\\\/\",\"url\":\"https:\\\/\\\/lovme.pt\\\/index.php\\\/produto\\\/we-vibe-conjunto-de-noite-de-data\\\/\",\"name\":\"WE-VIBE - CONJUNTO DE NOITE DE DATA - Lovme\",\"isPartOf\":{\"@id\":\"https:\\\/\\\/lovme.pt\\\/#website\"},\"primaryImageOfPage\":{\"@id\":\"https:\\\/\\\/lovme.pt\\\/index.php\\\/produto\\\/we-vibe-conjunto-de-noite-de-data\\\/#primaryimage\"},\"image\":{\"@id\":\"https:\\\/\\\/lovme.pt\\\/index.php\\\/produto\\\/we-vibe-conjunto-de-noite-de-data\\\/#primaryimage\"},\"thumbnailUrl\":\"https:\\\/\\\/erki24nd3ub.exactdn.com\\\/wp-content\\\/uploads\\\/dream\\\/img\\\/img_210597_05ec3aa1092386356ebabb6ba3b53a93_1.png?strip=all\",\"datePublished\":\"2025-09-30T20:45:00+00:00\",\"dateModified\":\"2026-05-13T16:34:25+00:00\",\"breadcrumb\":{\"@id\":\"https:\\\/\\\/lovme.pt\\\/index.php\\\/produto\\\/we-vibe-conjunto-de-noite-de-data\\\/#breadcrumb\"},\"inLanguage\":\"pt-PT\",\"potentialAction\":[{\"@type\":\"ReadAction\",\"target\":[\"https:\\\/\\\/lovme.pt\\\/index.php\\\/produto\\\/we-vibe-conjunto-de-noite-de-data\\\/\"]}]},{\"@type\":\"ImageObject\",\"inLanguage\":\"pt-PT\",\"@id\":\"https:\\\/\\\/lovme.pt\\\/index.php\\\/produto\\\/we-vibe-conjunto-de-noite-de-data\\\/#primaryimage\",\"url\":\"https:\\\/\\\/erki24nd3ub.exactdn.com\\\/wp-content\\\/uploads\\\/dream\\\/img\\\/img_210597_05ec3aa1092386356ebabb6ba3b53a93_1.png?strip=all\",\"contentUrl\":\"https:\\\/\\\/erki24nd3ub.exactdn.com\\\/wp-content\\\/uploads\\\/dream\\\/img\\\/img_210597_05ec3aa1092386356ebabb6ba3b53a93_1.png?strip=all\",\"width\":900,\"height\":900},{\"@type\":\"BreadcrumbList\",\"@id\":\"https:\\\/\\\/lovme.pt\\\/index.php\\\/produto\\\/we-vibe-conjunto-de-noite-de-data\\\/#breadcrumb\",\"itemListElement\":[{\"@type\":\"ListItem\",\"position\":1,\"name\":\"In\u00edcio\",\"item\":\"https:\\\/\\\/lovme.pt\\\/\"},{\"@type\":\"ListItem\",\"position\":2,\"name\":\"Loja\",\"item\":\"https:\\\/\\\/lovme.pt\\\/index.php\\\/loja\\\/\"},{\"@type\":\"ListItem\",\"position\":3,\"name\":\"WE-VIBE &#8211; CONJUNTO DE NOITE DE DATA\"}]},{\"@type\":\"WebSite\",\"@id\":\"https:\\\/\\\/lovme.pt\\\/#website\",\"url\":\"https:\\\/\\\/lovme.pt\\\/\",\"name\":\"Lovme Loja Er\u00f3tica N\u00ba1 em Portugal\",\"description\":\"A melhor loja er\u00f3tica de Portugal.\",\"alternateName\":\"Loja Er\u00f3tica Lovme\",\"potentialAction\":[{\"@type\":\"SearchAction\",\"target\":{\"@type\":\"EntryPoint\",\"urlTemplate\":\"https:\\\/\\\/lovme.pt\\\/?s={search_term_string}\"},\"query-input\":{\"@type\":\"PropertyValueSpecification\",\"valueRequired\":true,\"valueName\":\"search_term_string\"}}],\"inLanguage\":\"pt-PT\"}]}<\/script>\n<!-- \/ Yoast SEO plugin. -->","yoast_head_json":{"title":"WE-VIBE - CONJUNTO DE NOITE DE DATA - Lovme","robots":{"index":"index","follow":"follow","max-snippet":"max-snippet:-1","max-image-preview":"max-image-preview:large","max-video-preview":"max-video-preview:-1"},"canonical":"https:\/\/lovme.pt\/index.php\/produto\/we-vibe-conjunto-de-noite-de-data\/","og_locale":"pt_PT","og_type":"article","og_title":"WE-VIBE - CONJUNTO DE NOITE DE DATA - Lovme","og_description":"WE-VIBE - CONJUNTO DE NOITE DE DATA","og_url":"https:\/\/lovme.pt\/index.php\/produto\/we-vibe-conjunto-de-noite-de-data\/","og_site_name":"Lovme","article_modified_time":"2026-05-13T16:34:25+00:00","og_image":[{"width":900,"height":900,"url":"https:\/\/erki24nd3ub.exactdn.com\/wp-content\/uploads\/dream\/img\/img_210597_05ec3aa1092386356ebabb6ba3b53a93_1.png?strip=all","type":"image\/png"}],"twitter_card":"summary_large_image","twitter_misc":{"Tempo estimado de leitura":"1 minuto"},"schema":{"@context":"https:\/\/schema.org","@graph":[{"@type":"WebPage","@id":"https:\/\/lovme.pt\/index.php\/produto\/we-vibe-conjunto-de-noite-de-data\/","url":"https:\/\/lovme.pt\/index.php\/produto\/we-vibe-conjunto-de-noite-de-data\/","name":"WE-VIBE - CONJUNTO DE NOITE DE DATA - Lovme","isPartOf":{"@id":"https:\/\/lovme.pt\/#website"},"primaryImageOfPage":{"@id":"https:\/\/lovme.pt\/index.php\/produto\/we-vibe-conjunto-de-noite-de-data\/#primaryimage"},"image":{"@id":"https:\/\/lovme.pt\/index.php\/produto\/we-vibe-conjunto-de-noite-de-data\/#primaryimage"},"thumbnailUrl":"https:\/\/erki24nd3ub.exactdn.com\/wp-content\/uploads\/dream\/img\/img_210597_05ec3aa1092386356ebabb6ba3b53a93_1.png?strip=all","datePublished":"2025-09-30T20:45:00+00:00","dateModified":"2026-05-13T16:34:25+00:00","breadcrumb":{"@id":"https:\/\/lovme.pt\/index.php\/produto\/we-vibe-conjunto-de-noite-de-data\/#breadcrumb"},"inLanguage":"pt-PT","potentialAction":[{"@type":"ReadAction","target":["https:\/\/lovme.pt\/index.php\/produto\/we-vibe-conjunto-de-noite-de-data\/"]}]},{"@type":"ImageObject","inLanguage":"pt-PT","@id":"https:\/\/lovme.pt\/index.php\/produto\/we-vibe-conjunto-de-noite-de-data\/#primaryimage","url":"https:\/\/erki24nd3ub.exactdn.com\/wp-content\/uploads\/dream\/img\/img_210597_05ec3aa1092386356ebabb6ba3b53a93_1.png?strip=all","contentUrl":"https:\/\/erki24nd3ub.exactdn.com\/wp-content\/uploads\/dream\/img\/img_210597_05ec3aa1092386356ebabb6ba3b53a93_1.png?strip=all","width":900,"height":900},{"@type":"BreadcrumbList","@id":"https:\/\/lovme.pt\/index.php\/produto\/we-vibe-conjunto-de-noite-de-data\/#breadcrumb","itemListElement":[{"@type":"ListItem","position":1,"name":"In\u00edcio","item":"https:\/\/lovme.pt\/"},{"@type":"ListItem","position":2,"name":"Loja","item":"https:\/\/lovme.pt\/index.php\/loja\/"},{"@type":"ListItem","position":3,"name":"WE-VIBE &#8211; CONJUNTO DE NOITE DE DATA"}]},{"@type":"WebSite","@id":"https:\/\/lovme.pt\/#website","url":"https:\/\/lovme.pt\/","name":"Lovme Loja Er\u00f3tica N\u00ba1 em Portugal","description":"A melhor loja er\u00f3tica de Portugal.","alternateName":"Loja Er\u00f3tica Lovme","potentialAction":[{"@type":"SearchAction","target":{"@type":"EntryPoint","urlTemplate":"https:\/\/lovme.pt\/?s={search_term_string}"},"query-input":{"@type":"PropertyValueSpecification","valueRequired":true,"valueName":"search_term_string"}}],"inLanguage":"pt-PT"}]}},"_links":{"self":[{"href":"https:\/\/lovme.pt\/index.php\/wp-json\/wp\/v2\/product\/43809","targetHints":{"allow":["GET"]}}],"collection":[{"href":"https:\/\/lovme.pt\/index.php\/wp-json\/wp\/v2\/product"}],"about":[{"href":"https:\/\/lovme.pt\/index.php\/wp-json\/wp\/v2\/types\/product"}],"wp:featuredmedia":[{"embeddable":true,"href":"https:\/\/lovme.pt\/index.php\/wp-json\/wp\/v2\/media\/72237"}],"wp:attachment":[{"href":"https:\/\/lovme.pt\/index.php\/wp-json\/wp\/v2\/media?parent=43809"}],"wp:term":[{"taxonomy":"product_brand","embeddable":true,"href":"https:\/\/lovme.pt\/index.php\/wp-json\/wp\/v2\/product_brand?post=43809"},{"taxonomy":"product_cat","embeddable":true,"href":"https:\/\/lovme.pt\/index.php\/wp-json\/wp\/v2\/product_cat?post=43809"},{"taxonomy":"product_tag","embeddable":true,"href":"https:\/\/lovme.pt\/index.php\/wp-json\/wp\/v2\/product_tag?post=43809"}],"curies":[{"name":"wp","href":"https:\/\/api.w.org\/{rel}","templated":true}]}}