{"id":43805,"date":"2025-10-01T20:15:54","date_gmt":"2025-10-01T20:15:54","guid":{"rendered":"https:\/\/lovme.pt\/?post_type=product&#038;p=43805"},"modified":"2026-04-01T00:24:23","modified_gmt":"2026-04-01T00:24:23","slug":"womanizer-duo-2-estimulador-azul","status":"publish","type":"product","link":"https:\/\/lovme.pt\/index.php\/produto\/womanizer-duo-2-estimulador-azul\/","title":{"rendered":"WOMANIZER &#8211; DUO 2 ESTIMULADOR AZUL"},"content":{"rendered":"<p>Delicie-se com orgasmos de corpo inteiro com o Womanizer Duo 2!<\/p>\n<p>O DUO2 \u00e9 um brinquedo de coelho premium exclusivo que combina estimula\u00e7\u00e3o clitoriana sensacional com massagens poderosas do ponto G para criar orgasmos avan\u00e7ados de enrolar os dedos dos p\u00e9s. A tecnologia Pleasure Air estimula o clit\u00f3ris com o equil\u00edbrio perfeito de mudan\u00e7as pulsantes e massageadoras na press\u00e3o do ar sem tocar o clit\u00f3ris. Isso garante que sua \u00e1rea mais sens\u00edvel nunca seja superestimulada enquanto voc\u00ea experimenta v\u00e1rios n\u00edveis de intensidade, proporcionando orgasmos de n\u00edvel superior.<\/p>\n<p>Esta incr\u00edvel sensa\u00e7\u00e3o clitoriana \u00e9 combinada com a estimula\u00e7\u00e3o profunda do ponto G atrav\u00e9s do eixo vibrat\u00f3rio. Com uma cabe\u00e7a bulbosa em um pesco\u00e7o flex\u00edvel, os 10 padr\u00f5es de vibra\u00e7\u00e3o s\u00e3o entregues exatamente onde voc\u00ea precisa deles com facilidade.<\/p>\n<p>As vibra\u00e7\u00f5es e pulsa\u00e7\u00f5es de ar s\u00e3o controladas separadamente e facilmente por meio de bot\u00f5es de toque suave na parte superior da cabe\u00e7a do estimulador. Com o modo Smart Silent, o DUO 2 s\u00f3 ligar\u00e1 quando estiver em contato direto com a sua pele, mantendo os j\u00e1 silenciosos ru\u00eddos ainda mais silenciosos. Com o recurso Afterglow, pressione o bot\u00e3o liga\/desliga brevemente ap\u00f3s o cl\u00edmax, trazendo a intensidade do DUO 2 para o n\u00edvel 3 para um final relaxante. Feito com silicone seguro para meninos, o DUO 2 \u00e9 \u00e0 prova d\u00e1gua para que voc\u00ea possa estender o tempo de brincadeira na banheira ou no chuveiro! Use sempre um lubrificante \u00e0 base de \u00e1gua com o DUO 2 e lembre-se de limp\u00e1-lo com um limpador de brinquedos antes e depois de cada uso. Leve seus orgasmos para o pr\u00f3ximo n\u00edvel com o estimulador duplo Womanizer DUO 2!<\/p>\n<p><strong>Caracter\u00edsticas principais:<\/strong><\/p>\n<ul>\n<li>Estimulador duplo<\/li>\n<li>Ponto G e estimula\u00e7\u00e3o do clit\u00f3ris<\/li>\n<li>Tecnologia de ar de prazer<\/li>\n<li>14 n\u00edveis de intensidade<\/li>\n<li>10 Padr\u00f5es de Vibra\u00e7\u00e3o<\/li>\n<li>Formato Ergon\u00f4mico Flex\u00edvel<\/li>\n<li>Controles Separados<\/li>\n<li>IPX7 \u00e0 prova d\u00e1gua<\/li>\n<li>Cabe\u00e7a de estimula\u00e7\u00e3o adicional<\/li>\n<li>Silicone seguro para o corpo<\/li>\n<li>Toque macio e suave<\/li>\n<li>Recurso de Sil\u00eancio Inteligente<\/li>\n<li>Configura\u00e7\u00e3o de p\u00f3s-brilho<\/li>\n<li>BPA, ftalato, livre de l\u00e1tex<\/li>\n<li>Magn\u00e9tico USB Recarreg\u00e1vel<\/li>\n<li>Tempo de carregamento: 120 minutos<\/li>\n<li>At\u00e9 120 minutos de reprodu\u00e7\u00e3o<\/li>\n<\/ul>\n<p><strong>Conte\u00fado da caixa:<\/strong><\/p>\n<ul>\n<li>Estimulador duplo Womanizer DUO 2<\/li>\n<li>Cabo de Carregamento USB<\/li>\n<li>Duas cabe\u00e7as de estimula\u00e7\u00e3o<\/li>\n<li>Bolsa de armazenamento de algod\u00e3o<\/li>\n<li>Guia r\u00e1pido<\/li>\n<li>Instru\u00e7\u00f5es de seguran\u00e7a<\/li>\n<\/ul>\n","protected":false},"excerpt":{"rendered":"<p>WOMANIZER &#8211; DUO 2 ESTIMULADOR AZUL<\/p>\n","protected":false},"featured_media":103327,"template":"","meta":{"_acf_changed":false},"product_brand":[],"product_cat":[17,61,64,76],"product_tag":[],"class_list":{"0":"post-43805","1":"product","2":"type-product","3":"status-publish","4":"has-post-thumbnail","6":"product_cat-brinquedos-de-bem-estar-sexual","7":"product_cat-para-elas","8":"product_cat-sugadores","9":"product_cat-vibradores","10":"yith_product_brand-womanizer","12":"first","13":"instock","14":"taxable","15":"shipping-taxable","16":"purchasable","17":"product-type-simple"},"acf":[],"yoast_head":"<!-- This site is optimized with the Yoast SEO plugin v27.4 - https:\/\/yoast.com\/product\/yoast-seo-wordpress\/ -->\n<title>WOMANIZER - DUO 2 ESTIMULADOR AZUL - Lovme<\/title>\n<meta name=\"robots\" content=\"index, follow, max-snippet:-1, max-image-preview:large, max-video-preview:-1\" \/>\n<link rel=\"canonical\" href=\"https:\/\/lovme.pt\/index.php\/produto\/womanizer-duo-2-estimulador-azul\/\" \/>\n<meta property=\"og:locale\" content=\"pt_PT\" \/>\n<meta property=\"og:type\" content=\"article\" \/>\n<meta property=\"og:title\" content=\"WOMANIZER - DUO 2 ESTIMULADOR AZUL - Lovme\" \/>\n<meta property=\"og:description\" content=\"WOMANIZER - DUO 2 ESTIMULADOR AZUL\" \/>\n<meta property=\"og:url\" content=\"https:\/\/lovme.pt\/index.php\/produto\/womanizer-duo-2-estimulador-azul\/\" \/>\n<meta property=\"og:site_name\" content=\"Lovme\" \/>\n<meta property=\"article:modified_time\" content=\"2026-04-01T00:24:23+00:00\" \/>\n<meta property=\"og:image\" content=\"https:\/\/erki24nd3ub.exactdn.com\/wp-content\/uploads\/dream\/img\/img_184638_60c28c5f40233d413411b80385c41a50_1.png?strip=all\" \/>\n\t<meta property=\"og:image:width\" content=\"800\" \/>\n\t<meta property=\"og:image:height\" content=\"800\" \/>\n\t<meta property=\"og:image:type\" content=\"image\/png\" \/>\n<meta name=\"twitter:card\" content=\"summary_large_image\" \/>\n<meta name=\"twitter:label1\" content=\"Tempo estimado de leitura\" \/>\n\t<meta name=\"twitter:data1\" content=\"2 minutos\" \/>\n<script type=\"application\/ld+json\" class=\"yoast-schema-graph\">{\"@context\":\"https:\\\/\\\/schema.org\",\"@graph\":[{\"@type\":\"WebPage\",\"@id\":\"https:\\\/\\\/lovme.pt\\\/index.php\\\/produto\\\/womanizer-duo-2-estimulador-azul\\\/\",\"url\":\"https:\\\/\\\/lovme.pt\\\/index.php\\\/produto\\\/womanizer-duo-2-estimulador-azul\\\/\",\"name\":\"WOMANIZER - DUO 2 ESTIMULADOR AZUL - Lovme\",\"isPartOf\":{\"@id\":\"https:\\\/\\\/lovme.pt\\\/#website\"},\"primaryImageOfPage\":{\"@id\":\"https:\\\/\\\/lovme.pt\\\/index.php\\\/produto\\\/womanizer-duo-2-estimulador-azul\\\/#primaryimage\"},\"image\":{\"@id\":\"https:\\\/\\\/lovme.pt\\\/index.php\\\/produto\\\/womanizer-duo-2-estimulador-azul\\\/#primaryimage\"},\"thumbnailUrl\":\"https:\\\/\\\/erki24nd3ub.exactdn.com\\\/wp-content\\\/uploads\\\/dream\\\/img\\\/img_184638_60c28c5f40233d413411b80385c41a50_1.png?strip=all\",\"datePublished\":\"2025-10-01T20:15:54+00:00\",\"dateModified\":\"2026-04-01T00:24:23+00:00\",\"breadcrumb\":{\"@id\":\"https:\\\/\\\/lovme.pt\\\/index.php\\\/produto\\\/womanizer-duo-2-estimulador-azul\\\/#breadcrumb\"},\"inLanguage\":\"pt-PT\",\"potentialAction\":[{\"@type\":\"ReadAction\",\"target\":[\"https:\\\/\\\/lovme.pt\\\/index.php\\\/produto\\\/womanizer-duo-2-estimulador-azul\\\/\"]}]},{\"@type\":\"ImageObject\",\"inLanguage\":\"pt-PT\",\"@id\":\"https:\\\/\\\/lovme.pt\\\/index.php\\\/produto\\\/womanizer-duo-2-estimulador-azul\\\/#primaryimage\",\"url\":\"https:\\\/\\\/erki24nd3ub.exactdn.com\\\/wp-content\\\/uploads\\\/dream\\\/img\\\/img_184638_60c28c5f40233d413411b80385c41a50_1.png?strip=all\",\"contentUrl\":\"https:\\\/\\\/erki24nd3ub.exactdn.com\\\/wp-content\\\/uploads\\\/dream\\\/img\\\/img_184638_60c28c5f40233d413411b80385c41a50_1.png?strip=all\",\"width\":800,\"height\":800},{\"@type\":\"BreadcrumbList\",\"@id\":\"https:\\\/\\\/lovme.pt\\\/index.php\\\/produto\\\/womanizer-duo-2-estimulador-azul\\\/#breadcrumb\",\"itemListElement\":[{\"@type\":\"ListItem\",\"position\":1,\"name\":\"In\u00edcio\",\"item\":\"https:\\\/\\\/lovme.pt\\\/\"},{\"@type\":\"ListItem\",\"position\":2,\"name\":\"Loja\",\"item\":\"https:\\\/\\\/lovme.pt\\\/index.php\\\/loja\\\/\"},{\"@type\":\"ListItem\",\"position\":3,\"name\":\"WOMANIZER &#8211; DUO 2 ESTIMULADOR AZUL\"}]},{\"@type\":\"WebSite\",\"@id\":\"https:\\\/\\\/lovme.pt\\\/#website\",\"url\":\"https:\\\/\\\/lovme.pt\\\/\",\"name\":\"Lovme Loja Er\u00f3tica N\u00ba1 em Portugal\",\"description\":\"A melhor loja er\u00f3tica de Portugal.\",\"alternateName\":\"Loja Er\u00f3tica Lovme\",\"potentialAction\":[{\"@type\":\"SearchAction\",\"target\":{\"@type\":\"EntryPoint\",\"urlTemplate\":\"https:\\\/\\\/lovme.pt\\\/?s={search_term_string}\"},\"query-input\":{\"@type\":\"PropertyValueSpecification\",\"valueRequired\":true,\"valueName\":\"search_term_string\"}}],\"inLanguage\":\"pt-PT\"}]}<\/script>\n<!-- \/ Yoast SEO plugin. -->","yoast_head_json":{"title":"WOMANIZER - DUO 2 ESTIMULADOR AZUL - Lovme","robots":{"index":"index","follow":"follow","max-snippet":"max-snippet:-1","max-image-preview":"max-image-preview:large","max-video-preview":"max-video-preview:-1"},"canonical":"https:\/\/lovme.pt\/index.php\/produto\/womanizer-duo-2-estimulador-azul\/","og_locale":"pt_PT","og_type":"article","og_title":"WOMANIZER - DUO 2 ESTIMULADOR AZUL - Lovme","og_description":"WOMANIZER - DUO 2 ESTIMULADOR AZUL","og_url":"https:\/\/lovme.pt\/index.php\/produto\/womanizer-duo-2-estimulador-azul\/","og_site_name":"Lovme","article_modified_time":"2026-04-01T00:24:23+00:00","og_image":[{"width":800,"height":800,"url":"https:\/\/erki24nd3ub.exactdn.com\/wp-content\/uploads\/dream\/img\/img_184638_60c28c5f40233d413411b80385c41a50_1.png?strip=all","type":"image\/png"}],"twitter_card":"summary_large_image","twitter_misc":{"Tempo estimado de leitura":"2 minutos"},"schema":{"@context":"https:\/\/schema.org","@graph":[{"@type":"WebPage","@id":"https:\/\/lovme.pt\/index.php\/produto\/womanizer-duo-2-estimulador-azul\/","url":"https:\/\/lovme.pt\/index.php\/produto\/womanizer-duo-2-estimulador-azul\/","name":"WOMANIZER - DUO 2 ESTIMULADOR AZUL - Lovme","isPartOf":{"@id":"https:\/\/lovme.pt\/#website"},"primaryImageOfPage":{"@id":"https:\/\/lovme.pt\/index.php\/produto\/womanizer-duo-2-estimulador-azul\/#primaryimage"},"image":{"@id":"https:\/\/lovme.pt\/index.php\/produto\/womanizer-duo-2-estimulador-azul\/#primaryimage"},"thumbnailUrl":"https:\/\/erki24nd3ub.exactdn.com\/wp-content\/uploads\/dream\/img\/img_184638_60c28c5f40233d413411b80385c41a50_1.png?strip=all","datePublished":"2025-10-01T20:15:54+00:00","dateModified":"2026-04-01T00:24:23+00:00","breadcrumb":{"@id":"https:\/\/lovme.pt\/index.php\/produto\/womanizer-duo-2-estimulador-azul\/#breadcrumb"},"inLanguage":"pt-PT","potentialAction":[{"@type":"ReadAction","target":["https:\/\/lovme.pt\/index.php\/produto\/womanizer-duo-2-estimulador-azul\/"]}]},{"@type":"ImageObject","inLanguage":"pt-PT","@id":"https:\/\/lovme.pt\/index.php\/produto\/womanizer-duo-2-estimulador-azul\/#primaryimage","url":"https:\/\/erki24nd3ub.exactdn.com\/wp-content\/uploads\/dream\/img\/img_184638_60c28c5f40233d413411b80385c41a50_1.png?strip=all","contentUrl":"https:\/\/erki24nd3ub.exactdn.com\/wp-content\/uploads\/dream\/img\/img_184638_60c28c5f40233d413411b80385c41a50_1.png?strip=all","width":800,"height":800},{"@type":"BreadcrumbList","@id":"https:\/\/lovme.pt\/index.php\/produto\/womanizer-duo-2-estimulador-azul\/#breadcrumb","itemListElement":[{"@type":"ListItem","position":1,"name":"In\u00edcio","item":"https:\/\/lovme.pt\/"},{"@type":"ListItem","position":2,"name":"Loja","item":"https:\/\/lovme.pt\/index.php\/loja\/"},{"@type":"ListItem","position":3,"name":"WOMANIZER &#8211; DUO 2 ESTIMULADOR AZUL"}]},{"@type":"WebSite","@id":"https:\/\/lovme.pt\/#website","url":"https:\/\/lovme.pt\/","name":"Lovme Loja Er\u00f3tica N\u00ba1 em Portugal","description":"A melhor loja er\u00f3tica de Portugal.","alternateName":"Loja Er\u00f3tica Lovme","potentialAction":[{"@type":"SearchAction","target":{"@type":"EntryPoint","urlTemplate":"https:\/\/lovme.pt\/?s={search_term_string}"},"query-input":{"@type":"PropertyValueSpecification","valueRequired":true,"valueName":"search_term_string"}}],"inLanguage":"pt-PT"}]}},"_links":{"self":[{"href":"https:\/\/lovme.pt\/index.php\/wp-json\/wp\/v2\/product\/43805","targetHints":{"allow":["GET"]}}],"collection":[{"href":"https:\/\/lovme.pt\/index.php\/wp-json\/wp\/v2\/product"}],"about":[{"href":"https:\/\/lovme.pt\/index.php\/wp-json\/wp\/v2\/types\/product"}],"wp:featuredmedia":[{"embeddable":true,"href":"https:\/\/lovme.pt\/index.php\/wp-json\/wp\/v2\/media\/103327"}],"wp:attachment":[{"href":"https:\/\/lovme.pt\/index.php\/wp-json\/wp\/v2\/media?parent=43805"}],"wp:term":[{"taxonomy":"product_brand","embeddable":true,"href":"https:\/\/lovme.pt\/index.php\/wp-json\/wp\/v2\/product_brand?post=43805"},{"taxonomy":"product_cat","embeddable":true,"href":"https:\/\/lovme.pt\/index.php\/wp-json\/wp\/v2\/product_cat?post=43805"},{"taxonomy":"product_tag","embeddable":true,"href":"https:\/\/lovme.pt\/index.php\/wp-json\/wp\/v2\/product_tag?post=43805"}],"curies":[{"name":"wp","href":"https:\/\/api.w.org\/{rel}","templated":true}]}}