{"id":43802,"date":"2025-10-01T20:15:46","date_gmt":"2025-10-01T20:15:46","guid":{"rendered":"https:\/\/lovme.pt\/?post_type=product&#038;p=43802"},"modified":"2026-02-19T20:19:23","modified_gmt":"2026-02-19T20:19:23","slug":"womanizer-og-g-spot-slate","status":"publish","type":"product","link":"https:\/\/lovme.pt\/index.php\/produto\/womanizer-og-g-spot-slate\/","title":{"rendered":"WOMANIZER &#8211; OG G-SPOT SLATE"},"content":{"rendered":"<p>Fa\u00e7a uma viagem sensacional ao \u00eaxtase com o Vibrador Womanizer OG G-Spot!<\/p>\n<p>Combinando as incr\u00edveis sensa\u00e7\u00f5es da Pleasure Air Technology e vibra\u00e7\u00f5es revigorantes, o OG o levar\u00e1 a uma viagem de puro \u00eaxtase. A curva suave e a leve flex\u00e3o do OG foram projetadas para fornecer o \u00e2ngulo perfeito para a cabe\u00e7a de ar de prazer exatamente onde voc\u00ea precisa. Ondas pulsantes de ar estimulam seu ponto G enquanto todo o eixo vibra, proporcionando o dobro das sensa\u00e7\u00f5es para o dobro do prazer. Use o OG externamente em seu clit\u00f3ris para preparar seu corpo e, em seguida, insira o OG para explorar seu G-Sport.<\/p>\n<p>O OG \u00e9 uma experi\u00eancia deliciosa s\u00f3 para voc\u00ea, por isso funciona silenciosamente, mesmo que voc\u00ea n\u00e3o consiga. Com o recurso Smart Silence, ele s\u00f3 ganhar\u00e1 vida assim que entrar em contato com sua pele, preservando a bateria e minimizando ainda mais seus sons suaves.<\/p>\n<p>Os 12 n\u00edveis de intensidade do Pleasure Air s\u00e3o facilmente controlados com dois bot\u00f5es, aumentando ou diminuindo as sensa\u00e7\u00f5es, e os 3 n\u00edveis de vibra\u00e7\u00e3o podem ser alternados com o pressionar de um bot\u00e3o. O recurso de arrebol permite que voc\u00ea des\u00e7a de sua euforia, diminuindo o OG para a configura\u00e7\u00e3o mais baixa para um final relaxante.<\/p>\n<p>Feito de silicone seguro para o corpo, o OG \u00e9 suave, macio e \u00e0 prova d\u00e1gua, ent\u00e3o voc\u00ea pode lev\u00e1-lo para o chuveiro ou banheira para se divertir um pouco mais. Use apenas lubrificante \u00e0 base de \u00e1gua com o OG e certifique-se de limp\u00e1-lo com limpador de brinquedos antes e depois de cada uso.<\/p>\n<p>Jogue com prazer como voc\u00ea nunca sentiu antes com o Vibrador Womanizer OG G-Spot!<\/p>\n<p><strong>Caracter\u00edsticas principais:<\/strong><\/p>\n<ul>\n<li>Estimulador do Ponto G<\/li>\n<li>Tecnologia de ar de prazer<\/li>\n<li>12 n\u00edveis de intensidade<\/li>\n<li>3 n\u00edveis de vibra\u00e7\u00e3o<\/li>\n<li>Estimula\u00e7\u00e3o Dupla<\/li>\n<li>Sussurro Silencioso<\/li>\n<li>Configura\u00e7\u00e3o de p\u00f3s-brilho<\/li>\n<li>IPX7 \u00e0 prova d\u00e1gua<\/li>\n<li>Recurso de Sil\u00eancio Inteligente<\/li>\n<li>Silicone seguro para o corpo<\/li>\n<li>Magn\u00e9tico USB Recarreg\u00e1vel<\/li>\n<li>Tempo de Carga: 100 Minutos<\/li>\n<li>At\u00e9 120 minutos de reprodu\u00e7\u00e3o<\/li>\n<li>F\u00e1cil de limpar<\/li>\n<li>Simples de usar<\/li>\n<li>Livre de BPA, ftalato e l\u00e1tex<\/li>\n<\/ul>\n<p><strong>Conte\u00fado da caixa:<\/strong><\/p>\n<ul>\n<li>Estimulador de Ponto G Womanizer OG<\/li>\n<li>Cabo de carregamento USB Adaptador AC n\u00e3o inclu\u00eddo<\/li>\n<li>Bolsa de armazenamento de algod\u00e3o<\/li>\n<li>Guia r\u00e1pido<\/li>\n<li>Instru\u00e7\u00f5es de seguran\u00e7a<\/li>\n<\/ul>\n<p>\u00a0<\/p>\n","protected":false},"excerpt":{"rendered":"<p>WOMANIZER &#8211; OG G-SPOT SLATE<\/p>\n","protected":false},"featured_media":103312,"template":"","meta":{"_acf_changed":false},"product_brand":[],"product_cat":[17,61,64,76],"product_tag":[],"class_list":{"0":"post-43802","1":"product","2":"type-product","3":"status-publish","4":"has-post-thumbnail","6":"product_cat-brinquedos-de-bem-estar-sexual","7":"product_cat-para-elas","8":"product_cat-sugadores","9":"product_cat-vibradores","10":"yith_product_brand-womanizer","12":"first","13":"instock","14":"taxable","15":"shipping-taxable","16":"purchasable","17":"product-type-simple"},"acf":[],"yoast_head":"<!-- This site is optimized with the Yoast SEO plugin v27.4 - https:\/\/yoast.com\/product\/yoast-seo-wordpress\/ -->\n<title>WOMANIZER - OG G-SPOT SLATE - Lovme<\/title>\n<meta name=\"robots\" content=\"index, follow, max-snippet:-1, max-image-preview:large, max-video-preview:-1\" \/>\n<link rel=\"canonical\" href=\"https:\/\/lovme.pt\/index.php\/produto\/womanizer-og-g-spot-slate\/\" \/>\n<meta property=\"og:locale\" content=\"pt_PT\" \/>\n<meta property=\"og:type\" content=\"article\" \/>\n<meta property=\"og:title\" content=\"WOMANIZER - OG G-SPOT SLATE - Lovme\" \/>\n<meta property=\"og:description\" content=\"WOMANIZER - OG G-SPOT SLATE\" \/>\n<meta property=\"og:url\" content=\"https:\/\/lovme.pt\/index.php\/produto\/womanizer-og-g-spot-slate\/\" \/>\n<meta property=\"og:site_name\" content=\"Lovme\" \/>\n<meta property=\"article:modified_time\" content=\"2026-02-19T20:19:23+00:00\" \/>\n<meta property=\"og:image\" content=\"https:\/\/erki24nd3ub.exactdn.com\/wp-content\/uploads\/dream\/img\/img_210579_0cb0251ff1d92972d31e6e4b04e82e51_1.png?strip=all\" \/>\n\t<meta property=\"og:image:width\" content=\"900\" \/>\n\t<meta property=\"og:image:height\" content=\"900\" \/>\n\t<meta property=\"og:image:type\" content=\"image\/png\" \/>\n<meta name=\"twitter:card\" content=\"summary_large_image\" \/>\n<meta name=\"twitter:label1\" content=\"Tempo estimado de leitura\" \/>\n\t<meta name=\"twitter:data1\" content=\"2 minutos\" \/>\n<script type=\"application\/ld+json\" class=\"yoast-schema-graph\">{\"@context\":\"https:\\\/\\\/schema.org\",\"@graph\":[{\"@type\":\"WebPage\",\"@id\":\"https:\\\/\\\/lovme.pt\\\/index.php\\\/produto\\\/womanizer-og-g-spot-slate\\\/\",\"url\":\"https:\\\/\\\/lovme.pt\\\/index.php\\\/produto\\\/womanizer-og-g-spot-slate\\\/\",\"name\":\"WOMANIZER - OG G-SPOT SLATE - Lovme\",\"isPartOf\":{\"@id\":\"https:\\\/\\\/lovme.pt\\\/#website\"},\"primaryImageOfPage\":{\"@id\":\"https:\\\/\\\/lovme.pt\\\/index.php\\\/produto\\\/womanizer-og-g-spot-slate\\\/#primaryimage\"},\"image\":{\"@id\":\"https:\\\/\\\/lovme.pt\\\/index.php\\\/produto\\\/womanizer-og-g-spot-slate\\\/#primaryimage\"},\"thumbnailUrl\":\"https:\\\/\\\/erki24nd3ub.exactdn.com\\\/wp-content\\\/uploads\\\/dream\\\/img\\\/img_210579_0cb0251ff1d92972d31e6e4b04e82e51_1.png?strip=all\",\"datePublished\":\"2025-10-01T20:15:46+00:00\",\"dateModified\":\"2026-02-19T20:19:23+00:00\",\"breadcrumb\":{\"@id\":\"https:\\\/\\\/lovme.pt\\\/index.php\\\/produto\\\/womanizer-og-g-spot-slate\\\/#breadcrumb\"},\"inLanguage\":\"pt-PT\",\"potentialAction\":[{\"@type\":\"ReadAction\",\"target\":[\"https:\\\/\\\/lovme.pt\\\/index.php\\\/produto\\\/womanizer-og-g-spot-slate\\\/\"]}]},{\"@type\":\"ImageObject\",\"inLanguage\":\"pt-PT\",\"@id\":\"https:\\\/\\\/lovme.pt\\\/index.php\\\/produto\\\/womanizer-og-g-spot-slate\\\/#primaryimage\",\"url\":\"https:\\\/\\\/erki24nd3ub.exactdn.com\\\/wp-content\\\/uploads\\\/dream\\\/img\\\/img_210579_0cb0251ff1d92972d31e6e4b04e82e51_1.png?strip=all\",\"contentUrl\":\"https:\\\/\\\/erki24nd3ub.exactdn.com\\\/wp-content\\\/uploads\\\/dream\\\/img\\\/img_210579_0cb0251ff1d92972d31e6e4b04e82e51_1.png?strip=all\",\"width\":900,\"height\":900},{\"@type\":\"BreadcrumbList\",\"@id\":\"https:\\\/\\\/lovme.pt\\\/index.php\\\/produto\\\/womanizer-og-g-spot-slate\\\/#breadcrumb\",\"itemListElement\":[{\"@type\":\"ListItem\",\"position\":1,\"name\":\"In\u00edcio\",\"item\":\"https:\\\/\\\/lovme.pt\\\/\"},{\"@type\":\"ListItem\",\"position\":2,\"name\":\"Loja\",\"item\":\"https:\\\/\\\/lovme.pt\\\/index.php\\\/loja\\\/\"},{\"@type\":\"ListItem\",\"position\":3,\"name\":\"WOMANIZER &#8211; OG G-SPOT SLATE\"}]},{\"@type\":\"WebSite\",\"@id\":\"https:\\\/\\\/lovme.pt\\\/#website\",\"url\":\"https:\\\/\\\/lovme.pt\\\/\",\"name\":\"Lovme Loja Er\u00f3tica N\u00ba1 em Portugal\",\"description\":\"A melhor loja er\u00f3tica de Portugal.\",\"alternateName\":\"Loja Er\u00f3tica Lovme\",\"potentialAction\":[{\"@type\":\"SearchAction\",\"target\":{\"@type\":\"EntryPoint\",\"urlTemplate\":\"https:\\\/\\\/lovme.pt\\\/?s={search_term_string}\"},\"query-input\":{\"@type\":\"PropertyValueSpecification\",\"valueRequired\":true,\"valueName\":\"search_term_string\"}}],\"inLanguage\":\"pt-PT\"}]}<\/script>\n<!-- \/ Yoast SEO plugin. -->","yoast_head_json":{"title":"WOMANIZER - OG G-SPOT SLATE - Lovme","robots":{"index":"index","follow":"follow","max-snippet":"max-snippet:-1","max-image-preview":"max-image-preview:large","max-video-preview":"max-video-preview:-1"},"canonical":"https:\/\/lovme.pt\/index.php\/produto\/womanizer-og-g-spot-slate\/","og_locale":"pt_PT","og_type":"article","og_title":"WOMANIZER - OG G-SPOT SLATE - Lovme","og_description":"WOMANIZER - OG G-SPOT SLATE","og_url":"https:\/\/lovme.pt\/index.php\/produto\/womanizer-og-g-spot-slate\/","og_site_name":"Lovme","article_modified_time":"2026-02-19T20:19:23+00:00","og_image":[{"width":900,"height":900,"url":"https:\/\/erki24nd3ub.exactdn.com\/wp-content\/uploads\/dream\/img\/img_210579_0cb0251ff1d92972d31e6e4b04e82e51_1.png?strip=all","type":"image\/png"}],"twitter_card":"summary_large_image","twitter_misc":{"Tempo estimado de leitura":"2 minutos"},"schema":{"@context":"https:\/\/schema.org","@graph":[{"@type":"WebPage","@id":"https:\/\/lovme.pt\/index.php\/produto\/womanizer-og-g-spot-slate\/","url":"https:\/\/lovme.pt\/index.php\/produto\/womanizer-og-g-spot-slate\/","name":"WOMANIZER - OG G-SPOT SLATE - Lovme","isPartOf":{"@id":"https:\/\/lovme.pt\/#website"},"primaryImageOfPage":{"@id":"https:\/\/lovme.pt\/index.php\/produto\/womanizer-og-g-spot-slate\/#primaryimage"},"image":{"@id":"https:\/\/lovme.pt\/index.php\/produto\/womanizer-og-g-spot-slate\/#primaryimage"},"thumbnailUrl":"https:\/\/erki24nd3ub.exactdn.com\/wp-content\/uploads\/dream\/img\/img_210579_0cb0251ff1d92972d31e6e4b04e82e51_1.png?strip=all","datePublished":"2025-10-01T20:15:46+00:00","dateModified":"2026-02-19T20:19:23+00:00","breadcrumb":{"@id":"https:\/\/lovme.pt\/index.php\/produto\/womanizer-og-g-spot-slate\/#breadcrumb"},"inLanguage":"pt-PT","potentialAction":[{"@type":"ReadAction","target":["https:\/\/lovme.pt\/index.php\/produto\/womanizer-og-g-spot-slate\/"]}]},{"@type":"ImageObject","inLanguage":"pt-PT","@id":"https:\/\/lovme.pt\/index.php\/produto\/womanizer-og-g-spot-slate\/#primaryimage","url":"https:\/\/erki24nd3ub.exactdn.com\/wp-content\/uploads\/dream\/img\/img_210579_0cb0251ff1d92972d31e6e4b04e82e51_1.png?strip=all","contentUrl":"https:\/\/erki24nd3ub.exactdn.com\/wp-content\/uploads\/dream\/img\/img_210579_0cb0251ff1d92972d31e6e4b04e82e51_1.png?strip=all","width":900,"height":900},{"@type":"BreadcrumbList","@id":"https:\/\/lovme.pt\/index.php\/produto\/womanizer-og-g-spot-slate\/#breadcrumb","itemListElement":[{"@type":"ListItem","position":1,"name":"In\u00edcio","item":"https:\/\/lovme.pt\/"},{"@type":"ListItem","position":2,"name":"Loja","item":"https:\/\/lovme.pt\/index.php\/loja\/"},{"@type":"ListItem","position":3,"name":"WOMANIZER &#8211; OG G-SPOT SLATE"}]},{"@type":"WebSite","@id":"https:\/\/lovme.pt\/#website","url":"https:\/\/lovme.pt\/","name":"Lovme Loja Er\u00f3tica N\u00ba1 em Portugal","description":"A melhor loja er\u00f3tica de Portugal.","alternateName":"Loja Er\u00f3tica Lovme","potentialAction":[{"@type":"SearchAction","target":{"@type":"EntryPoint","urlTemplate":"https:\/\/lovme.pt\/?s={search_term_string}"},"query-input":{"@type":"PropertyValueSpecification","valueRequired":true,"valueName":"search_term_string"}}],"inLanguage":"pt-PT"}]}},"_links":{"self":[{"href":"https:\/\/lovme.pt\/index.php\/wp-json\/wp\/v2\/product\/43802","targetHints":{"allow":["GET"]}}],"collection":[{"href":"https:\/\/lovme.pt\/index.php\/wp-json\/wp\/v2\/product"}],"about":[{"href":"https:\/\/lovme.pt\/index.php\/wp-json\/wp\/v2\/types\/product"}],"wp:featuredmedia":[{"embeddable":true,"href":"https:\/\/lovme.pt\/index.php\/wp-json\/wp\/v2\/media\/103312"}],"wp:attachment":[{"href":"https:\/\/lovme.pt\/index.php\/wp-json\/wp\/v2\/media?parent=43802"}],"wp:term":[{"taxonomy":"product_brand","embeddable":true,"href":"https:\/\/lovme.pt\/index.php\/wp-json\/wp\/v2\/product_brand?post=43802"},{"taxonomy":"product_cat","embeddable":true,"href":"https:\/\/lovme.pt\/index.php\/wp-json\/wp\/v2\/product_cat?post=43802"},{"taxonomy":"product_tag","embeddable":true,"href":"https:\/\/lovme.pt\/index.php\/wp-json\/wp\/v2\/product_tag?post=43802"}],"curies":[{"name":"wp","href":"https:\/\/api.w.org\/{rel}","templated":true}]}}