{"id":43728,"date":"2025-09-30T22:17:36","date_gmt":"2025-09-30T22:17:36","guid":{"rendered":"https:\/\/lovme.pt\/?post_type=product&p=43728"},"modified":"2026-02-19T20:09:46","modified_gmt":"2026-02-19T20:09:46","slug":"fetish-submissive-attitude-arnes-de-couro-ecologico-masculino-com-tiras-jogadoras","status":"publish","type":"product","link":"https:\/\/lovme.pt\/index.php\/produto\/fetish-submissive-attitude-arnes-de-couro-ecologico-masculino-com-tiras-jogadoras\/","title":{"rendered":"FETISH SUBMISSIVE ATTITUDE &#8211; ARN\u00caS DE COURO ECOL\u00d3GICO MASCULINO COM TIRAS JOGADORAS"},"content":{"rendered":"<p><span style=\"font-family: Lato, sans-serif; font-size: 14px;\">Desperte seu lado ousado com nosso arn\u00eas de corpo de uma pe\u00e7a! Feito de couro vegano, este design exclusivo far\u00e1 voc\u00ea se destacar em qualquer ocasi\u00e3o. Com 80% de poliamida e 20% de elastano, garantimos conforto e estilo. Orgulhosamente projetado e feito em Sevilha, este arn\u00eas \u00e9 verdadeiramente \u00fanico e sedutor. N\u00e3o espere mais e mostre sua atitude submissa com esta roupa safada!<\/span> <br style=\"box-sizing: border-box; font-family: Poppins, sans-serif; font-size: 14px;\" \/><br style=\"box-sizing: border-box; font-family: Poppins, sans-serif; font-size: 14px;\" \/> <span style=\"font-family: Lato, sans-serif; font-size: 14px;\">Prepare-se para mostrar seu lado safado com este incr\u00edvel arn\u00eas de corpo! Feito de couro vegano de alta qualidade, este arn\u00eas de uma pe\u00e7a \u00e9 realmente \u00fanico e atraente. Com um design exclusivo e feito com materiais de alta qualidade, este arn\u00eas far\u00e1 voc\u00ea se destacar em qualquer ocasi\u00e3o.<\/span> <br style=\"box-sizing: border-box; font-family: Poppins, sans-serif; font-size: 14px;\" \/><br style=\"box-sizing: border-box; font-family: Poppins, sans-serif; font-size: 14px;\" \/> <span style=\"font-family: Lato, sans-serif; font-size: 14px;\">Quer voc\u00ea esteja procurando surpreender seu parceiro em privacidade ou simplesmente queira adicionar um toque ousado ao seu visual di\u00e1rio, este arn\u00eas \u00e9 perfeito para voc\u00ea. Seu design ajust\u00e1vel se adapta perfeitamente ao seu corpo, destacando suas curvas de uma forma sensual e provocante.<\/span> <br style=\"box-sizing: border-box; font-family: Poppins, sans-serif; font-size: 14px;\" \/><br style=\"box-sizing: border-box; font-family: Poppins, sans-serif; font-size: 14px;\" \/> <span style=\"font-family: Lato, sans-serif; font-size: 14px;\">Feito com 80% poliamida e 20% elastano, este arn\u00eas garante conforto excepcional e durabilidade incompar\u00e1vel. Sua textura macia far\u00e1 voc\u00ea se sentir uma deusa enquanto se move com confian\u00e7a e seguran\u00e7a.<\/span> <br style=\"box-sizing: border-box; font-family: Poppins, sans-serif; font-size: 14px;\" \/><br style=\"box-sizing: border-box; font-family: Poppins, sans-serif; font-size: 14px;\" \/> <span style=\"font-family: Lato, sans-serif; font-size: 14px;\">Mas isso n\u00e3o \u00e9 tudo, este arn\u00eas de corpo foi orgulhosamente projetado e feito em Sevilha, o ber\u00e7o da arte e da sedu\u00e7\u00e3o. Cada detalhe foi cuidadosamente pensado para lhe oferecer um produto de qualidade superior que atenda \u00e0s suas expectativas mais exigentes.<\/span> <br style=\"box-sizing: border-box; font-family: Poppins, sans-serif; font-size: 14px;\" \/><br style=\"box-sizing: border-box; font-family: Poppins, sans-serif; font-size: 14px;\" \/> <span style=\"font-family: Lato, sans-serif; font-size: 14px;\">Ent\u00e3o n\u00e3o espere mais, ouse deslumbrar com este arreio de corpo de uma pe\u00e7a verdadeiramente \u00fanico e sedutor. Saia com sua roupa mais safada e deixe sua atitude submissa falar por si. Voc\u00ea n\u00e3o vai se arrepender de adicionar este arreio \u00e0 sua cole\u00e7\u00e3o de acess\u00f3rios sensuais!<\/span> <br style=\"box-sizing: border-box; font-family: Poppins, sans-serif; font-size: 14px;\" \/><br style=\"box-sizing: border-box; font-family: Poppins, sans-serif; font-size: 14px;\" \/> <span style=\"font-family: Lato, sans-serif; font-size: 14px;\">Lembre-se, apenas os mais ousados ousam se destacar. Pegue este arn\u00eas corporal e mostre ao mundo seu lado mais sedutor!<\/span><\/p>\n<ul>\n<li> Tamanho \u00fanico totalmente ajust\u00e1vel.<\/li>\n<\/ul>\n","protected":false},"excerpt":{"rendered":"<p>FETISH SUBMISSIVE ATTITUDE &#8211; COURO ECOL\u00d3GICO JOCK STRAP ARN\u00caS MASCULINO<\/p>\n","protected":false},"featured_media":76525,"template":"","meta":{"_acf_changed":false},"product_brand":[],"product_cat":[47,67],"product_tag":[],"class_list":{"0":"post-43728","1":"product","2":"type-product","3":"status-publish","4":"has-post-thumbnail","6":"product_cat-lingerie","7":"product_cat-lingerie-masculina","8":"yith_product_brand-fetish-submissive","9":"yith_product_brand-fetish-submissivefetish-submissive-attitude","11":"first","12":"instock","13":"taxable","14":"shipping-taxable","15":"purchasable","16":"product-type-simple"},"acf":[],"yoast_head":"<!-- This site is optimized with the Yoast SEO plugin v27.3 - https:\/\/yoast.com\/product\/yoast-seo-wordpress\/ -->\n<title>FETISH SUBMISSIVE ATTITUDE - ARN\u00caS DE COURO ECOL\u00d3GICO MASCULINO COM TIRAS JOGADORAS - Lovme<\/title>\n<meta name=\"robots\" content=\"index, follow, max-snippet:-1, max-image-preview:large, max-video-preview:-1\" \/>\n<link rel=\"canonical\" href=\"https:\/\/lovme.pt\/index.php\/produto\/fetish-submissive-attitude-arnes-de-couro-ecologico-masculino-com-tiras-jogadoras\/\" \/>\n<meta property=\"og:locale\" content=\"pt_PT\" \/>\n<meta property=\"og:type\" content=\"article\" \/>\n<meta property=\"og:title\" content=\"FETISH SUBMISSIVE ATTITUDE - ARN\u00caS DE COURO ECOL\u00d3GICO MASCULINO COM TIRAS JOGADORAS - Lovme\" \/>\n<meta property=\"og:description\" content=\"FETISH SUBMISSIVE ATTITUDE - COURO ECOL\u00d3GICO JOCK STRAP ARN\u00caS MASCULINO\" \/>\n<meta property=\"og:url\" content=\"https:\/\/lovme.pt\/index.php\/produto\/fetish-submissive-attitude-arnes-de-couro-ecologico-masculino-com-tiras-jogadoras\/\" \/>\n<meta property=\"og:site_name\" content=\"Lovme\" \/>\n<meta property=\"article:modified_time\" content=\"2026-02-19T20:09:46+00:00\" \/>\n<meta property=\"og:image\" content=\"https:\/\/erki24nd3ub.exactdn.com\/wp-content\/uploads\/dream\/img\/img_147053_a2591728bf146b4aed14069666cb32c6_1.png?strip=all\" \/>\n\t<meta property=\"og:image:width\" content=\"800\" \/>\n\t<meta property=\"og:image:height\" content=\"800\" \/>\n\t<meta property=\"og:image:type\" content=\"image\/png\" \/>\n<meta name=\"twitter:card\" content=\"summary_large_image\" \/>\n<meta name=\"twitter:label1\" content=\"Tempo estimado de leitura\" \/>\n\t<meta name=\"twitter:data1\" content=\"2 minutos\" \/>\n<script type=\"application\/ld+json\" class=\"yoast-schema-graph\">{\"@context\":\"https:\\\/\\\/schema.org\",\"@graph\":[{\"@type\":\"WebPage\",\"@id\":\"https:\\\/\\\/lovme.pt\\\/index.php\\\/produto\\\/fetish-submissive-attitude-arnes-de-couro-ecologico-masculino-com-tiras-jogadoras\\\/\",\"url\":\"https:\\\/\\\/lovme.pt\\\/index.php\\\/produto\\\/fetish-submissive-attitude-arnes-de-couro-ecologico-masculino-com-tiras-jogadoras\\\/\",\"name\":\"FETISH SUBMISSIVE ATTITUDE - ARN\u00caS DE COURO ECOL\u00d3GICO MASCULINO COM TIRAS JOGADORAS - Lovme\",\"isPartOf\":{\"@id\":\"https:\\\/\\\/lovme.pt\\\/#website\"},\"primaryImageOfPage\":{\"@id\":\"https:\\\/\\\/lovme.pt\\\/index.php\\\/produto\\\/fetish-submissive-attitude-arnes-de-couro-ecologico-masculino-com-tiras-jogadoras\\\/#primaryimage\"},\"image\":{\"@id\":\"https:\\\/\\\/lovme.pt\\\/index.php\\\/produto\\\/fetish-submissive-attitude-arnes-de-couro-ecologico-masculino-com-tiras-jogadoras\\\/#primaryimage\"},\"thumbnailUrl\":\"https:\\\/\\\/erki24nd3ub.exactdn.com\\\/wp-content\\\/uploads\\\/dream\\\/img\\\/img_147053_a2591728bf146b4aed14069666cb32c6_1.png?strip=all\",\"datePublished\":\"2025-09-30T22:17:36+00:00\",\"dateModified\":\"2026-02-19T20:09:46+00:00\",\"breadcrumb\":{\"@id\":\"https:\\\/\\\/lovme.pt\\\/index.php\\\/produto\\\/fetish-submissive-attitude-arnes-de-couro-ecologico-masculino-com-tiras-jogadoras\\\/#breadcrumb\"},\"inLanguage\":\"pt-PT\",\"potentialAction\":[{\"@type\":\"ReadAction\",\"target\":[\"https:\\\/\\\/lovme.pt\\\/index.php\\\/produto\\\/fetish-submissive-attitude-arnes-de-couro-ecologico-masculino-com-tiras-jogadoras\\\/\"]}]},{\"@type\":\"ImageObject\",\"inLanguage\":\"pt-PT\",\"@id\":\"https:\\\/\\\/lovme.pt\\\/index.php\\\/produto\\\/fetish-submissive-attitude-arnes-de-couro-ecologico-masculino-com-tiras-jogadoras\\\/#primaryimage\",\"url\":\"https:\\\/\\\/erki24nd3ub.exactdn.com\\\/wp-content\\\/uploads\\\/dream\\\/img\\\/img_147053_a2591728bf146b4aed14069666cb32c6_1.png?strip=all\",\"contentUrl\":\"https:\\\/\\\/erki24nd3ub.exactdn.com\\\/wp-content\\\/uploads\\\/dream\\\/img\\\/img_147053_a2591728bf146b4aed14069666cb32c6_1.png?strip=all\",\"width\":800,\"height\":800},{\"@type\":\"BreadcrumbList\",\"@id\":\"https:\\\/\\\/lovme.pt\\\/index.php\\\/produto\\\/fetish-submissive-attitude-arnes-de-couro-ecologico-masculino-com-tiras-jogadoras\\\/#breadcrumb\",\"itemListElement\":[{\"@type\":\"ListItem\",\"position\":1,\"name\":\"In\u00edcio\",\"item\":\"https:\\\/\\\/lovme.pt\\\/\"},{\"@type\":\"ListItem\",\"position\":2,\"name\":\"Loja\",\"item\":\"https:\\\/\\\/lovme.pt\\\/index.php\\\/loja\\\/\"},{\"@type\":\"ListItem\",\"position\":3,\"name\":\"FETISH SUBMISSIVE ATTITUDE &#8211; ARN\u00caS DE COURO ECOL\u00d3GICO MASCULINO COM TIRAS JOGADORAS\"}]},{\"@type\":\"WebSite\",\"@id\":\"https:\\\/\\\/lovme.pt\\\/#website\",\"url\":\"https:\\\/\\\/lovme.pt\\\/\",\"name\":\"Lovme Loja Er\u00f3tica N\u00ba1 em Portugal\",\"description\":\"A melhor loja er\u00f3tica de Portugal.\",\"alternateName\":\"Loja Er\u00f3tica Lovme\",\"potentialAction\":[{\"@type\":\"SearchAction\",\"target\":{\"@type\":\"EntryPoint\",\"urlTemplate\":\"https:\\\/\\\/lovme.pt\\\/?s={search_term_string}\"},\"query-input\":{\"@type\":\"PropertyValueSpecification\",\"valueRequired\":true,\"valueName\":\"search_term_string\"}}],\"inLanguage\":\"pt-PT\"}]}<\/script>\n<!-- \/ Yoast SEO plugin. -->","yoast_head_json":{"title":"FETISH SUBMISSIVE ATTITUDE - ARN\u00caS DE COURO ECOL\u00d3GICO MASCULINO COM TIRAS JOGADORAS - Lovme","robots":{"index":"index","follow":"follow","max-snippet":"max-snippet:-1","max-image-preview":"max-image-preview:large","max-video-preview":"max-video-preview:-1"},"canonical":"https:\/\/lovme.pt\/index.php\/produto\/fetish-submissive-attitude-arnes-de-couro-ecologico-masculino-com-tiras-jogadoras\/","og_locale":"pt_PT","og_type":"article","og_title":"FETISH SUBMISSIVE ATTITUDE - ARN\u00caS DE COURO ECOL\u00d3GICO MASCULINO COM TIRAS JOGADORAS - Lovme","og_description":"FETISH SUBMISSIVE ATTITUDE - COURO ECOL\u00d3GICO JOCK STRAP ARN\u00caS MASCULINO","og_url":"https:\/\/lovme.pt\/index.php\/produto\/fetish-submissive-attitude-arnes-de-couro-ecologico-masculino-com-tiras-jogadoras\/","og_site_name":"Lovme","article_modified_time":"2026-02-19T20:09:46+00:00","og_image":[{"width":800,"height":800,"url":"https:\/\/erki24nd3ub.exactdn.com\/wp-content\/uploads\/dream\/img\/img_147053_a2591728bf146b4aed14069666cb32c6_1.png?strip=all","type":"image\/png"}],"twitter_card":"summary_large_image","twitter_misc":{"Tempo estimado de leitura":"2 minutos"},"schema":{"@context":"https:\/\/schema.org","@graph":[{"@type":"WebPage","@id":"https:\/\/lovme.pt\/index.php\/produto\/fetish-submissive-attitude-arnes-de-couro-ecologico-masculino-com-tiras-jogadoras\/","url":"https:\/\/lovme.pt\/index.php\/produto\/fetish-submissive-attitude-arnes-de-couro-ecologico-masculino-com-tiras-jogadoras\/","name":"FETISH SUBMISSIVE ATTITUDE - ARN\u00caS DE COURO ECOL\u00d3GICO MASCULINO COM TIRAS JOGADORAS - Lovme","isPartOf":{"@id":"https:\/\/lovme.pt\/#website"},"primaryImageOfPage":{"@id":"https:\/\/lovme.pt\/index.php\/produto\/fetish-submissive-attitude-arnes-de-couro-ecologico-masculino-com-tiras-jogadoras\/#primaryimage"},"image":{"@id":"https:\/\/lovme.pt\/index.php\/produto\/fetish-submissive-attitude-arnes-de-couro-ecologico-masculino-com-tiras-jogadoras\/#primaryimage"},"thumbnailUrl":"https:\/\/erki24nd3ub.exactdn.com\/wp-content\/uploads\/dream\/img\/img_147053_a2591728bf146b4aed14069666cb32c6_1.png?strip=all","datePublished":"2025-09-30T22:17:36+00:00","dateModified":"2026-02-19T20:09:46+00:00","breadcrumb":{"@id":"https:\/\/lovme.pt\/index.php\/produto\/fetish-submissive-attitude-arnes-de-couro-ecologico-masculino-com-tiras-jogadoras\/#breadcrumb"},"inLanguage":"pt-PT","potentialAction":[{"@type":"ReadAction","target":["https:\/\/lovme.pt\/index.php\/produto\/fetish-submissive-attitude-arnes-de-couro-ecologico-masculino-com-tiras-jogadoras\/"]}]},{"@type":"ImageObject","inLanguage":"pt-PT","@id":"https:\/\/lovme.pt\/index.php\/produto\/fetish-submissive-attitude-arnes-de-couro-ecologico-masculino-com-tiras-jogadoras\/#primaryimage","url":"https:\/\/erki24nd3ub.exactdn.com\/wp-content\/uploads\/dream\/img\/img_147053_a2591728bf146b4aed14069666cb32c6_1.png?strip=all","contentUrl":"https:\/\/erki24nd3ub.exactdn.com\/wp-content\/uploads\/dream\/img\/img_147053_a2591728bf146b4aed14069666cb32c6_1.png?strip=all","width":800,"height":800},{"@type":"BreadcrumbList","@id":"https:\/\/lovme.pt\/index.php\/produto\/fetish-submissive-attitude-arnes-de-couro-ecologico-masculino-com-tiras-jogadoras\/#breadcrumb","itemListElement":[{"@type":"ListItem","position":1,"name":"In\u00edcio","item":"https:\/\/lovme.pt\/"},{"@type":"ListItem","position":2,"name":"Loja","item":"https:\/\/lovme.pt\/index.php\/loja\/"},{"@type":"ListItem","position":3,"name":"FETISH SUBMISSIVE ATTITUDE &#8211; ARN\u00caS DE COURO ECOL\u00d3GICO MASCULINO COM TIRAS JOGADORAS"}]},{"@type":"WebSite","@id":"https:\/\/lovme.pt\/#website","url":"https:\/\/lovme.pt\/","name":"Lovme Loja Er\u00f3tica N\u00ba1 em Portugal","description":"A melhor loja er\u00f3tica de Portugal.","alternateName":"Loja Er\u00f3tica Lovme","potentialAction":[{"@type":"SearchAction","target":{"@type":"EntryPoint","urlTemplate":"https:\/\/lovme.pt\/?s={search_term_string}"},"query-input":{"@type":"PropertyValueSpecification","valueRequired":true,"valueName":"search_term_string"}}],"inLanguage":"pt-PT"}]}},"_links":{"self":[{"href":"https:\/\/lovme.pt\/index.php\/wp-json\/wp\/v2\/product\/43728","targetHints":{"allow":["GET"]}}],"collection":[{"href":"https:\/\/lovme.pt\/index.php\/wp-json\/wp\/v2\/product"}],"about":[{"href":"https:\/\/lovme.pt\/index.php\/wp-json\/wp\/v2\/types\/product"}],"wp:featuredmedia":[{"embeddable":true,"href":"https:\/\/lovme.pt\/index.php\/wp-json\/wp\/v2\/media\/76525"}],"wp:attachment":[{"href":"https:\/\/lovme.pt\/index.php\/wp-json\/wp\/v2\/media?parent=43728"}],"wp:term":[{"taxonomy":"product_brand","embeddable":true,"href":"https:\/\/lovme.pt\/index.php\/wp-json\/wp\/v2\/product_brand?post=43728"},{"taxonomy":"product_cat","embeddable":true,"href":"https:\/\/lovme.pt\/index.php\/wp-json\/wp\/v2\/product_cat?post=43728"},{"taxonomy":"product_tag","embeddable":true,"href":"https:\/\/lovme.pt\/index.php\/wp-json\/wp\/v2\/product_tag?post=43728"}],"curies":[{"name":"wp","href":"https:\/\/api.w.org\/{rel}","templated":true}]}}