{"id":43723,"date":"2025-09-30T22:17:29","date_gmt":"2025-09-30T22:17:29","guid":{"rendered":"https:\/\/lovme.pt\/?post_type=product&p=43723"},"modified":"2026-02-19T20:09:46","modified_gmt":"2026-02-19T20:09:46","slug":"fetish-submissive-attitude-arreio-de-couro-ecologico-em-forma-de-v-para-homens","status":"publish","type":"product","link":"https:\/\/lovme.pt\/index.php\/produto\/fetish-submissive-attitude-arreio-de-couro-ecologico-em-forma-de-v-para-homens\/","title":{"rendered":"FETISH SUBMISSIVE ATTITUDE &#8211; ARREIO DE COURO ECOL\u00d3GICO EM FORMA DE V PARA HOMENS"},"content":{"rendered":"<p>Arn\u00eas de couro 100% vegano, f\u00e1cil de colocar e tamanho flex\u00edvel gra\u00e7as ao material adapt\u00e1vel. Exiba este impressionante Arn\u00eas de Atitude de Viciado em Fetiche Submisso. Projetado e fabricado em Amsterd\u00e3 Nosso modelo \u00e9 tamanho \u00fanico e serve para todos os tamanhos.<\/p>\n<p> Descubra e explore nossos designs de arreios totalmente sensuais e encontre a pr\u00f3xima pe\u00e7a sexy para usar na pr\u00f3xima vez que a temperatura subir!<\/p>\n<p> A marca FESTISH SUBMISSIVE \u00e9 \u00fanica e patenteada, ela vai muito al\u00e9m, ela at\u00e9 lhe dar\u00e1 sugest\u00f5es de novos estilos, ajudando sua fantasia fetichista a ir para o pr\u00f3ximo n\u00edvel, um que talvez voc\u00ea n\u00e3o esperava que ousasse. FESTISH SUBMISSIVE tem um uso excitante que n\u00e3o s\u00f3 faz voc\u00ea se sentir quente e excitado, mas cria muita confian\u00e7a extra, seja voc\u00ea aquele mestre dominante ou esteja em uma posi\u00e7\u00e3o submissa; qualquer jogo de RPG pode ser encontrado aqui.<\/p>\n<p> Na FESTISH SUBMISSIVE n\u00e3o criamos para um homem gay estereotipado porque isso simplesmente n\u00e3o existe: n\u00f3s orgulhosamente projetamos para a comunidade LGBTIQ+ em seu sentido mais amplo e para qualquer tipo de subcultura. N\u00e3o importa qual seja sua prefer\u00eancia ou desejo (segredo), temos a cole\u00e7\u00e3o perfeita de Harnesses para homens<\/p>\n<p> N\u00f3s simplesmente criamos as roupas fetichistas mais confort\u00e1veis para voc\u00ea e sensuais para os homens!<\/p>\n","protected":false},"excerpt":{"rendered":"<p>FETISH SUBMISSIVE ATTITUDE &#8211; CORREIA DE CORPO DE COURO ECOL\u00d3GICO PARA HOMENS<\/p>\n","protected":false},"featured_media":76508,"template":"","meta":{"_acf_changed":false},"product_brand":[],"product_cat":[47,67],"product_tag":[],"class_list":{"0":"post-43723","1":"product","2":"type-product","3":"status-publish","4":"has-post-thumbnail","6":"product_cat-lingerie","7":"product_cat-lingerie-masculina","8":"yith_product_brand-fetish-submissive","9":"yith_product_brand-fetish-submissivefetish-submissive-attitude","11":"first","12":"instock","13":"taxable","14":"shipping-taxable","15":"purchasable","16":"product-type-simple"},"acf":[],"yoast_head":"<!-- This site is optimized with the Yoast SEO plugin v27.3 - https:\/\/yoast.com\/product\/yoast-seo-wordpress\/ -->\n<title>FETISH SUBMISSIVE ATTITUDE - ARREIO DE COURO ECOL\u00d3GICO EM FORMA DE V PARA HOMENS - Lovme<\/title>\n<meta name=\"robots\" content=\"index, follow, max-snippet:-1, max-image-preview:large, max-video-preview:-1\" \/>\n<link rel=\"canonical\" href=\"https:\/\/lovme.pt\/index.php\/produto\/fetish-submissive-attitude-arreio-de-couro-ecologico-em-forma-de-v-para-homens\/\" \/>\n<meta property=\"og:locale\" content=\"pt_PT\" \/>\n<meta property=\"og:type\" content=\"article\" \/>\n<meta property=\"og:title\" content=\"FETISH SUBMISSIVE ATTITUDE - ARREIO DE COURO ECOL\u00d3GICO EM FORMA DE V PARA HOMENS - Lovme\" \/>\n<meta property=\"og:description\" content=\"FETISH SUBMISSIVE ATTITUDE - CORREIA DE CORPO DE COURO ECOL\u00d3GICO PARA HOMENS\" \/>\n<meta property=\"og:url\" content=\"https:\/\/lovme.pt\/index.php\/produto\/fetish-submissive-attitude-arreio-de-couro-ecologico-em-forma-de-v-para-homens\/\" \/>\n<meta property=\"og:site_name\" content=\"Lovme\" \/>\n<meta property=\"article:modified_time\" content=\"2026-02-19T20:09:46+00:00\" \/>\n<meta property=\"og:image\" content=\"https:\/\/erki24nd3ub.exactdn.com\/wp-content\/uploads\/dream\/img\/img_147058_3ebb05c39a32caa6877ed06b416c4084_1.png?strip=all\" \/>\n\t<meta property=\"og:image:width\" content=\"800\" \/>\n\t<meta property=\"og:image:height\" content=\"800\" \/>\n\t<meta property=\"og:image:type\" content=\"image\/png\" \/>\n<meta name=\"twitter:card\" content=\"summary_large_image\" \/>\n<meta name=\"twitter:label1\" content=\"Tempo estimado de leitura\" \/>\n\t<meta name=\"twitter:data1\" content=\"1 minuto\" \/>\n<script type=\"application\/ld+json\" class=\"yoast-schema-graph\">{\"@context\":\"https:\\\/\\\/schema.org\",\"@graph\":[{\"@type\":\"WebPage\",\"@id\":\"https:\\\/\\\/lovme.pt\\\/index.php\\\/produto\\\/fetish-submissive-attitude-arreio-de-couro-ecologico-em-forma-de-v-para-homens\\\/\",\"url\":\"https:\\\/\\\/lovme.pt\\\/index.php\\\/produto\\\/fetish-submissive-attitude-arreio-de-couro-ecologico-em-forma-de-v-para-homens\\\/\",\"name\":\"FETISH SUBMISSIVE ATTITUDE - ARREIO DE COURO ECOL\u00d3GICO EM FORMA DE V PARA HOMENS - Lovme\",\"isPartOf\":{\"@id\":\"https:\\\/\\\/lovme.pt\\\/#website\"},\"primaryImageOfPage\":{\"@id\":\"https:\\\/\\\/lovme.pt\\\/index.php\\\/produto\\\/fetish-submissive-attitude-arreio-de-couro-ecologico-em-forma-de-v-para-homens\\\/#primaryimage\"},\"image\":{\"@id\":\"https:\\\/\\\/lovme.pt\\\/index.php\\\/produto\\\/fetish-submissive-attitude-arreio-de-couro-ecologico-em-forma-de-v-para-homens\\\/#primaryimage\"},\"thumbnailUrl\":\"https:\\\/\\\/erki24nd3ub.exactdn.com\\\/wp-content\\\/uploads\\\/dream\\\/img\\\/img_147058_3ebb05c39a32caa6877ed06b416c4084_1.png?strip=all\",\"datePublished\":\"2025-09-30T22:17:29+00:00\",\"dateModified\":\"2026-02-19T20:09:46+00:00\",\"breadcrumb\":{\"@id\":\"https:\\\/\\\/lovme.pt\\\/index.php\\\/produto\\\/fetish-submissive-attitude-arreio-de-couro-ecologico-em-forma-de-v-para-homens\\\/#breadcrumb\"},\"inLanguage\":\"pt-PT\",\"potentialAction\":[{\"@type\":\"ReadAction\",\"target\":[\"https:\\\/\\\/lovme.pt\\\/index.php\\\/produto\\\/fetish-submissive-attitude-arreio-de-couro-ecologico-em-forma-de-v-para-homens\\\/\"]}]},{\"@type\":\"ImageObject\",\"inLanguage\":\"pt-PT\",\"@id\":\"https:\\\/\\\/lovme.pt\\\/index.php\\\/produto\\\/fetish-submissive-attitude-arreio-de-couro-ecologico-em-forma-de-v-para-homens\\\/#primaryimage\",\"url\":\"https:\\\/\\\/erki24nd3ub.exactdn.com\\\/wp-content\\\/uploads\\\/dream\\\/img\\\/img_147058_3ebb05c39a32caa6877ed06b416c4084_1.png?strip=all\",\"contentUrl\":\"https:\\\/\\\/erki24nd3ub.exactdn.com\\\/wp-content\\\/uploads\\\/dream\\\/img\\\/img_147058_3ebb05c39a32caa6877ed06b416c4084_1.png?strip=all\",\"width\":800,\"height\":800},{\"@type\":\"BreadcrumbList\",\"@id\":\"https:\\\/\\\/lovme.pt\\\/index.php\\\/produto\\\/fetish-submissive-attitude-arreio-de-couro-ecologico-em-forma-de-v-para-homens\\\/#breadcrumb\",\"itemListElement\":[{\"@type\":\"ListItem\",\"position\":1,\"name\":\"In\u00edcio\",\"item\":\"https:\\\/\\\/lovme.pt\\\/\"},{\"@type\":\"ListItem\",\"position\":2,\"name\":\"Loja\",\"item\":\"https:\\\/\\\/lovme.pt\\\/index.php\\\/loja\\\/\"},{\"@type\":\"ListItem\",\"position\":3,\"name\":\"FETISH SUBMISSIVE ATTITUDE &#8211; ARREIO DE COURO ECOL\u00d3GICO EM FORMA DE V PARA HOMENS\"}]},{\"@type\":\"WebSite\",\"@id\":\"https:\\\/\\\/lovme.pt\\\/#website\",\"url\":\"https:\\\/\\\/lovme.pt\\\/\",\"name\":\"Lovme Loja Er\u00f3tica N\u00ba1 em Portugal\",\"description\":\"A melhor loja er\u00f3tica de Portugal.\",\"alternateName\":\"Loja Er\u00f3tica Lovme\",\"potentialAction\":[{\"@type\":\"SearchAction\",\"target\":{\"@type\":\"EntryPoint\",\"urlTemplate\":\"https:\\\/\\\/lovme.pt\\\/?s={search_term_string}\"},\"query-input\":{\"@type\":\"PropertyValueSpecification\",\"valueRequired\":true,\"valueName\":\"search_term_string\"}}],\"inLanguage\":\"pt-PT\"}]}<\/script>\n<!-- \/ Yoast SEO plugin. -->","yoast_head_json":{"title":"FETISH SUBMISSIVE ATTITUDE - ARREIO DE COURO ECOL\u00d3GICO EM FORMA DE V PARA HOMENS - Lovme","robots":{"index":"index","follow":"follow","max-snippet":"max-snippet:-1","max-image-preview":"max-image-preview:large","max-video-preview":"max-video-preview:-1"},"canonical":"https:\/\/lovme.pt\/index.php\/produto\/fetish-submissive-attitude-arreio-de-couro-ecologico-em-forma-de-v-para-homens\/","og_locale":"pt_PT","og_type":"article","og_title":"FETISH SUBMISSIVE ATTITUDE - ARREIO DE COURO ECOL\u00d3GICO EM FORMA DE V PARA HOMENS - Lovme","og_description":"FETISH SUBMISSIVE ATTITUDE - CORREIA DE CORPO DE COURO ECOL\u00d3GICO PARA HOMENS","og_url":"https:\/\/lovme.pt\/index.php\/produto\/fetish-submissive-attitude-arreio-de-couro-ecologico-em-forma-de-v-para-homens\/","og_site_name":"Lovme","article_modified_time":"2026-02-19T20:09:46+00:00","og_image":[{"width":800,"height":800,"url":"https:\/\/erki24nd3ub.exactdn.com\/wp-content\/uploads\/dream\/img\/img_147058_3ebb05c39a32caa6877ed06b416c4084_1.png?strip=all","type":"image\/png"}],"twitter_card":"summary_large_image","twitter_misc":{"Tempo estimado de leitura":"1 minuto"},"schema":{"@context":"https:\/\/schema.org","@graph":[{"@type":"WebPage","@id":"https:\/\/lovme.pt\/index.php\/produto\/fetish-submissive-attitude-arreio-de-couro-ecologico-em-forma-de-v-para-homens\/","url":"https:\/\/lovme.pt\/index.php\/produto\/fetish-submissive-attitude-arreio-de-couro-ecologico-em-forma-de-v-para-homens\/","name":"FETISH SUBMISSIVE ATTITUDE - ARREIO DE COURO ECOL\u00d3GICO EM FORMA DE V PARA HOMENS - Lovme","isPartOf":{"@id":"https:\/\/lovme.pt\/#website"},"primaryImageOfPage":{"@id":"https:\/\/lovme.pt\/index.php\/produto\/fetish-submissive-attitude-arreio-de-couro-ecologico-em-forma-de-v-para-homens\/#primaryimage"},"image":{"@id":"https:\/\/lovme.pt\/index.php\/produto\/fetish-submissive-attitude-arreio-de-couro-ecologico-em-forma-de-v-para-homens\/#primaryimage"},"thumbnailUrl":"https:\/\/erki24nd3ub.exactdn.com\/wp-content\/uploads\/dream\/img\/img_147058_3ebb05c39a32caa6877ed06b416c4084_1.png?strip=all","datePublished":"2025-09-30T22:17:29+00:00","dateModified":"2026-02-19T20:09:46+00:00","breadcrumb":{"@id":"https:\/\/lovme.pt\/index.php\/produto\/fetish-submissive-attitude-arreio-de-couro-ecologico-em-forma-de-v-para-homens\/#breadcrumb"},"inLanguage":"pt-PT","potentialAction":[{"@type":"ReadAction","target":["https:\/\/lovme.pt\/index.php\/produto\/fetish-submissive-attitude-arreio-de-couro-ecologico-em-forma-de-v-para-homens\/"]}]},{"@type":"ImageObject","inLanguage":"pt-PT","@id":"https:\/\/lovme.pt\/index.php\/produto\/fetish-submissive-attitude-arreio-de-couro-ecologico-em-forma-de-v-para-homens\/#primaryimage","url":"https:\/\/erki24nd3ub.exactdn.com\/wp-content\/uploads\/dream\/img\/img_147058_3ebb05c39a32caa6877ed06b416c4084_1.png?strip=all","contentUrl":"https:\/\/erki24nd3ub.exactdn.com\/wp-content\/uploads\/dream\/img\/img_147058_3ebb05c39a32caa6877ed06b416c4084_1.png?strip=all","width":800,"height":800},{"@type":"BreadcrumbList","@id":"https:\/\/lovme.pt\/index.php\/produto\/fetish-submissive-attitude-arreio-de-couro-ecologico-em-forma-de-v-para-homens\/#breadcrumb","itemListElement":[{"@type":"ListItem","position":1,"name":"In\u00edcio","item":"https:\/\/lovme.pt\/"},{"@type":"ListItem","position":2,"name":"Loja","item":"https:\/\/lovme.pt\/index.php\/loja\/"},{"@type":"ListItem","position":3,"name":"FETISH SUBMISSIVE ATTITUDE &#8211; ARREIO DE COURO ECOL\u00d3GICO EM FORMA DE V PARA HOMENS"}]},{"@type":"WebSite","@id":"https:\/\/lovme.pt\/#website","url":"https:\/\/lovme.pt\/","name":"Lovme Loja Er\u00f3tica N\u00ba1 em Portugal","description":"A melhor loja er\u00f3tica de Portugal.","alternateName":"Loja Er\u00f3tica Lovme","potentialAction":[{"@type":"SearchAction","target":{"@type":"EntryPoint","urlTemplate":"https:\/\/lovme.pt\/?s={search_term_string}"},"query-input":{"@type":"PropertyValueSpecification","valueRequired":true,"valueName":"search_term_string"}}],"inLanguage":"pt-PT"}]}},"_links":{"self":[{"href":"https:\/\/lovme.pt\/index.php\/wp-json\/wp\/v2\/product\/43723","targetHints":{"allow":["GET"]}}],"collection":[{"href":"https:\/\/lovme.pt\/index.php\/wp-json\/wp\/v2\/product"}],"about":[{"href":"https:\/\/lovme.pt\/index.php\/wp-json\/wp\/v2\/types\/product"}],"wp:featuredmedia":[{"embeddable":true,"href":"https:\/\/lovme.pt\/index.php\/wp-json\/wp\/v2\/media\/76508"}],"wp:attachment":[{"href":"https:\/\/lovme.pt\/index.php\/wp-json\/wp\/v2\/media?parent=43723"}],"wp:term":[{"taxonomy":"product_brand","embeddable":true,"href":"https:\/\/lovme.pt\/index.php\/wp-json\/wp\/v2\/product_brand?post=43723"},{"taxonomy":"product_cat","embeddable":true,"href":"https:\/\/lovme.pt\/index.php\/wp-json\/wp\/v2\/product_cat?post=43723"},{"taxonomy":"product_tag","embeddable":true,"href":"https:\/\/lovme.pt\/index.php\/wp-json\/wp\/v2\/product_tag?post=43723"}],"curies":[{"name":"wp","href":"https:\/\/api.w.org\/{rel}","templated":true}]}}