{"id":43719,"date":"2025-09-30T20:44:47","date_gmt":"2025-09-30T20:44:47","guid":{"rendered":"https:\/\/lovme.pt\/?post_type=product&p=43719"},"modified":"2026-05-13T16:32:31","modified_gmt":"2026-05-13T16:32:31","slug":"intense-violet-clitoris-stimulator-10-vibrations-lils","status":"publish","type":"product","link":"https:\/\/lovme.pt\/index.php\/produto\/intense-violet-clitoris-stimulator-10-vibrations-lils\/","title":{"rendered":"INTENSE &#8211; VIOLET CLITORIS STIMULATOR 10 VIBRATIONS LILS"},"content":{"rendered":"<p>As mulheres durante a menopausa come\u00e7am a sentir mudan\u00e7as como ondas de calor, sudorese e problemas de sono devido \u00e0s altera\u00e7\u00f5es hormonais associadas a esta fase, como a diminui\u00e7\u00e3o da produ\u00e7\u00e3o de estrog\u00eanio e progesterona.<\/p>\n<p>A diminui\u00e7\u00e3o hormonal leva a uma diminui\u00e7\u00e3o do fluxo sangu\u00edneo na regi\u00e3o p\u00e9lvica e, conseq\u00fcentemente, causar\u00e1 ressecamento vaginal, diminui\u00e7\u00e3o da elasticidade e isso pode causar desconforto e irrita\u00e7\u00e3o durante jogos e rela\u00e7\u00f5es sexuais.<\/p>\n<p>A menopausa n\u00e3o deve resultar em redu\u00e7\u00e3o da atividade sexual, nem, \u00e9 claro, diminui\u00e7\u00e3o do prazer. Para ele, as cren\u00e7as que associam o fim da menstrua\u00e7\u00e3o apenas ao fim das rela\u00e7\u00f5es sexuais da mulher s\u00e3o exemplos de um imagin\u00e1rio coletivo repleto de erros e preconceitos.<\/p>\n<p>A nova linha de brinquedos sexuais INTENSE, e especificamente a linha de vibradores e estimuladores de clit\u00f3ris que tanto se popularizaram nos \u00faltimos anos, podem ser aliados para as mulheres na menopausa. Estimular a \u00e1rea genital e o pr\u00f3prio clit\u00f3ris significa aumentar a lubrifica\u00e7\u00e3o vaginal, muito \u00fatil diante do ressecamento causado pela queda hormonal associada \u00e0 menopausa?.<\/p>\n<p>Outro ponto positivo sobre o uso de brinquedos sexuais como os estimuladores de clit\u00f3ris \u00e9 que a estimula\u00e7\u00e3o consegue deixar a mulher mais consciente do pr\u00f3prio corpo. A \u00fanica maneira de ter uma sexualidade plena \u00e9 tomando consci\u00eancia do pr\u00f3prio corpo, desejos e necessidades. E muitos s\u00e3o capazes de se reconectar com sua capacidade de se divertir por meio de um brinquedo sexual.<\/p>\n<p>Suba ao topo! INTENSE? VIOLET STIMULATOR: o vibrador em forma de rosa com uma ponta muito safada que te levar\u00e1 ao cl\u00edmax. Com a ponta arredondada do estimulador 100% silicone, as vibra\u00e7\u00f5es circulantes e um total de 10 combina\u00e7\u00f5es de vibra\u00e7\u00e3o voc\u00ea vai mimar todas as suas zonas er\u00f3genas como clit\u00f3ris, l\u00e1bios ou mamilos, voc\u00ea pode fazer isso em qualquer lugar devido ao seu tamanho compacto! Desta forma, INTENSE? VIOLET STIMULATOR tamb\u00e9m pode ser transportado discretamente em viagens e sempre o encanta com sua versatilidade absoluta.<\/p>\n<p>EXCURS\u00c3O DE V\u00d4O ALTO<\/p>\n<p>Os 10 programas de vibra\u00e7\u00e3o do vibrador \u00e0 prova d\u00e1gua (IPX7) de suave a muito intenso far\u00e3o voc\u00ea tocar o c\u00e9u. A ponta INTENSE? VIOLET \u00e9 feita de silicone e \u00e9 estimulantemente flex\u00edvel, este estimulador alcan\u00e7ar\u00e1 todos os cantos \u00edntimos.<\/p>\n<p>BATERIAS RECARREG\u00c1VEIS DE LONGA DURA\u00c7\u00c3O<\/p>\n<p>O INTENSE? VIOLET est\u00e1 equipado com baterias incorporadas e, por isso, \u00e9 recarreg\u00e1vel e amigo do ambiente. O cabo de carregamento USB inclu\u00eddo pode ser complementado com um plugue de alimenta\u00e7\u00e3o padr\u00e3o de 5 V, se necess\u00e1rio.<\/p>\n<p>MAIS DIVERS\u00c3O COM LUBRIFICANTE<\/p>\n<p>Para obter o m\u00e1ximo prazer suave, use sempre seu estimulador clitoriano com um dos lubrificantes \u00e0 base de \u00e1gua Waterfeel que s\u00e3o ideais para o produto. Isso tornar\u00e1 sua experi\u00eancia alegremente intensa e dar\u00e1 um fator de variedade adicional. Est\u00e3o dispon\u00edveis nas vers\u00f5es cl\u00e1ssica, sedosa e quente. A composi\u00e7\u00e3o vegana \u00e0 base de \u00e1gua protege o material e mant\u00e9m a superf\u00edcie fosca e sedosa do seu amuleto agrad\u00e1vel e flex\u00edvel.<\/p>\n<p>MATERIAIS E CUIDADOS<\/p>\n<p>O silicone INTENSE possui silicone 100% livre de phalatos, incrivelmente flex\u00edvel. \u00c0 prova d\u00e1gua (IPX6) e combinados com um pr\u00e1tico controle ergon\u00f4mico feito do mesmo material, os brinquedos INTENSE s\u00e3o f\u00e1ceis de limpar e permanecem higi\u00eanicos por muito tempo. O material flex\u00edvel \u00e9 maravilhosamente escorregadio e aquece rapidamente \u00e0 temperatura do corpo. Seu vibrador pode ser limpo r\u00e1pida e facilmente com um pouco de sab\u00e3o e \u00e1gua morna. Finalmente, garante uma higiene exaustiva com algumas pulveriza\u00e7\u00f5es de detergente desinfetante para brinquedos.<\/p>\n<p>Aproveite o seu brinquedo tanto quanto n\u00f3s gostamos de faz\u00ea-lo para voc\u00ea.<\/p>\n","protected":false},"excerpt":{"rendered":"<p>INTENSE &#8211; VIOLET CLITORIS STIMULATOR 10 VIBRATIONS LILS<\/p>\n","protected":false},"featured_media":72207,"template":"","meta":{"_acf_changed":false},"product_brand":[],"product_cat":[17,61,76],"product_tag":[],"class_list":{"0":"post-43719","1":"product","2":"type-product","3":"status-publish","4":"has-post-thumbnail","6":"product_cat-brinquedos-de-bem-estar-sexual","7":"product_cat-para-elas","8":"product_cat-vibradores","9":"yith_product_brand-intense","10":"yith_product_brand-intenseintense-toysintense-fun","11":"yith_product_brand-intenseintense-toys","13":"first","14":"instock","15":"taxable","16":"shipping-taxable","17":"purchasable","18":"product-type-simple"},"acf":[],"yoast_head":"<!-- This site is optimized with the Yoast SEO plugin v27.4 - https:\/\/yoast.com\/product\/yoast-seo-wordpress\/ -->\n<title>INTENSE - VIOLET CLITORIS STIMULATOR 10 VIBRATIONS LILS - Lovme<\/title>\n<meta name=\"robots\" content=\"index, follow, max-snippet:-1, max-image-preview:large, max-video-preview:-1\" \/>\n<link rel=\"canonical\" href=\"https:\/\/lovme.pt\/index.php\/produto\/intense-violet-clitoris-stimulator-10-vibrations-lils\/\" \/>\n<meta property=\"og:locale\" content=\"pt_PT\" \/>\n<meta property=\"og:type\" content=\"article\" \/>\n<meta property=\"og:title\" content=\"INTENSE - VIOLET CLITORIS STIMULATOR 10 VIBRATIONS LILS - Lovme\" \/>\n<meta property=\"og:description\" content=\"INTENSE - VIOLET CLITORIS STIMULATOR 10 VIBRATIONS LILS\" \/>\n<meta property=\"og:url\" content=\"https:\/\/lovme.pt\/index.php\/produto\/intense-violet-clitoris-stimulator-10-vibrations-lils\/\" \/>\n<meta property=\"og:site_name\" content=\"Lovme\" \/>\n<meta property=\"article:modified_time\" content=\"2026-05-13T16:32:31+00:00\" \/>\n<meta property=\"og:image\" content=\"https:\/\/erki24nd3ub.exactdn.com\/wp-content\/uploads\/dream\/img\/img_146986_3d39fc95a58671761d8055acea93b24b_1.png?strip=all\" \/>\n\t<meta property=\"og:image:width\" content=\"800\" \/>\n\t<meta property=\"og:image:height\" content=\"800\" \/>\n\t<meta property=\"og:image:type\" content=\"image\/png\" \/>\n<meta name=\"twitter:card\" content=\"summary_large_image\" \/>\n<meta name=\"twitter:label1\" content=\"Tempo estimado de leitura\" \/>\n\t<meta name=\"twitter:data1\" content=\"3 minutos\" \/>\n<script type=\"application\/ld+json\" class=\"yoast-schema-graph\">{\"@context\":\"https:\\\/\\\/schema.org\",\"@graph\":[{\"@type\":\"WebPage\",\"@id\":\"https:\\\/\\\/lovme.pt\\\/index.php\\\/produto\\\/intense-violet-clitoris-stimulator-10-vibrations-lils\\\/\",\"url\":\"https:\\\/\\\/lovme.pt\\\/index.php\\\/produto\\\/intense-violet-clitoris-stimulator-10-vibrations-lils\\\/\",\"name\":\"INTENSE - VIOLET CLITORIS STIMULATOR 10 VIBRATIONS LILS - Lovme\",\"isPartOf\":{\"@id\":\"https:\\\/\\\/lovme.pt\\\/#website\"},\"primaryImageOfPage\":{\"@id\":\"https:\\\/\\\/lovme.pt\\\/index.php\\\/produto\\\/intense-violet-clitoris-stimulator-10-vibrations-lils\\\/#primaryimage\"},\"image\":{\"@id\":\"https:\\\/\\\/lovme.pt\\\/index.php\\\/produto\\\/intense-violet-clitoris-stimulator-10-vibrations-lils\\\/#primaryimage\"},\"thumbnailUrl\":\"https:\\\/\\\/erki24nd3ub.exactdn.com\\\/wp-content\\\/uploads\\\/dream\\\/img\\\/img_146986_3d39fc95a58671761d8055acea93b24b_1.png?strip=all\",\"datePublished\":\"2025-09-30T20:44:47+00:00\",\"dateModified\":\"2026-05-13T16:32:31+00:00\",\"breadcrumb\":{\"@id\":\"https:\\\/\\\/lovme.pt\\\/index.php\\\/produto\\\/intense-violet-clitoris-stimulator-10-vibrations-lils\\\/#breadcrumb\"},\"inLanguage\":\"pt-PT\",\"potentialAction\":[{\"@type\":\"ReadAction\",\"target\":[\"https:\\\/\\\/lovme.pt\\\/index.php\\\/produto\\\/intense-violet-clitoris-stimulator-10-vibrations-lils\\\/\"]}]},{\"@type\":\"ImageObject\",\"inLanguage\":\"pt-PT\",\"@id\":\"https:\\\/\\\/lovme.pt\\\/index.php\\\/produto\\\/intense-violet-clitoris-stimulator-10-vibrations-lils\\\/#primaryimage\",\"url\":\"https:\\\/\\\/erki24nd3ub.exactdn.com\\\/wp-content\\\/uploads\\\/dream\\\/img\\\/img_146986_3d39fc95a58671761d8055acea93b24b_1.png?strip=all\",\"contentUrl\":\"https:\\\/\\\/erki24nd3ub.exactdn.com\\\/wp-content\\\/uploads\\\/dream\\\/img\\\/img_146986_3d39fc95a58671761d8055acea93b24b_1.png?strip=all\",\"width\":800,\"height\":800},{\"@type\":\"BreadcrumbList\",\"@id\":\"https:\\\/\\\/lovme.pt\\\/index.php\\\/produto\\\/intense-violet-clitoris-stimulator-10-vibrations-lils\\\/#breadcrumb\",\"itemListElement\":[{\"@type\":\"ListItem\",\"position\":1,\"name\":\"In\u00edcio\",\"item\":\"https:\\\/\\\/lovme.pt\\\/\"},{\"@type\":\"ListItem\",\"position\":2,\"name\":\"Loja\",\"item\":\"https:\\\/\\\/lovme.pt\\\/index.php\\\/loja\\\/\"},{\"@type\":\"ListItem\",\"position\":3,\"name\":\"INTENSE &#8211; VIOLET CLITORIS STIMULATOR 10 VIBRATIONS LILS\"}]},{\"@type\":\"WebSite\",\"@id\":\"https:\\\/\\\/lovme.pt\\\/#website\",\"url\":\"https:\\\/\\\/lovme.pt\\\/\",\"name\":\"Lovme Loja Er\u00f3tica N\u00ba1 em Portugal\",\"description\":\"A melhor loja er\u00f3tica de Portugal.\",\"alternateName\":\"Loja Er\u00f3tica Lovme\",\"potentialAction\":[{\"@type\":\"SearchAction\",\"target\":{\"@type\":\"EntryPoint\",\"urlTemplate\":\"https:\\\/\\\/lovme.pt\\\/?s={search_term_string}\"},\"query-input\":{\"@type\":\"PropertyValueSpecification\",\"valueRequired\":true,\"valueName\":\"search_term_string\"}}],\"inLanguage\":\"pt-PT\"}]}<\/script>\n<!-- \/ Yoast SEO plugin. -->","yoast_head_json":{"title":"INTENSE - VIOLET CLITORIS STIMULATOR 10 VIBRATIONS LILS - Lovme","robots":{"index":"index","follow":"follow","max-snippet":"max-snippet:-1","max-image-preview":"max-image-preview:large","max-video-preview":"max-video-preview:-1"},"canonical":"https:\/\/lovme.pt\/index.php\/produto\/intense-violet-clitoris-stimulator-10-vibrations-lils\/","og_locale":"pt_PT","og_type":"article","og_title":"INTENSE - VIOLET CLITORIS STIMULATOR 10 VIBRATIONS LILS - Lovme","og_description":"INTENSE - VIOLET CLITORIS STIMULATOR 10 VIBRATIONS LILS","og_url":"https:\/\/lovme.pt\/index.php\/produto\/intense-violet-clitoris-stimulator-10-vibrations-lils\/","og_site_name":"Lovme","article_modified_time":"2026-05-13T16:32:31+00:00","og_image":[{"width":800,"height":800,"url":"https:\/\/erki24nd3ub.exactdn.com\/wp-content\/uploads\/dream\/img\/img_146986_3d39fc95a58671761d8055acea93b24b_1.png?strip=all","type":"image\/png"}],"twitter_card":"summary_large_image","twitter_misc":{"Tempo estimado de leitura":"3 minutos"},"schema":{"@context":"https:\/\/schema.org","@graph":[{"@type":"WebPage","@id":"https:\/\/lovme.pt\/index.php\/produto\/intense-violet-clitoris-stimulator-10-vibrations-lils\/","url":"https:\/\/lovme.pt\/index.php\/produto\/intense-violet-clitoris-stimulator-10-vibrations-lils\/","name":"INTENSE - VIOLET CLITORIS STIMULATOR 10 VIBRATIONS LILS - Lovme","isPartOf":{"@id":"https:\/\/lovme.pt\/#website"},"primaryImageOfPage":{"@id":"https:\/\/lovme.pt\/index.php\/produto\/intense-violet-clitoris-stimulator-10-vibrations-lils\/#primaryimage"},"image":{"@id":"https:\/\/lovme.pt\/index.php\/produto\/intense-violet-clitoris-stimulator-10-vibrations-lils\/#primaryimage"},"thumbnailUrl":"https:\/\/erki24nd3ub.exactdn.com\/wp-content\/uploads\/dream\/img\/img_146986_3d39fc95a58671761d8055acea93b24b_1.png?strip=all","datePublished":"2025-09-30T20:44:47+00:00","dateModified":"2026-05-13T16:32:31+00:00","breadcrumb":{"@id":"https:\/\/lovme.pt\/index.php\/produto\/intense-violet-clitoris-stimulator-10-vibrations-lils\/#breadcrumb"},"inLanguage":"pt-PT","potentialAction":[{"@type":"ReadAction","target":["https:\/\/lovme.pt\/index.php\/produto\/intense-violet-clitoris-stimulator-10-vibrations-lils\/"]}]},{"@type":"ImageObject","inLanguage":"pt-PT","@id":"https:\/\/lovme.pt\/index.php\/produto\/intense-violet-clitoris-stimulator-10-vibrations-lils\/#primaryimage","url":"https:\/\/erki24nd3ub.exactdn.com\/wp-content\/uploads\/dream\/img\/img_146986_3d39fc95a58671761d8055acea93b24b_1.png?strip=all","contentUrl":"https:\/\/erki24nd3ub.exactdn.com\/wp-content\/uploads\/dream\/img\/img_146986_3d39fc95a58671761d8055acea93b24b_1.png?strip=all","width":800,"height":800},{"@type":"BreadcrumbList","@id":"https:\/\/lovme.pt\/index.php\/produto\/intense-violet-clitoris-stimulator-10-vibrations-lils\/#breadcrumb","itemListElement":[{"@type":"ListItem","position":1,"name":"In\u00edcio","item":"https:\/\/lovme.pt\/"},{"@type":"ListItem","position":2,"name":"Loja","item":"https:\/\/lovme.pt\/index.php\/loja\/"},{"@type":"ListItem","position":3,"name":"INTENSE &#8211; VIOLET CLITORIS STIMULATOR 10 VIBRATIONS LILS"}]},{"@type":"WebSite","@id":"https:\/\/lovme.pt\/#website","url":"https:\/\/lovme.pt\/","name":"Lovme Loja Er\u00f3tica N\u00ba1 em Portugal","description":"A melhor loja er\u00f3tica de Portugal.","alternateName":"Loja Er\u00f3tica Lovme","potentialAction":[{"@type":"SearchAction","target":{"@type":"EntryPoint","urlTemplate":"https:\/\/lovme.pt\/?s={search_term_string}"},"query-input":{"@type":"PropertyValueSpecification","valueRequired":true,"valueName":"search_term_string"}}],"inLanguage":"pt-PT"}]}},"_links":{"self":[{"href":"https:\/\/lovme.pt\/index.php\/wp-json\/wp\/v2\/product\/43719","targetHints":{"allow":["GET"]}}],"collection":[{"href":"https:\/\/lovme.pt\/index.php\/wp-json\/wp\/v2\/product"}],"about":[{"href":"https:\/\/lovme.pt\/index.php\/wp-json\/wp\/v2\/types\/product"}],"wp:featuredmedia":[{"embeddable":true,"href":"https:\/\/lovme.pt\/index.php\/wp-json\/wp\/v2\/media\/72207"}],"wp:attachment":[{"href":"https:\/\/lovme.pt\/index.php\/wp-json\/wp\/v2\/media?parent=43719"}],"wp:term":[{"taxonomy":"product_brand","embeddable":true,"href":"https:\/\/lovme.pt\/index.php\/wp-json\/wp\/v2\/product_brand?post=43719"},{"taxonomy":"product_cat","embeddable":true,"href":"https:\/\/lovme.pt\/index.php\/wp-json\/wp\/v2\/product_cat?post=43719"},{"taxonomy":"product_tag","embeddable":true,"href":"https:\/\/lovme.pt\/index.php\/wp-json\/wp\/v2\/product_tag?post=43719"}],"curies":[{"name":"wp","href":"https:\/\/api.w.org\/{rel}","templated":true}]}}