{"id":43684,"date":"2025-10-01T03:13:55","date_gmt":"2025-10-01T03:13:55","guid":{"rendered":"https:\/\/lovme.pt\/?post_type=product&p=43684"},"modified":"2026-02-19T20:22:42","modified_gmt":"2026-02-19T20:22:42","slug":"darkness-algemas-de-metal-para-mos-negras","status":"publish","type":"product","link":"https:\/\/lovme.pt\/index.php\/produto\/darkness-algemas-de-metal-para-mos-negras\/","title":{"rendered":"DARKNESS &#8211; ALGEMAS DE METAL PARA MOS NEGRAS"},"content":{"rendered":"<p>Apresentando as algemas de metal preto <strong>DARKNESS<\/strong><\/p>\n<p> Eleve seu jogo de conten\u00e7\u00e3o a um n\u00edvel totalmente novo com as algemas de metal preto <strong>DARKNESS<\/strong> . Fabricadas com precis\u00e3o e projetadas tanto para est\u00e9tica quanto para funcionalidade, essas algemas s\u00e3o um acess\u00f3rio indispens\u00e1vel para suas aventuras \u00edntimas.<\/p>\n<p> <u><strong>Caracter\u00edsticas:<\/strong><\/u><\/p>\n<ul>\n<li> <strong>Acabamento Preto Elegante:<\/strong> A impressionante cor preta adiciona um elemento de mist\u00e9rio e intriga \u00e0s suas sess\u00f5es de bondage, tornando-as visualmente cativantes.<\/li>\n<li> <strong>Constru\u00e7\u00e3o met\u00e1lica dur\u00e1vel:<\/strong> essas algemas s\u00e3o projetadas para suportar at\u00e9 os momentos mais apaixonados e intensos, garantindo que seu parceiro permane\u00e7a firmemente contido.<\/li>\n<li> <strong>Ajuste confort\u00e1vel<\/strong> : as algemas s\u00e3o cuidadosamente projetadas para proporcionar um ajuste confort\u00e1vel, mantendo um aperto firme nos pulsos do seu parceiro, garantindo sua seguran\u00e7a e conforto.<\/li>\n<li> <strong>Mecanismo de travamento confi\u00e1vel<\/strong> : O mecanismo de travamento confi\u00e1vel garante que, uma vez contido seu parceiro, n\u00e3o haja chance de fuga at\u00e9 que voc\u00ea decida liber\u00e1-lo.<\/li>\n<li> <strong>Tamanho Ajust\u00e1vel<\/strong> : Com tamanho ajust\u00e1vel, essas algemas s\u00e3o adequadas para v\u00e1rios tamanhos de pulso, tornando-as perfeitas tanto para iniciantes quanto para entusiastas experientes.<\/li>\n<li> <strong>Uso vers\u00e1til<\/strong> : Esteja voc\u00ea explorando bondage leve ou mergulhando em jogos BDSM mais intensos, essas algemas s\u00e3o vers\u00e1teis o suficiente para satisfazer seus desejos.<\/li>\n<\/ul>\n<p> Aumente a paix\u00e3o e a emo\u00e7\u00e3o nos seus momentos \u00edntimos com as algemas de metal preto DARKNESS. Explore suas fantasias com confian\u00e7a e estilo.<\/p>\n","protected":false},"excerpt":{"rendered":"<p>DARKNESS &#8211; ALGEMAS DE METAL PARA MOS NEGRAS<\/p>\n","protected":false},"featured_media":102168,"template":"","meta":{"_acf_changed":false},"product_brand":[],"product_cat":[48],"product_tag":[],"class_list":{"0":"post-43684","1":"product","2":"type-product","3":"status-publish","4":"has-post-thumbnail","6":"product_cat-bdsm","7":"yith_product_brand-darkness","8":"yith_product_brand-darknessdarkness-bondage","10":"first","11":"instock","12":"taxable","13":"shipping-taxable","14":"purchasable","15":"product-type-simple"},"acf":[],"yoast_head":"<!-- This site is optimized with the Yoast SEO plugin v27.3 - https:\/\/yoast.com\/product\/yoast-seo-wordpress\/ -->\n<title>DARKNESS - ALGEMAS DE METAL PARA MOS NEGRAS - Lovme<\/title>\n<meta name=\"robots\" content=\"index, follow, max-snippet:-1, max-image-preview:large, max-video-preview:-1\" \/>\n<link rel=\"canonical\" href=\"https:\/\/lovme.pt\/index.php\/produto\/darkness-algemas-de-metal-para-mos-negras\/\" \/>\n<meta property=\"og:locale\" content=\"pt_PT\" \/>\n<meta property=\"og:type\" content=\"article\" \/>\n<meta property=\"og:title\" content=\"DARKNESS - ALGEMAS DE METAL PARA MOS NEGRAS - Lovme\" \/>\n<meta property=\"og:description\" content=\"DARKNESS - ALGEMAS DE METAL PARA MOS NEGRAS\" \/>\n<meta property=\"og:url\" content=\"https:\/\/lovme.pt\/index.php\/produto\/darkness-algemas-de-metal-para-mos-negras\/\" \/>\n<meta property=\"og:site_name\" content=\"Lovme\" \/>\n<meta property=\"article:modified_time\" content=\"2026-02-19T20:22:42+00:00\" \/>\n<meta property=\"og:image\" content=\"https:\/\/erki24nd3ub.exactdn.com\/wp-content\/uploads\/dream\/img\/img_147109_eea5b38011e52324eb8597027a60f2f1_1.png?strip=all\" \/>\n\t<meta property=\"og:image:width\" content=\"800\" \/>\n\t<meta property=\"og:image:height\" content=\"800\" \/>\n\t<meta property=\"og:image:type\" content=\"image\/png\" \/>\n<meta name=\"twitter:card\" content=\"summary_large_image\" \/>\n<meta name=\"twitter:label1\" content=\"Tempo estimado de leitura\" \/>\n\t<meta name=\"twitter:data1\" content=\"1 minuto\" \/>\n<script type=\"application\/ld+json\" class=\"yoast-schema-graph\">{\"@context\":\"https:\\\/\\\/schema.org\",\"@graph\":[{\"@type\":\"WebPage\",\"@id\":\"https:\\\/\\\/lovme.pt\\\/index.php\\\/produto\\\/darkness-algemas-de-metal-para-mos-negras\\\/\",\"url\":\"https:\\\/\\\/lovme.pt\\\/index.php\\\/produto\\\/darkness-algemas-de-metal-para-mos-negras\\\/\",\"name\":\"DARKNESS - ALGEMAS DE METAL PARA MOS NEGRAS - Lovme\",\"isPartOf\":{\"@id\":\"https:\\\/\\\/lovme.pt\\\/#website\"},\"primaryImageOfPage\":{\"@id\":\"https:\\\/\\\/lovme.pt\\\/index.php\\\/produto\\\/darkness-algemas-de-metal-para-mos-negras\\\/#primaryimage\"},\"image\":{\"@id\":\"https:\\\/\\\/lovme.pt\\\/index.php\\\/produto\\\/darkness-algemas-de-metal-para-mos-negras\\\/#primaryimage\"},\"thumbnailUrl\":\"https:\\\/\\\/erki24nd3ub.exactdn.com\\\/wp-content\\\/uploads\\\/dream\\\/img\\\/img_147109_eea5b38011e52324eb8597027a60f2f1_1.png?strip=all\",\"datePublished\":\"2025-10-01T03:13:55+00:00\",\"dateModified\":\"2026-02-19T20:22:42+00:00\",\"breadcrumb\":{\"@id\":\"https:\\\/\\\/lovme.pt\\\/index.php\\\/produto\\\/darkness-algemas-de-metal-para-mos-negras\\\/#breadcrumb\"},\"inLanguage\":\"pt-PT\",\"potentialAction\":[{\"@type\":\"ReadAction\",\"target\":[\"https:\\\/\\\/lovme.pt\\\/index.php\\\/produto\\\/darkness-algemas-de-metal-para-mos-negras\\\/\"]}]},{\"@type\":\"ImageObject\",\"inLanguage\":\"pt-PT\",\"@id\":\"https:\\\/\\\/lovme.pt\\\/index.php\\\/produto\\\/darkness-algemas-de-metal-para-mos-negras\\\/#primaryimage\",\"url\":\"https:\\\/\\\/erki24nd3ub.exactdn.com\\\/wp-content\\\/uploads\\\/dream\\\/img\\\/img_147109_eea5b38011e52324eb8597027a60f2f1_1.png?strip=all\",\"contentUrl\":\"https:\\\/\\\/erki24nd3ub.exactdn.com\\\/wp-content\\\/uploads\\\/dream\\\/img\\\/img_147109_eea5b38011e52324eb8597027a60f2f1_1.png?strip=all\",\"width\":800,\"height\":800},{\"@type\":\"BreadcrumbList\",\"@id\":\"https:\\\/\\\/lovme.pt\\\/index.php\\\/produto\\\/darkness-algemas-de-metal-para-mos-negras\\\/#breadcrumb\",\"itemListElement\":[{\"@type\":\"ListItem\",\"position\":1,\"name\":\"In\u00edcio\",\"item\":\"https:\\\/\\\/lovme.pt\\\/\"},{\"@type\":\"ListItem\",\"position\":2,\"name\":\"Loja\",\"item\":\"https:\\\/\\\/lovme.pt\\\/index.php\\\/loja\\\/\"},{\"@type\":\"ListItem\",\"position\":3,\"name\":\"DARKNESS &#8211; ALGEMAS DE METAL PARA MOS NEGRAS\"}]},{\"@type\":\"WebSite\",\"@id\":\"https:\\\/\\\/lovme.pt\\\/#website\",\"url\":\"https:\\\/\\\/lovme.pt\\\/\",\"name\":\"Lovme Loja Er\u00f3tica N\u00ba1 em Portugal\",\"description\":\"A melhor loja er\u00f3tica de Portugal.\",\"alternateName\":\"Loja Er\u00f3tica Lovme\",\"potentialAction\":[{\"@type\":\"SearchAction\",\"target\":{\"@type\":\"EntryPoint\",\"urlTemplate\":\"https:\\\/\\\/lovme.pt\\\/?s={search_term_string}\"},\"query-input\":{\"@type\":\"PropertyValueSpecification\",\"valueRequired\":true,\"valueName\":\"search_term_string\"}}],\"inLanguage\":\"pt-PT\"}]}<\/script>\n<!-- \/ Yoast SEO plugin. -->","yoast_head_json":{"title":"DARKNESS - ALGEMAS DE METAL PARA MOS NEGRAS - Lovme","robots":{"index":"index","follow":"follow","max-snippet":"max-snippet:-1","max-image-preview":"max-image-preview:large","max-video-preview":"max-video-preview:-1"},"canonical":"https:\/\/lovme.pt\/index.php\/produto\/darkness-algemas-de-metal-para-mos-negras\/","og_locale":"pt_PT","og_type":"article","og_title":"DARKNESS - ALGEMAS DE METAL PARA MOS NEGRAS - Lovme","og_description":"DARKNESS - ALGEMAS DE METAL PARA MOS NEGRAS","og_url":"https:\/\/lovme.pt\/index.php\/produto\/darkness-algemas-de-metal-para-mos-negras\/","og_site_name":"Lovme","article_modified_time":"2026-02-19T20:22:42+00:00","og_image":[{"width":800,"height":800,"url":"https:\/\/erki24nd3ub.exactdn.com\/wp-content\/uploads\/dream\/img\/img_147109_eea5b38011e52324eb8597027a60f2f1_1.png?strip=all","type":"image\/png"}],"twitter_card":"summary_large_image","twitter_misc":{"Tempo estimado de leitura":"1 minuto"},"schema":{"@context":"https:\/\/schema.org","@graph":[{"@type":"WebPage","@id":"https:\/\/lovme.pt\/index.php\/produto\/darkness-algemas-de-metal-para-mos-negras\/","url":"https:\/\/lovme.pt\/index.php\/produto\/darkness-algemas-de-metal-para-mos-negras\/","name":"DARKNESS - ALGEMAS DE METAL PARA MOS NEGRAS - Lovme","isPartOf":{"@id":"https:\/\/lovme.pt\/#website"},"primaryImageOfPage":{"@id":"https:\/\/lovme.pt\/index.php\/produto\/darkness-algemas-de-metal-para-mos-negras\/#primaryimage"},"image":{"@id":"https:\/\/lovme.pt\/index.php\/produto\/darkness-algemas-de-metal-para-mos-negras\/#primaryimage"},"thumbnailUrl":"https:\/\/erki24nd3ub.exactdn.com\/wp-content\/uploads\/dream\/img\/img_147109_eea5b38011e52324eb8597027a60f2f1_1.png?strip=all","datePublished":"2025-10-01T03:13:55+00:00","dateModified":"2026-02-19T20:22:42+00:00","breadcrumb":{"@id":"https:\/\/lovme.pt\/index.php\/produto\/darkness-algemas-de-metal-para-mos-negras\/#breadcrumb"},"inLanguage":"pt-PT","potentialAction":[{"@type":"ReadAction","target":["https:\/\/lovme.pt\/index.php\/produto\/darkness-algemas-de-metal-para-mos-negras\/"]}]},{"@type":"ImageObject","inLanguage":"pt-PT","@id":"https:\/\/lovme.pt\/index.php\/produto\/darkness-algemas-de-metal-para-mos-negras\/#primaryimage","url":"https:\/\/erki24nd3ub.exactdn.com\/wp-content\/uploads\/dream\/img\/img_147109_eea5b38011e52324eb8597027a60f2f1_1.png?strip=all","contentUrl":"https:\/\/erki24nd3ub.exactdn.com\/wp-content\/uploads\/dream\/img\/img_147109_eea5b38011e52324eb8597027a60f2f1_1.png?strip=all","width":800,"height":800},{"@type":"BreadcrumbList","@id":"https:\/\/lovme.pt\/index.php\/produto\/darkness-algemas-de-metal-para-mos-negras\/#breadcrumb","itemListElement":[{"@type":"ListItem","position":1,"name":"In\u00edcio","item":"https:\/\/lovme.pt\/"},{"@type":"ListItem","position":2,"name":"Loja","item":"https:\/\/lovme.pt\/index.php\/loja\/"},{"@type":"ListItem","position":3,"name":"DARKNESS &#8211; ALGEMAS DE METAL PARA MOS NEGRAS"}]},{"@type":"WebSite","@id":"https:\/\/lovme.pt\/#website","url":"https:\/\/lovme.pt\/","name":"Lovme Loja Er\u00f3tica N\u00ba1 em Portugal","description":"A melhor loja er\u00f3tica de Portugal.","alternateName":"Loja Er\u00f3tica Lovme","potentialAction":[{"@type":"SearchAction","target":{"@type":"EntryPoint","urlTemplate":"https:\/\/lovme.pt\/?s={search_term_string}"},"query-input":{"@type":"PropertyValueSpecification","valueRequired":true,"valueName":"search_term_string"}}],"inLanguage":"pt-PT"}]}},"_links":{"self":[{"href":"https:\/\/lovme.pt\/index.php\/wp-json\/wp\/v2\/product\/43684","targetHints":{"allow":["GET"]}}],"collection":[{"href":"https:\/\/lovme.pt\/index.php\/wp-json\/wp\/v2\/product"}],"about":[{"href":"https:\/\/lovme.pt\/index.php\/wp-json\/wp\/v2\/types\/product"}],"wp:featuredmedia":[{"embeddable":true,"href":"https:\/\/lovme.pt\/index.php\/wp-json\/wp\/v2\/media\/102168"}],"wp:attachment":[{"href":"https:\/\/lovme.pt\/index.php\/wp-json\/wp\/v2\/media?parent=43684"}],"wp:term":[{"taxonomy":"product_brand","embeddable":true,"href":"https:\/\/lovme.pt\/index.php\/wp-json\/wp\/v2\/product_brand?post=43684"},{"taxonomy":"product_cat","embeddable":true,"href":"https:\/\/lovme.pt\/index.php\/wp-json\/wp\/v2\/product_cat?post=43684"},{"taxonomy":"product_tag","embeddable":true,"href":"https:\/\/lovme.pt\/index.php\/wp-json\/wp\/v2\/product_tag?post=43684"}],"curies":[{"name":"wp","href":"https:\/\/api.w.org\/{rel}","templated":true}]}}