{"id":43682,"date":"2025-10-01T02:28:53","date_gmt":"2025-10-01T02:28:53","guid":{"rendered":"https:\/\/lovme.pt\/?post_type=product&p=43682"},"modified":"2026-02-19T20:19:10","modified_gmt":"2026-02-19T20:19:10","slug":"jamyjob-masturbador-de-compresso-e-vibrao-jango","status":"publish","type":"product","link":"https:\/\/lovme.pt\/index.php\/produto\/jamyjob-masturbador-de-compresso-e-vibrao-jango\/","title":{"rendered":"JAMYJOB &#8211; MASTURBADOR DE COMPRESSO E VIBRAO JANGO"},"content":{"rendered":"<p>Experimente um novo n\u00edvel de prazer com o masturbador masculino <strong>Jango<\/strong> da <strong>JAMYJOB<\/strong> . Este luxuoso brinquedo \u00edntimo foi projetado para satisfazer seus desejos mais profundos e elevar sua intimidade a novos patamares.<\/p>\n<p><strong>CARACTER\u00cdSTICAS:<\/strong><\/p>\n<ul>\n<li><strong>Modo Turbo:<\/strong> Divirta-se com a pot\u00eancia ajust\u00e1vel que o Jango oferece e ajuste a pot\u00eancia como desejar.<\/li>\n<li><strong>Motor potente:<\/strong> Desfrute de uma estimula\u00e7\u00e3o intensa gra\u00e7as ao motor de alto desempenho que o levar\u00e1 ao pr\u00f3ximo n\u00edvel. ao \u00eaxtase.<\/li>\n<li><strong>5 modos de vibra\u00e7\u00e3o:<\/strong> personalize sua experi\u00eancia com tr\u00eas modos de vibra\u00e7\u00e3o diferentes, desde pulsa\u00e7\u00f5es suaves at\u00e9 vibra\u00e7\u00f5es intensas.<\/li>\n<li><strong>3 Fun\u00e7\u00f5es de press\u00e3o:<\/strong> Explore uma versatilidade incompar\u00e1vel com m\u00faltiplas op\u00e7\u00f5es de press\u00e3o que lhe proporcionar\u00e3o profunda satisfa\u00e7\u00e3o.<\/li>\n<li><strong>Recarreg\u00e1vel:<\/strong> Esque\u00e7a as baterias. Jango \u00e9 recarreg\u00e1vel, garantindo horas de prazer ininterruptas.<\/li>\n<li><strong>Resistente \u00e0 \u00e1gua:<\/strong> Leve a divers\u00e3o para o banho ou chuveiro, pois o Jango \u00e9 \u00e0 prova d\u00e1gua e permite explorar suas fantasias em ambiente \u00famido.<\/li>\n<li><strong>Feito de silicone supermacio:<\/strong> o silicone de alta qualidade da Jango \u00e9 excepcionalmente macio ao toque, proporcionando conforto incompar\u00e1vel.<\/li>\n<li><strong>Limpeza F\u00e1cil:<\/strong> Mantenha o Jango em perfeitas condi\u00e7\u00f5es com seu design remov\u00edvel que facilita a limpeza ap\u00f3s cada uso.<\/li>\n<li><strong>Material seguro para o corpo:<\/strong> Feito com materiais seguros para o corpo, Jango garante que sua sa\u00fade seja uma prioridade.<\/li>\n<li><strong>Phalatos Free:<\/strong> Jango \u00e9 totalmente livre de phalatos, o que o torna seguro e saud\u00e1vel para sua satisfa\u00e7\u00e3o.<\/li>\n<li><strong>Design bicolor:<\/strong> Com um exterior elegante em preto e vermelho e um interior prateado, Jango \u00e9 um s\u00edmbolo de estilo e paix\u00e3o.<\/li>\n<\/ul>\n<p>\u00a0<\/p>\n<p><strong>MATERIAL E CUIDADOS<\/strong><\/p>\n<p>Jamyjob \u00e9 um brinquedo \u00e0 prova d\u00e1gua feito de silicone m\u00e9dico macio e sedoso, que \u00e9 extremamente escorregadio e absorve rapidamente o calor do corpo. O brinquedo pode ser facilmente limpo com um pouco de sab\u00e3o em \u00e1gua morna. Com um pouco de limpador desinfetante para brinquedos, voc\u00ea pode garantir uma higiene particularmente completa depois, de prefer\u00eancia com o spray desinfetante perfeitamente coordenado da Waterfeel. Para o m\u00e1ximo prazer, utilize sempre o seu brinquedo com um dos lubrificantes \u00e0 base de \u00e1gua da Waterfeel que combinam perfeitamente com o produto. Est\u00e3o dispon\u00edveis nas vers\u00f5es cl\u00e1ssica, sedosa e quente. A composi\u00e7\u00e3o vegana \u00e0 base de \u00e1gua protege o material e mant\u00e9m a superf\u00edcie do seu brinquedo bonita e lisa.<\/p>\n","protected":false},"excerpt":{"rendered":"<p>JAMYJOB &#8211; MASTURBADOR DE COMPRESSO E VIBRAO JANGO<\/p>\n","protected":false},"featured_media":97147,"template":"","meta":{"_acf_changed":false},"product_brand":[],"product_cat":[17,58,60],"product_tag":[],"class_list":{"0":"post-43682","1":"product","2":"type-product","3":"status-publish","4":"has-post-thumbnail","6":"product_cat-brinquedos-de-bem-estar-sexual","7":"product_cat-masturbadores-para-penis","8":"product_cat-para-eles","9":"yith_product_brand-jamyjob","11":"first","12":"instock","13":"taxable","14":"shipping-taxable","15":"purchasable","16":"product-type-simple"},"acf":[],"yoast_head":"<!-- This site is optimized with the Yoast SEO plugin v27.4 - https:\/\/yoast.com\/product\/yoast-seo-wordpress\/ -->\n<title>JAMYJOB - MASTURBADOR DE COMPRESSO E VIBRAO JANGO - Lovme<\/title>\n<meta name=\"robots\" content=\"index, follow, max-snippet:-1, max-image-preview:large, max-video-preview:-1\" \/>\n<link rel=\"canonical\" href=\"https:\/\/lovme.pt\/index.php\/produto\/jamyjob-masturbador-de-compresso-e-vibrao-jango\/\" \/>\n<meta property=\"og:locale\" content=\"pt_PT\" \/>\n<meta property=\"og:type\" content=\"article\" \/>\n<meta property=\"og:title\" content=\"JAMYJOB - MASTURBADOR DE COMPRESSO E VIBRAO JANGO - Lovme\" \/>\n<meta property=\"og:description\" content=\"JAMYJOB - MASTURBADOR DE COMPRESSO E VIBRAO JANGO\" \/>\n<meta property=\"og:url\" content=\"https:\/\/lovme.pt\/index.php\/produto\/jamyjob-masturbador-de-compresso-e-vibrao-jango\/\" \/>\n<meta property=\"og:site_name\" content=\"Lovme\" \/>\n<meta property=\"article:modified_time\" content=\"2026-02-19T20:19:10+00:00\" \/>\n<meta property=\"og:image\" content=\"https:\/\/erki24nd3ub.exactdn.com\/wp-content\/uploads\/dream\/img\/img_146518_6bebefa9c5856a2e698f69b1fca24d84_1.png?strip=all\" \/>\n\t<meta property=\"og:image:width\" content=\"800\" \/>\n\t<meta property=\"og:image:height\" content=\"800\" \/>\n\t<meta property=\"og:image:type\" content=\"image\/png\" \/>\n<meta name=\"twitter:card\" content=\"summary_large_image\" \/>\n<meta name=\"twitter:label1\" content=\"Tempo estimado de leitura\" \/>\n\t<meta name=\"twitter:data1\" content=\"2 minutos\" \/>\n<script type=\"application\/ld+json\" class=\"yoast-schema-graph\">{\"@context\":\"https:\\\/\\\/schema.org\",\"@graph\":[{\"@type\":\"WebPage\",\"@id\":\"https:\\\/\\\/lovme.pt\\\/index.php\\\/produto\\\/jamyjob-masturbador-de-compresso-e-vibrao-jango\\\/\",\"url\":\"https:\\\/\\\/lovme.pt\\\/index.php\\\/produto\\\/jamyjob-masturbador-de-compresso-e-vibrao-jango\\\/\",\"name\":\"JAMYJOB - MASTURBADOR DE COMPRESSO E VIBRAO JANGO - Lovme\",\"isPartOf\":{\"@id\":\"https:\\\/\\\/lovme.pt\\\/#website\"},\"primaryImageOfPage\":{\"@id\":\"https:\\\/\\\/lovme.pt\\\/index.php\\\/produto\\\/jamyjob-masturbador-de-compresso-e-vibrao-jango\\\/#primaryimage\"},\"image\":{\"@id\":\"https:\\\/\\\/lovme.pt\\\/index.php\\\/produto\\\/jamyjob-masturbador-de-compresso-e-vibrao-jango\\\/#primaryimage\"},\"thumbnailUrl\":\"https:\\\/\\\/erki24nd3ub.exactdn.com\\\/wp-content\\\/uploads\\\/dream\\\/img\\\/img_146518_6bebefa9c5856a2e698f69b1fca24d84_1.png?strip=all\",\"datePublished\":\"2025-10-01T02:28:53+00:00\",\"dateModified\":\"2026-02-19T20:19:10+00:00\",\"breadcrumb\":{\"@id\":\"https:\\\/\\\/lovme.pt\\\/index.php\\\/produto\\\/jamyjob-masturbador-de-compresso-e-vibrao-jango\\\/#breadcrumb\"},\"inLanguage\":\"pt-PT\",\"potentialAction\":[{\"@type\":\"ReadAction\",\"target\":[\"https:\\\/\\\/lovme.pt\\\/index.php\\\/produto\\\/jamyjob-masturbador-de-compresso-e-vibrao-jango\\\/\"]}]},{\"@type\":\"ImageObject\",\"inLanguage\":\"pt-PT\",\"@id\":\"https:\\\/\\\/lovme.pt\\\/index.php\\\/produto\\\/jamyjob-masturbador-de-compresso-e-vibrao-jango\\\/#primaryimage\",\"url\":\"https:\\\/\\\/erki24nd3ub.exactdn.com\\\/wp-content\\\/uploads\\\/dream\\\/img\\\/img_146518_6bebefa9c5856a2e698f69b1fca24d84_1.png?strip=all\",\"contentUrl\":\"https:\\\/\\\/erki24nd3ub.exactdn.com\\\/wp-content\\\/uploads\\\/dream\\\/img\\\/img_146518_6bebefa9c5856a2e698f69b1fca24d84_1.png?strip=all\",\"width\":800,\"height\":800},{\"@type\":\"BreadcrumbList\",\"@id\":\"https:\\\/\\\/lovme.pt\\\/index.php\\\/produto\\\/jamyjob-masturbador-de-compresso-e-vibrao-jango\\\/#breadcrumb\",\"itemListElement\":[{\"@type\":\"ListItem\",\"position\":1,\"name\":\"In\u00edcio\",\"item\":\"https:\\\/\\\/lovme.pt\\\/\"},{\"@type\":\"ListItem\",\"position\":2,\"name\":\"Loja\",\"item\":\"https:\\\/\\\/lovme.pt\\\/index.php\\\/loja\\\/\"},{\"@type\":\"ListItem\",\"position\":3,\"name\":\"JAMYJOB &#8211; MASTURBADOR DE COMPRESSO E VIBRAO JANGO\"}]},{\"@type\":\"WebSite\",\"@id\":\"https:\\\/\\\/lovme.pt\\\/#website\",\"url\":\"https:\\\/\\\/lovme.pt\\\/\",\"name\":\"Lovme Loja Er\u00f3tica N\u00ba1 em Portugal\",\"description\":\"A melhor loja er\u00f3tica de Portugal.\",\"alternateName\":\"Loja Er\u00f3tica Lovme\",\"potentialAction\":[{\"@type\":\"SearchAction\",\"target\":{\"@type\":\"EntryPoint\",\"urlTemplate\":\"https:\\\/\\\/lovme.pt\\\/?s={search_term_string}\"},\"query-input\":{\"@type\":\"PropertyValueSpecification\",\"valueRequired\":true,\"valueName\":\"search_term_string\"}}],\"inLanguage\":\"pt-PT\"}]}<\/script>\n<!-- \/ Yoast SEO plugin. -->","yoast_head_json":{"title":"JAMYJOB - MASTURBADOR DE COMPRESSO E VIBRAO JANGO - Lovme","robots":{"index":"index","follow":"follow","max-snippet":"max-snippet:-1","max-image-preview":"max-image-preview:large","max-video-preview":"max-video-preview:-1"},"canonical":"https:\/\/lovme.pt\/index.php\/produto\/jamyjob-masturbador-de-compresso-e-vibrao-jango\/","og_locale":"pt_PT","og_type":"article","og_title":"JAMYJOB - MASTURBADOR DE COMPRESSO E VIBRAO JANGO - Lovme","og_description":"JAMYJOB - MASTURBADOR DE COMPRESSO E VIBRAO JANGO","og_url":"https:\/\/lovme.pt\/index.php\/produto\/jamyjob-masturbador-de-compresso-e-vibrao-jango\/","og_site_name":"Lovme","article_modified_time":"2026-02-19T20:19:10+00:00","og_image":[{"width":800,"height":800,"url":"https:\/\/erki24nd3ub.exactdn.com\/wp-content\/uploads\/dream\/img\/img_146518_6bebefa9c5856a2e698f69b1fca24d84_1.png?strip=all","type":"image\/png"}],"twitter_card":"summary_large_image","twitter_misc":{"Tempo estimado de leitura":"2 minutos"},"schema":{"@context":"https:\/\/schema.org","@graph":[{"@type":"WebPage","@id":"https:\/\/lovme.pt\/index.php\/produto\/jamyjob-masturbador-de-compresso-e-vibrao-jango\/","url":"https:\/\/lovme.pt\/index.php\/produto\/jamyjob-masturbador-de-compresso-e-vibrao-jango\/","name":"JAMYJOB - MASTURBADOR DE COMPRESSO E VIBRAO JANGO - Lovme","isPartOf":{"@id":"https:\/\/lovme.pt\/#website"},"primaryImageOfPage":{"@id":"https:\/\/lovme.pt\/index.php\/produto\/jamyjob-masturbador-de-compresso-e-vibrao-jango\/#primaryimage"},"image":{"@id":"https:\/\/lovme.pt\/index.php\/produto\/jamyjob-masturbador-de-compresso-e-vibrao-jango\/#primaryimage"},"thumbnailUrl":"https:\/\/erki24nd3ub.exactdn.com\/wp-content\/uploads\/dream\/img\/img_146518_6bebefa9c5856a2e698f69b1fca24d84_1.png?strip=all","datePublished":"2025-10-01T02:28:53+00:00","dateModified":"2026-02-19T20:19:10+00:00","breadcrumb":{"@id":"https:\/\/lovme.pt\/index.php\/produto\/jamyjob-masturbador-de-compresso-e-vibrao-jango\/#breadcrumb"},"inLanguage":"pt-PT","potentialAction":[{"@type":"ReadAction","target":["https:\/\/lovme.pt\/index.php\/produto\/jamyjob-masturbador-de-compresso-e-vibrao-jango\/"]}]},{"@type":"ImageObject","inLanguage":"pt-PT","@id":"https:\/\/lovme.pt\/index.php\/produto\/jamyjob-masturbador-de-compresso-e-vibrao-jango\/#primaryimage","url":"https:\/\/erki24nd3ub.exactdn.com\/wp-content\/uploads\/dream\/img\/img_146518_6bebefa9c5856a2e698f69b1fca24d84_1.png?strip=all","contentUrl":"https:\/\/erki24nd3ub.exactdn.com\/wp-content\/uploads\/dream\/img\/img_146518_6bebefa9c5856a2e698f69b1fca24d84_1.png?strip=all","width":800,"height":800},{"@type":"BreadcrumbList","@id":"https:\/\/lovme.pt\/index.php\/produto\/jamyjob-masturbador-de-compresso-e-vibrao-jango\/#breadcrumb","itemListElement":[{"@type":"ListItem","position":1,"name":"In\u00edcio","item":"https:\/\/lovme.pt\/"},{"@type":"ListItem","position":2,"name":"Loja","item":"https:\/\/lovme.pt\/index.php\/loja\/"},{"@type":"ListItem","position":3,"name":"JAMYJOB &#8211; MASTURBADOR DE COMPRESSO E VIBRAO JANGO"}]},{"@type":"WebSite","@id":"https:\/\/lovme.pt\/#website","url":"https:\/\/lovme.pt\/","name":"Lovme Loja Er\u00f3tica N\u00ba1 em Portugal","description":"A melhor loja er\u00f3tica de Portugal.","alternateName":"Loja Er\u00f3tica Lovme","potentialAction":[{"@type":"SearchAction","target":{"@type":"EntryPoint","urlTemplate":"https:\/\/lovme.pt\/?s={search_term_string}"},"query-input":{"@type":"PropertyValueSpecification","valueRequired":true,"valueName":"search_term_string"}}],"inLanguage":"pt-PT"}]}},"_links":{"self":[{"href":"https:\/\/lovme.pt\/index.php\/wp-json\/wp\/v2\/product\/43682","targetHints":{"allow":["GET"]}}],"collection":[{"href":"https:\/\/lovme.pt\/index.php\/wp-json\/wp\/v2\/product"}],"about":[{"href":"https:\/\/lovme.pt\/index.php\/wp-json\/wp\/v2\/types\/product"}],"wp:featuredmedia":[{"embeddable":true,"href":"https:\/\/lovme.pt\/index.php\/wp-json\/wp\/v2\/media\/97147"}],"wp:attachment":[{"href":"https:\/\/lovme.pt\/index.php\/wp-json\/wp\/v2\/media?parent=43682"}],"wp:term":[{"taxonomy":"product_brand","embeddable":true,"href":"https:\/\/lovme.pt\/index.php\/wp-json\/wp\/v2\/product_brand?post=43682"},{"taxonomy":"product_cat","embeddable":true,"href":"https:\/\/lovme.pt\/index.php\/wp-json\/wp\/v2\/product_cat?post=43682"},{"taxonomy":"product_tag","embeddable":true,"href":"https:\/\/lovme.pt\/index.php\/wp-json\/wp\/v2\/product_tag?post=43682"}],"curies":[{"name":"wp","href":"https:\/\/api.w.org\/{rel}","templated":true}]}}