{"id":43679,"date":"2025-10-01T00:04:44","date_gmt":"2025-10-01T00:04:44","guid":{"rendered":"https:\/\/lovme.pt\/?post_type=product&p=43679"},"modified":"2026-02-19T20:14:16","modified_gmt":"2026-02-19T20:14:16","slug":"electrastim-plug-anal-de-silicone-preto-rocker-grande","status":"publish","type":"product","link":"https:\/\/lovme.pt\/index.php\/produto\/electrastim-plug-anal-de-silicone-preto-rocker-grande\/","title":{"rendered":"ELECTRASTIM &#8211; PLUG ANAL DE SILICONE PRETO ROCKER GRANDE"},"content":{"rendered":"<p>Projetado para f\u00e3s de brincadeiras com as m\u00e3os livres, a base curva exclusiva dos Silicone Noir Rockers apresenta entradas incorporadas de 2 mm que permitem que voc\u00ea se sente, balance e esfregue contra o plug anal e-stim durante o uso.<\/p>\n<p> Feito de silicone preto 100% curado com platina, o formato c\u00f4nico auxilia na inser\u00e7\u00e3o e a textura sutil e estriada aumenta a sensa\u00e7\u00e3o durante o uso. Contatos bipolares perfeitos no eixo transmitem a sensa\u00e7\u00e3o de um estimulador ElectraStim (vendido separadamente), fazendo suas zonas de prazer anal formigarem e os m\u00fasculos pulsarem prazerosamente no ritmo do padr\u00e3o de estimula\u00e7\u00e3o.<\/p>\n<p> Dispon\u00edveis em tamanhos pequeno, m\u00e9dio e grande, os Rocker Butt Plugs s\u00e3o perfeitos para usu\u00e1rios intermedi\u00e1rios que desejam uma experi\u00eancia mais espessa, completa e din\u00e2mica durante seu jogo eletro anal.<\/p>\n<p> Os plugues el\u00e9tricos ElectraStim Silicone Noir Rocker t\u00eam uma base exclusiva que permite que os cabos entrem a 90 graus, permitindo brincar enquanto est\u00e1 sentado e balan\u00e7ando. O eixo com textura ranhurada aumenta a excita\u00e7\u00e3o \u00e0 medida que voc\u00ea aumenta a pot\u00eancia do seu estimulador.<br \/> Tipo de eletrodo:<\/p>\n<p> Bipolar para estimula\u00e7\u00e3o interna &#8211; aceita 2 conectores de pino de 2 mm. 1 eletrodo de silicone Noir Rocker Medium est\u00e1 inclu\u00eddo em cada pacote. Voc\u00ea precisar\u00e1 conectar o Rocker a um estimulador ElectraStim para sentir as sensa\u00e7\u00f5es descritas. Para n\u00edveis de pot\u00eancia baixos a m\u00e9dios, nossos estimuladores ElectraStim Flick s\u00e3o adequados para Rocker Medium. Se voc\u00ea exige altos n\u00edveis de pot\u00eancia, recomendamos nosso ElectraStim SensaVox.<\/p>\n<p> Dimens\u00f5es:<\/p>\n<ul>\n<li> 5 polegadas de comprimento inser\u00edvel x 6,2 polegadas de circunfer\u00eancia no ponto mais largo (2 polegadas de di\u00e2metro)<\/li>\n<li> 130 mm de comprimento inser\u00edvel x 160 mm de circunfer\u00eancia no ponto mais largo (50 mm de di\u00e2metro)<\/li>\n<\/ul>\n<p> Materiais:<\/p>\n<p> Feitos de silicone de grau m\u00e9dico 100% curado com platina, os designs s\u00e3o isentos de ftalatos e seguros para o corpo.<\/p>\n","protected":false},"excerpt":{"rendered":"<p>ELECTRASTIM &#8211; PLUG ANAL DE SILICONE PRETO ROCKER GRANDE<\/p>\n","protected":false},"featured_media":84286,"template":"","meta":{"_acf_changed":false},"product_brand":[],"product_cat":[48,17,62,75,63],"product_tag":[],"class_list":{"0":"post-43679","1":"product","2":"type-product","3":"status-publish","4":"has-post-thumbnail","6":"product_cat-bdsm","7":"product_cat-brinquedos-de-bem-estar-sexual","8":"product_cat-plugues-e-correntes-anais","9":"product_cat-saude-pelvica","10":"product_cat-sexo-anal","11":"yith_product_brand-electrastim","13":"first","14":"instock","15":"taxable","16":"shipping-taxable","17":"purchasable","18":"product-type-simple"},"acf":[],"yoast_head":"<!-- This site is optimized with the Yoast SEO plugin v27.4 - https:\/\/yoast.com\/product\/yoast-seo-wordpress\/ -->\n<title>ELECTRASTIM - PLUG ANAL DE SILICONE PRETO ROCKER GRANDE - Lovme<\/title>\n<meta name=\"robots\" content=\"index, follow, max-snippet:-1, max-image-preview:large, max-video-preview:-1\" \/>\n<link rel=\"canonical\" href=\"https:\/\/lovme.pt\/index.php\/produto\/electrastim-plug-anal-de-silicone-preto-rocker-grande\/\" \/>\n<meta property=\"og:locale\" content=\"pt_PT\" \/>\n<meta property=\"og:type\" content=\"article\" \/>\n<meta property=\"og:title\" content=\"ELECTRASTIM - PLUG ANAL DE SILICONE PRETO ROCKER GRANDE - Lovme\" \/>\n<meta property=\"og:description\" content=\"ELECTRASTIM - PLUG ANAL DE SILICONE PRETO ROCKER GRANDE\" \/>\n<meta property=\"og:url\" content=\"https:\/\/lovme.pt\/index.php\/produto\/electrastim-plug-anal-de-silicone-preto-rocker-grande\/\" \/>\n<meta property=\"og:site_name\" content=\"Lovme\" \/>\n<meta property=\"article:modified_time\" content=\"2026-02-19T20:14:16+00:00\" \/>\n<meta property=\"og:image\" content=\"https:\/\/erki24nd3ub.exactdn.com\/wp-content\/uploads\/dream\/img\/img_146487_80a753ff868aa49b91247899245de3c0_1.jpg?strip=all\" \/>\n\t<meta property=\"og:image:width\" content=\"800\" \/>\n\t<meta property=\"og:image:height\" content=\"800\" \/>\n\t<meta property=\"og:image:type\" content=\"image\/jpeg\" \/>\n<meta name=\"twitter:card\" content=\"summary_large_image\" \/>\n<meta name=\"twitter:label1\" content=\"Tempo estimado de leitura\" \/>\n\t<meta name=\"twitter:data1\" content=\"2 minutos\" \/>\n<script type=\"application\/ld+json\" class=\"yoast-schema-graph\">{\"@context\":\"https:\\\/\\\/schema.org\",\"@graph\":[{\"@type\":\"WebPage\",\"@id\":\"https:\\\/\\\/lovme.pt\\\/index.php\\\/produto\\\/electrastim-plug-anal-de-silicone-preto-rocker-grande\\\/\",\"url\":\"https:\\\/\\\/lovme.pt\\\/index.php\\\/produto\\\/electrastim-plug-anal-de-silicone-preto-rocker-grande\\\/\",\"name\":\"ELECTRASTIM - PLUG ANAL DE SILICONE PRETO ROCKER GRANDE - Lovme\",\"isPartOf\":{\"@id\":\"https:\\\/\\\/lovme.pt\\\/#website\"},\"primaryImageOfPage\":{\"@id\":\"https:\\\/\\\/lovme.pt\\\/index.php\\\/produto\\\/electrastim-plug-anal-de-silicone-preto-rocker-grande\\\/#primaryimage\"},\"image\":{\"@id\":\"https:\\\/\\\/lovme.pt\\\/index.php\\\/produto\\\/electrastim-plug-anal-de-silicone-preto-rocker-grande\\\/#primaryimage\"},\"thumbnailUrl\":\"https:\\\/\\\/erki24nd3ub.exactdn.com\\\/wp-content\\\/uploads\\\/dream\\\/img\\\/img_146487_80a753ff868aa49b91247899245de3c0_1.jpg?strip=all\",\"datePublished\":\"2025-10-01T00:04:44+00:00\",\"dateModified\":\"2026-02-19T20:14:16+00:00\",\"breadcrumb\":{\"@id\":\"https:\\\/\\\/lovme.pt\\\/index.php\\\/produto\\\/electrastim-plug-anal-de-silicone-preto-rocker-grande\\\/#breadcrumb\"},\"inLanguage\":\"pt-PT\",\"potentialAction\":[{\"@type\":\"ReadAction\",\"target\":[\"https:\\\/\\\/lovme.pt\\\/index.php\\\/produto\\\/electrastim-plug-anal-de-silicone-preto-rocker-grande\\\/\"]}]},{\"@type\":\"ImageObject\",\"inLanguage\":\"pt-PT\",\"@id\":\"https:\\\/\\\/lovme.pt\\\/index.php\\\/produto\\\/electrastim-plug-anal-de-silicone-preto-rocker-grande\\\/#primaryimage\",\"url\":\"https:\\\/\\\/erki24nd3ub.exactdn.com\\\/wp-content\\\/uploads\\\/dream\\\/img\\\/img_146487_80a753ff868aa49b91247899245de3c0_1.jpg?strip=all\",\"contentUrl\":\"https:\\\/\\\/erki24nd3ub.exactdn.com\\\/wp-content\\\/uploads\\\/dream\\\/img\\\/img_146487_80a753ff868aa49b91247899245de3c0_1.jpg?strip=all\",\"width\":800,\"height\":800},{\"@type\":\"BreadcrumbList\",\"@id\":\"https:\\\/\\\/lovme.pt\\\/index.php\\\/produto\\\/electrastim-plug-anal-de-silicone-preto-rocker-grande\\\/#breadcrumb\",\"itemListElement\":[{\"@type\":\"ListItem\",\"position\":1,\"name\":\"In\u00edcio\",\"item\":\"https:\\\/\\\/lovme.pt\\\/\"},{\"@type\":\"ListItem\",\"position\":2,\"name\":\"Loja\",\"item\":\"https:\\\/\\\/lovme.pt\\\/index.php\\\/loja\\\/\"},{\"@type\":\"ListItem\",\"position\":3,\"name\":\"ELECTRASTIM &#8211; PLUG ANAL DE SILICONE PRETO ROCKER GRANDE\"}]},{\"@type\":\"WebSite\",\"@id\":\"https:\\\/\\\/lovme.pt\\\/#website\",\"url\":\"https:\\\/\\\/lovme.pt\\\/\",\"name\":\"Lovme Loja Er\u00f3tica N\u00ba1 em Portugal\",\"description\":\"A melhor loja er\u00f3tica de Portugal.\",\"alternateName\":\"Loja Er\u00f3tica Lovme\",\"potentialAction\":[{\"@type\":\"SearchAction\",\"target\":{\"@type\":\"EntryPoint\",\"urlTemplate\":\"https:\\\/\\\/lovme.pt\\\/?s={search_term_string}\"},\"query-input\":{\"@type\":\"PropertyValueSpecification\",\"valueRequired\":true,\"valueName\":\"search_term_string\"}}],\"inLanguage\":\"pt-PT\"}]}<\/script>\n<!-- \/ Yoast SEO plugin. -->","yoast_head_json":{"title":"ELECTRASTIM - PLUG ANAL DE SILICONE PRETO ROCKER GRANDE - Lovme","robots":{"index":"index","follow":"follow","max-snippet":"max-snippet:-1","max-image-preview":"max-image-preview:large","max-video-preview":"max-video-preview:-1"},"canonical":"https:\/\/lovme.pt\/index.php\/produto\/electrastim-plug-anal-de-silicone-preto-rocker-grande\/","og_locale":"pt_PT","og_type":"article","og_title":"ELECTRASTIM - PLUG ANAL DE SILICONE PRETO ROCKER GRANDE - Lovme","og_description":"ELECTRASTIM - PLUG ANAL DE SILICONE PRETO ROCKER GRANDE","og_url":"https:\/\/lovme.pt\/index.php\/produto\/electrastim-plug-anal-de-silicone-preto-rocker-grande\/","og_site_name":"Lovme","article_modified_time":"2026-02-19T20:14:16+00:00","og_image":[{"width":800,"height":800,"url":"https:\/\/erki24nd3ub.exactdn.com\/wp-content\/uploads\/dream\/img\/img_146487_80a753ff868aa49b91247899245de3c0_1.jpg?strip=all","type":"image\/jpeg"}],"twitter_card":"summary_large_image","twitter_misc":{"Tempo estimado de leitura":"2 minutos"},"schema":{"@context":"https:\/\/schema.org","@graph":[{"@type":"WebPage","@id":"https:\/\/lovme.pt\/index.php\/produto\/electrastim-plug-anal-de-silicone-preto-rocker-grande\/","url":"https:\/\/lovme.pt\/index.php\/produto\/electrastim-plug-anal-de-silicone-preto-rocker-grande\/","name":"ELECTRASTIM - PLUG ANAL DE SILICONE PRETO ROCKER GRANDE - Lovme","isPartOf":{"@id":"https:\/\/lovme.pt\/#website"},"primaryImageOfPage":{"@id":"https:\/\/lovme.pt\/index.php\/produto\/electrastim-plug-anal-de-silicone-preto-rocker-grande\/#primaryimage"},"image":{"@id":"https:\/\/lovme.pt\/index.php\/produto\/electrastim-plug-anal-de-silicone-preto-rocker-grande\/#primaryimage"},"thumbnailUrl":"https:\/\/erki24nd3ub.exactdn.com\/wp-content\/uploads\/dream\/img\/img_146487_80a753ff868aa49b91247899245de3c0_1.jpg?strip=all","datePublished":"2025-10-01T00:04:44+00:00","dateModified":"2026-02-19T20:14:16+00:00","breadcrumb":{"@id":"https:\/\/lovme.pt\/index.php\/produto\/electrastim-plug-anal-de-silicone-preto-rocker-grande\/#breadcrumb"},"inLanguage":"pt-PT","potentialAction":[{"@type":"ReadAction","target":["https:\/\/lovme.pt\/index.php\/produto\/electrastim-plug-anal-de-silicone-preto-rocker-grande\/"]}]},{"@type":"ImageObject","inLanguage":"pt-PT","@id":"https:\/\/lovme.pt\/index.php\/produto\/electrastim-plug-anal-de-silicone-preto-rocker-grande\/#primaryimage","url":"https:\/\/erki24nd3ub.exactdn.com\/wp-content\/uploads\/dream\/img\/img_146487_80a753ff868aa49b91247899245de3c0_1.jpg?strip=all","contentUrl":"https:\/\/erki24nd3ub.exactdn.com\/wp-content\/uploads\/dream\/img\/img_146487_80a753ff868aa49b91247899245de3c0_1.jpg?strip=all","width":800,"height":800},{"@type":"BreadcrumbList","@id":"https:\/\/lovme.pt\/index.php\/produto\/electrastim-plug-anal-de-silicone-preto-rocker-grande\/#breadcrumb","itemListElement":[{"@type":"ListItem","position":1,"name":"In\u00edcio","item":"https:\/\/lovme.pt\/"},{"@type":"ListItem","position":2,"name":"Loja","item":"https:\/\/lovme.pt\/index.php\/loja\/"},{"@type":"ListItem","position":3,"name":"ELECTRASTIM &#8211; PLUG ANAL DE SILICONE PRETO ROCKER GRANDE"}]},{"@type":"WebSite","@id":"https:\/\/lovme.pt\/#website","url":"https:\/\/lovme.pt\/","name":"Lovme Loja Er\u00f3tica N\u00ba1 em Portugal","description":"A melhor loja er\u00f3tica de Portugal.","alternateName":"Loja Er\u00f3tica Lovme","potentialAction":[{"@type":"SearchAction","target":{"@type":"EntryPoint","urlTemplate":"https:\/\/lovme.pt\/?s={search_term_string}"},"query-input":{"@type":"PropertyValueSpecification","valueRequired":true,"valueName":"search_term_string"}}],"inLanguage":"pt-PT"}]}},"_links":{"self":[{"href":"https:\/\/lovme.pt\/index.php\/wp-json\/wp\/v2\/product\/43679","targetHints":{"allow":["GET"]}}],"collection":[{"href":"https:\/\/lovme.pt\/index.php\/wp-json\/wp\/v2\/product"}],"about":[{"href":"https:\/\/lovme.pt\/index.php\/wp-json\/wp\/v2\/types\/product"}],"wp:featuredmedia":[{"embeddable":true,"href":"https:\/\/lovme.pt\/index.php\/wp-json\/wp\/v2\/media\/84286"}],"wp:attachment":[{"href":"https:\/\/lovme.pt\/index.php\/wp-json\/wp\/v2\/media?parent=43679"}],"wp:term":[{"taxonomy":"product_brand","embeddable":true,"href":"https:\/\/lovme.pt\/index.php\/wp-json\/wp\/v2\/product_brand?post=43679"},{"taxonomy":"product_cat","embeddable":true,"href":"https:\/\/lovme.pt\/index.php\/wp-json\/wp\/v2\/product_cat?post=43679"},{"taxonomy":"product_tag","embeddable":true,"href":"https:\/\/lovme.pt\/index.php\/wp-json\/wp\/v2\/product_tag?post=43679"}],"curies":[{"name":"wp","href":"https:\/\/api.w.org\/{rel}","templated":true}]}}