{"id":43592,"date":"2025-10-01T02:35:55","date_gmt":"2025-10-01T02:35:55","guid":{"rendered":"https:\/\/lovme.pt\/?post_type=product&#038;p=43592"},"modified":"2026-02-19T20:23:29","modified_gmt":"2026-02-19T20:23:29","slug":"satisfyer-curve-trinity-1-air-pulse-vibration-vermelho","status":"publish","type":"product","link":"https:\/\/lovme.pt\/index.php\/produto\/satisfyer-curve-trinity-1-air-pulse-vibration-vermelho\/","title":{"rendered":"SATISFYER &#8211; CURVE TRINITY 1 AIR PULSE VIBRATION GRIS"},"content":{"rendered":"<p>Voc\u00ea est\u00e1 indeciso?<\/p>\n<p>O Curvy Trinity 1 funciona como um estimulador de pulso de ar, vibrador lay-on e vibrador de ponto G, tudo em um!<\/p>\n<p>Utilize cada separa\u00e7\u00e3o de fun\u00e7\u00e3o de forma conveniente. Com haste arredondada, este produto \u00e9 tanto para iniciantes quanto para conhecedores. Navegue facilmente por tr\u00eas fun\u00e7\u00f5es diferentes do produto com a facilidade de precisar apenas de um produto. Controle os 3 motores atrav\u00e9s do painel de controle intuitivo, com 11 intensidades de ondas de press\u00e3o e 12 programas de vibra\u00e7\u00e3o que podem ser controlados de forma independente.<\/p>\n<p>O Curvy Trinity 1 \u00e9 feito de silicone seguro para o corpo, \u00e9 recarreg\u00e1vel e \u00e0 prova d\u00e1gua (IPX7). Arranje algo que possa fazer tudo!<\/p>\n<p>\u00a0<\/p>\n<ul>\n<li>Resistente \u00e0 \u00e1gua (IPX7).<\/li>\n<li>Fabricado em silicone m\u00e9dico.<\/li>\n<li>Os programas podem ser controlados separadamente.<\/li>\n<li>Material silicone, pl\u00e1stico ABS<\/li>\n<li>Cor preto, branco<\/li>\n<li>Bateria 1x bateria recarreg\u00e1vel<\/li>\n<\/ul>\n","protected":false},"excerpt":{"rendered":"<p>SATISFYER &#8211; CURVE TRINITY 1 AIR PULSE VIBRATION VERMELHO<\/p>\n","protected":false},"featured_media":97948,"template":"","meta":{"_acf_changed":false},"product_brand":[],"product_cat":[17,61,64,76],"product_tag":[],"class_list":{"0":"post-43592","1":"product","2":"type-product","3":"status-publish","4":"has-post-thumbnail","6":"product_cat-brinquedos-de-bem-estar-sexual","7":"product_cat-para-elas","8":"product_cat-sugadores","9":"product_cat-vibradores","10":"yith_product_brand-satisfyer","11":"yith_product_brand-satisfyer-satisfyer-air-pulse","13":"first","14":"instock","15":"taxable","16":"shipping-taxable","17":"purchasable","18":"product-type-variable","19":"has-default-attributes"},"acf":[],"yoast_head":"<!-- This site is optimized with the Yoast SEO plugin v27.4 - https:\/\/yoast.com\/product\/yoast-seo-wordpress\/ -->\n<title>SATISFYER - CURVE TRINITY 1 AIR PULSE VIBRATION GRIS - Lovme<\/title>\n<meta name=\"robots\" content=\"index, follow, max-snippet:-1, max-image-preview:large, max-video-preview:-1\" \/>\n<link rel=\"canonical\" href=\"https:\/\/lovme.pt\/index.php\/produto\/satisfyer-curve-trinity-1-air-pulse-vibration-vermelho\/\" \/>\n<meta property=\"og:locale\" content=\"pt_PT\" \/>\n<meta property=\"og:type\" content=\"article\" \/>\n<meta property=\"og:title\" content=\"SATISFYER - CURVE TRINITY 1 AIR PULSE VIBRATION GRIS - Lovme\" \/>\n<meta property=\"og:description\" content=\"SATISFYER - CURVE TRINITY 1 AIR PULSE VIBRATION VERMELHO\" \/>\n<meta property=\"og:url\" content=\"https:\/\/lovme.pt\/index.php\/produto\/satisfyer-curve-trinity-1-air-pulse-vibration-vermelho\/\" \/>\n<meta property=\"og:site_name\" content=\"Lovme\" \/>\n<meta property=\"article:modified_time\" content=\"2026-02-19T20:23:29+00:00\" \/>\n<meta property=\"og:image\" content=\"https:\/\/erki24nd3ub.exactdn.com\/wp-content\/uploads\/dream\/img\/img_146213_93cdb95b7de3562aa3abcd9b6c1d41b1_1.jpg?strip=all\" \/>\n\t<meta property=\"og:image:width\" content=\"800\" \/>\n\t<meta property=\"og:image:height\" content=\"800\" \/>\n\t<meta property=\"og:image:type\" content=\"image\/jpeg\" \/>\n<meta name=\"twitter:card\" content=\"summary_large_image\" \/>\n<meta name=\"twitter:label1\" content=\"Tempo estimado de leitura\" \/>\n\t<meta name=\"twitter:data1\" content=\"1 minuto\" \/>\n<script type=\"application\/ld+json\" class=\"yoast-schema-graph\">{\"@context\":\"https:\\\/\\\/schema.org\",\"@graph\":[{\"@type\":\"WebPage\",\"@id\":\"https:\\\/\\\/lovme.pt\\\/index.php\\\/produto\\\/satisfyer-curve-trinity-1-air-pulse-vibration-vermelho\\\/\",\"url\":\"https:\\\/\\\/lovme.pt\\\/index.php\\\/produto\\\/satisfyer-curve-trinity-1-air-pulse-vibration-vermelho\\\/\",\"name\":\"SATISFYER - CURVE TRINITY 1 AIR PULSE VIBRATION GRIS - Lovme\",\"isPartOf\":{\"@id\":\"https:\\\/\\\/lovme.pt\\\/#website\"},\"primaryImageOfPage\":{\"@id\":\"https:\\\/\\\/lovme.pt\\\/index.php\\\/produto\\\/satisfyer-curve-trinity-1-air-pulse-vibration-vermelho\\\/#primaryimage\"},\"image\":{\"@id\":\"https:\\\/\\\/lovme.pt\\\/index.php\\\/produto\\\/satisfyer-curve-trinity-1-air-pulse-vibration-vermelho\\\/#primaryimage\"},\"thumbnailUrl\":\"https:\\\/\\\/erki24nd3ub.exactdn.com\\\/wp-content\\\/uploads\\\/dream\\\/img\\\/img_146213_93cdb95b7de3562aa3abcd9b6c1d41b1_1.jpg?strip=all\",\"datePublished\":\"2025-10-01T02:35:55+00:00\",\"dateModified\":\"2026-02-19T20:23:29+00:00\",\"breadcrumb\":{\"@id\":\"https:\\\/\\\/lovme.pt\\\/index.php\\\/produto\\\/satisfyer-curve-trinity-1-air-pulse-vibration-vermelho\\\/#breadcrumb\"},\"inLanguage\":\"pt-PT\",\"potentialAction\":[{\"@type\":\"ReadAction\",\"target\":[\"https:\\\/\\\/lovme.pt\\\/index.php\\\/produto\\\/satisfyer-curve-trinity-1-air-pulse-vibration-vermelho\\\/\"]}]},{\"@type\":\"ImageObject\",\"inLanguage\":\"pt-PT\",\"@id\":\"https:\\\/\\\/lovme.pt\\\/index.php\\\/produto\\\/satisfyer-curve-trinity-1-air-pulse-vibration-vermelho\\\/#primaryimage\",\"url\":\"https:\\\/\\\/erki24nd3ub.exactdn.com\\\/wp-content\\\/uploads\\\/dream\\\/img\\\/img_146213_93cdb95b7de3562aa3abcd9b6c1d41b1_1.jpg?strip=all\",\"contentUrl\":\"https:\\\/\\\/erki24nd3ub.exactdn.com\\\/wp-content\\\/uploads\\\/dream\\\/img\\\/img_146213_93cdb95b7de3562aa3abcd9b6c1d41b1_1.jpg?strip=all\",\"width\":800,\"height\":800},{\"@type\":\"BreadcrumbList\",\"@id\":\"https:\\\/\\\/lovme.pt\\\/index.php\\\/produto\\\/satisfyer-curve-trinity-1-air-pulse-vibration-vermelho\\\/#breadcrumb\",\"itemListElement\":[{\"@type\":\"ListItem\",\"position\":1,\"name\":\"In\u00edcio\",\"item\":\"https:\\\/\\\/lovme.pt\\\/\"},{\"@type\":\"ListItem\",\"position\":2,\"name\":\"Loja\",\"item\":\"https:\\\/\\\/lovme.pt\\\/index.php\\\/loja\\\/\"},{\"@type\":\"ListItem\",\"position\":3,\"name\":\"SATISFYER &#8211; CURVE TRINITY 1 AIR PULSE VIBRATION GRIS\"}]},{\"@type\":\"WebSite\",\"@id\":\"https:\\\/\\\/lovme.pt\\\/#website\",\"url\":\"https:\\\/\\\/lovme.pt\\\/\",\"name\":\"Lovme Loja Er\u00f3tica N\u00ba1 em Portugal\",\"description\":\"A melhor loja er\u00f3tica de Portugal.\",\"alternateName\":\"Loja Er\u00f3tica Lovme\",\"potentialAction\":[{\"@type\":\"SearchAction\",\"target\":{\"@type\":\"EntryPoint\",\"urlTemplate\":\"https:\\\/\\\/lovme.pt\\\/?s={search_term_string}\"},\"query-input\":{\"@type\":\"PropertyValueSpecification\",\"valueRequired\":true,\"valueName\":\"search_term_string\"}}],\"inLanguage\":\"pt-PT\"}]}<\/script>\n<!-- \/ Yoast SEO plugin. -->","yoast_head_json":{"title":"SATISFYER - CURVE TRINITY 1 AIR PULSE VIBRATION GRIS - Lovme","robots":{"index":"index","follow":"follow","max-snippet":"max-snippet:-1","max-image-preview":"max-image-preview:large","max-video-preview":"max-video-preview:-1"},"canonical":"https:\/\/lovme.pt\/index.php\/produto\/satisfyer-curve-trinity-1-air-pulse-vibration-vermelho\/","og_locale":"pt_PT","og_type":"article","og_title":"SATISFYER - CURVE TRINITY 1 AIR PULSE VIBRATION GRIS - Lovme","og_description":"SATISFYER - CURVE TRINITY 1 AIR PULSE VIBRATION VERMELHO","og_url":"https:\/\/lovme.pt\/index.php\/produto\/satisfyer-curve-trinity-1-air-pulse-vibration-vermelho\/","og_site_name":"Lovme","article_modified_time":"2026-02-19T20:23:29+00:00","og_image":[{"width":800,"height":800,"url":"https:\/\/erki24nd3ub.exactdn.com\/wp-content\/uploads\/dream\/img\/img_146213_93cdb95b7de3562aa3abcd9b6c1d41b1_1.jpg?strip=all","type":"image\/jpeg"}],"twitter_card":"summary_large_image","twitter_misc":{"Tempo estimado de leitura":"1 minuto"},"schema":{"@context":"https:\/\/schema.org","@graph":[{"@type":"WebPage","@id":"https:\/\/lovme.pt\/index.php\/produto\/satisfyer-curve-trinity-1-air-pulse-vibration-vermelho\/","url":"https:\/\/lovme.pt\/index.php\/produto\/satisfyer-curve-trinity-1-air-pulse-vibration-vermelho\/","name":"SATISFYER - CURVE TRINITY 1 AIR PULSE VIBRATION GRIS - Lovme","isPartOf":{"@id":"https:\/\/lovme.pt\/#website"},"primaryImageOfPage":{"@id":"https:\/\/lovme.pt\/index.php\/produto\/satisfyer-curve-trinity-1-air-pulse-vibration-vermelho\/#primaryimage"},"image":{"@id":"https:\/\/lovme.pt\/index.php\/produto\/satisfyer-curve-trinity-1-air-pulse-vibration-vermelho\/#primaryimage"},"thumbnailUrl":"https:\/\/erki24nd3ub.exactdn.com\/wp-content\/uploads\/dream\/img\/img_146213_93cdb95b7de3562aa3abcd9b6c1d41b1_1.jpg?strip=all","datePublished":"2025-10-01T02:35:55+00:00","dateModified":"2026-02-19T20:23:29+00:00","breadcrumb":{"@id":"https:\/\/lovme.pt\/index.php\/produto\/satisfyer-curve-trinity-1-air-pulse-vibration-vermelho\/#breadcrumb"},"inLanguage":"pt-PT","potentialAction":[{"@type":"ReadAction","target":["https:\/\/lovme.pt\/index.php\/produto\/satisfyer-curve-trinity-1-air-pulse-vibration-vermelho\/"]}]},{"@type":"ImageObject","inLanguage":"pt-PT","@id":"https:\/\/lovme.pt\/index.php\/produto\/satisfyer-curve-trinity-1-air-pulse-vibration-vermelho\/#primaryimage","url":"https:\/\/erki24nd3ub.exactdn.com\/wp-content\/uploads\/dream\/img\/img_146213_93cdb95b7de3562aa3abcd9b6c1d41b1_1.jpg?strip=all","contentUrl":"https:\/\/erki24nd3ub.exactdn.com\/wp-content\/uploads\/dream\/img\/img_146213_93cdb95b7de3562aa3abcd9b6c1d41b1_1.jpg?strip=all","width":800,"height":800},{"@type":"BreadcrumbList","@id":"https:\/\/lovme.pt\/index.php\/produto\/satisfyer-curve-trinity-1-air-pulse-vibration-vermelho\/#breadcrumb","itemListElement":[{"@type":"ListItem","position":1,"name":"In\u00edcio","item":"https:\/\/lovme.pt\/"},{"@type":"ListItem","position":2,"name":"Loja","item":"https:\/\/lovme.pt\/index.php\/loja\/"},{"@type":"ListItem","position":3,"name":"SATISFYER &#8211; CURVE TRINITY 1 AIR PULSE VIBRATION GRIS"}]},{"@type":"WebSite","@id":"https:\/\/lovme.pt\/#website","url":"https:\/\/lovme.pt\/","name":"Lovme Loja Er\u00f3tica N\u00ba1 em Portugal","description":"A melhor loja er\u00f3tica de Portugal.","alternateName":"Loja Er\u00f3tica Lovme","potentialAction":[{"@type":"SearchAction","target":{"@type":"EntryPoint","urlTemplate":"https:\/\/lovme.pt\/?s={search_term_string}"},"query-input":{"@type":"PropertyValueSpecification","valueRequired":true,"valueName":"search_term_string"}}],"inLanguage":"pt-PT"}]}},"_links":{"self":[{"href":"https:\/\/lovme.pt\/index.php\/wp-json\/wp\/v2\/product\/43592","targetHints":{"allow":["GET"]}}],"collection":[{"href":"https:\/\/lovme.pt\/index.php\/wp-json\/wp\/v2\/product"}],"about":[{"href":"https:\/\/lovme.pt\/index.php\/wp-json\/wp\/v2\/types\/product"}],"wp:featuredmedia":[{"embeddable":true,"href":"https:\/\/lovme.pt\/index.php\/wp-json\/wp\/v2\/media\/97948"}],"wp:attachment":[{"href":"https:\/\/lovme.pt\/index.php\/wp-json\/wp\/v2\/media?parent=43592"}],"wp:term":[{"taxonomy":"product_brand","embeddable":true,"href":"https:\/\/lovme.pt\/index.php\/wp-json\/wp\/v2\/product_brand?post=43592"},{"taxonomy":"product_cat","embeddable":true,"href":"https:\/\/lovme.pt\/index.php\/wp-json\/wp\/v2\/product_cat?post=43592"},{"taxonomy":"product_tag","embeddable":true,"href":"https:\/\/lovme.pt\/index.php\/wp-json\/wp\/v2\/product_tag?post=43592"}],"curies":[{"name":"wp","href":"https:\/\/api.w.org\/{rel}","templated":true}]}}