{"id":43591,"date":"2025-10-01T02:36:56","date_gmt":"2025-10-01T02:36:56","guid":{"rendered":"https:\/\/lovme.pt\/?post_type=product&p=43591"},"modified":"2026-02-19T20:19:34","modified_gmt":"2026-02-19T20:19:34","slug":"eye-of-love-eol-phr-parfum-10-ml-set-3-morning-glow-one-love-after-dark","status":"publish","type":"product","link":"https:\/\/lovme.pt\/index.php\/produto\/eye-of-love-eol-phr-parfum-10-ml-set-3-morning-glow-one-love-after-dark\/","title":{"rendered":"EYE OF LOVE &#8211; EOL PHR PARFUM 10 ML SET\/3 &#8211; MORNING GLOW, ONE LOVE, AFTER DARK"},"content":{"rendered":"<p>Eye Of Love: Combinando ferom\u00f4nios poderosos com fragr\u00e2ncias cativantes, a miss\u00e3o de Eye of Love \u00e9 dar a voc\u00ea uma vantagem \u00fanica em todos os seus encontros. Esteja voc\u00ea trabalhando, se divertindo ou sendo \u00edntimo, todos n\u00f3s podemos usar uma vantagem adicional.<\/p>\n<p>Eye Of Love: Combinando ferom\u00f4nios poderosos com fragr\u00e2ncias cativantes, a miss\u00e3o de Eye of Love \u00e9 dar a voc\u00ea uma vantagem \u00fanica em todos os seus encontros. Esteja voc\u00ea trabalhando, se divertindo ou sendo \u00edntimo, todos n\u00f3s podemos usar uma vantagem adicional. Os ferom\u00f4nios Eye of Love s\u00e3o de alta pot\u00eancia com ferom\u00f4nio e fragr\u00e2ncia para durar o dia todo. O que se pode esperar do uso de ferom\u00f4nios?<\/p>\n<ol>\n<li>As pessoas que trabalham em \u00e1reas como atendimento ao cliente, im\u00f3veis e cosmetologia podem notar gorjetas mais altas, intera\u00e7\u00f5es de melhor qualidade e vendas mais altas.<\/li>\n<li>Os casais podem se reconectar de uma maneira totalmente nova. Voc\u00ea pode sentir que est\u00e1 de volta \u00e0 fase de &#8220;lua de mel&#8221;, ouvindo mais, falando mais e se sentindo mais pr\u00f3ximo novamente.<\/li>\n<li>Momentos sensuais como desfrutar de massagens, abra\u00e7os e beijos apaixonados podem se intensificar.<\/li>\n<li>As primeiras impress\u00f5es ou encontros casuais podem ter um tom positivo, por exemplo: intera\u00e7\u00f5es relaxadas, uma sensa\u00e7\u00e3o geral de conforto e uma tend\u00eancia a se sentir mais engajado ou conectado.<\/li>\n<\/ol>\n<p>Qual \u00e9 a diferen\u00e7a entre Eau de Toilette ou Eau de Parfum? Boa pergunta! A diferen\u00e7a est\u00e1 no volume de \u00f3leo de perfume em uma f\u00f3rmula. Eau de Toilette cont\u00e9m entre 5-9%, enquanto Eau de Parfum cont\u00e9m mais, geralmente cerca de 8-14%. Eau de Parfums, portanto, duram mais e t\u00eam um cheiro mais intenso.<\/p>\n<div>\n<p>\u00a0<\/p>\n<\/div>\n","protected":false},"excerpt":{"rendered":"<p>EMBALAGEM DISPON\u00cdVEL EM: \/en\/<\/p>\n","protected":false},"featured_media":98047,"template":"","meta":{"_acf_changed":false},"product_brand":[],"product_cat":[49],"product_tag":[],"class_list":{"0":"post-43591","1":"product","2":"type-product","3":"status-publish","4":"has-post-thumbnail","6":"product_cat-cosmeticos","7":"yith_product_brand-eye-of-love","9":"first","10":"instock","11":"taxable","12":"shipping-taxable","13":"purchasable","14":"product-type-simple"},"acf":[],"yoast_head":"<!-- This site is optimized with the Yoast SEO plugin v27.4 - https:\/\/yoast.com\/product\/yoast-seo-wordpress\/ -->\n<title>EYE OF LOVE - EOL PHR PARFUM 10 ML SET\/3 - MORNING GLOW, ONE LOVE, AFTER DARK - Lovme<\/title>\n<meta name=\"robots\" content=\"index, follow, max-snippet:-1, max-image-preview:large, max-video-preview:-1\" \/>\n<link rel=\"canonical\" href=\"https:\/\/lovme.pt\/index.php\/produto\/eye-of-love-eol-phr-parfum-10-ml-set-3-morning-glow-one-love-after-dark\/\" \/>\n<meta property=\"og:locale\" content=\"pt_PT\" \/>\n<meta property=\"og:type\" content=\"article\" \/>\n<meta property=\"og:title\" content=\"EYE OF LOVE - EOL PHR PARFUM 10 ML SET\/3 - MORNING GLOW, ONE LOVE, AFTER DARK - Lovme\" \/>\n<meta property=\"og:description\" content=\"EMBALAGEM DISPON\u00cdVEL EM: \/en\/\" \/>\n<meta property=\"og:url\" content=\"https:\/\/lovme.pt\/index.php\/produto\/eye-of-love-eol-phr-parfum-10-ml-set-3-morning-glow-one-love-after-dark\/\" \/>\n<meta property=\"og:site_name\" content=\"Lovme\" \/>\n<meta property=\"article:modified_time\" content=\"2026-02-19T20:19:34+00:00\" \/>\n<meta property=\"og:image\" content=\"https:\/\/erki24nd3ub.exactdn.com\/wp-content\/uploads\/dream\/img\/img_146284_6480f24a82f25595fb9d2d0ad9ff221e_1.jpg?strip=all\" \/>\n\t<meta property=\"og:image:width\" content=\"800\" \/>\n\t<meta property=\"og:image:height\" content=\"800\" \/>\n\t<meta property=\"og:image:type\" content=\"image\/jpeg\" \/>\n<meta name=\"twitter:card\" content=\"summary_large_image\" \/>\n<meta name=\"twitter:label1\" content=\"Tempo estimado de leitura\" \/>\n\t<meta name=\"twitter:data1\" content=\"1 minuto\" \/>\n<script type=\"application\/ld+json\" class=\"yoast-schema-graph\">{\"@context\":\"https:\\\/\\\/schema.org\",\"@graph\":[{\"@type\":\"WebPage\",\"@id\":\"https:\\\/\\\/lovme.pt\\\/index.php\\\/produto\\\/eye-of-love-eol-phr-parfum-10-ml-set-3-morning-glow-one-love-after-dark\\\/\",\"url\":\"https:\\\/\\\/lovme.pt\\\/index.php\\\/produto\\\/eye-of-love-eol-phr-parfum-10-ml-set-3-morning-glow-one-love-after-dark\\\/\",\"name\":\"EYE OF LOVE - EOL PHR PARFUM 10 ML SET\\\/3 - MORNING GLOW, ONE LOVE, AFTER DARK - Lovme\",\"isPartOf\":{\"@id\":\"https:\\\/\\\/lovme.pt\\\/#website\"},\"primaryImageOfPage\":{\"@id\":\"https:\\\/\\\/lovme.pt\\\/index.php\\\/produto\\\/eye-of-love-eol-phr-parfum-10-ml-set-3-morning-glow-one-love-after-dark\\\/#primaryimage\"},\"image\":{\"@id\":\"https:\\\/\\\/lovme.pt\\\/index.php\\\/produto\\\/eye-of-love-eol-phr-parfum-10-ml-set-3-morning-glow-one-love-after-dark\\\/#primaryimage\"},\"thumbnailUrl\":\"https:\\\/\\\/erki24nd3ub.exactdn.com\\\/wp-content\\\/uploads\\\/dream\\\/img\\\/img_146284_6480f24a82f25595fb9d2d0ad9ff221e_1.jpg?strip=all\",\"datePublished\":\"2025-10-01T02:36:56+00:00\",\"dateModified\":\"2026-02-19T20:19:34+00:00\",\"breadcrumb\":{\"@id\":\"https:\\\/\\\/lovme.pt\\\/index.php\\\/produto\\\/eye-of-love-eol-phr-parfum-10-ml-set-3-morning-glow-one-love-after-dark\\\/#breadcrumb\"},\"inLanguage\":\"pt-PT\",\"potentialAction\":[{\"@type\":\"ReadAction\",\"target\":[\"https:\\\/\\\/lovme.pt\\\/index.php\\\/produto\\\/eye-of-love-eol-phr-parfum-10-ml-set-3-morning-glow-one-love-after-dark\\\/\"]}]},{\"@type\":\"ImageObject\",\"inLanguage\":\"pt-PT\",\"@id\":\"https:\\\/\\\/lovme.pt\\\/index.php\\\/produto\\\/eye-of-love-eol-phr-parfum-10-ml-set-3-morning-glow-one-love-after-dark\\\/#primaryimage\",\"url\":\"https:\\\/\\\/erki24nd3ub.exactdn.com\\\/wp-content\\\/uploads\\\/dream\\\/img\\\/img_146284_6480f24a82f25595fb9d2d0ad9ff221e_1.jpg?strip=all\",\"contentUrl\":\"https:\\\/\\\/erki24nd3ub.exactdn.com\\\/wp-content\\\/uploads\\\/dream\\\/img\\\/img_146284_6480f24a82f25595fb9d2d0ad9ff221e_1.jpg?strip=all\",\"width\":800,\"height\":800},{\"@type\":\"BreadcrumbList\",\"@id\":\"https:\\\/\\\/lovme.pt\\\/index.php\\\/produto\\\/eye-of-love-eol-phr-parfum-10-ml-set-3-morning-glow-one-love-after-dark\\\/#breadcrumb\",\"itemListElement\":[{\"@type\":\"ListItem\",\"position\":1,\"name\":\"In\u00edcio\",\"item\":\"https:\\\/\\\/lovme.pt\\\/\"},{\"@type\":\"ListItem\",\"position\":2,\"name\":\"Loja\",\"item\":\"https:\\\/\\\/lovme.pt\\\/index.php\\\/loja\\\/\"},{\"@type\":\"ListItem\",\"position\":3,\"name\":\"EYE OF LOVE &#8211; EOL PHR PARFUM 10 ML SET\\\/3 &#8211; MORNING GLOW, ONE LOVE, AFTER DARK\"}]},{\"@type\":\"WebSite\",\"@id\":\"https:\\\/\\\/lovme.pt\\\/#website\",\"url\":\"https:\\\/\\\/lovme.pt\\\/\",\"name\":\"Lovme Loja Er\u00f3tica N\u00ba1 em Portugal\",\"description\":\"A melhor loja er\u00f3tica de Portugal.\",\"alternateName\":\"Loja Er\u00f3tica Lovme\",\"potentialAction\":[{\"@type\":\"SearchAction\",\"target\":{\"@type\":\"EntryPoint\",\"urlTemplate\":\"https:\\\/\\\/lovme.pt\\\/?s={search_term_string}\"},\"query-input\":{\"@type\":\"PropertyValueSpecification\",\"valueRequired\":true,\"valueName\":\"search_term_string\"}}],\"inLanguage\":\"pt-PT\"}]}<\/script>\n<!-- \/ Yoast SEO plugin. -->","yoast_head_json":{"title":"EYE OF LOVE - EOL PHR PARFUM 10 ML SET\/3 - MORNING GLOW, ONE LOVE, AFTER DARK - Lovme","robots":{"index":"index","follow":"follow","max-snippet":"max-snippet:-1","max-image-preview":"max-image-preview:large","max-video-preview":"max-video-preview:-1"},"canonical":"https:\/\/lovme.pt\/index.php\/produto\/eye-of-love-eol-phr-parfum-10-ml-set-3-morning-glow-one-love-after-dark\/","og_locale":"pt_PT","og_type":"article","og_title":"EYE OF LOVE - EOL PHR PARFUM 10 ML SET\/3 - MORNING GLOW, ONE LOVE, AFTER DARK - Lovme","og_description":"EMBALAGEM DISPON\u00cdVEL EM: \/en\/","og_url":"https:\/\/lovme.pt\/index.php\/produto\/eye-of-love-eol-phr-parfum-10-ml-set-3-morning-glow-one-love-after-dark\/","og_site_name":"Lovme","article_modified_time":"2026-02-19T20:19:34+00:00","og_image":[{"width":800,"height":800,"url":"https:\/\/erki24nd3ub.exactdn.com\/wp-content\/uploads\/dream\/img\/img_146284_6480f24a82f25595fb9d2d0ad9ff221e_1.jpg?strip=all","type":"image\/jpeg"}],"twitter_card":"summary_large_image","twitter_misc":{"Tempo estimado de leitura":"1 minuto"},"schema":{"@context":"https:\/\/schema.org","@graph":[{"@type":"WebPage","@id":"https:\/\/lovme.pt\/index.php\/produto\/eye-of-love-eol-phr-parfum-10-ml-set-3-morning-glow-one-love-after-dark\/","url":"https:\/\/lovme.pt\/index.php\/produto\/eye-of-love-eol-phr-parfum-10-ml-set-3-morning-glow-one-love-after-dark\/","name":"EYE OF LOVE - EOL PHR PARFUM 10 ML SET\/3 - MORNING GLOW, ONE LOVE, AFTER DARK - Lovme","isPartOf":{"@id":"https:\/\/lovme.pt\/#website"},"primaryImageOfPage":{"@id":"https:\/\/lovme.pt\/index.php\/produto\/eye-of-love-eol-phr-parfum-10-ml-set-3-morning-glow-one-love-after-dark\/#primaryimage"},"image":{"@id":"https:\/\/lovme.pt\/index.php\/produto\/eye-of-love-eol-phr-parfum-10-ml-set-3-morning-glow-one-love-after-dark\/#primaryimage"},"thumbnailUrl":"https:\/\/erki24nd3ub.exactdn.com\/wp-content\/uploads\/dream\/img\/img_146284_6480f24a82f25595fb9d2d0ad9ff221e_1.jpg?strip=all","datePublished":"2025-10-01T02:36:56+00:00","dateModified":"2026-02-19T20:19:34+00:00","breadcrumb":{"@id":"https:\/\/lovme.pt\/index.php\/produto\/eye-of-love-eol-phr-parfum-10-ml-set-3-morning-glow-one-love-after-dark\/#breadcrumb"},"inLanguage":"pt-PT","potentialAction":[{"@type":"ReadAction","target":["https:\/\/lovme.pt\/index.php\/produto\/eye-of-love-eol-phr-parfum-10-ml-set-3-morning-glow-one-love-after-dark\/"]}]},{"@type":"ImageObject","inLanguage":"pt-PT","@id":"https:\/\/lovme.pt\/index.php\/produto\/eye-of-love-eol-phr-parfum-10-ml-set-3-morning-glow-one-love-after-dark\/#primaryimage","url":"https:\/\/erki24nd3ub.exactdn.com\/wp-content\/uploads\/dream\/img\/img_146284_6480f24a82f25595fb9d2d0ad9ff221e_1.jpg?strip=all","contentUrl":"https:\/\/erki24nd3ub.exactdn.com\/wp-content\/uploads\/dream\/img\/img_146284_6480f24a82f25595fb9d2d0ad9ff221e_1.jpg?strip=all","width":800,"height":800},{"@type":"BreadcrumbList","@id":"https:\/\/lovme.pt\/index.php\/produto\/eye-of-love-eol-phr-parfum-10-ml-set-3-morning-glow-one-love-after-dark\/#breadcrumb","itemListElement":[{"@type":"ListItem","position":1,"name":"In\u00edcio","item":"https:\/\/lovme.pt\/"},{"@type":"ListItem","position":2,"name":"Loja","item":"https:\/\/lovme.pt\/index.php\/loja\/"},{"@type":"ListItem","position":3,"name":"EYE OF LOVE &#8211; EOL PHR PARFUM 10 ML SET\/3 &#8211; MORNING GLOW, ONE LOVE, AFTER DARK"}]},{"@type":"WebSite","@id":"https:\/\/lovme.pt\/#website","url":"https:\/\/lovme.pt\/","name":"Lovme Loja Er\u00f3tica N\u00ba1 em Portugal","description":"A melhor loja er\u00f3tica de Portugal.","alternateName":"Loja Er\u00f3tica Lovme","potentialAction":[{"@type":"SearchAction","target":{"@type":"EntryPoint","urlTemplate":"https:\/\/lovme.pt\/?s={search_term_string}"},"query-input":{"@type":"PropertyValueSpecification","valueRequired":true,"valueName":"search_term_string"}}],"inLanguage":"pt-PT"}]}},"_links":{"self":[{"href":"https:\/\/lovme.pt\/index.php\/wp-json\/wp\/v2\/product\/43591","targetHints":{"allow":["GET"]}}],"collection":[{"href":"https:\/\/lovme.pt\/index.php\/wp-json\/wp\/v2\/product"}],"about":[{"href":"https:\/\/lovme.pt\/index.php\/wp-json\/wp\/v2\/types\/product"}],"wp:featuredmedia":[{"embeddable":true,"href":"https:\/\/lovme.pt\/index.php\/wp-json\/wp\/v2\/media\/98047"}],"wp:attachment":[{"href":"https:\/\/lovme.pt\/index.php\/wp-json\/wp\/v2\/media?parent=43591"}],"wp:term":[{"taxonomy":"product_brand","embeddable":true,"href":"https:\/\/lovme.pt\/index.php\/wp-json\/wp\/v2\/product_brand?post=43591"},{"taxonomy":"product_cat","embeddable":true,"href":"https:\/\/lovme.pt\/index.php\/wp-json\/wp\/v2\/product_cat?post=43591"},{"taxonomy":"product_tag","embeddable":true,"href":"https:\/\/lovme.pt\/index.php\/wp-json\/wp\/v2\/product_tag?post=43591"}],"curies":[{"name":"wp","href":"https:\/\/api.w.org\/{rel}","templated":true}]}}