{"id":43589,"date":"2025-10-01T02:39:42","date_gmt":"2025-10-01T02:39:42","guid":{"rendered":"https:\/\/lovme.pt\/?post_type=product&p=43589"},"modified":"2026-02-19T20:20:28","modified_gmt":"2026-02-19T20:20:28","slug":"eye-of-love-eol-pheromone-parfum-10-ml-unscented-female","status":"publish","type":"product","link":"https:\/\/lovme.pt\/index.php\/produto\/eye-of-love-eol-pheromone-parfum-10-ml-unscented-female\/","title":{"rendered":"EYE OF LOVE &#8211; EOL PHEROMONE PARFUM 10 ML &#8211; UNSCENTED FEMALE"},"content":{"rendered":"<p>Spray de ferom\u00f4nio sem perfume, especialmente para mulheres. Cont\u00e9m o ferom\u00f4nio chamado EstratetraenolEstratetraenol: Assim como o ferom\u00f4nio Androstenol demonstrou elevar o humor das mulheres, o ferom\u00f4nio Estratetraenol demonstrou elevar o humor dos homens. Os homens tendem a ver o usu\u00e1rio desse ferom\u00f4nio de maneira mais favor\u00e1vel e o desejo de se comunicar aumenta.<\/p>\n<ul>\n<li>Pode ser uma ferramenta muito eficaz quando usada no mundo do namoro e em outras situa\u00e7\u00f5es sociais, e tamb\u00e9m \u00e9 conhecida por ajudar a promover a mensagem coital de conversa de travesseiro. Tamb\u00e9m pode criar uma aura de vitalidade e jogabilidade, o que tamb\u00e9m \u00e9 atraente. Nossas col\u00f4nias de ferom\u00f4nios duram aproximadamente 8-12 horas. Nosso frasco \u00e9 pequeno, ent\u00e3o voc\u00ea pode facilmente lev\u00e1-lo com voc\u00ea para retomar a aplica\u00e7\u00e3o posteriormente. Ele vem com um elegante aplicador de spray de bolso.<\/li>\n<\/ul>\n<p>O perfume sem fragr\u00e2ncia Eye of Love guarda um pequeno segredo: uma mistura cientificamente formulada de ferom\u00f4nios especificamente projetada para despertar e atrair os homens. Agora \u00e9 poss\u00edvel para qualquer mulher aproveitar o poder de sedu\u00e7\u00e3o primordial que vem dos ferom\u00f4nios em uma f\u00f3rmula duradoura e inodora.<\/p>\n<p>Basta aplicar duas a tr\u00eas gotas no pesco\u00e7o e nos pulsos e esfregar bem na pele. O suntuoso elixir se misturar\u00e1 com a qu\u00edmica do seu pr\u00f3prio corpo para criar um perfume indetect\u00e1vel que deixar\u00e1 os homens loucos. Combine-o com seu perfume favorito ou use-o na pele nua para capturar sua ess\u00eancia pura. Seja como for, prepare-se para causar uma impress\u00e3o duradoura onde quer que v\u00e1.<\/p>\n<div>\n<p>\u00a0<\/p>\n<\/div>\n","protected":false},"excerpt":{"rendered":"<p>EMBALAGEM DISPON\u00cdVEL EM: \/en\/<\/p>\n","protected":false},"featured_media":98295,"template":"","meta":{"_acf_changed":false},"product_brand":[],"product_cat":[49],"product_tag":[],"class_list":{"0":"post-43589","1":"product","2":"type-product","3":"status-publish","4":"has-post-thumbnail","6":"product_cat-cosmeticos","7":"yith_product_brand-eye-of-love","9":"first","10":"instock","11":"taxable","12":"shipping-taxable","13":"purchasable","14":"product-type-simple"},"acf":[],"yoast_head":"<!-- This site is optimized with the Yoast SEO plugin v27.4 - https:\/\/yoast.com\/product\/yoast-seo-wordpress\/ -->\n<title>EYE OF LOVE - EOL PHEROMONE PARFUM 10 ML - UNSCENTED FEMALE - Lovme<\/title>\n<meta name=\"robots\" content=\"index, follow, max-snippet:-1, max-image-preview:large, max-video-preview:-1\" \/>\n<link rel=\"canonical\" href=\"https:\/\/lovme.pt\/index.php\/produto\/eye-of-love-eol-pheromone-parfum-10-ml-unscented-female\/\" \/>\n<meta property=\"og:locale\" content=\"pt_PT\" \/>\n<meta property=\"og:type\" content=\"article\" \/>\n<meta property=\"og:title\" content=\"EYE OF LOVE - EOL PHEROMONE PARFUM 10 ML - UNSCENTED FEMALE - Lovme\" \/>\n<meta property=\"og:description\" content=\"EMBALAGEM DISPON\u00cdVEL EM: \/en\/\" \/>\n<meta property=\"og:url\" content=\"https:\/\/lovme.pt\/index.php\/produto\/eye-of-love-eol-pheromone-parfum-10-ml-unscented-female\/\" \/>\n<meta property=\"og:site_name\" content=\"Lovme\" \/>\n<meta property=\"article:modified_time\" content=\"2026-02-19T20:20:28+00:00\" \/>\n<meta property=\"og:image\" content=\"https:\/\/erki24nd3ub.exactdn.com\/wp-content\/uploads\/dream\/img\/img_146278_78f6f35d92205d7b0eb0f5de945ee16a_1.jpg?strip=all\" \/>\n\t<meta property=\"og:image:width\" content=\"800\" \/>\n\t<meta property=\"og:image:height\" content=\"800\" \/>\n\t<meta property=\"og:image:type\" content=\"image\/jpeg\" \/>\n<meta name=\"twitter:card\" content=\"summary_large_image\" \/>\n<meta name=\"twitter:label1\" content=\"Tempo estimado de leitura\" \/>\n\t<meta name=\"twitter:data1\" content=\"1 minuto\" \/>\n<script type=\"application\/ld+json\" class=\"yoast-schema-graph\">{\"@context\":\"https:\\\/\\\/schema.org\",\"@graph\":[{\"@type\":\"WebPage\",\"@id\":\"https:\\\/\\\/lovme.pt\\\/index.php\\\/produto\\\/eye-of-love-eol-pheromone-parfum-10-ml-unscented-female\\\/\",\"url\":\"https:\\\/\\\/lovme.pt\\\/index.php\\\/produto\\\/eye-of-love-eol-pheromone-parfum-10-ml-unscented-female\\\/\",\"name\":\"EYE OF LOVE - EOL PHEROMONE PARFUM 10 ML - UNSCENTED FEMALE - Lovme\",\"isPartOf\":{\"@id\":\"https:\\\/\\\/lovme.pt\\\/#website\"},\"primaryImageOfPage\":{\"@id\":\"https:\\\/\\\/lovme.pt\\\/index.php\\\/produto\\\/eye-of-love-eol-pheromone-parfum-10-ml-unscented-female\\\/#primaryimage\"},\"image\":{\"@id\":\"https:\\\/\\\/lovme.pt\\\/index.php\\\/produto\\\/eye-of-love-eol-pheromone-parfum-10-ml-unscented-female\\\/#primaryimage\"},\"thumbnailUrl\":\"https:\\\/\\\/erki24nd3ub.exactdn.com\\\/wp-content\\\/uploads\\\/dream\\\/img\\\/img_146278_78f6f35d92205d7b0eb0f5de945ee16a_1.jpg?strip=all\",\"datePublished\":\"2025-10-01T02:39:42+00:00\",\"dateModified\":\"2026-02-19T20:20:28+00:00\",\"breadcrumb\":{\"@id\":\"https:\\\/\\\/lovme.pt\\\/index.php\\\/produto\\\/eye-of-love-eol-pheromone-parfum-10-ml-unscented-female\\\/#breadcrumb\"},\"inLanguage\":\"pt-PT\",\"potentialAction\":[{\"@type\":\"ReadAction\",\"target\":[\"https:\\\/\\\/lovme.pt\\\/index.php\\\/produto\\\/eye-of-love-eol-pheromone-parfum-10-ml-unscented-female\\\/\"]}]},{\"@type\":\"ImageObject\",\"inLanguage\":\"pt-PT\",\"@id\":\"https:\\\/\\\/lovme.pt\\\/index.php\\\/produto\\\/eye-of-love-eol-pheromone-parfum-10-ml-unscented-female\\\/#primaryimage\",\"url\":\"https:\\\/\\\/erki24nd3ub.exactdn.com\\\/wp-content\\\/uploads\\\/dream\\\/img\\\/img_146278_78f6f35d92205d7b0eb0f5de945ee16a_1.jpg?strip=all\",\"contentUrl\":\"https:\\\/\\\/erki24nd3ub.exactdn.com\\\/wp-content\\\/uploads\\\/dream\\\/img\\\/img_146278_78f6f35d92205d7b0eb0f5de945ee16a_1.jpg?strip=all\",\"width\":800,\"height\":800},{\"@type\":\"BreadcrumbList\",\"@id\":\"https:\\\/\\\/lovme.pt\\\/index.php\\\/produto\\\/eye-of-love-eol-pheromone-parfum-10-ml-unscented-female\\\/#breadcrumb\",\"itemListElement\":[{\"@type\":\"ListItem\",\"position\":1,\"name\":\"In\u00edcio\",\"item\":\"https:\\\/\\\/lovme.pt\\\/\"},{\"@type\":\"ListItem\",\"position\":2,\"name\":\"Loja\",\"item\":\"https:\\\/\\\/lovme.pt\\\/index.php\\\/loja\\\/\"},{\"@type\":\"ListItem\",\"position\":3,\"name\":\"EYE OF LOVE &#8211; EOL PHEROMONE PARFUM 10 ML &#8211; UNSCENTED FEMALE\"}]},{\"@type\":\"WebSite\",\"@id\":\"https:\\\/\\\/lovme.pt\\\/#website\",\"url\":\"https:\\\/\\\/lovme.pt\\\/\",\"name\":\"Lovme Loja Er\u00f3tica N\u00ba1 em Portugal\",\"description\":\"A melhor loja er\u00f3tica de Portugal.\",\"alternateName\":\"Loja Er\u00f3tica Lovme\",\"potentialAction\":[{\"@type\":\"SearchAction\",\"target\":{\"@type\":\"EntryPoint\",\"urlTemplate\":\"https:\\\/\\\/lovme.pt\\\/?s={search_term_string}\"},\"query-input\":{\"@type\":\"PropertyValueSpecification\",\"valueRequired\":true,\"valueName\":\"search_term_string\"}}],\"inLanguage\":\"pt-PT\"}]}<\/script>\n<!-- \/ Yoast SEO plugin. -->","yoast_head_json":{"title":"EYE OF LOVE - EOL PHEROMONE PARFUM 10 ML - UNSCENTED FEMALE - Lovme","robots":{"index":"index","follow":"follow","max-snippet":"max-snippet:-1","max-image-preview":"max-image-preview:large","max-video-preview":"max-video-preview:-1"},"canonical":"https:\/\/lovme.pt\/index.php\/produto\/eye-of-love-eol-pheromone-parfum-10-ml-unscented-female\/","og_locale":"pt_PT","og_type":"article","og_title":"EYE OF LOVE - EOL PHEROMONE PARFUM 10 ML - UNSCENTED FEMALE - Lovme","og_description":"EMBALAGEM DISPON\u00cdVEL EM: \/en\/","og_url":"https:\/\/lovme.pt\/index.php\/produto\/eye-of-love-eol-pheromone-parfum-10-ml-unscented-female\/","og_site_name":"Lovme","article_modified_time":"2026-02-19T20:20:28+00:00","og_image":[{"width":800,"height":800,"url":"https:\/\/erki24nd3ub.exactdn.com\/wp-content\/uploads\/dream\/img\/img_146278_78f6f35d92205d7b0eb0f5de945ee16a_1.jpg?strip=all","type":"image\/jpeg"}],"twitter_card":"summary_large_image","twitter_misc":{"Tempo estimado de leitura":"1 minuto"},"schema":{"@context":"https:\/\/schema.org","@graph":[{"@type":"WebPage","@id":"https:\/\/lovme.pt\/index.php\/produto\/eye-of-love-eol-pheromone-parfum-10-ml-unscented-female\/","url":"https:\/\/lovme.pt\/index.php\/produto\/eye-of-love-eol-pheromone-parfum-10-ml-unscented-female\/","name":"EYE OF LOVE - EOL PHEROMONE PARFUM 10 ML - UNSCENTED FEMALE - Lovme","isPartOf":{"@id":"https:\/\/lovme.pt\/#website"},"primaryImageOfPage":{"@id":"https:\/\/lovme.pt\/index.php\/produto\/eye-of-love-eol-pheromone-parfum-10-ml-unscented-female\/#primaryimage"},"image":{"@id":"https:\/\/lovme.pt\/index.php\/produto\/eye-of-love-eol-pheromone-parfum-10-ml-unscented-female\/#primaryimage"},"thumbnailUrl":"https:\/\/erki24nd3ub.exactdn.com\/wp-content\/uploads\/dream\/img\/img_146278_78f6f35d92205d7b0eb0f5de945ee16a_1.jpg?strip=all","datePublished":"2025-10-01T02:39:42+00:00","dateModified":"2026-02-19T20:20:28+00:00","breadcrumb":{"@id":"https:\/\/lovme.pt\/index.php\/produto\/eye-of-love-eol-pheromone-parfum-10-ml-unscented-female\/#breadcrumb"},"inLanguage":"pt-PT","potentialAction":[{"@type":"ReadAction","target":["https:\/\/lovme.pt\/index.php\/produto\/eye-of-love-eol-pheromone-parfum-10-ml-unscented-female\/"]}]},{"@type":"ImageObject","inLanguage":"pt-PT","@id":"https:\/\/lovme.pt\/index.php\/produto\/eye-of-love-eol-pheromone-parfum-10-ml-unscented-female\/#primaryimage","url":"https:\/\/erki24nd3ub.exactdn.com\/wp-content\/uploads\/dream\/img\/img_146278_78f6f35d92205d7b0eb0f5de945ee16a_1.jpg?strip=all","contentUrl":"https:\/\/erki24nd3ub.exactdn.com\/wp-content\/uploads\/dream\/img\/img_146278_78f6f35d92205d7b0eb0f5de945ee16a_1.jpg?strip=all","width":800,"height":800},{"@type":"BreadcrumbList","@id":"https:\/\/lovme.pt\/index.php\/produto\/eye-of-love-eol-pheromone-parfum-10-ml-unscented-female\/#breadcrumb","itemListElement":[{"@type":"ListItem","position":1,"name":"In\u00edcio","item":"https:\/\/lovme.pt\/"},{"@type":"ListItem","position":2,"name":"Loja","item":"https:\/\/lovme.pt\/index.php\/loja\/"},{"@type":"ListItem","position":3,"name":"EYE OF LOVE &#8211; EOL PHEROMONE PARFUM 10 ML &#8211; UNSCENTED FEMALE"}]},{"@type":"WebSite","@id":"https:\/\/lovme.pt\/#website","url":"https:\/\/lovme.pt\/","name":"Lovme Loja Er\u00f3tica N\u00ba1 em Portugal","description":"A melhor loja er\u00f3tica de Portugal.","alternateName":"Loja Er\u00f3tica Lovme","potentialAction":[{"@type":"SearchAction","target":{"@type":"EntryPoint","urlTemplate":"https:\/\/lovme.pt\/?s={search_term_string}"},"query-input":{"@type":"PropertyValueSpecification","valueRequired":true,"valueName":"search_term_string"}}],"inLanguage":"pt-PT"}]}},"_links":{"self":[{"href":"https:\/\/lovme.pt\/index.php\/wp-json\/wp\/v2\/product\/43589","targetHints":{"allow":["GET"]}}],"collection":[{"href":"https:\/\/lovme.pt\/index.php\/wp-json\/wp\/v2\/product"}],"about":[{"href":"https:\/\/lovme.pt\/index.php\/wp-json\/wp\/v2\/types\/product"}],"wp:featuredmedia":[{"embeddable":true,"href":"https:\/\/lovme.pt\/index.php\/wp-json\/wp\/v2\/media\/98295"}],"wp:attachment":[{"href":"https:\/\/lovme.pt\/index.php\/wp-json\/wp\/v2\/media?parent=43589"}],"wp:term":[{"taxonomy":"product_brand","embeddable":true,"href":"https:\/\/lovme.pt\/index.php\/wp-json\/wp\/v2\/product_brand?post=43589"},{"taxonomy":"product_cat","embeddable":true,"href":"https:\/\/lovme.pt\/index.php\/wp-json\/wp\/v2\/product_cat?post=43589"},{"taxonomy":"product_tag","embeddable":true,"href":"https:\/\/lovme.pt\/index.php\/wp-json\/wp\/v2\/product_tag?post=43589"}],"curies":[{"name":"wp","href":"https:\/\/api.w.org\/{rel}","templated":true}]}}