{"id":43585,"date":"2025-09-30T09:40:22","date_gmt":"2025-09-30T09:40:22","guid":{"rendered":"https:\/\/lovme.pt\/?post_type=product&p=43585"},"modified":"2026-02-19T20:01:20","modified_gmt":"2026-02-19T20:01:20","slug":"eye-of-love-eol-pheromone-perfume-10-ml-morning-glow","status":"publish","type":"product","link":"https:\/\/lovme.pt\/index.php\/produto\/eye-of-love-eol-pheromone-perfume-10-ml-morning-glow\/","title":{"rendered":"EYE OF LOVE &#8211; EOL PHEROMONE PERFUME 10 ML &#8211; MORNING GLOW"},"content":{"rendered":"<p>O perfume MORNING GLOW foi criado para mulher, tem um aroma fresco mas floral e \u00e9 adequado para usar com calma durante o dia. \u00c9 ideal para ir \u00e0 universidade, trabalhar ou tomar um drink com os amigos em uma cafeteria. Este perfume facilitar\u00e1 seu trabalho e rela\u00e7\u00f5es sociais sendo muito mais carism\u00e1tico.<\/p>\n<p>Pode ser usado diariamente sem nenhum problema. Aplique o perfume nos pulsos, atr\u00e1s das orelhas e perto da clav\u00edcula. Se quiser aumentar a fun\u00e7\u00e3o natural dos ferom\u00f4nios, aplique um pouco abaixo do umbigo. Os perfumes de ferom\u00f4nio da linha masculina EOL s\u00e3o feitos pensando na mulher de hoje.<\/p>\n<ul>\n<li>Com uma embalagem de design s\u00f3brio e elegante, as fragr\u00e2ncias tamb\u00e9m se adequam a qualquer mulher e \u00e9 poss\u00edvel escolher uma dependendo da hora do dia em que pretende us\u00e1-la.<\/li>\n<\/ul>\n<p>Levante-se, brilhe e pegue seu Morning Glow para come\u00e7ar um novo dia!<br \/>Projetado para mulheres que procuram atrair homens, esta combina\u00e7\u00e3o florescente com infus\u00e3o de ferom\u00f4nios excitar\u00e1 os sentidos e mostrar\u00e1 ao mundo quem voc\u00ea realmente \u00e9. Aromas brilhantes de ylang-ylang, lim\u00e3o e ma\u00e7\u00e3 giram em uma fus\u00e3o gloriosa de eleg\u00e2ncia ousada e flores da primavera.<\/p>\n<p>Notas delicadas e femininas s\u00e3o perfeitas para completar o seu look. Voc\u00ea sair\u00e1 de casa preparado e pronto para enfrentar o dia!<\/p>\n<p>Apresentado em um elegante frasco de vidro com as iniciais Eye of Love, o perfume \u00e9 um acess\u00f3rio t\u00e3o importante quanto uma fragr\u00e2ncia.<br \/>Voc\u00ea merece come\u00e7ar cada dia sentindo o seu melhor. Os ferom\u00f4nios Morning Glow compartilhar\u00e3o seu comportamento despreocupado com seu parceiro. O que voc\u00ea est\u00e1 esperando? Teste-o!<\/p>\n<div>\n<p>\u00a0<\/p>\n<\/div>\n","protected":false},"excerpt":{"rendered":"<p>EMBALAGEM DISPON\u00cdVEL EM: \/en\/<\/p>\n","protected":false},"featured_media":55603,"template":"","meta":{"_acf_changed":false},"product_brand":[],"product_cat":[49],"product_tag":[],"class_list":{"0":"post-43585","1":"product","2":"type-product","3":"status-publish","4":"has-post-thumbnail","6":"product_cat-cosmeticos","7":"yith_product_brand-eye-of-love","9":"first","10":"instock","11":"taxable","12":"shipping-taxable","13":"purchasable","14":"product-type-simple"},"acf":[],"yoast_head":"<!-- This site is optimized with the Yoast SEO plugin v27.4 - https:\/\/yoast.com\/product\/yoast-seo-wordpress\/ -->\n<title>EYE OF LOVE - EOL PHEROMONE PERFUME 10 ML - MORNING GLOW - Lovme<\/title>\n<meta name=\"robots\" content=\"index, follow, max-snippet:-1, max-image-preview:large, max-video-preview:-1\" \/>\n<link rel=\"canonical\" href=\"https:\/\/lovme.pt\/index.php\/produto\/eye-of-love-eol-pheromone-perfume-10-ml-morning-glow\/\" \/>\n<meta property=\"og:locale\" content=\"pt_PT\" \/>\n<meta property=\"og:type\" content=\"article\" \/>\n<meta property=\"og:title\" content=\"EYE OF LOVE - EOL PHEROMONE PERFUME 10 ML - MORNING GLOW - Lovme\" \/>\n<meta property=\"og:description\" content=\"EMBALAGEM DISPON\u00cdVEL EM: \/en\/\" \/>\n<meta property=\"og:url\" content=\"https:\/\/lovme.pt\/index.php\/produto\/eye-of-love-eol-pheromone-perfume-10-ml-morning-glow\/\" \/>\n<meta property=\"og:site_name\" content=\"Lovme\" \/>\n<meta property=\"article:modified_time\" content=\"2026-02-19T20:01:20+00:00\" \/>\n<meta property=\"og:image\" content=\"https:\/\/erki24nd3ub.exactdn.com\/wp-content\/uploads\/dream\/img\/img_146263_4ce178fe7946814bc54298c98974aefc_1.jpg?strip=all\" \/>\n\t<meta property=\"og:image:width\" content=\"800\" \/>\n\t<meta property=\"og:image:height\" content=\"800\" \/>\n\t<meta property=\"og:image:type\" content=\"image\/jpeg\" \/>\n<meta name=\"twitter:card\" content=\"summary_large_image\" \/>\n<meta name=\"twitter:label1\" content=\"Tempo estimado de leitura\" \/>\n\t<meta name=\"twitter:data1\" content=\"1 minuto\" \/>\n<script type=\"application\/ld+json\" class=\"yoast-schema-graph\">{\"@context\":\"https:\\\/\\\/schema.org\",\"@graph\":[{\"@type\":\"WebPage\",\"@id\":\"https:\\\/\\\/lovme.pt\\\/index.php\\\/produto\\\/eye-of-love-eol-pheromone-perfume-10-ml-morning-glow\\\/\",\"url\":\"https:\\\/\\\/lovme.pt\\\/index.php\\\/produto\\\/eye-of-love-eol-pheromone-perfume-10-ml-morning-glow\\\/\",\"name\":\"EYE OF LOVE - EOL PHEROMONE PERFUME 10 ML - MORNING GLOW - Lovme\",\"isPartOf\":{\"@id\":\"https:\\\/\\\/lovme.pt\\\/#website\"},\"primaryImageOfPage\":{\"@id\":\"https:\\\/\\\/lovme.pt\\\/index.php\\\/produto\\\/eye-of-love-eol-pheromone-perfume-10-ml-morning-glow\\\/#primaryimage\"},\"image\":{\"@id\":\"https:\\\/\\\/lovme.pt\\\/index.php\\\/produto\\\/eye-of-love-eol-pheromone-perfume-10-ml-morning-glow\\\/#primaryimage\"},\"thumbnailUrl\":\"https:\\\/\\\/erki24nd3ub.exactdn.com\\\/wp-content\\\/uploads\\\/dream\\\/img\\\/img_146263_4ce178fe7946814bc54298c98974aefc_1.jpg?strip=all\",\"datePublished\":\"2025-09-30T09:40:22+00:00\",\"dateModified\":\"2026-02-19T20:01:20+00:00\",\"breadcrumb\":{\"@id\":\"https:\\\/\\\/lovme.pt\\\/index.php\\\/produto\\\/eye-of-love-eol-pheromone-perfume-10-ml-morning-glow\\\/#breadcrumb\"},\"inLanguage\":\"pt-PT\",\"potentialAction\":[{\"@type\":\"ReadAction\",\"target\":[\"https:\\\/\\\/lovme.pt\\\/index.php\\\/produto\\\/eye-of-love-eol-pheromone-perfume-10-ml-morning-glow\\\/\"]}]},{\"@type\":\"ImageObject\",\"inLanguage\":\"pt-PT\",\"@id\":\"https:\\\/\\\/lovme.pt\\\/index.php\\\/produto\\\/eye-of-love-eol-pheromone-perfume-10-ml-morning-glow\\\/#primaryimage\",\"url\":\"https:\\\/\\\/erki24nd3ub.exactdn.com\\\/wp-content\\\/uploads\\\/dream\\\/img\\\/img_146263_4ce178fe7946814bc54298c98974aefc_1.jpg?strip=all\",\"contentUrl\":\"https:\\\/\\\/erki24nd3ub.exactdn.com\\\/wp-content\\\/uploads\\\/dream\\\/img\\\/img_146263_4ce178fe7946814bc54298c98974aefc_1.jpg?strip=all\",\"width\":800,\"height\":800},{\"@type\":\"BreadcrumbList\",\"@id\":\"https:\\\/\\\/lovme.pt\\\/index.php\\\/produto\\\/eye-of-love-eol-pheromone-perfume-10-ml-morning-glow\\\/#breadcrumb\",\"itemListElement\":[{\"@type\":\"ListItem\",\"position\":1,\"name\":\"In\u00edcio\",\"item\":\"https:\\\/\\\/lovme.pt\\\/\"},{\"@type\":\"ListItem\",\"position\":2,\"name\":\"Loja\",\"item\":\"https:\\\/\\\/lovme.pt\\\/index.php\\\/loja\\\/\"},{\"@type\":\"ListItem\",\"position\":3,\"name\":\"EYE OF LOVE &#8211; EOL PHEROMONE PERFUME 10 ML &#8211; MORNING GLOW\"}]},{\"@type\":\"WebSite\",\"@id\":\"https:\\\/\\\/lovme.pt\\\/#website\",\"url\":\"https:\\\/\\\/lovme.pt\\\/\",\"name\":\"Lovme Loja Er\u00f3tica N\u00ba1 em Portugal\",\"description\":\"A melhor loja er\u00f3tica de Portugal.\",\"alternateName\":\"Loja Er\u00f3tica Lovme\",\"potentialAction\":[{\"@type\":\"SearchAction\",\"target\":{\"@type\":\"EntryPoint\",\"urlTemplate\":\"https:\\\/\\\/lovme.pt\\\/?s={search_term_string}\"},\"query-input\":{\"@type\":\"PropertyValueSpecification\",\"valueRequired\":true,\"valueName\":\"search_term_string\"}}],\"inLanguage\":\"pt-PT\"}]}<\/script>\n<!-- \/ Yoast SEO plugin. -->","yoast_head_json":{"title":"EYE OF LOVE - EOL PHEROMONE PERFUME 10 ML - MORNING GLOW - Lovme","robots":{"index":"index","follow":"follow","max-snippet":"max-snippet:-1","max-image-preview":"max-image-preview:large","max-video-preview":"max-video-preview:-1"},"canonical":"https:\/\/lovme.pt\/index.php\/produto\/eye-of-love-eol-pheromone-perfume-10-ml-morning-glow\/","og_locale":"pt_PT","og_type":"article","og_title":"EYE OF LOVE - EOL PHEROMONE PERFUME 10 ML - MORNING GLOW - Lovme","og_description":"EMBALAGEM DISPON\u00cdVEL EM: \/en\/","og_url":"https:\/\/lovme.pt\/index.php\/produto\/eye-of-love-eol-pheromone-perfume-10-ml-morning-glow\/","og_site_name":"Lovme","article_modified_time":"2026-02-19T20:01:20+00:00","og_image":[{"width":800,"height":800,"url":"https:\/\/erki24nd3ub.exactdn.com\/wp-content\/uploads\/dream\/img\/img_146263_4ce178fe7946814bc54298c98974aefc_1.jpg?strip=all","type":"image\/jpeg"}],"twitter_card":"summary_large_image","twitter_misc":{"Tempo estimado de leitura":"1 minuto"},"schema":{"@context":"https:\/\/schema.org","@graph":[{"@type":"WebPage","@id":"https:\/\/lovme.pt\/index.php\/produto\/eye-of-love-eol-pheromone-perfume-10-ml-morning-glow\/","url":"https:\/\/lovme.pt\/index.php\/produto\/eye-of-love-eol-pheromone-perfume-10-ml-morning-glow\/","name":"EYE OF LOVE - EOL PHEROMONE PERFUME 10 ML - MORNING GLOW - Lovme","isPartOf":{"@id":"https:\/\/lovme.pt\/#website"},"primaryImageOfPage":{"@id":"https:\/\/lovme.pt\/index.php\/produto\/eye-of-love-eol-pheromone-perfume-10-ml-morning-glow\/#primaryimage"},"image":{"@id":"https:\/\/lovme.pt\/index.php\/produto\/eye-of-love-eol-pheromone-perfume-10-ml-morning-glow\/#primaryimage"},"thumbnailUrl":"https:\/\/erki24nd3ub.exactdn.com\/wp-content\/uploads\/dream\/img\/img_146263_4ce178fe7946814bc54298c98974aefc_1.jpg?strip=all","datePublished":"2025-09-30T09:40:22+00:00","dateModified":"2026-02-19T20:01:20+00:00","breadcrumb":{"@id":"https:\/\/lovme.pt\/index.php\/produto\/eye-of-love-eol-pheromone-perfume-10-ml-morning-glow\/#breadcrumb"},"inLanguage":"pt-PT","potentialAction":[{"@type":"ReadAction","target":["https:\/\/lovme.pt\/index.php\/produto\/eye-of-love-eol-pheromone-perfume-10-ml-morning-glow\/"]}]},{"@type":"ImageObject","inLanguage":"pt-PT","@id":"https:\/\/lovme.pt\/index.php\/produto\/eye-of-love-eol-pheromone-perfume-10-ml-morning-glow\/#primaryimage","url":"https:\/\/erki24nd3ub.exactdn.com\/wp-content\/uploads\/dream\/img\/img_146263_4ce178fe7946814bc54298c98974aefc_1.jpg?strip=all","contentUrl":"https:\/\/erki24nd3ub.exactdn.com\/wp-content\/uploads\/dream\/img\/img_146263_4ce178fe7946814bc54298c98974aefc_1.jpg?strip=all","width":800,"height":800},{"@type":"BreadcrumbList","@id":"https:\/\/lovme.pt\/index.php\/produto\/eye-of-love-eol-pheromone-perfume-10-ml-morning-glow\/#breadcrumb","itemListElement":[{"@type":"ListItem","position":1,"name":"In\u00edcio","item":"https:\/\/lovme.pt\/"},{"@type":"ListItem","position":2,"name":"Loja","item":"https:\/\/lovme.pt\/index.php\/loja\/"},{"@type":"ListItem","position":3,"name":"EYE OF LOVE &#8211; EOL PHEROMONE PERFUME 10 ML &#8211; MORNING GLOW"}]},{"@type":"WebSite","@id":"https:\/\/lovme.pt\/#website","url":"https:\/\/lovme.pt\/","name":"Lovme Loja Er\u00f3tica N\u00ba1 em Portugal","description":"A melhor loja er\u00f3tica de Portugal.","alternateName":"Loja Er\u00f3tica Lovme","potentialAction":[{"@type":"SearchAction","target":{"@type":"EntryPoint","urlTemplate":"https:\/\/lovme.pt\/?s={search_term_string}"},"query-input":{"@type":"PropertyValueSpecification","valueRequired":true,"valueName":"search_term_string"}}],"inLanguage":"pt-PT"}]}},"_links":{"self":[{"href":"https:\/\/lovme.pt\/index.php\/wp-json\/wp\/v2\/product\/43585","targetHints":{"allow":["GET"]}}],"collection":[{"href":"https:\/\/lovme.pt\/index.php\/wp-json\/wp\/v2\/product"}],"about":[{"href":"https:\/\/lovme.pt\/index.php\/wp-json\/wp\/v2\/types\/product"}],"wp:featuredmedia":[{"embeddable":true,"href":"https:\/\/lovme.pt\/index.php\/wp-json\/wp\/v2\/media\/55603"}],"wp:attachment":[{"href":"https:\/\/lovme.pt\/index.php\/wp-json\/wp\/v2\/media?parent=43585"}],"wp:term":[{"taxonomy":"product_brand","embeddable":true,"href":"https:\/\/lovme.pt\/index.php\/wp-json\/wp\/v2\/product_brand?post=43585"},{"taxonomy":"product_cat","embeddable":true,"href":"https:\/\/lovme.pt\/index.php\/wp-json\/wp\/v2\/product_cat?post=43585"},{"taxonomy":"product_tag","embeddable":true,"href":"https:\/\/lovme.pt\/index.php\/wp-json\/wp\/v2\/product_tag?post=43585"}],"curies":[{"name":"wp","href":"https:\/\/api.w.org\/{rel}","templated":true}]}}