{"id":43583,"date":"2025-10-01T02:37:55","date_gmt":"2025-10-01T02:37:55","guid":{"rendered":"https:\/\/lovme.pt\/?post_type=product&p=43583"},"modified":"2026-02-19T20:19:37","modified_gmt":"2026-02-19T20:19:37","slug":"eye-of-love-eol-pheromone-parfum-10-ml-confidence","status":"publish","type":"product","link":"https:\/\/lovme.pt\/index.php\/produto\/eye-of-love-eol-pheromone-parfum-10-ml-confidence\/","title":{"rendered":"EYE OF LOVE &#8211; EOL PHEROMONE PARFUM 10 ML &#8211; CONFIDENCE"},"content":{"rendered":"<p>O perfume CONFIDENCE para homem \u00e9 ideal para usar ao longo do dia. Tem um leve aroma almiscarado com leves notas de baunilha. Pode usar o perfume desta gama naqueles momentos em que se deseja uma melhor aceita\u00e7\u00e3o ou comunica\u00e7\u00e3o. Seja no trabalho, na universidade ou simplesmente enquanto toma um caf\u00e9 com os amigos. Seja mais popular, tenha mais confian\u00e7a e obtenha mais sucesso no trabalho. Aplique o perfume nos pulsos, atr\u00e1s das orelhas e perto da clav\u00edcula.<\/p>\n<p>Se quiser aumentar a fun\u00e7\u00e3o natural dos ferom\u00f4nios, aplique um pouco abaixo do umbigo. Os perfumes de ferom\u00f4nio da linha masculina EOL s\u00e3o feitos com o homem de hoje em mente. Com uma embalagem de design s\u00f3brio e elegante, as fragr\u00e2ncias tamb\u00e9m se adequam a qualquer homem e \u00e9 poss\u00edvel escolher uma dependendo da hora do dia em que pretende us\u00e1-la.<\/p>\n<ul>\n<li>Confidence \u00e9 especialmente formulado para homens que procuram atrair mulheres. \u00c9 hora de mostrar seu lado aventureiro; a vers\u00e3o de voc\u00ea que permanece calma, legal e controlada, n\u00e3o importa a situa\u00e7\u00e3o. Impressione sua garota com seu charme usando a col\u00f4nia Confidence Pheromone.<\/li>\n<li>Com uma combina\u00e7\u00e3o de aromas almiscarados convidativos apoiados por tons de jasmim e mel, esta col\u00f4nia certamente destacar\u00e1 suas melhores caracter\u00edsticas. Infundido com ferom\u00f4nios, voc\u00ea vai chamar a aten\u00e7\u00e3o onde quer que v\u00e1. Esteja voc\u00ea procurando por amor, tentando forjar conex\u00f5es genu\u00ednas ou esperando dar ao seu parceiro algo novo para encontrar apelo, Confidence \u00e9 perfeito para o trabalho.<\/li>\n<\/ul>\n<p>Recomendamos us\u00e1-lo como sua col\u00f4nia di\u00e1ria. Isso n\u00e3o apenas mostrar\u00e1 suas melhores qualidades, mas tamb\u00e9m o ajudar\u00e1 a se sentir melhor, completando sua apar\u00eancia di\u00e1ria e preparando-o para o sucesso. A confian\u00e7a \u00e9 o perfume perfeito para aumentar a coragem de qualquer homem. Deixe-me levantar o seu tamb\u00e9m.<\/p>\n<p>As notas de topo e cora\u00e7\u00e3o, uma mistura almiscarada de mel, encontram-se e s\u00e3o enriquecidas com elementos c\u00edtricos para se expressarem ainda mais frescas e coloridas. Uma nova sensa\u00e7\u00e3o arom\u00e1tica se revela nas notas de base, gra\u00e7as ao irresist\u00edvel jasmim e \u00e0s suaves notas de infus\u00e3o de baunilha ? um material rico, inspirador e sedutor, criando uma fragr\u00e2ncia arom\u00e1tica profundamente intensa e aventureira.<\/p>\n<p>As fragr\u00e2ncias Eye of Love transmitem um clima de sedu\u00e7\u00e3o elegante, inspirado no homem que atrai com magnetismo inato, seduz sem provoca\u00e7\u00e3o e combina autenticidade com facilidade de ser. A nova fragr\u00e2ncia amadeirada, Confidence evoca o clima de sedu\u00e7\u00e3o intensa, mas sem esfor\u00e7o.<\/p>\n<p>Confidence \u00e9 especialmente formulado para homens que procuram atrair mulheres. \u00c9 hora de mostrar seu lado aventureiro; a vers\u00e3o de voc\u00ea que permanece calma, legal e controlada, n\u00e3o importa a situa\u00e7\u00e3o. Impressione sua garota com seu charme usando a col\u00f4nia Confidence Pheromone.<\/p>\n<p>Com uma combina\u00e7\u00e3o de aromas almiscarados acolhedores apoiados por tons de jasmim e mel, esta col\u00f4nia certamente destacar\u00e1 suas melhores caracter\u00edsticas. Infundido com ferom\u00f4nios, voc\u00ea vai virar a cabe\u00e7a das mulheres onde quer que v\u00e1. Esteja voc\u00ea procurando por amor, tentando forjar conex\u00f5es genu\u00ednas ou esperando dar ao seu outro significativo algo novo para achar atraente em voc\u00ea, Confidence \u00e9 perfeito para o trabalho.<\/p>\n<p>Recomendamos us\u00e1-lo como sua col\u00f4nia di\u00e1ria. Ele n\u00e3o apenas mostrar\u00e1 suas melhores qualidades, mas tamb\u00e9m ajudar\u00e1 voc\u00ea a se sentir melhor, completando sua apar\u00eancia di\u00e1ria e preparando-a para o sucesso. A confian\u00e7a \u00e9 o perfume perfeito para aumentar a coragem de qualquer homem. Deixe-o levantar o seu tamb\u00e9m.<\/p>\n<p>As notas de topo e cora\u00e7\u00e3o, uma mistura almiscarada de mel, s\u00e3o encontradas e enriquecidas com elementos c\u00edtricos para se expressarem ainda mais frescas e coloridas. Uma nova sensa\u00e7\u00e3o olfativa se revela nas notas de base, gra\u00e7as ao irresist\u00edvel jasmim e \u00e0s suaves notas da infus\u00e3o de baunilha ? um material rico inspirador e sedutor, criando uma fragr\u00e2ncia arom\u00e1tica profundamente intensa e aventureira.<\/p>\n<p>As fragr\u00e2ncias Eye of Love transmitem um clima de sedu\u00e7\u00e3o elegante, inspirado no homem que atrai com o magnetismo inato, seduz sem provoca\u00e7\u00e3o e casa a autenticidade com a facilidade de ser. A nova fragr\u00e2ncia amadeirada, Confidence, evoca o clima de uma sedu\u00e7\u00e3o intensa, mas sem esfor\u00e7o.<\/p>\n<div>\n<p>\u00a0<\/p>\n<\/div>\n","protected":false},"excerpt":{"rendered":"<p>EMBALAGEM DISPON\u00cdVEL EM: \/en\/<\/p>\n","protected":false},"featured_media":98130,"template":"","meta":{"_acf_changed":false},"product_brand":[],"product_cat":[49],"product_tag":[],"class_list":{"0":"post-43583","1":"product","2":"type-product","3":"status-publish","4":"has-post-thumbnail","6":"product_cat-cosmeticos","7":"yith_product_brand-eye-of-love","9":"first","10":"instock","11":"taxable","12":"shipping-taxable","13":"purchasable","14":"product-type-simple"},"acf":[],"yoast_head":"<!-- This site is optimized with the Yoast SEO plugin v27.4 - https:\/\/yoast.com\/product\/yoast-seo-wordpress\/ -->\n<title>EYE OF LOVE - EOL PHEROMONE PARFUM 10 ML - CONFIDENCE - Lovme<\/title>\n<meta name=\"robots\" content=\"index, follow, max-snippet:-1, max-image-preview:large, max-video-preview:-1\" \/>\n<link rel=\"canonical\" href=\"https:\/\/lovme.pt\/index.php\/produto\/eye-of-love-eol-pheromone-parfum-10-ml-confidence\/\" \/>\n<meta property=\"og:locale\" content=\"pt_PT\" \/>\n<meta property=\"og:type\" content=\"article\" \/>\n<meta property=\"og:title\" content=\"EYE OF LOVE - EOL PHEROMONE PARFUM 10 ML - CONFIDENCE - Lovme\" \/>\n<meta property=\"og:description\" content=\"EMBALAGEM DISPON\u00cdVEL EM: \/en\/\" \/>\n<meta property=\"og:url\" content=\"https:\/\/lovme.pt\/index.php\/produto\/eye-of-love-eol-pheromone-parfum-10-ml-confidence\/\" \/>\n<meta property=\"og:site_name\" content=\"Lovme\" \/>\n<meta property=\"article:modified_time\" content=\"2026-02-19T20:19:37+00:00\" \/>\n<meta property=\"og:image\" content=\"https:\/\/erki24nd3ub.exactdn.com\/wp-content\/uploads\/dream\/img\/img_146252_9e5fc5ff6512af0c3506bcc1a0ee216b_1.jpg?strip=all\" \/>\n\t<meta property=\"og:image:width\" content=\"800\" \/>\n\t<meta property=\"og:image:height\" content=\"800\" \/>\n\t<meta property=\"og:image:type\" content=\"image\/jpeg\" \/>\n<meta name=\"twitter:card\" content=\"summary_large_image\" \/>\n<meta name=\"twitter:label1\" content=\"Tempo estimado de leitura\" \/>\n\t<meta name=\"twitter:data1\" content=\"4 minutos\" \/>\n<script type=\"application\/ld+json\" class=\"yoast-schema-graph\">{\"@context\":\"https:\\\/\\\/schema.org\",\"@graph\":[{\"@type\":\"WebPage\",\"@id\":\"https:\\\/\\\/lovme.pt\\\/index.php\\\/produto\\\/eye-of-love-eol-pheromone-parfum-10-ml-confidence\\\/\",\"url\":\"https:\\\/\\\/lovme.pt\\\/index.php\\\/produto\\\/eye-of-love-eol-pheromone-parfum-10-ml-confidence\\\/\",\"name\":\"EYE OF LOVE - EOL PHEROMONE PARFUM 10 ML - CONFIDENCE - Lovme\",\"isPartOf\":{\"@id\":\"https:\\\/\\\/lovme.pt\\\/#website\"},\"primaryImageOfPage\":{\"@id\":\"https:\\\/\\\/lovme.pt\\\/index.php\\\/produto\\\/eye-of-love-eol-pheromone-parfum-10-ml-confidence\\\/#primaryimage\"},\"image\":{\"@id\":\"https:\\\/\\\/lovme.pt\\\/index.php\\\/produto\\\/eye-of-love-eol-pheromone-parfum-10-ml-confidence\\\/#primaryimage\"},\"thumbnailUrl\":\"https:\\\/\\\/erki24nd3ub.exactdn.com\\\/wp-content\\\/uploads\\\/dream\\\/img\\\/img_146252_9e5fc5ff6512af0c3506bcc1a0ee216b_1.jpg?strip=all\",\"datePublished\":\"2025-10-01T02:37:55+00:00\",\"dateModified\":\"2026-02-19T20:19:37+00:00\",\"breadcrumb\":{\"@id\":\"https:\\\/\\\/lovme.pt\\\/index.php\\\/produto\\\/eye-of-love-eol-pheromone-parfum-10-ml-confidence\\\/#breadcrumb\"},\"inLanguage\":\"pt-PT\",\"potentialAction\":[{\"@type\":\"ReadAction\",\"target\":[\"https:\\\/\\\/lovme.pt\\\/index.php\\\/produto\\\/eye-of-love-eol-pheromone-parfum-10-ml-confidence\\\/\"]}]},{\"@type\":\"ImageObject\",\"inLanguage\":\"pt-PT\",\"@id\":\"https:\\\/\\\/lovme.pt\\\/index.php\\\/produto\\\/eye-of-love-eol-pheromone-parfum-10-ml-confidence\\\/#primaryimage\",\"url\":\"https:\\\/\\\/erki24nd3ub.exactdn.com\\\/wp-content\\\/uploads\\\/dream\\\/img\\\/img_146252_9e5fc5ff6512af0c3506bcc1a0ee216b_1.jpg?strip=all\",\"contentUrl\":\"https:\\\/\\\/erki24nd3ub.exactdn.com\\\/wp-content\\\/uploads\\\/dream\\\/img\\\/img_146252_9e5fc5ff6512af0c3506bcc1a0ee216b_1.jpg?strip=all\",\"width\":800,\"height\":800},{\"@type\":\"BreadcrumbList\",\"@id\":\"https:\\\/\\\/lovme.pt\\\/index.php\\\/produto\\\/eye-of-love-eol-pheromone-parfum-10-ml-confidence\\\/#breadcrumb\",\"itemListElement\":[{\"@type\":\"ListItem\",\"position\":1,\"name\":\"In\u00edcio\",\"item\":\"https:\\\/\\\/lovme.pt\\\/\"},{\"@type\":\"ListItem\",\"position\":2,\"name\":\"Loja\",\"item\":\"https:\\\/\\\/lovme.pt\\\/index.php\\\/loja\\\/\"},{\"@type\":\"ListItem\",\"position\":3,\"name\":\"EYE OF LOVE &#8211; EOL PHEROMONE PARFUM 10 ML &#8211; CONFIDENCE\"}]},{\"@type\":\"WebSite\",\"@id\":\"https:\\\/\\\/lovme.pt\\\/#website\",\"url\":\"https:\\\/\\\/lovme.pt\\\/\",\"name\":\"Lovme Loja Er\u00f3tica N\u00ba1 em Portugal\",\"description\":\"A melhor loja er\u00f3tica de Portugal.\",\"alternateName\":\"Loja Er\u00f3tica Lovme\",\"potentialAction\":[{\"@type\":\"SearchAction\",\"target\":{\"@type\":\"EntryPoint\",\"urlTemplate\":\"https:\\\/\\\/lovme.pt\\\/?s={search_term_string}\"},\"query-input\":{\"@type\":\"PropertyValueSpecification\",\"valueRequired\":true,\"valueName\":\"search_term_string\"}}],\"inLanguage\":\"pt-PT\"}]}<\/script>\n<!-- \/ Yoast SEO plugin. -->","yoast_head_json":{"title":"EYE OF LOVE - EOL PHEROMONE PARFUM 10 ML - CONFIDENCE - Lovme","robots":{"index":"index","follow":"follow","max-snippet":"max-snippet:-1","max-image-preview":"max-image-preview:large","max-video-preview":"max-video-preview:-1"},"canonical":"https:\/\/lovme.pt\/index.php\/produto\/eye-of-love-eol-pheromone-parfum-10-ml-confidence\/","og_locale":"pt_PT","og_type":"article","og_title":"EYE OF LOVE - EOL PHEROMONE PARFUM 10 ML - CONFIDENCE - Lovme","og_description":"EMBALAGEM DISPON\u00cdVEL EM: \/en\/","og_url":"https:\/\/lovme.pt\/index.php\/produto\/eye-of-love-eol-pheromone-parfum-10-ml-confidence\/","og_site_name":"Lovme","article_modified_time":"2026-02-19T20:19:37+00:00","og_image":[{"width":800,"height":800,"url":"https:\/\/erki24nd3ub.exactdn.com\/wp-content\/uploads\/dream\/img\/img_146252_9e5fc5ff6512af0c3506bcc1a0ee216b_1.jpg?strip=all","type":"image\/jpeg"}],"twitter_card":"summary_large_image","twitter_misc":{"Tempo estimado de leitura":"4 minutos"},"schema":{"@context":"https:\/\/schema.org","@graph":[{"@type":"WebPage","@id":"https:\/\/lovme.pt\/index.php\/produto\/eye-of-love-eol-pheromone-parfum-10-ml-confidence\/","url":"https:\/\/lovme.pt\/index.php\/produto\/eye-of-love-eol-pheromone-parfum-10-ml-confidence\/","name":"EYE OF LOVE - EOL PHEROMONE PARFUM 10 ML - CONFIDENCE - Lovme","isPartOf":{"@id":"https:\/\/lovme.pt\/#website"},"primaryImageOfPage":{"@id":"https:\/\/lovme.pt\/index.php\/produto\/eye-of-love-eol-pheromone-parfum-10-ml-confidence\/#primaryimage"},"image":{"@id":"https:\/\/lovme.pt\/index.php\/produto\/eye-of-love-eol-pheromone-parfum-10-ml-confidence\/#primaryimage"},"thumbnailUrl":"https:\/\/erki24nd3ub.exactdn.com\/wp-content\/uploads\/dream\/img\/img_146252_9e5fc5ff6512af0c3506bcc1a0ee216b_1.jpg?strip=all","datePublished":"2025-10-01T02:37:55+00:00","dateModified":"2026-02-19T20:19:37+00:00","breadcrumb":{"@id":"https:\/\/lovme.pt\/index.php\/produto\/eye-of-love-eol-pheromone-parfum-10-ml-confidence\/#breadcrumb"},"inLanguage":"pt-PT","potentialAction":[{"@type":"ReadAction","target":["https:\/\/lovme.pt\/index.php\/produto\/eye-of-love-eol-pheromone-parfum-10-ml-confidence\/"]}]},{"@type":"ImageObject","inLanguage":"pt-PT","@id":"https:\/\/lovme.pt\/index.php\/produto\/eye-of-love-eol-pheromone-parfum-10-ml-confidence\/#primaryimage","url":"https:\/\/erki24nd3ub.exactdn.com\/wp-content\/uploads\/dream\/img\/img_146252_9e5fc5ff6512af0c3506bcc1a0ee216b_1.jpg?strip=all","contentUrl":"https:\/\/erki24nd3ub.exactdn.com\/wp-content\/uploads\/dream\/img\/img_146252_9e5fc5ff6512af0c3506bcc1a0ee216b_1.jpg?strip=all","width":800,"height":800},{"@type":"BreadcrumbList","@id":"https:\/\/lovme.pt\/index.php\/produto\/eye-of-love-eol-pheromone-parfum-10-ml-confidence\/#breadcrumb","itemListElement":[{"@type":"ListItem","position":1,"name":"In\u00edcio","item":"https:\/\/lovme.pt\/"},{"@type":"ListItem","position":2,"name":"Loja","item":"https:\/\/lovme.pt\/index.php\/loja\/"},{"@type":"ListItem","position":3,"name":"EYE OF LOVE &#8211; EOL PHEROMONE PARFUM 10 ML &#8211; CONFIDENCE"}]},{"@type":"WebSite","@id":"https:\/\/lovme.pt\/#website","url":"https:\/\/lovme.pt\/","name":"Lovme Loja Er\u00f3tica N\u00ba1 em Portugal","description":"A melhor loja er\u00f3tica de Portugal.","alternateName":"Loja Er\u00f3tica Lovme","potentialAction":[{"@type":"SearchAction","target":{"@type":"EntryPoint","urlTemplate":"https:\/\/lovme.pt\/?s={search_term_string}"},"query-input":{"@type":"PropertyValueSpecification","valueRequired":true,"valueName":"search_term_string"}}],"inLanguage":"pt-PT"}]}},"_links":{"self":[{"href":"https:\/\/lovme.pt\/index.php\/wp-json\/wp\/v2\/product\/43583","targetHints":{"allow":["GET"]}}],"collection":[{"href":"https:\/\/lovme.pt\/index.php\/wp-json\/wp\/v2\/product"}],"about":[{"href":"https:\/\/lovme.pt\/index.php\/wp-json\/wp\/v2\/types\/product"}],"wp:featuredmedia":[{"embeddable":true,"href":"https:\/\/lovme.pt\/index.php\/wp-json\/wp\/v2\/media\/98130"}],"wp:attachment":[{"href":"https:\/\/lovme.pt\/index.php\/wp-json\/wp\/v2\/media?parent=43583"}],"wp:term":[{"taxonomy":"product_brand","embeddable":true,"href":"https:\/\/lovme.pt\/index.php\/wp-json\/wp\/v2\/product_brand?post=43583"},{"taxonomy":"product_cat","embeddable":true,"href":"https:\/\/lovme.pt\/index.php\/wp-json\/wp\/v2\/product_cat?post=43583"},{"taxonomy":"product_tag","embeddable":true,"href":"https:\/\/lovme.pt\/index.php\/wp-json\/wp\/v2\/product_tag?post=43583"}],"curies":[{"name":"wp","href":"https:\/\/api.w.org\/{rel}","templated":true}]}}