{"id":43581,"date":"2025-09-30T09:40:20","date_gmt":"2025-09-30T09:40:20","guid":{"rendered":"https:\/\/lovme.pt\/?post_type=product&p=43581"},"modified":"2026-05-13T16:31:25","modified_gmt":"2026-05-13T16:31:25","slug":"eye-of-love-eol-phr-parfum-deluxe-50-ml-after-dark","status":"publish","type":"product","link":"https:\/\/lovme.pt\/index.php\/produto\/eye-of-love-eol-phr-parfum-deluxe-50-ml-after-dark\/","title":{"rendered":"EYE OF LOVE &#8211; EOL PHR PARFUM DELUXE 50 ML &#8211; AFTER DARK"},"content":{"rendered":"<p>O perfume AFTER DARK foi criado para a mulher, para aqueles momentos em que a noite entra em jogo ou num ambiente mais \u00edntimo com o seu parceiro ou amante. Ideal para atrair o sexo oposto e para o casal ver a mulher mais atraente sem saber o motivo.<\/p>\n<p>O perfume Eye of Love After Dark Pheromone \u00e9 projetado para dar uma vantagem adicional na vida pessoal, profissional e rom\u00e2ntica. Cont\u00e9m ferom\u00f4nios da mais alta qualidade para atrair os homens.<br \/>A fragr\u00e2ncia apresenta uma mistura sensual de jasmim quente, orris e chocolate branco doce cremoso. Notas de toranja fresca e baunilha.<\/p>\n<ul>\n<li>Alto poder<\/li>\n<li>Dur\u00e1vel<\/li>\n<li>doce fragr\u00e2ncia sexy<\/li>\n<\/ul>\n<p>Afiado. Sexy. Audacioso. Voc\u00ea quer que sua noite termine com algo mais do que um beijo? After Dark \u00e9 o aroma perfeito para acompanhar voc\u00ea em uma noite de encontro ou reviver a paix\u00e3o com seu parceiro.<\/p>\n<p>Projetado para mulheres que querem atrair homens, notas de orris, toranja e \u00f3leo de g\u00e1lbano se unem para fazer deste nosso perfume mais sensual at\u00e9 agora. Flutuando logo abaixo da superf\u00edcie est\u00e3o as del\u00edcias irresist\u00edveis de chocolate branco e jasmim, tudo com uma bela base de raiz de costus, baunilha e \u00e2mbar. Al\u00e9m disso, \u00e9 combinado com a mistura perfeita de ferom\u00f4nios.<\/p>\n<p>A fragr\u00e2ncia \u00e9 inegavelmente evocativa desde o in\u00edcio ? um cabar\u00e9 dos sentidos, se preferir ? adicionando riqueza e calor a tudo que uma mulher toca. Apresentada em um frasco luminoso de tom dourado, a fragr\u00e2ncia projeta o brilho interior de cada mulher.<br \/>Se voc\u00ea est\u00e1 procurando ser irresist\u00edvel, voc\u00ea est\u00e1 no lugar certo. Comece suas preliminares com um pouco de After Dark e veja o que acontece. n\u00f3s desafiamos voc\u00ea<\/p>\n<p>Afiado. Sexy. Audacioso. Quer que sua noite termine com mais do que apenas um beijo? After Dark \u00e9 o perfume perfeito para acompanh\u00e1-lo em um encontro noturno ou trazer a paix\u00e3o de volta \u00e0 vida com seu parceiro.<\/p>\n<p>Projetado para mulheres que querem atrair homens, as notas de l\u00edrio, toranja e \u00f3leo de g\u00e1lbano se unem para tornar este nosso perfume mais sensual at\u00e9 agora. Pairando logo abaixo da superf\u00edcie est\u00e3o as del\u00edcias irresist\u00edveis de chocolate branco e jasmim, tudo apoiado com uma linda base de raiz de costus, baunilha e \u00e2mbar. Al\u00e9m disso, \u00e9 combinado com a mistura perfeita de ferom\u00f4nios.<\/p>\n<p>A fragr\u00e2ncia \u00e9 inegavelmente evocativa desde o in\u00edcio ? um cabar\u00e9 de sentidos, se preferir ? adicionando riqueza e calor a tudo que uma mulher toca. Apresentada em um frasco luminoso de tom dourado, a fragr\u00e2ncia projeta o brilho interior dentro de cada mulher.<\/p>\n<p>Se voc\u00ea quer ser irresist\u00edvel, est\u00e1 no lugar certo. Comece suas preliminares com uma borrifada de After Dark e veja o que acontece. N\u00f3s desafiamos voc\u00ea.<\/p>\n<div>\n<p>\u00a0<\/p>\n<\/div>\n","protected":false},"excerpt":{"rendered":"<p>EMBALAGEM DISPON\u00cdVEL EM: \/en\/<\/p>\n","protected":false},"featured_media":55594,"template":"","meta":{"_acf_changed":false},"product_brand":[],"product_cat":[49],"product_tag":[],"class_list":{"0":"post-43581","1":"product","2":"type-product","3":"status-publish","4":"has-post-thumbnail","6":"product_cat-cosmeticos","7":"yith_product_brand-eye-of-love","9":"first","10":"instock","11":"taxable","12":"shipping-taxable","13":"purchasable","14":"product-type-simple"},"acf":[],"yoast_head":"<!-- This site is optimized with the Yoast SEO plugin v27.4 - https:\/\/yoast.com\/product\/yoast-seo-wordpress\/ -->\n<title>EYE OF LOVE - EOL PHR PARFUM DELUXE 50 ML - AFTER DARK - Lovme<\/title>\n<meta name=\"robots\" content=\"index, follow, max-snippet:-1, max-image-preview:large, max-video-preview:-1\" \/>\n<link rel=\"canonical\" href=\"https:\/\/lovme.pt\/index.php\/produto\/eye-of-love-eol-phr-parfum-deluxe-50-ml-after-dark\/\" \/>\n<meta property=\"og:locale\" content=\"pt_PT\" \/>\n<meta property=\"og:type\" content=\"article\" \/>\n<meta property=\"og:title\" content=\"EYE OF LOVE - EOL PHR PARFUM DELUXE 50 ML - AFTER DARK - Lovme\" \/>\n<meta property=\"og:description\" content=\"EMBALAGEM DISPON\u00cdVEL EM: \/en\/\" \/>\n<meta property=\"og:url\" content=\"https:\/\/lovme.pt\/index.php\/produto\/eye-of-love-eol-phr-parfum-deluxe-50-ml-after-dark\/\" \/>\n<meta property=\"og:site_name\" content=\"Lovme\" \/>\n<meta property=\"article:modified_time\" content=\"2026-05-13T16:31:25+00:00\" \/>\n<meta property=\"og:image\" content=\"https:\/\/erki24nd3ub.exactdn.com\/wp-content\/uploads\/dream\/img\/img_146239_3c5c93edbd0e5b99ca735f47a3804f65_1.jpg?strip=all\" \/>\n\t<meta property=\"og:image:width\" content=\"800\" \/>\n\t<meta property=\"og:image:height\" content=\"800\" \/>\n\t<meta property=\"og:image:type\" content=\"image\/jpeg\" \/>\n<meta name=\"twitter:card\" content=\"summary_large_image\" \/>\n<meta name=\"twitter:label1\" content=\"Tempo estimado de leitura\" \/>\n\t<meta name=\"twitter:data1\" content=\"2 minutos\" \/>\n<script type=\"application\/ld+json\" class=\"yoast-schema-graph\">{\"@context\":\"https:\\\/\\\/schema.org\",\"@graph\":[{\"@type\":\"WebPage\",\"@id\":\"https:\\\/\\\/lovme.pt\\\/index.php\\\/produto\\\/eye-of-love-eol-phr-parfum-deluxe-50-ml-after-dark\\\/\",\"url\":\"https:\\\/\\\/lovme.pt\\\/index.php\\\/produto\\\/eye-of-love-eol-phr-parfum-deluxe-50-ml-after-dark\\\/\",\"name\":\"EYE OF LOVE - EOL PHR PARFUM DELUXE 50 ML - AFTER DARK - Lovme\",\"isPartOf\":{\"@id\":\"https:\\\/\\\/lovme.pt\\\/#website\"},\"primaryImageOfPage\":{\"@id\":\"https:\\\/\\\/lovme.pt\\\/index.php\\\/produto\\\/eye-of-love-eol-phr-parfum-deluxe-50-ml-after-dark\\\/#primaryimage\"},\"image\":{\"@id\":\"https:\\\/\\\/lovme.pt\\\/index.php\\\/produto\\\/eye-of-love-eol-phr-parfum-deluxe-50-ml-after-dark\\\/#primaryimage\"},\"thumbnailUrl\":\"https:\\\/\\\/erki24nd3ub.exactdn.com\\\/wp-content\\\/uploads\\\/dream\\\/img\\\/img_146239_3c5c93edbd0e5b99ca735f47a3804f65_1.jpg?strip=all\",\"datePublished\":\"2025-09-30T09:40:20+00:00\",\"dateModified\":\"2026-05-13T16:31:25+00:00\",\"breadcrumb\":{\"@id\":\"https:\\\/\\\/lovme.pt\\\/index.php\\\/produto\\\/eye-of-love-eol-phr-parfum-deluxe-50-ml-after-dark\\\/#breadcrumb\"},\"inLanguage\":\"pt-PT\",\"potentialAction\":[{\"@type\":\"ReadAction\",\"target\":[\"https:\\\/\\\/lovme.pt\\\/index.php\\\/produto\\\/eye-of-love-eol-phr-parfum-deluxe-50-ml-after-dark\\\/\"]}]},{\"@type\":\"ImageObject\",\"inLanguage\":\"pt-PT\",\"@id\":\"https:\\\/\\\/lovme.pt\\\/index.php\\\/produto\\\/eye-of-love-eol-phr-parfum-deluxe-50-ml-after-dark\\\/#primaryimage\",\"url\":\"https:\\\/\\\/erki24nd3ub.exactdn.com\\\/wp-content\\\/uploads\\\/dream\\\/img\\\/img_146239_3c5c93edbd0e5b99ca735f47a3804f65_1.jpg?strip=all\",\"contentUrl\":\"https:\\\/\\\/erki24nd3ub.exactdn.com\\\/wp-content\\\/uploads\\\/dream\\\/img\\\/img_146239_3c5c93edbd0e5b99ca735f47a3804f65_1.jpg?strip=all\",\"width\":800,\"height\":800},{\"@type\":\"BreadcrumbList\",\"@id\":\"https:\\\/\\\/lovme.pt\\\/index.php\\\/produto\\\/eye-of-love-eol-phr-parfum-deluxe-50-ml-after-dark\\\/#breadcrumb\",\"itemListElement\":[{\"@type\":\"ListItem\",\"position\":1,\"name\":\"In\u00edcio\",\"item\":\"https:\\\/\\\/lovme.pt\\\/\"},{\"@type\":\"ListItem\",\"position\":2,\"name\":\"Loja\",\"item\":\"https:\\\/\\\/lovme.pt\\\/index.php\\\/loja\\\/\"},{\"@type\":\"ListItem\",\"position\":3,\"name\":\"EYE OF LOVE &#8211; EOL PHR PARFUM DELUXE 50 ML &#8211; AFTER DARK\"}]},{\"@type\":\"WebSite\",\"@id\":\"https:\\\/\\\/lovme.pt\\\/#website\",\"url\":\"https:\\\/\\\/lovme.pt\\\/\",\"name\":\"Lovme Loja Er\u00f3tica N\u00ba1 em Portugal\",\"description\":\"A melhor loja er\u00f3tica de Portugal.\",\"alternateName\":\"Loja Er\u00f3tica Lovme\",\"potentialAction\":[{\"@type\":\"SearchAction\",\"target\":{\"@type\":\"EntryPoint\",\"urlTemplate\":\"https:\\\/\\\/lovme.pt\\\/?s={search_term_string}\"},\"query-input\":{\"@type\":\"PropertyValueSpecification\",\"valueRequired\":true,\"valueName\":\"search_term_string\"}}],\"inLanguage\":\"pt-PT\"}]}<\/script>\n<!-- \/ Yoast SEO plugin. -->","yoast_head_json":{"title":"EYE OF LOVE - EOL PHR PARFUM DELUXE 50 ML - AFTER DARK - Lovme","robots":{"index":"index","follow":"follow","max-snippet":"max-snippet:-1","max-image-preview":"max-image-preview:large","max-video-preview":"max-video-preview:-1"},"canonical":"https:\/\/lovme.pt\/index.php\/produto\/eye-of-love-eol-phr-parfum-deluxe-50-ml-after-dark\/","og_locale":"pt_PT","og_type":"article","og_title":"EYE OF LOVE - EOL PHR PARFUM DELUXE 50 ML - AFTER DARK - Lovme","og_description":"EMBALAGEM DISPON\u00cdVEL EM: \/en\/","og_url":"https:\/\/lovme.pt\/index.php\/produto\/eye-of-love-eol-phr-parfum-deluxe-50-ml-after-dark\/","og_site_name":"Lovme","article_modified_time":"2026-05-13T16:31:25+00:00","og_image":[{"width":800,"height":800,"url":"https:\/\/erki24nd3ub.exactdn.com\/wp-content\/uploads\/dream\/img\/img_146239_3c5c93edbd0e5b99ca735f47a3804f65_1.jpg?strip=all","type":"image\/jpeg"}],"twitter_card":"summary_large_image","twitter_misc":{"Tempo estimado de leitura":"2 minutos"},"schema":{"@context":"https:\/\/schema.org","@graph":[{"@type":"WebPage","@id":"https:\/\/lovme.pt\/index.php\/produto\/eye-of-love-eol-phr-parfum-deluxe-50-ml-after-dark\/","url":"https:\/\/lovme.pt\/index.php\/produto\/eye-of-love-eol-phr-parfum-deluxe-50-ml-after-dark\/","name":"EYE OF LOVE - EOL PHR PARFUM DELUXE 50 ML - AFTER DARK - Lovme","isPartOf":{"@id":"https:\/\/lovme.pt\/#website"},"primaryImageOfPage":{"@id":"https:\/\/lovme.pt\/index.php\/produto\/eye-of-love-eol-phr-parfum-deluxe-50-ml-after-dark\/#primaryimage"},"image":{"@id":"https:\/\/lovme.pt\/index.php\/produto\/eye-of-love-eol-phr-parfum-deluxe-50-ml-after-dark\/#primaryimage"},"thumbnailUrl":"https:\/\/erki24nd3ub.exactdn.com\/wp-content\/uploads\/dream\/img\/img_146239_3c5c93edbd0e5b99ca735f47a3804f65_1.jpg?strip=all","datePublished":"2025-09-30T09:40:20+00:00","dateModified":"2026-05-13T16:31:25+00:00","breadcrumb":{"@id":"https:\/\/lovme.pt\/index.php\/produto\/eye-of-love-eol-phr-parfum-deluxe-50-ml-after-dark\/#breadcrumb"},"inLanguage":"pt-PT","potentialAction":[{"@type":"ReadAction","target":["https:\/\/lovme.pt\/index.php\/produto\/eye-of-love-eol-phr-parfum-deluxe-50-ml-after-dark\/"]}]},{"@type":"ImageObject","inLanguage":"pt-PT","@id":"https:\/\/lovme.pt\/index.php\/produto\/eye-of-love-eol-phr-parfum-deluxe-50-ml-after-dark\/#primaryimage","url":"https:\/\/erki24nd3ub.exactdn.com\/wp-content\/uploads\/dream\/img\/img_146239_3c5c93edbd0e5b99ca735f47a3804f65_1.jpg?strip=all","contentUrl":"https:\/\/erki24nd3ub.exactdn.com\/wp-content\/uploads\/dream\/img\/img_146239_3c5c93edbd0e5b99ca735f47a3804f65_1.jpg?strip=all","width":800,"height":800},{"@type":"BreadcrumbList","@id":"https:\/\/lovme.pt\/index.php\/produto\/eye-of-love-eol-phr-parfum-deluxe-50-ml-after-dark\/#breadcrumb","itemListElement":[{"@type":"ListItem","position":1,"name":"In\u00edcio","item":"https:\/\/lovme.pt\/"},{"@type":"ListItem","position":2,"name":"Loja","item":"https:\/\/lovme.pt\/index.php\/loja\/"},{"@type":"ListItem","position":3,"name":"EYE OF LOVE &#8211; EOL PHR PARFUM DELUXE 50 ML &#8211; AFTER DARK"}]},{"@type":"WebSite","@id":"https:\/\/lovme.pt\/#website","url":"https:\/\/lovme.pt\/","name":"Lovme Loja Er\u00f3tica N\u00ba1 em Portugal","description":"A melhor loja er\u00f3tica de Portugal.","alternateName":"Loja Er\u00f3tica Lovme","potentialAction":[{"@type":"SearchAction","target":{"@type":"EntryPoint","urlTemplate":"https:\/\/lovme.pt\/?s={search_term_string}"},"query-input":{"@type":"PropertyValueSpecification","valueRequired":true,"valueName":"search_term_string"}}],"inLanguage":"pt-PT"}]}},"_links":{"self":[{"href":"https:\/\/lovme.pt\/index.php\/wp-json\/wp\/v2\/product\/43581","targetHints":{"allow":["GET"]}}],"collection":[{"href":"https:\/\/lovme.pt\/index.php\/wp-json\/wp\/v2\/product"}],"about":[{"href":"https:\/\/lovme.pt\/index.php\/wp-json\/wp\/v2\/types\/product"}],"wp:featuredmedia":[{"embeddable":true,"href":"https:\/\/lovme.pt\/index.php\/wp-json\/wp\/v2\/media\/55594"}],"wp:attachment":[{"href":"https:\/\/lovme.pt\/index.php\/wp-json\/wp\/v2\/media?parent=43581"}],"wp:term":[{"taxonomy":"product_brand","embeddable":true,"href":"https:\/\/lovme.pt\/index.php\/wp-json\/wp\/v2\/product_brand?post=43581"},{"taxonomy":"product_cat","embeddable":true,"href":"https:\/\/lovme.pt\/index.php\/wp-json\/wp\/v2\/product_cat?post=43581"},{"taxonomy":"product_tag","embeddable":true,"href":"https:\/\/lovme.pt\/index.php\/wp-json\/wp\/v2\/product_tag?post=43581"}],"curies":[{"name":"wp","href":"https:\/\/api.w.org\/{rel}","templated":true}]}}