{"id":43570,"date":"2025-10-01T02:37:50","date_gmt":"2025-10-01T02:37:50","guid":{"rendered":"https:\/\/lovme.pt\/?post_type=product&p=43570"},"modified":"2026-02-19T20:19:37","modified_gmt":"2026-02-19T20:19:37","slug":"eye-of-love-matchmaker-black-diamond-pheromone-perfume-attract-them-10-ml","status":"publish","type":"product","link":"https:\/\/lovme.pt\/index.php\/produto\/eye-of-love-matchmaker-black-diamond-pheromone-perfume-attract-them-10-ml\/","title":{"rendered":"EYE OF LOVE &#8211; MATCHMAKER BLACK DIAMOND PHEROMONE PERFUME ATTRACT THEM 10 ML"},"content":{"rendered":"<p>Elegante frasco de col\u00f4nia de ferom\u00f4nios com um design sofisticado e muito leve projetado para atrair Ella.<\/p>\n<p>A fragr\u00e2ncia possui uma mistura ousada de cedro, groselha preta e lim\u00e3o. Com alguns tons sutis de carvalho, \u00e2mbar branco e alm\u00edscar. Muito suave e doce, virilidade e atra\u00e7\u00e3o irresist\u00edvel s\u00e3o sin\u00f4nimos do perfume Matchmaker.<\/p>\n<p>Aplique no pesco\u00e7o e pulsos e seu maior efeito \u00e9 cerca de 30 minutos ap\u00f3s sua aplica\u00e7\u00e3o. Aplique quantas vezes quiser e \u00e9 totalmente adequado para uso di\u00e1rio. Vem apresentado em uma linda embalagem e em um discreto e leve frasco de vidro em formato de viagem com spray de 10 ml.<\/p>\n<ul>\n<li>Col\u00f4nia de ferom\u00f4nio projetada para atrair Ella.<\/li>\n<li>Aroma doce e suave.<\/li>\n<li>Aplique no pesco\u00e7o e nos pulsos.<\/li>\n<li>Efeito ap\u00f3s 30 minutos.<\/li>\n<li>Aplique quantas vezes desejar.<\/li>\n<li>Para uso di\u00e1rio.<\/li>\n<li>Recipiente de vidro com um vaporizador.<\/li>\n<li>Design de embalagem em formato de viagem discreto.<\/li>\n<li>Apresentado em uma embalagem agrad\u00e1vel.<\/li>\n<li>Frasco de 10 ml.<\/li>\n<\/ul>\n<p>Olhando para encontrar o seu pr\u00f3ximo jogo?<\/p>\n<p>Conhe\u00e7a seu novo par.<\/p>\n<p>Criada em colabora\u00e7\u00e3o com a Milion\u00e1ria Matchmaker Patti Stanger, esta fragr\u00e2ncia \u00e9 uma mistura sensual de jasmim, toranja e \u00e2mbar com um toque c\u00edtrico, t\u00e3o encantadora e \u00fanica quanto a pessoa.<\/p>\n","protected":false},"excerpt":{"rendered":"<p>EMBALAGEM DISPON\u00cdVEL EM: \/en\/<\/p>\n","protected":false},"featured_media":98121,"template":"","meta":{"_acf_changed":false},"product_brand":[],"product_cat":[49],"product_tag":[],"class_list":{"0":"post-43570","1":"product","2":"type-product","3":"status-publish","4":"has-post-thumbnail","6":"product_cat-cosmeticos","7":"yith_product_brand-eye-of-love","9":"first","10":"instock","11":"taxable","12":"shipping-taxable","13":"purchasable","14":"product-type-simple"},"acf":[],"yoast_head":"<!-- This site is optimized with the Yoast SEO plugin v27.4 - https:\/\/yoast.com\/product\/yoast-seo-wordpress\/ -->\n<title>EYE OF LOVE - MATCHMAKER BLACK DIAMOND PHEROMONE PERFUME ATTRACT THEM 10 ML - Lovme<\/title>\n<meta name=\"robots\" content=\"index, follow, max-snippet:-1, max-image-preview:large, max-video-preview:-1\" \/>\n<link rel=\"canonical\" href=\"https:\/\/lovme.pt\/index.php\/produto\/eye-of-love-matchmaker-black-diamond-pheromone-perfume-attract-them-10-ml\/\" \/>\n<meta property=\"og:locale\" content=\"pt_PT\" \/>\n<meta property=\"og:type\" content=\"article\" \/>\n<meta property=\"og:title\" content=\"EYE OF LOVE - MATCHMAKER BLACK DIAMOND PHEROMONE PERFUME ATTRACT THEM 10 ML - Lovme\" \/>\n<meta property=\"og:description\" content=\"EMBALAGEM DISPON\u00cdVEL EM: \/en\/\" \/>\n<meta property=\"og:url\" content=\"https:\/\/lovme.pt\/index.php\/produto\/eye-of-love-matchmaker-black-diamond-pheromone-perfume-attract-them-10-ml\/\" \/>\n<meta property=\"og:site_name\" content=\"Lovme\" \/>\n<meta property=\"article:modified_time\" content=\"2026-02-19T20:19:37+00:00\" \/>\n<meta property=\"og:image\" content=\"https:\/\/erki24nd3ub.exactdn.com\/wp-content\/uploads\/dream\/img\/img_181765_72793d4c48de82ff766267bf78046878_1.jpg?strip=all\" \/>\n\t<meta property=\"og:image:width\" content=\"800\" \/>\n\t<meta property=\"og:image:height\" content=\"800\" \/>\n\t<meta property=\"og:image:type\" content=\"image\/jpeg\" \/>\n<meta name=\"twitter:card\" content=\"summary_large_image\" \/>\n<meta name=\"twitter:label1\" content=\"Tempo estimado de leitura\" \/>\n\t<meta name=\"twitter:data1\" content=\"1 minuto\" \/>\n<script type=\"application\/ld+json\" class=\"yoast-schema-graph\">{\"@context\":\"https:\\\/\\\/schema.org\",\"@graph\":[{\"@type\":\"WebPage\",\"@id\":\"https:\\\/\\\/lovme.pt\\\/index.php\\\/produto\\\/eye-of-love-matchmaker-black-diamond-pheromone-perfume-attract-them-10-ml\\\/\",\"url\":\"https:\\\/\\\/lovme.pt\\\/index.php\\\/produto\\\/eye-of-love-matchmaker-black-diamond-pheromone-perfume-attract-them-10-ml\\\/\",\"name\":\"EYE OF LOVE - MATCHMAKER BLACK DIAMOND PHEROMONE PERFUME ATTRACT THEM 10 ML - Lovme\",\"isPartOf\":{\"@id\":\"https:\\\/\\\/lovme.pt\\\/#website\"},\"primaryImageOfPage\":{\"@id\":\"https:\\\/\\\/lovme.pt\\\/index.php\\\/produto\\\/eye-of-love-matchmaker-black-diamond-pheromone-perfume-attract-them-10-ml\\\/#primaryimage\"},\"image\":{\"@id\":\"https:\\\/\\\/lovme.pt\\\/index.php\\\/produto\\\/eye-of-love-matchmaker-black-diamond-pheromone-perfume-attract-them-10-ml\\\/#primaryimage\"},\"thumbnailUrl\":\"https:\\\/\\\/erki24nd3ub.exactdn.com\\\/wp-content\\\/uploads\\\/dream\\\/img\\\/img_181765_72793d4c48de82ff766267bf78046878_1.jpg?strip=all\",\"datePublished\":\"2025-10-01T02:37:50+00:00\",\"dateModified\":\"2026-02-19T20:19:37+00:00\",\"breadcrumb\":{\"@id\":\"https:\\\/\\\/lovme.pt\\\/index.php\\\/produto\\\/eye-of-love-matchmaker-black-diamond-pheromone-perfume-attract-them-10-ml\\\/#breadcrumb\"},\"inLanguage\":\"pt-PT\",\"potentialAction\":[{\"@type\":\"ReadAction\",\"target\":[\"https:\\\/\\\/lovme.pt\\\/index.php\\\/produto\\\/eye-of-love-matchmaker-black-diamond-pheromone-perfume-attract-them-10-ml\\\/\"]}]},{\"@type\":\"ImageObject\",\"inLanguage\":\"pt-PT\",\"@id\":\"https:\\\/\\\/lovme.pt\\\/index.php\\\/produto\\\/eye-of-love-matchmaker-black-diamond-pheromone-perfume-attract-them-10-ml\\\/#primaryimage\",\"url\":\"https:\\\/\\\/erki24nd3ub.exactdn.com\\\/wp-content\\\/uploads\\\/dream\\\/img\\\/img_181765_72793d4c48de82ff766267bf78046878_1.jpg?strip=all\",\"contentUrl\":\"https:\\\/\\\/erki24nd3ub.exactdn.com\\\/wp-content\\\/uploads\\\/dream\\\/img\\\/img_181765_72793d4c48de82ff766267bf78046878_1.jpg?strip=all\",\"width\":800,\"height\":800},{\"@type\":\"BreadcrumbList\",\"@id\":\"https:\\\/\\\/lovme.pt\\\/index.php\\\/produto\\\/eye-of-love-matchmaker-black-diamond-pheromone-perfume-attract-them-10-ml\\\/#breadcrumb\",\"itemListElement\":[{\"@type\":\"ListItem\",\"position\":1,\"name\":\"In\u00edcio\",\"item\":\"https:\\\/\\\/lovme.pt\\\/\"},{\"@type\":\"ListItem\",\"position\":2,\"name\":\"Loja\",\"item\":\"https:\\\/\\\/lovme.pt\\\/index.php\\\/loja\\\/\"},{\"@type\":\"ListItem\",\"position\":3,\"name\":\"EYE OF LOVE &#8211; MATCHMAKER BLACK DIAMOND PHEROMONE PERFUME ATTRACT THEM 10 ML\"}]},{\"@type\":\"WebSite\",\"@id\":\"https:\\\/\\\/lovme.pt\\\/#website\",\"url\":\"https:\\\/\\\/lovme.pt\\\/\",\"name\":\"Lovme Loja Er\u00f3tica N\u00ba1 em Portugal\",\"description\":\"A melhor loja er\u00f3tica de Portugal.\",\"alternateName\":\"Loja Er\u00f3tica Lovme\",\"potentialAction\":[{\"@type\":\"SearchAction\",\"target\":{\"@type\":\"EntryPoint\",\"urlTemplate\":\"https:\\\/\\\/lovme.pt\\\/?s={search_term_string}\"},\"query-input\":{\"@type\":\"PropertyValueSpecification\",\"valueRequired\":true,\"valueName\":\"search_term_string\"}}],\"inLanguage\":\"pt-PT\"}]}<\/script>\n<!-- \/ Yoast SEO plugin. -->","yoast_head_json":{"title":"EYE OF LOVE - MATCHMAKER BLACK DIAMOND PHEROMONE PERFUME ATTRACT THEM 10 ML - Lovme","robots":{"index":"index","follow":"follow","max-snippet":"max-snippet:-1","max-image-preview":"max-image-preview:large","max-video-preview":"max-video-preview:-1"},"canonical":"https:\/\/lovme.pt\/index.php\/produto\/eye-of-love-matchmaker-black-diamond-pheromone-perfume-attract-them-10-ml\/","og_locale":"pt_PT","og_type":"article","og_title":"EYE OF LOVE - MATCHMAKER BLACK DIAMOND PHEROMONE PERFUME ATTRACT THEM 10 ML - Lovme","og_description":"EMBALAGEM DISPON\u00cdVEL EM: \/en\/","og_url":"https:\/\/lovme.pt\/index.php\/produto\/eye-of-love-matchmaker-black-diamond-pheromone-perfume-attract-them-10-ml\/","og_site_name":"Lovme","article_modified_time":"2026-02-19T20:19:37+00:00","og_image":[{"width":800,"height":800,"url":"https:\/\/erki24nd3ub.exactdn.com\/wp-content\/uploads\/dream\/img\/img_181765_72793d4c48de82ff766267bf78046878_1.jpg?strip=all","type":"image\/jpeg"}],"twitter_card":"summary_large_image","twitter_misc":{"Tempo estimado de leitura":"1 minuto"},"schema":{"@context":"https:\/\/schema.org","@graph":[{"@type":"WebPage","@id":"https:\/\/lovme.pt\/index.php\/produto\/eye-of-love-matchmaker-black-diamond-pheromone-perfume-attract-them-10-ml\/","url":"https:\/\/lovme.pt\/index.php\/produto\/eye-of-love-matchmaker-black-diamond-pheromone-perfume-attract-them-10-ml\/","name":"EYE OF LOVE - MATCHMAKER BLACK DIAMOND PHEROMONE PERFUME ATTRACT THEM 10 ML - Lovme","isPartOf":{"@id":"https:\/\/lovme.pt\/#website"},"primaryImageOfPage":{"@id":"https:\/\/lovme.pt\/index.php\/produto\/eye-of-love-matchmaker-black-diamond-pheromone-perfume-attract-them-10-ml\/#primaryimage"},"image":{"@id":"https:\/\/lovme.pt\/index.php\/produto\/eye-of-love-matchmaker-black-diamond-pheromone-perfume-attract-them-10-ml\/#primaryimage"},"thumbnailUrl":"https:\/\/erki24nd3ub.exactdn.com\/wp-content\/uploads\/dream\/img\/img_181765_72793d4c48de82ff766267bf78046878_1.jpg?strip=all","datePublished":"2025-10-01T02:37:50+00:00","dateModified":"2026-02-19T20:19:37+00:00","breadcrumb":{"@id":"https:\/\/lovme.pt\/index.php\/produto\/eye-of-love-matchmaker-black-diamond-pheromone-perfume-attract-them-10-ml\/#breadcrumb"},"inLanguage":"pt-PT","potentialAction":[{"@type":"ReadAction","target":["https:\/\/lovme.pt\/index.php\/produto\/eye-of-love-matchmaker-black-diamond-pheromone-perfume-attract-them-10-ml\/"]}]},{"@type":"ImageObject","inLanguage":"pt-PT","@id":"https:\/\/lovme.pt\/index.php\/produto\/eye-of-love-matchmaker-black-diamond-pheromone-perfume-attract-them-10-ml\/#primaryimage","url":"https:\/\/erki24nd3ub.exactdn.com\/wp-content\/uploads\/dream\/img\/img_181765_72793d4c48de82ff766267bf78046878_1.jpg?strip=all","contentUrl":"https:\/\/erki24nd3ub.exactdn.com\/wp-content\/uploads\/dream\/img\/img_181765_72793d4c48de82ff766267bf78046878_1.jpg?strip=all","width":800,"height":800},{"@type":"BreadcrumbList","@id":"https:\/\/lovme.pt\/index.php\/produto\/eye-of-love-matchmaker-black-diamond-pheromone-perfume-attract-them-10-ml\/#breadcrumb","itemListElement":[{"@type":"ListItem","position":1,"name":"In\u00edcio","item":"https:\/\/lovme.pt\/"},{"@type":"ListItem","position":2,"name":"Loja","item":"https:\/\/lovme.pt\/index.php\/loja\/"},{"@type":"ListItem","position":3,"name":"EYE OF LOVE &#8211; MATCHMAKER BLACK DIAMOND PHEROMONE PERFUME ATTRACT THEM 10 ML"}]},{"@type":"WebSite","@id":"https:\/\/lovme.pt\/#website","url":"https:\/\/lovme.pt\/","name":"Lovme Loja Er\u00f3tica N\u00ba1 em Portugal","description":"A melhor loja er\u00f3tica de Portugal.","alternateName":"Loja Er\u00f3tica Lovme","potentialAction":[{"@type":"SearchAction","target":{"@type":"EntryPoint","urlTemplate":"https:\/\/lovme.pt\/?s={search_term_string}"},"query-input":{"@type":"PropertyValueSpecification","valueRequired":true,"valueName":"search_term_string"}}],"inLanguage":"pt-PT"}]}},"_links":{"self":[{"href":"https:\/\/lovme.pt\/index.php\/wp-json\/wp\/v2\/product\/43570","targetHints":{"allow":["GET"]}}],"collection":[{"href":"https:\/\/lovme.pt\/index.php\/wp-json\/wp\/v2\/product"}],"about":[{"href":"https:\/\/lovme.pt\/index.php\/wp-json\/wp\/v2\/types\/product"}],"wp:featuredmedia":[{"embeddable":true,"href":"https:\/\/lovme.pt\/index.php\/wp-json\/wp\/v2\/media\/98121"}],"wp:attachment":[{"href":"https:\/\/lovme.pt\/index.php\/wp-json\/wp\/v2\/media?parent=43570"}],"wp:term":[{"taxonomy":"product_brand","embeddable":true,"href":"https:\/\/lovme.pt\/index.php\/wp-json\/wp\/v2\/product_brand?post=43570"},{"taxonomy":"product_cat","embeddable":true,"href":"https:\/\/lovme.pt\/index.php\/wp-json\/wp\/v2\/product_cat?post=43570"},{"taxonomy":"product_tag","embeddable":true,"href":"https:\/\/lovme.pt\/index.php\/wp-json\/wp\/v2\/product_tag?post=43570"}],"curies":[{"name":"wp","href":"https:\/\/api.w.org\/{rel}","templated":true}]}}