{"id":43506,"date":"2025-09-30T09:45:02","date_gmt":"2025-09-30T09:45:02","guid":{"rendered":"https:\/\/lovme.pt\/?post_type=product&p=43506"},"modified":"2026-02-19T20:04:01","modified_gmt":"2026-02-19T20:04:01","slug":"intt-oleo-de-massagem-vegano-doce-com-relaxante-sabor-de-coco","status":"publish","type":"product","link":"https:\/\/lovme.pt\/index.php\/produto\/intt-oleo-de-massagem-vegano-doce-com-relaxante-sabor-de-coco\/","title":{"rendered":"INTT &#8211; \u00d3LEO DE MASSAGEM VEGANO DOCE COM RELAXANTE SABOR DE COCO"},"content":{"rendered":"<p>INTT Massage Oil Vegan Coconut \u00e9 um \u00f3leo de massagem altamente escorregadio e com aroma de coco doce que deixa a pele aveludada e macia para uma massagem corporal relaxante ou er\u00f3tica.<\/p>\n<p>A f\u00f3rmula \u00e9 enriquecida com \u00f3leo de am\u00eandoas doces e \u00f3leo de girassol, propriedades hidratantes com a\u00e7\u00e3o calmante e reparadora. Tamb\u00e9m ajuda a aumentar a elasticidade da pele e a mant\u00ea-la saud\u00e1vel e macia.<\/p>\n<p>\u00c9 um produto totalmente vegano e vem em uma pr\u00e1tica embalagem de 150 ml.<\/p>\n<p>Principais caracter\u00edsticas:<\/p>\n<ul>\n<li>\u00d3leo de massagem.<\/li>\n<li>Adiciona aroma de coco doce.<\/li>\n<li>Ideal para massagens corporais.<\/li>\n<li>Deixa a pele macia e \u00e9 muito escorregadia.<\/li>\n<li>Propriedades hidratantes.<\/li>\n<li>Com a\u00e7\u00e3o calmante, reparadora e el\u00e1stica.<\/li>\n<li>Aplique a quantidade desejada sem limite.<\/li>\n<li>vegano.<\/li>\n<li>Frasco de 150ml.<\/li>\n<\/ul>\n","protected":false},"excerpt":{"rendered":"<p>INTT &#8211; \u00d3LEO DE MASSAGEM VEGANO DOCE COM RELAXANTE SABOR DE COCO<\/p>\n","protected":false},"featured_media":56539,"template":"","meta":{"_acf_changed":false},"product_brand":[],"product_cat":[49,51],"product_tag":[],"class_list":{"0":"post-43506","1":"product","2":"type-product","3":"status-publish","4":"has-post-thumbnail","6":"product_cat-cosmeticos","7":"product_cat-oleos-de-massagem","8":"yith_product_brand-intt","9":"yith_product_brand-inttintt-vegan-line","11":"first","12":"instock","13":"taxable","14":"shipping-taxable","15":"purchasable","16":"product-type-simple"},"acf":[],"yoast_head":"<!-- This site is optimized with the Yoast SEO plugin v27.4 - https:\/\/yoast.com\/product\/yoast-seo-wordpress\/ -->\n<title>INTT - \u00d3LEO DE MASSAGEM VEGANO DOCE COM RELAXANTE SABOR DE COCO - Lovme<\/title>\n<meta name=\"robots\" content=\"index, follow, max-snippet:-1, max-image-preview:large, max-video-preview:-1\" \/>\n<link rel=\"canonical\" href=\"https:\/\/lovme.pt\/index.php\/produto\/intt-oleo-de-massagem-vegano-doce-com-relaxante-sabor-de-coco\/\" \/>\n<meta property=\"og:locale\" content=\"pt_PT\" \/>\n<meta property=\"og:type\" content=\"article\" \/>\n<meta property=\"og:title\" content=\"INTT - \u00d3LEO DE MASSAGEM VEGANO DOCE COM RELAXANTE SABOR DE COCO - Lovme\" \/>\n<meta property=\"og:description\" content=\"INTT - \u00d3LEO DE MASSAGEM VEGANO DOCE COM RELAXANTE SABOR DE COCO\" \/>\n<meta property=\"og:url\" content=\"https:\/\/lovme.pt\/index.php\/produto\/intt-oleo-de-massagem-vegano-doce-com-relaxante-sabor-de-coco\/\" \/>\n<meta property=\"og:site_name\" content=\"Lovme\" \/>\n<meta property=\"article:modified_time\" content=\"2026-02-19T20:04:01+00:00\" \/>\n<meta property=\"og:image\" content=\"https:\/\/erki24nd3ub.exactdn.com\/wp-content\/uploads\/dream\/img\/img_145235_47e5f9cbd6b56a6d402e7eb6f2aeeb8d_1.jpg?strip=all\" \/>\n\t<meta property=\"og:image:width\" content=\"800\" \/>\n\t<meta property=\"og:image:height\" content=\"800\" \/>\n\t<meta property=\"og:image:type\" content=\"image\/jpeg\" \/>\n<meta name=\"twitter:card\" content=\"summary_large_image\" \/>\n<meta name=\"twitter:label1\" content=\"Tempo estimado de leitura\" \/>\n\t<meta name=\"twitter:data1\" content=\"1 minuto\" \/>\n<script type=\"application\/ld+json\" class=\"yoast-schema-graph\">{\"@context\":\"https:\\\/\\\/schema.org\",\"@graph\":[{\"@type\":\"WebPage\",\"@id\":\"https:\\\/\\\/lovme.pt\\\/index.php\\\/produto\\\/intt-oleo-de-massagem-vegano-doce-com-relaxante-sabor-de-coco\\\/\",\"url\":\"https:\\\/\\\/lovme.pt\\\/index.php\\\/produto\\\/intt-oleo-de-massagem-vegano-doce-com-relaxante-sabor-de-coco\\\/\",\"name\":\"INTT - \u00d3LEO DE MASSAGEM VEGANO DOCE COM RELAXANTE SABOR DE COCO - Lovme\",\"isPartOf\":{\"@id\":\"https:\\\/\\\/lovme.pt\\\/#website\"},\"primaryImageOfPage\":{\"@id\":\"https:\\\/\\\/lovme.pt\\\/index.php\\\/produto\\\/intt-oleo-de-massagem-vegano-doce-com-relaxante-sabor-de-coco\\\/#primaryimage\"},\"image\":{\"@id\":\"https:\\\/\\\/lovme.pt\\\/index.php\\\/produto\\\/intt-oleo-de-massagem-vegano-doce-com-relaxante-sabor-de-coco\\\/#primaryimage\"},\"thumbnailUrl\":\"https:\\\/\\\/erki24nd3ub.exactdn.com\\\/wp-content\\\/uploads\\\/dream\\\/img\\\/img_145235_47e5f9cbd6b56a6d402e7eb6f2aeeb8d_1.jpg?strip=all\",\"datePublished\":\"2025-09-30T09:45:02+00:00\",\"dateModified\":\"2026-02-19T20:04:01+00:00\",\"breadcrumb\":{\"@id\":\"https:\\\/\\\/lovme.pt\\\/index.php\\\/produto\\\/intt-oleo-de-massagem-vegano-doce-com-relaxante-sabor-de-coco\\\/#breadcrumb\"},\"inLanguage\":\"pt-PT\",\"potentialAction\":[{\"@type\":\"ReadAction\",\"target\":[\"https:\\\/\\\/lovme.pt\\\/index.php\\\/produto\\\/intt-oleo-de-massagem-vegano-doce-com-relaxante-sabor-de-coco\\\/\"]}]},{\"@type\":\"ImageObject\",\"inLanguage\":\"pt-PT\",\"@id\":\"https:\\\/\\\/lovme.pt\\\/index.php\\\/produto\\\/intt-oleo-de-massagem-vegano-doce-com-relaxante-sabor-de-coco\\\/#primaryimage\",\"url\":\"https:\\\/\\\/erki24nd3ub.exactdn.com\\\/wp-content\\\/uploads\\\/dream\\\/img\\\/img_145235_47e5f9cbd6b56a6d402e7eb6f2aeeb8d_1.jpg?strip=all\",\"contentUrl\":\"https:\\\/\\\/erki24nd3ub.exactdn.com\\\/wp-content\\\/uploads\\\/dream\\\/img\\\/img_145235_47e5f9cbd6b56a6d402e7eb6f2aeeb8d_1.jpg?strip=all\",\"width\":800,\"height\":800},{\"@type\":\"BreadcrumbList\",\"@id\":\"https:\\\/\\\/lovme.pt\\\/index.php\\\/produto\\\/intt-oleo-de-massagem-vegano-doce-com-relaxante-sabor-de-coco\\\/#breadcrumb\",\"itemListElement\":[{\"@type\":\"ListItem\",\"position\":1,\"name\":\"In\u00edcio\",\"item\":\"https:\\\/\\\/lovme.pt\\\/\"},{\"@type\":\"ListItem\",\"position\":2,\"name\":\"Loja\",\"item\":\"https:\\\/\\\/lovme.pt\\\/index.php\\\/loja\\\/\"},{\"@type\":\"ListItem\",\"position\":3,\"name\":\"INTT &#8211; \u00d3LEO DE MASSAGEM VEGANO DOCE COM RELAXANTE SABOR DE COCO\"}]},{\"@type\":\"WebSite\",\"@id\":\"https:\\\/\\\/lovme.pt\\\/#website\",\"url\":\"https:\\\/\\\/lovme.pt\\\/\",\"name\":\"Lovme Loja Er\u00f3tica N\u00ba1 em Portugal\",\"description\":\"A melhor loja er\u00f3tica de Portugal.\",\"alternateName\":\"Loja Er\u00f3tica Lovme\",\"potentialAction\":[{\"@type\":\"SearchAction\",\"target\":{\"@type\":\"EntryPoint\",\"urlTemplate\":\"https:\\\/\\\/lovme.pt\\\/?s={search_term_string}\"},\"query-input\":{\"@type\":\"PropertyValueSpecification\",\"valueRequired\":true,\"valueName\":\"search_term_string\"}}],\"inLanguage\":\"pt-PT\"}]}<\/script>\n<!-- \/ Yoast SEO plugin. -->","yoast_head_json":{"title":"INTT - \u00d3LEO DE MASSAGEM VEGANO DOCE COM RELAXANTE SABOR DE COCO - Lovme","robots":{"index":"index","follow":"follow","max-snippet":"max-snippet:-1","max-image-preview":"max-image-preview:large","max-video-preview":"max-video-preview:-1"},"canonical":"https:\/\/lovme.pt\/index.php\/produto\/intt-oleo-de-massagem-vegano-doce-com-relaxante-sabor-de-coco\/","og_locale":"pt_PT","og_type":"article","og_title":"INTT - \u00d3LEO DE MASSAGEM VEGANO DOCE COM RELAXANTE SABOR DE COCO - Lovme","og_description":"INTT - \u00d3LEO DE MASSAGEM VEGANO DOCE COM RELAXANTE SABOR DE COCO","og_url":"https:\/\/lovme.pt\/index.php\/produto\/intt-oleo-de-massagem-vegano-doce-com-relaxante-sabor-de-coco\/","og_site_name":"Lovme","article_modified_time":"2026-02-19T20:04:01+00:00","og_image":[{"width":800,"height":800,"url":"https:\/\/erki24nd3ub.exactdn.com\/wp-content\/uploads\/dream\/img\/img_145235_47e5f9cbd6b56a6d402e7eb6f2aeeb8d_1.jpg?strip=all","type":"image\/jpeg"}],"twitter_card":"summary_large_image","twitter_misc":{"Tempo estimado de leitura":"1 minuto"},"schema":{"@context":"https:\/\/schema.org","@graph":[{"@type":"WebPage","@id":"https:\/\/lovme.pt\/index.php\/produto\/intt-oleo-de-massagem-vegano-doce-com-relaxante-sabor-de-coco\/","url":"https:\/\/lovme.pt\/index.php\/produto\/intt-oleo-de-massagem-vegano-doce-com-relaxante-sabor-de-coco\/","name":"INTT - \u00d3LEO DE MASSAGEM VEGANO DOCE COM RELAXANTE SABOR DE COCO - Lovme","isPartOf":{"@id":"https:\/\/lovme.pt\/#website"},"primaryImageOfPage":{"@id":"https:\/\/lovme.pt\/index.php\/produto\/intt-oleo-de-massagem-vegano-doce-com-relaxante-sabor-de-coco\/#primaryimage"},"image":{"@id":"https:\/\/lovme.pt\/index.php\/produto\/intt-oleo-de-massagem-vegano-doce-com-relaxante-sabor-de-coco\/#primaryimage"},"thumbnailUrl":"https:\/\/erki24nd3ub.exactdn.com\/wp-content\/uploads\/dream\/img\/img_145235_47e5f9cbd6b56a6d402e7eb6f2aeeb8d_1.jpg?strip=all","datePublished":"2025-09-30T09:45:02+00:00","dateModified":"2026-02-19T20:04:01+00:00","breadcrumb":{"@id":"https:\/\/lovme.pt\/index.php\/produto\/intt-oleo-de-massagem-vegano-doce-com-relaxante-sabor-de-coco\/#breadcrumb"},"inLanguage":"pt-PT","potentialAction":[{"@type":"ReadAction","target":["https:\/\/lovme.pt\/index.php\/produto\/intt-oleo-de-massagem-vegano-doce-com-relaxante-sabor-de-coco\/"]}]},{"@type":"ImageObject","inLanguage":"pt-PT","@id":"https:\/\/lovme.pt\/index.php\/produto\/intt-oleo-de-massagem-vegano-doce-com-relaxante-sabor-de-coco\/#primaryimage","url":"https:\/\/erki24nd3ub.exactdn.com\/wp-content\/uploads\/dream\/img\/img_145235_47e5f9cbd6b56a6d402e7eb6f2aeeb8d_1.jpg?strip=all","contentUrl":"https:\/\/erki24nd3ub.exactdn.com\/wp-content\/uploads\/dream\/img\/img_145235_47e5f9cbd6b56a6d402e7eb6f2aeeb8d_1.jpg?strip=all","width":800,"height":800},{"@type":"BreadcrumbList","@id":"https:\/\/lovme.pt\/index.php\/produto\/intt-oleo-de-massagem-vegano-doce-com-relaxante-sabor-de-coco\/#breadcrumb","itemListElement":[{"@type":"ListItem","position":1,"name":"In\u00edcio","item":"https:\/\/lovme.pt\/"},{"@type":"ListItem","position":2,"name":"Loja","item":"https:\/\/lovme.pt\/index.php\/loja\/"},{"@type":"ListItem","position":3,"name":"INTT &#8211; \u00d3LEO DE MASSAGEM VEGANO DOCE COM RELAXANTE SABOR DE COCO"}]},{"@type":"WebSite","@id":"https:\/\/lovme.pt\/#website","url":"https:\/\/lovme.pt\/","name":"Lovme Loja Er\u00f3tica N\u00ba1 em Portugal","description":"A melhor loja er\u00f3tica de Portugal.","alternateName":"Loja Er\u00f3tica Lovme","potentialAction":[{"@type":"SearchAction","target":{"@type":"EntryPoint","urlTemplate":"https:\/\/lovme.pt\/?s={search_term_string}"},"query-input":{"@type":"PropertyValueSpecification","valueRequired":true,"valueName":"search_term_string"}}],"inLanguage":"pt-PT"}]}},"_links":{"self":[{"href":"https:\/\/lovme.pt\/index.php\/wp-json\/wp\/v2\/product\/43506","targetHints":{"allow":["GET"]}}],"collection":[{"href":"https:\/\/lovme.pt\/index.php\/wp-json\/wp\/v2\/product"}],"about":[{"href":"https:\/\/lovme.pt\/index.php\/wp-json\/wp\/v2\/types\/product"}],"wp:featuredmedia":[{"embeddable":true,"href":"https:\/\/lovme.pt\/index.php\/wp-json\/wp\/v2\/media\/56539"}],"wp:attachment":[{"href":"https:\/\/lovme.pt\/index.php\/wp-json\/wp\/v2\/media?parent=43506"}],"wp:term":[{"taxonomy":"product_brand","embeddable":true,"href":"https:\/\/lovme.pt\/index.php\/wp-json\/wp\/v2\/product_brand?post=43506"},{"taxonomy":"product_cat","embeddable":true,"href":"https:\/\/lovme.pt\/index.php\/wp-json\/wp\/v2\/product_cat?post=43506"},{"taxonomy":"product_tag","embeddable":true,"href":"https:\/\/lovme.pt\/index.php\/wp-json\/wp\/v2\/product_tag?post=43506"}],"curies":[{"name":"wp","href":"https:\/\/api.w.org\/{rel}","templated":true}]}}