{"id":43496,"date":"2025-09-30T09:45:02","date_gmt":"2025-09-30T09:45:02","guid":{"rendered":"https:\/\/lovme.pt\/?post_type=product&p=43496"},"modified":"2026-02-19T20:04:01","modified_gmt":"2026-02-19T20:04:01","slug":"intt-massage-oral-sex-crunchy-crunchy-vanilla-stimulanet-foam","status":"publish","type":"product","link":"https:\/\/lovme.pt\/index.php\/produto\/intt-massage-oral-sex-crunchy-crunchy-vanilla-stimulanet-foam\/","title":{"rendered":"INTT MASSAGE  ORAL SEX &#8211; CRUNCHY CRUNCHY VANILLA STIMULANET FOAM"},"content":{"rendered":"<p>INTT Crunchy Foam Vanilla \u00e9 uma espuma deliciosamente hidratante, efervescente e com aroma de baunilha doce, projetada para massagens relaxantes e altamente excitantes.<\/p>\n<p>Quando as pequenas part\u00edculas da espuma entram em contato com as m\u00e3os e o corpo, proporcionam uma experi\u00eancia totalmente energizante, pois ativa a microcircula\u00e7\u00e3o. Seu aroma de baunilha agu\u00e7a os sentidos e deixa a pele com uma textura aveludada, leve e macia. N\u00e3o \u00e9 beij\u00e1vel e destina-se a massagens em todo o corpo, exceto na zona \u00edntima.<\/p>\n<p>Apresenta-se num pr\u00e1tico dispensador de 100 ml.<\/p>\n<p>Principais caracter\u00edsticas:<\/p>\n<ul>\n<li>Espuma hidratante e efervescente.<\/li>\n<li>Aroma de baunilha.<\/li>\n<li>Massagens relaxantes e emocionantes.<\/li>\n<li>Experi\u00eancia energizante.<\/li>\n<li>Deixa a pele macia e suave.<\/li>\n<li>N\u00e3o \u00e9 beij\u00e1vel.<\/li>\n<li>Confort\u00e1vel com dispensador.<\/li>\n<li>recipiente de 100 ml.<\/li>\n<\/ul>\n","protected":false},"excerpt":{"rendered":"<p>EMBALAGEM DISPON\u00cdVEL EM: \/es\/en\/fr\/de\/it\/pt\/<\/p>\n","protected":false},"featured_media":56538,"template":"","meta":{"_acf_changed":false},"product_brand":[],"product_cat":[49,51],"product_tag":[],"class_list":{"0":"post-43496","1":"product","2":"type-product","3":"status-publish","4":"has-post-thumbnail","6":"product_cat-cosmeticos","7":"product_cat-oleos-de-massagem","8":"yith_product_brand-intt","9":"yith_product_brand-inttintt-massage-oral-sex","11":"first","12":"instock","13":"taxable","14":"shipping-taxable","15":"purchasable","16":"product-type-simple"},"acf":[],"yoast_head":"<!-- This site is optimized with the Yoast SEO plugin v27.4 - https:\/\/yoast.com\/product\/yoast-seo-wordpress\/ -->\n<title>INTT MASSAGE ORAL SEX - CRUNCHY CRUNCHY VANILLA STIMULANET FOAM - Lovme<\/title>\n<meta name=\"robots\" content=\"index, follow, max-snippet:-1, max-image-preview:large, max-video-preview:-1\" \/>\n<link rel=\"canonical\" href=\"https:\/\/lovme.pt\/index.php\/produto\/intt-massage-oral-sex-crunchy-crunchy-vanilla-stimulanet-foam\/\" \/>\n<meta property=\"og:locale\" content=\"pt_PT\" \/>\n<meta property=\"og:type\" content=\"article\" \/>\n<meta property=\"og:title\" content=\"INTT MASSAGE ORAL SEX - CRUNCHY CRUNCHY VANILLA STIMULANET FOAM - Lovme\" \/>\n<meta property=\"og:description\" content=\"EMBALAGEM DISPON\u00cdVEL EM: \/es\/en\/fr\/de\/it\/pt\/\" \/>\n<meta property=\"og:url\" content=\"https:\/\/lovme.pt\/index.php\/produto\/intt-massage-oral-sex-crunchy-crunchy-vanilla-stimulanet-foam\/\" \/>\n<meta property=\"og:site_name\" content=\"Lovme\" \/>\n<meta property=\"article:modified_time\" content=\"2026-02-19T20:04:01+00:00\" \/>\n<meta property=\"og:image\" content=\"https:\/\/erki24nd3ub.exactdn.com\/wp-content\/uploads\/dream\/img\/img_145223_a6f7ed5f02fb065ec71cd962c7036ec1_1.jpg?strip=all\" \/>\n\t<meta property=\"og:image:width\" content=\"800\" \/>\n\t<meta property=\"og:image:height\" content=\"800\" \/>\n\t<meta property=\"og:image:type\" content=\"image\/jpeg\" \/>\n<meta name=\"twitter:card\" content=\"summary_large_image\" \/>\n<meta name=\"twitter:label1\" content=\"Tempo estimado de leitura\" \/>\n\t<meta name=\"twitter:data1\" content=\"1 minuto\" \/>\n<script type=\"application\/ld+json\" class=\"yoast-schema-graph\">{\"@context\":\"https:\\\/\\\/schema.org\",\"@graph\":[{\"@type\":\"WebPage\",\"@id\":\"https:\\\/\\\/lovme.pt\\\/index.php\\\/produto\\\/intt-massage-oral-sex-crunchy-crunchy-vanilla-stimulanet-foam\\\/\",\"url\":\"https:\\\/\\\/lovme.pt\\\/index.php\\\/produto\\\/intt-massage-oral-sex-crunchy-crunchy-vanilla-stimulanet-foam\\\/\",\"name\":\"INTT MASSAGE ORAL SEX - CRUNCHY CRUNCHY VANILLA STIMULANET FOAM - Lovme\",\"isPartOf\":{\"@id\":\"https:\\\/\\\/lovme.pt\\\/#website\"},\"primaryImageOfPage\":{\"@id\":\"https:\\\/\\\/lovme.pt\\\/index.php\\\/produto\\\/intt-massage-oral-sex-crunchy-crunchy-vanilla-stimulanet-foam\\\/#primaryimage\"},\"image\":{\"@id\":\"https:\\\/\\\/lovme.pt\\\/index.php\\\/produto\\\/intt-massage-oral-sex-crunchy-crunchy-vanilla-stimulanet-foam\\\/#primaryimage\"},\"thumbnailUrl\":\"https:\\\/\\\/erki24nd3ub.exactdn.com\\\/wp-content\\\/uploads\\\/dream\\\/img\\\/img_145223_a6f7ed5f02fb065ec71cd962c7036ec1_1.jpg?strip=all\",\"datePublished\":\"2025-09-30T09:45:02+00:00\",\"dateModified\":\"2026-02-19T20:04:01+00:00\",\"breadcrumb\":{\"@id\":\"https:\\\/\\\/lovme.pt\\\/index.php\\\/produto\\\/intt-massage-oral-sex-crunchy-crunchy-vanilla-stimulanet-foam\\\/#breadcrumb\"},\"inLanguage\":\"pt-PT\",\"potentialAction\":[{\"@type\":\"ReadAction\",\"target\":[\"https:\\\/\\\/lovme.pt\\\/index.php\\\/produto\\\/intt-massage-oral-sex-crunchy-crunchy-vanilla-stimulanet-foam\\\/\"]}]},{\"@type\":\"ImageObject\",\"inLanguage\":\"pt-PT\",\"@id\":\"https:\\\/\\\/lovme.pt\\\/index.php\\\/produto\\\/intt-massage-oral-sex-crunchy-crunchy-vanilla-stimulanet-foam\\\/#primaryimage\",\"url\":\"https:\\\/\\\/erki24nd3ub.exactdn.com\\\/wp-content\\\/uploads\\\/dream\\\/img\\\/img_145223_a6f7ed5f02fb065ec71cd962c7036ec1_1.jpg?strip=all\",\"contentUrl\":\"https:\\\/\\\/erki24nd3ub.exactdn.com\\\/wp-content\\\/uploads\\\/dream\\\/img\\\/img_145223_a6f7ed5f02fb065ec71cd962c7036ec1_1.jpg?strip=all\",\"width\":800,\"height\":800},{\"@type\":\"BreadcrumbList\",\"@id\":\"https:\\\/\\\/lovme.pt\\\/index.php\\\/produto\\\/intt-massage-oral-sex-crunchy-crunchy-vanilla-stimulanet-foam\\\/#breadcrumb\",\"itemListElement\":[{\"@type\":\"ListItem\",\"position\":1,\"name\":\"In\u00edcio\",\"item\":\"https:\\\/\\\/lovme.pt\\\/\"},{\"@type\":\"ListItem\",\"position\":2,\"name\":\"Loja\",\"item\":\"https:\\\/\\\/lovme.pt\\\/index.php\\\/loja\\\/\"},{\"@type\":\"ListItem\",\"position\":3,\"name\":\"INTT MASSAGE ORAL SEX &#8211; CRUNCHY CRUNCHY VANILLA STIMULANET FOAM\"}]},{\"@type\":\"WebSite\",\"@id\":\"https:\\\/\\\/lovme.pt\\\/#website\",\"url\":\"https:\\\/\\\/lovme.pt\\\/\",\"name\":\"Lovme Loja Er\u00f3tica N\u00ba1 em Portugal\",\"description\":\"A melhor loja er\u00f3tica de Portugal.\",\"alternateName\":\"Loja Er\u00f3tica Lovme\",\"potentialAction\":[{\"@type\":\"SearchAction\",\"target\":{\"@type\":\"EntryPoint\",\"urlTemplate\":\"https:\\\/\\\/lovme.pt\\\/?s={search_term_string}\"},\"query-input\":{\"@type\":\"PropertyValueSpecification\",\"valueRequired\":true,\"valueName\":\"search_term_string\"}}],\"inLanguage\":\"pt-PT\"}]}<\/script>\n<!-- \/ Yoast SEO plugin. -->","yoast_head_json":{"title":"INTT MASSAGE ORAL SEX - CRUNCHY CRUNCHY VANILLA STIMULANET FOAM - Lovme","robots":{"index":"index","follow":"follow","max-snippet":"max-snippet:-1","max-image-preview":"max-image-preview:large","max-video-preview":"max-video-preview:-1"},"canonical":"https:\/\/lovme.pt\/index.php\/produto\/intt-massage-oral-sex-crunchy-crunchy-vanilla-stimulanet-foam\/","og_locale":"pt_PT","og_type":"article","og_title":"INTT MASSAGE ORAL SEX - CRUNCHY CRUNCHY VANILLA STIMULANET FOAM - Lovme","og_description":"EMBALAGEM DISPON\u00cdVEL EM: \/es\/en\/fr\/de\/it\/pt\/","og_url":"https:\/\/lovme.pt\/index.php\/produto\/intt-massage-oral-sex-crunchy-crunchy-vanilla-stimulanet-foam\/","og_site_name":"Lovme","article_modified_time":"2026-02-19T20:04:01+00:00","og_image":[{"width":800,"height":800,"url":"https:\/\/erki24nd3ub.exactdn.com\/wp-content\/uploads\/dream\/img\/img_145223_a6f7ed5f02fb065ec71cd962c7036ec1_1.jpg?strip=all","type":"image\/jpeg"}],"twitter_card":"summary_large_image","twitter_misc":{"Tempo estimado de leitura":"1 minuto"},"schema":{"@context":"https:\/\/schema.org","@graph":[{"@type":"WebPage","@id":"https:\/\/lovme.pt\/index.php\/produto\/intt-massage-oral-sex-crunchy-crunchy-vanilla-stimulanet-foam\/","url":"https:\/\/lovme.pt\/index.php\/produto\/intt-massage-oral-sex-crunchy-crunchy-vanilla-stimulanet-foam\/","name":"INTT MASSAGE ORAL SEX - CRUNCHY CRUNCHY VANILLA STIMULANET FOAM - Lovme","isPartOf":{"@id":"https:\/\/lovme.pt\/#website"},"primaryImageOfPage":{"@id":"https:\/\/lovme.pt\/index.php\/produto\/intt-massage-oral-sex-crunchy-crunchy-vanilla-stimulanet-foam\/#primaryimage"},"image":{"@id":"https:\/\/lovme.pt\/index.php\/produto\/intt-massage-oral-sex-crunchy-crunchy-vanilla-stimulanet-foam\/#primaryimage"},"thumbnailUrl":"https:\/\/erki24nd3ub.exactdn.com\/wp-content\/uploads\/dream\/img\/img_145223_a6f7ed5f02fb065ec71cd962c7036ec1_1.jpg?strip=all","datePublished":"2025-09-30T09:45:02+00:00","dateModified":"2026-02-19T20:04:01+00:00","breadcrumb":{"@id":"https:\/\/lovme.pt\/index.php\/produto\/intt-massage-oral-sex-crunchy-crunchy-vanilla-stimulanet-foam\/#breadcrumb"},"inLanguage":"pt-PT","potentialAction":[{"@type":"ReadAction","target":["https:\/\/lovme.pt\/index.php\/produto\/intt-massage-oral-sex-crunchy-crunchy-vanilla-stimulanet-foam\/"]}]},{"@type":"ImageObject","inLanguage":"pt-PT","@id":"https:\/\/lovme.pt\/index.php\/produto\/intt-massage-oral-sex-crunchy-crunchy-vanilla-stimulanet-foam\/#primaryimage","url":"https:\/\/erki24nd3ub.exactdn.com\/wp-content\/uploads\/dream\/img\/img_145223_a6f7ed5f02fb065ec71cd962c7036ec1_1.jpg?strip=all","contentUrl":"https:\/\/erki24nd3ub.exactdn.com\/wp-content\/uploads\/dream\/img\/img_145223_a6f7ed5f02fb065ec71cd962c7036ec1_1.jpg?strip=all","width":800,"height":800},{"@type":"BreadcrumbList","@id":"https:\/\/lovme.pt\/index.php\/produto\/intt-massage-oral-sex-crunchy-crunchy-vanilla-stimulanet-foam\/#breadcrumb","itemListElement":[{"@type":"ListItem","position":1,"name":"In\u00edcio","item":"https:\/\/lovme.pt\/"},{"@type":"ListItem","position":2,"name":"Loja","item":"https:\/\/lovme.pt\/index.php\/loja\/"},{"@type":"ListItem","position":3,"name":"INTT MASSAGE ORAL SEX &#8211; CRUNCHY CRUNCHY VANILLA STIMULANET FOAM"}]},{"@type":"WebSite","@id":"https:\/\/lovme.pt\/#website","url":"https:\/\/lovme.pt\/","name":"Lovme Loja Er\u00f3tica N\u00ba1 em Portugal","description":"A melhor loja er\u00f3tica de Portugal.","alternateName":"Loja Er\u00f3tica Lovme","potentialAction":[{"@type":"SearchAction","target":{"@type":"EntryPoint","urlTemplate":"https:\/\/lovme.pt\/?s={search_term_string}"},"query-input":{"@type":"PropertyValueSpecification","valueRequired":true,"valueName":"search_term_string"}}],"inLanguage":"pt-PT"}]}},"_links":{"self":[{"href":"https:\/\/lovme.pt\/index.php\/wp-json\/wp\/v2\/product\/43496","targetHints":{"allow":["GET"]}}],"collection":[{"href":"https:\/\/lovme.pt\/index.php\/wp-json\/wp\/v2\/product"}],"about":[{"href":"https:\/\/lovme.pt\/index.php\/wp-json\/wp\/v2\/types\/product"}],"wp:featuredmedia":[{"embeddable":true,"href":"https:\/\/lovme.pt\/index.php\/wp-json\/wp\/v2\/media\/56538"}],"wp:attachment":[{"href":"https:\/\/lovme.pt\/index.php\/wp-json\/wp\/v2\/media?parent=43496"}],"wp:term":[{"taxonomy":"product_brand","embeddable":true,"href":"https:\/\/lovme.pt\/index.php\/wp-json\/wp\/v2\/product_brand?post=43496"},{"taxonomy":"product_cat","embeddable":true,"href":"https:\/\/lovme.pt\/index.php\/wp-json\/wp\/v2\/product_cat?post=43496"},{"taxonomy":"product_tag","embeddable":true,"href":"https:\/\/lovme.pt\/index.php\/wp-json\/wp\/v2\/product_tag?post=43496"}],"curies":[{"name":"wp","href":"https:\/\/api.w.org\/{rel}","templated":true}]}}