{"id":43489,"date":"2025-09-30T09:46:05","date_gmt":"2025-09-30T09:46:05","guid":{"rendered":"https:\/\/lovme.pt\/?post_type=product&p=43489"},"modified":"2026-02-19T20:04:34","modified_gmt":"2026-02-19T20:04:34","slug":"intt-massage-oral-sex-gel-de-massagem-com-sabor-algodao-doce-e-efeito-aquecente","status":"publish","type":"product","link":"https:\/\/lovme.pt\/index.php\/produto\/intt-massage-oral-sex-gel-de-massagem-com-sabor-algodao-doce-e-efeito-aquecente\/","title":{"rendered":"INTT MASSAGE  ORAL SEX &#8211; GEL DE MASSAGEM COM SABOR ALGOD\u00c3O DOCE E EFEITO AQUECENTE"},"content":{"rendered":"<p>O Gel de Massagem Algod\u00e3o Doce INTT \u00e9 um gel de massagem com aroma e sabor ex\u00f3tico de algod\u00e3o doce que adiciona um efeito de calor agrad\u00e1vel e quente.<\/p>\n<p>Projetado para massagear as \u00e1reas mais sens\u00edveis do corpo, como vulva, mamilos, glande, clit\u00f3ris ou entrada anal, proporcionando sensa\u00e7\u00f5es extras gra\u00e7as ao efeito de calor muito leve e agrad\u00e1vel. Um gel beij\u00e1vel ideal para a pr\u00e1tica do sexo oral com um toque diferente e doce, abrindo assim um leque de possibilidades para brincadeiras \u00edntimas muito apetitosas. Tamb\u00e9m \u00e9 um gel totalmente indicado para penetra\u00e7\u00e3o e sua forma de uso \u00e9 aplicar a quantidade desejada na \u00e1rea a ser estimulada e massagear suavemente.<\/p>\n<p>Vem em um pequeno e pr\u00e1tico pote de 30 ml.<\/p>\n<p>Principais caracter\u00edsticas:<\/p>\n<ul>\n<li>Gel de massagem.<\/li>\n<li>Adicione aroma e sabor ao algod\u00e3o doce<\/li>\n<li>Com um leve efeito de calor.<\/li>\n<li>Ideal para sexo oral.<\/li>\n<li>Intensifica as sensa\u00e7\u00f5es.<\/li>\n<li>ador\u00e1vel.<\/li>\n<li>Oferece grandes possibilidades de jogo.<\/li>\n<li>Aplique a quantidade desejada na \u00e1rea a ser estimulada.<\/li>\n<li>Frasco de 30 ml.<\/li>\n<\/ul>\n","protected":false},"excerpt":{"rendered":"<p>EMBALAGEM DISPON\u00cdVEL EM: \/es\/en\/fr\/de\/it\/pt\/<\/p>\n","protected":false},"featured_media":56729,"template":"","meta":{"_acf_changed":false},"product_brand":[],"product_cat":[49,51],"product_tag":[],"class_list":{"0":"post-43489","1":"product","2":"type-product","3":"status-publish","4":"has-post-thumbnail","6":"product_cat-cosmeticos","7":"product_cat-oleos-de-massagem","8":"yith_product_brand-intt","9":"yith_product_brand-inttintt-massage-oral-sex","11":"first","12":"instock","13":"taxable","14":"shipping-taxable","15":"purchasable","16":"product-type-simple"},"acf":[],"yoast_head":"<!-- This site is optimized with the Yoast SEO plugin v27.4 - https:\/\/yoast.com\/product\/yoast-seo-wordpress\/ -->\n<title>INTT MASSAGE ORAL SEX - GEL DE MASSAGEM COM SABOR ALGOD\u00c3O DOCE E EFEITO AQUECENTE - Lovme<\/title>\n<meta name=\"robots\" content=\"index, follow, max-snippet:-1, max-image-preview:large, max-video-preview:-1\" \/>\n<link rel=\"canonical\" href=\"https:\/\/lovme.pt\/index.php\/produto\/intt-massage-oral-sex-gel-de-massagem-com-sabor-algodao-doce-e-efeito-aquecente\/\" \/>\n<meta property=\"og:locale\" content=\"pt_PT\" \/>\n<meta property=\"og:type\" content=\"article\" \/>\n<meta property=\"og:title\" content=\"INTT MASSAGE ORAL SEX - GEL DE MASSAGEM COM SABOR ALGOD\u00c3O DOCE E EFEITO AQUECENTE - Lovme\" \/>\n<meta property=\"og:description\" content=\"EMBALAGEM DISPON\u00cdVEL EM: \/es\/en\/fr\/de\/it\/pt\/\" \/>\n<meta property=\"og:url\" content=\"https:\/\/lovme.pt\/index.php\/produto\/intt-massage-oral-sex-gel-de-massagem-com-sabor-algodao-doce-e-efeito-aquecente\/\" \/>\n<meta property=\"og:site_name\" content=\"Lovme\" \/>\n<meta property=\"article:modified_time\" content=\"2026-02-19T20:04:34+00:00\" \/>\n<meta property=\"og:image\" content=\"https:\/\/erki24nd3ub.exactdn.com\/wp-content\/uploads\/dream\/img\/img_145210_9584987c29d7d98056f14d51f8d72fdb_1.jpg?strip=all\" \/>\n\t<meta property=\"og:image:width\" content=\"800\" \/>\n\t<meta property=\"og:image:height\" content=\"800\" \/>\n\t<meta property=\"og:image:type\" content=\"image\/jpeg\" \/>\n<meta name=\"twitter:card\" content=\"summary_large_image\" \/>\n<meta name=\"twitter:label1\" content=\"Tempo estimado de leitura\" \/>\n\t<meta name=\"twitter:data1\" content=\"1 minuto\" \/>\n<script type=\"application\/ld+json\" class=\"yoast-schema-graph\">{\"@context\":\"https:\\\/\\\/schema.org\",\"@graph\":[{\"@type\":\"WebPage\",\"@id\":\"https:\\\/\\\/lovme.pt\\\/index.php\\\/produto\\\/intt-massage-oral-sex-gel-de-massagem-com-sabor-algodao-doce-e-efeito-aquecente\\\/\",\"url\":\"https:\\\/\\\/lovme.pt\\\/index.php\\\/produto\\\/intt-massage-oral-sex-gel-de-massagem-com-sabor-algodao-doce-e-efeito-aquecente\\\/\",\"name\":\"INTT MASSAGE ORAL SEX - GEL DE MASSAGEM COM SABOR ALGOD\u00c3O DOCE E EFEITO AQUECENTE - Lovme\",\"isPartOf\":{\"@id\":\"https:\\\/\\\/lovme.pt\\\/#website\"},\"primaryImageOfPage\":{\"@id\":\"https:\\\/\\\/lovme.pt\\\/index.php\\\/produto\\\/intt-massage-oral-sex-gel-de-massagem-com-sabor-algodao-doce-e-efeito-aquecente\\\/#primaryimage\"},\"image\":{\"@id\":\"https:\\\/\\\/lovme.pt\\\/index.php\\\/produto\\\/intt-massage-oral-sex-gel-de-massagem-com-sabor-algodao-doce-e-efeito-aquecente\\\/#primaryimage\"},\"thumbnailUrl\":\"https:\\\/\\\/erki24nd3ub.exactdn.com\\\/wp-content\\\/uploads\\\/dream\\\/img\\\/img_145210_9584987c29d7d98056f14d51f8d72fdb_1.jpg?strip=all\",\"datePublished\":\"2025-09-30T09:46:05+00:00\",\"dateModified\":\"2026-02-19T20:04:34+00:00\",\"breadcrumb\":{\"@id\":\"https:\\\/\\\/lovme.pt\\\/index.php\\\/produto\\\/intt-massage-oral-sex-gel-de-massagem-com-sabor-algodao-doce-e-efeito-aquecente\\\/#breadcrumb\"},\"inLanguage\":\"pt-PT\",\"potentialAction\":[{\"@type\":\"ReadAction\",\"target\":[\"https:\\\/\\\/lovme.pt\\\/index.php\\\/produto\\\/intt-massage-oral-sex-gel-de-massagem-com-sabor-algodao-doce-e-efeito-aquecente\\\/\"]}]},{\"@type\":\"ImageObject\",\"inLanguage\":\"pt-PT\",\"@id\":\"https:\\\/\\\/lovme.pt\\\/index.php\\\/produto\\\/intt-massage-oral-sex-gel-de-massagem-com-sabor-algodao-doce-e-efeito-aquecente\\\/#primaryimage\",\"url\":\"https:\\\/\\\/erki24nd3ub.exactdn.com\\\/wp-content\\\/uploads\\\/dream\\\/img\\\/img_145210_9584987c29d7d98056f14d51f8d72fdb_1.jpg?strip=all\",\"contentUrl\":\"https:\\\/\\\/erki24nd3ub.exactdn.com\\\/wp-content\\\/uploads\\\/dream\\\/img\\\/img_145210_9584987c29d7d98056f14d51f8d72fdb_1.jpg?strip=all\",\"width\":800,\"height\":800},{\"@type\":\"BreadcrumbList\",\"@id\":\"https:\\\/\\\/lovme.pt\\\/index.php\\\/produto\\\/intt-massage-oral-sex-gel-de-massagem-com-sabor-algodao-doce-e-efeito-aquecente\\\/#breadcrumb\",\"itemListElement\":[{\"@type\":\"ListItem\",\"position\":1,\"name\":\"In\u00edcio\",\"item\":\"https:\\\/\\\/lovme.pt\\\/\"},{\"@type\":\"ListItem\",\"position\":2,\"name\":\"Loja\",\"item\":\"https:\\\/\\\/lovme.pt\\\/index.php\\\/loja\\\/\"},{\"@type\":\"ListItem\",\"position\":3,\"name\":\"INTT MASSAGE ORAL SEX &#8211; GEL DE MASSAGEM COM SABOR ALGOD\u00c3O DOCE E EFEITO AQUECENTE\"}]},{\"@type\":\"WebSite\",\"@id\":\"https:\\\/\\\/lovme.pt\\\/#website\",\"url\":\"https:\\\/\\\/lovme.pt\\\/\",\"name\":\"Lovme Loja Er\u00f3tica N\u00ba1 em Portugal\",\"description\":\"A melhor loja er\u00f3tica de Portugal.\",\"alternateName\":\"Loja Er\u00f3tica Lovme\",\"potentialAction\":[{\"@type\":\"SearchAction\",\"target\":{\"@type\":\"EntryPoint\",\"urlTemplate\":\"https:\\\/\\\/lovme.pt\\\/?s={search_term_string}\"},\"query-input\":{\"@type\":\"PropertyValueSpecification\",\"valueRequired\":true,\"valueName\":\"search_term_string\"}}],\"inLanguage\":\"pt-PT\"}]}<\/script>\n<!-- \/ Yoast SEO plugin. -->","yoast_head_json":{"title":"INTT MASSAGE ORAL SEX - GEL DE MASSAGEM COM SABOR ALGOD\u00c3O DOCE E EFEITO AQUECENTE - Lovme","robots":{"index":"index","follow":"follow","max-snippet":"max-snippet:-1","max-image-preview":"max-image-preview:large","max-video-preview":"max-video-preview:-1"},"canonical":"https:\/\/lovme.pt\/index.php\/produto\/intt-massage-oral-sex-gel-de-massagem-com-sabor-algodao-doce-e-efeito-aquecente\/","og_locale":"pt_PT","og_type":"article","og_title":"INTT MASSAGE ORAL SEX - GEL DE MASSAGEM COM SABOR ALGOD\u00c3O DOCE E EFEITO AQUECENTE - Lovme","og_description":"EMBALAGEM DISPON\u00cdVEL EM: \/es\/en\/fr\/de\/it\/pt\/","og_url":"https:\/\/lovme.pt\/index.php\/produto\/intt-massage-oral-sex-gel-de-massagem-com-sabor-algodao-doce-e-efeito-aquecente\/","og_site_name":"Lovme","article_modified_time":"2026-02-19T20:04:34+00:00","og_image":[{"width":800,"height":800,"url":"https:\/\/erki24nd3ub.exactdn.com\/wp-content\/uploads\/dream\/img\/img_145210_9584987c29d7d98056f14d51f8d72fdb_1.jpg?strip=all","type":"image\/jpeg"}],"twitter_card":"summary_large_image","twitter_misc":{"Tempo estimado de leitura":"1 minuto"},"schema":{"@context":"https:\/\/schema.org","@graph":[{"@type":"WebPage","@id":"https:\/\/lovme.pt\/index.php\/produto\/intt-massage-oral-sex-gel-de-massagem-com-sabor-algodao-doce-e-efeito-aquecente\/","url":"https:\/\/lovme.pt\/index.php\/produto\/intt-massage-oral-sex-gel-de-massagem-com-sabor-algodao-doce-e-efeito-aquecente\/","name":"INTT MASSAGE ORAL SEX - GEL DE MASSAGEM COM SABOR ALGOD\u00c3O DOCE E EFEITO AQUECENTE - Lovme","isPartOf":{"@id":"https:\/\/lovme.pt\/#website"},"primaryImageOfPage":{"@id":"https:\/\/lovme.pt\/index.php\/produto\/intt-massage-oral-sex-gel-de-massagem-com-sabor-algodao-doce-e-efeito-aquecente\/#primaryimage"},"image":{"@id":"https:\/\/lovme.pt\/index.php\/produto\/intt-massage-oral-sex-gel-de-massagem-com-sabor-algodao-doce-e-efeito-aquecente\/#primaryimage"},"thumbnailUrl":"https:\/\/erki24nd3ub.exactdn.com\/wp-content\/uploads\/dream\/img\/img_145210_9584987c29d7d98056f14d51f8d72fdb_1.jpg?strip=all","datePublished":"2025-09-30T09:46:05+00:00","dateModified":"2026-02-19T20:04:34+00:00","breadcrumb":{"@id":"https:\/\/lovme.pt\/index.php\/produto\/intt-massage-oral-sex-gel-de-massagem-com-sabor-algodao-doce-e-efeito-aquecente\/#breadcrumb"},"inLanguage":"pt-PT","potentialAction":[{"@type":"ReadAction","target":["https:\/\/lovme.pt\/index.php\/produto\/intt-massage-oral-sex-gel-de-massagem-com-sabor-algodao-doce-e-efeito-aquecente\/"]}]},{"@type":"ImageObject","inLanguage":"pt-PT","@id":"https:\/\/lovme.pt\/index.php\/produto\/intt-massage-oral-sex-gel-de-massagem-com-sabor-algodao-doce-e-efeito-aquecente\/#primaryimage","url":"https:\/\/erki24nd3ub.exactdn.com\/wp-content\/uploads\/dream\/img\/img_145210_9584987c29d7d98056f14d51f8d72fdb_1.jpg?strip=all","contentUrl":"https:\/\/erki24nd3ub.exactdn.com\/wp-content\/uploads\/dream\/img\/img_145210_9584987c29d7d98056f14d51f8d72fdb_1.jpg?strip=all","width":800,"height":800},{"@type":"BreadcrumbList","@id":"https:\/\/lovme.pt\/index.php\/produto\/intt-massage-oral-sex-gel-de-massagem-com-sabor-algodao-doce-e-efeito-aquecente\/#breadcrumb","itemListElement":[{"@type":"ListItem","position":1,"name":"In\u00edcio","item":"https:\/\/lovme.pt\/"},{"@type":"ListItem","position":2,"name":"Loja","item":"https:\/\/lovme.pt\/index.php\/loja\/"},{"@type":"ListItem","position":3,"name":"INTT MASSAGE ORAL SEX &#8211; GEL DE MASSAGEM COM SABOR ALGOD\u00c3O DOCE E EFEITO AQUECENTE"}]},{"@type":"WebSite","@id":"https:\/\/lovme.pt\/#website","url":"https:\/\/lovme.pt\/","name":"Lovme Loja Er\u00f3tica N\u00ba1 em Portugal","description":"A melhor loja er\u00f3tica de Portugal.","alternateName":"Loja Er\u00f3tica Lovme","potentialAction":[{"@type":"SearchAction","target":{"@type":"EntryPoint","urlTemplate":"https:\/\/lovme.pt\/?s={search_term_string}"},"query-input":{"@type":"PropertyValueSpecification","valueRequired":true,"valueName":"search_term_string"}}],"inLanguage":"pt-PT"}]}},"_links":{"self":[{"href":"https:\/\/lovme.pt\/index.php\/wp-json\/wp\/v2\/product\/43489","targetHints":{"allow":["GET"]}}],"collection":[{"href":"https:\/\/lovme.pt\/index.php\/wp-json\/wp\/v2\/product"}],"about":[{"href":"https:\/\/lovme.pt\/index.php\/wp-json\/wp\/v2\/types\/product"}],"wp:featuredmedia":[{"embeddable":true,"href":"https:\/\/lovme.pt\/index.php\/wp-json\/wp\/v2\/media\/56729"}],"wp:attachment":[{"href":"https:\/\/lovme.pt\/index.php\/wp-json\/wp\/v2\/media?parent=43489"}],"wp:term":[{"taxonomy":"product_brand","embeddable":true,"href":"https:\/\/lovme.pt\/index.php\/wp-json\/wp\/v2\/product_brand?post=43489"},{"taxonomy":"product_cat","embeddable":true,"href":"https:\/\/lovme.pt\/index.php\/wp-json\/wp\/v2\/product_cat?post=43489"},{"taxonomy":"product_tag","embeddable":true,"href":"https:\/\/lovme.pt\/index.php\/wp-json\/wp\/v2\/product_tag?post=43489"}],"curies":[{"name":"wp","href":"https:\/\/api.w.org\/{rel}","templated":true}]}}