{"id":43485,"date":"2025-09-30T09:47:05","date_gmt":"2025-09-30T09:47:05","guid":{"rendered":"https:\/\/lovme.pt\/?post_type=product&p=43485"},"modified":"2026-02-19T20:04:52","modified_gmt":"2026-02-19T20:04:52","slug":"intt-lubricants-gel-estimulante-vaginal-intenso-com-aplicador-vibrador","status":"publish","type":"product","link":"https:\/\/lovme.pt\/index.php\/produto\/intt-lubricants-gel-estimulante-vaginal-intenso-com-aplicador-vibrador\/","title":{"rendered":"INTT LUBRICANTS &#8211; GEL ESTIMULANTE VAGINAL INTENSO COM APLICADOR VIBRADOR"},"content":{"rendered":"<p>O Orgasm Now da INTT \u00e9 um gel estimulante desenvolvido para a vulva e o clit\u00f3ris que se apresenta numa embalagem original com um aplicador vibrat\u00f3rio para intensificar ainda mais a experi\u00eancia.<\/p>\n<p>O dispensador de gel \u00e9 um vibrador que pode ser usado como uma bala vibrat\u00f3ria ao mesmo tempo em que o estimulante \u00e9 aplicado. O gel proporciona uma sensa\u00e7\u00e3o de calor, um efeito de c\u00f3cegas e aumenta a sensibilidade na \u00e1rea. Pode ser aplicado em gel no clit\u00f3ris e l\u00e1bios internos da vulva.<\/p>\n<p>Vem em uma embalagem pr\u00e1tica, leve e muito confort\u00e1vel em formato de bisnaga que facilita a aplica\u00e7\u00e3o do produto na regi\u00e3o \u00edntima. Cont\u00e9m 15 ml em um recipiente discreto e muito elegante.<\/p>\n<p>Principais caracter\u00edsticas:<\/p>\n<ul>\n<li>Gel estimulador do clit\u00f3ris\/vulva.<\/li>\n<li>Recipiente com aplicador vibrat\u00f3rio.<\/li>\n<li>experi\u00eancia mais intensa.<\/li>\n<li>Gel com efeito de calor e c\u00f3cegas.<\/li>\n<li>Deixe a \u00e1rea mais sens\u00edvel.<\/li>\n<li>Recipiente muito pr\u00e1tico e leve.<\/li>\n<li>Recipiente confort\u00e1vel em forma de tubo.<\/li>\n<li>Apresentado num recipiente com um design elegante e discreto.<\/li>\n<li>Cont\u00e9m 15 ml.<\/li>\n<\/ul>\n","protected":false},"excerpt":{"rendered":"<p>EMBALAGEM DISPON\u00cdVEL EM: \/es\/en\/fr\/de\/it\/pt\/<\/p>\n","protected":false},"featured_media":56980,"template":"","meta":{"_acf_changed":false},"product_brand":[],"product_cat":[49,52],"product_tag":[],"class_list":{"0":"post-43485","1":"product","2":"type-product","3":"status-publish","4":"has-post-thumbnail","6":"product_cat-cosmeticos","7":"product_cat-estimulantes","8":"yith_product_brand-intt","9":"yith_product_brand-inttintt-lubricants","11":"first","12":"instock","13":"taxable","14":"shipping-taxable","15":"purchasable","16":"product-type-simple"},"acf":[],"yoast_head":"<!-- This site is optimized with the Yoast SEO plugin v27.4 - https:\/\/yoast.com\/product\/yoast-seo-wordpress\/ -->\n<title>INTT LUBRICANTS - GEL ESTIMULANTE VAGINAL INTENSO COM APLICADOR VIBRADOR - Lovme<\/title>\n<meta name=\"robots\" content=\"index, follow, max-snippet:-1, max-image-preview:large, max-video-preview:-1\" \/>\n<link rel=\"canonical\" href=\"https:\/\/lovme.pt\/index.php\/produto\/intt-lubricants-gel-estimulante-vaginal-intenso-com-aplicador-vibrador\/\" \/>\n<meta property=\"og:locale\" content=\"pt_PT\" \/>\n<meta property=\"og:type\" content=\"article\" \/>\n<meta property=\"og:title\" content=\"INTT LUBRICANTS - GEL ESTIMULANTE VAGINAL INTENSO COM APLICADOR VIBRADOR - Lovme\" \/>\n<meta property=\"og:description\" content=\"EMBALAGEM DISPON\u00cdVEL EM: \/es\/en\/fr\/de\/it\/pt\/\" \/>\n<meta property=\"og:url\" content=\"https:\/\/lovme.pt\/index.php\/produto\/intt-lubricants-gel-estimulante-vaginal-intenso-com-aplicador-vibrador\/\" \/>\n<meta property=\"og:site_name\" content=\"Lovme\" \/>\n<meta property=\"article:modified_time\" content=\"2026-02-19T20:04:52+00:00\" \/>\n<meta property=\"og:image\" content=\"https:\/\/erki24nd3ub.exactdn.com\/wp-content\/uploads\/dream\/img\/img_145197_6f02e586c715639bd159323a41514b31_1.jpg?strip=all\" \/>\n\t<meta property=\"og:image:width\" content=\"800\" \/>\n\t<meta property=\"og:image:height\" content=\"800\" \/>\n\t<meta property=\"og:image:type\" content=\"image\/jpeg\" \/>\n<meta name=\"twitter:card\" content=\"summary_large_image\" \/>\n<meta name=\"twitter:label1\" content=\"Tempo estimado de leitura\" \/>\n\t<meta name=\"twitter:data1\" content=\"1 minuto\" \/>\n<script type=\"application\/ld+json\" class=\"yoast-schema-graph\">{\"@context\":\"https:\\\/\\\/schema.org\",\"@graph\":[{\"@type\":\"WebPage\",\"@id\":\"https:\\\/\\\/lovme.pt\\\/index.php\\\/produto\\\/intt-lubricants-gel-estimulante-vaginal-intenso-com-aplicador-vibrador\\\/\",\"url\":\"https:\\\/\\\/lovme.pt\\\/index.php\\\/produto\\\/intt-lubricants-gel-estimulante-vaginal-intenso-com-aplicador-vibrador\\\/\",\"name\":\"INTT LUBRICANTS - GEL ESTIMULANTE VAGINAL INTENSO COM APLICADOR VIBRADOR - Lovme\",\"isPartOf\":{\"@id\":\"https:\\\/\\\/lovme.pt\\\/#website\"},\"primaryImageOfPage\":{\"@id\":\"https:\\\/\\\/lovme.pt\\\/index.php\\\/produto\\\/intt-lubricants-gel-estimulante-vaginal-intenso-com-aplicador-vibrador\\\/#primaryimage\"},\"image\":{\"@id\":\"https:\\\/\\\/lovme.pt\\\/index.php\\\/produto\\\/intt-lubricants-gel-estimulante-vaginal-intenso-com-aplicador-vibrador\\\/#primaryimage\"},\"thumbnailUrl\":\"https:\\\/\\\/erki24nd3ub.exactdn.com\\\/wp-content\\\/uploads\\\/dream\\\/img\\\/img_145197_6f02e586c715639bd159323a41514b31_1.jpg?strip=all\",\"datePublished\":\"2025-09-30T09:47:05+00:00\",\"dateModified\":\"2026-02-19T20:04:52+00:00\",\"breadcrumb\":{\"@id\":\"https:\\\/\\\/lovme.pt\\\/index.php\\\/produto\\\/intt-lubricants-gel-estimulante-vaginal-intenso-com-aplicador-vibrador\\\/#breadcrumb\"},\"inLanguage\":\"pt-PT\",\"potentialAction\":[{\"@type\":\"ReadAction\",\"target\":[\"https:\\\/\\\/lovme.pt\\\/index.php\\\/produto\\\/intt-lubricants-gel-estimulante-vaginal-intenso-com-aplicador-vibrador\\\/\"]}]},{\"@type\":\"ImageObject\",\"inLanguage\":\"pt-PT\",\"@id\":\"https:\\\/\\\/lovme.pt\\\/index.php\\\/produto\\\/intt-lubricants-gel-estimulante-vaginal-intenso-com-aplicador-vibrador\\\/#primaryimage\",\"url\":\"https:\\\/\\\/erki24nd3ub.exactdn.com\\\/wp-content\\\/uploads\\\/dream\\\/img\\\/img_145197_6f02e586c715639bd159323a41514b31_1.jpg?strip=all\",\"contentUrl\":\"https:\\\/\\\/erki24nd3ub.exactdn.com\\\/wp-content\\\/uploads\\\/dream\\\/img\\\/img_145197_6f02e586c715639bd159323a41514b31_1.jpg?strip=all\",\"width\":800,\"height\":800},{\"@type\":\"BreadcrumbList\",\"@id\":\"https:\\\/\\\/lovme.pt\\\/index.php\\\/produto\\\/intt-lubricants-gel-estimulante-vaginal-intenso-com-aplicador-vibrador\\\/#breadcrumb\",\"itemListElement\":[{\"@type\":\"ListItem\",\"position\":1,\"name\":\"In\u00edcio\",\"item\":\"https:\\\/\\\/lovme.pt\\\/\"},{\"@type\":\"ListItem\",\"position\":2,\"name\":\"Loja\",\"item\":\"https:\\\/\\\/lovme.pt\\\/index.php\\\/loja\\\/\"},{\"@type\":\"ListItem\",\"position\":3,\"name\":\"INTT LUBRICANTS &#8211; GEL ESTIMULANTE VAGINAL INTENSO COM APLICADOR VIBRADOR\"}]},{\"@type\":\"WebSite\",\"@id\":\"https:\\\/\\\/lovme.pt\\\/#website\",\"url\":\"https:\\\/\\\/lovme.pt\\\/\",\"name\":\"Lovme Loja Er\u00f3tica N\u00ba1 em Portugal\",\"description\":\"A melhor loja er\u00f3tica de Portugal.\",\"alternateName\":\"Loja Er\u00f3tica Lovme\",\"potentialAction\":[{\"@type\":\"SearchAction\",\"target\":{\"@type\":\"EntryPoint\",\"urlTemplate\":\"https:\\\/\\\/lovme.pt\\\/?s={search_term_string}\"},\"query-input\":{\"@type\":\"PropertyValueSpecification\",\"valueRequired\":true,\"valueName\":\"search_term_string\"}}],\"inLanguage\":\"pt-PT\"}]}<\/script>\n<!-- \/ Yoast SEO plugin. -->","yoast_head_json":{"title":"INTT LUBRICANTS - GEL ESTIMULANTE VAGINAL INTENSO COM APLICADOR VIBRADOR - Lovme","robots":{"index":"index","follow":"follow","max-snippet":"max-snippet:-1","max-image-preview":"max-image-preview:large","max-video-preview":"max-video-preview:-1"},"canonical":"https:\/\/lovme.pt\/index.php\/produto\/intt-lubricants-gel-estimulante-vaginal-intenso-com-aplicador-vibrador\/","og_locale":"pt_PT","og_type":"article","og_title":"INTT LUBRICANTS - GEL ESTIMULANTE VAGINAL INTENSO COM APLICADOR VIBRADOR - Lovme","og_description":"EMBALAGEM DISPON\u00cdVEL EM: \/es\/en\/fr\/de\/it\/pt\/","og_url":"https:\/\/lovme.pt\/index.php\/produto\/intt-lubricants-gel-estimulante-vaginal-intenso-com-aplicador-vibrador\/","og_site_name":"Lovme","article_modified_time":"2026-02-19T20:04:52+00:00","og_image":[{"width":800,"height":800,"url":"https:\/\/erki24nd3ub.exactdn.com\/wp-content\/uploads\/dream\/img\/img_145197_6f02e586c715639bd159323a41514b31_1.jpg?strip=all","type":"image\/jpeg"}],"twitter_card":"summary_large_image","twitter_misc":{"Tempo estimado de leitura":"1 minuto"},"schema":{"@context":"https:\/\/schema.org","@graph":[{"@type":"WebPage","@id":"https:\/\/lovme.pt\/index.php\/produto\/intt-lubricants-gel-estimulante-vaginal-intenso-com-aplicador-vibrador\/","url":"https:\/\/lovme.pt\/index.php\/produto\/intt-lubricants-gel-estimulante-vaginal-intenso-com-aplicador-vibrador\/","name":"INTT LUBRICANTS - GEL ESTIMULANTE VAGINAL INTENSO COM APLICADOR VIBRADOR - Lovme","isPartOf":{"@id":"https:\/\/lovme.pt\/#website"},"primaryImageOfPage":{"@id":"https:\/\/lovme.pt\/index.php\/produto\/intt-lubricants-gel-estimulante-vaginal-intenso-com-aplicador-vibrador\/#primaryimage"},"image":{"@id":"https:\/\/lovme.pt\/index.php\/produto\/intt-lubricants-gel-estimulante-vaginal-intenso-com-aplicador-vibrador\/#primaryimage"},"thumbnailUrl":"https:\/\/erki24nd3ub.exactdn.com\/wp-content\/uploads\/dream\/img\/img_145197_6f02e586c715639bd159323a41514b31_1.jpg?strip=all","datePublished":"2025-09-30T09:47:05+00:00","dateModified":"2026-02-19T20:04:52+00:00","breadcrumb":{"@id":"https:\/\/lovme.pt\/index.php\/produto\/intt-lubricants-gel-estimulante-vaginal-intenso-com-aplicador-vibrador\/#breadcrumb"},"inLanguage":"pt-PT","potentialAction":[{"@type":"ReadAction","target":["https:\/\/lovme.pt\/index.php\/produto\/intt-lubricants-gel-estimulante-vaginal-intenso-com-aplicador-vibrador\/"]}]},{"@type":"ImageObject","inLanguage":"pt-PT","@id":"https:\/\/lovme.pt\/index.php\/produto\/intt-lubricants-gel-estimulante-vaginal-intenso-com-aplicador-vibrador\/#primaryimage","url":"https:\/\/erki24nd3ub.exactdn.com\/wp-content\/uploads\/dream\/img\/img_145197_6f02e586c715639bd159323a41514b31_1.jpg?strip=all","contentUrl":"https:\/\/erki24nd3ub.exactdn.com\/wp-content\/uploads\/dream\/img\/img_145197_6f02e586c715639bd159323a41514b31_1.jpg?strip=all","width":800,"height":800},{"@type":"BreadcrumbList","@id":"https:\/\/lovme.pt\/index.php\/produto\/intt-lubricants-gel-estimulante-vaginal-intenso-com-aplicador-vibrador\/#breadcrumb","itemListElement":[{"@type":"ListItem","position":1,"name":"In\u00edcio","item":"https:\/\/lovme.pt\/"},{"@type":"ListItem","position":2,"name":"Loja","item":"https:\/\/lovme.pt\/index.php\/loja\/"},{"@type":"ListItem","position":3,"name":"INTT LUBRICANTS &#8211; GEL ESTIMULANTE VAGINAL INTENSO COM APLICADOR VIBRADOR"}]},{"@type":"WebSite","@id":"https:\/\/lovme.pt\/#website","url":"https:\/\/lovme.pt\/","name":"Lovme Loja Er\u00f3tica N\u00ba1 em Portugal","description":"A melhor loja er\u00f3tica de Portugal.","alternateName":"Loja Er\u00f3tica Lovme","potentialAction":[{"@type":"SearchAction","target":{"@type":"EntryPoint","urlTemplate":"https:\/\/lovme.pt\/?s={search_term_string}"},"query-input":{"@type":"PropertyValueSpecification","valueRequired":true,"valueName":"search_term_string"}}],"inLanguage":"pt-PT"}]}},"_links":{"self":[{"href":"https:\/\/lovme.pt\/index.php\/wp-json\/wp\/v2\/product\/43485","targetHints":{"allow":["GET"]}}],"collection":[{"href":"https:\/\/lovme.pt\/index.php\/wp-json\/wp\/v2\/product"}],"about":[{"href":"https:\/\/lovme.pt\/index.php\/wp-json\/wp\/v2\/types\/product"}],"wp:featuredmedia":[{"embeddable":true,"href":"https:\/\/lovme.pt\/index.php\/wp-json\/wp\/v2\/media\/56980"}],"wp:attachment":[{"href":"https:\/\/lovme.pt\/index.php\/wp-json\/wp\/v2\/media?parent=43485"}],"wp:term":[{"taxonomy":"product_brand","embeddable":true,"href":"https:\/\/lovme.pt\/index.php\/wp-json\/wp\/v2\/product_brand?post=43485"},{"taxonomy":"product_cat","embeddable":true,"href":"https:\/\/lovme.pt\/index.php\/wp-json\/wp\/v2\/product_cat?post=43485"},{"taxonomy":"product_tag","embeddable":true,"href":"https:\/\/lovme.pt\/index.php\/wp-json\/wp\/v2\/product_tag?post=43485"}],"curies":[{"name":"wp","href":"https:\/\/api.w.org\/{rel}","templated":true}]}}