{"id":43482,"date":"2025-09-30T22:18:41","date_gmt":"2025-09-30T22:18:41","guid":{"rendered":"https:\/\/lovme.pt\/?post_type=product&p=43482"},"modified":"2026-02-19T20:09:50","modified_gmt":"2026-02-19T20:09:50","slug":"intt-spray-refrescante-oral-com-sabor-de-menta","status":"publish","type":"product","link":"https:\/\/lovme.pt\/index.php\/produto\/intt-spray-refrescante-oral-com-sabor-de-menta\/","title":{"rendered":"INTT &#8211; SPRAY REFRESCANTE ORAL COM SABOR DE MENTA"},"content":{"rendered":"<p>INTT Deep Throat \u00e9 um spray oral com efeito refrescante e sabor\/aroma de menta fresca.<\/p>\n<p>Especialmente desenvolvido para criar um efeito de formigamento frio e suave para potencializar beijos, lambidas em \u00e1reas sens\u00edveis do corpo e proporcionar\u00e1 sensa\u00e7\u00f5es excitantes durante o sexo oral, aumentando assim as possibilidades de brincadeira.<\/p>\n<p>Aplicar duas ou tr\u00eas pulveriza\u00e7\u00f5es no interior da boca dois minutos antes dos jogos.<\/p>\n<p>Vem em um pr\u00e1tico e leve recipiente de 12 ml em formato spray.<\/p>\n<p>Principais caracter\u00edsticas:<\/p>\n<ul>\n<li>spray bucal<\/li>\n<li>Sabor refrescante de menta.<\/li>\n<li>Efeito frio e c\u00f3cegas.<\/li>\n<li>Ideal para beijos, lambidas e sexo oral.<\/li>\n<li>Ele vem em uma caixa bonita e elegante.<\/li>\n<li>Recipiente confort\u00e1vel e leve.<\/li>\n<li>Frasco de 10ml.<\/li>\n<\/ul>\n","protected":false},"excerpt":{"rendered":"<p>INTT &#8211; SPRAY REFRESCANTE ORAL COM SABOR DE MENTA<\/p>\n","protected":false},"featured_media":76712,"template":"","meta":{"_acf_changed":false},"product_brand":[],"product_cat":[49,53],"product_tag":[],"class_list":{"0":"post-43482","1":"product","2":"type-product","3":"status-publish","4":"has-post-thumbnail","6":"product_cat-cosmeticos","7":"product_cat-lubrificantes-intimos","8":"yith_product_brand-intt","9":"yith_product_brand-inttintt-unisex-arousal-gel","11":"first","12":"instock","13":"taxable","14":"shipping-taxable","15":"purchasable","16":"product-type-simple"},"acf":[],"yoast_head":"<!-- This site is optimized with the Yoast SEO plugin v27.4 - https:\/\/yoast.com\/product\/yoast-seo-wordpress\/ -->\n<title>INTT - SPRAY REFRESCANTE ORAL COM SABOR DE MENTA - Lovme<\/title>\n<meta name=\"robots\" content=\"index, follow, max-snippet:-1, max-image-preview:large, max-video-preview:-1\" \/>\n<link rel=\"canonical\" href=\"https:\/\/lovme.pt\/index.php\/produto\/intt-spray-refrescante-oral-com-sabor-de-menta\/\" \/>\n<meta property=\"og:locale\" content=\"pt_PT\" \/>\n<meta property=\"og:type\" content=\"article\" \/>\n<meta property=\"og:title\" content=\"INTT - SPRAY REFRESCANTE ORAL COM SABOR DE MENTA - Lovme\" \/>\n<meta property=\"og:description\" content=\"INTT - SPRAY REFRESCANTE ORAL COM SABOR DE MENTA\" \/>\n<meta property=\"og:url\" content=\"https:\/\/lovme.pt\/index.php\/produto\/intt-spray-refrescante-oral-com-sabor-de-menta\/\" \/>\n<meta property=\"og:site_name\" content=\"Lovme\" \/>\n<meta property=\"article:modified_time\" content=\"2026-02-19T20:09:50+00:00\" \/>\n<meta property=\"og:image\" content=\"https:\/\/erki24nd3ub.exactdn.com\/wp-content\/uploads\/dream\/img\/img_145182_fca49bb58e2216bbd01854a9c2f54faa_1.jpg?strip=all\" \/>\n\t<meta property=\"og:image:width\" content=\"800\" \/>\n\t<meta property=\"og:image:height\" content=\"800\" \/>\n\t<meta property=\"og:image:type\" content=\"image\/jpeg\" \/>\n<meta name=\"twitter:card\" content=\"summary_large_image\" \/>\n<meta name=\"twitter:label1\" content=\"Tempo estimado de leitura\" \/>\n\t<meta name=\"twitter:data1\" content=\"1 minuto\" \/>\n<script type=\"application\/ld+json\" class=\"yoast-schema-graph\">{\"@context\":\"https:\\\/\\\/schema.org\",\"@graph\":[{\"@type\":\"WebPage\",\"@id\":\"https:\\\/\\\/lovme.pt\\\/index.php\\\/produto\\\/intt-spray-refrescante-oral-com-sabor-de-menta\\\/\",\"url\":\"https:\\\/\\\/lovme.pt\\\/index.php\\\/produto\\\/intt-spray-refrescante-oral-com-sabor-de-menta\\\/\",\"name\":\"INTT - SPRAY REFRESCANTE ORAL COM SABOR DE MENTA - Lovme\",\"isPartOf\":{\"@id\":\"https:\\\/\\\/lovme.pt\\\/#website\"},\"primaryImageOfPage\":{\"@id\":\"https:\\\/\\\/lovme.pt\\\/index.php\\\/produto\\\/intt-spray-refrescante-oral-com-sabor-de-menta\\\/#primaryimage\"},\"image\":{\"@id\":\"https:\\\/\\\/lovme.pt\\\/index.php\\\/produto\\\/intt-spray-refrescante-oral-com-sabor-de-menta\\\/#primaryimage\"},\"thumbnailUrl\":\"https:\\\/\\\/erki24nd3ub.exactdn.com\\\/wp-content\\\/uploads\\\/dream\\\/img\\\/img_145182_fca49bb58e2216bbd01854a9c2f54faa_1.jpg?strip=all\",\"datePublished\":\"2025-09-30T22:18:41+00:00\",\"dateModified\":\"2026-02-19T20:09:50+00:00\",\"breadcrumb\":{\"@id\":\"https:\\\/\\\/lovme.pt\\\/index.php\\\/produto\\\/intt-spray-refrescante-oral-com-sabor-de-menta\\\/#breadcrumb\"},\"inLanguage\":\"pt-PT\",\"potentialAction\":[{\"@type\":\"ReadAction\",\"target\":[\"https:\\\/\\\/lovme.pt\\\/index.php\\\/produto\\\/intt-spray-refrescante-oral-com-sabor-de-menta\\\/\"]}]},{\"@type\":\"ImageObject\",\"inLanguage\":\"pt-PT\",\"@id\":\"https:\\\/\\\/lovme.pt\\\/index.php\\\/produto\\\/intt-spray-refrescante-oral-com-sabor-de-menta\\\/#primaryimage\",\"url\":\"https:\\\/\\\/erki24nd3ub.exactdn.com\\\/wp-content\\\/uploads\\\/dream\\\/img\\\/img_145182_fca49bb58e2216bbd01854a9c2f54faa_1.jpg?strip=all\",\"contentUrl\":\"https:\\\/\\\/erki24nd3ub.exactdn.com\\\/wp-content\\\/uploads\\\/dream\\\/img\\\/img_145182_fca49bb58e2216bbd01854a9c2f54faa_1.jpg?strip=all\",\"width\":800,\"height\":800},{\"@type\":\"BreadcrumbList\",\"@id\":\"https:\\\/\\\/lovme.pt\\\/index.php\\\/produto\\\/intt-spray-refrescante-oral-com-sabor-de-menta\\\/#breadcrumb\",\"itemListElement\":[{\"@type\":\"ListItem\",\"position\":1,\"name\":\"In\u00edcio\",\"item\":\"https:\\\/\\\/lovme.pt\\\/\"},{\"@type\":\"ListItem\",\"position\":2,\"name\":\"Loja\",\"item\":\"https:\\\/\\\/lovme.pt\\\/index.php\\\/loja\\\/\"},{\"@type\":\"ListItem\",\"position\":3,\"name\":\"INTT &#8211; SPRAY REFRESCANTE ORAL COM SABOR DE MENTA\"}]},{\"@type\":\"WebSite\",\"@id\":\"https:\\\/\\\/lovme.pt\\\/#website\",\"url\":\"https:\\\/\\\/lovme.pt\\\/\",\"name\":\"Lovme Loja Er\u00f3tica N\u00ba1 em Portugal\",\"description\":\"A melhor loja er\u00f3tica de Portugal.\",\"alternateName\":\"Loja Er\u00f3tica Lovme\",\"potentialAction\":[{\"@type\":\"SearchAction\",\"target\":{\"@type\":\"EntryPoint\",\"urlTemplate\":\"https:\\\/\\\/lovme.pt\\\/?s={search_term_string}\"},\"query-input\":{\"@type\":\"PropertyValueSpecification\",\"valueRequired\":true,\"valueName\":\"search_term_string\"}}],\"inLanguage\":\"pt-PT\"}]}<\/script>\n<!-- \/ Yoast SEO plugin. -->","yoast_head_json":{"title":"INTT - SPRAY REFRESCANTE ORAL COM SABOR DE MENTA - Lovme","robots":{"index":"index","follow":"follow","max-snippet":"max-snippet:-1","max-image-preview":"max-image-preview:large","max-video-preview":"max-video-preview:-1"},"canonical":"https:\/\/lovme.pt\/index.php\/produto\/intt-spray-refrescante-oral-com-sabor-de-menta\/","og_locale":"pt_PT","og_type":"article","og_title":"INTT - SPRAY REFRESCANTE ORAL COM SABOR DE MENTA - Lovme","og_description":"INTT - SPRAY REFRESCANTE ORAL COM SABOR DE MENTA","og_url":"https:\/\/lovme.pt\/index.php\/produto\/intt-spray-refrescante-oral-com-sabor-de-menta\/","og_site_name":"Lovme","article_modified_time":"2026-02-19T20:09:50+00:00","og_image":[{"width":800,"height":800,"url":"https:\/\/erki24nd3ub.exactdn.com\/wp-content\/uploads\/dream\/img\/img_145182_fca49bb58e2216bbd01854a9c2f54faa_1.jpg?strip=all","type":"image\/jpeg"}],"twitter_card":"summary_large_image","twitter_misc":{"Tempo estimado de leitura":"1 minuto"},"schema":{"@context":"https:\/\/schema.org","@graph":[{"@type":"WebPage","@id":"https:\/\/lovme.pt\/index.php\/produto\/intt-spray-refrescante-oral-com-sabor-de-menta\/","url":"https:\/\/lovme.pt\/index.php\/produto\/intt-spray-refrescante-oral-com-sabor-de-menta\/","name":"INTT - SPRAY REFRESCANTE ORAL COM SABOR DE MENTA - Lovme","isPartOf":{"@id":"https:\/\/lovme.pt\/#website"},"primaryImageOfPage":{"@id":"https:\/\/lovme.pt\/index.php\/produto\/intt-spray-refrescante-oral-com-sabor-de-menta\/#primaryimage"},"image":{"@id":"https:\/\/lovme.pt\/index.php\/produto\/intt-spray-refrescante-oral-com-sabor-de-menta\/#primaryimage"},"thumbnailUrl":"https:\/\/erki24nd3ub.exactdn.com\/wp-content\/uploads\/dream\/img\/img_145182_fca49bb58e2216bbd01854a9c2f54faa_1.jpg?strip=all","datePublished":"2025-09-30T22:18:41+00:00","dateModified":"2026-02-19T20:09:50+00:00","breadcrumb":{"@id":"https:\/\/lovme.pt\/index.php\/produto\/intt-spray-refrescante-oral-com-sabor-de-menta\/#breadcrumb"},"inLanguage":"pt-PT","potentialAction":[{"@type":"ReadAction","target":["https:\/\/lovme.pt\/index.php\/produto\/intt-spray-refrescante-oral-com-sabor-de-menta\/"]}]},{"@type":"ImageObject","inLanguage":"pt-PT","@id":"https:\/\/lovme.pt\/index.php\/produto\/intt-spray-refrescante-oral-com-sabor-de-menta\/#primaryimage","url":"https:\/\/erki24nd3ub.exactdn.com\/wp-content\/uploads\/dream\/img\/img_145182_fca49bb58e2216bbd01854a9c2f54faa_1.jpg?strip=all","contentUrl":"https:\/\/erki24nd3ub.exactdn.com\/wp-content\/uploads\/dream\/img\/img_145182_fca49bb58e2216bbd01854a9c2f54faa_1.jpg?strip=all","width":800,"height":800},{"@type":"BreadcrumbList","@id":"https:\/\/lovme.pt\/index.php\/produto\/intt-spray-refrescante-oral-com-sabor-de-menta\/#breadcrumb","itemListElement":[{"@type":"ListItem","position":1,"name":"In\u00edcio","item":"https:\/\/lovme.pt\/"},{"@type":"ListItem","position":2,"name":"Loja","item":"https:\/\/lovme.pt\/index.php\/loja\/"},{"@type":"ListItem","position":3,"name":"INTT &#8211; SPRAY REFRESCANTE ORAL COM SABOR DE MENTA"}]},{"@type":"WebSite","@id":"https:\/\/lovme.pt\/#website","url":"https:\/\/lovme.pt\/","name":"Lovme Loja Er\u00f3tica N\u00ba1 em Portugal","description":"A melhor loja er\u00f3tica de Portugal.","alternateName":"Loja Er\u00f3tica Lovme","potentialAction":[{"@type":"SearchAction","target":{"@type":"EntryPoint","urlTemplate":"https:\/\/lovme.pt\/?s={search_term_string}"},"query-input":{"@type":"PropertyValueSpecification","valueRequired":true,"valueName":"search_term_string"}}],"inLanguage":"pt-PT"}]}},"_links":{"self":[{"href":"https:\/\/lovme.pt\/index.php\/wp-json\/wp\/v2\/product\/43482","targetHints":{"allow":["GET"]}}],"collection":[{"href":"https:\/\/lovme.pt\/index.php\/wp-json\/wp\/v2\/product"}],"about":[{"href":"https:\/\/lovme.pt\/index.php\/wp-json\/wp\/v2\/types\/product"}],"wp:featuredmedia":[{"embeddable":true,"href":"https:\/\/lovme.pt\/index.php\/wp-json\/wp\/v2\/media\/76712"}],"wp:attachment":[{"href":"https:\/\/lovme.pt\/index.php\/wp-json\/wp\/v2\/media?parent=43482"}],"wp:term":[{"taxonomy":"product_brand","embeddable":true,"href":"https:\/\/lovme.pt\/index.php\/wp-json\/wp\/v2\/product_brand?post=43482"},{"taxonomy":"product_cat","embeddable":true,"href":"https:\/\/lovme.pt\/index.php\/wp-json\/wp\/v2\/product_cat?post=43482"},{"taxonomy":"product_tag","embeddable":true,"href":"https:\/\/lovme.pt\/index.php\/wp-json\/wp\/v2\/product_tag?post=43482"}],"curies":[{"name":"wp","href":"https:\/\/api.w.org\/{rel}","templated":true}]}}