{"id":43481,"date":"2025-09-30T09:44:26","date_gmt":"2025-09-30T09:44:26","guid":{"rendered":"https:\/\/lovme.pt\/?post_type=product&p=43481"},"modified":"2026-02-19T20:03:54","modified_gmt":"2026-02-19T20:03:54","slug":"intt-estimulacao-anal-beijo-grego-15-ml","status":"publish","type":"product","link":"https:\/\/lovme.pt\/index.php\/produto\/intt-estimulacao-anal-beijo-grego-15-ml\/","title":{"rendered":"INTT &#8211; ESTIMULA\u00c7\u00c3O ANAL BEIJO GREGO 15 ML"},"content":{"rendered":"<p>Explorar a intimidade de forma saud\u00e1vel e prazerosa \u00e9 um aspecto fundamental para muitos casais. \u00c0 medida que quebramos barreiras e expandimos os nossos horizontes sexuais, \u00e9 natural procurar novas formas de estimula\u00e7\u00e3o e prazer. Neste contexto, o gel de excita\u00e7\u00e3o anal tem se tornado uma op\u00e7\u00e3o cada vez mais popular para quem deseja desfrutar de sensa\u00e7\u00f5es intensas e diferentes.<\/p>\n<p>Nosso Beijo Grego \u00e9 um gel estimulante com fun\u00e7\u00f5es vibrat\u00f3rias e refrescantes com um delicioso sabor de menta. Ele estimula a regi\u00e3o anal, fazendo com que voc\u00ea tenha mais relaxamento e prazer antes do sexo anal, e tamb\u00e9m \u00e9 extremamente indicado para a pr\u00e1tica do Beijo Grego!<\/p>\n<p><u><strong>O que \u00e9 o beijo grego?<\/strong><\/u><br \/>O termo \u201cbeijo grego\u201d refere-se a uma pr\u00e1tica sexual que envolve estimula\u00e7\u00e3o oral ou beijos na regi\u00e3o anal. \u00c9 uma forma de intimidade que pode ser explorada entre casais adultos consensuais que desejam experimentar novas sensa\u00e7\u00f5es.<\/p>\n<p>No contexto do ato, a pessoa pode estimular o \u00e2nus do parceiro com a l\u00edngua, l\u00e1bios ou boca, proporcionando prazer por meio do contato e estimula\u00e7\u00e3o. \u00c9 importante destacar que a pr\u00e1tica exige boa higiene pessoal e comunica\u00e7\u00e3o aberta entre os parceiros.<\/p>\n<p><u><strong>Como voc\u00ea deve us\u00e1-lo?<\/strong><\/u><br \/>Aplicar 3 a 4 pulveriza\u00e7\u00f5es no \u00e2nus, espalhando at\u00e9 come\u00e7ar a sentir os efeitos.<\/p>\n<p><u><strong>Para quem \u00e9 adequado?<\/strong><\/u><br \/>Para pessoas que querem ter mais prazer na regi\u00e3o anal, experimentar novas sensa\u00e7\u00f5es e ter est\u00edmulos diferentes.<\/p>\n<p><u><strong>DETALHES DO PRODUTO<\/strong><\/u><\/p>\n<ul>\n<li><strong>DICA INTT:<\/strong> Embora o gel para excita\u00e7\u00e3o anal tenha propriedades que deixam a regi\u00e3o mais lubrificada, \u00e9 importante complement\u00e1-lo com um lubrificante \u00e0 base de \u00e1gua para garantir uma experi\u00eancia confort\u00e1vel e segura, j\u00e1 que o \u00e2nus n\u00e3o possui lubrifica\u00e7\u00e3o natural como a vagina. Aplique na regi\u00e3o anal e no objeto de penetra\u00e7\u00e3o.<\/li>\n<li><strong>CUIDADO<\/strong> : Em caso de irrita\u00e7\u00e3o ou desconforto, interrompa o uso. Mantenha fora do alcance de crian\u00e7as. Evite contato com os olhos e, caso ocorra, lave com \u00e1gua em abund\u00e2ncia. N\u00e3o use na pele irritada. Manter em local fresco e ventilado. N\u00e3o reutilize embalagens.<\/li>\n<li><strong>FICHA T\u00c9CNICA:<\/strong> Embalado em bomba airless de 15 ml + caixa de papel\u00e3o. Prazo de validade de 6 meses ap\u00f3s aberto.<\/li>\n<\/ul>\n","protected":false},"excerpt":{"rendered":"<p>INTT &#8211; ESTIMULA\u00c7\u00c3O ANAL BEIJO GREGO 15 ML<\/p>\n","protected":false},"featured_media":56405,"template":"","meta":{"_acf_changed":false},"product_brand":[],"product_cat":[49,53],"product_tag":[],"class_list":{"0":"post-43481","1":"product","2":"type-product","3":"status-publish","4":"has-post-thumbnail","6":"product_cat-cosmeticos","7":"product_cat-lubrificantes-intimos","8":"yith_product_brand-intt","9":"yith_product_brand-inttintt-for-him","11":"first","12":"instock","13":"taxable","14":"shipping-taxable","15":"purchasable","16":"product-type-simple"},"acf":[],"yoast_head":"<!-- This site is optimized with the Yoast SEO plugin v27.4 - https:\/\/yoast.com\/product\/yoast-seo-wordpress\/ -->\n<title>INTT - ESTIMULA\u00c7\u00c3O ANAL BEIJO GREGO 15 ML - Lovme<\/title>\n<meta name=\"robots\" content=\"index, follow, max-snippet:-1, max-image-preview:large, max-video-preview:-1\" \/>\n<link rel=\"canonical\" href=\"https:\/\/lovme.pt\/index.php\/produto\/intt-estimulacao-anal-beijo-grego-15-ml\/\" \/>\n<meta property=\"og:locale\" content=\"pt_PT\" \/>\n<meta property=\"og:type\" content=\"article\" \/>\n<meta property=\"og:title\" content=\"INTT - ESTIMULA\u00c7\u00c3O ANAL BEIJO GREGO 15 ML - Lovme\" \/>\n<meta property=\"og:description\" content=\"INTT - ESTIMULA\u00c7\u00c3O ANAL BEIJO GREGO 15 ML\" \/>\n<meta property=\"og:url\" content=\"https:\/\/lovme.pt\/index.php\/produto\/intt-estimulacao-anal-beijo-grego-15-ml\/\" \/>\n<meta property=\"og:site_name\" content=\"Lovme\" \/>\n<meta property=\"article:modified_time\" content=\"2026-02-19T20:03:54+00:00\" \/>\n<meta property=\"og:image\" content=\"https:\/\/erki24nd3ub.exactdn.com\/wp-content\/uploads\/dream\/img\/img_145181_0a45a61970c262a5d4a3e84b46c42b29_1.jpg?strip=all\" \/>\n\t<meta property=\"og:image:width\" content=\"800\" \/>\n\t<meta property=\"og:image:height\" content=\"800\" \/>\n\t<meta property=\"og:image:type\" content=\"image\/jpeg\" \/>\n<meta name=\"twitter:card\" content=\"summary_large_image\" \/>\n<meta name=\"twitter:label1\" content=\"Tempo estimado de leitura\" \/>\n\t<meta name=\"twitter:data1\" content=\"2 minutos\" \/>\n<script type=\"application\/ld+json\" class=\"yoast-schema-graph\">{\"@context\":\"https:\\\/\\\/schema.org\",\"@graph\":[{\"@type\":\"WebPage\",\"@id\":\"https:\\\/\\\/lovme.pt\\\/index.php\\\/produto\\\/intt-estimulacao-anal-beijo-grego-15-ml\\\/\",\"url\":\"https:\\\/\\\/lovme.pt\\\/index.php\\\/produto\\\/intt-estimulacao-anal-beijo-grego-15-ml\\\/\",\"name\":\"INTT - ESTIMULA\u00c7\u00c3O ANAL BEIJO GREGO 15 ML - Lovme\",\"isPartOf\":{\"@id\":\"https:\\\/\\\/lovme.pt\\\/#website\"},\"primaryImageOfPage\":{\"@id\":\"https:\\\/\\\/lovme.pt\\\/index.php\\\/produto\\\/intt-estimulacao-anal-beijo-grego-15-ml\\\/#primaryimage\"},\"image\":{\"@id\":\"https:\\\/\\\/lovme.pt\\\/index.php\\\/produto\\\/intt-estimulacao-anal-beijo-grego-15-ml\\\/#primaryimage\"},\"thumbnailUrl\":\"https:\\\/\\\/erki24nd3ub.exactdn.com\\\/wp-content\\\/uploads\\\/dream\\\/img\\\/img_145181_0a45a61970c262a5d4a3e84b46c42b29_1.jpg?strip=all\",\"datePublished\":\"2025-09-30T09:44:26+00:00\",\"dateModified\":\"2026-02-19T20:03:54+00:00\",\"breadcrumb\":{\"@id\":\"https:\\\/\\\/lovme.pt\\\/index.php\\\/produto\\\/intt-estimulacao-anal-beijo-grego-15-ml\\\/#breadcrumb\"},\"inLanguage\":\"pt-PT\",\"potentialAction\":[{\"@type\":\"ReadAction\",\"target\":[\"https:\\\/\\\/lovme.pt\\\/index.php\\\/produto\\\/intt-estimulacao-anal-beijo-grego-15-ml\\\/\"]}]},{\"@type\":\"ImageObject\",\"inLanguage\":\"pt-PT\",\"@id\":\"https:\\\/\\\/lovme.pt\\\/index.php\\\/produto\\\/intt-estimulacao-anal-beijo-grego-15-ml\\\/#primaryimage\",\"url\":\"https:\\\/\\\/erki24nd3ub.exactdn.com\\\/wp-content\\\/uploads\\\/dream\\\/img\\\/img_145181_0a45a61970c262a5d4a3e84b46c42b29_1.jpg?strip=all\",\"contentUrl\":\"https:\\\/\\\/erki24nd3ub.exactdn.com\\\/wp-content\\\/uploads\\\/dream\\\/img\\\/img_145181_0a45a61970c262a5d4a3e84b46c42b29_1.jpg?strip=all\",\"width\":800,\"height\":800},{\"@type\":\"BreadcrumbList\",\"@id\":\"https:\\\/\\\/lovme.pt\\\/index.php\\\/produto\\\/intt-estimulacao-anal-beijo-grego-15-ml\\\/#breadcrumb\",\"itemListElement\":[{\"@type\":\"ListItem\",\"position\":1,\"name\":\"In\u00edcio\",\"item\":\"https:\\\/\\\/lovme.pt\\\/\"},{\"@type\":\"ListItem\",\"position\":2,\"name\":\"Loja\",\"item\":\"https:\\\/\\\/lovme.pt\\\/index.php\\\/loja\\\/\"},{\"@type\":\"ListItem\",\"position\":3,\"name\":\"INTT &#8211; ESTIMULA\u00c7\u00c3O ANAL BEIJO GREGO 15 ML\"}]},{\"@type\":\"WebSite\",\"@id\":\"https:\\\/\\\/lovme.pt\\\/#website\",\"url\":\"https:\\\/\\\/lovme.pt\\\/\",\"name\":\"Lovme Loja Er\u00f3tica N\u00ba1 em Portugal\",\"description\":\"A melhor loja er\u00f3tica de Portugal.\",\"alternateName\":\"Loja Er\u00f3tica Lovme\",\"potentialAction\":[{\"@type\":\"SearchAction\",\"target\":{\"@type\":\"EntryPoint\",\"urlTemplate\":\"https:\\\/\\\/lovme.pt\\\/?s={search_term_string}\"},\"query-input\":{\"@type\":\"PropertyValueSpecification\",\"valueRequired\":true,\"valueName\":\"search_term_string\"}}],\"inLanguage\":\"pt-PT\"}]}<\/script>\n<!-- \/ Yoast SEO plugin. -->","yoast_head_json":{"title":"INTT - ESTIMULA\u00c7\u00c3O ANAL BEIJO GREGO 15 ML - Lovme","robots":{"index":"index","follow":"follow","max-snippet":"max-snippet:-1","max-image-preview":"max-image-preview:large","max-video-preview":"max-video-preview:-1"},"canonical":"https:\/\/lovme.pt\/index.php\/produto\/intt-estimulacao-anal-beijo-grego-15-ml\/","og_locale":"pt_PT","og_type":"article","og_title":"INTT - ESTIMULA\u00c7\u00c3O ANAL BEIJO GREGO 15 ML - Lovme","og_description":"INTT - ESTIMULA\u00c7\u00c3O ANAL BEIJO GREGO 15 ML","og_url":"https:\/\/lovme.pt\/index.php\/produto\/intt-estimulacao-anal-beijo-grego-15-ml\/","og_site_name":"Lovme","article_modified_time":"2026-02-19T20:03:54+00:00","og_image":[{"width":800,"height":800,"url":"https:\/\/erki24nd3ub.exactdn.com\/wp-content\/uploads\/dream\/img\/img_145181_0a45a61970c262a5d4a3e84b46c42b29_1.jpg?strip=all","type":"image\/jpeg"}],"twitter_card":"summary_large_image","twitter_misc":{"Tempo estimado de leitura":"2 minutos"},"schema":{"@context":"https:\/\/schema.org","@graph":[{"@type":"WebPage","@id":"https:\/\/lovme.pt\/index.php\/produto\/intt-estimulacao-anal-beijo-grego-15-ml\/","url":"https:\/\/lovme.pt\/index.php\/produto\/intt-estimulacao-anal-beijo-grego-15-ml\/","name":"INTT - ESTIMULA\u00c7\u00c3O ANAL BEIJO GREGO 15 ML - Lovme","isPartOf":{"@id":"https:\/\/lovme.pt\/#website"},"primaryImageOfPage":{"@id":"https:\/\/lovme.pt\/index.php\/produto\/intt-estimulacao-anal-beijo-grego-15-ml\/#primaryimage"},"image":{"@id":"https:\/\/lovme.pt\/index.php\/produto\/intt-estimulacao-anal-beijo-grego-15-ml\/#primaryimage"},"thumbnailUrl":"https:\/\/erki24nd3ub.exactdn.com\/wp-content\/uploads\/dream\/img\/img_145181_0a45a61970c262a5d4a3e84b46c42b29_1.jpg?strip=all","datePublished":"2025-09-30T09:44:26+00:00","dateModified":"2026-02-19T20:03:54+00:00","breadcrumb":{"@id":"https:\/\/lovme.pt\/index.php\/produto\/intt-estimulacao-anal-beijo-grego-15-ml\/#breadcrumb"},"inLanguage":"pt-PT","potentialAction":[{"@type":"ReadAction","target":["https:\/\/lovme.pt\/index.php\/produto\/intt-estimulacao-anal-beijo-grego-15-ml\/"]}]},{"@type":"ImageObject","inLanguage":"pt-PT","@id":"https:\/\/lovme.pt\/index.php\/produto\/intt-estimulacao-anal-beijo-grego-15-ml\/#primaryimage","url":"https:\/\/erki24nd3ub.exactdn.com\/wp-content\/uploads\/dream\/img\/img_145181_0a45a61970c262a5d4a3e84b46c42b29_1.jpg?strip=all","contentUrl":"https:\/\/erki24nd3ub.exactdn.com\/wp-content\/uploads\/dream\/img\/img_145181_0a45a61970c262a5d4a3e84b46c42b29_1.jpg?strip=all","width":800,"height":800},{"@type":"BreadcrumbList","@id":"https:\/\/lovme.pt\/index.php\/produto\/intt-estimulacao-anal-beijo-grego-15-ml\/#breadcrumb","itemListElement":[{"@type":"ListItem","position":1,"name":"In\u00edcio","item":"https:\/\/lovme.pt\/"},{"@type":"ListItem","position":2,"name":"Loja","item":"https:\/\/lovme.pt\/index.php\/loja\/"},{"@type":"ListItem","position":3,"name":"INTT &#8211; ESTIMULA\u00c7\u00c3O ANAL BEIJO GREGO 15 ML"}]},{"@type":"WebSite","@id":"https:\/\/lovme.pt\/#website","url":"https:\/\/lovme.pt\/","name":"Lovme Loja Er\u00f3tica N\u00ba1 em Portugal","description":"A melhor loja er\u00f3tica de Portugal.","alternateName":"Loja Er\u00f3tica Lovme","potentialAction":[{"@type":"SearchAction","target":{"@type":"EntryPoint","urlTemplate":"https:\/\/lovme.pt\/?s={search_term_string}"},"query-input":{"@type":"PropertyValueSpecification","valueRequired":true,"valueName":"search_term_string"}}],"inLanguage":"pt-PT"}]}},"_links":{"self":[{"href":"https:\/\/lovme.pt\/index.php\/wp-json\/wp\/v2\/product\/43481","targetHints":{"allow":["GET"]}}],"collection":[{"href":"https:\/\/lovme.pt\/index.php\/wp-json\/wp\/v2\/product"}],"about":[{"href":"https:\/\/lovme.pt\/index.php\/wp-json\/wp\/v2\/types\/product"}],"wp:featuredmedia":[{"embeddable":true,"href":"https:\/\/lovme.pt\/index.php\/wp-json\/wp\/v2\/media\/56405"}],"wp:attachment":[{"href":"https:\/\/lovme.pt\/index.php\/wp-json\/wp\/v2\/media?parent=43481"}],"wp:term":[{"taxonomy":"product_brand","embeddable":true,"href":"https:\/\/lovme.pt\/index.php\/wp-json\/wp\/v2\/product_brand?post=43481"},{"taxonomy":"product_cat","embeddable":true,"href":"https:\/\/lovme.pt\/index.php\/wp-json\/wp\/v2\/product_cat?post=43481"},{"taxonomy":"product_tag","embeddable":true,"href":"https:\/\/lovme.pt\/index.php\/wp-json\/wp\/v2\/product_tag?post=43481"}],"curies":[{"name":"wp","href":"https:\/\/api.w.org\/{rel}","templated":true}]}}