{"id":43475,"date":"2025-09-30T22:22:43","date_gmt":"2025-09-30T22:22:43","guid":{"rendered":"https:\/\/lovme.pt\/?post_type=product&p=43475"},"modified":"2026-02-19T20:11:28","modified_gmt":"2026-02-19T20:11:28","slug":"intt-poderoso-gel-vibrante-estimulante-intimo-fr-o-effect-15ml","status":"publish","type":"product","link":"https:\/\/lovme.pt\/index.php\/produto\/intt-poderoso-gel-vibrante-estimulante-intimo-fr-o-effect-15ml\/","title":{"rendered":"INTT &#8211; PODEROSO GEL VIBRANTE ESTIMULANTE \u00cdNTIMO FR O EFFECT 15ML"},"content":{"rendered":"<p>INTT Vibration Ice \u00e9 um poderoso gel estimulante especialmente desenvolvido para proporcionar sensa\u00e7\u00f5es vibrat\u00f3rias na regi\u00e3o \u00edntima.<\/p>\n<p>\u00c9 um vibrador l\u00edquido que se aplica na zona \u00edntima, quer na vulva\/clit\u00f3ris, quer no p\u00e9nis\/glande, e proporciona sensa\u00e7\u00f5es muito intensas. O Vibration Ice tamb\u00e9m adiciona efeito de gelo e sabor de menta. Totalmente indicado para penetra\u00e7\u00e3o, masturba\u00e7\u00e3o e gra\u00e7as ao seu aroma refrescante e sabor a menta, torna muito agrad\u00e1vel ser beij\u00e1vel, melhorando assim a pr\u00e1tica do sexo oral e abrindo um amplo leque de possibilidades de jogo.<\/p>\n<p>Uma pequena quantidade deve ser aplicada na regi\u00e3o \u00edntima e o produto massageado suavemente.<\/p>\n<p>Apresenta-se num recipiente confort\u00e1vel e pr\u00e1tico com dispensador de 15 ml.<\/p>\n<p>Principais caracter\u00edsticas:<\/p>\n<ul>\n<li>gel estimulante.<\/li>\n<li>Fluido vibrat\u00f3rio.<\/li>\n<li>Adiciona efeito de gelo e aroma\/sabor de menta.<\/li>\n<li>Aumenta a sensibilidade da \u00e1rea \u00edntima.<\/li>\n<li>beij\u00e1vel.<\/li>\n<li>Adequado para penetra\u00e7\u00e3o, masturba\u00e7\u00e3o e sexo oral.<\/li>\n<li>Ele oferece uma \u00f3tima op\u00e7\u00e3o de jogo.<\/li>\n<li>Formato confort\u00e1vel e pr\u00e1tico.<\/li>\n<li>Com dispensador.<\/li>\n<li>Frasco de 15ml.<\/li>\n<\/ul>\n","protected":false},"excerpt":{"rendered":"<p>INTT &#8211; PODEROSO GEL VIBRANTE ESTIMULANTE \u00cdNTIMO FR O EFFECT 15ML<\/p>\n","protected":false},"featured_media":77277,"template":"","meta":{"_acf_changed":false},"product_brand":[],"product_cat":[49,52],"product_tag":[],"class_list":{"0":"post-43475","1":"product","2":"type-product","3":"status-publish","4":"has-post-thumbnail","6":"product_cat-cosmeticos","7":"product_cat-estimulantes","8":"yith_product_brand-intt","9":"yith_product_brand-inttintt-unisex-arousal-gel","11":"first","12":"instock","13":"taxable","14":"shipping-taxable","15":"purchasable","16":"product-type-simple"},"acf":[],"yoast_head":"<!-- This site is optimized with the Yoast SEO plugin v27.4 - https:\/\/yoast.com\/product\/yoast-seo-wordpress\/ -->\n<title>INTT - PODEROSO GEL VIBRANTE ESTIMULANTE \u00cdNTIMO FR O EFFECT 15ML - Lovme<\/title>\n<meta name=\"robots\" content=\"index, follow, max-snippet:-1, max-image-preview:large, max-video-preview:-1\" \/>\n<link rel=\"canonical\" href=\"https:\/\/lovme.pt\/index.php\/produto\/intt-poderoso-gel-vibrante-estimulante-intimo-fr-o-effect-15ml\/\" \/>\n<meta property=\"og:locale\" content=\"pt_PT\" \/>\n<meta property=\"og:type\" content=\"article\" \/>\n<meta property=\"og:title\" content=\"INTT - PODEROSO GEL VIBRANTE ESTIMULANTE \u00cdNTIMO FR O EFFECT 15ML - Lovme\" \/>\n<meta property=\"og:description\" content=\"INTT - PODEROSO GEL VIBRANTE ESTIMULANTE \u00cdNTIMO FR O EFFECT 15ML\" \/>\n<meta property=\"og:url\" content=\"https:\/\/lovme.pt\/index.php\/produto\/intt-poderoso-gel-vibrante-estimulante-intimo-fr-o-effect-15ml\/\" \/>\n<meta property=\"og:site_name\" content=\"Lovme\" \/>\n<meta property=\"article:modified_time\" content=\"2026-02-19T20:11:28+00:00\" \/>\n<meta property=\"og:image\" content=\"https:\/\/erki24nd3ub.exactdn.com\/wp-content\/uploads\/dream\/img\/img_145163_e85ff03de88dc9588b8f36c3ea19de43_1.jpg?strip=all\" \/>\n\t<meta property=\"og:image:width\" content=\"800\" \/>\n\t<meta property=\"og:image:height\" content=\"800\" \/>\n\t<meta property=\"og:image:type\" content=\"image\/jpeg\" \/>\n<meta name=\"twitter:card\" content=\"summary_large_image\" \/>\n<meta name=\"twitter:label1\" content=\"Tempo estimado de leitura\" \/>\n\t<meta name=\"twitter:data1\" content=\"1 minuto\" \/>\n<script type=\"application\/ld+json\" class=\"yoast-schema-graph\">{\"@context\":\"https:\\\/\\\/schema.org\",\"@graph\":[{\"@type\":\"WebPage\",\"@id\":\"https:\\\/\\\/lovme.pt\\\/index.php\\\/produto\\\/intt-poderoso-gel-vibrante-estimulante-intimo-fr-o-effect-15ml\\\/\",\"url\":\"https:\\\/\\\/lovme.pt\\\/index.php\\\/produto\\\/intt-poderoso-gel-vibrante-estimulante-intimo-fr-o-effect-15ml\\\/\",\"name\":\"INTT - PODEROSO GEL VIBRANTE ESTIMULANTE \u00cdNTIMO FR O EFFECT 15ML - Lovme\",\"isPartOf\":{\"@id\":\"https:\\\/\\\/lovme.pt\\\/#website\"},\"primaryImageOfPage\":{\"@id\":\"https:\\\/\\\/lovme.pt\\\/index.php\\\/produto\\\/intt-poderoso-gel-vibrante-estimulante-intimo-fr-o-effect-15ml\\\/#primaryimage\"},\"image\":{\"@id\":\"https:\\\/\\\/lovme.pt\\\/index.php\\\/produto\\\/intt-poderoso-gel-vibrante-estimulante-intimo-fr-o-effect-15ml\\\/#primaryimage\"},\"thumbnailUrl\":\"https:\\\/\\\/erki24nd3ub.exactdn.com\\\/wp-content\\\/uploads\\\/dream\\\/img\\\/img_145163_e85ff03de88dc9588b8f36c3ea19de43_1.jpg?strip=all\",\"datePublished\":\"2025-09-30T22:22:43+00:00\",\"dateModified\":\"2026-02-19T20:11:28+00:00\",\"breadcrumb\":{\"@id\":\"https:\\\/\\\/lovme.pt\\\/index.php\\\/produto\\\/intt-poderoso-gel-vibrante-estimulante-intimo-fr-o-effect-15ml\\\/#breadcrumb\"},\"inLanguage\":\"pt-PT\",\"potentialAction\":[{\"@type\":\"ReadAction\",\"target\":[\"https:\\\/\\\/lovme.pt\\\/index.php\\\/produto\\\/intt-poderoso-gel-vibrante-estimulante-intimo-fr-o-effect-15ml\\\/\"]}]},{\"@type\":\"ImageObject\",\"inLanguage\":\"pt-PT\",\"@id\":\"https:\\\/\\\/lovme.pt\\\/index.php\\\/produto\\\/intt-poderoso-gel-vibrante-estimulante-intimo-fr-o-effect-15ml\\\/#primaryimage\",\"url\":\"https:\\\/\\\/erki24nd3ub.exactdn.com\\\/wp-content\\\/uploads\\\/dream\\\/img\\\/img_145163_e85ff03de88dc9588b8f36c3ea19de43_1.jpg?strip=all\",\"contentUrl\":\"https:\\\/\\\/erki24nd3ub.exactdn.com\\\/wp-content\\\/uploads\\\/dream\\\/img\\\/img_145163_e85ff03de88dc9588b8f36c3ea19de43_1.jpg?strip=all\",\"width\":800,\"height\":800},{\"@type\":\"BreadcrumbList\",\"@id\":\"https:\\\/\\\/lovme.pt\\\/index.php\\\/produto\\\/intt-poderoso-gel-vibrante-estimulante-intimo-fr-o-effect-15ml\\\/#breadcrumb\",\"itemListElement\":[{\"@type\":\"ListItem\",\"position\":1,\"name\":\"In\u00edcio\",\"item\":\"https:\\\/\\\/lovme.pt\\\/\"},{\"@type\":\"ListItem\",\"position\":2,\"name\":\"Loja\",\"item\":\"https:\\\/\\\/lovme.pt\\\/index.php\\\/loja\\\/\"},{\"@type\":\"ListItem\",\"position\":3,\"name\":\"INTT &#8211; PODEROSO GEL VIBRANTE ESTIMULANTE \u00cdNTIMO FR O EFFECT 15ML\"}]},{\"@type\":\"WebSite\",\"@id\":\"https:\\\/\\\/lovme.pt\\\/#website\",\"url\":\"https:\\\/\\\/lovme.pt\\\/\",\"name\":\"Lovme Loja Er\u00f3tica N\u00ba1 em Portugal\",\"description\":\"A melhor loja er\u00f3tica de Portugal.\",\"alternateName\":\"Loja Er\u00f3tica Lovme\",\"potentialAction\":[{\"@type\":\"SearchAction\",\"target\":{\"@type\":\"EntryPoint\",\"urlTemplate\":\"https:\\\/\\\/lovme.pt\\\/?s={search_term_string}\"},\"query-input\":{\"@type\":\"PropertyValueSpecification\",\"valueRequired\":true,\"valueName\":\"search_term_string\"}}],\"inLanguage\":\"pt-PT\"}]}<\/script>\n<!-- \/ Yoast SEO plugin. -->","yoast_head_json":{"title":"INTT - PODEROSO GEL VIBRANTE ESTIMULANTE \u00cdNTIMO FR O EFFECT 15ML - Lovme","robots":{"index":"index","follow":"follow","max-snippet":"max-snippet:-1","max-image-preview":"max-image-preview:large","max-video-preview":"max-video-preview:-1"},"canonical":"https:\/\/lovme.pt\/index.php\/produto\/intt-poderoso-gel-vibrante-estimulante-intimo-fr-o-effect-15ml\/","og_locale":"pt_PT","og_type":"article","og_title":"INTT - PODEROSO GEL VIBRANTE ESTIMULANTE \u00cdNTIMO FR O EFFECT 15ML - Lovme","og_description":"INTT - PODEROSO GEL VIBRANTE ESTIMULANTE \u00cdNTIMO FR O EFFECT 15ML","og_url":"https:\/\/lovme.pt\/index.php\/produto\/intt-poderoso-gel-vibrante-estimulante-intimo-fr-o-effect-15ml\/","og_site_name":"Lovme","article_modified_time":"2026-02-19T20:11:28+00:00","og_image":[{"width":800,"height":800,"url":"https:\/\/erki24nd3ub.exactdn.com\/wp-content\/uploads\/dream\/img\/img_145163_e85ff03de88dc9588b8f36c3ea19de43_1.jpg?strip=all","type":"image\/jpeg"}],"twitter_card":"summary_large_image","twitter_misc":{"Tempo estimado de leitura":"1 minuto"},"schema":{"@context":"https:\/\/schema.org","@graph":[{"@type":"WebPage","@id":"https:\/\/lovme.pt\/index.php\/produto\/intt-poderoso-gel-vibrante-estimulante-intimo-fr-o-effect-15ml\/","url":"https:\/\/lovme.pt\/index.php\/produto\/intt-poderoso-gel-vibrante-estimulante-intimo-fr-o-effect-15ml\/","name":"INTT - PODEROSO GEL VIBRANTE ESTIMULANTE \u00cdNTIMO FR O EFFECT 15ML - Lovme","isPartOf":{"@id":"https:\/\/lovme.pt\/#website"},"primaryImageOfPage":{"@id":"https:\/\/lovme.pt\/index.php\/produto\/intt-poderoso-gel-vibrante-estimulante-intimo-fr-o-effect-15ml\/#primaryimage"},"image":{"@id":"https:\/\/lovme.pt\/index.php\/produto\/intt-poderoso-gel-vibrante-estimulante-intimo-fr-o-effect-15ml\/#primaryimage"},"thumbnailUrl":"https:\/\/erki24nd3ub.exactdn.com\/wp-content\/uploads\/dream\/img\/img_145163_e85ff03de88dc9588b8f36c3ea19de43_1.jpg?strip=all","datePublished":"2025-09-30T22:22:43+00:00","dateModified":"2026-02-19T20:11:28+00:00","breadcrumb":{"@id":"https:\/\/lovme.pt\/index.php\/produto\/intt-poderoso-gel-vibrante-estimulante-intimo-fr-o-effect-15ml\/#breadcrumb"},"inLanguage":"pt-PT","potentialAction":[{"@type":"ReadAction","target":["https:\/\/lovme.pt\/index.php\/produto\/intt-poderoso-gel-vibrante-estimulante-intimo-fr-o-effect-15ml\/"]}]},{"@type":"ImageObject","inLanguage":"pt-PT","@id":"https:\/\/lovme.pt\/index.php\/produto\/intt-poderoso-gel-vibrante-estimulante-intimo-fr-o-effect-15ml\/#primaryimage","url":"https:\/\/erki24nd3ub.exactdn.com\/wp-content\/uploads\/dream\/img\/img_145163_e85ff03de88dc9588b8f36c3ea19de43_1.jpg?strip=all","contentUrl":"https:\/\/erki24nd3ub.exactdn.com\/wp-content\/uploads\/dream\/img\/img_145163_e85ff03de88dc9588b8f36c3ea19de43_1.jpg?strip=all","width":800,"height":800},{"@type":"BreadcrumbList","@id":"https:\/\/lovme.pt\/index.php\/produto\/intt-poderoso-gel-vibrante-estimulante-intimo-fr-o-effect-15ml\/#breadcrumb","itemListElement":[{"@type":"ListItem","position":1,"name":"In\u00edcio","item":"https:\/\/lovme.pt\/"},{"@type":"ListItem","position":2,"name":"Loja","item":"https:\/\/lovme.pt\/index.php\/loja\/"},{"@type":"ListItem","position":3,"name":"INTT &#8211; PODEROSO GEL VIBRANTE ESTIMULANTE \u00cdNTIMO FR O EFFECT 15ML"}]},{"@type":"WebSite","@id":"https:\/\/lovme.pt\/#website","url":"https:\/\/lovme.pt\/","name":"Lovme Loja Er\u00f3tica N\u00ba1 em Portugal","description":"A melhor loja er\u00f3tica de Portugal.","alternateName":"Loja Er\u00f3tica Lovme","potentialAction":[{"@type":"SearchAction","target":{"@type":"EntryPoint","urlTemplate":"https:\/\/lovme.pt\/?s={search_term_string}"},"query-input":{"@type":"PropertyValueSpecification","valueRequired":true,"valueName":"search_term_string"}}],"inLanguage":"pt-PT"}]}},"_links":{"self":[{"href":"https:\/\/lovme.pt\/index.php\/wp-json\/wp\/v2\/product\/43475","targetHints":{"allow":["GET"]}}],"collection":[{"href":"https:\/\/lovme.pt\/index.php\/wp-json\/wp\/v2\/product"}],"about":[{"href":"https:\/\/lovme.pt\/index.php\/wp-json\/wp\/v2\/types\/product"}],"wp:featuredmedia":[{"embeddable":true,"href":"https:\/\/lovme.pt\/index.php\/wp-json\/wp\/v2\/media\/77277"}],"wp:attachment":[{"href":"https:\/\/lovme.pt\/index.php\/wp-json\/wp\/v2\/media?parent=43475"}],"wp:term":[{"taxonomy":"product_brand","embeddable":true,"href":"https:\/\/lovme.pt\/index.php\/wp-json\/wp\/v2\/product_brand?post=43475"},{"taxonomy":"product_cat","embeddable":true,"href":"https:\/\/lovme.pt\/index.php\/wp-json\/wp\/v2\/product_cat?post=43475"},{"taxonomy":"product_tag","embeddable":true,"href":"https:\/\/lovme.pt\/index.php\/wp-json\/wp\/v2\/product_tag?post=43475"}],"curies":[{"name":"wp","href":"https:\/\/api.w.org\/{rel}","templated":true}]}}