{"id":43473,"date":"2025-09-30T22:19:22","date_gmt":"2025-09-30T22:19:22","guid":{"rendered":"https:\/\/lovme.pt\/?post_type=product&p=43473"},"modified":"2026-02-19T20:09:53","modified_gmt":"2026-02-19T20:09:53","slug":"intt-releases-sexy-glow-iluminante-corpo-pele","status":"publish","type":"product","link":"https:\/\/lovme.pt\/index.php\/produto\/intt-releases-sexy-glow-iluminante-corpo-pele\/","title":{"rendered":"INTT RELEASES &#8211; SEXY GLOW ILUMINANTE CORPO PELE"},"content":{"rendered":"<p>INTT Sexy Glow \u00e9 um iluminador corporal que vai deixar a pele macia e suave, al\u00e9m de dar um toque sensual e doce.<\/p>\n<p>O creme \u00e9 muito macio e cont\u00e9m microesferas douradas que proporcionam um brilho instant\u00e2neo e um leve bronzeado. Al\u00e9m disso, o produto pode corrigir as imperfei\u00e7\u00f5es da pele, como manchas e estrias, deixando-a lisa e com tom mais uniforme. Ele tamb\u00e9m adiciona um aroma envolvente de baunilha doce.<\/p>\n<p>Para sua aplica\u00e7\u00e3o \u00e9 necess\u00e1rio massagear bem a \u00e1rea com o produto, fazendo movimentos circulares, at\u00e9 obter uma cor uniforme e aguardar a secagem do produto.<\/p>\n<p>Apresenta-se numa elegante, c\u00f3moda e pr\u00e1tica embalagem com doseador de 60 ml.<\/p>\n<p>Principais caracter\u00edsticas:<\/p>\n<ul>\n<li>Iluminador corporal.<\/li>\n<li>D\u00ea a ela uma pele macia e suave.<\/li>\n<li>Com toque sensual e aroma de baunilha.<\/li>\n<li>Textura suave.<\/li>\n<li>Cont\u00e9m toques dourados.<\/li>\n<li>Proporciona brilho e efeito bronzeado.<\/li>\n<li>Deixa a pele com um tom mais uniforme.<\/li>\n<li>Embalagem elegante, confort\u00e1vel e pr\u00e1tica.<\/li>\n<li>Com dispensador.<\/li>\n<li>capacidade de 60 ml.<\/li>\n<\/ul>\n","protected":false},"excerpt":{"rendered":"<p>EMBALAGEM DISPON\u00cdVEL EM: \/es\/en\/fr\/de\/it\/pt\/<\/p>\n","protected":false},"featured_media":76812,"template":"","meta":{"_acf_changed":false},"product_brand":[],"product_cat":[49,51],"product_tag":[],"class_list":{"0":"post-43473","1":"product","2":"type-product","3":"status-publish","4":"has-post-thumbnail","6":"product_cat-cosmeticos","7":"product_cat-oleos-de-massagem","8":"yith_product_brand-intt","9":"yith_product_brand-inttintt-releases","11":"first","12":"instock","13":"taxable","14":"shipping-taxable","15":"purchasable","16":"product-type-simple"},"acf":[],"yoast_head":"<!-- This site is optimized with the Yoast SEO plugin v27.4 - https:\/\/yoast.com\/product\/yoast-seo-wordpress\/ -->\n<title>INTT RELEASES - SEXY GLOW ILUMINANTE CORPO PELE - Lovme<\/title>\n<meta name=\"robots\" content=\"index, follow, max-snippet:-1, max-image-preview:large, max-video-preview:-1\" \/>\n<link rel=\"canonical\" href=\"https:\/\/lovme.pt\/index.php\/produto\/intt-releases-sexy-glow-iluminante-corpo-pele\/\" \/>\n<meta property=\"og:locale\" content=\"pt_PT\" \/>\n<meta property=\"og:type\" content=\"article\" \/>\n<meta property=\"og:title\" content=\"INTT RELEASES - SEXY GLOW ILUMINANTE CORPO PELE - Lovme\" \/>\n<meta property=\"og:description\" content=\"EMBALAGEM DISPON\u00cdVEL EM: \/es\/en\/fr\/de\/it\/pt\/\" \/>\n<meta property=\"og:url\" content=\"https:\/\/lovme.pt\/index.php\/produto\/intt-releases-sexy-glow-iluminante-corpo-pele\/\" \/>\n<meta property=\"og:site_name\" content=\"Lovme\" \/>\n<meta property=\"article:modified_time\" content=\"2026-02-19T20:09:53+00:00\" \/>\n<meta property=\"og:image\" content=\"https:\/\/erki24nd3ub.exactdn.com\/wp-content\/uploads\/dream\/img\/img_146481_ef18a45deab1874176c68c62444ee940_1.jpg?strip=all\" \/>\n\t<meta property=\"og:image:width\" content=\"518\" \/>\n\t<meta property=\"og:image:height\" content=\"518\" \/>\n\t<meta property=\"og:image:type\" content=\"image\/jpeg\" \/>\n<meta name=\"twitter:card\" content=\"summary_large_image\" \/>\n<meta name=\"twitter:label1\" content=\"Tempo estimado de leitura\" \/>\n\t<meta name=\"twitter:data1\" content=\"1 minuto\" \/>\n<script type=\"application\/ld+json\" class=\"yoast-schema-graph\">{\"@context\":\"https:\\\/\\\/schema.org\",\"@graph\":[{\"@type\":\"WebPage\",\"@id\":\"https:\\\/\\\/lovme.pt\\\/index.php\\\/produto\\\/intt-releases-sexy-glow-iluminante-corpo-pele\\\/\",\"url\":\"https:\\\/\\\/lovme.pt\\\/index.php\\\/produto\\\/intt-releases-sexy-glow-iluminante-corpo-pele\\\/\",\"name\":\"INTT RELEASES - SEXY GLOW ILUMINANTE CORPO PELE - Lovme\",\"isPartOf\":{\"@id\":\"https:\\\/\\\/lovme.pt\\\/#website\"},\"primaryImageOfPage\":{\"@id\":\"https:\\\/\\\/lovme.pt\\\/index.php\\\/produto\\\/intt-releases-sexy-glow-iluminante-corpo-pele\\\/#primaryimage\"},\"image\":{\"@id\":\"https:\\\/\\\/lovme.pt\\\/index.php\\\/produto\\\/intt-releases-sexy-glow-iluminante-corpo-pele\\\/#primaryimage\"},\"thumbnailUrl\":\"https:\\\/\\\/erki24nd3ub.exactdn.com\\\/wp-content\\\/uploads\\\/dream\\\/img\\\/img_146481_ef18a45deab1874176c68c62444ee940_1.jpg?strip=all\",\"datePublished\":\"2025-09-30T22:19:22+00:00\",\"dateModified\":\"2026-02-19T20:09:53+00:00\",\"breadcrumb\":{\"@id\":\"https:\\\/\\\/lovme.pt\\\/index.php\\\/produto\\\/intt-releases-sexy-glow-iluminante-corpo-pele\\\/#breadcrumb\"},\"inLanguage\":\"pt-PT\",\"potentialAction\":[{\"@type\":\"ReadAction\",\"target\":[\"https:\\\/\\\/lovme.pt\\\/index.php\\\/produto\\\/intt-releases-sexy-glow-iluminante-corpo-pele\\\/\"]}]},{\"@type\":\"ImageObject\",\"inLanguage\":\"pt-PT\",\"@id\":\"https:\\\/\\\/lovme.pt\\\/index.php\\\/produto\\\/intt-releases-sexy-glow-iluminante-corpo-pele\\\/#primaryimage\",\"url\":\"https:\\\/\\\/erki24nd3ub.exactdn.com\\\/wp-content\\\/uploads\\\/dream\\\/img\\\/img_146481_ef18a45deab1874176c68c62444ee940_1.jpg?strip=all\",\"contentUrl\":\"https:\\\/\\\/erki24nd3ub.exactdn.com\\\/wp-content\\\/uploads\\\/dream\\\/img\\\/img_146481_ef18a45deab1874176c68c62444ee940_1.jpg?strip=all\",\"width\":518,\"height\":518},{\"@type\":\"BreadcrumbList\",\"@id\":\"https:\\\/\\\/lovme.pt\\\/index.php\\\/produto\\\/intt-releases-sexy-glow-iluminante-corpo-pele\\\/#breadcrumb\",\"itemListElement\":[{\"@type\":\"ListItem\",\"position\":1,\"name\":\"In\u00edcio\",\"item\":\"https:\\\/\\\/lovme.pt\\\/\"},{\"@type\":\"ListItem\",\"position\":2,\"name\":\"Loja\",\"item\":\"https:\\\/\\\/lovme.pt\\\/index.php\\\/loja\\\/\"},{\"@type\":\"ListItem\",\"position\":3,\"name\":\"INTT RELEASES &#8211; SEXY GLOW ILUMINANTE CORPO PELE\"}]},{\"@type\":\"WebSite\",\"@id\":\"https:\\\/\\\/lovme.pt\\\/#website\",\"url\":\"https:\\\/\\\/lovme.pt\\\/\",\"name\":\"Lovme Loja Er\u00f3tica N\u00ba1 em Portugal\",\"description\":\"A melhor loja er\u00f3tica de Portugal.\",\"alternateName\":\"Loja Er\u00f3tica Lovme\",\"potentialAction\":[{\"@type\":\"SearchAction\",\"target\":{\"@type\":\"EntryPoint\",\"urlTemplate\":\"https:\\\/\\\/lovme.pt\\\/?s={search_term_string}\"},\"query-input\":{\"@type\":\"PropertyValueSpecification\",\"valueRequired\":true,\"valueName\":\"search_term_string\"}}],\"inLanguage\":\"pt-PT\"}]}<\/script>\n<!-- \/ Yoast SEO plugin. -->","yoast_head_json":{"title":"INTT RELEASES - SEXY GLOW ILUMINANTE CORPO PELE - Lovme","robots":{"index":"index","follow":"follow","max-snippet":"max-snippet:-1","max-image-preview":"max-image-preview:large","max-video-preview":"max-video-preview:-1"},"canonical":"https:\/\/lovme.pt\/index.php\/produto\/intt-releases-sexy-glow-iluminante-corpo-pele\/","og_locale":"pt_PT","og_type":"article","og_title":"INTT RELEASES - SEXY GLOW ILUMINANTE CORPO PELE - Lovme","og_description":"EMBALAGEM DISPON\u00cdVEL EM: \/es\/en\/fr\/de\/it\/pt\/","og_url":"https:\/\/lovme.pt\/index.php\/produto\/intt-releases-sexy-glow-iluminante-corpo-pele\/","og_site_name":"Lovme","article_modified_time":"2026-02-19T20:09:53+00:00","og_image":[{"width":518,"height":518,"url":"https:\/\/erki24nd3ub.exactdn.com\/wp-content\/uploads\/dream\/img\/img_146481_ef18a45deab1874176c68c62444ee940_1.jpg?strip=all","type":"image\/jpeg"}],"twitter_card":"summary_large_image","twitter_misc":{"Tempo estimado de leitura":"1 minuto"},"schema":{"@context":"https:\/\/schema.org","@graph":[{"@type":"WebPage","@id":"https:\/\/lovme.pt\/index.php\/produto\/intt-releases-sexy-glow-iluminante-corpo-pele\/","url":"https:\/\/lovme.pt\/index.php\/produto\/intt-releases-sexy-glow-iluminante-corpo-pele\/","name":"INTT RELEASES - SEXY GLOW ILUMINANTE CORPO PELE - Lovme","isPartOf":{"@id":"https:\/\/lovme.pt\/#website"},"primaryImageOfPage":{"@id":"https:\/\/lovme.pt\/index.php\/produto\/intt-releases-sexy-glow-iluminante-corpo-pele\/#primaryimage"},"image":{"@id":"https:\/\/lovme.pt\/index.php\/produto\/intt-releases-sexy-glow-iluminante-corpo-pele\/#primaryimage"},"thumbnailUrl":"https:\/\/erki24nd3ub.exactdn.com\/wp-content\/uploads\/dream\/img\/img_146481_ef18a45deab1874176c68c62444ee940_1.jpg?strip=all","datePublished":"2025-09-30T22:19:22+00:00","dateModified":"2026-02-19T20:09:53+00:00","breadcrumb":{"@id":"https:\/\/lovme.pt\/index.php\/produto\/intt-releases-sexy-glow-iluminante-corpo-pele\/#breadcrumb"},"inLanguage":"pt-PT","potentialAction":[{"@type":"ReadAction","target":["https:\/\/lovme.pt\/index.php\/produto\/intt-releases-sexy-glow-iluminante-corpo-pele\/"]}]},{"@type":"ImageObject","inLanguage":"pt-PT","@id":"https:\/\/lovme.pt\/index.php\/produto\/intt-releases-sexy-glow-iluminante-corpo-pele\/#primaryimage","url":"https:\/\/erki24nd3ub.exactdn.com\/wp-content\/uploads\/dream\/img\/img_146481_ef18a45deab1874176c68c62444ee940_1.jpg?strip=all","contentUrl":"https:\/\/erki24nd3ub.exactdn.com\/wp-content\/uploads\/dream\/img\/img_146481_ef18a45deab1874176c68c62444ee940_1.jpg?strip=all","width":518,"height":518},{"@type":"BreadcrumbList","@id":"https:\/\/lovme.pt\/index.php\/produto\/intt-releases-sexy-glow-iluminante-corpo-pele\/#breadcrumb","itemListElement":[{"@type":"ListItem","position":1,"name":"In\u00edcio","item":"https:\/\/lovme.pt\/"},{"@type":"ListItem","position":2,"name":"Loja","item":"https:\/\/lovme.pt\/index.php\/loja\/"},{"@type":"ListItem","position":3,"name":"INTT RELEASES &#8211; SEXY GLOW ILUMINANTE CORPO PELE"}]},{"@type":"WebSite","@id":"https:\/\/lovme.pt\/#website","url":"https:\/\/lovme.pt\/","name":"Lovme Loja Er\u00f3tica N\u00ba1 em Portugal","description":"A melhor loja er\u00f3tica de Portugal.","alternateName":"Loja Er\u00f3tica Lovme","potentialAction":[{"@type":"SearchAction","target":{"@type":"EntryPoint","urlTemplate":"https:\/\/lovme.pt\/?s={search_term_string}"},"query-input":{"@type":"PropertyValueSpecification","valueRequired":true,"valueName":"search_term_string"}}],"inLanguage":"pt-PT"}]}},"_links":{"self":[{"href":"https:\/\/lovme.pt\/index.php\/wp-json\/wp\/v2\/product\/43473","targetHints":{"allow":["GET"]}}],"collection":[{"href":"https:\/\/lovme.pt\/index.php\/wp-json\/wp\/v2\/product"}],"about":[{"href":"https:\/\/lovme.pt\/index.php\/wp-json\/wp\/v2\/types\/product"}],"wp:featuredmedia":[{"embeddable":true,"href":"https:\/\/lovme.pt\/index.php\/wp-json\/wp\/v2\/media\/76812"}],"wp:attachment":[{"href":"https:\/\/lovme.pt\/index.php\/wp-json\/wp\/v2\/media?parent=43473"}],"wp:term":[{"taxonomy":"product_brand","embeddable":true,"href":"https:\/\/lovme.pt\/index.php\/wp-json\/wp\/v2\/product_brand?post=43473"},{"taxonomy":"product_cat","embeddable":true,"href":"https:\/\/lovme.pt\/index.php\/wp-json\/wp\/v2\/product_cat?post=43473"},{"taxonomy":"product_tag","embeddable":true,"href":"https:\/\/lovme.pt\/index.php\/wp-json\/wp\/v2\/product_tag?post=43473"}],"curies":[{"name":"wp","href":"https:\/\/api.w.org\/{rel}","templated":true}]}}