{"id":43470,"date":"2025-09-30T22:25:01","date_gmt":"2025-09-30T22:25:01","guid":{"rendered":"https:\/\/lovme.pt\/?post_type=product&p=43470"},"modified":"2026-02-19T20:12:04","modified_gmt":"2026-02-19T20:12:04","slug":"intt-releases-calca-preta-brasileira-com-perolas-e-gel-lubrificante-50-ml","status":"publish","type":"product","link":"https:\/\/lovme.pt\/index.php\/produto\/intt-releases-calca-preta-brasileira-com-perolas-e-gel-lubrificante-50-ml\/","title":{"rendered":"INTT RELEASES &#8211; CAL\u00c7A PRETA BRASILEIRA COM P\u00c9ROLAS E GEL LUBRIFICANTE 50 ML"},"content":{"rendered":"<p>O Brazilian Panty Black da INTT \u00e9 um pack de lingerie sensual com p\u00e9rolas acompanhadas por um gel \u00e0 base de \u00e1gua sabor morango.<\/p>\n<p>\u00c9 um pack dos mais requintados e sofisticados, composto por uma lingerie de renda preta fina com um exclusivo anel de p\u00e9rolas que atravessa a zona \u00edntima. As p\u00e9rolas envolvem a regi\u00e3o da vulva, acomodando-se entre os l\u00e1bios, e chegam at\u00e9 a regi\u00e3o do clit\u00f3ris, proporcionando muito mais est\u00edmulos em momentos er\u00f3ticos. A tanga \u00e9 amarrada nas laterais, encostada no quadril por meio de lacinhos, de forma que os tamanhos variam do S ao XL, adaptando-se assim a um grande n\u00famero de corpos.<\/p>\n<p>Acompanha lubrificante \u00e0 base de \u00e1gua com aroma\/sabor doce de morango, compat\u00edvel com brinquedos er\u00f3ticos e ideal para facilitar o atrito e deslizamento com as p\u00e9rolas.<\/p>\n<p>Ele vem em um recipiente leve e pequeno de 50 ml.<\/p>\n<p>Caracter\u00edsticas principais:<\/p>\n<ul>\n<li>Pack de lingerie com p\u00e9rolas e lubrificante \u00e0 base de \u00e1gua.<\/li>\n<li>Gel sabor morango.<\/li>\n<li>Requintado e sofisticado.<\/li>\n<li>P\u00e9rolas do fio dental que atravessam a \u00e1rea \u00edntima.<\/li>\n<li>As p\u00e9rolas circundam a entrada vaginal e atingem a \u00e1rea do clit\u00f3ris.<\/li>\n<li>\u00c9 amarrado nas laterais atrav\u00e9s de la\u00e7os.<\/li>\n<li>Tamanhos que variam de S a XL.<\/li>\n<li>Adapta-se \u00e0 grande maioria dos corpos.<\/li>\n<li>Lubrificante para facilitar a fric\u00e7\u00e3o das p\u00e9rolas com a zona \u00edntima.<\/li>\n<li>Um pack original para experimentar novas sensa\u00e7\u00f5es.<\/li>\n<li>Lubrificante com embalagem leve de 50 ml.<\/li>\n<\/ul>\n","protected":false},"excerpt":{"rendered":"<p>INTT RELEASES &#8211; CAL\u00c7A BRASILEIRA PRETA COM P\u00c9ROLAS E GEL LUBRIFICANTE 50 ML<\/p>\n","protected":false},"featured_media":77593,"template":"","meta":{"_acf_changed":false},"product_brand":[],"product_cat":[49,65,53],"product_tag":[],"class_list":{"0":"post-43470","1":"product","2":"type-product","3":"status-publish","4":"has-post-thumbnail","6":"product_cat-cosmeticos","7":"product_cat-kits","8":"product_cat-lubrificantes-intimos","9":"yith_product_brand-intt","10":"yith_product_brand-inttintt-releases","12":"first","13":"instock","14":"taxable","15":"shipping-taxable","16":"purchasable","17":"product-type-simple"},"acf":[],"yoast_head":"<!-- This site is optimized with the Yoast SEO plugin v27.4 - https:\/\/yoast.com\/product\/yoast-seo-wordpress\/ -->\n<title>INTT RELEASES - CAL\u00c7A PRETA BRASILEIRA COM P\u00c9ROLAS E GEL LUBRIFICANTE 50 ML - Lovme<\/title>\n<meta name=\"robots\" content=\"index, follow, max-snippet:-1, max-image-preview:large, max-video-preview:-1\" \/>\n<link rel=\"canonical\" href=\"https:\/\/lovme.pt\/index.php\/produto\/intt-releases-calca-preta-brasileira-com-perolas-e-gel-lubrificante-50-ml\/\" \/>\n<meta property=\"og:locale\" content=\"pt_PT\" \/>\n<meta property=\"og:type\" content=\"article\" \/>\n<meta property=\"og:title\" content=\"INTT RELEASES - CAL\u00c7A PRETA BRASILEIRA COM P\u00c9ROLAS E GEL LUBRIFICANTE 50 ML - Lovme\" \/>\n<meta property=\"og:description\" content=\"INTT RELEASES - CAL\u00c7A BRASILEIRA PRETA COM P\u00c9ROLAS E GEL LUBRIFICANTE 50 ML\" \/>\n<meta property=\"og:url\" content=\"https:\/\/lovme.pt\/index.php\/produto\/intt-releases-calca-preta-brasileira-com-perolas-e-gel-lubrificante-50-ml\/\" \/>\n<meta property=\"og:site_name\" content=\"Lovme\" \/>\n<meta property=\"article:modified_time\" content=\"2026-02-19T20:12:04+00:00\" \/>\n<meta property=\"og:image\" content=\"https:\/\/erki24nd3ub.exactdn.com\/wp-content\/uploads\/dream\/img\/img_146406_b7fced294d38d1a47383690c71b2430c_1.jpg?strip=all\" \/>\n\t<meta property=\"og:image:width\" content=\"620\" \/>\n\t<meta property=\"og:image:height\" content=\"618\" \/>\n\t<meta property=\"og:image:type\" content=\"image\/jpeg\" \/>\n<meta name=\"twitter:card\" content=\"summary_large_image\" \/>\n<meta name=\"twitter:label1\" content=\"Tempo estimado de leitura\" \/>\n\t<meta name=\"twitter:data1\" content=\"1 minuto\" \/>\n<script type=\"application\/ld+json\" class=\"yoast-schema-graph\">{\"@context\":\"https:\\\/\\\/schema.org\",\"@graph\":[{\"@type\":\"WebPage\",\"@id\":\"https:\\\/\\\/lovme.pt\\\/index.php\\\/produto\\\/intt-releases-calca-preta-brasileira-com-perolas-e-gel-lubrificante-50-ml\\\/\",\"url\":\"https:\\\/\\\/lovme.pt\\\/index.php\\\/produto\\\/intt-releases-calca-preta-brasileira-com-perolas-e-gel-lubrificante-50-ml\\\/\",\"name\":\"INTT RELEASES - CAL\u00c7A PRETA BRASILEIRA COM P\u00c9ROLAS E GEL LUBRIFICANTE 50 ML - Lovme\",\"isPartOf\":{\"@id\":\"https:\\\/\\\/lovme.pt\\\/#website\"},\"primaryImageOfPage\":{\"@id\":\"https:\\\/\\\/lovme.pt\\\/index.php\\\/produto\\\/intt-releases-calca-preta-brasileira-com-perolas-e-gel-lubrificante-50-ml\\\/#primaryimage\"},\"image\":{\"@id\":\"https:\\\/\\\/lovme.pt\\\/index.php\\\/produto\\\/intt-releases-calca-preta-brasileira-com-perolas-e-gel-lubrificante-50-ml\\\/#primaryimage\"},\"thumbnailUrl\":\"https:\\\/\\\/erki24nd3ub.exactdn.com\\\/wp-content\\\/uploads\\\/dream\\\/img\\\/img_146406_b7fced294d38d1a47383690c71b2430c_1.jpg?strip=all\",\"datePublished\":\"2025-09-30T22:25:01+00:00\",\"dateModified\":\"2026-02-19T20:12:04+00:00\",\"breadcrumb\":{\"@id\":\"https:\\\/\\\/lovme.pt\\\/index.php\\\/produto\\\/intt-releases-calca-preta-brasileira-com-perolas-e-gel-lubrificante-50-ml\\\/#breadcrumb\"},\"inLanguage\":\"pt-PT\",\"potentialAction\":[{\"@type\":\"ReadAction\",\"target\":[\"https:\\\/\\\/lovme.pt\\\/index.php\\\/produto\\\/intt-releases-calca-preta-brasileira-com-perolas-e-gel-lubrificante-50-ml\\\/\"]}]},{\"@type\":\"ImageObject\",\"inLanguage\":\"pt-PT\",\"@id\":\"https:\\\/\\\/lovme.pt\\\/index.php\\\/produto\\\/intt-releases-calca-preta-brasileira-com-perolas-e-gel-lubrificante-50-ml\\\/#primaryimage\",\"url\":\"https:\\\/\\\/erki24nd3ub.exactdn.com\\\/wp-content\\\/uploads\\\/dream\\\/img\\\/img_146406_b7fced294d38d1a47383690c71b2430c_1.jpg?strip=all\",\"contentUrl\":\"https:\\\/\\\/erki24nd3ub.exactdn.com\\\/wp-content\\\/uploads\\\/dream\\\/img\\\/img_146406_b7fced294d38d1a47383690c71b2430c_1.jpg?strip=all\",\"width\":620,\"height\":618},{\"@type\":\"BreadcrumbList\",\"@id\":\"https:\\\/\\\/lovme.pt\\\/index.php\\\/produto\\\/intt-releases-calca-preta-brasileira-com-perolas-e-gel-lubrificante-50-ml\\\/#breadcrumb\",\"itemListElement\":[{\"@type\":\"ListItem\",\"position\":1,\"name\":\"In\u00edcio\",\"item\":\"https:\\\/\\\/lovme.pt\\\/\"},{\"@type\":\"ListItem\",\"position\":2,\"name\":\"Loja\",\"item\":\"https:\\\/\\\/lovme.pt\\\/index.php\\\/loja\\\/\"},{\"@type\":\"ListItem\",\"position\":3,\"name\":\"INTT RELEASES &#8211; CAL\u00c7A PRETA BRASILEIRA COM P\u00c9ROLAS E GEL LUBRIFICANTE 50 ML\"}]},{\"@type\":\"WebSite\",\"@id\":\"https:\\\/\\\/lovme.pt\\\/#website\",\"url\":\"https:\\\/\\\/lovme.pt\\\/\",\"name\":\"Lovme Loja Er\u00f3tica N\u00ba1 em Portugal\",\"description\":\"A melhor loja er\u00f3tica de Portugal.\",\"alternateName\":\"Loja Er\u00f3tica Lovme\",\"potentialAction\":[{\"@type\":\"SearchAction\",\"target\":{\"@type\":\"EntryPoint\",\"urlTemplate\":\"https:\\\/\\\/lovme.pt\\\/?s={search_term_string}\"},\"query-input\":{\"@type\":\"PropertyValueSpecification\",\"valueRequired\":true,\"valueName\":\"search_term_string\"}}],\"inLanguage\":\"pt-PT\"}]}<\/script>\n<!-- \/ Yoast SEO plugin. -->","yoast_head_json":{"title":"INTT RELEASES - CAL\u00c7A PRETA BRASILEIRA COM P\u00c9ROLAS E GEL LUBRIFICANTE 50 ML - Lovme","robots":{"index":"index","follow":"follow","max-snippet":"max-snippet:-1","max-image-preview":"max-image-preview:large","max-video-preview":"max-video-preview:-1"},"canonical":"https:\/\/lovme.pt\/index.php\/produto\/intt-releases-calca-preta-brasileira-com-perolas-e-gel-lubrificante-50-ml\/","og_locale":"pt_PT","og_type":"article","og_title":"INTT RELEASES - CAL\u00c7A PRETA BRASILEIRA COM P\u00c9ROLAS E GEL LUBRIFICANTE 50 ML - Lovme","og_description":"INTT RELEASES - CAL\u00c7A BRASILEIRA PRETA COM P\u00c9ROLAS E GEL LUBRIFICANTE 50 ML","og_url":"https:\/\/lovme.pt\/index.php\/produto\/intt-releases-calca-preta-brasileira-com-perolas-e-gel-lubrificante-50-ml\/","og_site_name":"Lovme","article_modified_time":"2026-02-19T20:12:04+00:00","og_image":[{"width":620,"height":618,"url":"https:\/\/erki24nd3ub.exactdn.com\/wp-content\/uploads\/dream\/img\/img_146406_b7fced294d38d1a47383690c71b2430c_1.jpg?strip=all","type":"image\/jpeg"}],"twitter_card":"summary_large_image","twitter_misc":{"Tempo estimado de leitura":"1 minuto"},"schema":{"@context":"https:\/\/schema.org","@graph":[{"@type":"WebPage","@id":"https:\/\/lovme.pt\/index.php\/produto\/intt-releases-calca-preta-brasileira-com-perolas-e-gel-lubrificante-50-ml\/","url":"https:\/\/lovme.pt\/index.php\/produto\/intt-releases-calca-preta-brasileira-com-perolas-e-gel-lubrificante-50-ml\/","name":"INTT RELEASES - CAL\u00c7A PRETA BRASILEIRA COM P\u00c9ROLAS E GEL LUBRIFICANTE 50 ML - Lovme","isPartOf":{"@id":"https:\/\/lovme.pt\/#website"},"primaryImageOfPage":{"@id":"https:\/\/lovme.pt\/index.php\/produto\/intt-releases-calca-preta-brasileira-com-perolas-e-gel-lubrificante-50-ml\/#primaryimage"},"image":{"@id":"https:\/\/lovme.pt\/index.php\/produto\/intt-releases-calca-preta-brasileira-com-perolas-e-gel-lubrificante-50-ml\/#primaryimage"},"thumbnailUrl":"https:\/\/erki24nd3ub.exactdn.com\/wp-content\/uploads\/dream\/img\/img_146406_b7fced294d38d1a47383690c71b2430c_1.jpg?strip=all","datePublished":"2025-09-30T22:25:01+00:00","dateModified":"2026-02-19T20:12:04+00:00","breadcrumb":{"@id":"https:\/\/lovme.pt\/index.php\/produto\/intt-releases-calca-preta-brasileira-com-perolas-e-gel-lubrificante-50-ml\/#breadcrumb"},"inLanguage":"pt-PT","potentialAction":[{"@type":"ReadAction","target":["https:\/\/lovme.pt\/index.php\/produto\/intt-releases-calca-preta-brasileira-com-perolas-e-gel-lubrificante-50-ml\/"]}]},{"@type":"ImageObject","inLanguage":"pt-PT","@id":"https:\/\/lovme.pt\/index.php\/produto\/intt-releases-calca-preta-brasileira-com-perolas-e-gel-lubrificante-50-ml\/#primaryimage","url":"https:\/\/erki24nd3ub.exactdn.com\/wp-content\/uploads\/dream\/img\/img_146406_b7fced294d38d1a47383690c71b2430c_1.jpg?strip=all","contentUrl":"https:\/\/erki24nd3ub.exactdn.com\/wp-content\/uploads\/dream\/img\/img_146406_b7fced294d38d1a47383690c71b2430c_1.jpg?strip=all","width":620,"height":618},{"@type":"BreadcrumbList","@id":"https:\/\/lovme.pt\/index.php\/produto\/intt-releases-calca-preta-brasileira-com-perolas-e-gel-lubrificante-50-ml\/#breadcrumb","itemListElement":[{"@type":"ListItem","position":1,"name":"In\u00edcio","item":"https:\/\/lovme.pt\/"},{"@type":"ListItem","position":2,"name":"Loja","item":"https:\/\/lovme.pt\/index.php\/loja\/"},{"@type":"ListItem","position":3,"name":"INTT RELEASES &#8211; CAL\u00c7A PRETA BRASILEIRA COM P\u00c9ROLAS E GEL LUBRIFICANTE 50 ML"}]},{"@type":"WebSite","@id":"https:\/\/lovme.pt\/#website","url":"https:\/\/lovme.pt\/","name":"Lovme Loja Er\u00f3tica N\u00ba1 em Portugal","description":"A melhor loja er\u00f3tica de Portugal.","alternateName":"Loja Er\u00f3tica Lovme","potentialAction":[{"@type":"SearchAction","target":{"@type":"EntryPoint","urlTemplate":"https:\/\/lovme.pt\/?s={search_term_string}"},"query-input":{"@type":"PropertyValueSpecification","valueRequired":true,"valueName":"search_term_string"}}],"inLanguage":"pt-PT"}]}},"_links":{"self":[{"href":"https:\/\/lovme.pt\/index.php\/wp-json\/wp\/v2\/product\/43470","targetHints":{"allow":["GET"]}}],"collection":[{"href":"https:\/\/lovme.pt\/index.php\/wp-json\/wp\/v2\/product"}],"about":[{"href":"https:\/\/lovme.pt\/index.php\/wp-json\/wp\/v2\/types\/product"}],"wp:featuredmedia":[{"embeddable":true,"href":"https:\/\/lovme.pt\/index.php\/wp-json\/wp\/v2\/media\/77593"}],"wp:attachment":[{"href":"https:\/\/lovme.pt\/index.php\/wp-json\/wp\/v2\/media?parent=43470"}],"wp:term":[{"taxonomy":"product_brand","embeddable":true,"href":"https:\/\/lovme.pt\/index.php\/wp-json\/wp\/v2\/product_brand?post=43470"},{"taxonomy":"product_cat","embeddable":true,"href":"https:\/\/lovme.pt\/index.php\/wp-json\/wp\/v2\/product_cat?post=43470"},{"taxonomy":"product_tag","embeddable":true,"href":"https:\/\/lovme.pt\/index.php\/wp-json\/wp\/v2\/product_tag?post=43470"}],"curies":[{"name":"wp","href":"https:\/\/api.w.org\/{rel}","templated":true}]}}