{"id":43468,"date":"2025-09-30T10:11:25","date_gmt":"2025-09-30T10:11:25","guid":{"rendered":"https:\/\/lovme.pt\/?post_type=product&p=43468"},"modified":"2026-02-19T20:06:52","modified_gmt":"2026-02-19T20:06:52","slug":"satisfyer-par-perfeito-3-verde","status":"publish","type":"product","link":"https:\/\/lovme.pt\/index.php\/produto\/satisfyer-par-perfeito-3-verde\/","title":{"rendered":"SATISFYER &#8211; PAR PERFEITO 3 VERDE"},"content":{"rendered":"<p>Satisfyer Perfect pair 3, o estimulador 2 em 1 que pode ser usado como anel peniano ou como dedo vibrat\u00f3rio.<\/p>\n<p>Com o seu design l\u00fadico e minimalista em forma de cora\u00e7\u00e3o, o seu silicone biocompat\u00edvel ultramacio e a sua utiliza\u00e7\u00e3o vers\u00e1til, o Satisfyer Perfect pair 3 \u00e9 um brinquedo sexual que se adapta aos seus desejos com total discri\u00e7\u00e3o; N\u00e3o.<br \/>Usado como anel peniano, estimula os test\u00edculos e o p\u00eanis.<br \/>Usado como dedo vibrat\u00f3rio, atinge todas as zonas er\u00f3genas.<\/p>\n<p>Gra\u00e7as ao seu potente motor, o Satisfyer Perfect pair 3 oferece 12 programas de vibra\u00e7\u00e3o que v\u00e3o do suave ao intenso, que podem ser facilmente controlados atrav\u00e9s do bot\u00e3o One Touch.<br \/>\u00c9 feito de silicone de grau m\u00e9dico, supermacio e agrad\u00e1vel \u00e0 pele, sedoso ao toque e extremamente higi\u00eanico.<br \/>\u00c0 prova d\u00e1gua (IPX7), pode ser utilizado no chuveiro ou na banheira.<br \/>Recarreg\u00e1vel, suas baterias integradas podem ser recarregadas com o cabo de carregamento USB inclu\u00eddo.<\/p>\n<p><strong>Caracter\u00edsticas:<\/strong><\/p>\n<ul>\n<li>Anel peniano 2 em 1 e vibrador estimulador de dedo<\/li>\n<li>Estimula\u00e7\u00e3o do p\u00eanis e test\u00edculos em modo anel<\/li>\n<li>Estimula\u00e7\u00e3o de zonas er\u00f3genas no modo de dedo vibrat\u00f3rio<\/li>\n<li>1 motor potente com 12 programas de vibra\u00e7\u00e3o<\/li>\n<li>\u00c0 prova d\u00e1gua (IPX7)<\/li>\n<li>Material: silicone biocompat\u00edvel<\/li>\n<li>Dimens\u00f5es: 6 x 6 x 3 cm m\u00e1x.<\/li>\n<li>Cor verde<\/li>\n<li>Bateria recarreg\u00e1vel de \u00edon de l\u00edtio<\/li>\n<li>Cabo de carregamento magn\u00e9tico USB inclu\u00eddo<\/li>\n<li>Limpeza f\u00e1cil<\/li>\n<\/ul>\n","protected":false},"excerpt":{"rendered":"<p>SATISFYER &#8211; PAR PERFEITO 3 VERDE<\/p>\n","protected":false},"featured_media":63779,"template":"","meta":{"_acf_changed":false},"product_brand":[],"product_cat":[17,59,60],"product_tag":[],"class_list":{"0":"post-43468","1":"product","2":"type-product","3":"status-publish","4":"has-post-thumbnail","6":"product_cat-brinquedos-de-bem-estar-sexual","7":"product_cat-para-casais","8":"product_cat-para-eles","9":"yith_product_brand-satisfyer","10":"yith_product_brand-satisfyer-satisfyer-vibrator","12":"first","13":"instock","14":"taxable","15":"shipping-taxable","16":"purchasable","17":"product-type-simple"},"acf":[],"yoast_head":"<!-- This site is optimized with the Yoast SEO plugin v27.4 - https:\/\/yoast.com\/product\/yoast-seo-wordpress\/ -->\n<title>SATISFYER - PAR PERFEITO 3 VERDE - Lovme<\/title>\n<meta name=\"robots\" content=\"index, follow, max-snippet:-1, max-image-preview:large, max-video-preview:-1\" \/>\n<link rel=\"canonical\" href=\"https:\/\/lovme.pt\/index.php\/produto\/satisfyer-par-perfeito-3-verde\/\" \/>\n<meta property=\"og:locale\" content=\"pt_PT\" \/>\n<meta property=\"og:type\" content=\"article\" \/>\n<meta property=\"og:title\" content=\"SATISFYER - PAR PERFEITO 3 VERDE - Lovme\" \/>\n<meta property=\"og:description\" content=\"SATISFYER - PAR PERFEITO 3 VERDE\" \/>\n<meta property=\"og:url\" content=\"https:\/\/lovme.pt\/index.php\/produto\/satisfyer-par-perfeito-3-verde\/\" \/>\n<meta property=\"og:site_name\" content=\"Lovme\" \/>\n<meta property=\"article:modified_time\" content=\"2026-02-19T20:06:52+00:00\" \/>\n<meta property=\"og:image\" content=\"https:\/\/erki24nd3ub.exactdn.com\/wp-content\/uploads\/dream\/img\/img_146199_7d605fc1eaed517dbbd0c5aeca67f14a_1.jpg?strip=all\" \/>\n\t<meta property=\"og:image:width\" content=\"800\" \/>\n\t<meta property=\"og:image:height\" content=\"800\" \/>\n\t<meta property=\"og:image:type\" content=\"image\/jpeg\" \/>\n<meta name=\"twitter:card\" content=\"summary_large_image\" \/>\n<meta name=\"twitter:label1\" content=\"Tempo estimado de leitura\" \/>\n\t<meta name=\"twitter:data1\" content=\"1 minuto\" \/>\n<script type=\"application\/ld+json\" class=\"yoast-schema-graph\">{\"@context\":\"https:\\\/\\\/schema.org\",\"@graph\":[{\"@type\":\"WebPage\",\"@id\":\"https:\\\/\\\/lovme.pt\\\/index.php\\\/produto\\\/satisfyer-par-perfeito-3-verde\\\/\",\"url\":\"https:\\\/\\\/lovme.pt\\\/index.php\\\/produto\\\/satisfyer-par-perfeito-3-verde\\\/\",\"name\":\"SATISFYER - PAR PERFEITO 3 VERDE - Lovme\",\"isPartOf\":{\"@id\":\"https:\\\/\\\/lovme.pt\\\/#website\"},\"primaryImageOfPage\":{\"@id\":\"https:\\\/\\\/lovme.pt\\\/index.php\\\/produto\\\/satisfyer-par-perfeito-3-verde\\\/#primaryimage\"},\"image\":{\"@id\":\"https:\\\/\\\/lovme.pt\\\/index.php\\\/produto\\\/satisfyer-par-perfeito-3-verde\\\/#primaryimage\"},\"thumbnailUrl\":\"https:\\\/\\\/erki24nd3ub.exactdn.com\\\/wp-content\\\/uploads\\\/dream\\\/img\\\/img_146199_7d605fc1eaed517dbbd0c5aeca67f14a_1.jpg?strip=all\",\"datePublished\":\"2025-09-30T10:11:25+00:00\",\"dateModified\":\"2026-02-19T20:06:52+00:00\",\"breadcrumb\":{\"@id\":\"https:\\\/\\\/lovme.pt\\\/index.php\\\/produto\\\/satisfyer-par-perfeito-3-verde\\\/#breadcrumb\"},\"inLanguage\":\"pt-PT\",\"potentialAction\":[{\"@type\":\"ReadAction\",\"target\":[\"https:\\\/\\\/lovme.pt\\\/index.php\\\/produto\\\/satisfyer-par-perfeito-3-verde\\\/\"]}]},{\"@type\":\"ImageObject\",\"inLanguage\":\"pt-PT\",\"@id\":\"https:\\\/\\\/lovme.pt\\\/index.php\\\/produto\\\/satisfyer-par-perfeito-3-verde\\\/#primaryimage\",\"url\":\"https:\\\/\\\/erki24nd3ub.exactdn.com\\\/wp-content\\\/uploads\\\/dream\\\/img\\\/img_146199_7d605fc1eaed517dbbd0c5aeca67f14a_1.jpg?strip=all\",\"contentUrl\":\"https:\\\/\\\/erki24nd3ub.exactdn.com\\\/wp-content\\\/uploads\\\/dream\\\/img\\\/img_146199_7d605fc1eaed517dbbd0c5aeca67f14a_1.jpg?strip=all\",\"width\":800,\"height\":800},{\"@type\":\"BreadcrumbList\",\"@id\":\"https:\\\/\\\/lovme.pt\\\/index.php\\\/produto\\\/satisfyer-par-perfeito-3-verde\\\/#breadcrumb\",\"itemListElement\":[{\"@type\":\"ListItem\",\"position\":1,\"name\":\"In\u00edcio\",\"item\":\"https:\\\/\\\/lovme.pt\\\/\"},{\"@type\":\"ListItem\",\"position\":2,\"name\":\"Loja\",\"item\":\"https:\\\/\\\/lovme.pt\\\/index.php\\\/loja\\\/\"},{\"@type\":\"ListItem\",\"position\":3,\"name\":\"SATISFYER &#8211; PAR PERFEITO 3 VERDE\"}]},{\"@type\":\"WebSite\",\"@id\":\"https:\\\/\\\/lovme.pt\\\/#website\",\"url\":\"https:\\\/\\\/lovme.pt\\\/\",\"name\":\"Lovme Loja Er\u00f3tica N\u00ba1 em Portugal\",\"description\":\"A melhor loja er\u00f3tica de Portugal.\",\"alternateName\":\"Loja Er\u00f3tica Lovme\",\"potentialAction\":[{\"@type\":\"SearchAction\",\"target\":{\"@type\":\"EntryPoint\",\"urlTemplate\":\"https:\\\/\\\/lovme.pt\\\/?s={search_term_string}\"},\"query-input\":{\"@type\":\"PropertyValueSpecification\",\"valueRequired\":true,\"valueName\":\"search_term_string\"}}],\"inLanguage\":\"pt-PT\"}]}<\/script>\n<!-- \/ Yoast SEO plugin. -->","yoast_head_json":{"title":"SATISFYER - PAR PERFEITO 3 VERDE - Lovme","robots":{"index":"index","follow":"follow","max-snippet":"max-snippet:-1","max-image-preview":"max-image-preview:large","max-video-preview":"max-video-preview:-1"},"canonical":"https:\/\/lovme.pt\/index.php\/produto\/satisfyer-par-perfeito-3-verde\/","og_locale":"pt_PT","og_type":"article","og_title":"SATISFYER - PAR PERFEITO 3 VERDE - Lovme","og_description":"SATISFYER - PAR PERFEITO 3 VERDE","og_url":"https:\/\/lovme.pt\/index.php\/produto\/satisfyer-par-perfeito-3-verde\/","og_site_name":"Lovme","article_modified_time":"2026-02-19T20:06:52+00:00","og_image":[{"width":800,"height":800,"url":"https:\/\/erki24nd3ub.exactdn.com\/wp-content\/uploads\/dream\/img\/img_146199_7d605fc1eaed517dbbd0c5aeca67f14a_1.jpg?strip=all","type":"image\/jpeg"}],"twitter_card":"summary_large_image","twitter_misc":{"Tempo estimado de leitura":"1 minuto"},"schema":{"@context":"https:\/\/schema.org","@graph":[{"@type":"WebPage","@id":"https:\/\/lovme.pt\/index.php\/produto\/satisfyer-par-perfeito-3-verde\/","url":"https:\/\/lovme.pt\/index.php\/produto\/satisfyer-par-perfeito-3-verde\/","name":"SATISFYER - PAR PERFEITO 3 VERDE - Lovme","isPartOf":{"@id":"https:\/\/lovme.pt\/#website"},"primaryImageOfPage":{"@id":"https:\/\/lovme.pt\/index.php\/produto\/satisfyer-par-perfeito-3-verde\/#primaryimage"},"image":{"@id":"https:\/\/lovme.pt\/index.php\/produto\/satisfyer-par-perfeito-3-verde\/#primaryimage"},"thumbnailUrl":"https:\/\/erki24nd3ub.exactdn.com\/wp-content\/uploads\/dream\/img\/img_146199_7d605fc1eaed517dbbd0c5aeca67f14a_1.jpg?strip=all","datePublished":"2025-09-30T10:11:25+00:00","dateModified":"2026-02-19T20:06:52+00:00","breadcrumb":{"@id":"https:\/\/lovme.pt\/index.php\/produto\/satisfyer-par-perfeito-3-verde\/#breadcrumb"},"inLanguage":"pt-PT","potentialAction":[{"@type":"ReadAction","target":["https:\/\/lovme.pt\/index.php\/produto\/satisfyer-par-perfeito-3-verde\/"]}]},{"@type":"ImageObject","inLanguage":"pt-PT","@id":"https:\/\/lovme.pt\/index.php\/produto\/satisfyer-par-perfeito-3-verde\/#primaryimage","url":"https:\/\/erki24nd3ub.exactdn.com\/wp-content\/uploads\/dream\/img\/img_146199_7d605fc1eaed517dbbd0c5aeca67f14a_1.jpg?strip=all","contentUrl":"https:\/\/erki24nd3ub.exactdn.com\/wp-content\/uploads\/dream\/img\/img_146199_7d605fc1eaed517dbbd0c5aeca67f14a_1.jpg?strip=all","width":800,"height":800},{"@type":"BreadcrumbList","@id":"https:\/\/lovme.pt\/index.php\/produto\/satisfyer-par-perfeito-3-verde\/#breadcrumb","itemListElement":[{"@type":"ListItem","position":1,"name":"In\u00edcio","item":"https:\/\/lovme.pt\/"},{"@type":"ListItem","position":2,"name":"Loja","item":"https:\/\/lovme.pt\/index.php\/loja\/"},{"@type":"ListItem","position":3,"name":"SATISFYER &#8211; PAR PERFEITO 3 VERDE"}]},{"@type":"WebSite","@id":"https:\/\/lovme.pt\/#website","url":"https:\/\/lovme.pt\/","name":"Lovme Loja Er\u00f3tica N\u00ba1 em Portugal","description":"A melhor loja er\u00f3tica de Portugal.","alternateName":"Loja Er\u00f3tica Lovme","potentialAction":[{"@type":"SearchAction","target":{"@type":"EntryPoint","urlTemplate":"https:\/\/lovme.pt\/?s={search_term_string}"},"query-input":{"@type":"PropertyValueSpecification","valueRequired":true,"valueName":"search_term_string"}}],"inLanguage":"pt-PT"}]}},"_links":{"self":[{"href":"https:\/\/lovme.pt\/index.php\/wp-json\/wp\/v2\/product\/43468","targetHints":{"allow":["GET"]}}],"collection":[{"href":"https:\/\/lovme.pt\/index.php\/wp-json\/wp\/v2\/product"}],"about":[{"href":"https:\/\/lovme.pt\/index.php\/wp-json\/wp\/v2\/types\/product"}],"wp:featuredmedia":[{"embeddable":true,"href":"https:\/\/lovme.pt\/index.php\/wp-json\/wp\/v2\/media\/63779"}],"wp:attachment":[{"href":"https:\/\/lovme.pt\/index.php\/wp-json\/wp\/v2\/media?parent=43468"}],"wp:term":[{"taxonomy":"product_brand","embeddable":true,"href":"https:\/\/lovme.pt\/index.php\/wp-json\/wp\/v2\/product_brand?post=43468"},{"taxonomy":"product_cat","embeddable":true,"href":"https:\/\/lovme.pt\/index.php\/wp-json\/wp\/v2\/product_cat?post=43468"},{"taxonomy":"product_tag","embeddable":true,"href":"https:\/\/lovme.pt\/index.php\/wp-json\/wp\/v2\/product_tag?post=43468"}],"curies":[{"name":"wp","href":"https:\/\/api.w.org\/{rel}","templated":true}]}}