{"id":43463,"date":"2025-09-30T09:43:47","date_gmt":"2025-09-30T09:43:47","guid":{"rendered":"https:\/\/lovme.pt\/?post_type=product&p=43463"},"modified":"2026-02-20T04:00:57","modified_gmt":"2026-02-20T04:00:57","slug":"black-hole-gel-base-de-silicone-dilatacao-anal-100-ml","status":"publish","type":"product","link":"https:\/\/lovme.pt\/index.php\/produto\/black-hole-gel-base-de-silicone-dilatacao-anal-100-ml\/","title":{"rendered":"BLACK HOLE &#8211; GEL BASE DE SILICONE DILATA\u00c7\u00c3O ANAL 100 ML"},"content":{"rendered":"<p>Black Hole, sem d\u00favida a melhor op\u00e7\u00e3o, dilatador e relaxante, especialmente desenvolvido para a pr\u00e1tica do sexo anal, sendo o lubrificante dilatador por excel\u00eancia. \u00c9 um lubrificante anal de alt\u00edssima qualidade, recomendado tanto para quem deseja come\u00e7ar a praticar sexo anal quanto para usu\u00e1rios experientes. Muitos casais t\u00eam curiosidade, mas muitos n\u00e3o se atrevem a experiment\u00e1-lo&#8230; A ideia de que pode causar dor muitas vezes coloca essa pr\u00e1tica de lado, sendo uma das mais prazerosas.<\/p>\n<p> O Black Hole Anal Relax foi especialmente desenvolvido para o prazer anal. Gra\u00e7as ao seu leve efeito anestesiante, o esf\u00edncter \u00e9 relaxado de forma eficaz, garantindo uma penetra\u00e7\u00e3o indolor e sem perda de sensibilidade. Basta massagear suavemente o \u00e2nus, deixar agir por um breve per\u00edodo e come\u00e7ar sua aventura de amor anal relaxado.<\/p>\n<p> A composi\u00e7\u00e3o especial do lubrificante, isenta de gordura, \u00e9 sol\u00favel em \u00e1gua e, portanto, pode ser facilmente removida com \u00e1gua. N\u00e3o cont\u00e9m corantes e n\u00e3o deixa vest\u00edgios, mesmo em momentos de paix\u00e3o. Com uma consist\u00eancia sedosa e agrad\u00e1vel \u00e0 pele, al\u00e9m de \u00f3tima cobertura, o Realax Black Hole Anal \u00e9 ideal para uma rela\u00e7\u00e3o sexual satisfat\u00f3ria e sem preocupa\u00e7\u00f5es. Qualidade fabricada na Europa!<\/p>\n<p> Caracter\u00edsticas:<\/p>\n<ul>\n<li> Alto poder relaxante e dilatador<\/li>\n<li> lubrificante \u00e0 base de silicone<\/li>\n<li> Especial para dilata\u00e7\u00f5es fortes (ex. Fisting)<\/li>\n<li> compat\u00edvel com preservativos<\/li>\n<li> Incolor, inodoro e ins\u00edpido<\/li>\n<li> n\u00e3o gorduroso<\/li>\n<li> Formato: 100ml<\/li>\n<\/ul>\n<p> RELAXAMENTO ANAL DE BURACO NEGRO<\/p>\n<p> Constru\u00edmos com base na experi\u00eancia e na import\u00e2ncia de experimentar coisas novas e ampliar seus horizontes sexuais. O eterno tabu do sexo anal agora \u00e9 socialmente aceit\u00e1vel e praticado normalmente por milh\u00f5es de pessoas. Este lubrificante levemente anest\u00e9sico foi desenvolvido para facilitar o in\u00edcio da rela\u00e7\u00e3o sexual anal. <\/p>\n<p><iframe loading=\"lazy\" allow=\"autoplay; fullscreen; picture-in-picture\" allowfullscreen=\"\" frameborder=\"0\" height=\"400\" scrolling=\"no\" src=\"https:\/\/player.vimeo.com\/video\/966523531?autoplay=1\" width=\"600\"><\/iframe><\/p>\n","protected":false},"excerpt":{"rendered":"<p>EMBALAGEM DISPON\u00cdVEL EM: \/es\/en\/fr\/de\/pt\/it\/ro\/el\/ru\/hu\/<\/p>\n","protected":false},"featured_media":56299,"template":"","meta":{"_acf_changed":false},"product_brand":[],"product_cat":[49,53],"product_tag":[],"class_list":{"0":"post-43463","1":"product","2":"type-product","3":"status-publish","4":"has-post-thumbnail","6":"product_cat-cosmeticos","7":"product_cat-lubrificantes-intimos","8":"yith_product_brand-black-hole","10":"first","11":"instock","12":"taxable","13":"shipping-taxable","14":"purchasable","15":"product-type-simple"},"acf":[],"yoast_head":"<!-- This site is optimized with the Yoast SEO plugin v27.4 - https:\/\/yoast.com\/product\/yoast-seo-wordpress\/ -->\n<title>BLACK HOLE - GEL BASE DE SILICONE DILATA\u00c7\u00c3O ANAL 100 ML - Lovme<\/title>\n<meta name=\"robots\" content=\"index, follow, max-snippet:-1, max-image-preview:large, max-video-preview:-1\" \/>\n<link rel=\"canonical\" href=\"https:\/\/lovme.pt\/index.php\/produto\/black-hole-gel-base-de-silicone-dilatacao-anal-100-ml\/\" \/>\n<meta property=\"og:locale\" content=\"pt_PT\" \/>\n<meta property=\"og:type\" content=\"article\" \/>\n<meta property=\"og:title\" content=\"BLACK HOLE - GEL BASE DE SILICONE DILATA\u00c7\u00c3O ANAL 100 ML - Lovme\" \/>\n<meta property=\"og:description\" content=\"EMBALAGEM DISPON\u00cdVEL EM: \/es\/en\/fr\/de\/pt\/it\/ro\/el\/ru\/hu\/\" \/>\n<meta property=\"og:url\" content=\"https:\/\/lovme.pt\/index.php\/produto\/black-hole-gel-base-de-silicone-dilatacao-anal-100-ml\/\" \/>\n<meta property=\"og:site_name\" content=\"Lovme\" \/>\n<meta property=\"article:modified_time\" content=\"2026-02-20T04:00:57+00:00\" \/>\n<meta property=\"og:image\" content=\"https:\/\/erki24nd3ub.exactdn.com\/wp-content\/uploads\/dream\/img\/img_154545_ec202b78486a7c72b36ae8d24c4efdc6_1.png?strip=all\" \/>\n\t<meta property=\"og:image:width\" content=\"800\" \/>\n\t<meta property=\"og:image:height\" content=\"800\" \/>\n\t<meta property=\"og:image:type\" content=\"image\/png\" \/>\n<meta name=\"twitter:card\" content=\"summary_large_image\" \/>\n<meta name=\"twitter:label1\" content=\"Tempo estimado de leitura\" \/>\n\t<meta name=\"twitter:data1\" content=\"2 minutos\" \/>\n<script type=\"application\/ld+json\" class=\"yoast-schema-graph\">{\"@context\":\"https:\\\/\\\/schema.org\",\"@graph\":[{\"@type\":\"WebPage\",\"@id\":\"https:\\\/\\\/lovme.pt\\\/index.php\\\/produto\\\/black-hole-gel-base-de-silicone-dilatacao-anal-100-ml\\\/\",\"url\":\"https:\\\/\\\/lovme.pt\\\/index.php\\\/produto\\\/black-hole-gel-base-de-silicone-dilatacao-anal-100-ml\\\/\",\"name\":\"BLACK HOLE - GEL BASE DE SILICONE DILATA\u00c7\u00c3O ANAL 100 ML - Lovme\",\"isPartOf\":{\"@id\":\"https:\\\/\\\/lovme.pt\\\/#website\"},\"primaryImageOfPage\":{\"@id\":\"https:\\\/\\\/lovme.pt\\\/index.php\\\/produto\\\/black-hole-gel-base-de-silicone-dilatacao-anal-100-ml\\\/#primaryimage\"},\"image\":{\"@id\":\"https:\\\/\\\/lovme.pt\\\/index.php\\\/produto\\\/black-hole-gel-base-de-silicone-dilatacao-anal-100-ml\\\/#primaryimage\"},\"thumbnailUrl\":\"https:\\\/\\\/erki24nd3ub.exactdn.com\\\/wp-content\\\/uploads\\\/dream\\\/img\\\/img_154545_ec202b78486a7c72b36ae8d24c4efdc6_1.png?strip=all\",\"datePublished\":\"2025-09-30T09:43:47+00:00\",\"dateModified\":\"2026-02-20T04:00:57+00:00\",\"breadcrumb\":{\"@id\":\"https:\\\/\\\/lovme.pt\\\/index.php\\\/produto\\\/black-hole-gel-base-de-silicone-dilatacao-anal-100-ml\\\/#breadcrumb\"},\"inLanguage\":\"pt-PT\",\"potentialAction\":[{\"@type\":\"ReadAction\",\"target\":[\"https:\\\/\\\/lovme.pt\\\/index.php\\\/produto\\\/black-hole-gel-base-de-silicone-dilatacao-anal-100-ml\\\/\"]}]},{\"@type\":\"ImageObject\",\"inLanguage\":\"pt-PT\",\"@id\":\"https:\\\/\\\/lovme.pt\\\/index.php\\\/produto\\\/black-hole-gel-base-de-silicone-dilatacao-anal-100-ml\\\/#primaryimage\",\"url\":\"https:\\\/\\\/erki24nd3ub.exactdn.com\\\/wp-content\\\/uploads\\\/dream\\\/img\\\/img_154545_ec202b78486a7c72b36ae8d24c4efdc6_1.png?strip=all\",\"contentUrl\":\"https:\\\/\\\/erki24nd3ub.exactdn.com\\\/wp-content\\\/uploads\\\/dream\\\/img\\\/img_154545_ec202b78486a7c72b36ae8d24c4efdc6_1.png?strip=all\",\"width\":800,\"height\":800},{\"@type\":\"BreadcrumbList\",\"@id\":\"https:\\\/\\\/lovme.pt\\\/index.php\\\/produto\\\/black-hole-gel-base-de-silicone-dilatacao-anal-100-ml\\\/#breadcrumb\",\"itemListElement\":[{\"@type\":\"ListItem\",\"position\":1,\"name\":\"In\u00edcio\",\"item\":\"https:\\\/\\\/lovme.pt\\\/\"},{\"@type\":\"ListItem\",\"position\":2,\"name\":\"Loja\",\"item\":\"https:\\\/\\\/lovme.pt\\\/index.php\\\/loja\\\/\"},{\"@type\":\"ListItem\",\"position\":3,\"name\":\"BLACK HOLE &#8211; GEL BASE DE SILICONE DILATA\u00c7\u00c3O ANAL 100 ML\"}]},{\"@type\":\"WebSite\",\"@id\":\"https:\\\/\\\/lovme.pt\\\/#website\",\"url\":\"https:\\\/\\\/lovme.pt\\\/\",\"name\":\"Lovme Loja Er\u00f3tica N\u00ba1 em Portugal\",\"description\":\"A melhor loja er\u00f3tica de Portugal.\",\"alternateName\":\"Loja Er\u00f3tica Lovme\",\"potentialAction\":[{\"@type\":\"SearchAction\",\"target\":{\"@type\":\"EntryPoint\",\"urlTemplate\":\"https:\\\/\\\/lovme.pt\\\/?s={search_term_string}\"},\"query-input\":{\"@type\":\"PropertyValueSpecification\",\"valueRequired\":true,\"valueName\":\"search_term_string\"}}],\"inLanguage\":\"pt-PT\"}]}<\/script>\n<!-- \/ Yoast SEO plugin. -->","yoast_head_json":{"title":"BLACK HOLE - GEL BASE DE SILICONE DILATA\u00c7\u00c3O ANAL 100 ML - Lovme","robots":{"index":"index","follow":"follow","max-snippet":"max-snippet:-1","max-image-preview":"max-image-preview:large","max-video-preview":"max-video-preview:-1"},"canonical":"https:\/\/lovme.pt\/index.php\/produto\/black-hole-gel-base-de-silicone-dilatacao-anal-100-ml\/","og_locale":"pt_PT","og_type":"article","og_title":"BLACK HOLE - GEL BASE DE SILICONE DILATA\u00c7\u00c3O ANAL 100 ML - Lovme","og_description":"EMBALAGEM DISPON\u00cdVEL EM: \/es\/en\/fr\/de\/pt\/it\/ro\/el\/ru\/hu\/","og_url":"https:\/\/lovme.pt\/index.php\/produto\/black-hole-gel-base-de-silicone-dilatacao-anal-100-ml\/","og_site_name":"Lovme","article_modified_time":"2026-02-20T04:00:57+00:00","og_image":[{"width":800,"height":800,"url":"https:\/\/erki24nd3ub.exactdn.com\/wp-content\/uploads\/dream\/img\/img_154545_ec202b78486a7c72b36ae8d24c4efdc6_1.png?strip=all","type":"image\/png"}],"twitter_card":"summary_large_image","twitter_misc":{"Tempo estimado de leitura":"2 minutos"},"schema":{"@context":"https:\/\/schema.org","@graph":[{"@type":"WebPage","@id":"https:\/\/lovme.pt\/index.php\/produto\/black-hole-gel-base-de-silicone-dilatacao-anal-100-ml\/","url":"https:\/\/lovme.pt\/index.php\/produto\/black-hole-gel-base-de-silicone-dilatacao-anal-100-ml\/","name":"BLACK HOLE - GEL BASE DE SILICONE DILATA\u00c7\u00c3O ANAL 100 ML - Lovme","isPartOf":{"@id":"https:\/\/lovme.pt\/#website"},"primaryImageOfPage":{"@id":"https:\/\/lovme.pt\/index.php\/produto\/black-hole-gel-base-de-silicone-dilatacao-anal-100-ml\/#primaryimage"},"image":{"@id":"https:\/\/lovme.pt\/index.php\/produto\/black-hole-gel-base-de-silicone-dilatacao-anal-100-ml\/#primaryimage"},"thumbnailUrl":"https:\/\/erki24nd3ub.exactdn.com\/wp-content\/uploads\/dream\/img\/img_154545_ec202b78486a7c72b36ae8d24c4efdc6_1.png?strip=all","datePublished":"2025-09-30T09:43:47+00:00","dateModified":"2026-02-20T04:00:57+00:00","breadcrumb":{"@id":"https:\/\/lovme.pt\/index.php\/produto\/black-hole-gel-base-de-silicone-dilatacao-anal-100-ml\/#breadcrumb"},"inLanguage":"pt-PT","potentialAction":[{"@type":"ReadAction","target":["https:\/\/lovme.pt\/index.php\/produto\/black-hole-gel-base-de-silicone-dilatacao-anal-100-ml\/"]}]},{"@type":"ImageObject","inLanguage":"pt-PT","@id":"https:\/\/lovme.pt\/index.php\/produto\/black-hole-gel-base-de-silicone-dilatacao-anal-100-ml\/#primaryimage","url":"https:\/\/erki24nd3ub.exactdn.com\/wp-content\/uploads\/dream\/img\/img_154545_ec202b78486a7c72b36ae8d24c4efdc6_1.png?strip=all","contentUrl":"https:\/\/erki24nd3ub.exactdn.com\/wp-content\/uploads\/dream\/img\/img_154545_ec202b78486a7c72b36ae8d24c4efdc6_1.png?strip=all","width":800,"height":800},{"@type":"BreadcrumbList","@id":"https:\/\/lovme.pt\/index.php\/produto\/black-hole-gel-base-de-silicone-dilatacao-anal-100-ml\/#breadcrumb","itemListElement":[{"@type":"ListItem","position":1,"name":"In\u00edcio","item":"https:\/\/lovme.pt\/"},{"@type":"ListItem","position":2,"name":"Loja","item":"https:\/\/lovme.pt\/index.php\/loja\/"},{"@type":"ListItem","position":3,"name":"BLACK HOLE &#8211; GEL BASE DE SILICONE DILATA\u00c7\u00c3O ANAL 100 ML"}]},{"@type":"WebSite","@id":"https:\/\/lovme.pt\/#website","url":"https:\/\/lovme.pt\/","name":"Lovme Loja Er\u00f3tica N\u00ba1 em Portugal","description":"A melhor loja er\u00f3tica de Portugal.","alternateName":"Loja Er\u00f3tica Lovme","potentialAction":[{"@type":"SearchAction","target":{"@type":"EntryPoint","urlTemplate":"https:\/\/lovme.pt\/?s={search_term_string}"},"query-input":{"@type":"PropertyValueSpecification","valueRequired":true,"valueName":"search_term_string"}}],"inLanguage":"pt-PT"}]}},"_links":{"self":[{"href":"https:\/\/lovme.pt\/index.php\/wp-json\/wp\/v2\/product\/43463","targetHints":{"allow":["GET"]}}],"collection":[{"href":"https:\/\/lovme.pt\/index.php\/wp-json\/wp\/v2\/product"}],"about":[{"href":"https:\/\/lovme.pt\/index.php\/wp-json\/wp\/v2\/types\/product"}],"wp:featuredmedia":[{"embeddable":true,"href":"https:\/\/lovme.pt\/index.php\/wp-json\/wp\/v2\/media\/56299"}],"wp:attachment":[{"href":"https:\/\/lovme.pt\/index.php\/wp-json\/wp\/v2\/media?parent=43463"}],"wp:term":[{"taxonomy":"product_brand","embeddable":true,"href":"https:\/\/lovme.pt\/index.php\/wp-json\/wp\/v2\/product_brand?post=43463"},{"taxonomy":"product_cat","embeddable":true,"href":"https:\/\/lovme.pt\/index.php\/wp-json\/wp\/v2\/product_cat?post=43463"},{"taxonomy":"product_tag","embeddable":true,"href":"https:\/\/lovme.pt\/index.php\/wp-json\/wp\/v2\/product_tag?post=43463"}],"curies":[{"name":"wp","href":"https:\/\/api.w.org\/{rel}","templated":true}]}}