{"id":43461,"date":"2025-09-30T20:44:31","date_gmt":"2025-09-30T20:44:31","guid":{"rendered":"https:\/\/lovme.pt\/?post_type=product&p=43461"},"modified":"2026-02-19T20:08:49","modified_gmt":"2026-02-19T20:08:49","slug":"satisfyer-vibrador-bomba-de-ar-2-rosa","status":"publish","type":"product","link":"https:\/\/lovme.pt\/index.php\/produto\/satisfyer-vibrador-bomba-de-ar-2-rosa\/","title":{"rendered":"SATISFYER &#8211; VIBRADOR BOMBA DE AR 2 ROSA"},"content":{"rendered":"<p>O vibrador infl\u00e1vel e ultrapotente ideal para multiplicar dez vezes suas sensa\u00e7\u00f5es!<\/p>\n<p> Este poderoso brinquedo sexual vibrat\u00f3rio tem um corpo infl\u00e1vel para intensificar a estimula\u00e7\u00e3o, por isso \u00e9 f\u00e1cil de sentir. como um di\u00e2metro ajust\u00e1vel personalizado.<br \/> Com a sua forma curva e superf\u00edcie lisa e ligeiramente nervurada, o Satisfyer Air Pump Vibrator 2 \u00e9 o vibrador perfeito para estimula\u00e7\u00e3o do ponto G, mas tamb\u00e9m pode ser usado para estimula\u00e7\u00e3o anal.<\/p>\n<p> Gra\u00e7as ao seu corpo infl\u00e1vel, \u00e0s suas ranhuras estimulantes ao longo do corpo e \u00e0 sua extremidade bulbosa, o Air Pump Vibrator 2 vai fazer voc\u00ea sentir vontade. que voc\u00ea se derrete de prazer de mil e uma maneiras.<br \/> O estimulador Satisfyer Air Pump Vibrator 2 est\u00e1 dispon\u00edvel para uso. feito de silicone de grau m\u00e9dico supermacio, agrad\u00e1vel \u00e0 pele, suave ao toque e extremamente higi\u00eanico.<br \/> Recarreg\u00e1vel, suas baterias integradas podem ser recarregadas usando o cabo de carregamento USB inclu\u00eddo.<\/p>\n<p> Brinquedo sexual insufl\u00e1vel: o di\u00e2metro dos vibradores Satisfyer Air Pump pode ser aumentado gradualmente e at\u00e9 1,5 cm adicionais premindo um \u00fanico bot\u00e3o.<br \/> Com press\u00e3o cont\u00ednua, o brinquedo sexual atinge seu di\u00e2metro m\u00e1ximo em apenas 12 segundos, com um duplo clique no bot\u00e3o voc\u00ea pode facilmente liberar o ar novamente.<\/p>\n<p> <strong>Caracter\u00edsticas:<\/strong><\/p>\n<ul>\n<li> Vibrador vers\u00e1til e infl\u00e1vel<\/li>\n<li> Corpo infl\u00e1vel e di\u00e2metro<\/li>\n<li> Estimula\u00e7\u00e3o: anal ou vaginal<\/li>\n<li> 12 programas de vibra\u00e7\u00e3o<\/li>\n<li> Modo silencioso<\/li>\n<li> \u00c0 prova d\u00e1gua (IPX7)<\/li>\n<li> Material: Silicone biocompat\u00edvel e ABS<\/li>\n<li> Comprimento: 20 a 21,5 cm<\/li>\n<li> Di\u00e2metro 3,5 a 5 cm dependendo da infla\u00e7\u00e3o<\/li>\n<li> Bateria recarreg\u00e1vel de \u00edons de l\u00edtio com carregador USB magn\u00e9tico fornecido<\/li>\n<li> Limpeza f\u00e1cil<\/li>\n<\/ul>\n","protected":false},"excerpt":{"rendered":"<p>SATISFYER &#8211; VIBRADOR BOMBA DE AR 2 ROSA<\/p>\n","protected":false},"featured_media":72152,"template":"","meta":{"_acf_changed":false},"product_brand":[],"product_cat":[17,115,61,76],"product_tag":[],"class_list":{"0":"post-43461","1":"product","2":"type-product","3":"status-publish","4":"has-post-thumbnail","6":"product_cat-brinquedos-de-bem-estar-sexual","7":"product_cat-ofertas","8":"product_cat-para-elas","9":"product_cat-vibradores","10":"yith_product_brand-satisfyer","11":"yith_product_brand-satisfyer-satisfyer-vibrator","13":"first","14":"instock","15":"taxable","16":"shipping-taxable","17":"purchasable","18":"product-type-simple"},"acf":[],"yoast_head":"<!-- This site is optimized with the Yoast SEO plugin v27.4 - https:\/\/yoast.com\/product\/yoast-seo-wordpress\/ -->\n<title>SATISFYER - VIBRADOR BOMBA DE AR 2 ROSA - Lovme<\/title>\n<meta name=\"robots\" content=\"index, follow, max-snippet:-1, max-image-preview:large, max-video-preview:-1\" \/>\n<link rel=\"canonical\" href=\"https:\/\/lovme.pt\/index.php\/produto\/satisfyer-vibrador-bomba-de-ar-2-rosa\/\" \/>\n<meta property=\"og:locale\" content=\"pt_PT\" \/>\n<meta property=\"og:type\" content=\"article\" \/>\n<meta property=\"og:title\" content=\"SATISFYER - VIBRADOR BOMBA DE AR 2 ROSA - Lovme\" \/>\n<meta property=\"og:description\" content=\"SATISFYER - VIBRADOR BOMBA DE AR 2 ROSA\" \/>\n<meta property=\"og:url\" content=\"https:\/\/lovme.pt\/index.php\/produto\/satisfyer-vibrador-bomba-de-ar-2-rosa\/\" \/>\n<meta property=\"og:site_name\" content=\"Lovme\" \/>\n<meta property=\"article:modified_time\" content=\"2026-02-19T20:08:49+00:00\" \/>\n<meta property=\"og:image\" content=\"https:\/\/erki24nd3ub.exactdn.com\/wp-content\/uploads\/dream\/img\/img_144715_5cff7d6e3d2544b00606b508089beb19_1.jpg?strip=all\" \/>\n\t<meta property=\"og:image:width\" content=\"800\" \/>\n\t<meta property=\"og:image:height\" content=\"800\" \/>\n\t<meta property=\"og:image:type\" content=\"image\/jpeg\" \/>\n<meta name=\"twitter:card\" content=\"summary_large_image\" \/>\n<meta name=\"twitter:label1\" content=\"Tempo estimado de leitura\" \/>\n\t<meta name=\"twitter:data1\" content=\"1 minuto\" \/>\n<script type=\"application\/ld+json\" class=\"yoast-schema-graph\">{\"@context\":\"https:\\\/\\\/schema.org\",\"@graph\":[{\"@type\":\"WebPage\",\"@id\":\"https:\\\/\\\/lovme.pt\\\/index.php\\\/produto\\\/satisfyer-vibrador-bomba-de-ar-2-rosa\\\/\",\"url\":\"https:\\\/\\\/lovme.pt\\\/index.php\\\/produto\\\/satisfyer-vibrador-bomba-de-ar-2-rosa\\\/\",\"name\":\"SATISFYER - VIBRADOR BOMBA DE AR 2 ROSA - Lovme\",\"isPartOf\":{\"@id\":\"https:\\\/\\\/lovme.pt\\\/#website\"},\"primaryImageOfPage\":{\"@id\":\"https:\\\/\\\/lovme.pt\\\/index.php\\\/produto\\\/satisfyer-vibrador-bomba-de-ar-2-rosa\\\/#primaryimage\"},\"image\":{\"@id\":\"https:\\\/\\\/lovme.pt\\\/index.php\\\/produto\\\/satisfyer-vibrador-bomba-de-ar-2-rosa\\\/#primaryimage\"},\"thumbnailUrl\":\"https:\\\/\\\/erki24nd3ub.exactdn.com\\\/wp-content\\\/uploads\\\/dream\\\/img\\\/img_144715_5cff7d6e3d2544b00606b508089beb19_1.jpg?strip=all\",\"datePublished\":\"2025-09-30T20:44:31+00:00\",\"dateModified\":\"2026-02-19T20:08:49+00:00\",\"breadcrumb\":{\"@id\":\"https:\\\/\\\/lovme.pt\\\/index.php\\\/produto\\\/satisfyer-vibrador-bomba-de-ar-2-rosa\\\/#breadcrumb\"},\"inLanguage\":\"pt-PT\",\"potentialAction\":[{\"@type\":\"ReadAction\",\"target\":[\"https:\\\/\\\/lovme.pt\\\/index.php\\\/produto\\\/satisfyer-vibrador-bomba-de-ar-2-rosa\\\/\"]}]},{\"@type\":\"ImageObject\",\"inLanguage\":\"pt-PT\",\"@id\":\"https:\\\/\\\/lovme.pt\\\/index.php\\\/produto\\\/satisfyer-vibrador-bomba-de-ar-2-rosa\\\/#primaryimage\",\"url\":\"https:\\\/\\\/erki24nd3ub.exactdn.com\\\/wp-content\\\/uploads\\\/dream\\\/img\\\/img_144715_5cff7d6e3d2544b00606b508089beb19_1.jpg?strip=all\",\"contentUrl\":\"https:\\\/\\\/erki24nd3ub.exactdn.com\\\/wp-content\\\/uploads\\\/dream\\\/img\\\/img_144715_5cff7d6e3d2544b00606b508089beb19_1.jpg?strip=all\",\"width\":800,\"height\":800},{\"@type\":\"BreadcrumbList\",\"@id\":\"https:\\\/\\\/lovme.pt\\\/index.php\\\/produto\\\/satisfyer-vibrador-bomba-de-ar-2-rosa\\\/#breadcrumb\",\"itemListElement\":[{\"@type\":\"ListItem\",\"position\":1,\"name\":\"In\u00edcio\",\"item\":\"https:\\\/\\\/lovme.pt\\\/\"},{\"@type\":\"ListItem\",\"position\":2,\"name\":\"Loja\",\"item\":\"https:\\\/\\\/lovme.pt\\\/index.php\\\/loja\\\/\"},{\"@type\":\"ListItem\",\"position\":3,\"name\":\"SATISFYER &#8211; VIBRADOR BOMBA DE AR 2 ROSA\"}]},{\"@type\":\"WebSite\",\"@id\":\"https:\\\/\\\/lovme.pt\\\/#website\",\"url\":\"https:\\\/\\\/lovme.pt\\\/\",\"name\":\"Lovme Loja Er\u00f3tica N\u00ba1 em Portugal\",\"description\":\"A melhor loja er\u00f3tica de Portugal.\",\"alternateName\":\"Loja Er\u00f3tica Lovme\",\"potentialAction\":[{\"@type\":\"SearchAction\",\"target\":{\"@type\":\"EntryPoint\",\"urlTemplate\":\"https:\\\/\\\/lovme.pt\\\/?s={search_term_string}\"},\"query-input\":{\"@type\":\"PropertyValueSpecification\",\"valueRequired\":true,\"valueName\":\"search_term_string\"}}],\"inLanguage\":\"pt-PT\"}]}<\/script>\n<!-- \/ Yoast SEO plugin. -->","yoast_head_json":{"title":"SATISFYER - VIBRADOR BOMBA DE AR 2 ROSA - Lovme","robots":{"index":"index","follow":"follow","max-snippet":"max-snippet:-1","max-image-preview":"max-image-preview:large","max-video-preview":"max-video-preview:-1"},"canonical":"https:\/\/lovme.pt\/index.php\/produto\/satisfyer-vibrador-bomba-de-ar-2-rosa\/","og_locale":"pt_PT","og_type":"article","og_title":"SATISFYER - VIBRADOR BOMBA DE AR 2 ROSA - Lovme","og_description":"SATISFYER - VIBRADOR BOMBA DE AR 2 ROSA","og_url":"https:\/\/lovme.pt\/index.php\/produto\/satisfyer-vibrador-bomba-de-ar-2-rosa\/","og_site_name":"Lovme","article_modified_time":"2026-02-19T20:08:49+00:00","og_image":[{"width":800,"height":800,"url":"https:\/\/erki24nd3ub.exactdn.com\/wp-content\/uploads\/dream\/img\/img_144715_5cff7d6e3d2544b00606b508089beb19_1.jpg?strip=all","type":"image\/jpeg"}],"twitter_card":"summary_large_image","twitter_misc":{"Tempo estimado de leitura":"1 minuto"},"schema":{"@context":"https:\/\/schema.org","@graph":[{"@type":"WebPage","@id":"https:\/\/lovme.pt\/index.php\/produto\/satisfyer-vibrador-bomba-de-ar-2-rosa\/","url":"https:\/\/lovme.pt\/index.php\/produto\/satisfyer-vibrador-bomba-de-ar-2-rosa\/","name":"SATISFYER - VIBRADOR BOMBA DE AR 2 ROSA - Lovme","isPartOf":{"@id":"https:\/\/lovme.pt\/#website"},"primaryImageOfPage":{"@id":"https:\/\/lovme.pt\/index.php\/produto\/satisfyer-vibrador-bomba-de-ar-2-rosa\/#primaryimage"},"image":{"@id":"https:\/\/lovme.pt\/index.php\/produto\/satisfyer-vibrador-bomba-de-ar-2-rosa\/#primaryimage"},"thumbnailUrl":"https:\/\/erki24nd3ub.exactdn.com\/wp-content\/uploads\/dream\/img\/img_144715_5cff7d6e3d2544b00606b508089beb19_1.jpg?strip=all","datePublished":"2025-09-30T20:44:31+00:00","dateModified":"2026-02-19T20:08:49+00:00","breadcrumb":{"@id":"https:\/\/lovme.pt\/index.php\/produto\/satisfyer-vibrador-bomba-de-ar-2-rosa\/#breadcrumb"},"inLanguage":"pt-PT","potentialAction":[{"@type":"ReadAction","target":["https:\/\/lovme.pt\/index.php\/produto\/satisfyer-vibrador-bomba-de-ar-2-rosa\/"]}]},{"@type":"ImageObject","inLanguage":"pt-PT","@id":"https:\/\/lovme.pt\/index.php\/produto\/satisfyer-vibrador-bomba-de-ar-2-rosa\/#primaryimage","url":"https:\/\/erki24nd3ub.exactdn.com\/wp-content\/uploads\/dream\/img\/img_144715_5cff7d6e3d2544b00606b508089beb19_1.jpg?strip=all","contentUrl":"https:\/\/erki24nd3ub.exactdn.com\/wp-content\/uploads\/dream\/img\/img_144715_5cff7d6e3d2544b00606b508089beb19_1.jpg?strip=all","width":800,"height":800},{"@type":"BreadcrumbList","@id":"https:\/\/lovme.pt\/index.php\/produto\/satisfyer-vibrador-bomba-de-ar-2-rosa\/#breadcrumb","itemListElement":[{"@type":"ListItem","position":1,"name":"In\u00edcio","item":"https:\/\/lovme.pt\/"},{"@type":"ListItem","position":2,"name":"Loja","item":"https:\/\/lovme.pt\/index.php\/loja\/"},{"@type":"ListItem","position":3,"name":"SATISFYER &#8211; VIBRADOR BOMBA DE AR 2 ROSA"}]},{"@type":"WebSite","@id":"https:\/\/lovme.pt\/#website","url":"https:\/\/lovme.pt\/","name":"Lovme Loja Er\u00f3tica N\u00ba1 em Portugal","description":"A melhor loja er\u00f3tica de Portugal.","alternateName":"Loja Er\u00f3tica Lovme","potentialAction":[{"@type":"SearchAction","target":{"@type":"EntryPoint","urlTemplate":"https:\/\/lovme.pt\/?s={search_term_string}"},"query-input":{"@type":"PropertyValueSpecification","valueRequired":true,"valueName":"search_term_string"}}],"inLanguage":"pt-PT"}]}},"_links":{"self":[{"href":"https:\/\/lovme.pt\/index.php\/wp-json\/wp\/v2\/product\/43461","targetHints":{"allow":["GET"]}}],"collection":[{"href":"https:\/\/lovme.pt\/index.php\/wp-json\/wp\/v2\/product"}],"about":[{"href":"https:\/\/lovme.pt\/index.php\/wp-json\/wp\/v2\/types\/product"}],"wp:featuredmedia":[{"embeddable":true,"href":"https:\/\/lovme.pt\/index.php\/wp-json\/wp\/v2\/media\/72152"}],"wp:attachment":[{"href":"https:\/\/lovme.pt\/index.php\/wp-json\/wp\/v2\/media?parent=43461"}],"wp:term":[{"taxonomy":"product_brand","embeddable":true,"href":"https:\/\/lovme.pt\/index.php\/wp-json\/wp\/v2\/product_brand?post=43461"},{"taxonomy":"product_cat","embeddable":true,"href":"https:\/\/lovme.pt\/index.php\/wp-json\/wp\/v2\/product_cat?post=43461"},{"taxonomy":"product_tag","embeddable":true,"href":"https:\/\/lovme.pt\/index.php\/wp-json\/wp\/v2\/product_tag?post=43461"}],"curies":[{"name":"wp","href":"https:\/\/api.w.org\/{rel}","templated":true}]}}