{"id":43459,"date":"2025-10-01T02:03:43","date_gmt":"2025-10-01T02:03:43","guid":{"rendered":"https:\/\/lovme.pt\/?post_type=product&p=43459"},"modified":"2026-02-19T20:17:59","modified_gmt":"2026-02-19T20:17:59","slug":"bye-bra-alcas-de-sutia-transparentes-15-mm","status":"publish","type":"product","link":"https:\/\/lovme.pt\/index.php\/produto\/bye-bra-alcas-de-sutia-transparentes-15-mm\/","title":{"rendered":"BYE-BRA &#8211; AL\u00c7AS DE SUTI\u00c3 TRANSPARENTES 15 MM"},"content":{"rendered":"<p>Al\u00e7as transparentes<\/p>\n<p>Antiderrapante e reutiliz\u00e1vel<\/p>\n<p>4 palavras: adapt\u00e1vel, conveniente, elegante, lav\u00e1vel<\/p>\n<p>Instru\u00e7\u00f5es:<\/p>\n<ul>\n<li>1. Remova as al\u00e7as do suti\u00e3.<\/li>\n<li>2. Prenda as al\u00e7as transparentes do suti\u00e3 nas presilhas do suti\u00e3.<\/li>\n<li>3. Ajuste conforme necess\u00e1rio para um ajuste confort\u00e1vel.<\/li>\n<\/ul>\n<p>As al\u00e7as transparentes do suti\u00e3 cabem na maioria dos suti\u00e3s para oferecer uma apar\u00eancia discreta e suporte extra para o seu visual sem al\u00e7as.<\/p>\n<p>As al\u00e7as transparentes do suti\u00e3 s\u00e3o essenciais no guarda-roupa, ideais para usar sob vestidos ou vestidos sem al\u00e7as.<\/p>\n<p>Dispon\u00edvel em largura de 15mm.<\/p>\n","protected":false},"excerpt":{"rendered":"<p>BYE-BRA &#8211; AL\u00c7AS DE SUTI\u00c3 TRANSPARENTES 15 MM<\/p>\n","protected":false},"featured_media":94557,"template":"","meta":{"_acf_changed":false},"product_brand":[],"product_cat":[50,47,66],"product_tag":[],"class_list":{"0":"post-43459","1":"product","2":"type-product","3":"status-publish","4":"has-post-thumbnail","6":"product_cat-complementos-e-acessorios","7":"product_cat-lingerie","8":"product_cat-lingerie-feminina","9":"yith_product_brand-bye-bra","10":"yith_product_brand-bye-brabye-bra-accessories","12":"first","13":"instock","14":"taxable","15":"shipping-taxable","16":"purchasable","17":"product-type-simple"},"acf":[],"yoast_head":"<!-- This site is optimized with the Yoast SEO plugin v27.4 - https:\/\/yoast.com\/product\/yoast-seo-wordpress\/ -->\n<title>BYE-BRA - AL\u00c7AS DE SUTI\u00c3 TRANSPARENTES 15 MM - Lovme<\/title>\n<meta name=\"robots\" content=\"index, follow, max-snippet:-1, max-image-preview:large, max-video-preview:-1\" \/>\n<link rel=\"canonical\" href=\"https:\/\/lovme.pt\/index.php\/produto\/bye-bra-alcas-de-sutia-transparentes-15-mm\/\" \/>\n<meta property=\"og:locale\" content=\"pt_PT\" \/>\n<meta property=\"og:type\" content=\"article\" \/>\n<meta property=\"og:title\" content=\"BYE-BRA - AL\u00c7AS DE SUTI\u00c3 TRANSPARENTES 15 MM - Lovme\" \/>\n<meta property=\"og:description\" content=\"BYE-BRA - AL\u00c7AS DE SUTI\u00c3 TRANSPARENTES 15 MM\" \/>\n<meta property=\"og:url\" content=\"https:\/\/lovme.pt\/index.php\/produto\/bye-bra-alcas-de-sutia-transparentes-15-mm\/\" \/>\n<meta property=\"og:site_name\" content=\"Lovme\" \/>\n<meta property=\"article:modified_time\" content=\"2026-02-19T20:17:59+00:00\" \/>\n<meta property=\"og:image\" content=\"https:\/\/erki24nd3ub.exactdn.com\/wp-content\/uploads\/dream\/img\/img_144288_2b94e65e3579f81bc58d5ddda8d7fd81_1.jpg?strip=all\" \/>\n\t<meta property=\"og:image:width\" content=\"854\" \/>\n\t<meta property=\"og:image:height\" content=\"856\" \/>\n\t<meta property=\"og:image:type\" content=\"image\/jpeg\" \/>\n<meta name=\"twitter:card\" content=\"summary_large_image\" \/>\n<script type=\"application\/ld+json\" class=\"yoast-schema-graph\">{\"@context\":\"https:\\\/\\\/schema.org\",\"@graph\":[{\"@type\":\"WebPage\",\"@id\":\"https:\\\/\\\/lovme.pt\\\/index.php\\\/produto\\\/bye-bra-alcas-de-sutia-transparentes-15-mm\\\/\",\"url\":\"https:\\\/\\\/lovme.pt\\\/index.php\\\/produto\\\/bye-bra-alcas-de-sutia-transparentes-15-mm\\\/\",\"name\":\"BYE-BRA - AL\u00c7AS DE SUTI\u00c3 TRANSPARENTES 15 MM - Lovme\",\"isPartOf\":{\"@id\":\"https:\\\/\\\/lovme.pt\\\/#website\"},\"primaryImageOfPage\":{\"@id\":\"https:\\\/\\\/lovme.pt\\\/index.php\\\/produto\\\/bye-bra-alcas-de-sutia-transparentes-15-mm\\\/#primaryimage\"},\"image\":{\"@id\":\"https:\\\/\\\/lovme.pt\\\/index.php\\\/produto\\\/bye-bra-alcas-de-sutia-transparentes-15-mm\\\/#primaryimage\"},\"thumbnailUrl\":\"https:\\\/\\\/erki24nd3ub.exactdn.com\\\/wp-content\\\/uploads\\\/dream\\\/img\\\/img_144288_2b94e65e3579f81bc58d5ddda8d7fd81_1.jpg?strip=all\",\"datePublished\":\"2025-10-01T02:03:43+00:00\",\"dateModified\":\"2026-02-19T20:17:59+00:00\",\"breadcrumb\":{\"@id\":\"https:\\\/\\\/lovme.pt\\\/index.php\\\/produto\\\/bye-bra-alcas-de-sutia-transparentes-15-mm\\\/#breadcrumb\"},\"inLanguage\":\"pt-PT\",\"potentialAction\":[{\"@type\":\"ReadAction\",\"target\":[\"https:\\\/\\\/lovme.pt\\\/index.php\\\/produto\\\/bye-bra-alcas-de-sutia-transparentes-15-mm\\\/\"]}]},{\"@type\":\"ImageObject\",\"inLanguage\":\"pt-PT\",\"@id\":\"https:\\\/\\\/lovme.pt\\\/index.php\\\/produto\\\/bye-bra-alcas-de-sutia-transparentes-15-mm\\\/#primaryimage\",\"url\":\"https:\\\/\\\/erki24nd3ub.exactdn.com\\\/wp-content\\\/uploads\\\/dream\\\/img\\\/img_144288_2b94e65e3579f81bc58d5ddda8d7fd81_1.jpg?strip=all\",\"contentUrl\":\"https:\\\/\\\/erki24nd3ub.exactdn.com\\\/wp-content\\\/uploads\\\/dream\\\/img\\\/img_144288_2b94e65e3579f81bc58d5ddda8d7fd81_1.jpg?strip=all\",\"width\":854,\"height\":856},{\"@type\":\"BreadcrumbList\",\"@id\":\"https:\\\/\\\/lovme.pt\\\/index.php\\\/produto\\\/bye-bra-alcas-de-sutia-transparentes-15-mm\\\/#breadcrumb\",\"itemListElement\":[{\"@type\":\"ListItem\",\"position\":1,\"name\":\"In\u00edcio\",\"item\":\"https:\\\/\\\/lovme.pt\\\/\"},{\"@type\":\"ListItem\",\"position\":2,\"name\":\"Loja\",\"item\":\"https:\\\/\\\/lovme.pt\\\/index.php\\\/loja\\\/\"},{\"@type\":\"ListItem\",\"position\":3,\"name\":\"BYE-BRA &#8211; AL\u00c7AS DE SUTI\u00c3 TRANSPARENTES 15 MM\"}]},{\"@type\":\"WebSite\",\"@id\":\"https:\\\/\\\/lovme.pt\\\/#website\",\"url\":\"https:\\\/\\\/lovme.pt\\\/\",\"name\":\"Lovme Loja Er\u00f3tica N\u00ba1 em Portugal\",\"description\":\"A melhor loja er\u00f3tica de Portugal.\",\"alternateName\":\"Loja Er\u00f3tica Lovme\",\"potentialAction\":[{\"@type\":\"SearchAction\",\"target\":{\"@type\":\"EntryPoint\",\"urlTemplate\":\"https:\\\/\\\/lovme.pt\\\/?s={search_term_string}\"},\"query-input\":{\"@type\":\"PropertyValueSpecification\",\"valueRequired\":true,\"valueName\":\"search_term_string\"}}],\"inLanguage\":\"pt-PT\"}]}<\/script>\n<!-- \/ Yoast SEO plugin. -->","yoast_head_json":{"title":"BYE-BRA - AL\u00c7AS DE SUTI\u00c3 TRANSPARENTES 15 MM - Lovme","robots":{"index":"index","follow":"follow","max-snippet":"max-snippet:-1","max-image-preview":"max-image-preview:large","max-video-preview":"max-video-preview:-1"},"canonical":"https:\/\/lovme.pt\/index.php\/produto\/bye-bra-alcas-de-sutia-transparentes-15-mm\/","og_locale":"pt_PT","og_type":"article","og_title":"BYE-BRA - AL\u00c7AS DE SUTI\u00c3 TRANSPARENTES 15 MM - Lovme","og_description":"BYE-BRA - AL\u00c7AS DE SUTI\u00c3 TRANSPARENTES 15 MM","og_url":"https:\/\/lovme.pt\/index.php\/produto\/bye-bra-alcas-de-sutia-transparentes-15-mm\/","og_site_name":"Lovme","article_modified_time":"2026-02-19T20:17:59+00:00","og_image":[{"width":854,"height":856,"url":"https:\/\/erki24nd3ub.exactdn.com\/wp-content\/uploads\/dream\/img\/img_144288_2b94e65e3579f81bc58d5ddda8d7fd81_1.jpg?strip=all","type":"image\/jpeg"}],"twitter_card":"summary_large_image","schema":{"@context":"https:\/\/schema.org","@graph":[{"@type":"WebPage","@id":"https:\/\/lovme.pt\/index.php\/produto\/bye-bra-alcas-de-sutia-transparentes-15-mm\/","url":"https:\/\/lovme.pt\/index.php\/produto\/bye-bra-alcas-de-sutia-transparentes-15-mm\/","name":"BYE-BRA - AL\u00c7AS DE SUTI\u00c3 TRANSPARENTES 15 MM - Lovme","isPartOf":{"@id":"https:\/\/lovme.pt\/#website"},"primaryImageOfPage":{"@id":"https:\/\/lovme.pt\/index.php\/produto\/bye-bra-alcas-de-sutia-transparentes-15-mm\/#primaryimage"},"image":{"@id":"https:\/\/lovme.pt\/index.php\/produto\/bye-bra-alcas-de-sutia-transparentes-15-mm\/#primaryimage"},"thumbnailUrl":"https:\/\/erki24nd3ub.exactdn.com\/wp-content\/uploads\/dream\/img\/img_144288_2b94e65e3579f81bc58d5ddda8d7fd81_1.jpg?strip=all","datePublished":"2025-10-01T02:03:43+00:00","dateModified":"2026-02-19T20:17:59+00:00","breadcrumb":{"@id":"https:\/\/lovme.pt\/index.php\/produto\/bye-bra-alcas-de-sutia-transparentes-15-mm\/#breadcrumb"},"inLanguage":"pt-PT","potentialAction":[{"@type":"ReadAction","target":["https:\/\/lovme.pt\/index.php\/produto\/bye-bra-alcas-de-sutia-transparentes-15-mm\/"]}]},{"@type":"ImageObject","inLanguage":"pt-PT","@id":"https:\/\/lovme.pt\/index.php\/produto\/bye-bra-alcas-de-sutia-transparentes-15-mm\/#primaryimage","url":"https:\/\/erki24nd3ub.exactdn.com\/wp-content\/uploads\/dream\/img\/img_144288_2b94e65e3579f81bc58d5ddda8d7fd81_1.jpg?strip=all","contentUrl":"https:\/\/erki24nd3ub.exactdn.com\/wp-content\/uploads\/dream\/img\/img_144288_2b94e65e3579f81bc58d5ddda8d7fd81_1.jpg?strip=all","width":854,"height":856},{"@type":"BreadcrumbList","@id":"https:\/\/lovme.pt\/index.php\/produto\/bye-bra-alcas-de-sutia-transparentes-15-mm\/#breadcrumb","itemListElement":[{"@type":"ListItem","position":1,"name":"In\u00edcio","item":"https:\/\/lovme.pt\/"},{"@type":"ListItem","position":2,"name":"Loja","item":"https:\/\/lovme.pt\/index.php\/loja\/"},{"@type":"ListItem","position":3,"name":"BYE-BRA &#8211; AL\u00c7AS DE SUTI\u00c3 TRANSPARENTES 15 MM"}]},{"@type":"WebSite","@id":"https:\/\/lovme.pt\/#website","url":"https:\/\/lovme.pt\/","name":"Lovme Loja Er\u00f3tica N\u00ba1 em Portugal","description":"A melhor loja er\u00f3tica de Portugal.","alternateName":"Loja Er\u00f3tica Lovme","potentialAction":[{"@type":"SearchAction","target":{"@type":"EntryPoint","urlTemplate":"https:\/\/lovme.pt\/?s={search_term_string}"},"query-input":{"@type":"PropertyValueSpecification","valueRequired":true,"valueName":"search_term_string"}}],"inLanguage":"pt-PT"}]}},"_links":{"self":[{"href":"https:\/\/lovme.pt\/index.php\/wp-json\/wp\/v2\/product\/43459","targetHints":{"allow":["GET"]}}],"collection":[{"href":"https:\/\/lovme.pt\/index.php\/wp-json\/wp\/v2\/product"}],"about":[{"href":"https:\/\/lovme.pt\/index.php\/wp-json\/wp\/v2\/types\/product"}],"wp:featuredmedia":[{"embeddable":true,"href":"https:\/\/lovme.pt\/index.php\/wp-json\/wp\/v2\/media\/94557"}],"wp:attachment":[{"href":"https:\/\/lovme.pt\/index.php\/wp-json\/wp\/v2\/media?parent=43459"}],"wp:term":[{"taxonomy":"product_brand","embeddable":true,"href":"https:\/\/lovme.pt\/index.php\/wp-json\/wp\/v2\/product_brand?post=43459"},{"taxonomy":"product_cat","embeddable":true,"href":"https:\/\/lovme.pt\/index.php\/wp-json\/wp\/v2\/product_cat?post=43459"},{"taxonomy":"product_tag","embeddable":true,"href":"https:\/\/lovme.pt\/index.php\/wp-json\/wp\/v2\/product_tag?post=43459"}],"curies":[{"name":"wp","href":"https:\/\/api.w.org\/{rel}","templated":true}]}}