{"id":43421,"date":"2025-09-30T22:26:37","date_gmt":"2025-09-30T22:26:37","guid":{"rendered":"https:\/\/lovme.pt\/?post_type=product&p=43421"},"modified":"2026-02-19T20:12:21","modified_gmt":"2026-02-19T20:12:21","slug":"secretplay-doces-explosivos-de-morango","status":"publish","type":"product","link":"https:\/\/lovme.pt\/index.php\/produto\/secretplay-doces-explosivos-de-morango\/","title":{"rendered":"SECRETPLAY &#8211; DOCES EXPLOSIVOS DE MORANGO"},"content":{"rendered":"<p>Voc\u00ea n\u00e3o sabe mais inovar no sexo oral e acha que j\u00e1 tentou de tudo?<\/p>\n<p>Esses Popping Candies que explodem na sua boca v\u00e3o convenc\u00ea-lo de que ainda h\u00e1 muito o que experimentar.<\/p>\n<p>Traga a magia \u00e0 sua boca e surpreenda-se a si e ao seu parceiro com uma nova sensa\u00e7\u00e3o viciante: pequenos rebu\u00e7ados que explodem na sua l\u00edngua e fazem divertidos pops na sua l\u00edngua. inesperado. Basta colocar alguns rebu\u00e7ados na boca para come\u00e7ar a desfrutar do seu efeito sedutor.<\/p>\n<p>Adicione um elemento surpresa \u00e0s sess\u00f5es de sexo oral e prepare-se para ser seduzido por toda a vida!<\/p>\n<p>Essas balas de a\u00e7\u00facar explosivas v\u00eam em um recipiente de uso \u00fanico e seu efeito efervescente o deixar\u00e1 feliz. sexo oral uma experi\u00eancia explosiva. Al\u00e9m disso, voc\u00ea pode us\u00e1-los de v\u00e1rias formas criativas: coloque-os no peito ou em qualquer zona er\u00f3gena e convide seu parceiro a curtir o som e o efeito em sua boca ou prepare um banho incr\u00edvel para seu casal. Encha a banheira com \u00e1gua na temperatura certa e jogue um dos doces explosivos nela. Convide seu parceiro e ou\u00e7a o efeito cintilante de estourar balas na \u00e1gua. Divirtam-se juntos.<\/p>\n<p><strong>Como funciona:<\/strong><\/p>\n<ul>\n<li>Os ?popping candy? t\u00eam bolhas microsc\u00f3picas de CO2 presas nas balas.<\/li>\n<li>Essas bolhas s\u00e3o liberadas quando entram em contato com sua saliva, e \u00e9 a\u00ed que voc\u00ea sente aquela sensa\u00e7\u00e3o de explos\u00e3o t\u00e3o divertida, inesperada e espetacular.<\/li>\n<li>Prepare-se para ficar viciado!<\/li>\n<li>Apresenta\u00e7\u00e3o: 1 saqueta<\/li>\n<li>Capacidade: 9 gramas.<\/li>\n<li>Sabor: Morango<\/li>\n<li>100% comest\u00edvel.<\/li>\n<\/ul>\n","protected":false},"excerpt":{"rendered":"<p>SECRETPLAY &#8211; DOCES EXPLOSIVOS DE MORANGO<\/p>\n","protected":false},"featured_media":77811,"template":"","meta":{"_acf_changed":false},"product_brand":[],"product_cat":[49,15,53],"product_tag":[],"class_list":{"0":"post-43421","1":"product","2":"type-product","3":"status-publish","4":"has-post-thumbnail","6":"product_cat-cosmeticos","7":"product_cat-loja","8":"product_cat-lubrificantes-intimos","9":"yith_product_brand-secretplay","10":"yith_product_brand-secretplaysecretplay-cosmetic","12":"first","13":"instock","14":"taxable","15":"shipping-taxable","16":"purchasable","17":"product-type-simple"},"acf":[],"yoast_head":"<!-- This site is optimized with the Yoast SEO plugin v27.4 - https:\/\/yoast.com\/product\/yoast-seo-wordpress\/ -->\n<title>SECRETPLAY - DOCES EXPLOSIVOS DE MORANGO - Lovme<\/title>\n<meta name=\"robots\" content=\"index, follow, max-snippet:-1, max-image-preview:large, max-video-preview:-1\" \/>\n<link rel=\"canonical\" href=\"https:\/\/lovme.pt\/index.php\/produto\/secretplay-doces-explosivos-de-morango\/\" \/>\n<meta property=\"og:locale\" content=\"pt_PT\" \/>\n<meta property=\"og:type\" content=\"article\" \/>\n<meta property=\"og:title\" content=\"SECRETPLAY - DOCES EXPLOSIVOS DE MORANGO - Lovme\" \/>\n<meta property=\"og:description\" content=\"SECRETPLAY - DOCES EXPLOSIVOS DE MORANGO\" \/>\n<meta property=\"og:url\" content=\"https:\/\/lovme.pt\/index.php\/produto\/secretplay-doces-explosivos-de-morango\/\" \/>\n<meta property=\"og:site_name\" content=\"Lovme\" \/>\n<meta property=\"article:modified_time\" content=\"2026-02-19T20:12:21+00:00\" \/>\n<meta property=\"og:image\" content=\"https:\/\/erki24nd3ub.exactdn.com\/wp-content\/uploads\/dream\/img\/img_143906_72a394a8c8ec87d658104e31a6aad736_1.jpg?strip=all\" \/>\n\t<meta property=\"og:image:width\" content=\"800\" \/>\n\t<meta property=\"og:image:height\" content=\"800\" \/>\n\t<meta property=\"og:image:type\" content=\"image\/jpeg\" \/>\n<meta name=\"twitter:card\" content=\"summary_large_image\" \/>\n<meta name=\"twitter:label1\" content=\"Tempo estimado de leitura\" \/>\n\t<meta name=\"twitter:data1\" content=\"1 minuto\" \/>\n<script type=\"application\/ld+json\" class=\"yoast-schema-graph\">{\"@context\":\"https:\\\/\\\/schema.org\",\"@graph\":[{\"@type\":\"WebPage\",\"@id\":\"https:\\\/\\\/lovme.pt\\\/index.php\\\/produto\\\/secretplay-doces-explosivos-de-morango\\\/\",\"url\":\"https:\\\/\\\/lovme.pt\\\/index.php\\\/produto\\\/secretplay-doces-explosivos-de-morango\\\/\",\"name\":\"SECRETPLAY - DOCES EXPLOSIVOS DE MORANGO - Lovme\",\"isPartOf\":{\"@id\":\"https:\\\/\\\/lovme.pt\\\/#website\"},\"primaryImageOfPage\":{\"@id\":\"https:\\\/\\\/lovme.pt\\\/index.php\\\/produto\\\/secretplay-doces-explosivos-de-morango\\\/#primaryimage\"},\"image\":{\"@id\":\"https:\\\/\\\/lovme.pt\\\/index.php\\\/produto\\\/secretplay-doces-explosivos-de-morango\\\/#primaryimage\"},\"thumbnailUrl\":\"https:\\\/\\\/erki24nd3ub.exactdn.com\\\/wp-content\\\/uploads\\\/dream\\\/img\\\/img_143906_72a394a8c8ec87d658104e31a6aad736_1.jpg?strip=all\",\"datePublished\":\"2025-09-30T22:26:37+00:00\",\"dateModified\":\"2026-02-19T20:12:21+00:00\",\"breadcrumb\":{\"@id\":\"https:\\\/\\\/lovme.pt\\\/index.php\\\/produto\\\/secretplay-doces-explosivos-de-morango\\\/#breadcrumb\"},\"inLanguage\":\"pt-PT\",\"potentialAction\":[{\"@type\":\"ReadAction\",\"target\":[\"https:\\\/\\\/lovme.pt\\\/index.php\\\/produto\\\/secretplay-doces-explosivos-de-morango\\\/\"]}]},{\"@type\":\"ImageObject\",\"inLanguage\":\"pt-PT\",\"@id\":\"https:\\\/\\\/lovme.pt\\\/index.php\\\/produto\\\/secretplay-doces-explosivos-de-morango\\\/#primaryimage\",\"url\":\"https:\\\/\\\/erki24nd3ub.exactdn.com\\\/wp-content\\\/uploads\\\/dream\\\/img\\\/img_143906_72a394a8c8ec87d658104e31a6aad736_1.jpg?strip=all\",\"contentUrl\":\"https:\\\/\\\/erki24nd3ub.exactdn.com\\\/wp-content\\\/uploads\\\/dream\\\/img\\\/img_143906_72a394a8c8ec87d658104e31a6aad736_1.jpg?strip=all\",\"width\":800,\"height\":800},{\"@type\":\"BreadcrumbList\",\"@id\":\"https:\\\/\\\/lovme.pt\\\/index.php\\\/produto\\\/secretplay-doces-explosivos-de-morango\\\/#breadcrumb\",\"itemListElement\":[{\"@type\":\"ListItem\",\"position\":1,\"name\":\"In\u00edcio\",\"item\":\"https:\\\/\\\/lovme.pt\\\/\"},{\"@type\":\"ListItem\",\"position\":2,\"name\":\"Loja\",\"item\":\"https:\\\/\\\/lovme.pt\\\/index.php\\\/loja\\\/\"},{\"@type\":\"ListItem\",\"position\":3,\"name\":\"SECRETPLAY &#8211; DOCES EXPLOSIVOS DE MORANGO\"}]},{\"@type\":\"WebSite\",\"@id\":\"https:\\\/\\\/lovme.pt\\\/#website\",\"url\":\"https:\\\/\\\/lovme.pt\\\/\",\"name\":\"Lovme Loja Er\u00f3tica N\u00ba1 em Portugal\",\"description\":\"A melhor loja er\u00f3tica de Portugal.\",\"alternateName\":\"Loja Er\u00f3tica Lovme\",\"potentialAction\":[{\"@type\":\"SearchAction\",\"target\":{\"@type\":\"EntryPoint\",\"urlTemplate\":\"https:\\\/\\\/lovme.pt\\\/?s={search_term_string}\"},\"query-input\":{\"@type\":\"PropertyValueSpecification\",\"valueRequired\":true,\"valueName\":\"search_term_string\"}}],\"inLanguage\":\"pt-PT\"}]}<\/script>\n<!-- \/ Yoast SEO plugin. -->","yoast_head_json":{"title":"SECRETPLAY - DOCES EXPLOSIVOS DE MORANGO - Lovme","robots":{"index":"index","follow":"follow","max-snippet":"max-snippet:-1","max-image-preview":"max-image-preview:large","max-video-preview":"max-video-preview:-1"},"canonical":"https:\/\/lovme.pt\/index.php\/produto\/secretplay-doces-explosivos-de-morango\/","og_locale":"pt_PT","og_type":"article","og_title":"SECRETPLAY - DOCES EXPLOSIVOS DE MORANGO - Lovme","og_description":"SECRETPLAY - DOCES EXPLOSIVOS DE MORANGO","og_url":"https:\/\/lovme.pt\/index.php\/produto\/secretplay-doces-explosivos-de-morango\/","og_site_name":"Lovme","article_modified_time":"2026-02-19T20:12:21+00:00","og_image":[{"width":800,"height":800,"url":"https:\/\/erki24nd3ub.exactdn.com\/wp-content\/uploads\/dream\/img\/img_143906_72a394a8c8ec87d658104e31a6aad736_1.jpg?strip=all","type":"image\/jpeg"}],"twitter_card":"summary_large_image","twitter_misc":{"Tempo estimado de leitura":"1 minuto"},"schema":{"@context":"https:\/\/schema.org","@graph":[{"@type":"WebPage","@id":"https:\/\/lovme.pt\/index.php\/produto\/secretplay-doces-explosivos-de-morango\/","url":"https:\/\/lovme.pt\/index.php\/produto\/secretplay-doces-explosivos-de-morango\/","name":"SECRETPLAY - DOCES EXPLOSIVOS DE MORANGO - Lovme","isPartOf":{"@id":"https:\/\/lovme.pt\/#website"},"primaryImageOfPage":{"@id":"https:\/\/lovme.pt\/index.php\/produto\/secretplay-doces-explosivos-de-morango\/#primaryimage"},"image":{"@id":"https:\/\/lovme.pt\/index.php\/produto\/secretplay-doces-explosivos-de-morango\/#primaryimage"},"thumbnailUrl":"https:\/\/erki24nd3ub.exactdn.com\/wp-content\/uploads\/dream\/img\/img_143906_72a394a8c8ec87d658104e31a6aad736_1.jpg?strip=all","datePublished":"2025-09-30T22:26:37+00:00","dateModified":"2026-02-19T20:12:21+00:00","breadcrumb":{"@id":"https:\/\/lovme.pt\/index.php\/produto\/secretplay-doces-explosivos-de-morango\/#breadcrumb"},"inLanguage":"pt-PT","potentialAction":[{"@type":"ReadAction","target":["https:\/\/lovme.pt\/index.php\/produto\/secretplay-doces-explosivos-de-morango\/"]}]},{"@type":"ImageObject","inLanguage":"pt-PT","@id":"https:\/\/lovme.pt\/index.php\/produto\/secretplay-doces-explosivos-de-morango\/#primaryimage","url":"https:\/\/erki24nd3ub.exactdn.com\/wp-content\/uploads\/dream\/img\/img_143906_72a394a8c8ec87d658104e31a6aad736_1.jpg?strip=all","contentUrl":"https:\/\/erki24nd3ub.exactdn.com\/wp-content\/uploads\/dream\/img\/img_143906_72a394a8c8ec87d658104e31a6aad736_1.jpg?strip=all","width":800,"height":800},{"@type":"BreadcrumbList","@id":"https:\/\/lovme.pt\/index.php\/produto\/secretplay-doces-explosivos-de-morango\/#breadcrumb","itemListElement":[{"@type":"ListItem","position":1,"name":"In\u00edcio","item":"https:\/\/lovme.pt\/"},{"@type":"ListItem","position":2,"name":"Loja","item":"https:\/\/lovme.pt\/index.php\/loja\/"},{"@type":"ListItem","position":3,"name":"SECRETPLAY &#8211; DOCES EXPLOSIVOS DE MORANGO"}]},{"@type":"WebSite","@id":"https:\/\/lovme.pt\/#website","url":"https:\/\/lovme.pt\/","name":"Lovme Loja Er\u00f3tica N\u00ba1 em Portugal","description":"A melhor loja er\u00f3tica de Portugal.","alternateName":"Loja Er\u00f3tica Lovme","potentialAction":[{"@type":"SearchAction","target":{"@type":"EntryPoint","urlTemplate":"https:\/\/lovme.pt\/?s={search_term_string}"},"query-input":{"@type":"PropertyValueSpecification","valueRequired":true,"valueName":"search_term_string"}}],"inLanguage":"pt-PT"}]}},"_links":{"self":[{"href":"https:\/\/lovme.pt\/index.php\/wp-json\/wp\/v2\/product\/43421","targetHints":{"allow":["GET"]}}],"collection":[{"href":"https:\/\/lovme.pt\/index.php\/wp-json\/wp\/v2\/product"}],"about":[{"href":"https:\/\/lovme.pt\/index.php\/wp-json\/wp\/v2\/types\/product"}],"wp:featuredmedia":[{"embeddable":true,"href":"https:\/\/lovme.pt\/index.php\/wp-json\/wp\/v2\/media\/77811"}],"wp:attachment":[{"href":"https:\/\/lovme.pt\/index.php\/wp-json\/wp\/v2\/media?parent=43421"}],"wp:term":[{"taxonomy":"product_brand","embeddable":true,"href":"https:\/\/lovme.pt\/index.php\/wp-json\/wp\/v2\/product_brand?post=43421"},{"taxonomy":"product_cat","embeddable":true,"href":"https:\/\/lovme.pt\/index.php\/wp-json\/wp\/v2\/product_cat?post=43421"},{"taxonomy":"product_tag","embeddable":true,"href":"https:\/\/lovme.pt\/index.php\/wp-json\/wp\/v2\/product_tag?post=43421"}],"curies":[{"name":"wp","href":"https:\/\/api.w.org\/{rel}","templated":true}]}}