{"id":43419,"date":"2025-09-30T22:20:20","date_gmt":"2025-09-30T22:20:20","guid":{"rendered":"https:\/\/lovme.pt\/?post_type=product&p=43419"},"modified":"2026-02-20T04:01:23","modified_gmt":"2026-02-20T04:01:23","slug":"excite-o-white-bleach-cuidado-areas-intimas-50-ml","status":"publish","type":"product","link":"https:\/\/lovme.pt\/index.php\/produto\/excite-o-white-bleach-cuidado-areas-intimas-50-ml\/","title":{"rendered":"EXCITE &#8211; O WHITE BLEACH + CUIDADO \u00c1REAS \u00cdNTIMAS 50 ML"},"content":{"rendered":"<p><strong>LIFT  FIRME<\/strong><\/p>\n<p>PARA HOMENS E MULHERES \/ TESTADO DERMATOLOGICAMENTE<\/p>\n<p><strong>EXCITE O-WHITE<\/strong> est\u00e1 dispon\u00edvel. Especialmente desenvolvido para clarear hiperpigmenta\u00e7\u00f5es em \u00e1reas \u00edntimas, \u00e2nus e regi\u00e3o perianal, vagina, mamilos, escroto, p\u00eanis e outros, gra\u00e7as \u00e0 a\u00e7\u00e3o de agentes clareadores naturais que combatem a pigmenta\u00e7\u00e3o. n de v\u00e1rias frentes; por sua vez, gra\u00e7as \u00e0 adi\u00e7\u00e3o de ingredientes ativos hidratantes e emolientes, a apar\u00eancia da pele \u00e9 melhorada.<\/p>\n<p>Inibe a transfer\u00eancia de melanossomas \/\/ Inibe a enzima envolvida na forma\u00e7\u00e3o da melanina, a tirosinase \/\/ Efeito esfoliante nas camadas exteriores da pele \/\/ Melhora a fun\u00e7\u00e3o barreira da pele \/\/ Excelentes propriedades antioxidantes \/\/ Hidrata profundamente a pele<\/p>\n<p><strong>Modo de usar:<\/strong> Aplicar uma pequena quantidade na pele limpa e seca com uma massagem suave at\u00e9 completa absor\u00e7\u00e3o. Recomenda-se o uso di\u00e1rio e constante at\u00e9 obter os resultados desejados. Voc\u00ea notar\u00e1 uma melhora espetacular na apar\u00eancia e no tom da \u00e1rea tratada. Produto cosm\u00e9tico para uso externo. Manter fora do alcance das crian\u00e7as. N\u00e3o cont\u00e9m parabenos, corantes ou perfume. Os ingredientes marcados com * prov\u00eam da agricultura biol\u00f3gica. Armazenar em local fresco e seco, longe da luz solar direta.<\/p>\n<p><strong>Ingredientes:<\/strong> Aqua Water, Propylene Glycol, Aloe Barbadensis Aloe Vera Leaf Juice, Glycerin, Glyceryl Stearate, Cetyl Alcohol, C12-15 Alkyl Benzoate, Dimethicone, Gluconolactone, Isohexadecane, Prunus Amygdalus Dulcis Sweet Almond Oil*, Butyrospermum Parkii Shea Butter*, Sodium Citrato, Ceteth-20, \u00c1cido 3-O-Etil Asc\u00f3rbico, Kojic Dipalmitate, Glycyrrhiza Glabra Alca\u00e7uz Extract, Boerhavia Diffusa Punarnava Root Extract *, Ascorbil Palmitate, Goma Xantana, \u00c1lcool Estear\u00edlico, Cera Alba Cera de Abelha, \u00c1lcool Behen\u00edlico, Propanediol, \u00c1cido Glic\u00f3lico , \u00c1cido l\u00e1tico, \u00c1cido c\u00edtrico, \u00c1cido m\u00e1lico, \u00c1cido tart\u00e1rico, Hidr\u00f3xido de s\u00f3dio, Gluconato de s\u00f3dio, Fenoxietanol, \u00c1cido benz\u00f3ico, \u00c1cido desidroac\u00e9tico, CI 77891 Di\u00f3xido de tit\u00e2nio<\/p>\n","protected":false},"excerpt":{"rendered":"<p>EMBALAGEM DISPON\u00cdVEL EM: \/pt\/es\/fr\/de\/<\/p>\n","protected":false},"featured_media":76948,"template":"","meta":{"_acf_changed":false},"product_brand":[],"product_cat":[49,72],"product_tag":[],"class_list":{"0":"post-43419","1":"product","2":"type-product","3":"status-publish","4":"has-post-thumbnail","6":"product_cat-cosmeticos","7":"product_cat-higiene-intima","8":"yith_product_brand-excite","10":"first","11":"instock","12":"taxable","13":"shipping-taxable","14":"purchasable","15":"product-type-simple"},"acf":[],"yoast_head":"<!-- This site is optimized with the Yoast SEO plugin v27.3 - https:\/\/yoast.com\/product\/yoast-seo-wordpress\/ -->\n<title>EXCITE - O WHITE BLEACH + CUIDADO \u00c1REAS \u00cdNTIMAS 50 ML - Lovme<\/title>\n<meta name=\"robots\" content=\"index, follow, max-snippet:-1, max-image-preview:large, max-video-preview:-1\" \/>\n<link rel=\"canonical\" href=\"https:\/\/lovme.pt\/index.php\/produto\/excite-o-white-bleach-cuidado-areas-intimas-50-ml\/\" \/>\n<meta property=\"og:locale\" content=\"pt_PT\" \/>\n<meta property=\"og:type\" content=\"article\" \/>\n<meta property=\"og:title\" content=\"EXCITE - O WHITE BLEACH + CUIDADO \u00c1REAS \u00cdNTIMAS 50 ML - Lovme\" \/>\n<meta property=\"og:description\" content=\"EMBALAGEM DISPON\u00cdVEL EM: \/pt\/es\/fr\/de\/\" \/>\n<meta property=\"og:url\" content=\"https:\/\/lovme.pt\/index.php\/produto\/excite-o-white-bleach-cuidado-areas-intimas-50-ml\/\" \/>\n<meta property=\"og:site_name\" content=\"Lovme\" \/>\n<meta property=\"article:modified_time\" content=\"2026-02-20T04:01:23+00:00\" \/>\n<meta property=\"og:image\" content=\"https:\/\/erki24nd3ub.exactdn.com\/wp-content\/uploads\/dream\/img\/img_143699_0999657b7a390d560cc61da6c7164ee5_1.jpg?strip=all\" \/>\n\t<meta property=\"og:image:width\" content=\"800\" \/>\n\t<meta property=\"og:image:height\" content=\"800\" \/>\n\t<meta property=\"og:image:type\" content=\"image\/jpeg\" \/>\n<meta name=\"twitter:card\" content=\"summary_large_image\" \/>\n<meta name=\"twitter:label1\" content=\"Tempo estimado de leitura\" \/>\n\t<meta name=\"twitter:data1\" content=\"1 minuto\" \/>\n<script type=\"application\/ld+json\" class=\"yoast-schema-graph\">{\"@context\":\"https:\\\/\\\/schema.org\",\"@graph\":[{\"@type\":\"WebPage\",\"@id\":\"https:\\\/\\\/lovme.pt\\\/index.php\\\/produto\\\/excite-o-white-bleach-cuidado-areas-intimas-50-ml\\\/\",\"url\":\"https:\\\/\\\/lovme.pt\\\/index.php\\\/produto\\\/excite-o-white-bleach-cuidado-areas-intimas-50-ml\\\/\",\"name\":\"EXCITE - O WHITE BLEACH + CUIDADO \u00c1REAS \u00cdNTIMAS 50 ML - Lovme\",\"isPartOf\":{\"@id\":\"https:\\\/\\\/lovme.pt\\\/#website\"},\"primaryImageOfPage\":{\"@id\":\"https:\\\/\\\/lovme.pt\\\/index.php\\\/produto\\\/excite-o-white-bleach-cuidado-areas-intimas-50-ml\\\/#primaryimage\"},\"image\":{\"@id\":\"https:\\\/\\\/lovme.pt\\\/index.php\\\/produto\\\/excite-o-white-bleach-cuidado-areas-intimas-50-ml\\\/#primaryimage\"},\"thumbnailUrl\":\"https:\\\/\\\/erki24nd3ub.exactdn.com\\\/wp-content\\\/uploads\\\/dream\\\/img\\\/img_143699_0999657b7a390d560cc61da6c7164ee5_1.jpg?strip=all\",\"datePublished\":\"2025-09-30T22:20:20+00:00\",\"dateModified\":\"2026-02-20T04:01:23+00:00\",\"breadcrumb\":{\"@id\":\"https:\\\/\\\/lovme.pt\\\/index.php\\\/produto\\\/excite-o-white-bleach-cuidado-areas-intimas-50-ml\\\/#breadcrumb\"},\"inLanguage\":\"pt-PT\",\"potentialAction\":[{\"@type\":\"ReadAction\",\"target\":[\"https:\\\/\\\/lovme.pt\\\/index.php\\\/produto\\\/excite-o-white-bleach-cuidado-areas-intimas-50-ml\\\/\"]}]},{\"@type\":\"ImageObject\",\"inLanguage\":\"pt-PT\",\"@id\":\"https:\\\/\\\/lovme.pt\\\/index.php\\\/produto\\\/excite-o-white-bleach-cuidado-areas-intimas-50-ml\\\/#primaryimage\",\"url\":\"https:\\\/\\\/erki24nd3ub.exactdn.com\\\/wp-content\\\/uploads\\\/dream\\\/img\\\/img_143699_0999657b7a390d560cc61da6c7164ee5_1.jpg?strip=all\",\"contentUrl\":\"https:\\\/\\\/erki24nd3ub.exactdn.com\\\/wp-content\\\/uploads\\\/dream\\\/img\\\/img_143699_0999657b7a390d560cc61da6c7164ee5_1.jpg?strip=all\",\"width\":800,\"height\":800},{\"@type\":\"BreadcrumbList\",\"@id\":\"https:\\\/\\\/lovme.pt\\\/index.php\\\/produto\\\/excite-o-white-bleach-cuidado-areas-intimas-50-ml\\\/#breadcrumb\",\"itemListElement\":[{\"@type\":\"ListItem\",\"position\":1,\"name\":\"In\u00edcio\",\"item\":\"https:\\\/\\\/lovme.pt\\\/\"},{\"@type\":\"ListItem\",\"position\":2,\"name\":\"Loja\",\"item\":\"https:\\\/\\\/lovme.pt\\\/index.php\\\/loja\\\/\"},{\"@type\":\"ListItem\",\"position\":3,\"name\":\"EXCITE &#8211; O WHITE BLEACH + CUIDADO \u00c1REAS \u00cdNTIMAS 50 ML\"}]},{\"@type\":\"WebSite\",\"@id\":\"https:\\\/\\\/lovme.pt\\\/#website\",\"url\":\"https:\\\/\\\/lovme.pt\\\/\",\"name\":\"Lovme Loja Er\u00f3tica N\u00ba1 em Portugal\",\"description\":\"A melhor loja er\u00f3tica de Portugal.\",\"alternateName\":\"Loja Er\u00f3tica Lovme\",\"potentialAction\":[{\"@type\":\"SearchAction\",\"target\":{\"@type\":\"EntryPoint\",\"urlTemplate\":\"https:\\\/\\\/lovme.pt\\\/?s={search_term_string}\"},\"query-input\":{\"@type\":\"PropertyValueSpecification\",\"valueRequired\":true,\"valueName\":\"search_term_string\"}}],\"inLanguage\":\"pt-PT\"}]}<\/script>\n<!-- \/ Yoast SEO plugin. -->","yoast_head_json":{"title":"EXCITE - O WHITE BLEACH + CUIDADO \u00c1REAS \u00cdNTIMAS 50 ML - Lovme","robots":{"index":"index","follow":"follow","max-snippet":"max-snippet:-1","max-image-preview":"max-image-preview:large","max-video-preview":"max-video-preview:-1"},"canonical":"https:\/\/lovme.pt\/index.php\/produto\/excite-o-white-bleach-cuidado-areas-intimas-50-ml\/","og_locale":"pt_PT","og_type":"article","og_title":"EXCITE - O WHITE BLEACH + CUIDADO \u00c1REAS \u00cdNTIMAS 50 ML - Lovme","og_description":"EMBALAGEM DISPON\u00cdVEL EM: \/pt\/es\/fr\/de\/","og_url":"https:\/\/lovme.pt\/index.php\/produto\/excite-o-white-bleach-cuidado-areas-intimas-50-ml\/","og_site_name":"Lovme","article_modified_time":"2026-02-20T04:01:23+00:00","og_image":[{"width":800,"height":800,"url":"https:\/\/erki24nd3ub.exactdn.com\/wp-content\/uploads\/dream\/img\/img_143699_0999657b7a390d560cc61da6c7164ee5_1.jpg?strip=all","type":"image\/jpeg"}],"twitter_card":"summary_large_image","twitter_misc":{"Tempo estimado de leitura":"1 minuto"},"schema":{"@context":"https:\/\/schema.org","@graph":[{"@type":"WebPage","@id":"https:\/\/lovme.pt\/index.php\/produto\/excite-o-white-bleach-cuidado-areas-intimas-50-ml\/","url":"https:\/\/lovme.pt\/index.php\/produto\/excite-o-white-bleach-cuidado-areas-intimas-50-ml\/","name":"EXCITE - O WHITE BLEACH + CUIDADO \u00c1REAS \u00cdNTIMAS 50 ML - Lovme","isPartOf":{"@id":"https:\/\/lovme.pt\/#website"},"primaryImageOfPage":{"@id":"https:\/\/lovme.pt\/index.php\/produto\/excite-o-white-bleach-cuidado-areas-intimas-50-ml\/#primaryimage"},"image":{"@id":"https:\/\/lovme.pt\/index.php\/produto\/excite-o-white-bleach-cuidado-areas-intimas-50-ml\/#primaryimage"},"thumbnailUrl":"https:\/\/erki24nd3ub.exactdn.com\/wp-content\/uploads\/dream\/img\/img_143699_0999657b7a390d560cc61da6c7164ee5_1.jpg?strip=all","datePublished":"2025-09-30T22:20:20+00:00","dateModified":"2026-02-20T04:01:23+00:00","breadcrumb":{"@id":"https:\/\/lovme.pt\/index.php\/produto\/excite-o-white-bleach-cuidado-areas-intimas-50-ml\/#breadcrumb"},"inLanguage":"pt-PT","potentialAction":[{"@type":"ReadAction","target":["https:\/\/lovme.pt\/index.php\/produto\/excite-o-white-bleach-cuidado-areas-intimas-50-ml\/"]}]},{"@type":"ImageObject","inLanguage":"pt-PT","@id":"https:\/\/lovme.pt\/index.php\/produto\/excite-o-white-bleach-cuidado-areas-intimas-50-ml\/#primaryimage","url":"https:\/\/erki24nd3ub.exactdn.com\/wp-content\/uploads\/dream\/img\/img_143699_0999657b7a390d560cc61da6c7164ee5_1.jpg?strip=all","contentUrl":"https:\/\/erki24nd3ub.exactdn.com\/wp-content\/uploads\/dream\/img\/img_143699_0999657b7a390d560cc61da6c7164ee5_1.jpg?strip=all","width":800,"height":800},{"@type":"BreadcrumbList","@id":"https:\/\/lovme.pt\/index.php\/produto\/excite-o-white-bleach-cuidado-areas-intimas-50-ml\/#breadcrumb","itemListElement":[{"@type":"ListItem","position":1,"name":"In\u00edcio","item":"https:\/\/lovme.pt\/"},{"@type":"ListItem","position":2,"name":"Loja","item":"https:\/\/lovme.pt\/index.php\/loja\/"},{"@type":"ListItem","position":3,"name":"EXCITE &#8211; O WHITE BLEACH + CUIDADO \u00c1REAS \u00cdNTIMAS 50 ML"}]},{"@type":"WebSite","@id":"https:\/\/lovme.pt\/#website","url":"https:\/\/lovme.pt\/","name":"Lovme Loja Er\u00f3tica N\u00ba1 em Portugal","description":"A melhor loja er\u00f3tica de Portugal.","alternateName":"Loja Er\u00f3tica Lovme","potentialAction":[{"@type":"SearchAction","target":{"@type":"EntryPoint","urlTemplate":"https:\/\/lovme.pt\/?s={search_term_string}"},"query-input":{"@type":"PropertyValueSpecification","valueRequired":true,"valueName":"search_term_string"}}],"inLanguage":"pt-PT"}]}},"_links":{"self":[{"href":"https:\/\/lovme.pt\/index.php\/wp-json\/wp\/v2\/product\/43419","targetHints":{"allow":["GET"]}}],"collection":[{"href":"https:\/\/lovme.pt\/index.php\/wp-json\/wp\/v2\/product"}],"about":[{"href":"https:\/\/lovme.pt\/index.php\/wp-json\/wp\/v2\/types\/product"}],"wp:featuredmedia":[{"embeddable":true,"href":"https:\/\/lovme.pt\/index.php\/wp-json\/wp\/v2\/media\/76948"}],"wp:attachment":[{"href":"https:\/\/lovme.pt\/index.php\/wp-json\/wp\/v2\/media?parent=43419"}],"wp:term":[{"taxonomy":"product_brand","embeddable":true,"href":"https:\/\/lovme.pt\/index.php\/wp-json\/wp\/v2\/product_brand?post=43419"},{"taxonomy":"product_cat","embeddable":true,"href":"https:\/\/lovme.pt\/index.php\/wp-json\/wp\/v2\/product_cat?post=43419"},{"taxonomy":"product_tag","embeddable":true,"href":"https:\/\/lovme.pt\/index.php\/wp-json\/wp\/v2\/product_tag?post=43419"}],"curies":[{"name":"wp","href":"https:\/\/api.w.org\/{rel}","templated":true}]}}