{"id":43416,"date":"2025-09-30T22:20:57","date_gmt":"2025-09-30T22:20:57","guid":{"rendered":"https:\/\/lovme.pt\/?post_type=product&p=43416"},"modified":"2026-02-19T20:11:04","modified_gmt":"2026-02-19T20:11:04","slug":"excite-power-gel-de-aumento-de-erecao-20-ml","status":"publish","type":"product","link":"https:\/\/lovme.pt\/index.php\/produto\/excite-power-gel-de-aumento-de-erecao-20-ml\/","title":{"rendered":"EXCITE &#8211; POWER GEL DE AUMENTO DE ERE\u00c7\u00c3O 20 ML"},"content":{"rendered":"<p><strong>LIFT  FIRME<\/strong><\/p>\n<p>PARA HOMENS \/ TESTADO DERMATOLOGICAMENTE<\/p>\n<p><strong>POWER VOLUME<\/strong> \u00e9 um gel que combina extratos vegetais com reconhecidas propriedades revigorantes e vasodilatadoras com princ\u00edpios ativos de efeito plumping; o que voc\u00ea vai notar? uma agrad\u00e1vel sensa\u00e7\u00e3o de calor, frio ou formigamento que o rejuvenescer\u00e1. e fortalecer\u00e1 seu relacionamento com seu parceiro.<\/p>\n<p><strong>Modo de usar:<\/strong> Aplique uma pequena quantidade com uma massagem suave no p\u00eanis e nas \u00e1reas \u00edntimas at\u00e9 completa absor\u00e7\u00e3o 2-3 gotas s\u00e3o suficientes. NOTA IMPORTANTE: antes de us\u00e1-lo, fa\u00e7a um teste de sensibilidade no antebra\u00e7o. N\u00e3o use se tiver uma rea\u00e7\u00e3o al\u00e9rgica. Se isso ocorrer, lave com bastante \u00e1gua.<\/p>\n<p>Produto para uso externo. Manter fora do alcance das crian\u00e7as. N\u00e3o cont\u00e9m parabenos, corantes ou perfume. Os ingredientes marcados v\u00eam da agricultura org\u00e2nica. Armazenar em local fresco e seco, longe da luz solar direta.<\/p>\n<p><strong>Ingredientes:<\/strong> Aqua Water, Glicerina, Frutose, Col\u00e1geno Hidrolisado, C12-15 Alquil Benzoato, Triglicer\u00eddeo Capr\u00edlico\/C\u00e1prico, Dimeticona, Propanediol, Extrato de Casca de Ptychopetalum Olacoides, Extrato de Fruta Capsicum Frutescens Pimenta, Arginina, Hialuronato de S\u00f3dio, Mentol, Sacarina S\u00f3dica, Carb\u00f4mero , Pol\u00edmero cruzado de acrilatos\/isodecanoato de vinil, \u00f3leo de r\u00edcino hidrogenado PEG-60, sorbitol, propileno glicol, \u00e1lcool denat., hidr\u00f3xido de pot\u00e1ssio, aroma, gluconato de s\u00f3dio, fenoxietanol< \/p><\/p>\n","protected":false},"excerpt":{"rendered":"<p>EMBALAGEM DISPON\u00cdVEL EM: \/pt\/es\/fr\/de\/<\/p>\n","protected":false},"featured_media":77034,"template":"","meta":{"_acf_changed":false},"product_brand":[],"product_cat":[49,52],"product_tag":[],"class_list":{"0":"post-43416","1":"product","2":"type-product","3":"status-publish","4":"has-post-thumbnail","6":"product_cat-cosmeticos","7":"product_cat-estimulantes","8":"yith_product_brand-excite","10":"first","11":"instock","12":"taxable","13":"shipping-taxable","14":"purchasable","15":"product-type-simple"},"acf":[],"yoast_head":"<!-- This site is optimized with the Yoast SEO plugin v27.4 - https:\/\/yoast.com\/product\/yoast-seo-wordpress\/ -->\n<title>EXCITE - POWER GEL DE AUMENTO DE ERE\u00c7\u00c3O 20 ML - Lovme<\/title>\n<meta name=\"robots\" content=\"index, follow, max-snippet:-1, max-image-preview:large, max-video-preview:-1\" \/>\n<link rel=\"canonical\" href=\"https:\/\/lovme.pt\/index.php\/produto\/excite-power-gel-de-aumento-de-erecao-20-ml\/\" \/>\n<meta property=\"og:locale\" content=\"pt_PT\" \/>\n<meta property=\"og:type\" content=\"article\" \/>\n<meta property=\"og:title\" content=\"EXCITE - POWER GEL DE AUMENTO DE ERE\u00c7\u00c3O 20 ML - Lovme\" \/>\n<meta property=\"og:description\" content=\"EMBALAGEM DISPON\u00cdVEL EM: \/pt\/es\/fr\/de\/\" \/>\n<meta property=\"og:url\" content=\"https:\/\/lovme.pt\/index.php\/produto\/excite-power-gel-de-aumento-de-erecao-20-ml\/\" \/>\n<meta property=\"og:site_name\" content=\"Lovme\" \/>\n<meta property=\"article:modified_time\" content=\"2026-02-19T20:11:04+00:00\" \/>\n<meta property=\"og:image\" content=\"https:\/\/erki24nd3ub.exactdn.com\/wp-content\/uploads\/dream\/img\/img_143698_0fa11042e1173ad853819a31aae716cc_1.jpg?strip=all\" \/>\n\t<meta property=\"og:image:width\" content=\"800\" \/>\n\t<meta property=\"og:image:height\" content=\"800\" \/>\n\t<meta property=\"og:image:type\" content=\"image\/jpeg\" \/>\n<meta name=\"twitter:card\" content=\"summary_large_image\" \/>\n<meta name=\"twitter:label1\" content=\"Tempo estimado de leitura\" \/>\n\t<meta name=\"twitter:data1\" content=\"1 minuto\" \/>\n<script type=\"application\/ld+json\" class=\"yoast-schema-graph\">{\"@context\":\"https:\\\/\\\/schema.org\",\"@graph\":[{\"@type\":\"WebPage\",\"@id\":\"https:\\\/\\\/lovme.pt\\\/index.php\\\/produto\\\/excite-power-gel-de-aumento-de-erecao-20-ml\\\/\",\"url\":\"https:\\\/\\\/lovme.pt\\\/index.php\\\/produto\\\/excite-power-gel-de-aumento-de-erecao-20-ml\\\/\",\"name\":\"EXCITE - POWER GEL DE AUMENTO DE ERE\u00c7\u00c3O 20 ML - Lovme\",\"isPartOf\":{\"@id\":\"https:\\\/\\\/lovme.pt\\\/#website\"},\"primaryImageOfPage\":{\"@id\":\"https:\\\/\\\/lovme.pt\\\/index.php\\\/produto\\\/excite-power-gel-de-aumento-de-erecao-20-ml\\\/#primaryimage\"},\"image\":{\"@id\":\"https:\\\/\\\/lovme.pt\\\/index.php\\\/produto\\\/excite-power-gel-de-aumento-de-erecao-20-ml\\\/#primaryimage\"},\"thumbnailUrl\":\"https:\\\/\\\/erki24nd3ub.exactdn.com\\\/wp-content\\\/uploads\\\/dream\\\/img\\\/img_143698_0fa11042e1173ad853819a31aae716cc_1.jpg?strip=all\",\"datePublished\":\"2025-09-30T22:20:57+00:00\",\"dateModified\":\"2026-02-19T20:11:04+00:00\",\"breadcrumb\":{\"@id\":\"https:\\\/\\\/lovme.pt\\\/index.php\\\/produto\\\/excite-power-gel-de-aumento-de-erecao-20-ml\\\/#breadcrumb\"},\"inLanguage\":\"pt-PT\",\"potentialAction\":[{\"@type\":\"ReadAction\",\"target\":[\"https:\\\/\\\/lovme.pt\\\/index.php\\\/produto\\\/excite-power-gel-de-aumento-de-erecao-20-ml\\\/\"]}]},{\"@type\":\"ImageObject\",\"inLanguage\":\"pt-PT\",\"@id\":\"https:\\\/\\\/lovme.pt\\\/index.php\\\/produto\\\/excite-power-gel-de-aumento-de-erecao-20-ml\\\/#primaryimage\",\"url\":\"https:\\\/\\\/erki24nd3ub.exactdn.com\\\/wp-content\\\/uploads\\\/dream\\\/img\\\/img_143698_0fa11042e1173ad853819a31aae716cc_1.jpg?strip=all\",\"contentUrl\":\"https:\\\/\\\/erki24nd3ub.exactdn.com\\\/wp-content\\\/uploads\\\/dream\\\/img\\\/img_143698_0fa11042e1173ad853819a31aae716cc_1.jpg?strip=all\",\"width\":800,\"height\":800},{\"@type\":\"BreadcrumbList\",\"@id\":\"https:\\\/\\\/lovme.pt\\\/index.php\\\/produto\\\/excite-power-gel-de-aumento-de-erecao-20-ml\\\/#breadcrumb\",\"itemListElement\":[{\"@type\":\"ListItem\",\"position\":1,\"name\":\"In\u00edcio\",\"item\":\"https:\\\/\\\/lovme.pt\\\/\"},{\"@type\":\"ListItem\",\"position\":2,\"name\":\"Loja\",\"item\":\"https:\\\/\\\/lovme.pt\\\/index.php\\\/loja\\\/\"},{\"@type\":\"ListItem\",\"position\":3,\"name\":\"EXCITE &#8211; POWER GEL DE AUMENTO DE ERE\u00c7\u00c3O 20 ML\"}]},{\"@type\":\"WebSite\",\"@id\":\"https:\\\/\\\/lovme.pt\\\/#website\",\"url\":\"https:\\\/\\\/lovme.pt\\\/\",\"name\":\"Lovme Loja Er\u00f3tica N\u00ba1 em Portugal\",\"description\":\"A melhor loja er\u00f3tica de Portugal.\",\"alternateName\":\"Loja Er\u00f3tica Lovme\",\"potentialAction\":[{\"@type\":\"SearchAction\",\"target\":{\"@type\":\"EntryPoint\",\"urlTemplate\":\"https:\\\/\\\/lovme.pt\\\/?s={search_term_string}\"},\"query-input\":{\"@type\":\"PropertyValueSpecification\",\"valueRequired\":true,\"valueName\":\"search_term_string\"}}],\"inLanguage\":\"pt-PT\"}]}<\/script>\n<!-- \/ Yoast SEO plugin. -->","yoast_head_json":{"title":"EXCITE - POWER GEL DE AUMENTO DE ERE\u00c7\u00c3O 20 ML - Lovme","robots":{"index":"index","follow":"follow","max-snippet":"max-snippet:-1","max-image-preview":"max-image-preview:large","max-video-preview":"max-video-preview:-1"},"canonical":"https:\/\/lovme.pt\/index.php\/produto\/excite-power-gel-de-aumento-de-erecao-20-ml\/","og_locale":"pt_PT","og_type":"article","og_title":"EXCITE - POWER GEL DE AUMENTO DE ERE\u00c7\u00c3O 20 ML - Lovme","og_description":"EMBALAGEM DISPON\u00cdVEL EM: \/pt\/es\/fr\/de\/","og_url":"https:\/\/lovme.pt\/index.php\/produto\/excite-power-gel-de-aumento-de-erecao-20-ml\/","og_site_name":"Lovme","article_modified_time":"2026-02-19T20:11:04+00:00","og_image":[{"width":800,"height":800,"url":"https:\/\/erki24nd3ub.exactdn.com\/wp-content\/uploads\/dream\/img\/img_143698_0fa11042e1173ad853819a31aae716cc_1.jpg?strip=all","type":"image\/jpeg"}],"twitter_card":"summary_large_image","twitter_misc":{"Tempo estimado de leitura":"1 minuto"},"schema":{"@context":"https:\/\/schema.org","@graph":[{"@type":"WebPage","@id":"https:\/\/lovme.pt\/index.php\/produto\/excite-power-gel-de-aumento-de-erecao-20-ml\/","url":"https:\/\/lovme.pt\/index.php\/produto\/excite-power-gel-de-aumento-de-erecao-20-ml\/","name":"EXCITE - POWER GEL DE AUMENTO DE ERE\u00c7\u00c3O 20 ML - Lovme","isPartOf":{"@id":"https:\/\/lovme.pt\/#website"},"primaryImageOfPage":{"@id":"https:\/\/lovme.pt\/index.php\/produto\/excite-power-gel-de-aumento-de-erecao-20-ml\/#primaryimage"},"image":{"@id":"https:\/\/lovme.pt\/index.php\/produto\/excite-power-gel-de-aumento-de-erecao-20-ml\/#primaryimage"},"thumbnailUrl":"https:\/\/erki24nd3ub.exactdn.com\/wp-content\/uploads\/dream\/img\/img_143698_0fa11042e1173ad853819a31aae716cc_1.jpg?strip=all","datePublished":"2025-09-30T22:20:57+00:00","dateModified":"2026-02-19T20:11:04+00:00","breadcrumb":{"@id":"https:\/\/lovme.pt\/index.php\/produto\/excite-power-gel-de-aumento-de-erecao-20-ml\/#breadcrumb"},"inLanguage":"pt-PT","potentialAction":[{"@type":"ReadAction","target":["https:\/\/lovme.pt\/index.php\/produto\/excite-power-gel-de-aumento-de-erecao-20-ml\/"]}]},{"@type":"ImageObject","inLanguage":"pt-PT","@id":"https:\/\/lovme.pt\/index.php\/produto\/excite-power-gel-de-aumento-de-erecao-20-ml\/#primaryimage","url":"https:\/\/erki24nd3ub.exactdn.com\/wp-content\/uploads\/dream\/img\/img_143698_0fa11042e1173ad853819a31aae716cc_1.jpg?strip=all","contentUrl":"https:\/\/erki24nd3ub.exactdn.com\/wp-content\/uploads\/dream\/img\/img_143698_0fa11042e1173ad853819a31aae716cc_1.jpg?strip=all","width":800,"height":800},{"@type":"BreadcrumbList","@id":"https:\/\/lovme.pt\/index.php\/produto\/excite-power-gel-de-aumento-de-erecao-20-ml\/#breadcrumb","itemListElement":[{"@type":"ListItem","position":1,"name":"In\u00edcio","item":"https:\/\/lovme.pt\/"},{"@type":"ListItem","position":2,"name":"Loja","item":"https:\/\/lovme.pt\/index.php\/loja\/"},{"@type":"ListItem","position":3,"name":"EXCITE &#8211; POWER GEL DE AUMENTO DE ERE\u00c7\u00c3O 20 ML"}]},{"@type":"WebSite","@id":"https:\/\/lovme.pt\/#website","url":"https:\/\/lovme.pt\/","name":"Lovme Loja Er\u00f3tica N\u00ba1 em Portugal","description":"A melhor loja er\u00f3tica de Portugal.","alternateName":"Loja Er\u00f3tica Lovme","potentialAction":[{"@type":"SearchAction","target":{"@type":"EntryPoint","urlTemplate":"https:\/\/lovme.pt\/?s={search_term_string}"},"query-input":{"@type":"PropertyValueSpecification","valueRequired":true,"valueName":"search_term_string"}}],"inLanguage":"pt-PT"}]}},"_links":{"self":[{"href":"https:\/\/lovme.pt\/index.php\/wp-json\/wp\/v2\/product\/43416","targetHints":{"allow":["GET"]}}],"collection":[{"href":"https:\/\/lovme.pt\/index.php\/wp-json\/wp\/v2\/product"}],"about":[{"href":"https:\/\/lovme.pt\/index.php\/wp-json\/wp\/v2\/types\/product"}],"wp:featuredmedia":[{"embeddable":true,"href":"https:\/\/lovme.pt\/index.php\/wp-json\/wp\/v2\/media\/77034"}],"wp:attachment":[{"href":"https:\/\/lovme.pt\/index.php\/wp-json\/wp\/v2\/media?parent=43416"}],"wp:term":[{"taxonomy":"product_brand","embeddable":true,"href":"https:\/\/lovme.pt\/index.php\/wp-json\/wp\/v2\/product_brand?post=43416"},{"taxonomy":"product_cat","embeddable":true,"href":"https:\/\/lovme.pt\/index.php\/wp-json\/wp\/v2\/product_cat?post=43416"},{"taxonomy":"product_tag","embeddable":true,"href":"https:\/\/lovme.pt\/index.php\/wp-json\/wp\/v2\/product_tag?post=43416"}],"curies":[{"name":"wp","href":"https:\/\/api.w.org\/{rel}","templated":true}]}}