{"id":43400,"date":"2025-09-30T09:34:55","date_gmt":"2025-09-30T09:34:55","guid":{"rendered":"https:\/\/lovme.pt\/?post_type=product&p=43400"},"modified":"2026-02-19T20:00:59","modified_gmt":"2026-02-19T20:00:59","slug":"hidden-desire-banger-babe-jessica","status":"publish","type":"product","link":"https:\/\/lovme.pt\/index.php\/produto\/hidden-desire-banger-babe-jessica\/","title":{"rendered":"HIDDEN DESIRE &#8211; BANGER BABE JESSICA"},"content":{"rendered":"<p>Ol\u00e1! Eu sou Jessica, uma garota divertida e rebelde que est\u00e1 sempre com vontade de se divertir. Adoro explorar os limites do prazer e n\u00e3o me importo em quebrar as regras. Posso ser uma garota muito m\u00e1 e travessa e preciso de um homem que possa me guiar, me ensinar e me disciplinar. Se voc\u00ea conseguir domar meu lado selvagem, prometo seguir todos os seus comandos. Especifica\u00e7\u00f5es: Tamanho do sapato: 36 EU  Tamanho da roupa: XXS &#8211; EU 32  Busto: 76 cm  Tamanho da cintura: 51 cm  Tamanho do quadril: 83 cm.<\/p>\n<p>Jessica \u00e9 uma grande boneca de tamanho real feita de materiais premium, como TPE macio. O design apresenta um esqueleto de a\u00e7o resistente para m\u00e1xima durabilidade e uso aut\u00f4nomo e flexibilidade para colocar a boneca na posi\u00e7\u00e3o de sua escolha. Cada mulher Bangers Babes apresenta canais texturizados orais, vaginais e anais realistas que podem ser aquecidos\/aquecidos, se desejado. Outros detalhes realistas incluem: peruca de qualidade, unhas posti\u00e7as e tra\u00e7os faciais delicados. Aderindo a um excelente padr\u00e3o de qualidade, esta ador\u00e1vel dama ser\u00e1 sua pe\u00e7a favorita por muitos anos.<\/p>\n<p>Esta boneca de luxo vem com uma vasta gama de acess\u00f3rios para manter a sua apar\u00eancia e sentimento, o seu melhor em todos os momentos! Inclu\u00eddo no pacote est\u00e3o: dois conjuntos de lingerie impertinentes, limpador de brinquedos S8 Quality, lubrificante S8 Silky, p\u00f3 S8 Renewal, luvas brancas de algod\u00e3o para mover\/manusear a boneca, um conjunto de unhas de reposi\u00e7\u00e3o, uma varinha de aquecimento USB, um irrigador de limpeza, uma escova de cabelo e extensas instru\u00e7\u00f5es de cuidados. Se voc\u00ea quer o neg\u00f3cio real, este Bangers Babe \u00e9 o seu par perfeito e prazeroso! Observe que, devido ao seu tamanho e peso, este item n\u00e3o vem em embalagem de produto convencional e, em vez disso, ser\u00e1 enviado em uma caixa de papel\u00e3o discreta.<\/p>\n<p><strong>CARACTER\u00cdSTICAS<\/strong><\/p>\n<ul>\n<li>Comprimento total: 160 cm<\/li>\n<li>Comprimento inser\u00edvel: Profundidade vaginal: 18 cm  Profundidade anal: 18 cm  Profundidade oral: 15 cm<\/li>\n<li>Resist\u00eancia \u00e0 \u00e1gua: Imperme\u00e1vel<\/li>\n<li>Corpo seguro: Sim<\/li>\n<li>Material: TPE<\/li>\n<\/ul>\n<p>A cole\u00e7\u00e3o Banger Babes \u00e9 uma linha premium de bonecas de amor em tamanho real, que realmente parecem reais! Essas mulheres sensuais est\u00e3o sempre prontas para uma sess\u00e3o sensacional de divers\u00e3o \u00edntima e nunca dir\u00e3o n\u00e3o aos seus pedidos impertinentes. Sua constru\u00e7\u00e3o premium garante que voc\u00ea possa dobr\u00e1-los em uma variedade de posi\u00e7\u00f5es sexuais, enquanto seus buracos de amor realistas s\u00e3o texturizados sensualmente para a m\u00e1xima satisfa\u00e7\u00e3o. As Banger Babes seguem os mais altos padr\u00f5es de qualidade em bonecas do amor e querem ser seu novo brinquedo favorito para muitas sess\u00f5es sensuais que vir\u00e3o. Vista-os para cima ou para baixo, como voc\u00ea deseja e explore seus corpos batendo, buracos de amor e curvas agrad\u00e1veis quando e onde quiser!<\/p>\n","protected":false},"excerpt":{"rendered":"<p>HIDDEN DESIRE &#8211; BANGER BABE JESSICA<\/p>\n","protected":false},"featured_media":53926,"template":"","meta":{"_acf_changed":false},"product_brand":[],"product_cat":[17,15],"product_tag":[],"class_list":{"0":"post-43400","1":"product","2":"type-product","3":"status-publish","4":"has-post-thumbnail","6":"product_cat-brinquedos-de-bem-estar-sexual","7":"product_cat-loja","8":"yith_product_brand-hidden-desire","10":"first","11":"instock","12":"taxable","13":"shipping-taxable","14":"purchasable","15":"product-type-simple"},"acf":[],"yoast_head":"<!-- This site is optimized with the Yoast SEO plugin v27.4 - https:\/\/yoast.com\/product\/yoast-seo-wordpress\/ -->\n<title>HIDDEN DESIRE - BANGER BABE JESSICA - Lovme<\/title>\n<meta name=\"robots\" content=\"index, follow, max-snippet:-1, max-image-preview:large, max-video-preview:-1\" \/>\n<link rel=\"canonical\" href=\"https:\/\/lovme.pt\/index.php\/produto\/hidden-desire-banger-babe-jessica\/\" \/>\n<meta property=\"og:locale\" content=\"pt_PT\" \/>\n<meta property=\"og:type\" content=\"article\" \/>\n<meta property=\"og:title\" content=\"HIDDEN DESIRE - BANGER BABE JESSICA - Lovme\" \/>\n<meta property=\"og:description\" content=\"HIDDEN DESIRE - BANGER BABE JESSICA\" \/>\n<meta property=\"og:url\" content=\"https:\/\/lovme.pt\/index.php\/produto\/hidden-desire-banger-babe-jessica\/\" \/>\n<meta property=\"og:site_name\" content=\"Lovme\" \/>\n<meta property=\"article:modified_time\" content=\"2026-02-19T20:00:59+00:00\" \/>\n<meta property=\"og:image\" content=\"https:\/\/erki24nd3ub.exactdn.com\/wp-content\/uploads\/dream\/img\/img_143760_3a3d0e78110341e46cd8a05d321549d0_1.jpg?strip=all\" \/>\n\t<meta property=\"og:image:width\" content=\"800\" \/>\n\t<meta property=\"og:image:height\" content=\"800\" \/>\n\t<meta property=\"og:image:type\" content=\"image\/jpeg\" \/>\n<meta name=\"twitter:card\" content=\"summary_large_image\" \/>\n<meta name=\"twitter:label1\" content=\"Tempo estimado de leitura\" \/>\n\t<meta name=\"twitter:data1\" content=\"2 minutos\" \/>\n<script type=\"application\/ld+json\" class=\"yoast-schema-graph\">{\"@context\":\"https:\\\/\\\/schema.org\",\"@graph\":[{\"@type\":\"WebPage\",\"@id\":\"https:\\\/\\\/lovme.pt\\\/index.php\\\/produto\\\/hidden-desire-banger-babe-jessica\\\/\",\"url\":\"https:\\\/\\\/lovme.pt\\\/index.php\\\/produto\\\/hidden-desire-banger-babe-jessica\\\/\",\"name\":\"HIDDEN DESIRE - BANGER BABE JESSICA - Lovme\",\"isPartOf\":{\"@id\":\"https:\\\/\\\/lovme.pt\\\/#website\"},\"primaryImageOfPage\":{\"@id\":\"https:\\\/\\\/lovme.pt\\\/index.php\\\/produto\\\/hidden-desire-banger-babe-jessica\\\/#primaryimage\"},\"image\":{\"@id\":\"https:\\\/\\\/lovme.pt\\\/index.php\\\/produto\\\/hidden-desire-banger-babe-jessica\\\/#primaryimage\"},\"thumbnailUrl\":\"https:\\\/\\\/erki24nd3ub.exactdn.com\\\/wp-content\\\/uploads\\\/dream\\\/img\\\/img_143760_3a3d0e78110341e46cd8a05d321549d0_1.jpg?strip=all\",\"datePublished\":\"2025-09-30T09:34:55+00:00\",\"dateModified\":\"2026-02-19T20:00:59+00:00\",\"breadcrumb\":{\"@id\":\"https:\\\/\\\/lovme.pt\\\/index.php\\\/produto\\\/hidden-desire-banger-babe-jessica\\\/#breadcrumb\"},\"inLanguage\":\"pt-PT\",\"potentialAction\":[{\"@type\":\"ReadAction\",\"target\":[\"https:\\\/\\\/lovme.pt\\\/index.php\\\/produto\\\/hidden-desire-banger-babe-jessica\\\/\"]}]},{\"@type\":\"ImageObject\",\"inLanguage\":\"pt-PT\",\"@id\":\"https:\\\/\\\/lovme.pt\\\/index.php\\\/produto\\\/hidden-desire-banger-babe-jessica\\\/#primaryimage\",\"url\":\"https:\\\/\\\/erki24nd3ub.exactdn.com\\\/wp-content\\\/uploads\\\/dream\\\/img\\\/img_143760_3a3d0e78110341e46cd8a05d321549d0_1.jpg?strip=all\",\"contentUrl\":\"https:\\\/\\\/erki24nd3ub.exactdn.com\\\/wp-content\\\/uploads\\\/dream\\\/img\\\/img_143760_3a3d0e78110341e46cd8a05d321549d0_1.jpg?strip=all\",\"width\":800,\"height\":800},{\"@type\":\"BreadcrumbList\",\"@id\":\"https:\\\/\\\/lovme.pt\\\/index.php\\\/produto\\\/hidden-desire-banger-babe-jessica\\\/#breadcrumb\",\"itemListElement\":[{\"@type\":\"ListItem\",\"position\":1,\"name\":\"In\u00edcio\",\"item\":\"https:\\\/\\\/lovme.pt\\\/\"},{\"@type\":\"ListItem\",\"position\":2,\"name\":\"Loja\",\"item\":\"https:\\\/\\\/lovme.pt\\\/index.php\\\/loja\\\/\"},{\"@type\":\"ListItem\",\"position\":3,\"name\":\"HIDDEN DESIRE &#8211; BANGER BABE JESSICA\"}]},{\"@type\":\"WebSite\",\"@id\":\"https:\\\/\\\/lovme.pt\\\/#website\",\"url\":\"https:\\\/\\\/lovme.pt\\\/\",\"name\":\"Lovme Loja Er\u00f3tica N\u00ba1 em Portugal\",\"description\":\"A melhor loja er\u00f3tica de Portugal.\",\"alternateName\":\"Loja Er\u00f3tica Lovme\",\"potentialAction\":[{\"@type\":\"SearchAction\",\"target\":{\"@type\":\"EntryPoint\",\"urlTemplate\":\"https:\\\/\\\/lovme.pt\\\/?s={search_term_string}\"},\"query-input\":{\"@type\":\"PropertyValueSpecification\",\"valueRequired\":true,\"valueName\":\"search_term_string\"}}],\"inLanguage\":\"pt-PT\"}]}<\/script>\n<!-- \/ Yoast SEO plugin. -->","yoast_head_json":{"title":"HIDDEN DESIRE - BANGER BABE JESSICA - Lovme","robots":{"index":"index","follow":"follow","max-snippet":"max-snippet:-1","max-image-preview":"max-image-preview:large","max-video-preview":"max-video-preview:-1"},"canonical":"https:\/\/lovme.pt\/index.php\/produto\/hidden-desire-banger-babe-jessica\/","og_locale":"pt_PT","og_type":"article","og_title":"HIDDEN DESIRE - BANGER BABE JESSICA - Lovme","og_description":"HIDDEN DESIRE - BANGER BABE JESSICA","og_url":"https:\/\/lovme.pt\/index.php\/produto\/hidden-desire-banger-babe-jessica\/","og_site_name":"Lovme","article_modified_time":"2026-02-19T20:00:59+00:00","og_image":[{"width":800,"height":800,"url":"https:\/\/erki24nd3ub.exactdn.com\/wp-content\/uploads\/dream\/img\/img_143760_3a3d0e78110341e46cd8a05d321549d0_1.jpg?strip=all","type":"image\/jpeg"}],"twitter_card":"summary_large_image","twitter_misc":{"Tempo estimado de leitura":"2 minutos"},"schema":{"@context":"https:\/\/schema.org","@graph":[{"@type":"WebPage","@id":"https:\/\/lovme.pt\/index.php\/produto\/hidden-desire-banger-babe-jessica\/","url":"https:\/\/lovme.pt\/index.php\/produto\/hidden-desire-banger-babe-jessica\/","name":"HIDDEN DESIRE - BANGER BABE JESSICA - Lovme","isPartOf":{"@id":"https:\/\/lovme.pt\/#website"},"primaryImageOfPage":{"@id":"https:\/\/lovme.pt\/index.php\/produto\/hidden-desire-banger-babe-jessica\/#primaryimage"},"image":{"@id":"https:\/\/lovme.pt\/index.php\/produto\/hidden-desire-banger-babe-jessica\/#primaryimage"},"thumbnailUrl":"https:\/\/erki24nd3ub.exactdn.com\/wp-content\/uploads\/dream\/img\/img_143760_3a3d0e78110341e46cd8a05d321549d0_1.jpg?strip=all","datePublished":"2025-09-30T09:34:55+00:00","dateModified":"2026-02-19T20:00:59+00:00","breadcrumb":{"@id":"https:\/\/lovme.pt\/index.php\/produto\/hidden-desire-banger-babe-jessica\/#breadcrumb"},"inLanguage":"pt-PT","potentialAction":[{"@type":"ReadAction","target":["https:\/\/lovme.pt\/index.php\/produto\/hidden-desire-banger-babe-jessica\/"]}]},{"@type":"ImageObject","inLanguage":"pt-PT","@id":"https:\/\/lovme.pt\/index.php\/produto\/hidden-desire-banger-babe-jessica\/#primaryimage","url":"https:\/\/erki24nd3ub.exactdn.com\/wp-content\/uploads\/dream\/img\/img_143760_3a3d0e78110341e46cd8a05d321549d0_1.jpg?strip=all","contentUrl":"https:\/\/erki24nd3ub.exactdn.com\/wp-content\/uploads\/dream\/img\/img_143760_3a3d0e78110341e46cd8a05d321549d0_1.jpg?strip=all","width":800,"height":800},{"@type":"BreadcrumbList","@id":"https:\/\/lovme.pt\/index.php\/produto\/hidden-desire-banger-babe-jessica\/#breadcrumb","itemListElement":[{"@type":"ListItem","position":1,"name":"In\u00edcio","item":"https:\/\/lovme.pt\/"},{"@type":"ListItem","position":2,"name":"Loja","item":"https:\/\/lovme.pt\/index.php\/loja\/"},{"@type":"ListItem","position":3,"name":"HIDDEN DESIRE &#8211; BANGER BABE JESSICA"}]},{"@type":"WebSite","@id":"https:\/\/lovme.pt\/#website","url":"https:\/\/lovme.pt\/","name":"Lovme Loja Er\u00f3tica N\u00ba1 em Portugal","description":"A melhor loja er\u00f3tica de Portugal.","alternateName":"Loja Er\u00f3tica Lovme","potentialAction":[{"@type":"SearchAction","target":{"@type":"EntryPoint","urlTemplate":"https:\/\/lovme.pt\/?s={search_term_string}"},"query-input":{"@type":"PropertyValueSpecification","valueRequired":true,"valueName":"search_term_string"}}],"inLanguage":"pt-PT"}]}},"_links":{"self":[{"href":"https:\/\/lovme.pt\/index.php\/wp-json\/wp\/v2\/product\/43400","targetHints":{"allow":["GET"]}}],"collection":[{"href":"https:\/\/lovme.pt\/index.php\/wp-json\/wp\/v2\/product"}],"about":[{"href":"https:\/\/lovme.pt\/index.php\/wp-json\/wp\/v2\/types\/product"}],"wp:featuredmedia":[{"embeddable":true,"href":"https:\/\/lovme.pt\/index.php\/wp-json\/wp\/v2\/media\/53926"}],"wp:attachment":[{"href":"https:\/\/lovme.pt\/index.php\/wp-json\/wp\/v2\/media?parent=43400"}],"wp:term":[{"taxonomy":"product_brand","embeddable":true,"href":"https:\/\/lovme.pt\/index.php\/wp-json\/wp\/v2\/product_brand?post=43400"},{"taxonomy":"product_cat","embeddable":true,"href":"https:\/\/lovme.pt\/index.php\/wp-json\/wp\/v2\/product_cat?post=43400"},{"taxonomy":"product_tag","embeddable":true,"href":"https:\/\/lovme.pt\/index.php\/wp-json\/wp\/v2\/product_tag?post=43400"}],"curies":[{"name":"wp","href":"https:\/\/api.w.org\/{rel}","templated":true}]}}