{"id":43390,"date":"2025-09-30T09:34:49","date_gmt":"2025-09-30T09:34:49","guid":{"rendered":"https:\/\/lovme.pt\/?post_type=product&p=43390"},"modified":"2026-05-13T16:27:02","modified_gmt":"2026-05-13T16:27:02","slug":"calexotics-boneca-sista-lacey-sexy","status":"publish","type":"product","link":"https:\/\/lovme.pt\/index.php\/produto\/calexotics-boneca-sista-lacey-sexy\/","title":{"rendered":"CALEXOTICS &#8211; BONECA SISTA LACEY SEXY"},"content":{"rendered":"<p>Leve o seu prazer de autogratifica\u00e7\u00e3o a novos patamares com a boneca Lacey Sexy Sista. A boneca infl\u00e1vel er\u00f3tica e realista \u00e9 a companheira sensual perfeita para os amantes dos seios. Delicie-se com suas fantasias secretas enquanto assume o controle total de seu cl\u00edmax org\u00e1stico alucinante.<\/p>\n<p> A gata infl\u00e1vel port\u00e1til est\u00e1 sempre pronta para passar momentos s\u00e9rios de sedu\u00e7\u00e3o em sua companhia. Bombeie-a e exercite sua bomba de amor. A boneca do amor \u00e9 feita de PVC macio e flex\u00edvel, sem ftalato e sem perfume e possui 3 passagens de amor super apertadas, um rosto de 4 cores e seios voluptuosos com mamilos firmes. O amante acolhedor \u00e9 o companheiro perfeito para usu\u00e1rios iniciantes e experientes que desejam experimentar a indulg\u00eancia de autogratifica\u00e7\u00e3o. Explore a excita\u00e7\u00e3o, a estimula\u00e7\u00e3o e o \u00eaxtase de penetra\u00e7\u00e3o com o amante que est\u00e1 sempre pronto para uma a\u00e7\u00e3o amorosa intensa e r\u00e1pida. D\u00ea vida ao seu amante com uma bomba manual universal f\u00e1cil de usar.<\/p>\n<p> O amante totalmente port\u00e1til e infl\u00e1vel ir\u00e1 tent\u00e1-lo a explorar seus desejos mais selvagens. Ceda a todas as tenta\u00e7\u00f5es e torne-se o mestre do amor. Explore as passagens de amor vaginal e anal sensualmente apertadas de Lacey e os seios voluptuosos. Para maior sensibilidade e maior prazer tentador, use sempre um lubrificante de qualidade com este brinquedo infl\u00e1vel. Antes e depois de cada uso, lembre-se de limpar o companheiro de brincadeira com um spray de limpeza de brinquedos ou \u00e1gua com sab\u00e3o neutro.<\/p>\n<p> <strong>CARACTER\u00cdSTICAS<\/strong><\/p>\n<ul>\n<li> Material PVC: Pl\u00e1stico<\/li>\n<\/ul>\n<p> A CalExotics tem transformado consistentemente \u201cfantasia em realidade\u201d h\u00e1 mais de uma d\u00e9cada. Com uma aten\u00e7\u00e3o incompar\u00e1vel aos detalhes, a fundadora e propriet\u00e1ria da CalExotics, Susan Colvin, tornou a marca California Exotic Novelty sin\u00f4nimo de brinquedos para adultos de qualidade. O fato de a CalExotics ser uma empresa pertencente e operada por mulheres desempenha um papel importante em sua ascens\u00e3o mete\u00f3rica ao topo da ind\u00fastria de brinquedos e novidades para adultos.<\/p><\/p>\n","protected":false},"excerpt":{"rendered":"<p>CALEXOTICS &#8211; BONECA SISTA LACEY SEXY<\/p>\n","protected":false},"featured_media":53885,"template":"","meta":{"_acf_changed":false},"product_brand":[],"product_cat":[17,15],"product_tag":[],"class_list":{"0":"post-43390","1":"product","2":"type-product","3":"status-publish","4":"has-post-thumbnail","6":"product_cat-brinquedos-de-bem-estar-sexual","7":"product_cat-loja","8":"yith_product_brand-calexotics","10":"first","11":"outofstock","12":"taxable","13":"shipping-taxable","14":"purchasable","15":"product-type-simple"},"acf":[],"yoast_head":"<!-- This site is optimized with the Yoast SEO plugin v27.4 - https:\/\/yoast.com\/product\/yoast-seo-wordpress\/ -->\n<title>CALEXOTICS - BONECA SISTA LACEY SEXY - Lovme<\/title>\n<meta name=\"robots\" content=\"index, follow, max-snippet:-1, max-image-preview:large, max-video-preview:-1\" \/>\n<link rel=\"canonical\" href=\"https:\/\/lovme.pt\/index.php\/produto\/calexotics-boneca-sista-lacey-sexy\/\" \/>\n<meta property=\"og:locale\" content=\"pt_PT\" \/>\n<meta property=\"og:type\" content=\"article\" \/>\n<meta property=\"og:title\" content=\"CALEXOTICS - BONECA SISTA LACEY SEXY - Lovme\" \/>\n<meta property=\"og:description\" content=\"CALEXOTICS - BONECA SISTA LACEY SEXY\" \/>\n<meta property=\"og:url\" content=\"https:\/\/lovme.pt\/index.php\/produto\/calexotics-boneca-sista-lacey-sexy\/\" \/>\n<meta property=\"og:site_name\" content=\"Lovme\" \/>\n<meta property=\"article:modified_time\" content=\"2026-05-13T16:27:02+00:00\" \/>\n<meta property=\"og:image\" content=\"https:\/\/erki24nd3ub.exactdn.com\/wp-content\/uploads\/dream\/img\/img_143716_eb76a22f9b923e611662916c0b7b8ed7_1.jpg?strip=all\" \/>\n\t<meta property=\"og:image:width\" content=\"550\" \/>\n\t<meta property=\"og:image:height\" content=\"550\" \/>\n\t<meta property=\"og:image:type\" content=\"image\/jpeg\" \/>\n<meta name=\"twitter:card\" content=\"summary_large_image\" \/>\n<meta name=\"twitter:label1\" content=\"Tempo estimado de leitura\" \/>\n\t<meta name=\"twitter:data1\" content=\"2 minutos\" \/>\n<script type=\"application\/ld+json\" class=\"yoast-schema-graph\">{\"@context\":\"https:\\\/\\\/schema.org\",\"@graph\":[{\"@type\":\"WebPage\",\"@id\":\"https:\\\/\\\/lovme.pt\\\/index.php\\\/produto\\\/calexotics-boneca-sista-lacey-sexy\\\/\",\"url\":\"https:\\\/\\\/lovme.pt\\\/index.php\\\/produto\\\/calexotics-boneca-sista-lacey-sexy\\\/\",\"name\":\"CALEXOTICS - BONECA SISTA LACEY SEXY - Lovme\",\"isPartOf\":{\"@id\":\"https:\\\/\\\/lovme.pt\\\/#website\"},\"primaryImageOfPage\":{\"@id\":\"https:\\\/\\\/lovme.pt\\\/index.php\\\/produto\\\/calexotics-boneca-sista-lacey-sexy\\\/#primaryimage\"},\"image\":{\"@id\":\"https:\\\/\\\/lovme.pt\\\/index.php\\\/produto\\\/calexotics-boneca-sista-lacey-sexy\\\/#primaryimage\"},\"thumbnailUrl\":\"https:\\\/\\\/erki24nd3ub.exactdn.com\\\/wp-content\\\/uploads\\\/dream\\\/img\\\/img_143716_eb76a22f9b923e611662916c0b7b8ed7_1.jpg?strip=all\",\"datePublished\":\"2025-09-30T09:34:49+00:00\",\"dateModified\":\"2026-05-13T16:27:02+00:00\",\"breadcrumb\":{\"@id\":\"https:\\\/\\\/lovme.pt\\\/index.php\\\/produto\\\/calexotics-boneca-sista-lacey-sexy\\\/#breadcrumb\"},\"inLanguage\":\"pt-PT\",\"potentialAction\":[{\"@type\":\"ReadAction\",\"target\":[\"https:\\\/\\\/lovme.pt\\\/index.php\\\/produto\\\/calexotics-boneca-sista-lacey-sexy\\\/\"]}]},{\"@type\":\"ImageObject\",\"inLanguage\":\"pt-PT\",\"@id\":\"https:\\\/\\\/lovme.pt\\\/index.php\\\/produto\\\/calexotics-boneca-sista-lacey-sexy\\\/#primaryimage\",\"url\":\"https:\\\/\\\/erki24nd3ub.exactdn.com\\\/wp-content\\\/uploads\\\/dream\\\/img\\\/img_143716_eb76a22f9b923e611662916c0b7b8ed7_1.jpg?strip=all\",\"contentUrl\":\"https:\\\/\\\/erki24nd3ub.exactdn.com\\\/wp-content\\\/uploads\\\/dream\\\/img\\\/img_143716_eb76a22f9b923e611662916c0b7b8ed7_1.jpg?strip=all\",\"width\":550,\"height\":550},{\"@type\":\"BreadcrumbList\",\"@id\":\"https:\\\/\\\/lovme.pt\\\/index.php\\\/produto\\\/calexotics-boneca-sista-lacey-sexy\\\/#breadcrumb\",\"itemListElement\":[{\"@type\":\"ListItem\",\"position\":1,\"name\":\"In\u00edcio\",\"item\":\"https:\\\/\\\/lovme.pt\\\/\"},{\"@type\":\"ListItem\",\"position\":2,\"name\":\"Loja\",\"item\":\"https:\\\/\\\/lovme.pt\\\/index.php\\\/loja\\\/\"},{\"@type\":\"ListItem\",\"position\":3,\"name\":\"CALEXOTICS &#8211; BONECA SISTA LACEY SEXY\"}]},{\"@type\":\"WebSite\",\"@id\":\"https:\\\/\\\/lovme.pt\\\/#website\",\"url\":\"https:\\\/\\\/lovme.pt\\\/\",\"name\":\"Lovme Loja Er\u00f3tica N\u00ba1 em Portugal\",\"description\":\"A melhor loja er\u00f3tica de Portugal.\",\"alternateName\":\"Loja Er\u00f3tica Lovme\",\"potentialAction\":[{\"@type\":\"SearchAction\",\"target\":{\"@type\":\"EntryPoint\",\"urlTemplate\":\"https:\\\/\\\/lovme.pt\\\/?s={search_term_string}\"},\"query-input\":{\"@type\":\"PropertyValueSpecification\",\"valueRequired\":true,\"valueName\":\"search_term_string\"}}],\"inLanguage\":\"pt-PT\"}]}<\/script>\n<!-- \/ Yoast SEO plugin. -->","yoast_head_json":{"title":"CALEXOTICS - BONECA SISTA LACEY SEXY - Lovme","robots":{"index":"index","follow":"follow","max-snippet":"max-snippet:-1","max-image-preview":"max-image-preview:large","max-video-preview":"max-video-preview:-1"},"canonical":"https:\/\/lovme.pt\/index.php\/produto\/calexotics-boneca-sista-lacey-sexy\/","og_locale":"pt_PT","og_type":"article","og_title":"CALEXOTICS - BONECA SISTA LACEY SEXY - Lovme","og_description":"CALEXOTICS - BONECA SISTA LACEY SEXY","og_url":"https:\/\/lovme.pt\/index.php\/produto\/calexotics-boneca-sista-lacey-sexy\/","og_site_name":"Lovme","article_modified_time":"2026-05-13T16:27:02+00:00","og_image":[{"width":550,"height":550,"url":"https:\/\/erki24nd3ub.exactdn.com\/wp-content\/uploads\/dream\/img\/img_143716_eb76a22f9b923e611662916c0b7b8ed7_1.jpg?strip=all","type":"image\/jpeg"}],"twitter_card":"summary_large_image","twitter_misc":{"Tempo estimado de leitura":"2 minutos"},"schema":{"@context":"https:\/\/schema.org","@graph":[{"@type":"WebPage","@id":"https:\/\/lovme.pt\/index.php\/produto\/calexotics-boneca-sista-lacey-sexy\/","url":"https:\/\/lovme.pt\/index.php\/produto\/calexotics-boneca-sista-lacey-sexy\/","name":"CALEXOTICS - BONECA SISTA LACEY SEXY - Lovme","isPartOf":{"@id":"https:\/\/lovme.pt\/#website"},"primaryImageOfPage":{"@id":"https:\/\/lovme.pt\/index.php\/produto\/calexotics-boneca-sista-lacey-sexy\/#primaryimage"},"image":{"@id":"https:\/\/lovme.pt\/index.php\/produto\/calexotics-boneca-sista-lacey-sexy\/#primaryimage"},"thumbnailUrl":"https:\/\/erki24nd3ub.exactdn.com\/wp-content\/uploads\/dream\/img\/img_143716_eb76a22f9b923e611662916c0b7b8ed7_1.jpg?strip=all","datePublished":"2025-09-30T09:34:49+00:00","dateModified":"2026-05-13T16:27:02+00:00","breadcrumb":{"@id":"https:\/\/lovme.pt\/index.php\/produto\/calexotics-boneca-sista-lacey-sexy\/#breadcrumb"},"inLanguage":"pt-PT","potentialAction":[{"@type":"ReadAction","target":["https:\/\/lovme.pt\/index.php\/produto\/calexotics-boneca-sista-lacey-sexy\/"]}]},{"@type":"ImageObject","inLanguage":"pt-PT","@id":"https:\/\/lovme.pt\/index.php\/produto\/calexotics-boneca-sista-lacey-sexy\/#primaryimage","url":"https:\/\/erki24nd3ub.exactdn.com\/wp-content\/uploads\/dream\/img\/img_143716_eb76a22f9b923e611662916c0b7b8ed7_1.jpg?strip=all","contentUrl":"https:\/\/erki24nd3ub.exactdn.com\/wp-content\/uploads\/dream\/img\/img_143716_eb76a22f9b923e611662916c0b7b8ed7_1.jpg?strip=all","width":550,"height":550},{"@type":"BreadcrumbList","@id":"https:\/\/lovme.pt\/index.php\/produto\/calexotics-boneca-sista-lacey-sexy\/#breadcrumb","itemListElement":[{"@type":"ListItem","position":1,"name":"In\u00edcio","item":"https:\/\/lovme.pt\/"},{"@type":"ListItem","position":2,"name":"Loja","item":"https:\/\/lovme.pt\/index.php\/loja\/"},{"@type":"ListItem","position":3,"name":"CALEXOTICS &#8211; BONECA SISTA LACEY SEXY"}]},{"@type":"WebSite","@id":"https:\/\/lovme.pt\/#website","url":"https:\/\/lovme.pt\/","name":"Lovme Loja Er\u00f3tica N\u00ba1 em Portugal","description":"A melhor loja er\u00f3tica de Portugal.","alternateName":"Loja Er\u00f3tica Lovme","potentialAction":[{"@type":"SearchAction","target":{"@type":"EntryPoint","urlTemplate":"https:\/\/lovme.pt\/?s={search_term_string}"},"query-input":{"@type":"PropertyValueSpecification","valueRequired":true,"valueName":"search_term_string"}}],"inLanguage":"pt-PT"}]}},"_links":{"self":[{"href":"https:\/\/lovme.pt\/index.php\/wp-json\/wp\/v2\/product\/43390","targetHints":{"allow":["GET"]}}],"collection":[{"href":"https:\/\/lovme.pt\/index.php\/wp-json\/wp\/v2\/product"}],"about":[{"href":"https:\/\/lovme.pt\/index.php\/wp-json\/wp\/v2\/types\/product"}],"wp:featuredmedia":[{"embeddable":true,"href":"https:\/\/lovme.pt\/index.php\/wp-json\/wp\/v2\/media\/53885"}],"wp:attachment":[{"href":"https:\/\/lovme.pt\/index.php\/wp-json\/wp\/v2\/media?parent=43390"}],"wp:term":[{"taxonomy":"product_brand","embeddable":true,"href":"https:\/\/lovme.pt\/index.php\/wp-json\/wp\/v2\/product_brand?post=43390"},{"taxonomy":"product_cat","embeddable":true,"href":"https:\/\/lovme.pt\/index.php\/wp-json\/wp\/v2\/product_cat?post=43390"},{"taxonomy":"product_tag","embeddable":true,"href":"https:\/\/lovme.pt\/index.php\/wp-json\/wp\/v2\/product_tag?post=43390"}],"curies":[{"name":"wp","href":"https:\/\/api.w.org\/{rel}","templated":true}]}}