{"id":43388,"date":"2025-09-30T09:34:48","date_gmt":"2025-09-30T09:34:48","guid":{"rendered":"https:\/\/lovme.pt\/?post_type=product&p=43388"},"modified":"2026-02-19T20:00:59","modified_gmt":"2026-02-19T20:00:59","slug":"calexotics-boneca-do-amor-tyler-knight","status":"publish","type":"product","link":"https:\/\/lovme.pt\/index.php\/produto\/calexotics-boneca-do-amor-tyler-knight\/","title":{"rendered":"CALEXOTICS &#8211; BONECA DO AMOR TYLER KNIGHT"},"content":{"rendered":"<p>Delicie-se com uma encena\u00e7\u00e3o desinibida e imaginativa com a boneca er\u00f3tica Tyler Knight. O amante infl\u00e1vel ex\u00f3tico foi projetado com suas \u00faltimas fantasias em mente e tem um rosto de 4 cores, um buraco de amor e um p\u00eanis flex\u00edvel para usar como desejar.<\/p>\n<p> Explore e jogue suas fantasias secretas mais \u00edntimas com a boneca amante que est\u00e1 sempre pronta e esperando por seu amor ardente. Aumente o ritmo e prepare-se para uma auto-satisfa\u00e7\u00e3o sem fim. A boneca sexual totalmente port\u00e1til \u00e9 feita de PVC macio e flex\u00edvel, sem perfume, sem ftalatos e tem uma apar\u00eancia realista. A estrela porn\u00f4 infl\u00e1vel tem um buraco de amor que aguarda a\u00e7\u00e3o de penetra\u00e7\u00e3o e um p\u00eanis de 8\u201d\/20 cm para voc\u00ea aproveitar. O seu amante sedutor est\u00e1 sempre pronto para satisfazer todos os seus desejos mais pessoais e \u00e9 facilmente inflado atrav\u00e9s de uma bomba manual universal.<\/p>\n<p> A boneca realista \u00e9 uma \u00f3tima companheira \u00edntima para usu\u00e1rios iniciantes e experientes que desejam experimentar a autogratifica\u00e7\u00e3o e brincadeiras de fantasia. Desfrute de a\u00e7\u00e3o intensa e r\u00e1pida ilimitada. Seu amante infl\u00e1vel est\u00e1 pronto para satisfazer suas necessidades. Explore sua passagem de amor anal usando um lubrificante de qualidade, para uma experi\u00eancia intensificada de excita\u00e7\u00e3o e estimula\u00e7\u00e3o inesquec\u00edvel. Conecte-se com sua estrela porn\u00f4 pessoal e privada para obter prazer instant\u00e2neo sempre que estiver com vontade. Antes e depois de cada uso, limpe a boneca com um spray limpador de brinquedos ou \u00e1gua com sab\u00e3o neutro.<\/p>\n<p> <strong>CARACTER\u00cdSTICAS<\/strong><\/p>\n<div>\n<ul>\n<li> Comprimento total 20,25 cm<\/li>\n<li> Material PVC Pl\u00e1stico<\/li>\n<\/ul>\n<p> A CalExotics tem transformado consistentemente \u201cfantasia em realidade\u201d h\u00e1 mais de uma d\u00e9cada. Com uma aten\u00e7\u00e3o incompar\u00e1vel aos detalhes, a fundadora e propriet\u00e1ria da CalExotics, Susan Colvin, tornou a marca California Exotic Novelty sin\u00f4nimo de brinquedos para adultos de qualidade. O fato de a CalExotics ser uma empresa pertencente e operada por mulheres desempenha um papel importante em sua ascens\u00e3o mete\u00f3rica ao topo da ind\u00fastria de brinquedos e novidades para adultos.<\/p>\n<\/p>\n<\/div>\n","protected":false},"excerpt":{"rendered":"<p>CALEXOTICS &#8211; BONECA DO AMOR TYLER KNIGHT<\/p>\n","protected":false},"featured_media":53883,"template":"","meta":{"_acf_changed":false},"product_brand":[],"product_cat":[17,15],"product_tag":[],"class_list":{"0":"post-43388","1":"product","2":"type-product","3":"status-publish","4":"has-post-thumbnail","6":"product_cat-brinquedos-de-bem-estar-sexual","7":"product_cat-loja","8":"yith_product_brand-calexotics","10":"first","11":"instock","12":"taxable","13":"shipping-taxable","14":"purchasable","15":"product-type-simple"},"acf":[],"yoast_head":"<!-- This site is optimized with the Yoast SEO plugin v27.4 - https:\/\/yoast.com\/product\/yoast-seo-wordpress\/ -->\n<title>CALEXOTICS - BONECA DO AMOR TYLER KNIGHT - Lovme<\/title>\n<meta name=\"robots\" content=\"index, follow, max-snippet:-1, max-image-preview:large, max-video-preview:-1\" \/>\n<link rel=\"canonical\" href=\"https:\/\/lovme.pt\/index.php\/produto\/calexotics-boneca-do-amor-tyler-knight\/\" \/>\n<meta property=\"og:locale\" content=\"pt_PT\" \/>\n<meta property=\"og:type\" content=\"article\" \/>\n<meta property=\"og:title\" content=\"CALEXOTICS - BONECA DO AMOR TYLER KNIGHT - Lovme\" \/>\n<meta property=\"og:description\" content=\"CALEXOTICS - BONECA DO AMOR TYLER KNIGHT\" \/>\n<meta property=\"og:url\" content=\"https:\/\/lovme.pt\/index.php\/produto\/calexotics-boneca-do-amor-tyler-knight\/\" \/>\n<meta property=\"og:site_name\" content=\"Lovme\" \/>\n<meta property=\"article:modified_time\" content=\"2026-02-19T20:00:59+00:00\" \/>\n<meta property=\"og:image\" content=\"https:\/\/erki24nd3ub.exactdn.com\/wp-content\/uploads\/dream\/img\/img_143745_a706a41ec75814f05c94b3dead889671_1.jpg?strip=all\" \/>\n\t<meta property=\"og:image:width\" content=\"800\" \/>\n\t<meta property=\"og:image:height\" content=\"800\" \/>\n\t<meta property=\"og:image:type\" content=\"image\/jpeg\" \/>\n<meta name=\"twitter:card\" content=\"summary_large_image\" \/>\n<meta name=\"twitter:label1\" content=\"Tempo estimado de leitura\" \/>\n\t<meta name=\"twitter:data1\" content=\"2 minutos\" \/>\n<script type=\"application\/ld+json\" class=\"yoast-schema-graph\">{\"@context\":\"https:\\\/\\\/schema.org\",\"@graph\":[{\"@type\":\"WebPage\",\"@id\":\"https:\\\/\\\/lovme.pt\\\/index.php\\\/produto\\\/calexotics-boneca-do-amor-tyler-knight\\\/\",\"url\":\"https:\\\/\\\/lovme.pt\\\/index.php\\\/produto\\\/calexotics-boneca-do-amor-tyler-knight\\\/\",\"name\":\"CALEXOTICS - BONECA DO AMOR TYLER KNIGHT - Lovme\",\"isPartOf\":{\"@id\":\"https:\\\/\\\/lovme.pt\\\/#website\"},\"primaryImageOfPage\":{\"@id\":\"https:\\\/\\\/lovme.pt\\\/index.php\\\/produto\\\/calexotics-boneca-do-amor-tyler-knight\\\/#primaryimage\"},\"image\":{\"@id\":\"https:\\\/\\\/lovme.pt\\\/index.php\\\/produto\\\/calexotics-boneca-do-amor-tyler-knight\\\/#primaryimage\"},\"thumbnailUrl\":\"https:\\\/\\\/erki24nd3ub.exactdn.com\\\/wp-content\\\/uploads\\\/dream\\\/img\\\/img_143745_a706a41ec75814f05c94b3dead889671_1.jpg?strip=all\",\"datePublished\":\"2025-09-30T09:34:48+00:00\",\"dateModified\":\"2026-02-19T20:00:59+00:00\",\"breadcrumb\":{\"@id\":\"https:\\\/\\\/lovme.pt\\\/index.php\\\/produto\\\/calexotics-boneca-do-amor-tyler-knight\\\/#breadcrumb\"},\"inLanguage\":\"pt-PT\",\"potentialAction\":[{\"@type\":\"ReadAction\",\"target\":[\"https:\\\/\\\/lovme.pt\\\/index.php\\\/produto\\\/calexotics-boneca-do-amor-tyler-knight\\\/\"]}]},{\"@type\":\"ImageObject\",\"inLanguage\":\"pt-PT\",\"@id\":\"https:\\\/\\\/lovme.pt\\\/index.php\\\/produto\\\/calexotics-boneca-do-amor-tyler-knight\\\/#primaryimage\",\"url\":\"https:\\\/\\\/erki24nd3ub.exactdn.com\\\/wp-content\\\/uploads\\\/dream\\\/img\\\/img_143745_a706a41ec75814f05c94b3dead889671_1.jpg?strip=all\",\"contentUrl\":\"https:\\\/\\\/erki24nd3ub.exactdn.com\\\/wp-content\\\/uploads\\\/dream\\\/img\\\/img_143745_a706a41ec75814f05c94b3dead889671_1.jpg?strip=all\",\"width\":800,\"height\":800},{\"@type\":\"BreadcrumbList\",\"@id\":\"https:\\\/\\\/lovme.pt\\\/index.php\\\/produto\\\/calexotics-boneca-do-amor-tyler-knight\\\/#breadcrumb\",\"itemListElement\":[{\"@type\":\"ListItem\",\"position\":1,\"name\":\"In\u00edcio\",\"item\":\"https:\\\/\\\/lovme.pt\\\/\"},{\"@type\":\"ListItem\",\"position\":2,\"name\":\"Loja\",\"item\":\"https:\\\/\\\/lovme.pt\\\/index.php\\\/loja\\\/\"},{\"@type\":\"ListItem\",\"position\":3,\"name\":\"CALEXOTICS &#8211; BONECA DO AMOR TYLER KNIGHT\"}]},{\"@type\":\"WebSite\",\"@id\":\"https:\\\/\\\/lovme.pt\\\/#website\",\"url\":\"https:\\\/\\\/lovme.pt\\\/\",\"name\":\"Lovme Loja Er\u00f3tica N\u00ba1 em Portugal\",\"description\":\"A melhor loja er\u00f3tica de Portugal.\",\"alternateName\":\"Loja Er\u00f3tica Lovme\",\"potentialAction\":[{\"@type\":\"SearchAction\",\"target\":{\"@type\":\"EntryPoint\",\"urlTemplate\":\"https:\\\/\\\/lovme.pt\\\/?s={search_term_string}\"},\"query-input\":{\"@type\":\"PropertyValueSpecification\",\"valueRequired\":true,\"valueName\":\"search_term_string\"}}],\"inLanguage\":\"pt-PT\"}]}<\/script>\n<!-- \/ Yoast SEO plugin. -->","yoast_head_json":{"title":"CALEXOTICS - BONECA DO AMOR TYLER KNIGHT - Lovme","robots":{"index":"index","follow":"follow","max-snippet":"max-snippet:-1","max-image-preview":"max-image-preview:large","max-video-preview":"max-video-preview:-1"},"canonical":"https:\/\/lovme.pt\/index.php\/produto\/calexotics-boneca-do-amor-tyler-knight\/","og_locale":"pt_PT","og_type":"article","og_title":"CALEXOTICS - BONECA DO AMOR TYLER KNIGHT - Lovme","og_description":"CALEXOTICS - BONECA DO AMOR TYLER KNIGHT","og_url":"https:\/\/lovme.pt\/index.php\/produto\/calexotics-boneca-do-amor-tyler-knight\/","og_site_name":"Lovme","article_modified_time":"2026-02-19T20:00:59+00:00","og_image":[{"width":800,"height":800,"url":"https:\/\/erki24nd3ub.exactdn.com\/wp-content\/uploads\/dream\/img\/img_143745_a706a41ec75814f05c94b3dead889671_1.jpg?strip=all","type":"image\/jpeg"}],"twitter_card":"summary_large_image","twitter_misc":{"Tempo estimado de leitura":"2 minutos"},"schema":{"@context":"https:\/\/schema.org","@graph":[{"@type":"WebPage","@id":"https:\/\/lovme.pt\/index.php\/produto\/calexotics-boneca-do-amor-tyler-knight\/","url":"https:\/\/lovme.pt\/index.php\/produto\/calexotics-boneca-do-amor-tyler-knight\/","name":"CALEXOTICS - BONECA DO AMOR TYLER KNIGHT - Lovme","isPartOf":{"@id":"https:\/\/lovme.pt\/#website"},"primaryImageOfPage":{"@id":"https:\/\/lovme.pt\/index.php\/produto\/calexotics-boneca-do-amor-tyler-knight\/#primaryimage"},"image":{"@id":"https:\/\/lovme.pt\/index.php\/produto\/calexotics-boneca-do-amor-tyler-knight\/#primaryimage"},"thumbnailUrl":"https:\/\/erki24nd3ub.exactdn.com\/wp-content\/uploads\/dream\/img\/img_143745_a706a41ec75814f05c94b3dead889671_1.jpg?strip=all","datePublished":"2025-09-30T09:34:48+00:00","dateModified":"2026-02-19T20:00:59+00:00","breadcrumb":{"@id":"https:\/\/lovme.pt\/index.php\/produto\/calexotics-boneca-do-amor-tyler-knight\/#breadcrumb"},"inLanguage":"pt-PT","potentialAction":[{"@type":"ReadAction","target":["https:\/\/lovme.pt\/index.php\/produto\/calexotics-boneca-do-amor-tyler-knight\/"]}]},{"@type":"ImageObject","inLanguage":"pt-PT","@id":"https:\/\/lovme.pt\/index.php\/produto\/calexotics-boneca-do-amor-tyler-knight\/#primaryimage","url":"https:\/\/erki24nd3ub.exactdn.com\/wp-content\/uploads\/dream\/img\/img_143745_a706a41ec75814f05c94b3dead889671_1.jpg?strip=all","contentUrl":"https:\/\/erki24nd3ub.exactdn.com\/wp-content\/uploads\/dream\/img\/img_143745_a706a41ec75814f05c94b3dead889671_1.jpg?strip=all","width":800,"height":800},{"@type":"BreadcrumbList","@id":"https:\/\/lovme.pt\/index.php\/produto\/calexotics-boneca-do-amor-tyler-knight\/#breadcrumb","itemListElement":[{"@type":"ListItem","position":1,"name":"In\u00edcio","item":"https:\/\/lovme.pt\/"},{"@type":"ListItem","position":2,"name":"Loja","item":"https:\/\/lovme.pt\/index.php\/loja\/"},{"@type":"ListItem","position":3,"name":"CALEXOTICS &#8211; BONECA DO AMOR TYLER KNIGHT"}]},{"@type":"WebSite","@id":"https:\/\/lovme.pt\/#website","url":"https:\/\/lovme.pt\/","name":"Lovme Loja Er\u00f3tica N\u00ba1 em Portugal","description":"A melhor loja er\u00f3tica de Portugal.","alternateName":"Loja Er\u00f3tica Lovme","potentialAction":[{"@type":"SearchAction","target":{"@type":"EntryPoint","urlTemplate":"https:\/\/lovme.pt\/?s={search_term_string}"},"query-input":{"@type":"PropertyValueSpecification","valueRequired":true,"valueName":"search_term_string"}}],"inLanguage":"pt-PT"}]}},"_links":{"self":[{"href":"https:\/\/lovme.pt\/index.php\/wp-json\/wp\/v2\/product\/43388","targetHints":{"allow":["GET"]}}],"collection":[{"href":"https:\/\/lovme.pt\/index.php\/wp-json\/wp\/v2\/product"}],"about":[{"href":"https:\/\/lovme.pt\/index.php\/wp-json\/wp\/v2\/types\/product"}],"wp:featuredmedia":[{"embeddable":true,"href":"https:\/\/lovme.pt\/index.php\/wp-json\/wp\/v2\/media\/53883"}],"wp:attachment":[{"href":"https:\/\/lovme.pt\/index.php\/wp-json\/wp\/v2\/media?parent=43388"}],"wp:term":[{"taxonomy":"product_brand","embeddable":true,"href":"https:\/\/lovme.pt\/index.php\/wp-json\/wp\/v2\/product_brand?post=43388"},{"taxonomy":"product_cat","embeddable":true,"href":"https:\/\/lovme.pt\/index.php\/wp-json\/wp\/v2\/product_cat?post=43388"},{"taxonomy":"product_tag","embeddable":true,"href":"https:\/\/lovme.pt\/index.php\/wp-json\/wp\/v2\/product_tag?post=43388"}],"curies":[{"name":"wp","href":"https:\/\/api.w.org\/{rel}","templated":true}]}}