{"id":43364,"date":"2025-09-30T20:44:20","date_gmt":"2025-09-30T20:44:20","guid":{"rendered":"https:\/\/lovme.pt\/?post_type=product&p=43364"},"modified":"2026-02-19T20:08:49","modified_gmt":"2026-02-19T20:08:49","slug":"mia-vienna-duplo-prazer-lambendo-ovo-vibrante","status":"publish","type":"product","link":"https:\/\/lovme.pt\/index.php\/produto\/mia-vienna-duplo-prazer-lambendo-ovo-vibrante\/","title":{"rendered":"MIA &#8211; VIENNA DUPLO PRAZER LAMBENDO + OVO VIBRANTE"},"content":{"rendered":"<p>As mulheres durante a menopausa come\u00e7am a sentir mudan\u00e7as como ondas de calor, sudorese e problemas de sono devido \u00e0s altera\u00e7\u00f5es hormonais associadas a esta fase, como a diminui\u00e7\u00e3o da produ\u00e7\u00e3o de estrog\u00eanio e progesterona.<\/p>\n<p>A diminui\u00e7\u00e3o hormonal leva a uma diminui\u00e7\u00e3o do fluxo sangu\u00edneo na regi\u00e3o p\u00e9lvica e, conseq\u00fcentemente, causar\u00e1 ressecamento vaginal, diminui\u00e7\u00e3o da elasticidade e isso pode causar desconforto e irrita\u00e7\u00e3o durante jogos e rela\u00e7\u00f5es sexuais.<\/p>\n<p>A menopausa n\u00e3o deve resultar em redu\u00e7\u00e3o da atividade sexual, nem, \u00e9 claro, diminui\u00e7\u00e3o do prazer. Em sua opini\u00e3o, as cren\u00e7as que associam o fim da menstrua\u00e7\u00e3o apenas ao fim das rela\u00e7\u00f5es sexuais da mulher ?s\u00e3o exemplos de um imagin\u00e1rio coletivo cheio de erros e preconceitos.<\/p>\n<p>A nova gama de brinquedos sexuais MIA e, especificamente, a gama de vibradores e estimuladores de clit\u00f3ris que tanto se popularizaram nos \u00faltimos anos, podem ser aliados das mulheres na menopausa. Estimular a \u00e1rea genital e o pr\u00f3prio clit\u00f3ris significa aumentar a lubrifica\u00e7\u00e3o vaginal, muito \u00fatil diante do ressecamento causado pela queda hormonal associada \u00e0 menopausa?.<\/p>\n<p>Outro ponto positivo sobre o uso de brinquedos sexuais como os estimuladores de clit\u00f3ris \u00e9 que a estimula\u00e7\u00e3o consegue deixar a mulher mais consciente do pr\u00f3prio corpo. A \u00fanica maneira de ter uma sexualidade plena \u00e9 tomando consci\u00eancia do pr\u00f3prio corpo, desejos e necessidades. E muitos s\u00e3o capazes de se reconectar com sua capacidade de se divertir por meio de um brinquedo sexual.<\/p>\n<p>Mas o que MIA VIENNA pode me trazer?<\/p>\n<p>Formas de brincar; Coloque a rosa de silicone firmemente na palma da sua m\u00e3o. Coloque MIA VIENA no seu clit\u00f3ris ou outras zonas er\u00f3genas e desfrute das vibra\u00e7\u00f5es profundas. Explore diferentes ambientes e posi\u00e7\u00f5es para adaptar sua experi\u00eancia. \u00c9 perfeito para estimular o clit\u00f3ris e tamb\u00e9m usar o vibrador anal simultaneamente, massageando as duas \u00e1reas ao mesmo tempo.<\/p>\n<p>MIA COMES, incorpora um vibrador anal oscilante, aumentando a sensa\u00e7\u00e3o de vibra\u00e7\u00e3o em 5 vezes.<\/p>\n<ul>\n<li>10 modos de vibra\u00e7\u00e3o poderosos<\/li>\n<li>Silencioso &#8211; Projetado para ser discreto, o MIA DOUBLE PLEASURE \u00e9 silencioso, ent\u00e3o ningu\u00e9m saber\u00e1 o que voc\u00ea est\u00e1 fazendo.<\/li>\n<\/ul>\n<p>D\u00ca-LHE PODER!<\/p>\n<p>O seu MIA DOUBLE PLEASURE est\u00e1 equipado com baterias incorporadas e, por isso, \u00e9 recarreg\u00e1vel e amigo do ambiente. O cabo de carregamento USB inclu\u00eddo pode ser complementado com um plugue de alimenta\u00e7\u00e3o padr\u00e3o de 5 V, se necess\u00e1rio.<\/p>\n<p>MAIS DIVERS\u00c3O COM LUBRIFICANTE<\/p>\n<p>Para o m\u00e1ximo prazer suave, use sempre seu estimulador de clit\u00f3ris ou vibrador anal com um dos lubrificantes \u00e0 base de \u00e1gua Waterfeel que s\u00e3o ideais para o produto. Isso tornar\u00e1 sua experi\u00eancia alegremente intensa e dar\u00e1 um fator de variedade adicional. Est\u00e3o dispon\u00edveis nas vers\u00f5es cl\u00e1ssica, sedosa e quente. A composi\u00e7\u00e3o vegana \u00e0 base de \u00e1gua protege o material e mant\u00e9m a superf\u00edcie fosca e sedosa do seu amuleto agrad\u00e1vel e flex\u00edvel.<\/p>\n<p>MATERIAIS E CUIDADOS<\/p>\n<p>O silicone MIA possui silicone 100% livre de falatos, incrivelmente flex\u00edvel. \u00c0 prova d\u00e1gua (IPX6) e combinados com uma pr\u00e1tica al\u00e7a ergon\u00f4mica do mesmo material, os brinquedos MIA s\u00e3o f\u00e1ceis de limpar e permanecem higi\u00eanicos por muito tempo. O material flex\u00edvel \u00e9 maravilhosamente escorregadio e aquece rapidamente \u00e0 temperatura do corpo. Seu vibrador pode ser limpo r\u00e1pida e facilmente com um pouco de sab\u00e3o e \u00e1gua morna. Finalmente, garante uma higiene exaustiva com algumas pulveriza\u00e7\u00f5es de detergente desinfetante para brinquedos.<\/p>\n<p>Aproveite o seu brinquedo tanto quanto n\u00f3s gostamos de faz\u00ea-lo para voc\u00ea.<\/p>\n<p>MINHA MARCA<\/p>\n<p>MIA &#8211; muito mais que uma marca europeia! Tudo come\u00e7ou com a estimula\u00e7\u00e3o por meio de motores inovadores e materiais exclusivos. A marca l\u00edder mundial em bem-estar sexual agora enriquece a vida amorosa de mais de 200.000 mulheres, homens e casais em mais de 100 pa\u00edses com uma linha exclusiva de produtos de ponta. Com caracter\u00edsticas de qualidade como silicone de alta qualidade, garantia de 5 anos, totalmente \u00e0 prova d\u00e1gua (IPX7) e motores potentes, a bem-sucedida marca europeia tem sempre o cuidado de aliar tecnologia a um design diferenciado em seus produtos. Um produto montado em Espanha com a mais alta qualidade europeia.<\/p>\n","protected":false},"excerpt":{"rendered":"<p>MIA &#8211; VIENNA LAMBIDA DUPLA DE PRAZER + VIBRADOR DE OVO<\/p>\n","protected":false},"featured_media":72122,"template":"","meta":{"_acf_changed":false},"product_brand":[],"product_cat":[17,61,76],"product_tag":[],"class_list":{"0":"post-43364","1":"product","2":"type-product","3":"status-publish","4":"has-post-thumbnail","6":"product_cat-brinquedos-de-bem-estar-sexual","7":"product_cat-para-elas","8":"product_cat-vibradores","9":"yith_product_brand-mia","11":"first","12":"instock","13":"taxable","14":"shipping-taxable","15":"purchasable","16":"product-type-simple"},"acf":[],"yoast_head":"<!-- This site is optimized with the Yoast SEO plugin v27.4 - https:\/\/yoast.com\/product\/yoast-seo-wordpress\/ -->\n<title>MIA - VIENNA DUPLO PRAZER LAMBENDO + OVO VIBRANTE - Lovme<\/title>\n<meta name=\"robots\" content=\"index, follow, max-snippet:-1, max-image-preview:large, max-video-preview:-1\" \/>\n<link rel=\"canonical\" href=\"https:\/\/lovme.pt\/index.php\/produto\/mia-vienna-duplo-prazer-lambendo-ovo-vibrante\/\" \/>\n<meta property=\"og:locale\" content=\"pt_PT\" \/>\n<meta property=\"og:type\" content=\"article\" \/>\n<meta property=\"og:title\" content=\"MIA - VIENNA DUPLO PRAZER LAMBENDO + OVO VIBRANTE - Lovme\" \/>\n<meta property=\"og:description\" content=\"MIA - VIENNA LAMBIDA DUPLA DE PRAZER + VIBRADOR DE OVO\" \/>\n<meta property=\"og:url\" content=\"https:\/\/lovme.pt\/index.php\/produto\/mia-vienna-duplo-prazer-lambendo-ovo-vibrante\/\" \/>\n<meta property=\"og:site_name\" content=\"Lovme\" \/>\n<meta property=\"article:modified_time\" content=\"2026-02-19T20:08:49+00:00\" \/>\n<meta property=\"og:image\" content=\"https:\/\/erki24nd3ub.exactdn.com\/wp-content\/uploads\/dream\/img\/img_143594_a351abb58ba1d8e0d40ef0e8bcdca303_1.png?strip=all\" \/>\n\t<meta property=\"og:image:width\" content=\"800\" \/>\n\t<meta property=\"og:image:height\" content=\"800\" \/>\n\t<meta property=\"og:image:type\" content=\"image\/png\" \/>\n<meta name=\"twitter:card\" content=\"summary_large_image\" \/>\n<meta name=\"twitter:label1\" content=\"Tempo estimado de leitura\" \/>\n\t<meta name=\"twitter:data1\" content=\"4 minutos\" \/>\n<script type=\"application\/ld+json\" class=\"yoast-schema-graph\">{\"@context\":\"https:\\\/\\\/schema.org\",\"@graph\":[{\"@type\":\"WebPage\",\"@id\":\"https:\\\/\\\/lovme.pt\\\/index.php\\\/produto\\\/mia-vienna-duplo-prazer-lambendo-ovo-vibrante\\\/\",\"url\":\"https:\\\/\\\/lovme.pt\\\/index.php\\\/produto\\\/mia-vienna-duplo-prazer-lambendo-ovo-vibrante\\\/\",\"name\":\"MIA - VIENNA DUPLO PRAZER LAMBENDO + OVO VIBRANTE - Lovme\",\"isPartOf\":{\"@id\":\"https:\\\/\\\/lovme.pt\\\/#website\"},\"primaryImageOfPage\":{\"@id\":\"https:\\\/\\\/lovme.pt\\\/index.php\\\/produto\\\/mia-vienna-duplo-prazer-lambendo-ovo-vibrante\\\/#primaryimage\"},\"image\":{\"@id\":\"https:\\\/\\\/lovme.pt\\\/index.php\\\/produto\\\/mia-vienna-duplo-prazer-lambendo-ovo-vibrante\\\/#primaryimage\"},\"thumbnailUrl\":\"https:\\\/\\\/erki24nd3ub.exactdn.com\\\/wp-content\\\/uploads\\\/dream\\\/img\\\/img_143594_a351abb58ba1d8e0d40ef0e8bcdca303_1.png?strip=all\",\"datePublished\":\"2025-09-30T20:44:20+00:00\",\"dateModified\":\"2026-02-19T20:08:49+00:00\",\"breadcrumb\":{\"@id\":\"https:\\\/\\\/lovme.pt\\\/index.php\\\/produto\\\/mia-vienna-duplo-prazer-lambendo-ovo-vibrante\\\/#breadcrumb\"},\"inLanguage\":\"pt-PT\",\"potentialAction\":[{\"@type\":\"ReadAction\",\"target\":[\"https:\\\/\\\/lovme.pt\\\/index.php\\\/produto\\\/mia-vienna-duplo-prazer-lambendo-ovo-vibrante\\\/\"]}]},{\"@type\":\"ImageObject\",\"inLanguage\":\"pt-PT\",\"@id\":\"https:\\\/\\\/lovme.pt\\\/index.php\\\/produto\\\/mia-vienna-duplo-prazer-lambendo-ovo-vibrante\\\/#primaryimage\",\"url\":\"https:\\\/\\\/erki24nd3ub.exactdn.com\\\/wp-content\\\/uploads\\\/dream\\\/img\\\/img_143594_a351abb58ba1d8e0d40ef0e8bcdca303_1.png?strip=all\",\"contentUrl\":\"https:\\\/\\\/erki24nd3ub.exactdn.com\\\/wp-content\\\/uploads\\\/dream\\\/img\\\/img_143594_a351abb58ba1d8e0d40ef0e8bcdca303_1.png?strip=all\",\"width\":800,\"height\":800},{\"@type\":\"BreadcrumbList\",\"@id\":\"https:\\\/\\\/lovme.pt\\\/index.php\\\/produto\\\/mia-vienna-duplo-prazer-lambendo-ovo-vibrante\\\/#breadcrumb\",\"itemListElement\":[{\"@type\":\"ListItem\",\"position\":1,\"name\":\"In\u00edcio\",\"item\":\"https:\\\/\\\/lovme.pt\\\/\"},{\"@type\":\"ListItem\",\"position\":2,\"name\":\"Loja\",\"item\":\"https:\\\/\\\/lovme.pt\\\/index.php\\\/loja\\\/\"},{\"@type\":\"ListItem\",\"position\":3,\"name\":\"MIA &#8211; VIENNA DUPLO PRAZER LAMBENDO + OVO VIBRANTE\"}]},{\"@type\":\"WebSite\",\"@id\":\"https:\\\/\\\/lovme.pt\\\/#website\",\"url\":\"https:\\\/\\\/lovme.pt\\\/\",\"name\":\"Lovme Loja Er\u00f3tica N\u00ba1 em Portugal\",\"description\":\"A melhor loja er\u00f3tica de Portugal.\",\"alternateName\":\"Loja Er\u00f3tica Lovme\",\"potentialAction\":[{\"@type\":\"SearchAction\",\"target\":{\"@type\":\"EntryPoint\",\"urlTemplate\":\"https:\\\/\\\/lovme.pt\\\/?s={search_term_string}\"},\"query-input\":{\"@type\":\"PropertyValueSpecification\",\"valueRequired\":true,\"valueName\":\"search_term_string\"}}],\"inLanguage\":\"pt-PT\"}]}<\/script>\n<!-- \/ Yoast SEO plugin. -->","yoast_head_json":{"title":"MIA - VIENNA DUPLO PRAZER LAMBENDO + OVO VIBRANTE - Lovme","robots":{"index":"index","follow":"follow","max-snippet":"max-snippet:-1","max-image-preview":"max-image-preview:large","max-video-preview":"max-video-preview:-1"},"canonical":"https:\/\/lovme.pt\/index.php\/produto\/mia-vienna-duplo-prazer-lambendo-ovo-vibrante\/","og_locale":"pt_PT","og_type":"article","og_title":"MIA - VIENNA DUPLO PRAZER LAMBENDO + OVO VIBRANTE - Lovme","og_description":"MIA - VIENNA LAMBIDA DUPLA DE PRAZER + VIBRADOR DE OVO","og_url":"https:\/\/lovme.pt\/index.php\/produto\/mia-vienna-duplo-prazer-lambendo-ovo-vibrante\/","og_site_name":"Lovme","article_modified_time":"2026-02-19T20:08:49+00:00","og_image":[{"width":800,"height":800,"url":"https:\/\/erki24nd3ub.exactdn.com\/wp-content\/uploads\/dream\/img\/img_143594_a351abb58ba1d8e0d40ef0e8bcdca303_1.png?strip=all","type":"image\/png"}],"twitter_card":"summary_large_image","twitter_misc":{"Tempo estimado de leitura":"4 minutos"},"schema":{"@context":"https:\/\/schema.org","@graph":[{"@type":"WebPage","@id":"https:\/\/lovme.pt\/index.php\/produto\/mia-vienna-duplo-prazer-lambendo-ovo-vibrante\/","url":"https:\/\/lovme.pt\/index.php\/produto\/mia-vienna-duplo-prazer-lambendo-ovo-vibrante\/","name":"MIA - VIENNA DUPLO PRAZER LAMBENDO + OVO VIBRANTE - Lovme","isPartOf":{"@id":"https:\/\/lovme.pt\/#website"},"primaryImageOfPage":{"@id":"https:\/\/lovme.pt\/index.php\/produto\/mia-vienna-duplo-prazer-lambendo-ovo-vibrante\/#primaryimage"},"image":{"@id":"https:\/\/lovme.pt\/index.php\/produto\/mia-vienna-duplo-prazer-lambendo-ovo-vibrante\/#primaryimage"},"thumbnailUrl":"https:\/\/erki24nd3ub.exactdn.com\/wp-content\/uploads\/dream\/img\/img_143594_a351abb58ba1d8e0d40ef0e8bcdca303_1.png?strip=all","datePublished":"2025-09-30T20:44:20+00:00","dateModified":"2026-02-19T20:08:49+00:00","breadcrumb":{"@id":"https:\/\/lovme.pt\/index.php\/produto\/mia-vienna-duplo-prazer-lambendo-ovo-vibrante\/#breadcrumb"},"inLanguage":"pt-PT","potentialAction":[{"@type":"ReadAction","target":["https:\/\/lovme.pt\/index.php\/produto\/mia-vienna-duplo-prazer-lambendo-ovo-vibrante\/"]}]},{"@type":"ImageObject","inLanguage":"pt-PT","@id":"https:\/\/lovme.pt\/index.php\/produto\/mia-vienna-duplo-prazer-lambendo-ovo-vibrante\/#primaryimage","url":"https:\/\/erki24nd3ub.exactdn.com\/wp-content\/uploads\/dream\/img\/img_143594_a351abb58ba1d8e0d40ef0e8bcdca303_1.png?strip=all","contentUrl":"https:\/\/erki24nd3ub.exactdn.com\/wp-content\/uploads\/dream\/img\/img_143594_a351abb58ba1d8e0d40ef0e8bcdca303_1.png?strip=all","width":800,"height":800},{"@type":"BreadcrumbList","@id":"https:\/\/lovme.pt\/index.php\/produto\/mia-vienna-duplo-prazer-lambendo-ovo-vibrante\/#breadcrumb","itemListElement":[{"@type":"ListItem","position":1,"name":"In\u00edcio","item":"https:\/\/lovme.pt\/"},{"@type":"ListItem","position":2,"name":"Loja","item":"https:\/\/lovme.pt\/index.php\/loja\/"},{"@type":"ListItem","position":3,"name":"MIA &#8211; VIENNA DUPLO PRAZER LAMBENDO + OVO VIBRANTE"}]},{"@type":"WebSite","@id":"https:\/\/lovme.pt\/#website","url":"https:\/\/lovme.pt\/","name":"Lovme Loja Er\u00f3tica N\u00ba1 em Portugal","description":"A melhor loja er\u00f3tica de Portugal.","alternateName":"Loja Er\u00f3tica Lovme","potentialAction":[{"@type":"SearchAction","target":{"@type":"EntryPoint","urlTemplate":"https:\/\/lovme.pt\/?s={search_term_string}"},"query-input":{"@type":"PropertyValueSpecification","valueRequired":true,"valueName":"search_term_string"}}],"inLanguage":"pt-PT"}]}},"_links":{"self":[{"href":"https:\/\/lovme.pt\/index.php\/wp-json\/wp\/v2\/product\/43364","targetHints":{"allow":["GET"]}}],"collection":[{"href":"https:\/\/lovme.pt\/index.php\/wp-json\/wp\/v2\/product"}],"about":[{"href":"https:\/\/lovme.pt\/index.php\/wp-json\/wp\/v2\/types\/product"}],"wp:featuredmedia":[{"embeddable":true,"href":"https:\/\/lovme.pt\/index.php\/wp-json\/wp\/v2\/media\/72122"}],"wp:attachment":[{"href":"https:\/\/lovme.pt\/index.php\/wp-json\/wp\/v2\/media?parent=43364"}],"wp:term":[{"taxonomy":"product_brand","embeddable":true,"href":"https:\/\/lovme.pt\/index.php\/wp-json\/wp\/v2\/product_brand?post=43364"},{"taxonomy":"product_cat","embeddable":true,"href":"https:\/\/lovme.pt\/index.php\/wp-json\/wp\/v2\/product_cat?post=43364"},{"taxonomy":"product_tag","embeddable":true,"href":"https:\/\/lovme.pt\/index.php\/wp-json\/wp\/v2\/product_tag?post=43364"}],"curies":[{"name":"wp","href":"https:\/\/api.w.org\/{rel}","templated":true}]}}