{"id":43353,"date":"2025-10-01T03:10:34","date_gmt":"2025-10-01T03:10:34","guid":{"rendered":"https:\/\/lovme.pt\/?post_type=product&p=43353"},"modified":"2026-02-19T20:22:32","modified_gmt":"2026-02-19T20:22:32","slug":"bioaqua-lubrificante-a-base-de-agua-ingredientes-naturais-6-ml","status":"publish","type":"product","link":"https:\/\/lovme.pt\/index.php\/produto\/bioaqua-lubrificante-a-base-de-agua-ingredientes-naturais-6-ml\/","title":{"rendered":"BIOAQUA &#8211; LUBRIFICANTE \u00c0 BASE DE \u00c1GUA INGREDIENTES NATURAIS 6 ML"},"content":{"rendered":"<p>Nosso lubrificante BIOAQUA \u00e9 a escolha perfeita para o prazer natural: sem giro, apenas sensa\u00e7\u00f5es sem atrito com um toque leve. Pode ser usado durante o sexo, mas gra\u00e7as \u00e0 sua formula\u00e7\u00e3o natural \u00e0 base de \u00e1gua, tamb\u00e9m \u00e9 delicado com brinquedos sexuais.<\/p>\n<p>O que o lubrificante BIOAQUA pode oferecer?<\/p>\n<p>A vers\u00e3o BIOAQUA do lubrificante \u00e0 base de \u00e1gua, gra\u00e7as \u00e0 sua f\u00f3rmula suave e 100% natural, oferece uma sensa\u00e7\u00e3o de pele sedosa que torna a estimula\u00e7\u00e3o especialmente intensa. \u00c9 adequado tanto para mulheres como para homens ou casais e proporciona sempre um maior prazer de deslizar. A f\u00f3rmula sem componentes oleosos ou gordurosos tamb\u00e9m \u00e9 compat\u00edvel com preservativos.<\/p>\n<p>Este lubrificante \u00e0 base de \u00e1gua \u00e9 100% natural, seguro para os brinquedos e agrad\u00e1vel para o corpo!<\/p>\n<p>BIOAQUA tamb\u00e9m \u00e9 \u00f3timo para uso com preservativos ou apenas pele a pele. Ao contr\u00e1rio de muitos outros lubrificantes \u00e0 base de \u00e1gua, BIOAQUA n\u00e3o deixa res\u00edduos. Al\u00e9m disso, sua garrafa transparente fica \u00f3tima em sua mesa de cabeceira.<\/p>\n<p>Nota: A utiliza\u00e7\u00e3o de lubrificantes, \u00f3leos e cremes n\u00e3o aquosos pode provocar danos irrevers\u00edveis na unidade de comando e em todo o brinquedo.<\/p>\n<p>Instru\u00e7\u00f5es de uso: aplique a quantidade desejada de lubrificante nas partes desejadas do corpo e repita quantas vezes quiser.<\/p>\n<p>Os lubrificantes BIOAQUA s\u00e3o compat\u00edveis com preservativos de l\u00e1tex.<\/p>\n<ul>\n<li>Adequado para sexo oral<\/li>\n<li>Ideal para uso com brinquedos sexuais<\/li>\n<li>100% europeu.<\/li>\n<\/ul>\n<p>Observa\u00e7\u00e3o: o uso de lubrificantes, \u00f3leos e cremes de qualidade que n\u00e3o sejam \u00e0 base de \u00e1gua pode causar danos irrevers\u00edveis \u00e0 unidade de controle e a todo o brinquedo.<\/p>\n<ul>\n<li>Ingredientes 100% naturais.<\/li>\n<li>Testado dermatologicamente<\/li>\n<li>Alta performance<\/li>\n<li>Capacidade de deslizamento longa<\/li>\n<li>Adequado para uso com preservativos de l\u00e1tex<\/li>\n<li>Sol\u00favel em \u00e1gua<\/li>\n<li>neutro a gosto<\/li>\n<li>Incolor e inodoro<\/li>\n<li>N\u00e3o cont\u00e9m \u00f3leo nem perfumes<\/li>\n<li>Aprovado como medicamento com a marca CE<\/li>\n<\/ul>\n","protected":false},"excerpt":{"rendered":"<p>EMBALAGEM DISPON\u00cdVEL EM: \/es\/en\/fr\/de\/pt\/it\/ro\/el\/ru\/hu\/<\/p>\n","protected":false},"featured_media":101950,"template":"","meta":{"_acf_changed":false},"product_brand":[],"product_cat":[49,53],"product_tag":[],"class_list":{"0":"post-43353","1":"product","2":"type-product","3":"status-publish","4":"has-post-thumbnail","6":"product_cat-cosmeticos","7":"product_cat-lubrificantes-intimos","8":"yith_product_brand-aqua","9":"yith_product_brand-aquabioaqua","11":"first","12":"instock","13":"taxable","14":"shipping-taxable","15":"purchasable","16":"product-type-simple"},"acf":[],"yoast_head":"<!-- This site is optimized with the Yoast SEO plugin v27.4 - https:\/\/yoast.com\/product\/yoast-seo-wordpress\/ -->\n<title>BIOAQUA - LUBRIFICANTE \u00c0 BASE DE \u00c1GUA INGREDIENTES NATURAIS 6 ML - Lovme<\/title>\n<meta name=\"robots\" content=\"index, follow, max-snippet:-1, max-image-preview:large, max-video-preview:-1\" \/>\n<link rel=\"canonical\" href=\"https:\/\/lovme.pt\/index.php\/produto\/bioaqua-lubrificante-a-base-de-agua-ingredientes-naturais-6-ml\/\" \/>\n<meta property=\"og:locale\" content=\"pt_PT\" \/>\n<meta property=\"og:type\" content=\"article\" \/>\n<meta property=\"og:title\" content=\"BIOAQUA - LUBRIFICANTE \u00c0 BASE DE \u00c1GUA INGREDIENTES NATURAIS 6 ML - Lovme\" \/>\n<meta property=\"og:description\" content=\"EMBALAGEM DISPON\u00cdVEL EM: \/es\/en\/fr\/de\/pt\/it\/ro\/el\/ru\/hu\/\" \/>\n<meta property=\"og:url\" content=\"https:\/\/lovme.pt\/index.php\/produto\/bioaqua-lubrificante-a-base-de-agua-ingredientes-naturais-6-ml\/\" \/>\n<meta property=\"og:site_name\" content=\"Lovme\" \/>\n<meta property=\"article:modified_time\" content=\"2026-02-19T20:22:32+00:00\" \/>\n<meta property=\"og:image\" content=\"https:\/\/erki24nd3ub.exactdn.com\/wp-content\/uploads\/dream\/img\/img_143402_b4043bb60340709d511b31b5b12d82de_1.png?strip=all\" \/>\n\t<meta property=\"og:image:width\" content=\"800\" \/>\n\t<meta property=\"og:image:height\" content=\"800\" \/>\n\t<meta property=\"og:image:type\" content=\"image\/png\" \/>\n<meta name=\"twitter:card\" content=\"summary_large_image\" \/>\n<meta name=\"twitter:label1\" content=\"Tempo estimado de leitura\" \/>\n\t<meta name=\"twitter:data1\" content=\"2 minutos\" \/>\n<script type=\"application\/ld+json\" class=\"yoast-schema-graph\">{\"@context\":\"https:\\\/\\\/schema.org\",\"@graph\":[{\"@type\":\"WebPage\",\"@id\":\"https:\\\/\\\/lovme.pt\\\/index.php\\\/produto\\\/bioaqua-lubrificante-a-base-de-agua-ingredientes-naturais-6-ml\\\/\",\"url\":\"https:\\\/\\\/lovme.pt\\\/index.php\\\/produto\\\/bioaqua-lubrificante-a-base-de-agua-ingredientes-naturais-6-ml\\\/\",\"name\":\"BIOAQUA - LUBRIFICANTE \u00c0 BASE DE \u00c1GUA INGREDIENTES NATURAIS 6 ML - Lovme\",\"isPartOf\":{\"@id\":\"https:\\\/\\\/lovme.pt\\\/#website\"},\"primaryImageOfPage\":{\"@id\":\"https:\\\/\\\/lovme.pt\\\/index.php\\\/produto\\\/bioaqua-lubrificante-a-base-de-agua-ingredientes-naturais-6-ml\\\/#primaryimage\"},\"image\":{\"@id\":\"https:\\\/\\\/lovme.pt\\\/index.php\\\/produto\\\/bioaqua-lubrificante-a-base-de-agua-ingredientes-naturais-6-ml\\\/#primaryimage\"},\"thumbnailUrl\":\"https:\\\/\\\/erki24nd3ub.exactdn.com\\\/wp-content\\\/uploads\\\/dream\\\/img\\\/img_143402_b4043bb60340709d511b31b5b12d82de_1.png?strip=all\",\"datePublished\":\"2025-10-01T03:10:34+00:00\",\"dateModified\":\"2026-02-19T20:22:32+00:00\",\"breadcrumb\":{\"@id\":\"https:\\\/\\\/lovme.pt\\\/index.php\\\/produto\\\/bioaqua-lubrificante-a-base-de-agua-ingredientes-naturais-6-ml\\\/#breadcrumb\"},\"inLanguage\":\"pt-PT\",\"potentialAction\":[{\"@type\":\"ReadAction\",\"target\":[\"https:\\\/\\\/lovme.pt\\\/index.php\\\/produto\\\/bioaqua-lubrificante-a-base-de-agua-ingredientes-naturais-6-ml\\\/\"]}]},{\"@type\":\"ImageObject\",\"inLanguage\":\"pt-PT\",\"@id\":\"https:\\\/\\\/lovme.pt\\\/index.php\\\/produto\\\/bioaqua-lubrificante-a-base-de-agua-ingredientes-naturais-6-ml\\\/#primaryimage\",\"url\":\"https:\\\/\\\/erki24nd3ub.exactdn.com\\\/wp-content\\\/uploads\\\/dream\\\/img\\\/img_143402_b4043bb60340709d511b31b5b12d82de_1.png?strip=all\",\"contentUrl\":\"https:\\\/\\\/erki24nd3ub.exactdn.com\\\/wp-content\\\/uploads\\\/dream\\\/img\\\/img_143402_b4043bb60340709d511b31b5b12d82de_1.png?strip=all\",\"width\":800,\"height\":800},{\"@type\":\"BreadcrumbList\",\"@id\":\"https:\\\/\\\/lovme.pt\\\/index.php\\\/produto\\\/bioaqua-lubrificante-a-base-de-agua-ingredientes-naturais-6-ml\\\/#breadcrumb\",\"itemListElement\":[{\"@type\":\"ListItem\",\"position\":1,\"name\":\"In\u00edcio\",\"item\":\"https:\\\/\\\/lovme.pt\\\/\"},{\"@type\":\"ListItem\",\"position\":2,\"name\":\"Loja\",\"item\":\"https:\\\/\\\/lovme.pt\\\/index.php\\\/loja\\\/\"},{\"@type\":\"ListItem\",\"position\":3,\"name\":\"BIOAQUA &#8211; LUBRIFICANTE \u00c0 BASE DE \u00c1GUA INGREDIENTES NATURAIS 6 ML\"}]},{\"@type\":\"WebSite\",\"@id\":\"https:\\\/\\\/lovme.pt\\\/#website\",\"url\":\"https:\\\/\\\/lovme.pt\\\/\",\"name\":\"Lovme Loja Er\u00f3tica N\u00ba1 em Portugal\",\"description\":\"A melhor loja er\u00f3tica de Portugal.\",\"alternateName\":\"Loja Er\u00f3tica Lovme\",\"potentialAction\":[{\"@type\":\"SearchAction\",\"target\":{\"@type\":\"EntryPoint\",\"urlTemplate\":\"https:\\\/\\\/lovme.pt\\\/?s={search_term_string}\"},\"query-input\":{\"@type\":\"PropertyValueSpecification\",\"valueRequired\":true,\"valueName\":\"search_term_string\"}}],\"inLanguage\":\"pt-PT\"}]}<\/script>\n<!-- \/ Yoast SEO plugin. -->","yoast_head_json":{"title":"BIOAQUA - LUBRIFICANTE \u00c0 BASE DE \u00c1GUA INGREDIENTES NATURAIS 6 ML - Lovme","robots":{"index":"index","follow":"follow","max-snippet":"max-snippet:-1","max-image-preview":"max-image-preview:large","max-video-preview":"max-video-preview:-1"},"canonical":"https:\/\/lovme.pt\/index.php\/produto\/bioaqua-lubrificante-a-base-de-agua-ingredientes-naturais-6-ml\/","og_locale":"pt_PT","og_type":"article","og_title":"BIOAQUA - LUBRIFICANTE \u00c0 BASE DE \u00c1GUA INGREDIENTES NATURAIS 6 ML - Lovme","og_description":"EMBALAGEM DISPON\u00cdVEL EM: \/es\/en\/fr\/de\/pt\/it\/ro\/el\/ru\/hu\/","og_url":"https:\/\/lovme.pt\/index.php\/produto\/bioaqua-lubrificante-a-base-de-agua-ingredientes-naturais-6-ml\/","og_site_name":"Lovme","article_modified_time":"2026-02-19T20:22:32+00:00","og_image":[{"width":800,"height":800,"url":"https:\/\/erki24nd3ub.exactdn.com\/wp-content\/uploads\/dream\/img\/img_143402_b4043bb60340709d511b31b5b12d82de_1.png?strip=all","type":"image\/png"}],"twitter_card":"summary_large_image","twitter_misc":{"Tempo estimado de leitura":"2 minutos"},"schema":{"@context":"https:\/\/schema.org","@graph":[{"@type":"WebPage","@id":"https:\/\/lovme.pt\/index.php\/produto\/bioaqua-lubrificante-a-base-de-agua-ingredientes-naturais-6-ml\/","url":"https:\/\/lovme.pt\/index.php\/produto\/bioaqua-lubrificante-a-base-de-agua-ingredientes-naturais-6-ml\/","name":"BIOAQUA - LUBRIFICANTE \u00c0 BASE DE \u00c1GUA INGREDIENTES NATURAIS 6 ML - Lovme","isPartOf":{"@id":"https:\/\/lovme.pt\/#website"},"primaryImageOfPage":{"@id":"https:\/\/lovme.pt\/index.php\/produto\/bioaqua-lubrificante-a-base-de-agua-ingredientes-naturais-6-ml\/#primaryimage"},"image":{"@id":"https:\/\/lovme.pt\/index.php\/produto\/bioaqua-lubrificante-a-base-de-agua-ingredientes-naturais-6-ml\/#primaryimage"},"thumbnailUrl":"https:\/\/erki24nd3ub.exactdn.com\/wp-content\/uploads\/dream\/img\/img_143402_b4043bb60340709d511b31b5b12d82de_1.png?strip=all","datePublished":"2025-10-01T03:10:34+00:00","dateModified":"2026-02-19T20:22:32+00:00","breadcrumb":{"@id":"https:\/\/lovme.pt\/index.php\/produto\/bioaqua-lubrificante-a-base-de-agua-ingredientes-naturais-6-ml\/#breadcrumb"},"inLanguage":"pt-PT","potentialAction":[{"@type":"ReadAction","target":["https:\/\/lovme.pt\/index.php\/produto\/bioaqua-lubrificante-a-base-de-agua-ingredientes-naturais-6-ml\/"]}]},{"@type":"ImageObject","inLanguage":"pt-PT","@id":"https:\/\/lovme.pt\/index.php\/produto\/bioaqua-lubrificante-a-base-de-agua-ingredientes-naturais-6-ml\/#primaryimage","url":"https:\/\/erki24nd3ub.exactdn.com\/wp-content\/uploads\/dream\/img\/img_143402_b4043bb60340709d511b31b5b12d82de_1.png?strip=all","contentUrl":"https:\/\/erki24nd3ub.exactdn.com\/wp-content\/uploads\/dream\/img\/img_143402_b4043bb60340709d511b31b5b12d82de_1.png?strip=all","width":800,"height":800},{"@type":"BreadcrumbList","@id":"https:\/\/lovme.pt\/index.php\/produto\/bioaqua-lubrificante-a-base-de-agua-ingredientes-naturais-6-ml\/#breadcrumb","itemListElement":[{"@type":"ListItem","position":1,"name":"In\u00edcio","item":"https:\/\/lovme.pt\/"},{"@type":"ListItem","position":2,"name":"Loja","item":"https:\/\/lovme.pt\/index.php\/loja\/"},{"@type":"ListItem","position":3,"name":"BIOAQUA &#8211; LUBRIFICANTE \u00c0 BASE DE \u00c1GUA INGREDIENTES NATURAIS 6 ML"}]},{"@type":"WebSite","@id":"https:\/\/lovme.pt\/#website","url":"https:\/\/lovme.pt\/","name":"Lovme Loja Er\u00f3tica N\u00ba1 em Portugal","description":"A melhor loja er\u00f3tica de Portugal.","alternateName":"Loja Er\u00f3tica Lovme","potentialAction":[{"@type":"SearchAction","target":{"@type":"EntryPoint","urlTemplate":"https:\/\/lovme.pt\/?s={search_term_string}"},"query-input":{"@type":"PropertyValueSpecification","valueRequired":true,"valueName":"search_term_string"}}],"inLanguage":"pt-PT"}]}},"_links":{"self":[{"href":"https:\/\/lovme.pt\/index.php\/wp-json\/wp\/v2\/product\/43353","targetHints":{"allow":["GET"]}}],"collection":[{"href":"https:\/\/lovme.pt\/index.php\/wp-json\/wp\/v2\/product"}],"about":[{"href":"https:\/\/lovme.pt\/index.php\/wp-json\/wp\/v2\/types\/product"}],"wp:featuredmedia":[{"embeddable":true,"href":"https:\/\/lovme.pt\/index.php\/wp-json\/wp\/v2\/media\/101950"}],"wp:attachment":[{"href":"https:\/\/lovme.pt\/index.php\/wp-json\/wp\/v2\/media?parent=43353"}],"wp:term":[{"taxonomy":"product_brand","embeddable":true,"href":"https:\/\/lovme.pt\/index.php\/wp-json\/wp\/v2\/product_brand?post=43353"},{"taxonomy":"product_cat","embeddable":true,"href":"https:\/\/lovme.pt\/index.php\/wp-json\/wp\/v2\/product_cat?post=43353"},{"taxonomy":"product_tag","embeddable":true,"href":"https:\/\/lovme.pt\/index.php\/wp-json\/wp\/v2\/product_tag?post=43353"}],"curies":[{"name":"wp","href":"https:\/\/api.w.org\/{rel}","templated":true}]}}