{"id":43306,"date":"2026-01-19T16:11:04","date_gmt":"2026-01-19T16:11:04","guid":{"rendered":"https:\/\/lovme.pt\/?post_type=product&p=43306"},"modified":"2026-02-19T20:14:16","modified_gmt":"2026-02-19T20:14:16","slug":"blacksilver-plug-de-pocos-silicone-anal-rotator-controle-remoto","status":"publish","type":"product","link":"https:\/\/lovme.pt\/index.php\/produto\/blacksilver-plug-de-pocos-silicone-anal-rotator-controle-remoto\/","title":{"rendered":"BLACKSILVER &#8211; PLUG DE PO\u00c7OS SILICONE ANAL ROTATOR CONTROLE REMOTO"},"content":{"rendered":"<p><strong>O Rotador Welss BlackSilver<\/strong> estimula o ponto P atrav\u00e9s de controle remoto com suas esferas internas e vibra\u00e7\u00e3o. A ampla base garante seguran\u00e7a em todos os momentos. O corpo estreito e c\u00f4nico \u00e9 feito de silicone macio e adequado ao corpo<\/p>\n<p>Por que BlackSilver Welss oferece 6 motivos exclusivos que far\u00e3o voc\u00ea procurar essas bolas anais com toque sedoso e vibra\u00e7\u00e3o?<\/p>\n<ul>\n<li><strong>Silicone amigo do corpo<\/strong><\/li>\n<li><strong>Programas de rota\u00e7\u00e3o intensiva<\/strong><\/li>\n<li><strong>unissex<\/strong><\/li>\n<li><strong>\u00c0 prova d\u00e1gua (IPX6)<\/strong><\/li>\n<li><strong>Tamb\u00e9m pode ser usado sem a necessidade do controle remoto<\/strong><\/li>\n<li><strong>Variedade infinita de programas atrav\u00e9s de controle remoto.<\/strong><\/li>\n<li><strong>modo sussurro<\/strong><\/li>\n<li><strong>Bateria de \u00edon de l\u00edtio<\/strong><\/li>\n<li><strong>Cabo de carregamento USB magn\u00e9tico inclu\u00eddo<\/strong><\/li>\n<li><strong>F\u00e1cil de limpar<\/strong><\/li>\n<li><strong>IPX6<\/strong><\/li>\n<li><strong>3 anos de garantia<\/strong><\/li>\n<\/ul>\n<p><strong>DESCUBRA o Welss Preto e Prata<\/strong><\/p>\n<ul>\n<li>Estimula\u00e7\u00e3o anal dupla com o controle remoto Rotator BlackSilver Welss<\/li>\n<li>Um vibrador anal com verdadeiro talento para lhe dar prazer Dupla excita\u00e7\u00e3o com diferentes est\u00edmulos de dois potentes motores. Um plug volumoso que massageia a pr\u00f3stata com suas vibra\u00e7\u00f5es. Al\u00e9m disso, as correntes rotativas de p\u00e9rolas estimulam adicionalmente o \u00e2nus. Os 10 programas de vibra\u00e7\u00e3o diferentes podem ser operados intuitivamente com um bot\u00e3o de um toque.<\/li>\n<\/ul>\n<p><strong>Um dispositivo de silicone sensual<\/strong><\/p>\n<p>O plugue \u00e9 facilmente inserido gra\u00e7as ao formato fino e c\u00f4nico da ponta e sua base larga proporciona uma fixa\u00e7\u00e3o firme. Use um lubrificante \u00e0 base de \u00e1gua para aproveitar ao m\u00e1ximo este vibrador anal unissex. Com o lubrificante, a inser\u00e7\u00e3o do aparelho de silicone macio fica ainda mais confort\u00e1vel. Os lubrificantes da ampla gama de produtos Waterfeel\u2122 s\u00e3o o complemento ideal para brincadeiras sensuais. Um plug vibrat\u00f3rio unissex que proporciona prazer sem<\/p>\n<p>Utilize na banheira ou no chuveiro, seu acabamento imperme\u00e1vel com prote\u00e7\u00e3o (IPX6) \u00e9 perfeito para isso. Controle o Rotator BlackSilver\u2122 Welss\u2122 com o controle remoto. Conecte seu plugue ao Spotify para se divertir ao ritmo de sua m\u00fasica favorita ou crie seus pr\u00f3prios padr\u00f5es de vibra\u00e7\u00e3o para personalizar sua experi\u00eancia. Ofere\u00e7a o controle do vibrador ao seu parceiro para se perder em um momento de tes\u00e3o.<\/p>\n<p><strong>LIMPEZA<\/strong><\/p>\n<ul>\n<li>Limpe bem o brinquedo antes e depois de cada uso com \u00e1gua morna e sab\u00e3o neutro.<\/li>\n<\/ul>\n<p><strong>ARMAZENAR<\/strong><\/p>\n<ul>\n<li>Guarde o seu brinquedo BlackSilver\u2122 Welss\u2122 num local sem p\u00f3 e mantenha-o afastado de brinquedos feitos de outros materiais. Evite deix\u00e1-lo exposto \u00e0 luz solar direta e NUNCA exponha-o a calor extremo.<\/li>\n<\/ul>\n<p><strong>DICAS DE USO<\/strong><\/p>\n<ul>\n<li>BlackSilver\u2122 Welss\u2122 recomenda o uso de lubrificantes \u00e0 base de \u00e1gua, como Waterfeel\u2122, Aqua\u2122, Bioaqua\u2122, Aquatravel\u2122 ou Coquette\u2122 para uma inser\u00e7\u00e3o f\u00e1cil e suave de todos os produtos de silicone. N\u00e3o utilize lubrificantes, \u00f3leos ou cremes de silicone com qualquer produto de silicone, pois podem degradar o material do produto e limitar o seu desempenho e vida \u00fatil.<\/li>\n<\/ul>\n<p><strong>3 ANOS DE GARANTIA<\/strong><\/p>\n<ul>\n<li>Esta garantia se aplica a todos os produtos BlackSilver\u2122 Welss\u2122 adquiridos, a partir da data da compra original do referido produto. Esta garantia n\u00e3o cobre danos causados por uso indevido ou diferente do pretendido e descrito no manual de instru\u00e7\u00f5es do produto, desgaste normal, altera\u00e7\u00e3o, uso n\u00e3o razo\u00e1vel, servi\u00e7o por ag\u00eancias de servi\u00e7o n\u00e3o autorizadas ou perda ou dano a baterias ou baterias. remov\u00edvel.<\/li>\n<\/ul>\n<p><span style=\"color: rgb(57, 57, 57);\">**Observa\u00e7\u00e3o; Este produto est\u00e1 proibido de ser vendido em qualquer canal de com\u00e9rcio eletr\u00f4nico. A venda \u00e9 autorizada para pontos f\u00edsicos.<\/span><\/p>\n","protected":false},"excerpt":{"rendered":"<p>BLACKSILVER &#8211; PLUG DE PO\u00c7OS SILICONE ANAL ROTATOR CONTROLE REMOTO<\/p>\n","protected":false},"featured_media":106290,"template":"","meta":{"_acf_changed":false},"product_brand":[],"product_cat":[48,17,63,76],"product_tag":[],"class_list":{"0":"post-43306","1":"product","2":"type-product","3":"status-publish","4":"has-post-thumbnail","6":"product_cat-bdsm","7":"product_cat-brinquedos-de-bem-estar-sexual","8":"product_cat-sexo-anal","9":"product_cat-vibradores","10":"yith_product_brand-blacksilver","12":"first","13":"instock","14":"taxable","15":"shipping-taxable","16":"purchasable","17":"product-type-simple"},"acf":[],"yoast_head":"<!-- This site is optimized with the Yoast SEO plugin v27.4 - https:\/\/yoast.com\/product\/yoast-seo-wordpress\/ -->\n<title>BLACKSILVER - PLUG DE PO\u00c7OS SILICONE ANAL ROTATOR CONTROLE REMOTO - Lovme<\/title>\n<meta name=\"robots\" content=\"index, follow, max-snippet:-1, max-image-preview:large, max-video-preview:-1\" \/>\n<link rel=\"canonical\" href=\"https:\/\/lovme.pt\/index.php\/produto\/blacksilver-plug-de-pocos-silicone-anal-rotator-controle-remoto\/\" \/>\n<meta property=\"og:locale\" content=\"pt_PT\" \/>\n<meta property=\"og:type\" content=\"article\" \/>\n<meta property=\"og:title\" content=\"BLACKSILVER - PLUG DE PO\u00c7OS SILICONE ANAL ROTATOR CONTROLE REMOTO - Lovme\" \/>\n<meta property=\"og:description\" content=\"BLACKSILVER - PLUG DE PO\u00c7OS SILICONE ANAL ROTATOR CONTROLE REMOTO\" \/>\n<meta property=\"og:url\" content=\"https:\/\/lovme.pt\/index.php\/produto\/blacksilver-plug-de-pocos-silicone-anal-rotator-controle-remoto\/\" \/>\n<meta property=\"og:site_name\" content=\"Lovme\" \/>\n<meta property=\"article:modified_time\" content=\"2026-02-19T20:14:16+00:00\" \/>\n<meta property=\"og:image\" content=\"https:\/\/erki24nd3ub.exactdn.com\/wp-content\/uploads\/dream\/img\/img_143326_644cf6327185a5c74ef020808bcbb669_1.png?strip=all\" \/>\n\t<meta property=\"og:image:width\" content=\"800\" \/>\n\t<meta property=\"og:image:height\" content=\"800\" \/>\n\t<meta property=\"og:image:type\" content=\"image\/png\" \/>\n<meta name=\"twitter:card\" content=\"summary_large_image\" \/>\n<meta name=\"twitter:label1\" content=\"Tempo estimado de leitura\" \/>\n\t<meta name=\"twitter:data1\" content=\"3 minutos\" \/>\n<script type=\"application\/ld+json\" class=\"yoast-schema-graph\">{\"@context\":\"https:\\\/\\\/schema.org\",\"@graph\":[{\"@type\":\"WebPage\",\"@id\":\"https:\\\/\\\/lovme.pt\\\/index.php\\\/produto\\\/blacksilver-plug-de-pocos-silicone-anal-rotator-controle-remoto\\\/\",\"url\":\"https:\\\/\\\/lovme.pt\\\/index.php\\\/produto\\\/blacksilver-plug-de-pocos-silicone-anal-rotator-controle-remoto\\\/\",\"name\":\"BLACKSILVER - PLUG DE PO\u00c7OS SILICONE ANAL ROTATOR CONTROLE REMOTO - Lovme\",\"isPartOf\":{\"@id\":\"https:\\\/\\\/lovme.pt\\\/#website\"},\"primaryImageOfPage\":{\"@id\":\"https:\\\/\\\/lovme.pt\\\/index.php\\\/produto\\\/blacksilver-plug-de-pocos-silicone-anal-rotator-controle-remoto\\\/#primaryimage\"},\"image\":{\"@id\":\"https:\\\/\\\/lovme.pt\\\/index.php\\\/produto\\\/blacksilver-plug-de-pocos-silicone-anal-rotator-controle-remoto\\\/#primaryimage\"},\"thumbnailUrl\":\"https:\\\/\\\/erki24nd3ub.exactdn.com\\\/wp-content\\\/uploads\\\/dream\\\/img\\\/img_143326_644cf6327185a5c74ef020808bcbb669_1.png?strip=all\",\"datePublished\":\"2026-01-19T16:11:04+00:00\",\"dateModified\":\"2026-02-19T20:14:16+00:00\",\"breadcrumb\":{\"@id\":\"https:\\\/\\\/lovme.pt\\\/index.php\\\/produto\\\/blacksilver-plug-de-pocos-silicone-anal-rotator-controle-remoto\\\/#breadcrumb\"},\"inLanguage\":\"pt-PT\",\"potentialAction\":[{\"@type\":\"ReadAction\",\"target\":[\"https:\\\/\\\/lovme.pt\\\/index.php\\\/produto\\\/blacksilver-plug-de-pocos-silicone-anal-rotator-controle-remoto\\\/\"]}]},{\"@type\":\"ImageObject\",\"inLanguage\":\"pt-PT\",\"@id\":\"https:\\\/\\\/lovme.pt\\\/index.php\\\/produto\\\/blacksilver-plug-de-pocos-silicone-anal-rotator-controle-remoto\\\/#primaryimage\",\"url\":\"https:\\\/\\\/erki24nd3ub.exactdn.com\\\/wp-content\\\/uploads\\\/dream\\\/img\\\/img_143326_644cf6327185a5c74ef020808bcbb669_1.png?strip=all\",\"contentUrl\":\"https:\\\/\\\/erki24nd3ub.exactdn.com\\\/wp-content\\\/uploads\\\/dream\\\/img\\\/img_143326_644cf6327185a5c74ef020808bcbb669_1.png?strip=all\",\"width\":800,\"height\":800},{\"@type\":\"BreadcrumbList\",\"@id\":\"https:\\\/\\\/lovme.pt\\\/index.php\\\/produto\\\/blacksilver-plug-de-pocos-silicone-anal-rotator-controle-remoto\\\/#breadcrumb\",\"itemListElement\":[{\"@type\":\"ListItem\",\"position\":1,\"name\":\"In\u00edcio\",\"item\":\"https:\\\/\\\/lovme.pt\\\/\"},{\"@type\":\"ListItem\",\"position\":2,\"name\":\"Loja\",\"item\":\"https:\\\/\\\/lovme.pt\\\/index.php\\\/loja\\\/\"},{\"@type\":\"ListItem\",\"position\":3,\"name\":\"BLACKSILVER &#8211; PLUG DE PO\u00c7OS SILICONE ANAL ROTATOR CONTROLE REMOTO\"}]},{\"@type\":\"WebSite\",\"@id\":\"https:\\\/\\\/lovme.pt\\\/#website\",\"url\":\"https:\\\/\\\/lovme.pt\\\/\",\"name\":\"Lovme Loja Er\u00f3tica N\u00ba1 em Portugal\",\"description\":\"A melhor loja er\u00f3tica de Portugal.\",\"alternateName\":\"Loja Er\u00f3tica Lovme\",\"potentialAction\":[{\"@type\":\"SearchAction\",\"target\":{\"@type\":\"EntryPoint\",\"urlTemplate\":\"https:\\\/\\\/lovme.pt\\\/?s={search_term_string}\"},\"query-input\":{\"@type\":\"PropertyValueSpecification\",\"valueRequired\":true,\"valueName\":\"search_term_string\"}}],\"inLanguage\":\"pt-PT\"}]}<\/script>\n<!-- \/ Yoast SEO plugin. -->","yoast_head_json":{"title":"BLACKSILVER - PLUG DE PO\u00c7OS SILICONE ANAL ROTATOR CONTROLE REMOTO - Lovme","robots":{"index":"index","follow":"follow","max-snippet":"max-snippet:-1","max-image-preview":"max-image-preview:large","max-video-preview":"max-video-preview:-1"},"canonical":"https:\/\/lovme.pt\/index.php\/produto\/blacksilver-plug-de-pocos-silicone-anal-rotator-controle-remoto\/","og_locale":"pt_PT","og_type":"article","og_title":"BLACKSILVER - PLUG DE PO\u00c7OS SILICONE ANAL ROTATOR CONTROLE REMOTO - Lovme","og_description":"BLACKSILVER - PLUG DE PO\u00c7OS SILICONE ANAL ROTATOR CONTROLE REMOTO","og_url":"https:\/\/lovme.pt\/index.php\/produto\/blacksilver-plug-de-pocos-silicone-anal-rotator-controle-remoto\/","og_site_name":"Lovme","article_modified_time":"2026-02-19T20:14:16+00:00","og_image":[{"width":800,"height":800,"url":"https:\/\/erki24nd3ub.exactdn.com\/wp-content\/uploads\/dream\/img\/img_143326_644cf6327185a5c74ef020808bcbb669_1.png?strip=all","type":"image\/png"}],"twitter_card":"summary_large_image","twitter_misc":{"Tempo estimado de leitura":"3 minutos"},"schema":{"@context":"https:\/\/schema.org","@graph":[{"@type":"WebPage","@id":"https:\/\/lovme.pt\/index.php\/produto\/blacksilver-plug-de-pocos-silicone-anal-rotator-controle-remoto\/","url":"https:\/\/lovme.pt\/index.php\/produto\/blacksilver-plug-de-pocos-silicone-anal-rotator-controle-remoto\/","name":"BLACKSILVER - PLUG DE PO\u00c7OS SILICONE ANAL ROTATOR CONTROLE REMOTO - Lovme","isPartOf":{"@id":"https:\/\/lovme.pt\/#website"},"primaryImageOfPage":{"@id":"https:\/\/lovme.pt\/index.php\/produto\/blacksilver-plug-de-pocos-silicone-anal-rotator-controle-remoto\/#primaryimage"},"image":{"@id":"https:\/\/lovme.pt\/index.php\/produto\/blacksilver-plug-de-pocos-silicone-anal-rotator-controle-remoto\/#primaryimage"},"thumbnailUrl":"https:\/\/erki24nd3ub.exactdn.com\/wp-content\/uploads\/dream\/img\/img_143326_644cf6327185a5c74ef020808bcbb669_1.png?strip=all","datePublished":"2026-01-19T16:11:04+00:00","dateModified":"2026-02-19T20:14:16+00:00","breadcrumb":{"@id":"https:\/\/lovme.pt\/index.php\/produto\/blacksilver-plug-de-pocos-silicone-anal-rotator-controle-remoto\/#breadcrumb"},"inLanguage":"pt-PT","potentialAction":[{"@type":"ReadAction","target":["https:\/\/lovme.pt\/index.php\/produto\/blacksilver-plug-de-pocos-silicone-anal-rotator-controle-remoto\/"]}]},{"@type":"ImageObject","inLanguage":"pt-PT","@id":"https:\/\/lovme.pt\/index.php\/produto\/blacksilver-plug-de-pocos-silicone-anal-rotator-controle-remoto\/#primaryimage","url":"https:\/\/erki24nd3ub.exactdn.com\/wp-content\/uploads\/dream\/img\/img_143326_644cf6327185a5c74ef020808bcbb669_1.png?strip=all","contentUrl":"https:\/\/erki24nd3ub.exactdn.com\/wp-content\/uploads\/dream\/img\/img_143326_644cf6327185a5c74ef020808bcbb669_1.png?strip=all","width":800,"height":800},{"@type":"BreadcrumbList","@id":"https:\/\/lovme.pt\/index.php\/produto\/blacksilver-plug-de-pocos-silicone-anal-rotator-controle-remoto\/#breadcrumb","itemListElement":[{"@type":"ListItem","position":1,"name":"In\u00edcio","item":"https:\/\/lovme.pt\/"},{"@type":"ListItem","position":2,"name":"Loja","item":"https:\/\/lovme.pt\/index.php\/loja\/"},{"@type":"ListItem","position":3,"name":"BLACKSILVER &#8211; PLUG DE PO\u00c7OS SILICONE ANAL ROTATOR CONTROLE REMOTO"}]},{"@type":"WebSite","@id":"https:\/\/lovme.pt\/#website","url":"https:\/\/lovme.pt\/","name":"Lovme Loja Er\u00f3tica N\u00ba1 em Portugal","description":"A melhor loja er\u00f3tica de Portugal.","alternateName":"Loja Er\u00f3tica Lovme","potentialAction":[{"@type":"SearchAction","target":{"@type":"EntryPoint","urlTemplate":"https:\/\/lovme.pt\/?s={search_term_string}"},"query-input":{"@type":"PropertyValueSpecification","valueRequired":true,"valueName":"search_term_string"}}],"inLanguage":"pt-PT"}]}},"_links":{"self":[{"href":"https:\/\/lovme.pt\/index.php\/wp-json\/wp\/v2\/product\/43306","targetHints":{"allow":["GET"]}}],"collection":[{"href":"https:\/\/lovme.pt\/index.php\/wp-json\/wp\/v2\/product"}],"about":[{"href":"https:\/\/lovme.pt\/index.php\/wp-json\/wp\/v2\/types\/product"}],"wp:featuredmedia":[{"embeddable":true,"href":"https:\/\/lovme.pt\/index.php\/wp-json\/wp\/v2\/media\/106290"}],"wp:attachment":[{"href":"https:\/\/lovme.pt\/index.php\/wp-json\/wp\/v2\/media?parent=43306"}],"wp:term":[{"taxonomy":"product_brand","embeddable":true,"href":"https:\/\/lovme.pt\/index.php\/wp-json\/wp\/v2\/product_brand?post=43306"},{"taxonomy":"product_cat","embeddable":true,"href":"https:\/\/lovme.pt\/index.php\/wp-json\/wp\/v2\/product_cat?post=43306"},{"taxonomy":"product_tag","embeddable":true,"href":"https:\/\/lovme.pt\/index.php\/wp-json\/wp\/v2\/product_tag?post=43306"}],"curies":[{"name":"wp","href":"https:\/\/api.w.org\/{rel}","templated":true}]}}