{"id":43305,"date":"2026-01-19T16:10:56","date_gmt":"2026-01-19T16:10:56","guid":{"rendered":"https:\/\/lovme.pt\/?post_type=product&p=43305"},"modified":"2026-02-19T20:14:15","modified_gmt":"2026-02-19T20:14:15","slug":"blacksilver-controle-remoto-de-plug-anal-de-silicone-tucker-pequeno","status":"publish","type":"product","link":"https:\/\/lovme.pt\/index.php\/produto\/blacksilver-controle-remoto-de-plug-anal-de-silicone-tucker-pequeno\/","title":{"rendered":"BLACKSILVER &#8211; CONTROLE REMOTO DE PLUG ANAL DE SILICONE TUCKER PEQUENO"},"content":{"rendered":"<p>DESCUBRA O TUCKER BLACKSILVER\u2122<\/p>\n<p>BlackSilver\u2122 Tucker \u00e9 a vers\u00e3o melhorada dos plugues anais com vibra\u00e7\u00e3o de controle remoto; Al\u00e9m disso, sendo um prazer universal, tem um tamanho ideal.<\/p>\n<p>Silencioso e leve, este plug anal \u00e9 compacto com 8cm de comprimento e 3cm de di\u00e2metro, adapta-se perfeitamente ao interior anal, permitindo uma utiliza\u00e7\u00e3o confort\u00e1vel e discreta. O seu design ergon\u00f3mico e flex\u00edvel permite o m\u00e1ximo contacto com o interior anal para lhe oferecer um prazer infinito!<\/p>\n<p>BlackSilver\u2122 Tucker possui um motor potente e dez modos de vibra\u00e7\u00e3o, que voc\u00ea pode alternar com o mesmo produto ou com seu controle remoto exclusivo de forma totalmente discreta.<\/p>\n<ul>\n<li>Sua imagina\u00e7\u00e3o \u00e9 sua \u00fanica limita\u00e7\u00e3o.<\/li>\n<\/ul>\n<p>BlackSilver\u2122 Coloque por baixo da sua lingerie preferida e desfrute de longos e agrad\u00e1veis passeios, encontros picantes e\/ou noites irresist\u00edveis.<\/p>\n<p>Decida se quer brincar sozinho no seu segredo mais profundo ou se quer acender fogos de artif\u00edcio com seu parceiro em uma experi\u00eancia verdadeiramente emocionante. Al\u00e9m do mais,<\/p>\n<p>Independentemente de como voc\u00ea decidir jogar, a satisfa\u00e7\u00e3o est\u00e1 a apenas um clique de dist\u00e2ncia!<\/p>\n<ul>\n<li>Desfrute de orgasmos incr\u00edveis e precisos com BlackSilver\u2122 Tucker<\/li>\n<\/ul>\n<p>COMO US\u00c1-LO?<\/p>\n<p>Como qualquer outro plug anal, o BlackSilver\u2122 Tucker \u00e9 inserido na regi\u00e3o anal ou vaginal, com sua parte oval externa atuando como batente. Possui um motor potente e muito silencioso, permitindo-lhe usufruir do seu potencial sem alertar ningu\u00e9m da sua utiliza\u00e7\u00e3o, a menos que se entregue.<\/p>\n<p>Na parte frontal superior voc\u00ea tem o bot\u00e3o principal que permite gerenciar as vibra\u00e7\u00f5es. Por\u00e9m, o divertido \u00e9 usar seus 10 modos de vibra\u00e7\u00e3o com o controle remoto inclu\u00eddo; Desta forma ser\u00e1 o seu amante quem controlar\u00e1 o vibrador, a intensidade e o seu prazer. Voc\u00ea pode imaginar a emo\u00e7\u00e3o de usar este brinquedo em p\u00fablico, mas por que n\u00e3o experiment\u00e1-lo em primeira m\u00e3o?<\/p>\n<p>Use sempre com lubrificante \u00e0 base de \u00e1gua, nunca com lubrificante \u00e0 base de silicone. Ao lavar o BlackSilver\u2122 Tucker use \u00e1gua e sab\u00e3o neutro.<\/p>\n<p>CARACTER\u00cdSTICAS<\/p>\n<ul>\n<li>Vibrador poderoso com 10 modos de vibra\u00e7\u00e3o.<\/li>\n<li>Controlador de controle remoto.<\/li>\n<li>Categoria submers\u00edvel IPX6<\/li>\n<li>Discreto.<\/li>\n<li>Completamente flex\u00edvel e macio.<\/li>\n<\/ul>\n<p>LIMPEZA<\/p>\n<p>Limpe bem o brinquedo antes e depois de cada uso com \u00e1gua morna e sab\u00e3o neutro.<\/p>\n<p>ARMAZENAR<\/p>\n<p>Guarde o seu brinquedo BlackSilver\u2122 Tucker em um local livre de poeira e mantenha-o longe de brinquedos feitos de outros materiais. Evite deix\u00e1-lo exposto \u00e0 luz solar direta e NUNCA exponha-o a calor extremo.<\/p>\n<p>DICAS DE USO<\/p>\n<p>BlackSilver\u2122 recomenda o uso de lubrificantes \u00e0 base de \u00e1gua para uma inser\u00e7\u00e3o f\u00e1cil e suave de todos os produtos de silicone. N\u00e3o utilize lubrificantes, \u00f3leos ou cremes de silicone com qualquer produto de silicone, pois podem degradar o material do produto e limitar o seu desempenho e vida \u00fatil.<\/p>\n<p><span style=\"color: rgb(57, 57, 57);\">**Observa\u00e7\u00e3o; Este produto est\u00e1 proibido de ser vendido em qualquer canal de com\u00e9rcio eletr\u00f4nico. A venda \u00e9 autorizada para pontos f\u00edsicos.<\/span><\/p>\n","protected":false},"excerpt":{"rendered":"<p>BLACKSILVER &#8211; CONTROLE REMOTO DE PLUG ANAL DE SILICONE TUCKER PEQUENO<\/p>\n","protected":false},"featured_media":106285,"template":"","meta":{"_acf_changed":false},"product_brand":[],"product_cat":[48,17,63,76],"product_tag":[],"class_list":{"0":"post-43305","1":"product","2":"type-product","3":"status-publish","4":"has-post-thumbnail","6":"product_cat-bdsm","7":"product_cat-brinquedos-de-bem-estar-sexual","8":"product_cat-sexo-anal","9":"product_cat-vibradores","10":"yith_product_brand-blacksilver","12":"first","13":"instock","14":"taxable","15":"shipping-taxable","16":"purchasable","17":"product-type-simple"},"acf":[],"yoast_head":"<!-- This site is optimized with the Yoast SEO plugin v27.4 - https:\/\/yoast.com\/product\/yoast-seo-wordpress\/ -->\n<title>BLACKSILVER - CONTROLE REMOTO DE PLUG ANAL DE SILICONE TUCKER PEQUENO - Lovme<\/title>\n<meta name=\"robots\" content=\"index, follow, max-snippet:-1, max-image-preview:large, max-video-preview:-1\" \/>\n<link rel=\"canonical\" href=\"https:\/\/lovme.pt\/index.php\/produto\/blacksilver-controle-remoto-de-plug-anal-de-silicone-tucker-pequeno\/\" \/>\n<meta property=\"og:locale\" content=\"pt_PT\" \/>\n<meta property=\"og:type\" content=\"article\" \/>\n<meta property=\"og:title\" content=\"BLACKSILVER - CONTROLE REMOTO DE PLUG ANAL DE SILICONE TUCKER PEQUENO - Lovme\" \/>\n<meta property=\"og:description\" content=\"BLACKSILVER - CONTROLE REMOTO DE PLUG ANAL DE SILICONE TUCKER PEQUENO\" \/>\n<meta property=\"og:url\" content=\"https:\/\/lovme.pt\/index.php\/produto\/blacksilver-controle-remoto-de-plug-anal-de-silicone-tucker-pequeno\/\" \/>\n<meta property=\"og:site_name\" content=\"Lovme\" \/>\n<meta property=\"article:modified_time\" content=\"2026-02-19T20:14:15+00:00\" \/>\n<meta property=\"og:image\" content=\"https:\/\/erki24nd3ub.exactdn.com\/wp-content\/uploads\/dream\/img\/img_143323_a4d96a07822369f133fd24aa4629cd12_1.png?strip=all\" \/>\n\t<meta property=\"og:image:width\" content=\"800\" \/>\n\t<meta property=\"og:image:height\" content=\"800\" \/>\n\t<meta property=\"og:image:type\" content=\"image\/png\" \/>\n<meta name=\"twitter:card\" content=\"summary_large_image\" \/>\n<meta name=\"twitter:label1\" content=\"Tempo estimado de leitura\" \/>\n\t<meta name=\"twitter:data1\" content=\"2 minutos\" \/>\n<script type=\"application\/ld+json\" class=\"yoast-schema-graph\">{\"@context\":\"https:\\\/\\\/schema.org\",\"@graph\":[{\"@type\":\"WebPage\",\"@id\":\"https:\\\/\\\/lovme.pt\\\/index.php\\\/produto\\\/blacksilver-controle-remoto-de-plug-anal-de-silicone-tucker-pequeno\\\/\",\"url\":\"https:\\\/\\\/lovme.pt\\\/index.php\\\/produto\\\/blacksilver-controle-remoto-de-plug-anal-de-silicone-tucker-pequeno\\\/\",\"name\":\"BLACKSILVER - CONTROLE REMOTO DE PLUG ANAL DE SILICONE TUCKER PEQUENO - Lovme\",\"isPartOf\":{\"@id\":\"https:\\\/\\\/lovme.pt\\\/#website\"},\"primaryImageOfPage\":{\"@id\":\"https:\\\/\\\/lovme.pt\\\/index.php\\\/produto\\\/blacksilver-controle-remoto-de-plug-anal-de-silicone-tucker-pequeno\\\/#primaryimage\"},\"image\":{\"@id\":\"https:\\\/\\\/lovme.pt\\\/index.php\\\/produto\\\/blacksilver-controle-remoto-de-plug-anal-de-silicone-tucker-pequeno\\\/#primaryimage\"},\"thumbnailUrl\":\"https:\\\/\\\/erki24nd3ub.exactdn.com\\\/wp-content\\\/uploads\\\/dream\\\/img\\\/img_143323_a4d96a07822369f133fd24aa4629cd12_1.png?strip=all\",\"datePublished\":\"2026-01-19T16:10:56+00:00\",\"dateModified\":\"2026-02-19T20:14:15+00:00\",\"breadcrumb\":{\"@id\":\"https:\\\/\\\/lovme.pt\\\/index.php\\\/produto\\\/blacksilver-controle-remoto-de-plug-anal-de-silicone-tucker-pequeno\\\/#breadcrumb\"},\"inLanguage\":\"pt-PT\",\"potentialAction\":[{\"@type\":\"ReadAction\",\"target\":[\"https:\\\/\\\/lovme.pt\\\/index.php\\\/produto\\\/blacksilver-controle-remoto-de-plug-anal-de-silicone-tucker-pequeno\\\/\"]}]},{\"@type\":\"ImageObject\",\"inLanguage\":\"pt-PT\",\"@id\":\"https:\\\/\\\/lovme.pt\\\/index.php\\\/produto\\\/blacksilver-controle-remoto-de-plug-anal-de-silicone-tucker-pequeno\\\/#primaryimage\",\"url\":\"https:\\\/\\\/erki24nd3ub.exactdn.com\\\/wp-content\\\/uploads\\\/dream\\\/img\\\/img_143323_a4d96a07822369f133fd24aa4629cd12_1.png?strip=all\",\"contentUrl\":\"https:\\\/\\\/erki24nd3ub.exactdn.com\\\/wp-content\\\/uploads\\\/dream\\\/img\\\/img_143323_a4d96a07822369f133fd24aa4629cd12_1.png?strip=all\",\"width\":800,\"height\":800},{\"@type\":\"BreadcrumbList\",\"@id\":\"https:\\\/\\\/lovme.pt\\\/index.php\\\/produto\\\/blacksilver-controle-remoto-de-plug-anal-de-silicone-tucker-pequeno\\\/#breadcrumb\",\"itemListElement\":[{\"@type\":\"ListItem\",\"position\":1,\"name\":\"In\u00edcio\",\"item\":\"https:\\\/\\\/lovme.pt\\\/\"},{\"@type\":\"ListItem\",\"position\":2,\"name\":\"Loja\",\"item\":\"https:\\\/\\\/lovme.pt\\\/index.php\\\/loja\\\/\"},{\"@type\":\"ListItem\",\"position\":3,\"name\":\"BLACKSILVER &#8211; CONTROLE REMOTO DE PLUG ANAL DE SILICONE TUCKER PEQUENO\"}]},{\"@type\":\"WebSite\",\"@id\":\"https:\\\/\\\/lovme.pt\\\/#website\",\"url\":\"https:\\\/\\\/lovme.pt\\\/\",\"name\":\"Lovme Loja Er\u00f3tica N\u00ba1 em Portugal\",\"description\":\"A melhor loja er\u00f3tica de Portugal.\",\"alternateName\":\"Loja Er\u00f3tica Lovme\",\"potentialAction\":[{\"@type\":\"SearchAction\",\"target\":{\"@type\":\"EntryPoint\",\"urlTemplate\":\"https:\\\/\\\/lovme.pt\\\/?s={search_term_string}\"},\"query-input\":{\"@type\":\"PropertyValueSpecification\",\"valueRequired\":true,\"valueName\":\"search_term_string\"}}],\"inLanguage\":\"pt-PT\"}]}<\/script>\n<!-- \/ Yoast SEO plugin. -->","yoast_head_json":{"title":"BLACKSILVER - CONTROLE REMOTO DE PLUG ANAL DE SILICONE TUCKER PEQUENO - Lovme","robots":{"index":"index","follow":"follow","max-snippet":"max-snippet:-1","max-image-preview":"max-image-preview:large","max-video-preview":"max-video-preview:-1"},"canonical":"https:\/\/lovme.pt\/index.php\/produto\/blacksilver-controle-remoto-de-plug-anal-de-silicone-tucker-pequeno\/","og_locale":"pt_PT","og_type":"article","og_title":"BLACKSILVER - CONTROLE REMOTO DE PLUG ANAL DE SILICONE TUCKER PEQUENO - Lovme","og_description":"BLACKSILVER - CONTROLE REMOTO DE PLUG ANAL DE SILICONE TUCKER PEQUENO","og_url":"https:\/\/lovme.pt\/index.php\/produto\/blacksilver-controle-remoto-de-plug-anal-de-silicone-tucker-pequeno\/","og_site_name":"Lovme","article_modified_time":"2026-02-19T20:14:15+00:00","og_image":[{"width":800,"height":800,"url":"https:\/\/erki24nd3ub.exactdn.com\/wp-content\/uploads\/dream\/img\/img_143323_a4d96a07822369f133fd24aa4629cd12_1.png?strip=all","type":"image\/png"}],"twitter_card":"summary_large_image","twitter_misc":{"Tempo estimado de leitura":"2 minutos"},"schema":{"@context":"https:\/\/schema.org","@graph":[{"@type":"WebPage","@id":"https:\/\/lovme.pt\/index.php\/produto\/blacksilver-controle-remoto-de-plug-anal-de-silicone-tucker-pequeno\/","url":"https:\/\/lovme.pt\/index.php\/produto\/blacksilver-controle-remoto-de-plug-anal-de-silicone-tucker-pequeno\/","name":"BLACKSILVER - CONTROLE REMOTO DE PLUG ANAL DE SILICONE TUCKER PEQUENO - Lovme","isPartOf":{"@id":"https:\/\/lovme.pt\/#website"},"primaryImageOfPage":{"@id":"https:\/\/lovme.pt\/index.php\/produto\/blacksilver-controle-remoto-de-plug-anal-de-silicone-tucker-pequeno\/#primaryimage"},"image":{"@id":"https:\/\/lovme.pt\/index.php\/produto\/blacksilver-controle-remoto-de-plug-anal-de-silicone-tucker-pequeno\/#primaryimage"},"thumbnailUrl":"https:\/\/erki24nd3ub.exactdn.com\/wp-content\/uploads\/dream\/img\/img_143323_a4d96a07822369f133fd24aa4629cd12_1.png?strip=all","datePublished":"2026-01-19T16:10:56+00:00","dateModified":"2026-02-19T20:14:15+00:00","breadcrumb":{"@id":"https:\/\/lovme.pt\/index.php\/produto\/blacksilver-controle-remoto-de-plug-anal-de-silicone-tucker-pequeno\/#breadcrumb"},"inLanguage":"pt-PT","potentialAction":[{"@type":"ReadAction","target":["https:\/\/lovme.pt\/index.php\/produto\/blacksilver-controle-remoto-de-plug-anal-de-silicone-tucker-pequeno\/"]}]},{"@type":"ImageObject","inLanguage":"pt-PT","@id":"https:\/\/lovme.pt\/index.php\/produto\/blacksilver-controle-remoto-de-plug-anal-de-silicone-tucker-pequeno\/#primaryimage","url":"https:\/\/erki24nd3ub.exactdn.com\/wp-content\/uploads\/dream\/img\/img_143323_a4d96a07822369f133fd24aa4629cd12_1.png?strip=all","contentUrl":"https:\/\/erki24nd3ub.exactdn.com\/wp-content\/uploads\/dream\/img\/img_143323_a4d96a07822369f133fd24aa4629cd12_1.png?strip=all","width":800,"height":800},{"@type":"BreadcrumbList","@id":"https:\/\/lovme.pt\/index.php\/produto\/blacksilver-controle-remoto-de-plug-anal-de-silicone-tucker-pequeno\/#breadcrumb","itemListElement":[{"@type":"ListItem","position":1,"name":"In\u00edcio","item":"https:\/\/lovme.pt\/"},{"@type":"ListItem","position":2,"name":"Loja","item":"https:\/\/lovme.pt\/index.php\/loja\/"},{"@type":"ListItem","position":3,"name":"BLACKSILVER &#8211; CONTROLE REMOTO DE PLUG ANAL DE SILICONE TUCKER PEQUENO"}]},{"@type":"WebSite","@id":"https:\/\/lovme.pt\/#website","url":"https:\/\/lovme.pt\/","name":"Lovme Loja Er\u00f3tica N\u00ba1 em Portugal","description":"A melhor loja er\u00f3tica de Portugal.","alternateName":"Loja Er\u00f3tica Lovme","potentialAction":[{"@type":"SearchAction","target":{"@type":"EntryPoint","urlTemplate":"https:\/\/lovme.pt\/?s={search_term_string}"},"query-input":{"@type":"PropertyValueSpecification","valueRequired":true,"valueName":"search_term_string"}}],"inLanguage":"pt-PT"}]}},"_links":{"self":[{"href":"https:\/\/lovme.pt\/index.php\/wp-json\/wp\/v2\/product\/43305","targetHints":{"allow":["GET"]}}],"collection":[{"href":"https:\/\/lovme.pt\/index.php\/wp-json\/wp\/v2\/product"}],"about":[{"href":"https:\/\/lovme.pt\/index.php\/wp-json\/wp\/v2\/types\/product"}],"wp:featuredmedia":[{"embeddable":true,"href":"https:\/\/lovme.pt\/index.php\/wp-json\/wp\/v2\/media\/106285"}],"wp:attachment":[{"href":"https:\/\/lovme.pt\/index.php\/wp-json\/wp\/v2\/media?parent=43305"}],"wp:term":[{"taxonomy":"product_brand","embeddable":true,"href":"https:\/\/lovme.pt\/index.php\/wp-json\/wp\/v2\/product_brand?post=43305"},{"taxonomy":"product_cat","embeddable":true,"href":"https:\/\/lovme.pt\/index.php\/wp-json\/wp\/v2\/product_cat?post=43305"},{"taxonomy":"product_tag","embeddable":true,"href":"https:\/\/lovme.pt\/index.php\/wp-json\/wp\/v2\/product_tag?post=43305"}],"curies":[{"name":"wp","href":"https:\/\/api.w.org\/{rel}","templated":true}]}}