{"id":43297,"date":"2026-01-19T16:10:22","date_gmt":"2026-01-19T16:10:22","guid":{"rendered":"https:\/\/lovme.pt\/?post_type=product&p=43297"},"modified":"2026-02-19T20:14:15","modified_gmt":"2026-02-19T20:14:15","slug":"blacksilver-plug-anal-de-silicone-hansel-com-cabo-pequeno","status":"publish","type":"product","link":"https:\/\/lovme.pt\/index.php\/produto\/blacksilver-plug-anal-de-silicone-hansel-com-cabo-pequeno\/","title":{"rendered":"BLACKSILVER &#8211; PLUG ANAL DE SILICONE HANSEL COM CABO PEQUENO"},"content":{"rendered":"<p>Um design pensado para uma deliciosa introdu\u00e7\u00e3o progressiva. O BlackSilver\u2122 Hansel\u2122 Plug \u00e9 um brinquedo ideal tanto para iniciantes quanto para especialistas em brincadeiras anais. A sua rigidez, n\u00e3o isenta de flexibilidade, e a variedade de formas e tamanhos tornam-nos essenciais para todos os amantes do sexo anal. S\u00e3o f\u00e1ceis de limpar e o silicone com que s\u00e3o feitos \u00e9 extra macio ao toque.<\/p>\n<p>Porqu\u00ea BlackSilver\u2122 Hansel\u2122 damos-lhe 4 motivos exclusivos que o far\u00e3o procurar estas contas anais com um toque sedoso.<\/p>\n<ul>\n<li>Silicone amigo do corpo<\/li>\n<li>Unissex: O dispositivo pode ser usado por pessoas de todos os sexos<\/li>\n<li>Perfeitamente adequado para uso subaqu\u00e1tico.<\/li>\n<li>Ideal para iniciantes e jogadores avan\u00e7ados<\/li>\n<\/ul>\n<p>BlackSilver\u2122 Hansel\u2122 O in\u00edcio de um jogo anal muito satisfat\u00f3rio!<\/p>\n<p>Medidas; 8,2 cm de comprimento total x 2,3 cm<\/p>\n<p>DESCUBRA BlackSilver\u2122 Hansel\u2122<\/p>\n<p>Prazeres sem fim com este estimulador anal de silicone com toque aveludado. Equipado com diversas sali\u00eancias e vales, massageia eficazmente as partes \u00edntimas.<\/p>\n<p>Possui cabe\u00e7a fina e flex\u00edvel para facilitar a inser\u00e7\u00e3o e torn\u00e1-la mais suave.<\/p>\n<p>COMO US\u00c1-LO?<\/p>\n<p>Prazer sem fim com este estimulador anal com silicone de toque aveludado. Possui formato de pir\u00e2mide que massagear\u00e1 suas partes \u00edntimas e cabe\u00e7a macia para inser\u00e7\u00e3o e extra\u00e7\u00e3o segura e agrad\u00e1vel.<\/p>\n<p>CARACTER\u00cdSTICAS<\/p>\n<ul>\n<li>Plug anal ideal para come\u00e7ar no sexo anal. Tamb\u00e9m recomendado para experientes.<\/li>\n<li>Material: 100% silicone com toque aveludado.<\/li>\n<\/ul>\n<p>LIMPEZA<\/p>\n<p>Limpe bem o brinquedo antes e depois de cada uso com \u00e1gua morna e sab\u00e3o neutro.<\/p>\n<p>ARMAZENAR<\/p>\n<p>Guarde o seu brinquedo BlackSilver\u2122 Hansel\u2122 num local livre de p\u00f3 e mantenha-o afastado de brinquedos feitos de outros materiais. Evite deix\u00e1-lo exposto \u00e0 luz solar direta e NUNCA exponha-o a calor extremo.<\/p>\n<p>DICAS DE USO<\/p>\n<p>BlackSilver\u2122 Hansel\u2122 recomenda o uso de lubrificantes \u00e0 base de \u00e1gua, como Waterfeel\u2122, Aqua\u2122, Bioaqua\u2122, Aquatravel\u2122 ou Coquette\u2122 para uma inser\u00e7\u00e3o f\u00e1cil e suave de todos os produtos de silicone. N\u00e3o utilize lubrificantes, \u00f3leos ou cremes de silicone com qualquer produto de silicone, pois podem degradar o material do produto e limitar o seu desempenho e vida \u00fatil.<\/p>\n<p>3 ANOS DE GARANTIA<\/p>\n<p>Esta garantia se aplica a todos os produtos BlackSilver\u2122 Hansel\u2122 adquiridos, a partir da data da compra original de tal produto. Esta garantia n\u00e3o cobre danos causados por uso indevido ou diferente do pretendido e descrito no manual de instru\u00e7\u00f5es do produto, desgaste normal, altera\u00e7\u00e3o, uso n\u00e3o razo\u00e1vel, servi\u00e7o por ag\u00eancias de servi\u00e7o n\u00e3o autorizadas ou perda ou dano a baterias ou baterias. remov\u00edvel.<\/p>\n<p><span style=\"color: rgb(57, 57, 57);\">**Observa\u00e7\u00e3o; Este produto est\u00e1 proibido de ser vendido em qualquer canal de com\u00e9rcio eletr\u00f4nico. A venda \u00e9 autorizada para pontos f\u00edsicos.<\/span><\/p>\n","protected":false},"excerpt":{"rendered":"<p>BLACKSILVER &#8211; PLUG ANAL DE SILICONE HANSEL COM CABO PEQUENO<\/p>\n","protected":false},"featured_media":106265,"template":"","meta":{"_acf_changed":false},"product_brand":[],"product_cat":[48,17,62,63],"product_tag":[],"class_list":{"0":"post-43297","1":"product","2":"type-product","3":"status-publish","4":"has-post-thumbnail","6":"product_cat-bdsm","7":"product_cat-brinquedos-de-bem-estar-sexual","8":"product_cat-plugues-e-correntes-anais","9":"product_cat-sexo-anal","10":"yith_product_brand-blacksilver","12":"first","13":"instock","14":"taxable","15":"shipping-taxable","16":"purchasable","17":"product-type-simple"},"acf":[],"yoast_head":"<!-- This site is optimized with the Yoast SEO plugin v27.4 - https:\/\/yoast.com\/product\/yoast-seo-wordpress\/ -->\n<title>BLACKSILVER - PLUG ANAL DE SILICONE HANSEL COM CABO PEQUENO - Lovme<\/title>\n<meta name=\"robots\" content=\"index, follow, max-snippet:-1, max-image-preview:large, max-video-preview:-1\" \/>\n<link rel=\"canonical\" href=\"https:\/\/lovme.pt\/index.php\/produto\/blacksilver-plug-anal-de-silicone-hansel-com-cabo-pequeno\/\" \/>\n<meta property=\"og:locale\" content=\"pt_PT\" \/>\n<meta property=\"og:type\" content=\"article\" \/>\n<meta property=\"og:title\" content=\"BLACKSILVER - PLUG ANAL DE SILICONE HANSEL COM CABO PEQUENO - Lovme\" \/>\n<meta property=\"og:description\" content=\"BLACKSILVER - PLUG ANAL DE SILICONE HANSEL COM CABO PEQUENO\" \/>\n<meta property=\"og:url\" content=\"https:\/\/lovme.pt\/index.php\/produto\/blacksilver-plug-anal-de-silicone-hansel-com-cabo-pequeno\/\" \/>\n<meta property=\"og:site_name\" content=\"Lovme\" \/>\n<meta property=\"article:modified_time\" content=\"2026-02-19T20:14:15+00:00\" \/>\n<meta property=\"og:image\" content=\"https:\/\/erki24nd3ub.exactdn.com\/wp-content\/uploads\/dream\/img\/img_143278_f2470aeed8caca2118172e24081a1790_1.png?strip=all\" \/>\n\t<meta property=\"og:image:width\" content=\"800\" \/>\n\t<meta property=\"og:image:height\" content=\"800\" \/>\n\t<meta property=\"og:image:type\" content=\"image\/png\" \/>\n<meta name=\"twitter:card\" content=\"summary_large_image\" \/>\n<meta name=\"twitter:label1\" content=\"Tempo estimado de leitura\" \/>\n\t<meta name=\"twitter:data1\" content=\"2 minutos\" \/>\n<script type=\"application\/ld+json\" class=\"yoast-schema-graph\">{\"@context\":\"https:\\\/\\\/schema.org\",\"@graph\":[{\"@type\":\"WebPage\",\"@id\":\"https:\\\/\\\/lovme.pt\\\/index.php\\\/produto\\\/blacksilver-plug-anal-de-silicone-hansel-com-cabo-pequeno\\\/\",\"url\":\"https:\\\/\\\/lovme.pt\\\/index.php\\\/produto\\\/blacksilver-plug-anal-de-silicone-hansel-com-cabo-pequeno\\\/\",\"name\":\"BLACKSILVER - PLUG ANAL DE SILICONE HANSEL COM CABO PEQUENO - Lovme\",\"isPartOf\":{\"@id\":\"https:\\\/\\\/lovme.pt\\\/#website\"},\"primaryImageOfPage\":{\"@id\":\"https:\\\/\\\/lovme.pt\\\/index.php\\\/produto\\\/blacksilver-plug-anal-de-silicone-hansel-com-cabo-pequeno\\\/#primaryimage\"},\"image\":{\"@id\":\"https:\\\/\\\/lovme.pt\\\/index.php\\\/produto\\\/blacksilver-plug-anal-de-silicone-hansel-com-cabo-pequeno\\\/#primaryimage\"},\"thumbnailUrl\":\"https:\\\/\\\/erki24nd3ub.exactdn.com\\\/wp-content\\\/uploads\\\/dream\\\/img\\\/img_143278_f2470aeed8caca2118172e24081a1790_1.png?strip=all\",\"datePublished\":\"2026-01-19T16:10:22+00:00\",\"dateModified\":\"2026-02-19T20:14:15+00:00\",\"breadcrumb\":{\"@id\":\"https:\\\/\\\/lovme.pt\\\/index.php\\\/produto\\\/blacksilver-plug-anal-de-silicone-hansel-com-cabo-pequeno\\\/#breadcrumb\"},\"inLanguage\":\"pt-PT\",\"potentialAction\":[{\"@type\":\"ReadAction\",\"target\":[\"https:\\\/\\\/lovme.pt\\\/index.php\\\/produto\\\/blacksilver-plug-anal-de-silicone-hansel-com-cabo-pequeno\\\/\"]}]},{\"@type\":\"ImageObject\",\"inLanguage\":\"pt-PT\",\"@id\":\"https:\\\/\\\/lovme.pt\\\/index.php\\\/produto\\\/blacksilver-plug-anal-de-silicone-hansel-com-cabo-pequeno\\\/#primaryimage\",\"url\":\"https:\\\/\\\/erki24nd3ub.exactdn.com\\\/wp-content\\\/uploads\\\/dream\\\/img\\\/img_143278_f2470aeed8caca2118172e24081a1790_1.png?strip=all\",\"contentUrl\":\"https:\\\/\\\/erki24nd3ub.exactdn.com\\\/wp-content\\\/uploads\\\/dream\\\/img\\\/img_143278_f2470aeed8caca2118172e24081a1790_1.png?strip=all\",\"width\":800,\"height\":800},{\"@type\":\"BreadcrumbList\",\"@id\":\"https:\\\/\\\/lovme.pt\\\/index.php\\\/produto\\\/blacksilver-plug-anal-de-silicone-hansel-com-cabo-pequeno\\\/#breadcrumb\",\"itemListElement\":[{\"@type\":\"ListItem\",\"position\":1,\"name\":\"In\u00edcio\",\"item\":\"https:\\\/\\\/lovme.pt\\\/\"},{\"@type\":\"ListItem\",\"position\":2,\"name\":\"Loja\",\"item\":\"https:\\\/\\\/lovme.pt\\\/index.php\\\/loja\\\/\"},{\"@type\":\"ListItem\",\"position\":3,\"name\":\"BLACKSILVER &#8211; PLUG ANAL DE SILICONE HANSEL COM CABO PEQUENO\"}]},{\"@type\":\"WebSite\",\"@id\":\"https:\\\/\\\/lovme.pt\\\/#website\",\"url\":\"https:\\\/\\\/lovme.pt\\\/\",\"name\":\"Lovme Loja Er\u00f3tica N\u00ba1 em Portugal\",\"description\":\"A melhor loja er\u00f3tica de Portugal.\",\"alternateName\":\"Loja Er\u00f3tica Lovme\",\"potentialAction\":[{\"@type\":\"SearchAction\",\"target\":{\"@type\":\"EntryPoint\",\"urlTemplate\":\"https:\\\/\\\/lovme.pt\\\/?s={search_term_string}\"},\"query-input\":{\"@type\":\"PropertyValueSpecification\",\"valueRequired\":true,\"valueName\":\"search_term_string\"}}],\"inLanguage\":\"pt-PT\"}]}<\/script>\n<!-- \/ Yoast SEO plugin. -->","yoast_head_json":{"title":"BLACKSILVER - PLUG ANAL DE SILICONE HANSEL COM CABO PEQUENO - Lovme","robots":{"index":"index","follow":"follow","max-snippet":"max-snippet:-1","max-image-preview":"max-image-preview:large","max-video-preview":"max-video-preview:-1"},"canonical":"https:\/\/lovme.pt\/index.php\/produto\/blacksilver-plug-anal-de-silicone-hansel-com-cabo-pequeno\/","og_locale":"pt_PT","og_type":"article","og_title":"BLACKSILVER - PLUG ANAL DE SILICONE HANSEL COM CABO PEQUENO - Lovme","og_description":"BLACKSILVER - PLUG ANAL DE SILICONE HANSEL COM CABO PEQUENO","og_url":"https:\/\/lovme.pt\/index.php\/produto\/blacksilver-plug-anal-de-silicone-hansel-com-cabo-pequeno\/","og_site_name":"Lovme","article_modified_time":"2026-02-19T20:14:15+00:00","og_image":[{"width":800,"height":800,"url":"https:\/\/erki24nd3ub.exactdn.com\/wp-content\/uploads\/dream\/img\/img_143278_f2470aeed8caca2118172e24081a1790_1.png?strip=all","type":"image\/png"}],"twitter_card":"summary_large_image","twitter_misc":{"Tempo estimado de leitura":"2 minutos"},"schema":{"@context":"https:\/\/schema.org","@graph":[{"@type":"WebPage","@id":"https:\/\/lovme.pt\/index.php\/produto\/blacksilver-plug-anal-de-silicone-hansel-com-cabo-pequeno\/","url":"https:\/\/lovme.pt\/index.php\/produto\/blacksilver-plug-anal-de-silicone-hansel-com-cabo-pequeno\/","name":"BLACKSILVER - PLUG ANAL DE SILICONE HANSEL COM CABO PEQUENO - Lovme","isPartOf":{"@id":"https:\/\/lovme.pt\/#website"},"primaryImageOfPage":{"@id":"https:\/\/lovme.pt\/index.php\/produto\/blacksilver-plug-anal-de-silicone-hansel-com-cabo-pequeno\/#primaryimage"},"image":{"@id":"https:\/\/lovme.pt\/index.php\/produto\/blacksilver-plug-anal-de-silicone-hansel-com-cabo-pequeno\/#primaryimage"},"thumbnailUrl":"https:\/\/erki24nd3ub.exactdn.com\/wp-content\/uploads\/dream\/img\/img_143278_f2470aeed8caca2118172e24081a1790_1.png?strip=all","datePublished":"2026-01-19T16:10:22+00:00","dateModified":"2026-02-19T20:14:15+00:00","breadcrumb":{"@id":"https:\/\/lovme.pt\/index.php\/produto\/blacksilver-plug-anal-de-silicone-hansel-com-cabo-pequeno\/#breadcrumb"},"inLanguage":"pt-PT","potentialAction":[{"@type":"ReadAction","target":["https:\/\/lovme.pt\/index.php\/produto\/blacksilver-plug-anal-de-silicone-hansel-com-cabo-pequeno\/"]}]},{"@type":"ImageObject","inLanguage":"pt-PT","@id":"https:\/\/lovme.pt\/index.php\/produto\/blacksilver-plug-anal-de-silicone-hansel-com-cabo-pequeno\/#primaryimage","url":"https:\/\/erki24nd3ub.exactdn.com\/wp-content\/uploads\/dream\/img\/img_143278_f2470aeed8caca2118172e24081a1790_1.png?strip=all","contentUrl":"https:\/\/erki24nd3ub.exactdn.com\/wp-content\/uploads\/dream\/img\/img_143278_f2470aeed8caca2118172e24081a1790_1.png?strip=all","width":800,"height":800},{"@type":"BreadcrumbList","@id":"https:\/\/lovme.pt\/index.php\/produto\/blacksilver-plug-anal-de-silicone-hansel-com-cabo-pequeno\/#breadcrumb","itemListElement":[{"@type":"ListItem","position":1,"name":"In\u00edcio","item":"https:\/\/lovme.pt\/"},{"@type":"ListItem","position":2,"name":"Loja","item":"https:\/\/lovme.pt\/index.php\/loja\/"},{"@type":"ListItem","position":3,"name":"BLACKSILVER &#8211; PLUG ANAL DE SILICONE HANSEL COM CABO PEQUENO"}]},{"@type":"WebSite","@id":"https:\/\/lovme.pt\/#website","url":"https:\/\/lovme.pt\/","name":"Lovme Loja Er\u00f3tica N\u00ba1 em Portugal","description":"A melhor loja er\u00f3tica de Portugal.","alternateName":"Loja Er\u00f3tica Lovme","potentialAction":[{"@type":"SearchAction","target":{"@type":"EntryPoint","urlTemplate":"https:\/\/lovme.pt\/?s={search_term_string}"},"query-input":{"@type":"PropertyValueSpecification","valueRequired":true,"valueName":"search_term_string"}}],"inLanguage":"pt-PT"}]}},"_links":{"self":[{"href":"https:\/\/lovme.pt\/index.php\/wp-json\/wp\/v2\/product\/43297","targetHints":{"allow":["GET"]}}],"collection":[{"href":"https:\/\/lovme.pt\/index.php\/wp-json\/wp\/v2\/product"}],"about":[{"href":"https:\/\/lovme.pt\/index.php\/wp-json\/wp\/v2\/types\/product"}],"wp:featuredmedia":[{"embeddable":true,"href":"https:\/\/lovme.pt\/index.php\/wp-json\/wp\/v2\/media\/106265"}],"wp:attachment":[{"href":"https:\/\/lovme.pt\/index.php\/wp-json\/wp\/v2\/media?parent=43297"}],"wp:term":[{"taxonomy":"product_brand","embeddable":true,"href":"https:\/\/lovme.pt\/index.php\/wp-json\/wp\/v2\/product_brand?post=43297"},{"taxonomy":"product_cat","embeddable":true,"href":"https:\/\/lovme.pt\/index.php\/wp-json\/wp\/v2\/product_cat?post=43297"},{"taxonomy":"product_tag","embeddable":true,"href":"https:\/\/lovme.pt\/index.php\/wp-json\/wp\/v2\/product_tag?post=43297"}],"curies":[{"name":"wp","href":"https:\/\/api.w.org\/{rel}","templated":true}]}}