{"id":43296,"date":"2026-01-19T16:12:45","date_gmt":"2026-01-19T16:12:45","guid":{"rendered":"https:\/\/lovme.pt\/?post_type=product&p=43296"},"modified":"2026-02-19T20:18:52","modified_gmt":"2026-02-19T20:18:52","slug":"blacksilver-corrente-de-bola-anal-rupert-10-cm","status":"publish","type":"product","link":"https:\/\/lovme.pt\/index.php\/produto\/blacksilver-corrente-de-bola-anal-rupert-10-cm\/","title":{"rendered":"BLACKSILVER &#8211; CORRENTE DE BOLA ANAL RUPERT 10 CM"},"content":{"rendered":"<p>Com formato suave e graduado, nossos BlackSilver\u2122 Rupert\u2122 s\u00e3o a op\u00e7\u00e3o perfeita para jogadores iniciantes ou avan\u00e7ados que desejam explorar as del\u00edcias do jogo anal. Deixe seus desejos correrem soltos enquanto voc\u00ea coleta recompensas para ele ou ela &#8211; isso certamente lhe trar\u00e1 extremo prazer.<\/p>\n<p>Porqu\u00ea BlackSilver\u2122 Rupert\u2122 damos-lhe 4 motivos exclusivos que o far\u00e3o procurar estas bolas anais com um toque sedoso.<\/p>\n<p>Silicone amigo do corpo<\/p>\n<p>Unissex: O dispositivo pode ser usado por pessoas de todos os sexos<\/p>\n<p>Perfeitamente adequado para uso subaqu\u00e1tico.<\/p>\n<p>Ideal para iniciantes e treinamento anal.<\/p>\n<p>BlackSilver\u2122 Rupert\u2122 O in\u00edcio de um jogo anal muito satisfat\u00f3rio!<\/p>\n<p>Medidas; 10,5 cm de comprimento total x 2,5 cm em seu maior di\u00e2metro<\/p>\n<p style=\"margin-left:35.4pt;\">BlackSilver\u2122 Rupert\u2122 perfeito para jogos sensuais de backdoor: As contas anais v\u00eam em um conjunto de estrutura variada e superf\u00edcie macia feita de silicone. Com 5 elementos, os BlackSilver\u2122 Rupert\u2122 s\u00e3o os companheiros ideais para o treino anal.<\/p>\n<p>BlackSilver\u2122 Rupert\u2122: \u00e9 extremamente flex\u00edvel e por isso ajusta-se perfeitamente aos contornos do seu corpo. A pr\u00e1tica base de fixa\u00e7\u00e3o facilita o uso e garante uma divers\u00e3o segura. Gra\u00e7as \u00e0 apar\u00eancia l\u00fadica, permitem especialmente aos iniciantes iniciar o treinamento anal.<\/p>\n<p>Quais s\u00e3o as outras vantagens dos brinquedos anais?<\/p>\n<p>Al\u00e9m de suas estruturas e designs vers\u00e1teis, BlackSilver\u2122 Rupert\u2122 oferece um toque suave. A superf\u00edcie lisa do silicone amigo do corpo \u00e9 extremamente higi\u00e9nica e f\u00e1cil de limpar, uma vez que as bolas s\u00e3o utilizadas no \u00e2nus, recomenda-se a desinfec\u00e7\u00e3o completa com Spray Desinfectante Waterfeel\u2122 antes e depois de cada utiliza\u00e7\u00e3o. A composi\u00e7\u00e3o combina perfeitamente o material. Principalmente ao brincar com a porta traseira, tamb\u00e9m \u00e9 aconselh\u00e1vel usar lubrificante, por exemplo, da Waterfeel\u2122, Aqua\u2122, Bioaqua\u2122, Coquette\u2122 ou Aquatravel\u2122.<\/p>\n<p>Os lubrificantes est\u00e3o dispon\u00edveis nas vers\u00f5es cl\u00e1ssica, sedosa e quente, e s\u00e3o o complemento ideal para desfrutar da experi\u00eancia com BlackSilver\u2122<\/p>\n<p>LIMPEZA<\/p>\n<p>Limpe bem o brinquedo antes e depois de cada uso com \u00e1gua morna e sab\u00e3o neutro.<\/p>\n<p>ARMAZENAR<\/p>\n<p>Guarde seu brinquedo BlackSilver\u2122 Rupert\u2122 em um local livre de poeira e mantenha-o longe de brinquedos feitos de outros materiais. Evite deix\u00e1-lo exposto \u00e0 luz solar direta e NUNCA exponha-o a calor extremo.<\/p>\n<p>DICAS DE USO<\/p>\n<p>BlackSilver\u2122 Rupert\u2122 recomenda o uso de lubrificantes \u00e0 base de \u00e1gua, como Waterfeel\u2122, Aqua\u2122, Bioaqua\u2122, Aquatravel\u2122 ou Coquette\u2122 para uma inser\u00e7\u00e3o f\u00e1cil e suave de todos os produtos de silicone. N\u00e3o utilize lubrificantes, \u00f3leos ou cremes de silicone com qualquer produto de silicone, pois podem degradar o material do produto e limitar o seu desempenho e vida \u00fatil.<\/p>\n<p>3 ANOS DE GARANTIA<\/p>\n<p>Esta garantia se aplica a todos os produtos BlackSilver\u2122 Rupert\u2122 adquiridos, a partir da data da compra original de tal produto. Esta garantia n\u00e3o cobre danos causados por uso indevido ou diferente do pretendido e descrito no manual de instru\u00e7\u00f5es do produto, desgaste normal, altera\u00e7\u00e3o, uso n\u00e3o razo\u00e1vel, servi\u00e7o por ag\u00eancias de servi\u00e7o n\u00e3o autorizadas ou perda ou dano a baterias ou baterias. remov\u00edvel.<\/p>\n<p>**Observa\u00e7\u00e3o; Este produto est\u00e1 proibido de ser vendido em qualquer canal de com\u00e9rcio eletr\u00f4nico. A venda \u00e9 autorizada para pontos f\u00edsicos.<\/p>\n","protected":false},"excerpt":{"rendered":"<p>BLACKSILVER &#8211; CORRENTE DE BOLA ANAL RUPERT 10 CM<\/p>\n","protected":false},"featured_media":106310,"template":"","meta":{"_acf_changed":false},"product_brand":[],"product_cat":[54,17,61,63],"product_tag":[],"class_list":{"0":"post-43296","1":"product","2":"type-product","3":"status-publish","4":"has-post-thumbnail","6":"product_cat-bolas-chinesas","7":"product_cat-brinquedos-de-bem-estar-sexual","8":"product_cat-para-elas","9":"product_cat-sexo-anal","10":"yith_product_brand-blacksilver","12":"first","13":"instock","14":"taxable","15":"shipping-taxable","16":"purchasable","17":"product-type-simple"},"acf":[],"yoast_head":"<!-- This site is optimized with the Yoast SEO plugin v27.4 - https:\/\/yoast.com\/product\/yoast-seo-wordpress\/ -->\n<title>BLACKSILVER - CORRENTE DE BOLA ANAL RUPERT 10 CM - Lovme<\/title>\n<meta name=\"robots\" content=\"index, follow, max-snippet:-1, max-image-preview:large, max-video-preview:-1\" \/>\n<link rel=\"canonical\" href=\"https:\/\/lovme.pt\/index.php\/produto\/blacksilver-corrente-de-bola-anal-rupert-10-cm\/\" \/>\n<meta property=\"og:locale\" content=\"pt_PT\" \/>\n<meta property=\"og:type\" content=\"article\" \/>\n<meta property=\"og:title\" content=\"BLACKSILVER - CORRENTE DE BOLA ANAL RUPERT 10 CM - Lovme\" \/>\n<meta property=\"og:description\" content=\"BLACKSILVER - CORRENTE DE BOLA ANAL RUPERT 10 CM\" \/>\n<meta property=\"og:url\" content=\"https:\/\/lovme.pt\/index.php\/produto\/blacksilver-corrente-de-bola-anal-rupert-10-cm\/\" \/>\n<meta property=\"og:site_name\" content=\"Lovme\" \/>\n<meta property=\"article:modified_time\" content=\"2026-02-19T20:18:52+00:00\" \/>\n<meta property=\"og:image\" content=\"https:\/\/erki24nd3ub.exactdn.com\/wp-content\/uploads\/dream\/img\/img_143270_53964cf534e51b58aa2ad7a6e9f4260a_1.png?strip=all\" \/>\n\t<meta property=\"og:image:width\" content=\"800\" \/>\n\t<meta property=\"og:image:height\" content=\"800\" \/>\n\t<meta property=\"og:image:type\" content=\"image\/png\" \/>\n<meta name=\"twitter:card\" content=\"summary_large_image\" \/>\n<meta name=\"twitter:label1\" content=\"Tempo estimado de leitura\" \/>\n\t<meta name=\"twitter:data1\" content=\"3 minutos\" \/>\n<script type=\"application\/ld+json\" class=\"yoast-schema-graph\">{\"@context\":\"https:\\\/\\\/schema.org\",\"@graph\":[{\"@type\":\"WebPage\",\"@id\":\"https:\\\/\\\/lovme.pt\\\/index.php\\\/produto\\\/blacksilver-corrente-de-bola-anal-rupert-10-cm\\\/\",\"url\":\"https:\\\/\\\/lovme.pt\\\/index.php\\\/produto\\\/blacksilver-corrente-de-bola-anal-rupert-10-cm\\\/\",\"name\":\"BLACKSILVER - CORRENTE DE BOLA ANAL RUPERT 10 CM - Lovme\",\"isPartOf\":{\"@id\":\"https:\\\/\\\/lovme.pt\\\/#website\"},\"primaryImageOfPage\":{\"@id\":\"https:\\\/\\\/lovme.pt\\\/index.php\\\/produto\\\/blacksilver-corrente-de-bola-anal-rupert-10-cm\\\/#primaryimage\"},\"image\":{\"@id\":\"https:\\\/\\\/lovme.pt\\\/index.php\\\/produto\\\/blacksilver-corrente-de-bola-anal-rupert-10-cm\\\/#primaryimage\"},\"thumbnailUrl\":\"https:\\\/\\\/erki24nd3ub.exactdn.com\\\/wp-content\\\/uploads\\\/dream\\\/img\\\/img_143270_53964cf534e51b58aa2ad7a6e9f4260a_1.png?strip=all\",\"datePublished\":\"2026-01-19T16:12:45+00:00\",\"dateModified\":\"2026-02-19T20:18:52+00:00\",\"breadcrumb\":{\"@id\":\"https:\\\/\\\/lovme.pt\\\/index.php\\\/produto\\\/blacksilver-corrente-de-bola-anal-rupert-10-cm\\\/#breadcrumb\"},\"inLanguage\":\"pt-PT\",\"potentialAction\":[{\"@type\":\"ReadAction\",\"target\":[\"https:\\\/\\\/lovme.pt\\\/index.php\\\/produto\\\/blacksilver-corrente-de-bola-anal-rupert-10-cm\\\/\"]}]},{\"@type\":\"ImageObject\",\"inLanguage\":\"pt-PT\",\"@id\":\"https:\\\/\\\/lovme.pt\\\/index.php\\\/produto\\\/blacksilver-corrente-de-bola-anal-rupert-10-cm\\\/#primaryimage\",\"url\":\"https:\\\/\\\/erki24nd3ub.exactdn.com\\\/wp-content\\\/uploads\\\/dream\\\/img\\\/img_143270_53964cf534e51b58aa2ad7a6e9f4260a_1.png?strip=all\",\"contentUrl\":\"https:\\\/\\\/erki24nd3ub.exactdn.com\\\/wp-content\\\/uploads\\\/dream\\\/img\\\/img_143270_53964cf534e51b58aa2ad7a6e9f4260a_1.png?strip=all\",\"width\":800,\"height\":800},{\"@type\":\"BreadcrumbList\",\"@id\":\"https:\\\/\\\/lovme.pt\\\/index.php\\\/produto\\\/blacksilver-corrente-de-bola-anal-rupert-10-cm\\\/#breadcrumb\",\"itemListElement\":[{\"@type\":\"ListItem\",\"position\":1,\"name\":\"In\u00edcio\",\"item\":\"https:\\\/\\\/lovme.pt\\\/\"},{\"@type\":\"ListItem\",\"position\":2,\"name\":\"Loja\",\"item\":\"https:\\\/\\\/lovme.pt\\\/index.php\\\/loja\\\/\"},{\"@type\":\"ListItem\",\"position\":3,\"name\":\"BLACKSILVER &#8211; CORRENTE DE BOLA ANAL RUPERT 10 CM\"}]},{\"@type\":\"WebSite\",\"@id\":\"https:\\\/\\\/lovme.pt\\\/#website\",\"url\":\"https:\\\/\\\/lovme.pt\\\/\",\"name\":\"Lovme Loja Er\u00f3tica N\u00ba1 em Portugal\",\"description\":\"A melhor loja er\u00f3tica de Portugal.\",\"alternateName\":\"Loja Er\u00f3tica Lovme\",\"potentialAction\":[{\"@type\":\"SearchAction\",\"target\":{\"@type\":\"EntryPoint\",\"urlTemplate\":\"https:\\\/\\\/lovme.pt\\\/?s={search_term_string}\"},\"query-input\":{\"@type\":\"PropertyValueSpecification\",\"valueRequired\":true,\"valueName\":\"search_term_string\"}}],\"inLanguage\":\"pt-PT\"}]}<\/script>\n<!-- \/ Yoast SEO plugin. -->","yoast_head_json":{"title":"BLACKSILVER - CORRENTE DE BOLA ANAL RUPERT 10 CM - Lovme","robots":{"index":"index","follow":"follow","max-snippet":"max-snippet:-1","max-image-preview":"max-image-preview:large","max-video-preview":"max-video-preview:-1"},"canonical":"https:\/\/lovme.pt\/index.php\/produto\/blacksilver-corrente-de-bola-anal-rupert-10-cm\/","og_locale":"pt_PT","og_type":"article","og_title":"BLACKSILVER - CORRENTE DE BOLA ANAL RUPERT 10 CM - Lovme","og_description":"BLACKSILVER - CORRENTE DE BOLA ANAL RUPERT 10 CM","og_url":"https:\/\/lovme.pt\/index.php\/produto\/blacksilver-corrente-de-bola-anal-rupert-10-cm\/","og_site_name":"Lovme","article_modified_time":"2026-02-19T20:18:52+00:00","og_image":[{"width":800,"height":800,"url":"https:\/\/erki24nd3ub.exactdn.com\/wp-content\/uploads\/dream\/img\/img_143270_53964cf534e51b58aa2ad7a6e9f4260a_1.png?strip=all","type":"image\/png"}],"twitter_card":"summary_large_image","twitter_misc":{"Tempo estimado de leitura":"3 minutos"},"schema":{"@context":"https:\/\/schema.org","@graph":[{"@type":"WebPage","@id":"https:\/\/lovme.pt\/index.php\/produto\/blacksilver-corrente-de-bola-anal-rupert-10-cm\/","url":"https:\/\/lovme.pt\/index.php\/produto\/blacksilver-corrente-de-bola-anal-rupert-10-cm\/","name":"BLACKSILVER - CORRENTE DE BOLA ANAL RUPERT 10 CM - Lovme","isPartOf":{"@id":"https:\/\/lovme.pt\/#website"},"primaryImageOfPage":{"@id":"https:\/\/lovme.pt\/index.php\/produto\/blacksilver-corrente-de-bola-anal-rupert-10-cm\/#primaryimage"},"image":{"@id":"https:\/\/lovme.pt\/index.php\/produto\/blacksilver-corrente-de-bola-anal-rupert-10-cm\/#primaryimage"},"thumbnailUrl":"https:\/\/erki24nd3ub.exactdn.com\/wp-content\/uploads\/dream\/img\/img_143270_53964cf534e51b58aa2ad7a6e9f4260a_1.png?strip=all","datePublished":"2026-01-19T16:12:45+00:00","dateModified":"2026-02-19T20:18:52+00:00","breadcrumb":{"@id":"https:\/\/lovme.pt\/index.php\/produto\/blacksilver-corrente-de-bola-anal-rupert-10-cm\/#breadcrumb"},"inLanguage":"pt-PT","potentialAction":[{"@type":"ReadAction","target":["https:\/\/lovme.pt\/index.php\/produto\/blacksilver-corrente-de-bola-anal-rupert-10-cm\/"]}]},{"@type":"ImageObject","inLanguage":"pt-PT","@id":"https:\/\/lovme.pt\/index.php\/produto\/blacksilver-corrente-de-bola-anal-rupert-10-cm\/#primaryimage","url":"https:\/\/erki24nd3ub.exactdn.com\/wp-content\/uploads\/dream\/img\/img_143270_53964cf534e51b58aa2ad7a6e9f4260a_1.png?strip=all","contentUrl":"https:\/\/erki24nd3ub.exactdn.com\/wp-content\/uploads\/dream\/img\/img_143270_53964cf534e51b58aa2ad7a6e9f4260a_1.png?strip=all","width":800,"height":800},{"@type":"BreadcrumbList","@id":"https:\/\/lovme.pt\/index.php\/produto\/blacksilver-corrente-de-bola-anal-rupert-10-cm\/#breadcrumb","itemListElement":[{"@type":"ListItem","position":1,"name":"In\u00edcio","item":"https:\/\/lovme.pt\/"},{"@type":"ListItem","position":2,"name":"Loja","item":"https:\/\/lovme.pt\/index.php\/loja\/"},{"@type":"ListItem","position":3,"name":"BLACKSILVER &#8211; CORRENTE DE BOLA ANAL RUPERT 10 CM"}]},{"@type":"WebSite","@id":"https:\/\/lovme.pt\/#website","url":"https:\/\/lovme.pt\/","name":"Lovme Loja Er\u00f3tica N\u00ba1 em Portugal","description":"A melhor loja er\u00f3tica de Portugal.","alternateName":"Loja Er\u00f3tica Lovme","potentialAction":[{"@type":"SearchAction","target":{"@type":"EntryPoint","urlTemplate":"https:\/\/lovme.pt\/?s={search_term_string}"},"query-input":{"@type":"PropertyValueSpecification","valueRequired":true,"valueName":"search_term_string"}}],"inLanguage":"pt-PT"}]}},"_links":{"self":[{"href":"https:\/\/lovme.pt\/index.php\/wp-json\/wp\/v2\/product\/43296","targetHints":{"allow":["GET"]}}],"collection":[{"href":"https:\/\/lovme.pt\/index.php\/wp-json\/wp\/v2\/product"}],"about":[{"href":"https:\/\/lovme.pt\/index.php\/wp-json\/wp\/v2\/types\/product"}],"wp:featuredmedia":[{"embeddable":true,"href":"https:\/\/lovme.pt\/index.php\/wp-json\/wp\/v2\/media\/106310"}],"wp:attachment":[{"href":"https:\/\/lovme.pt\/index.php\/wp-json\/wp\/v2\/media?parent=43296"}],"wp:term":[{"taxonomy":"product_brand","embeddable":true,"href":"https:\/\/lovme.pt\/index.php\/wp-json\/wp\/v2\/product_brand?post=43296"},{"taxonomy":"product_cat","embeddable":true,"href":"https:\/\/lovme.pt\/index.php\/wp-json\/wp\/v2\/product_cat?post=43296"},{"taxonomy":"product_tag","embeddable":true,"href":"https:\/\/lovme.pt\/index.php\/wp-json\/wp\/v2\/product_tag?post=43296"}],"curies":[{"name":"wp","href":"https:\/\/api.w.org\/{rel}","templated":true}]}}