{"id":43272,"date":"2025-09-30T20:44:06","date_gmt":"2025-09-30T20:44:06","guid":{"rendered":"https:\/\/lovme.pt\/?post_type=product&p=43272"},"modified":"2026-02-19T20:08:48","modified_gmt":"2026-02-19T20:08:48","slug":"intense-vibrador-de-silicone-casanova-coelho-triplo-motor-roxo","status":"publish","type":"product","link":"https:\/\/lovme.pt\/index.php\/produto\/intense-vibrador-de-silicone-casanova-coelho-triplo-motor-roxo\/","title":{"rendered":"INTENSE &#8211; VIBRADOR DE SILICONE CASANOVA COELHO TRIPLO MOTOR ROXO"},"content":{"rendered":"<p>Projetado para compartilhar, s\u00f3 a sua imagina\u00e7\u00e3o \u00e9 o limite!<\/p>\n<p>Vibradores engenhosos unidos num \u00fanico corpo de silicone. 3 motores independentes ultrassilenciosos e potentes. 30 modos de vibra\u00e7\u00e3o, control\u00e1veis a partir de 3 a\u00e7\u00f5es muito f\u00e1ceis de usar. Com sua ventosa extra potente voc\u00ea pode aderir a qualquer superf\u00edcie. Intense\u2122 Casanova com poderoso motor de vibra\u00e7\u00e3o.<\/p>\n<p>Vibrador triplo prazer com motores independentes unidos por um corpo de silicone extra flex\u00edvel e resistente, adequado para m\u00faltiplas posi\u00e7\u00f5es. Ideal para brincar sozinho e\/ou em casal! Motores potentes e silenciosos com at\u00e9 30 modos de vibra\u00e7\u00e3o que se combinam com cada a\u00e7\u00e3o.<\/p>\n<p>Para experimentar diferentes sensa\u00e7\u00f5es de prazer, Intense\u2122 Casanova estimula\u00e7\u00e3o intensa para o Ponto G, clit\u00f3ris e Anal. E se isso n\u00e3o bastasse, voc\u00ea tamb\u00e9m pode colocar o Intense\u2122 Michelangelo em um arn\u00eas para penetrar no seu parceiro.<\/p>\n<ul>\n<li>11 cm inser\u00edvel x 3,7 cm de di\u00e2metro<\/li>\n<li>3 motores<\/li>\n<li>IPX8 \u00e0 prova d\u00e1gua<\/li>\n<li>usb recarreg\u00e1vel<\/li>\n<li>At\u00e9 30 modos de vibra\u00e7\u00e3o combin\u00e1veis<\/li>\n<li>Silicone supermacio.<\/li>\n<li>Bateria de l\u00edtio 3,7 V\/750 mAh<\/li>\n<\/ul>\n<p>Porque o Intense\u2122Casanova \u00e9 feito de silicone de alta qualidade, \u00e9 particularmente flex\u00edvel durante o uso e adapta-se perfeitamente aos contornos do corpo. Gra\u00e7as ao silicone, permite que as vibra\u00e7\u00f5es sejam transmitidas \u00e0s zonas mais quentes com uma intensidade especial. Para poder desfrutar ao m\u00e1ximo, recomendamos a utiliza\u00e7\u00e3o adicional de lubrificantes, como o lubrificante Waterfeel, Aqua, Bioaqua ou Black Hole, dispon\u00edveis nas vers\u00f5es cl\u00e1ssica, sedosa e com efeito t\u00e9rmico.<\/p>\n<p>Que outras vantagens o vibrador tem?<\/p>\n<p>Com acabamento \u00e0 prova d\u00e1gua (IPX8), o Intense\u2122 Casanova vai agradar tanto no chuveiro quanto na banheira e tamb\u00e9m \u00e9 f\u00e1cil de limpar. Para uma desinfec\u00e7\u00e3o completa antes e depois de cada utiliza\u00e7\u00e3o, utilize o Spray Desinfectante Waterfeel, para que possa desfrutar do seu novo companheiro por muito tempo. Se voc\u00ea ficar sem f\u00f4lego, as baterias integradas podem ser recarregadas usando o cabo de carregamento USB inclu\u00eddo.<\/p>\n","protected":false},"excerpt":{"rendered":"<p>INTENSE &#8211; VIBRADOR DE SILICONE CASANOVA COELHO TRIPLO MOTOR ROXO<\/p>\n","protected":false},"featured_media":72082,"template":"","meta":{"_acf_changed":false},"product_brand":[],"product_cat":[17,61,76],"product_tag":[],"class_list":{"0":"post-43272","1":"product","2":"type-product","3":"status-publish","4":"has-post-thumbnail","6":"product_cat-brinquedos-de-bem-estar-sexual","7":"product_cat-para-elas","8":"product_cat-vibradores","9":"yith_product_brand-intense","10":"yith_product_brand-intenseintense-toysintense-fun","11":"yith_product_brand-intenseintense-toys","13":"first","14":"instock","15":"taxable","16":"shipping-taxable","17":"purchasable","18":"product-type-simple"},"acf":[],"yoast_head":"<!-- This site is optimized with the Yoast SEO plugin v27.4 - https:\/\/yoast.com\/product\/yoast-seo-wordpress\/ -->\n<title>INTENSE - VIBRADOR DE SILICONE CASANOVA COELHO TRIPLO MOTOR ROXO - Lovme<\/title>\n<meta name=\"robots\" content=\"index, follow, max-snippet:-1, max-image-preview:large, max-video-preview:-1\" \/>\n<link rel=\"canonical\" href=\"https:\/\/lovme.pt\/index.php\/produto\/intense-vibrador-de-silicone-casanova-coelho-triplo-motor-roxo\/\" \/>\n<meta property=\"og:locale\" content=\"pt_PT\" \/>\n<meta property=\"og:type\" content=\"article\" \/>\n<meta property=\"og:title\" content=\"INTENSE - VIBRADOR DE SILICONE CASANOVA COELHO TRIPLO MOTOR ROXO - Lovme\" \/>\n<meta property=\"og:description\" content=\"INTENSE - VIBRADOR DE SILICONE CASANOVA COELHO TRIPLO MOTOR ROXO\" \/>\n<meta property=\"og:url\" content=\"https:\/\/lovme.pt\/index.php\/produto\/intense-vibrador-de-silicone-casanova-coelho-triplo-motor-roxo\/\" \/>\n<meta property=\"og:site_name\" content=\"Lovme\" \/>\n<meta property=\"article:modified_time\" content=\"2026-02-19T20:08:48+00:00\" \/>\n<meta property=\"og:image\" content=\"https:\/\/erki24nd3ub.exactdn.com\/wp-content\/uploads\/dream\/img\/img_143191_56dd4ea6a67333b5d716f987087ff613_1.png?strip=all\" \/>\n\t<meta property=\"og:image:width\" content=\"800\" \/>\n\t<meta property=\"og:image:height\" content=\"800\" \/>\n\t<meta property=\"og:image:type\" content=\"image\/png\" \/>\n<meta name=\"twitter:card\" content=\"summary_large_image\" \/>\n<meta name=\"twitter:label1\" content=\"Tempo estimado de leitura\" \/>\n\t<meta name=\"twitter:data1\" content=\"2 minutos\" \/>\n<script type=\"application\/ld+json\" class=\"yoast-schema-graph\">{\"@context\":\"https:\\\/\\\/schema.org\",\"@graph\":[{\"@type\":\"WebPage\",\"@id\":\"https:\\\/\\\/lovme.pt\\\/index.php\\\/produto\\\/intense-vibrador-de-silicone-casanova-coelho-triplo-motor-roxo\\\/\",\"url\":\"https:\\\/\\\/lovme.pt\\\/index.php\\\/produto\\\/intense-vibrador-de-silicone-casanova-coelho-triplo-motor-roxo\\\/\",\"name\":\"INTENSE - VIBRADOR DE SILICONE CASANOVA COELHO TRIPLO MOTOR ROXO - Lovme\",\"isPartOf\":{\"@id\":\"https:\\\/\\\/lovme.pt\\\/#website\"},\"primaryImageOfPage\":{\"@id\":\"https:\\\/\\\/lovme.pt\\\/index.php\\\/produto\\\/intense-vibrador-de-silicone-casanova-coelho-triplo-motor-roxo\\\/#primaryimage\"},\"image\":{\"@id\":\"https:\\\/\\\/lovme.pt\\\/index.php\\\/produto\\\/intense-vibrador-de-silicone-casanova-coelho-triplo-motor-roxo\\\/#primaryimage\"},\"thumbnailUrl\":\"https:\\\/\\\/erki24nd3ub.exactdn.com\\\/wp-content\\\/uploads\\\/dream\\\/img\\\/img_143191_56dd4ea6a67333b5d716f987087ff613_1.png?strip=all\",\"datePublished\":\"2025-09-30T20:44:06+00:00\",\"dateModified\":\"2026-02-19T20:08:48+00:00\",\"breadcrumb\":{\"@id\":\"https:\\\/\\\/lovme.pt\\\/index.php\\\/produto\\\/intense-vibrador-de-silicone-casanova-coelho-triplo-motor-roxo\\\/#breadcrumb\"},\"inLanguage\":\"pt-PT\",\"potentialAction\":[{\"@type\":\"ReadAction\",\"target\":[\"https:\\\/\\\/lovme.pt\\\/index.php\\\/produto\\\/intense-vibrador-de-silicone-casanova-coelho-triplo-motor-roxo\\\/\"]}]},{\"@type\":\"ImageObject\",\"inLanguage\":\"pt-PT\",\"@id\":\"https:\\\/\\\/lovme.pt\\\/index.php\\\/produto\\\/intense-vibrador-de-silicone-casanova-coelho-triplo-motor-roxo\\\/#primaryimage\",\"url\":\"https:\\\/\\\/erki24nd3ub.exactdn.com\\\/wp-content\\\/uploads\\\/dream\\\/img\\\/img_143191_56dd4ea6a67333b5d716f987087ff613_1.png?strip=all\",\"contentUrl\":\"https:\\\/\\\/erki24nd3ub.exactdn.com\\\/wp-content\\\/uploads\\\/dream\\\/img\\\/img_143191_56dd4ea6a67333b5d716f987087ff613_1.png?strip=all\",\"width\":800,\"height\":800},{\"@type\":\"BreadcrumbList\",\"@id\":\"https:\\\/\\\/lovme.pt\\\/index.php\\\/produto\\\/intense-vibrador-de-silicone-casanova-coelho-triplo-motor-roxo\\\/#breadcrumb\",\"itemListElement\":[{\"@type\":\"ListItem\",\"position\":1,\"name\":\"In\u00edcio\",\"item\":\"https:\\\/\\\/lovme.pt\\\/\"},{\"@type\":\"ListItem\",\"position\":2,\"name\":\"Loja\",\"item\":\"https:\\\/\\\/lovme.pt\\\/index.php\\\/loja\\\/\"},{\"@type\":\"ListItem\",\"position\":3,\"name\":\"INTENSE &#8211; VIBRADOR DE SILICONE CASANOVA COELHO TRIPLO MOTOR ROXO\"}]},{\"@type\":\"WebSite\",\"@id\":\"https:\\\/\\\/lovme.pt\\\/#website\",\"url\":\"https:\\\/\\\/lovme.pt\\\/\",\"name\":\"Lovme Loja Er\u00f3tica N\u00ba1 em Portugal\",\"description\":\"A melhor loja er\u00f3tica de Portugal.\",\"alternateName\":\"Loja Er\u00f3tica Lovme\",\"potentialAction\":[{\"@type\":\"SearchAction\",\"target\":{\"@type\":\"EntryPoint\",\"urlTemplate\":\"https:\\\/\\\/lovme.pt\\\/?s={search_term_string}\"},\"query-input\":{\"@type\":\"PropertyValueSpecification\",\"valueRequired\":true,\"valueName\":\"search_term_string\"}}],\"inLanguage\":\"pt-PT\"}]}<\/script>\n<!-- \/ Yoast SEO plugin. -->","yoast_head_json":{"title":"INTENSE - VIBRADOR DE SILICONE CASANOVA COELHO TRIPLO MOTOR ROXO - Lovme","robots":{"index":"index","follow":"follow","max-snippet":"max-snippet:-1","max-image-preview":"max-image-preview:large","max-video-preview":"max-video-preview:-1"},"canonical":"https:\/\/lovme.pt\/index.php\/produto\/intense-vibrador-de-silicone-casanova-coelho-triplo-motor-roxo\/","og_locale":"pt_PT","og_type":"article","og_title":"INTENSE - VIBRADOR DE SILICONE CASANOVA COELHO TRIPLO MOTOR ROXO - Lovme","og_description":"INTENSE - VIBRADOR DE SILICONE CASANOVA COELHO TRIPLO MOTOR ROXO","og_url":"https:\/\/lovme.pt\/index.php\/produto\/intense-vibrador-de-silicone-casanova-coelho-triplo-motor-roxo\/","og_site_name":"Lovme","article_modified_time":"2026-02-19T20:08:48+00:00","og_image":[{"width":800,"height":800,"url":"https:\/\/erki24nd3ub.exactdn.com\/wp-content\/uploads\/dream\/img\/img_143191_56dd4ea6a67333b5d716f987087ff613_1.png?strip=all","type":"image\/png"}],"twitter_card":"summary_large_image","twitter_misc":{"Tempo estimado de leitura":"2 minutos"},"schema":{"@context":"https:\/\/schema.org","@graph":[{"@type":"WebPage","@id":"https:\/\/lovme.pt\/index.php\/produto\/intense-vibrador-de-silicone-casanova-coelho-triplo-motor-roxo\/","url":"https:\/\/lovme.pt\/index.php\/produto\/intense-vibrador-de-silicone-casanova-coelho-triplo-motor-roxo\/","name":"INTENSE - VIBRADOR DE SILICONE CASANOVA COELHO TRIPLO MOTOR ROXO - Lovme","isPartOf":{"@id":"https:\/\/lovme.pt\/#website"},"primaryImageOfPage":{"@id":"https:\/\/lovme.pt\/index.php\/produto\/intense-vibrador-de-silicone-casanova-coelho-triplo-motor-roxo\/#primaryimage"},"image":{"@id":"https:\/\/lovme.pt\/index.php\/produto\/intense-vibrador-de-silicone-casanova-coelho-triplo-motor-roxo\/#primaryimage"},"thumbnailUrl":"https:\/\/erki24nd3ub.exactdn.com\/wp-content\/uploads\/dream\/img\/img_143191_56dd4ea6a67333b5d716f987087ff613_1.png?strip=all","datePublished":"2025-09-30T20:44:06+00:00","dateModified":"2026-02-19T20:08:48+00:00","breadcrumb":{"@id":"https:\/\/lovme.pt\/index.php\/produto\/intense-vibrador-de-silicone-casanova-coelho-triplo-motor-roxo\/#breadcrumb"},"inLanguage":"pt-PT","potentialAction":[{"@type":"ReadAction","target":["https:\/\/lovme.pt\/index.php\/produto\/intense-vibrador-de-silicone-casanova-coelho-triplo-motor-roxo\/"]}]},{"@type":"ImageObject","inLanguage":"pt-PT","@id":"https:\/\/lovme.pt\/index.php\/produto\/intense-vibrador-de-silicone-casanova-coelho-triplo-motor-roxo\/#primaryimage","url":"https:\/\/erki24nd3ub.exactdn.com\/wp-content\/uploads\/dream\/img\/img_143191_56dd4ea6a67333b5d716f987087ff613_1.png?strip=all","contentUrl":"https:\/\/erki24nd3ub.exactdn.com\/wp-content\/uploads\/dream\/img\/img_143191_56dd4ea6a67333b5d716f987087ff613_1.png?strip=all","width":800,"height":800},{"@type":"BreadcrumbList","@id":"https:\/\/lovme.pt\/index.php\/produto\/intense-vibrador-de-silicone-casanova-coelho-triplo-motor-roxo\/#breadcrumb","itemListElement":[{"@type":"ListItem","position":1,"name":"In\u00edcio","item":"https:\/\/lovme.pt\/"},{"@type":"ListItem","position":2,"name":"Loja","item":"https:\/\/lovme.pt\/index.php\/loja\/"},{"@type":"ListItem","position":3,"name":"INTENSE &#8211; VIBRADOR DE SILICONE CASANOVA COELHO TRIPLO MOTOR ROXO"}]},{"@type":"WebSite","@id":"https:\/\/lovme.pt\/#website","url":"https:\/\/lovme.pt\/","name":"Lovme Loja Er\u00f3tica N\u00ba1 em Portugal","description":"A melhor loja er\u00f3tica de Portugal.","alternateName":"Loja Er\u00f3tica Lovme","potentialAction":[{"@type":"SearchAction","target":{"@type":"EntryPoint","urlTemplate":"https:\/\/lovme.pt\/?s={search_term_string}"},"query-input":{"@type":"PropertyValueSpecification","valueRequired":true,"valueName":"search_term_string"}}],"inLanguage":"pt-PT"}]}},"_links":{"self":[{"href":"https:\/\/lovme.pt\/index.php\/wp-json\/wp\/v2\/product\/43272","targetHints":{"allow":["GET"]}}],"collection":[{"href":"https:\/\/lovme.pt\/index.php\/wp-json\/wp\/v2\/product"}],"about":[{"href":"https:\/\/lovme.pt\/index.php\/wp-json\/wp\/v2\/types\/product"}],"wp:featuredmedia":[{"embeddable":true,"href":"https:\/\/lovme.pt\/index.php\/wp-json\/wp\/v2\/media\/72082"}],"wp:attachment":[{"href":"https:\/\/lovme.pt\/index.php\/wp-json\/wp\/v2\/media?parent=43272"}],"wp:term":[{"taxonomy":"product_brand","embeddable":true,"href":"https:\/\/lovme.pt\/index.php\/wp-json\/wp\/v2\/product_brand?post=43272"},{"taxonomy":"product_cat","embeddable":true,"href":"https:\/\/lovme.pt\/index.php\/wp-json\/wp\/v2\/product_cat?post=43272"},{"taxonomy":"product_tag","embeddable":true,"href":"https:\/\/lovme.pt\/index.php\/wp-json\/wp\/v2\/product_tag?post=43272"}],"curies":[{"name":"wp","href":"https:\/\/api.w.org\/{rel}","templated":true}]}}