{"id":43271,"date":"2025-09-30T20:44:04","date_gmt":"2025-09-30T20:44:04","guid":{"rendered":"https:\/\/lovme.pt\/?post_type=product&p=43271"},"modified":"2026-02-19T20:08:48","modified_gmt":"2026-02-19T20:08:48","slug":"intense-vibrador-julio-coelho-rosa-silicone","status":"publish","type":"product","link":"https:\/\/lovme.pt\/index.php\/produto\/intense-vibrador-julio-coelho-rosa-silicone\/","title":{"rendered":"INTENSE &#8211; VIBRADOR JULIO COELHO ROSA SILICONE"},"content":{"rendered":"<p>O silicone Intense\u2122 Julio combina dupla estimula\u00e7\u00e3o dos seus pontos quentes com massagens sensuais de corpo inteiro: Ambas as fun\u00e7\u00f5es podem ser controladas separadamente. 2 motores garantem pot\u00eancia total.<\/p>\n<p> N\u00e3o sabemos se o massageador ou vibrador de coelho existiu primeiro. Mas o que sabemos \u00e9&#8230; que Intense\u2122 Julio lhe proporcionar\u00e1 alegria infinita e experi\u00eancias org\u00e1sticas c\u00f3smicas. O vibrador tem um design atraente, curvil\u00edneo e esportivo, e dentro dele possui 2 motores potentes prontos para voc\u00ea. O vibrador coelho estimula o ponto G e o clit\u00f3ris ao mesmo tempo. A fun\u00e7\u00e3o de massagem pode ser aplicada em todo o corpo, mas \u00e9 mais eficaz em \u00e1reas sens\u00edveis. Os 2 motores control\u00e1veis de forma independente oferecem, cada um, 12 programas de vibra\u00e7\u00e3o. Um aparelho com 24 cm de comprimento, flex\u00edvel e que se adapta ao seu corpo.<\/p>\n<ul>\n<li> Com sua ventosa extra potente voc\u00ea pode aderir a qualquer superf\u00edcie. Intense\u2122 Julio com potente motor de vibra\u00e7\u00e3o.<\/li>\n<li> Compat\u00edvel para uso com chicotes<\/li>\n<\/ul>\n<ul>\n<li> 11 cm inser\u00edvel x 3,7 cm de di\u00e2metro<\/li>\n<li> 3 motores<\/li>\n<li> IPX8 \u00e0 prova d\u00e1gua<\/li>\n<li> usb recarreg\u00e1vel<\/li>\n<li> At\u00e9 30 modos de vibra\u00e7\u00e3o combin\u00e1veis<\/li>\n<li> Silicone supermacio.<\/li>\n<li> Bateria de l\u00edtio 3,7 V\/750 mAh<\/li>\n<\/ul>\n<p> Porque o Intense\u2122Julio \u00e9 feito de silicone de alta qualidade, \u00e9 particularmente flex\u00edvel durante o uso e adapta-se perfeitamente aos contornos do corpo. Gra\u00e7as ao silicone, permite que as vibra\u00e7\u00f5es sejam transmitidas \u00e0s zonas mais quentes com uma intensidade especial. Para poder desfrutar ao m\u00e1ximo, recomendamos a utiliza\u00e7\u00e3o adicional de lubrificantes, como o lubrificante Waterfeel, Aqua, Bioaqua ou Black Hole, dispon\u00edveis nas vers\u00f5es cl\u00e1ssica, sedosa e com efeito t\u00e9rmico.<\/p>\n<p> Que outras vantagens o vibrador tem?<\/p>\n<p> Com acabamento \u00e0 prova d\u00e1gua (IPX7), o Intense\u2122 Jullio vai agradar tanto no chuveiro quanto na banheira e tamb\u00e9m \u00e9 f\u00e1cil de limpar. Para uma desinfec\u00e7\u00e3o completa antes e depois de cada utiliza\u00e7\u00e3o, utilize o Spray Desinfectante Waterfeel, para que possa desfrutar do seu novo companheiro por muito tempo. Se voc\u00ea ficar sem f\u00f4lego, as baterias integradas podem ser recarregadas usando o cabo de carregamento USB inclu\u00eddo.<\/p>\n","protected":false},"excerpt":{"rendered":"<p>INTENSE &#8211; VIBRADOR JULIO COELHO ROSA SILICONE<\/p>\n","protected":false},"featured_media":72077,"template":"","meta":{"_acf_changed":false},"product_brand":[],"product_cat":[17,61,76],"product_tag":[],"class_list":{"0":"post-43271","1":"product","2":"type-product","3":"status-publish","4":"has-post-thumbnail","6":"product_cat-brinquedos-de-bem-estar-sexual","7":"product_cat-para-elas","8":"product_cat-vibradores","9":"yith_product_brand-intense","10":"yith_product_brand-intenseintense-toysintense-fun","11":"yith_product_brand-intenseintense-toys","13":"first","14":"instock","15":"taxable","16":"shipping-taxable","17":"purchasable","18":"product-type-simple"},"acf":[],"yoast_head":"<!-- This site is optimized with the Yoast SEO plugin v27.4 - https:\/\/yoast.com\/product\/yoast-seo-wordpress\/ -->\n<title>INTENSE - VIBRADOR JULIO COELHO ROSA SILICONE - Lovme<\/title>\n<meta name=\"robots\" content=\"index, follow, max-snippet:-1, max-image-preview:large, max-video-preview:-1\" \/>\n<link rel=\"canonical\" href=\"https:\/\/lovme.pt\/index.php\/produto\/intense-vibrador-julio-coelho-rosa-silicone\/\" \/>\n<meta property=\"og:locale\" content=\"pt_PT\" \/>\n<meta property=\"og:type\" content=\"article\" \/>\n<meta property=\"og:title\" content=\"INTENSE - VIBRADOR JULIO COELHO ROSA SILICONE - Lovme\" \/>\n<meta property=\"og:description\" content=\"INTENSE - VIBRADOR JULIO COELHO ROSA SILICONE\" \/>\n<meta property=\"og:url\" content=\"https:\/\/lovme.pt\/index.php\/produto\/intense-vibrador-julio-coelho-rosa-silicone\/\" \/>\n<meta property=\"og:site_name\" content=\"Lovme\" \/>\n<meta property=\"article:modified_time\" content=\"2026-02-19T20:08:48+00:00\" \/>\n<meta property=\"og:image\" content=\"https:\/\/erki24nd3ub.exactdn.com\/wp-content\/uploads\/dream\/img\/img_143182_3298011839a5acfdbdd8bfbae8529547_1.png?strip=all\" \/>\n\t<meta property=\"og:image:width\" content=\"800\" \/>\n\t<meta property=\"og:image:height\" content=\"800\" \/>\n\t<meta property=\"og:image:type\" content=\"image\/png\" \/>\n<meta name=\"twitter:card\" content=\"summary_large_image\" \/>\n<meta name=\"twitter:label1\" content=\"Tempo estimado de leitura\" \/>\n\t<meta name=\"twitter:data1\" content=\"2 minutos\" \/>\n<script type=\"application\/ld+json\" class=\"yoast-schema-graph\">{\"@context\":\"https:\\\/\\\/schema.org\",\"@graph\":[{\"@type\":\"WebPage\",\"@id\":\"https:\\\/\\\/lovme.pt\\\/index.php\\\/produto\\\/intense-vibrador-julio-coelho-rosa-silicone\\\/\",\"url\":\"https:\\\/\\\/lovme.pt\\\/index.php\\\/produto\\\/intense-vibrador-julio-coelho-rosa-silicone\\\/\",\"name\":\"INTENSE - VIBRADOR JULIO COELHO ROSA SILICONE - Lovme\",\"isPartOf\":{\"@id\":\"https:\\\/\\\/lovme.pt\\\/#website\"},\"primaryImageOfPage\":{\"@id\":\"https:\\\/\\\/lovme.pt\\\/index.php\\\/produto\\\/intense-vibrador-julio-coelho-rosa-silicone\\\/#primaryimage\"},\"image\":{\"@id\":\"https:\\\/\\\/lovme.pt\\\/index.php\\\/produto\\\/intense-vibrador-julio-coelho-rosa-silicone\\\/#primaryimage\"},\"thumbnailUrl\":\"https:\\\/\\\/erki24nd3ub.exactdn.com\\\/wp-content\\\/uploads\\\/dream\\\/img\\\/img_143182_3298011839a5acfdbdd8bfbae8529547_1.png?strip=all\",\"datePublished\":\"2025-09-30T20:44:04+00:00\",\"dateModified\":\"2026-02-19T20:08:48+00:00\",\"breadcrumb\":{\"@id\":\"https:\\\/\\\/lovme.pt\\\/index.php\\\/produto\\\/intense-vibrador-julio-coelho-rosa-silicone\\\/#breadcrumb\"},\"inLanguage\":\"pt-PT\",\"potentialAction\":[{\"@type\":\"ReadAction\",\"target\":[\"https:\\\/\\\/lovme.pt\\\/index.php\\\/produto\\\/intense-vibrador-julio-coelho-rosa-silicone\\\/\"]}]},{\"@type\":\"ImageObject\",\"inLanguage\":\"pt-PT\",\"@id\":\"https:\\\/\\\/lovme.pt\\\/index.php\\\/produto\\\/intense-vibrador-julio-coelho-rosa-silicone\\\/#primaryimage\",\"url\":\"https:\\\/\\\/erki24nd3ub.exactdn.com\\\/wp-content\\\/uploads\\\/dream\\\/img\\\/img_143182_3298011839a5acfdbdd8bfbae8529547_1.png?strip=all\",\"contentUrl\":\"https:\\\/\\\/erki24nd3ub.exactdn.com\\\/wp-content\\\/uploads\\\/dream\\\/img\\\/img_143182_3298011839a5acfdbdd8bfbae8529547_1.png?strip=all\",\"width\":800,\"height\":800},{\"@type\":\"BreadcrumbList\",\"@id\":\"https:\\\/\\\/lovme.pt\\\/index.php\\\/produto\\\/intense-vibrador-julio-coelho-rosa-silicone\\\/#breadcrumb\",\"itemListElement\":[{\"@type\":\"ListItem\",\"position\":1,\"name\":\"In\u00edcio\",\"item\":\"https:\\\/\\\/lovme.pt\\\/\"},{\"@type\":\"ListItem\",\"position\":2,\"name\":\"Loja\",\"item\":\"https:\\\/\\\/lovme.pt\\\/index.php\\\/loja\\\/\"},{\"@type\":\"ListItem\",\"position\":3,\"name\":\"INTENSE &#8211; VIBRADOR JULIO COELHO ROSA SILICONE\"}]},{\"@type\":\"WebSite\",\"@id\":\"https:\\\/\\\/lovme.pt\\\/#website\",\"url\":\"https:\\\/\\\/lovme.pt\\\/\",\"name\":\"Lovme Loja Er\u00f3tica N\u00ba1 em Portugal\",\"description\":\"A melhor loja er\u00f3tica de Portugal.\",\"alternateName\":\"Loja Er\u00f3tica Lovme\",\"potentialAction\":[{\"@type\":\"SearchAction\",\"target\":{\"@type\":\"EntryPoint\",\"urlTemplate\":\"https:\\\/\\\/lovme.pt\\\/?s={search_term_string}\"},\"query-input\":{\"@type\":\"PropertyValueSpecification\",\"valueRequired\":true,\"valueName\":\"search_term_string\"}}],\"inLanguage\":\"pt-PT\"}]}<\/script>\n<!-- \/ Yoast SEO plugin. -->","yoast_head_json":{"title":"INTENSE - VIBRADOR JULIO COELHO ROSA SILICONE - Lovme","robots":{"index":"index","follow":"follow","max-snippet":"max-snippet:-1","max-image-preview":"max-image-preview:large","max-video-preview":"max-video-preview:-1"},"canonical":"https:\/\/lovme.pt\/index.php\/produto\/intense-vibrador-julio-coelho-rosa-silicone\/","og_locale":"pt_PT","og_type":"article","og_title":"INTENSE - VIBRADOR JULIO COELHO ROSA SILICONE - Lovme","og_description":"INTENSE - VIBRADOR JULIO COELHO ROSA SILICONE","og_url":"https:\/\/lovme.pt\/index.php\/produto\/intense-vibrador-julio-coelho-rosa-silicone\/","og_site_name":"Lovme","article_modified_time":"2026-02-19T20:08:48+00:00","og_image":[{"width":800,"height":800,"url":"https:\/\/erki24nd3ub.exactdn.com\/wp-content\/uploads\/dream\/img\/img_143182_3298011839a5acfdbdd8bfbae8529547_1.png?strip=all","type":"image\/png"}],"twitter_card":"summary_large_image","twitter_misc":{"Tempo estimado de leitura":"2 minutos"},"schema":{"@context":"https:\/\/schema.org","@graph":[{"@type":"WebPage","@id":"https:\/\/lovme.pt\/index.php\/produto\/intense-vibrador-julio-coelho-rosa-silicone\/","url":"https:\/\/lovme.pt\/index.php\/produto\/intense-vibrador-julio-coelho-rosa-silicone\/","name":"INTENSE - VIBRADOR JULIO COELHO ROSA SILICONE - Lovme","isPartOf":{"@id":"https:\/\/lovme.pt\/#website"},"primaryImageOfPage":{"@id":"https:\/\/lovme.pt\/index.php\/produto\/intense-vibrador-julio-coelho-rosa-silicone\/#primaryimage"},"image":{"@id":"https:\/\/lovme.pt\/index.php\/produto\/intense-vibrador-julio-coelho-rosa-silicone\/#primaryimage"},"thumbnailUrl":"https:\/\/erki24nd3ub.exactdn.com\/wp-content\/uploads\/dream\/img\/img_143182_3298011839a5acfdbdd8bfbae8529547_1.png?strip=all","datePublished":"2025-09-30T20:44:04+00:00","dateModified":"2026-02-19T20:08:48+00:00","breadcrumb":{"@id":"https:\/\/lovme.pt\/index.php\/produto\/intense-vibrador-julio-coelho-rosa-silicone\/#breadcrumb"},"inLanguage":"pt-PT","potentialAction":[{"@type":"ReadAction","target":["https:\/\/lovme.pt\/index.php\/produto\/intense-vibrador-julio-coelho-rosa-silicone\/"]}]},{"@type":"ImageObject","inLanguage":"pt-PT","@id":"https:\/\/lovme.pt\/index.php\/produto\/intense-vibrador-julio-coelho-rosa-silicone\/#primaryimage","url":"https:\/\/erki24nd3ub.exactdn.com\/wp-content\/uploads\/dream\/img\/img_143182_3298011839a5acfdbdd8bfbae8529547_1.png?strip=all","contentUrl":"https:\/\/erki24nd3ub.exactdn.com\/wp-content\/uploads\/dream\/img\/img_143182_3298011839a5acfdbdd8bfbae8529547_1.png?strip=all","width":800,"height":800},{"@type":"BreadcrumbList","@id":"https:\/\/lovme.pt\/index.php\/produto\/intense-vibrador-julio-coelho-rosa-silicone\/#breadcrumb","itemListElement":[{"@type":"ListItem","position":1,"name":"In\u00edcio","item":"https:\/\/lovme.pt\/"},{"@type":"ListItem","position":2,"name":"Loja","item":"https:\/\/lovme.pt\/index.php\/loja\/"},{"@type":"ListItem","position":3,"name":"INTENSE &#8211; VIBRADOR JULIO COELHO ROSA SILICONE"}]},{"@type":"WebSite","@id":"https:\/\/lovme.pt\/#website","url":"https:\/\/lovme.pt\/","name":"Lovme Loja Er\u00f3tica N\u00ba1 em Portugal","description":"A melhor loja er\u00f3tica de Portugal.","alternateName":"Loja Er\u00f3tica Lovme","potentialAction":[{"@type":"SearchAction","target":{"@type":"EntryPoint","urlTemplate":"https:\/\/lovme.pt\/?s={search_term_string}"},"query-input":{"@type":"PropertyValueSpecification","valueRequired":true,"valueName":"search_term_string"}}],"inLanguage":"pt-PT"}]}},"_links":{"self":[{"href":"https:\/\/lovme.pt\/index.php\/wp-json\/wp\/v2\/product\/43271","targetHints":{"allow":["GET"]}}],"collection":[{"href":"https:\/\/lovme.pt\/index.php\/wp-json\/wp\/v2\/product"}],"about":[{"href":"https:\/\/lovme.pt\/index.php\/wp-json\/wp\/v2\/types\/product"}],"wp:featuredmedia":[{"embeddable":true,"href":"https:\/\/lovme.pt\/index.php\/wp-json\/wp\/v2\/media\/72077"}],"wp:attachment":[{"href":"https:\/\/lovme.pt\/index.php\/wp-json\/wp\/v2\/media?parent=43271"}],"wp:term":[{"taxonomy":"product_brand","embeddable":true,"href":"https:\/\/lovme.pt\/index.php\/wp-json\/wp\/v2\/product_brand?post=43271"},{"taxonomy":"product_cat","embeddable":true,"href":"https:\/\/lovme.pt\/index.php\/wp-json\/wp\/v2\/product_cat?post=43271"},{"taxonomy":"product_tag","embeddable":true,"href":"https:\/\/lovme.pt\/index.php\/wp-json\/wp\/v2\/product_tag?post=43271"}],"curies":[{"name":"wp","href":"https:\/\/api.w.org\/{rel}","templated":true}]}}